{"id":149432,"date":"2022-02-11T08:49:15","date_gmt":"2024-01-29T19:40:42","guid":{"rendered":"https:\/\/www.versiegelung24.com\/product\/mikropluosto-sluoste-40x40-cm-skirta-pirminiam-valymui-arba-poliravimui-geltonos-spalvos\/"},"modified":"2025-01-05T15:32:37","modified_gmt":"2025-01-05T14:32:37","slug":"mikropluosto-sluoste-40x40cm-isankstiniam-valymui-arba-poliravimui-geltona","status":"publish","type":"product","link":"https:\/\/www.versiegelung24.com\/lt\/product\/mikropluosto-sluoste-40x40cm-isankstiniam-valymui-arba-poliravimui-geltona\/","title":{"rendered":"Mikropluo\u0161to \u0161luost\u0117 40&#215;40 cm, skirta pirminiam valymui arba poliravimui, geltonos spalvos"},"content":{"rendered":"\n<p>Mikropluo\u0161to \u0161luost\u0117 pirminiam valymui arba galutiniam poliravimui.<\/p>\n\n<p>D\u0117l didelio sugeriamumo taip pat rekomenduojame <a href=\"https:\/\/www.versiegelung24.com\/applikationstuch-20x20cm.html\">naudoti mikropluo\u0161to \u0161luost\u0119 skystiems stiklo sandarikliams tepti<\/a>.<\/p>\n\n<p>Rekomenduojame naudoti atskir\u0105 mikropluo\u0161to \u0161luost\u0119 kiekvienam m\u016bs\u0173 pavir\u0161iaus sandarikli\u0173 ir impregnant\u0173 naudojimo etapui.<\/p>\n\n<p>Jei po valymo ant \u0161luost\u0117s lieka ne\u0161varum\u0173, pavir\u0161ius dar n\u0117ra visi\u0161kai ir optimaliai i\u0161valytas. Geras sandarinimo efektas pasiekiamas tik tada, kai ant pavir\u0161iaus nebelieka ne\u0161varum\u0173.<\/p>\n\n<hr\/>\n\n<h4 class=\"wp-block-heading\" id=\"properties\">Produkto savyb\u0117s<\/h4>\n\n<div class=\"wp-block-columns is-layout-flex wp-container-core-columns-is-layout-9d6595d7 wp-block-columns-is-layout-flex\">\n<div class=\"wp-block-column is-layout-flow wp-block-column-is-layout-flow\">\n<p><br\/>Sud\u0117tis: 80% poliesteris, 20% poliamidas Dydis: 40x40cm<\/p>\n<\/div>\n\n\n\n<div class=\"wp-block-column is-layout-flow wp-block-column-is-layout-flow\">\n<p>Auk\u0161tos kokyb\u0117s, sausos med\u017eiagos svoris 280 g\/kv. m.<\/p>\n<\/div>\n<\/div>\n\n<hr\/>\n\n<h4 class=\"wp-block-heading\" id=\"application\">Parai\u0161ka<\/h4>\n\n<p>Gali b\u016bti universaliai naudojamas tiek patalpose, tiek lauke. Idealus dydis stiklui, keramikai, laivams, automobiliams ir nameliams ant rat\u0173 valyti.<\/p>\n\n<p>Nepu\u010diantis, nesibrai\u017eantis ir greitai d\u017ei\u016bstantis valymas. Ne\u0161varumai ir dulki\u0173 dalel\u0117s sugeriami beveik be liku\u010di\u0173.<\/p>\n\n<p>Med\u017eiaga yra daugkartinio naudojimo, tod\u0117l labai draugi\u0161ka aplinkai. Lengva skalbti skalbimo ma\u0161inoje be skalbiklio.<\/p>\n","protected":false},"excerpt":{"rendered":"<p><strong>Mikropluo\u0161to \u0161luost\u0117 pirminiam valymui arba galutiniam poliravimui:<\/strong><\/p>\n<p>\u2713 Daugkartinio naudojimo<\/p>\n<p>\u2713 Draugi\u0161kas aplinkai<\/p>\n<p>\u2713 Labai gerai sugeria<\/p>\n<p>\u2713 Greitai d\u017ei\u016bstantis<\/p>\n<p>\u2713 Be p\u016bkeli\u0173<\/p>\n<p>\u2713 Be \u012fbr\u0117\u017eim\u0173<\/p>\n<p>\u2713 80 % poliesteris \/ 20 % poliamidas<\/p>\n<p>\u2713 Sausas svoris 280 g\/kv. m<\/p>\n","protected":false},"featured_media":64791,"template":"","meta":{"_acf_changed":false,"neve_meta_sidebar":"","neve_meta_container":"","neve_meta_enable_content_width":"","neve_meta_content_width":0,"neve_meta_title_alignment":"","neve_meta_author_avatar":"","neve_post_elements_order":"","neve_meta_disable_header":"","neve_meta_disable_footer":"","neve_meta_disable_title":"","neve_meta_reading_time":"","_surfaces":[],"_ver_product_tabs":[],"footnotes":""},"product_brand":[],"product_cat":[2246,2247,2480,2518,2615,2743,2186,3080,2217,2245],"product_tag":[],"class_list":{"0":"post-149432","1":"product","2":"type-product","3":"status-publish","4":"has-post-thumbnail","6":"product_cat-pavirsiaus-dezinfekavimo-priemones","7":"product_cat-dezinfekciniai-koncentratai","8":"product_cat-universalus-sandariklis","9":"product_cat-metalinis-ir-plastikinis-sandarinimas","10":"product_cat-valymo-priemones","11":"product_cat-ranku-dezinfekcines-priemones","12":"product_cat-automobilio-sandarinimas","13":"product_cat-iranga","14":"product_cat-sandarinimas-stiklui-ir-keramikai","15":"product_cat-dezinfekavimo-priemones","16":"pa_farbe-melyna","17":"pa_farbe-balta","19":"first","20":"instock","21":"taxable","22":"shipping-taxable","23":"purchasable","24":"product-type-simple"},"acf":[],"yoast_head":"<!-- This site is optimized with the Yoast SEO Premium plugin v22.8 (Yoast SEO v27.5) - https:\/\/yoast.com\/product\/yoast-seo-premium-wordpress\/ -->\n<title>Mikropluo\u0161to \u0161luost\u0117 40x40 cm, skirta pirminiam valymui arba poliravimui, geltonos spalvos - versiegelung24.com<\/title>\n<meta name=\"description\" content=\"Mikropluo\u0161to \u0161luost\u0117 &quot; Ypa\u010d gerai sugerianti &quot; Greitai d\u017ei\u016bstanti &quot; Be p\u016bkeli\u0173 &quot; Nesibrai\u017eanti &quot; 80 % poliesteris \/ 20 % poliamidas &quot; Sauso audinio svoris 280 g\/kv. m\" \/>\n<meta name=\"robots\" content=\"index, follow, max-snippet:-1, max-image-preview:large, max-video-preview:-1\" \/>\n<link rel=\"canonical\" href=\"https:\/\/www.versiegelung24.com\/lt\/product\/mikropluosto-sluoste-40x40cm-isankstiniam-valymui-arba-poliravimui-geltona\/\" \/>\n<meta property=\"og:locale\" content=\"lt_LT\" \/>\n<meta property=\"og:type\" content=\"article\" \/>\n<meta property=\"og:title\" content=\"Mikropluo\u0161to \u0161luost\u0117 40x40 cm, skirta pirminiam valymui arba poliravimui, geltonos spalvos\" \/>\n<meta property=\"og:description\" content=\"Mikropluo\u0161to \u0161luost\u0117 &quot; Ypa\u010d gerai sugerianti &quot; Greitai d\u017ei\u016bstanti &quot; Be p\u016bkeli\u0173 &quot; Nesibrai\u017eanti &quot; 80 % poliesteris \/ 20 % poliamidas &quot; Sauso audinio svoris 280 g\/kv. m\" \/>\n<meta property=\"og:url\" content=\"https:\/\/www.versiegelung24.com\/lt\/product\/mikropluosto-sluoste-40x40cm-isankstiniam-valymui-arba-poliravimui-geltona\/\" \/>\n<meta property=\"og:site_name\" content=\"versiegelung24.com\" \/>\n<meta property=\"article:modified_time\" content=\"2025-01-05T14:32:37+00:00\" \/>\n<meta property=\"og:image\" content=\"https:\/\/www.versiegelung24.com\/wp-content\/uploads\/2022\/02\/V24-9004-1-Mikrofaser-gelb-40x40cm-Custom.jpg\" \/>\n\t<meta property=\"og:image:width\" content=\"1024\" \/>\n\t<meta property=\"og:image:height\" content=\"1024\" \/>\n\t<meta property=\"og:image:type\" content=\"image\/jpeg\" \/>\n<meta name=\"twitter:card\" content=\"summary_large_image\" \/>\n<meta name=\"twitter:label1\" content=\"Price\" \/>\n\t<meta name=\"twitter:data1\" content=\"1,25&euro;\" \/>\n\t<meta name=\"twitter:label2\" content=\"Availability\" \/>\n\t<meta name=\"twitter:data2\" content=\"In stock\" \/>\n<script type=\"application\/ld+json\" class=\"yoast-schema-graph\">{\"@context\":\"https:\\\/\\\/schema.org\",\"@graph\":[{\"@type\":\"WebPage\",\"@id\":\"https:\\\/\\\/www.versiegelung24.com\\\/lt\\\/product\\\/mikropluosto-sluoste-40x40cm-isankstiniam-valymui-arba-poliravimui-geltona\\\/\",\"url\":\"https:\\\/\\\/www.versiegelung24.com\\\/lt\\\/product\\\/mikropluosto-sluoste-40x40cm-isankstiniam-valymui-arba-poliravimui-geltona\\\/\",\"name\":\"Mikropluo\u0161to \u0161luost\u0117 40x40 cm, skirta pirminiam valymui arba poliravimui, geltonos spalvos - versiegelung24.com\",\"isPartOf\":{\"@id\":\"https:\\\/\\\/www.versiegelung24.com\\\/lt\\\/#website\"},\"primaryImageOfPage\":{\"@id\":\"https:\\\/\\\/www.versiegelung24.com\\\/lt\\\/product\\\/mikropluosto-sluoste-40x40cm-isankstiniam-valymui-arba-poliravimui-geltona\\\/#primaryimage\"},\"image\":{\"@id\":\"https:\\\/\\\/www.versiegelung24.com\\\/lt\\\/product\\\/mikropluosto-sluoste-40x40cm-isankstiniam-valymui-arba-poliravimui-geltona\\\/#primaryimage\"},\"thumbnailUrl\":\"https:\\\/\\\/www.versiegelung24.com\\\/wp-content\\\/uploads\\\/2022\\\/02\\\/V24-9004-1-Mikrofaser-gelb-40x40cm-Custom.jpg\",\"datePublished\":\"2024-01-29T19:40:42+00:00\",\"dateModified\":\"2025-01-05T14:32:37+00:00\",\"description\":\"Mikropluo\u0161to \u0161luost\u0117 \\\" Ypa\u010d gerai sugerianti \\\" Greitai d\u017ei\u016bstanti \\\" Be p\u016bkeli\u0173 \\\" Nesibrai\u017eanti \\\" 80 % poliesteris \\\/ 20 % poliamidas \\\" Sauso audinio svoris 280 g\\\/kv. m\",\"breadcrumb\":{\"@id\":\"https:\\\/\\\/www.versiegelung24.com\\\/lt\\\/product\\\/mikropluosto-sluoste-40x40cm-isankstiniam-valymui-arba-poliravimui-geltona\\\/#breadcrumb\"},\"inLanguage\":\"lt-LT\",\"potentialAction\":[{\"@type\":\"ReadAction\",\"target\":[\"https:\\\/\\\/www.versiegelung24.com\\\/lt\\\/product\\\/mikropluosto-sluoste-40x40cm-isankstiniam-valymui-arba-poliravimui-geltona\\\/\"]}]},{\"@type\":\"ImageObject\",\"inLanguage\":\"lt-LT\",\"@id\":\"https:\\\/\\\/www.versiegelung24.com\\\/lt\\\/product\\\/mikropluosto-sluoste-40x40cm-isankstiniam-valymui-arba-poliravimui-geltona\\\/#primaryimage\",\"url\":\"https:\\\/\\\/www.versiegelung24.com\\\/wp-content\\\/uploads\\\/2022\\\/02\\\/V24-9004-1-Mikrofaser-gelb-40x40cm-Custom.jpg\",\"contentUrl\":\"https:\\\/\\\/www.versiegelung24.com\\\/wp-content\\\/uploads\\\/2022\\\/02\\\/V24-9004-1-Mikrofaser-gelb-40x40cm-Custom.jpg\",\"width\":1024,\"height\":1024},{\"@type\":\"BreadcrumbList\",\"@id\":\"https:\\\/\\\/www.versiegelung24.com\\\/lt\\\/product\\\/mikropluosto-sluoste-40x40cm-isankstiniam-valymui-arba-poliravimui-geltona\\\/#breadcrumb\",\"itemListElement\":[{\"@type\":\"ListItem\",\"position\":1,\"name\":\"Prad\u017eia\",\"item\":\"https:\\\/\\\/www.versiegelung24.com\\\/lt\\\/priekinis\\\/\"},{\"@type\":\"ListItem\",\"position\":2,\"name\":\"Parduotuv\u0117\",\"item\":\"https:\\\/\\\/www.versiegelung24.com\\\/lt\\\/parduotuve-2\\\/\"},{\"@type\":\"ListItem\",\"position\":3,\"name\":\"Mikropluo\u0161to \u0161luost\u0117 40&#215;40 cm, skirta pirminiam valymui arba poliravimui, geltonos spalvos\"}]},{\"@type\":\"WebSite\",\"@id\":\"https:\\\/\\\/www.versiegelung24.com\\\/lt\\\/#website\",\"url\":\"https:\\\/\\\/www.versiegelung24.com\\\/lt\\\/\",\"name\":\"versiegelung24.com\",\"description\":\"Fl\u00fcssigglas-Versiegelung - Made in Germany\",\"publisher\":{\"@id\":\"https:\\\/\\\/www.versiegelung24.com\\\/lt\\\/#organization\"},\"potentialAction\":[{\"@type\":\"SearchAction\",\"target\":{\"@type\":\"EntryPoint\",\"urlTemplate\":\"https:\\\/\\\/www.versiegelung24.com\\\/lt\\\/?s={search_term_string}\"},\"query-input\":{\"@type\":\"PropertyValueSpecification\",\"valueRequired\":true,\"valueName\":\"search_term_string\"}}],\"inLanguage\":\"lt-LT\"},{\"@type\":\"Organization\",\"@id\":\"https:\\\/\\\/www.versiegelung24.com\\\/lt\\\/#organization\",\"name\":\"versiegelung24\",\"url\":\"https:\\\/\\\/www.versiegelung24.com\\\/lt\\\/\",\"logo\":{\"@type\":\"ImageObject\",\"inLanguage\":\"lt-LT\",\"@id\":\"https:\\\/\\\/www.versiegelung24.com\\\/lt\\\/#\\\/schema\\\/logo\\\/image\\\/\",\"url\":\"https:\\\/\\\/www.versiegelung24.com\\\/wp-content\\\/uploads\\\/2020\\\/04\\\/versiegelung24.png\",\"contentUrl\":\"https:\\\/\\\/www.versiegelung24.com\\\/wp-content\\\/uploads\\\/2020\\\/04\\\/versiegelung24.png\",\"width\":470,\"height\":102,\"caption\":\"versiegelung24\"},\"image\":{\"@id\":\"https:\\\/\\\/www.versiegelung24.com\\\/lt\\\/#\\\/schema\\\/logo\\\/image\\\/\"}}]}<\/script>\n<meta property=\"product:price:amount\" content=\"1.25\" \/>\n<meta property=\"product:price:currency\" content=\"EUR\" \/>\n<meta property=\"og:availability\" content=\"instock\" \/>\n<meta property=\"product:availability\" content=\"instock\" \/>\n<meta property=\"product:retailer_item_id\" content=\"V24-9004\" \/>\n<meta property=\"product:condition\" content=\"new\" \/>\n<!-- \/ Yoast SEO Premium plugin. -->","yoast_head_json":{"title":"Mikropluo\u0161to \u0161luost\u0117 40x40 cm, skirta pirminiam valymui arba poliravimui, geltonos spalvos - versiegelung24.com","description":"Mikropluo\u0161to \u0161luost\u0117 \" Ypa\u010d gerai sugerianti \" Greitai d\u017ei\u016bstanti \" Be p\u016bkeli\u0173 \" Nesibrai\u017eanti \" 80 % poliesteris \/ 20 % poliamidas \" Sauso audinio svoris 280 g\/kv. m","robots":{"index":"index","follow":"follow","max-snippet":"max-snippet:-1","max-image-preview":"max-image-preview:large","max-video-preview":"max-video-preview:-1"},"canonical":"https:\/\/www.versiegelung24.com\/lt\/product\/mikropluosto-sluoste-40x40cm-isankstiniam-valymui-arba-poliravimui-geltona\/","og_locale":"lt_LT","og_type":"article","og_title":"Mikropluo\u0161to \u0161luost\u0117 40x40 cm, skirta pirminiam valymui arba poliravimui, geltonos spalvos","og_description":"Mikropluo\u0161to \u0161luost\u0117 \" Ypa\u010d gerai sugerianti \" Greitai d\u017ei\u016bstanti \" Be p\u016bkeli\u0173 \" Nesibrai\u017eanti \" 80 % poliesteris \/ 20 % poliamidas \" Sauso audinio svoris 280 g\/kv. m","og_url":"https:\/\/www.versiegelung24.com\/lt\/product\/mikropluosto-sluoste-40x40cm-isankstiniam-valymui-arba-poliravimui-geltona\/","og_site_name":"versiegelung24.com","article_modified_time":"2025-01-05T14:32:37+00:00","og_image":[{"width":1024,"height":1024,"url":"https:\/\/www.versiegelung24.com\/wp-content\/uploads\/2022\/02\/V24-9004-1-Mikrofaser-gelb-40x40cm-Custom.jpg","type":"image\/jpeg"}],"twitter_card":"summary_large_image","twitter_misc":{"Price":"1,25&euro;","Availability":"In stock"},"schema":{"@context":"https:\/\/schema.org","@graph":[{"@type":"WebPage","@id":"https:\/\/www.versiegelung24.com\/lt\/product\/mikropluosto-sluoste-40x40cm-isankstiniam-valymui-arba-poliravimui-geltona\/","url":"https:\/\/www.versiegelung24.com\/lt\/product\/mikropluosto-sluoste-40x40cm-isankstiniam-valymui-arba-poliravimui-geltona\/","name":"Mikropluo\u0161to \u0161luost\u0117 40x40 cm, skirta pirminiam valymui arba poliravimui, geltonos spalvos - versiegelung24.com","isPartOf":{"@id":"https:\/\/www.versiegelung24.com\/lt\/#website"},"primaryImageOfPage":{"@id":"https:\/\/www.versiegelung24.com\/lt\/product\/mikropluosto-sluoste-40x40cm-isankstiniam-valymui-arba-poliravimui-geltona\/#primaryimage"},"image":{"@id":"https:\/\/www.versiegelung24.com\/lt\/product\/mikropluosto-sluoste-40x40cm-isankstiniam-valymui-arba-poliravimui-geltona\/#primaryimage"},"thumbnailUrl":"https:\/\/www.versiegelung24.com\/wp-content\/uploads\/2022\/02\/V24-9004-1-Mikrofaser-gelb-40x40cm-Custom.jpg","datePublished":"2024-01-29T19:40:42+00:00","dateModified":"2025-01-05T14:32:37+00:00","description":"Mikropluo\u0161to \u0161luost\u0117 \" Ypa\u010d gerai sugerianti \" Greitai d\u017ei\u016bstanti \" Be p\u016bkeli\u0173 \" Nesibrai\u017eanti \" 80 % poliesteris \/ 20 % poliamidas \" Sauso audinio svoris 280 g\/kv. m","breadcrumb":{"@id":"https:\/\/www.versiegelung24.com\/lt\/product\/mikropluosto-sluoste-40x40cm-isankstiniam-valymui-arba-poliravimui-geltona\/#breadcrumb"},"inLanguage":"lt-LT","potentialAction":[{"@type":"ReadAction","target":["https:\/\/www.versiegelung24.com\/lt\/product\/mikropluosto-sluoste-40x40cm-isankstiniam-valymui-arba-poliravimui-geltona\/"]}]},{"@type":"ImageObject","inLanguage":"lt-LT","@id":"https:\/\/www.versiegelung24.com\/lt\/product\/mikropluosto-sluoste-40x40cm-isankstiniam-valymui-arba-poliravimui-geltona\/#primaryimage","url":"https:\/\/www.versiegelung24.com\/wp-content\/uploads\/2022\/02\/V24-9004-1-Mikrofaser-gelb-40x40cm-Custom.jpg","contentUrl":"https:\/\/www.versiegelung24.com\/wp-content\/uploads\/2022\/02\/V24-9004-1-Mikrofaser-gelb-40x40cm-Custom.jpg","width":1024,"height":1024},{"@type":"BreadcrumbList","@id":"https:\/\/www.versiegelung24.com\/lt\/product\/mikropluosto-sluoste-40x40cm-isankstiniam-valymui-arba-poliravimui-geltona\/#breadcrumb","itemListElement":[{"@type":"ListItem","position":1,"name":"Prad\u017eia","item":"https:\/\/www.versiegelung24.com\/lt\/priekinis\/"},{"@type":"ListItem","position":2,"name":"Parduotuv\u0117","item":"https:\/\/www.versiegelung24.com\/lt\/parduotuve-2\/"},{"@type":"ListItem","position":3,"name":"Mikropluo\u0161to \u0161luost\u0117 40&#215;40 cm, skirta pirminiam valymui arba poliravimui, geltonos spalvos"}]},{"@type":"WebSite","@id":"https:\/\/www.versiegelung24.com\/lt\/#website","url":"https:\/\/www.versiegelung24.com\/lt\/","name":"versiegelung24.com","description":"Fl\u00fcssigglas-Versiegelung - Made in Germany","publisher":{"@id":"https:\/\/www.versiegelung24.com\/lt\/#organization"},"potentialAction":[{"@type":"SearchAction","target":{"@type":"EntryPoint","urlTemplate":"https:\/\/www.versiegelung24.com\/lt\/?s={search_term_string}"},"query-input":{"@type":"PropertyValueSpecification","valueRequired":true,"valueName":"search_term_string"}}],"inLanguage":"lt-LT"},{"@type":"Organization","@id":"https:\/\/www.versiegelung24.com\/lt\/#organization","name":"versiegelung24","url":"https:\/\/www.versiegelung24.com\/lt\/","logo":{"@type":"ImageObject","inLanguage":"lt-LT","@id":"https:\/\/www.versiegelung24.com\/lt\/#\/schema\/logo\/image\/","url":"https:\/\/www.versiegelung24.com\/wp-content\/uploads\/2020\/04\/versiegelung24.png","contentUrl":"https:\/\/www.versiegelung24.com\/wp-content\/uploads\/2020\/04\/versiegelung24.png","width":470,"height":102,"caption":"versiegelung24"},"image":{"@id":"https:\/\/www.versiegelung24.com\/lt\/#\/schema\/logo\/image\/"}}]},"product_price_amount":"1.25","product_price_currency":"EUR","og_availability":"instock","product_availability":"instock","product_retailer_item_id":"V24-9004","product_condition":"new"},"_links":{"self":[{"href":"https:\/\/www.versiegelung24.com\/lt\/wp-json\/wp\/v2\/product\/149432","targetHints":{"allow":["GET"]}}],"collection":[{"href":"https:\/\/www.versiegelung24.com\/lt\/wp-json\/wp\/v2\/product"}],"about":[{"href":"https:\/\/www.versiegelung24.com\/lt\/wp-json\/wp\/v2\/types\/product"}],"version-history":[{"count":2,"href":"https:\/\/www.versiegelung24.com\/lt\/wp-json\/wp\/v2\/product\/149432\/revisions"}],"predecessor-version":[{"id":178225,"href":"https:\/\/www.versiegelung24.com\/lt\/wp-json\/wp\/v2\/product\/149432\/revisions\/178225"}],"wp:featuredmedia":[{"embeddable":true,"href":"https:\/\/www.versiegelung24.com\/lt\/wp-json\/wp\/v2\/media\/64791"}],"wp:attachment":[{"href":"https:\/\/www.versiegelung24.com\/lt\/wp-json\/wp\/v2\/media?parent=149432"}],"wp:term":[{"taxonomy":"product_brand","embeddable":true,"href":"https:\/\/www.versiegelung24.com\/lt\/wp-json\/wp\/v2\/product_brand?post=149432"},{"taxonomy":"product_cat","embeddable":true,"href":"https:\/\/www.versiegelung24.com\/lt\/wp-json\/wp\/v2\/product_cat?post=149432"},{"taxonomy":"product_tag","embeddable":true,"href":"https:\/\/www.versiegelung24.com\/lt\/wp-json\/wp\/v2\/product_tag?post=149432"}],"curies":[{"name":"wp","href":"https:\/\/api.w.org\/{rel}","templated":true}]}}