{"id":160933,"date":"2024-05-06T17:28:31","date_gmt":"2024-05-06T15:28:33","guid":{"rendered":"https:\/\/www.versiegelung24.com\/?post_type=product&#038;p=160933"},"modified":"2025-01-13T17:08:35","modified_gmt":"2025-01-13T16:08:35","slug":"arbeitshandschuhe-nylon-schwarz-groesse-9","status":"publish","type":"product","link":"https:\/\/www.versiegelung24.com\/lt\/geltonos-nitrilo-darbo-pirstines-su-megztais-rankogaliais-kopie-2.html","title":{"rendered":"Darbo pir\u0161tin\u0117s nailonin\u0117s juodos 9 dyd\u017eio"},"content":{"rendered":"\n<h4 class=\"wp-block-heading\" id=\"h-beschreibung\">Apra\u0161ymas<\/h4>\n\n<p>Universalios nailonin\u0117s pir\u0161tin\u0117s, ypa\u010d atsparios slydimui ir dilimui. Nailonin\u0117s pir\u0161tin\u0117s yra vientisai megztos be dirginan\u010di\u0173 si\u016bli\u0173, tod\u0117l nedirgina odos. Puikiai priglud\u0119 prie k\u016bno, jie u\u017etikrina ypa\u010d didel\u012f komfort\u0105. Pir\u0161tines galima skalbti ir naudoti pakartotinai, jos ypa\u010d tinka automobili\u0173 pramonei, sodininkystei, &#8220;pasidaryk pats&#8221; darbams ir kt.<\/p>\n\n<hr \/>\n\n<h4 class=\"wp-block-heading\" id=\"properties\">Produkto savyb\u0117s<\/h4>\n\n<div class=\"wp-block-columns is-layout-flex wp-container-core-columns-is-layout-9d6595d7 wp-block-columns-is-layout-flex\">\n<div class=\"wp-block-column is-layout-flow wp-block-column-is-layout-flow\">\n<p>\u2713 Auk\u0161\u010diausios klas\u0117s plona poliuretano danga ant delno ir pir\u0161t\u0173<\/p>\n\n\n\n<p>\u2713 Si\u016blinis trikota\u017eas be dirginan\u010di\u0173 si\u016bli\u0173, kad nedirgint\u0173 odos<\/p>\n\n\n\n<p>\u2713 Itin patogus d\u0117l tobulo prigludimo<\/p>\n\n\n\n<p>\u2713 Pagaminta pagal EN 388<\/p>\n\n\n\n<p>\u2713 Idealiai tinka beveik visiems surinkimo darbams tiksliojoje mechanikoje ir visur, kur reikia tikslumo.<\/p>\n\n\n\n<p>\u2713 D\u0117l pir\u0161tini\u0173 m\u016bv\u0117jimo nepavargsta rankos<\/p>\n\n\n\n<p>\u2713 Rankos nugar\u0117l\u0117 nepadengta ir labai pralaidi orui<\/p>\n\n\n\n<p>\u2713 Skalbiamas<\/p>\n\n\n\n<p>\u2713 Dydis: 9<\/p>\n<\/div>\n<\/div>\n","protected":false},"excerpt":{"rendered":"<div class=\"product_text_extra\">\n<p>\u2713 Ypa\u010d atsparus slydimui ir dilimui<\/p>\n<p>\u2713 Nugar\u0117l\u0117 nepadengta ir labai pralaidi orui<\/p>\n<p>\u2713 Itin patogus d\u0117l tobulo prigludimo<\/p>\n<p>\u2713 Skalbiamas ir daugkartinio naudojimo<\/p>\n<p>\u2713 Pagaminta pagal EN388<\/p>\n<\/div>\n","protected":false},"featured_media":161005,"template":"","meta":{"_acf_changed":false,"neve_meta_sidebar":"","neve_meta_container":"","neve_meta_enable_content_width":"","neve_meta_content_width":0,"neve_meta_title_alignment":"","neve_meta_author_avatar":"","neve_post_elements_order":"","neve_meta_disable_header":"","neve_meta_disable_footer":"","neve_meta_disable_title":"","neve_meta_reading_time":"","_surfaces":[],"_ver_product_tabs":[],"footnotes":""},"product_brand":[],"product_cat":[3080],"product_tag":[],"class_list":{"0":"post-160933","1":"product","2":"type-product","3":"status-publish","4":"has-post-thumbnail","6":"product_cat-iranga","8":"first","9":"instock","10":"taxable","11":"shipping-taxable","12":"purchasable","13":"product-type-simple"},"acf":[],"yoast_head":"<!-- This site is optimized with the Yoast SEO Premium plugin v22.8 (Yoast SEO v27.5) - https:\/\/yoast.com\/product\/yoast-seo-premium-wordpress\/ -->\n<title>Darbo pir\u0161tin\u0117s nailonin\u0117s juodos 9 dyd\u017eio - versiegelung24.com<\/title>\n<meta name=\"robots\" content=\"index, follow, max-snippet:-1, max-image-preview:large, max-video-preview:-1\" \/>\n<link rel=\"canonical\" href=\"https:\/\/www.versiegelung24.com\/lt\/geltonos-nitrilo-darbo-pirstines-su-megztais-rankogaliais-kopie-2.html\" \/>\n<meta property=\"og:locale\" content=\"lt_LT\" \/>\n<meta property=\"og:type\" content=\"article\" \/>\n<meta property=\"og:title\" content=\"Darbo pir\u0161tin\u0117s nailonin\u0117s juodos 9 dyd\u017eio\" \/>\n<meta property=\"og:description\" content=\"\u2713 Ypa\u010d atsparus slydimui ir dilimui \u2713 Nugar\u0117l\u0117 nepadengta ir labai pralaidi orui \u2713 Itin patogus d\u0117l tobulo prigludimo \u2713 Skalbiamas ir daugkartinio naudojimo \u2713 Pagaminta pagal EN388\" \/>\n<meta property=\"og:url\" content=\"https:\/\/www.versiegelung24.com\/lt\/geltonos-nitrilo-darbo-pirstines-su-megztais-rankogaliais-kopie-2.html\" \/>\n<meta property=\"og:site_name\" content=\"versiegelung24.com\" \/>\n<meta property=\"article:modified_time\" content=\"2025-01-13T16:08:35+00:00\" \/>\n<meta name=\"twitter:card\" content=\"summary_large_image\" \/>\n<meta name=\"twitter:label1\" content=\"Price\" \/>\n\t<meta name=\"twitter:data1\" content=\"2,49&euro;\" \/>\n\t<meta name=\"twitter:label2\" content=\"Availability\" \/>\n\t<meta name=\"twitter:data2\" content=\"In stock\" \/>\n<script type=\"application\/ld+json\" class=\"yoast-schema-graph\">{\"@context\":\"https:\\\/\\\/schema.org\",\"@graph\":[{\"@type\":\"WebPage\",\"@id\":\"https:\\\/\\\/www.versiegelung24.com\\\/lt\\\/geltonos-nitrilo-darbo-pirstines-su-megztais-rankogaliais-kopie-2.html\",\"url\":\"https:\\\/\\\/www.versiegelung24.com\\\/lt\\\/geltonos-nitrilo-darbo-pirstines-su-megztais-rankogaliais-kopie-2.html\",\"name\":\"Darbo pir\u0161tin\u0117s nailonin\u0117s juodos 9 dyd\u017eio - versiegelung24.com\",\"isPartOf\":{\"@id\":\"https:\\\/\\\/www.versiegelung24.com\\\/lt\\\/#website\"},\"primaryImageOfPage\":{\"@id\":\"https:\\\/\\\/www.versiegelung24.com\\\/lt\\\/geltonos-nitrilo-darbo-pirstines-su-megztais-rankogaliais-kopie-2.html#primaryimage\"},\"image\":{\"@id\":\"https:\\\/\\\/www.versiegelung24.com\\\/lt\\\/geltonos-nitrilo-darbo-pirstines-su-megztais-rankogaliais-kopie-2.html#primaryimage\"},\"thumbnailUrl\":\"https:\\\/\\\/www.versiegelung24.com\\\/wp-content\\\/uploads\\\/2024\\\/05\\\/nitril-oben.webp\",\"datePublished\":\"2024-05-06T15:28:33+00:00\",\"dateModified\":\"2025-01-13T16:08:35+00:00\",\"breadcrumb\":{\"@id\":\"https:\\\/\\\/www.versiegelung24.com\\\/lt\\\/geltonos-nitrilo-darbo-pirstines-su-megztais-rankogaliais-kopie-2.html#breadcrumb\"},\"inLanguage\":\"lt-LT\",\"potentialAction\":[{\"@type\":\"ReadAction\",\"target\":[\"https:\\\/\\\/www.versiegelung24.com\\\/lt\\\/geltonos-nitrilo-darbo-pirstines-su-megztais-rankogaliais-kopie-2.html\"]}]},{\"@type\":\"ImageObject\",\"inLanguage\":\"lt-LT\",\"@id\":\"https:\\\/\\\/www.versiegelung24.com\\\/lt\\\/geltonos-nitrilo-darbo-pirstines-su-megztais-rankogaliais-kopie-2.html#primaryimage\",\"url\":\"https:\\\/\\\/www.versiegelung24.com\\\/wp-content\\\/uploads\\\/2024\\\/05\\\/nitril-oben.webp\",\"contentUrl\":\"https:\\\/\\\/www.versiegelung24.com\\\/wp-content\\\/uploads\\\/2024\\\/05\\\/nitril-oben.webp\",\"width\":2000,\"height\":2000},{\"@type\":\"BreadcrumbList\",\"@id\":\"https:\\\/\\\/www.versiegelung24.com\\\/lt\\\/geltonos-nitrilo-darbo-pirstines-su-megztais-rankogaliais-kopie-2.html#breadcrumb\",\"itemListElement\":[{\"@type\":\"ListItem\",\"position\":1,\"name\":\"Prad\u017eia\",\"item\":\"https:\\\/\\\/www.versiegelung24.com\\\/lt\\\/priekinis\\\/\"},{\"@type\":\"ListItem\",\"position\":2,\"name\":\"Parduotuv\u0117\",\"item\":\"https:\\\/\\\/www.versiegelung24.com\\\/lt\\\/parduotuve-2\\\/\"},{\"@type\":\"ListItem\",\"position\":3,\"name\":\"Darbo pir\u0161tin\u0117s nailonin\u0117s juodos 9 dyd\u017eio\"}]},{\"@type\":\"WebSite\",\"@id\":\"https:\\\/\\\/www.versiegelung24.com\\\/lt\\\/#website\",\"url\":\"https:\\\/\\\/www.versiegelung24.com\\\/lt\\\/\",\"name\":\"versiegelung24.com\",\"description\":\"Fl\u00fcssigglas-Versiegelung - Made in Germany\",\"publisher\":{\"@id\":\"https:\\\/\\\/www.versiegelung24.com\\\/lt\\\/#organization\"},\"potentialAction\":[{\"@type\":\"SearchAction\",\"target\":{\"@type\":\"EntryPoint\",\"urlTemplate\":\"https:\\\/\\\/www.versiegelung24.com\\\/lt\\\/?s={search_term_string}\"},\"query-input\":{\"@type\":\"PropertyValueSpecification\",\"valueRequired\":true,\"valueName\":\"search_term_string\"}}],\"inLanguage\":\"lt-LT\"},{\"@type\":\"Organization\",\"@id\":\"https:\\\/\\\/www.versiegelung24.com\\\/lt\\\/#organization\",\"name\":\"versiegelung24\",\"url\":\"https:\\\/\\\/www.versiegelung24.com\\\/lt\\\/\",\"logo\":{\"@type\":\"ImageObject\",\"inLanguage\":\"lt-LT\",\"@id\":\"https:\\\/\\\/www.versiegelung24.com\\\/lt\\\/#\\\/schema\\\/logo\\\/image\\\/\",\"url\":\"https:\\\/\\\/www.versiegelung24.com\\\/wp-content\\\/uploads\\\/2020\\\/04\\\/versiegelung24.png\",\"contentUrl\":\"https:\\\/\\\/www.versiegelung24.com\\\/wp-content\\\/uploads\\\/2020\\\/04\\\/versiegelung24.png\",\"width\":470,\"height\":102,\"caption\":\"versiegelung24\"},\"image\":{\"@id\":\"https:\\\/\\\/www.versiegelung24.com\\\/lt\\\/#\\\/schema\\\/logo\\\/image\\\/\"}}]}<\/script>\n<meta property=\"product:price:amount\" content=\"2.49\" \/>\n<meta property=\"product:price:currency\" content=\"EUR\" \/>\n<meta property=\"og:availability\" content=\"instock\" \/>\n<meta property=\"product:availability\" content=\"instock\" \/>\n<meta property=\"product:retailer_item_id\" content=\"V24-SB340-9\" \/>\n<meta property=\"product:condition\" content=\"new\" \/>\n<!-- \/ Yoast SEO Premium plugin. -->","yoast_head_json":{"title":"Darbo pir\u0161tin\u0117s nailonin\u0117s juodos 9 dyd\u017eio - versiegelung24.com","robots":{"index":"index","follow":"follow","max-snippet":"max-snippet:-1","max-image-preview":"max-image-preview:large","max-video-preview":"max-video-preview:-1"},"canonical":"https:\/\/www.versiegelung24.com\/lt\/geltonos-nitrilo-darbo-pirstines-su-megztais-rankogaliais-kopie-2.html","og_locale":"lt_LT","og_type":"article","og_title":"Darbo pir\u0161tin\u0117s nailonin\u0117s juodos 9 dyd\u017eio","og_description":"\u2713 Ypa\u010d atsparus slydimui ir dilimui \u2713 Nugar\u0117l\u0117 nepadengta ir labai pralaidi orui \u2713 Itin patogus d\u0117l tobulo prigludimo \u2713 Skalbiamas ir daugkartinio naudojimo \u2713 Pagaminta pagal EN388","og_url":"https:\/\/www.versiegelung24.com\/lt\/geltonos-nitrilo-darbo-pirstines-su-megztais-rankogaliais-kopie-2.html","og_site_name":"versiegelung24.com","article_modified_time":"2025-01-13T16:08:35+00:00","twitter_card":"summary_large_image","twitter_misc":{"Price":"2,49&euro;","Availability":"In stock"},"schema":{"@context":"https:\/\/schema.org","@graph":[{"@type":"WebPage","@id":"https:\/\/www.versiegelung24.com\/lt\/geltonos-nitrilo-darbo-pirstines-su-megztais-rankogaliais-kopie-2.html","url":"https:\/\/www.versiegelung24.com\/lt\/geltonos-nitrilo-darbo-pirstines-su-megztais-rankogaliais-kopie-2.html","name":"Darbo pir\u0161tin\u0117s nailonin\u0117s juodos 9 dyd\u017eio - versiegelung24.com","isPartOf":{"@id":"https:\/\/www.versiegelung24.com\/lt\/#website"},"primaryImageOfPage":{"@id":"https:\/\/www.versiegelung24.com\/lt\/geltonos-nitrilo-darbo-pirstines-su-megztais-rankogaliais-kopie-2.html#primaryimage"},"image":{"@id":"https:\/\/www.versiegelung24.com\/lt\/geltonos-nitrilo-darbo-pirstines-su-megztais-rankogaliais-kopie-2.html#primaryimage"},"thumbnailUrl":"https:\/\/www.versiegelung24.com\/wp-content\/uploads\/2024\/05\/nitril-oben.webp","datePublished":"2024-05-06T15:28:33+00:00","dateModified":"2025-01-13T16:08:35+00:00","breadcrumb":{"@id":"https:\/\/www.versiegelung24.com\/lt\/geltonos-nitrilo-darbo-pirstines-su-megztais-rankogaliais-kopie-2.html#breadcrumb"},"inLanguage":"lt-LT","potentialAction":[{"@type":"ReadAction","target":["https:\/\/www.versiegelung24.com\/lt\/geltonos-nitrilo-darbo-pirstines-su-megztais-rankogaliais-kopie-2.html"]}]},{"@type":"ImageObject","inLanguage":"lt-LT","@id":"https:\/\/www.versiegelung24.com\/lt\/geltonos-nitrilo-darbo-pirstines-su-megztais-rankogaliais-kopie-2.html#primaryimage","url":"https:\/\/www.versiegelung24.com\/wp-content\/uploads\/2024\/05\/nitril-oben.webp","contentUrl":"https:\/\/www.versiegelung24.com\/wp-content\/uploads\/2024\/05\/nitril-oben.webp","width":2000,"height":2000},{"@type":"BreadcrumbList","@id":"https:\/\/www.versiegelung24.com\/lt\/geltonos-nitrilo-darbo-pirstines-su-megztais-rankogaliais-kopie-2.html#breadcrumb","itemListElement":[{"@type":"ListItem","position":1,"name":"Prad\u017eia","item":"https:\/\/www.versiegelung24.com\/lt\/priekinis\/"},{"@type":"ListItem","position":2,"name":"Parduotuv\u0117","item":"https:\/\/www.versiegelung24.com\/lt\/parduotuve-2\/"},{"@type":"ListItem","position":3,"name":"Darbo pir\u0161tin\u0117s nailonin\u0117s juodos 9 dyd\u017eio"}]},{"@type":"WebSite","@id":"https:\/\/www.versiegelung24.com\/lt\/#website","url":"https:\/\/www.versiegelung24.com\/lt\/","name":"versiegelung24.com","description":"Fl\u00fcssigglas-Versiegelung - Made in Germany","publisher":{"@id":"https:\/\/www.versiegelung24.com\/lt\/#organization"},"potentialAction":[{"@type":"SearchAction","target":{"@type":"EntryPoint","urlTemplate":"https:\/\/www.versiegelung24.com\/lt\/?s={search_term_string}"},"query-input":{"@type":"PropertyValueSpecification","valueRequired":true,"valueName":"search_term_string"}}],"inLanguage":"lt-LT"},{"@type":"Organization","@id":"https:\/\/www.versiegelung24.com\/lt\/#organization","name":"versiegelung24","url":"https:\/\/www.versiegelung24.com\/lt\/","logo":{"@type":"ImageObject","inLanguage":"lt-LT","@id":"https:\/\/www.versiegelung24.com\/lt\/#\/schema\/logo\/image\/","url":"https:\/\/www.versiegelung24.com\/wp-content\/uploads\/2020\/04\/versiegelung24.png","contentUrl":"https:\/\/www.versiegelung24.com\/wp-content\/uploads\/2020\/04\/versiegelung24.png","width":470,"height":102,"caption":"versiegelung24"},"image":{"@id":"https:\/\/www.versiegelung24.com\/lt\/#\/schema\/logo\/image\/"}}]},"product_price_amount":"2.49","product_price_currency":"EUR","og_availability":"instock","product_availability":"instock","product_retailer_item_id":"V24-SB340-9","product_condition":"new"},"_links":{"self":[{"href":"https:\/\/www.versiegelung24.com\/lt\/wp-json\/wp\/v2\/product\/160933","targetHints":{"allow":["GET"]}}],"collection":[{"href":"https:\/\/www.versiegelung24.com\/lt\/wp-json\/wp\/v2\/product"}],"about":[{"href":"https:\/\/www.versiegelung24.com\/lt\/wp-json\/wp\/v2\/types\/product"}],"version-history":[{"count":4,"href":"https:\/\/www.versiegelung24.com\/lt\/wp-json\/wp\/v2\/product\/160933\/revisions"}],"predecessor-version":[{"id":180727,"href":"https:\/\/www.versiegelung24.com\/lt\/wp-json\/wp\/v2\/product\/160933\/revisions\/180727"}],"wp:featuredmedia":[{"embeddable":true,"href":"https:\/\/www.versiegelung24.com\/lt\/wp-json\/wp\/v2\/media\/161005"}],"wp:attachment":[{"href":"https:\/\/www.versiegelung24.com\/lt\/wp-json\/wp\/v2\/media?parent=160933"}],"wp:term":[{"taxonomy":"product_brand","embeddable":true,"href":"https:\/\/www.versiegelung24.com\/lt\/wp-json\/wp\/v2\/product_brand?post=160933"},{"taxonomy":"product_cat","embeddable":true,"href":"https:\/\/www.versiegelung24.com\/lt\/wp-json\/wp\/v2\/product_cat?post=160933"},{"taxonomy":"product_tag","embeddable":true,"href":"https:\/\/www.versiegelung24.com\/lt\/wp-json\/wp\/v2\/product_tag?post=160933"}],"curies":[{"name":"wp","href":"https:\/\/api.w.org\/{rel}","templated":true}]}}