{"id":181854,"date":"2025-07-31T12:51:03","date_gmt":"2025-07-31T10:51:12","guid":{"rendered":"https:\/\/www.versiegelung24.com\/?post_type=product&#038;p=181854"},"modified":"2025-09-05T13:50:20","modified_gmt":"2025-09-05T11:50:20","slug":"holzimpragnierung-silanbasis","status":"publish","type":"product","link":"https:\/\/www.versiegelung24.com\/lt\/holzimpragnierung-silanbasis.html","title":{"rendered":"Medienos impregnavimas &#8211; nat\u016brali medienos apsauga silano pagrindu"},"content":{"rendered":"\n<h2 class=\"wp-block-heading\" id=\"h-holzschutz-naturimpragnierung-auf-silanbasis-wasserbasierend\"><strong>Medienos apsauga: nat\u016bralus impregnavimas silano pagrindu (vandens pagrindu)<\/strong><\/h2>\n\n<p>Auk\u0161tos kokyb\u0117s Pagaminta Vokietijoje.<\/p>\n\n<hr\/>\n\n<div class=\"wp-block-columns is-layout-flex wp-container-core-columns-is-layout-9d6595d7 wp-block-columns-is-layout-flex\">\n<div class=\"wp-block-column is-layout-flow wp-block-column-is-layout-flow\">\n<p>M\u016bs\u0173 medienos impregnavimas yra paruo\u0161ta naudoti silano pagrindu sukurta impregnavimo sistema. Ji stabilizuoja lignin\u0105 ir taip gerokai apsaugo medien\u0105 nuo pilk\u0117jimo. Jos hidrofobin\u0117s savyb\u0117s neleid\u017eia nepageidaujamai dr\u0117gmei ir ne\u0161varumams prasiskverbti \u012f medien\u0105.  <\/p>\n\n\n\n<p><strong>Tinka:<\/strong> tinka medienai, takeliams, stogin\u0117ms, palang\u0117ms, sodo nameliams, sodo baldams, statybinei medienai, fasadams, sodinukams, terasoms, tvoroms ir daug kam kitam.<\/p>\n<\/div>\n\n\n\n<div class=\"wp-block-column is-layout-flow wp-block-column-is-layout-flow\">\n<figure class=\"wp-block-image size-large\"><img fetchpriority=\"high\" decoding=\"async\" width=\"1300\" height=\"851\" src=\"https:\/\/www.versiegelung24.com\/wp-content\/uploads\/2025\/07\/image-1300x851.png\" alt=\"\" class=\"wp-image-181965\" srcset=\"https:\/\/www.versiegelung24.com\/wp-content\/uploads\/2025\/07\/image-1300x851.png 1300w, https:\/\/www.versiegelung24.com\/wp-content\/uploads\/2025\/07\/image-300x196.png 300w, https:\/\/www.versiegelung24.com\/wp-content\/uploads\/2025\/07\/image-768x503.png 768w, https:\/\/www.versiegelung24.com\/wp-content\/uploads\/2025\/07\/image-1536x1006.png 1536w, https:\/\/www.versiegelung24.com\/wp-content\/uploads\/2025\/07\/image-600x393.png 600w, https:\/\/www.versiegelung24.com\/wp-content\/uploads\/2025\/07\/image.png 1784w\" sizes=\"(max-width: 1300px) 100vw, 1300px\" \/><\/figure>\n<\/div>\n<\/div>\n\n<h4 class=\"wp-block-heading\" id=\"properties\">Produkto savyb\u0117s<\/h4>\n\n<div class=\"wp-block-columns is-layout-flex wp-container-core-columns-is-layout-9d6595d7 wp-block-columns-is-layout-flex\">\n<div class=\"wp-block-column is-layout-flow wp-block-column-is-layout-flow\">\n<ul class=\"wp-block-list\">\n<li><strong>Spalvai atspari<\/strong> &#8211; skaidri apsauga medienos spalvai i\u0161saugoti  <\/li>\n\n\n\n<li><strong>Be naftos produkt\u0173<\/strong> &#8211; Aplinkai nekenksminga formuluot\u0117  <\/li>\n\n\n\n<li><strong>Gruntas ir apsaugin\u0117 funkcija viename \u017eingsnyje<\/strong> &#8211; Lengvas naudojimas  <\/li>\n\n\n\n<li><strong>Labai greitas d\u017eiovinimas<\/strong> &#8211; laiko taupymas  <\/li>\n\n\n\n<li><strong>Ilgaam\u017ei\u0161kumas<\/strong> &#8211; 2-5 metai (gerokai ilgiau, jei naudojamas patalpose)<\/li>\n\n\n\n<li>D\u0117l <strong>apsaugos nuo lignino<\/strong> <strong>\u017eilumo procesas<\/strong> gerokai <strong>pailg\u0117ja<\/strong> &#8211; <strong>keliais m\u0117nesiais<\/strong>.<\/li>\n<\/ul>\n<\/div>\n\n\n\n<div class=\"wp-block-column is-layout-flow wp-block-column-is-layout-flow\">\n<ul class=\"wp-block-list\">\n<li><strong>Be PFAS, PFOA ir PFOS<\/strong><\/li>\n\n\n\n<li><strong>Apsaugo nuo pilk\u0117jimo d\u0117l saul\u0117s spinduli\u0173<\/strong> &#8211; apsauga nuo UV spinduli\u0173  <\/li>\n\n\n\n<li><strong>Vandens ir purvo atst\u016bmimas<\/strong> &#8211; hidrofobin\u0117s savyb\u0117s  <\/li>\n\n\n\n<li><strong>Neleid\u017eia augti dumbliams, samanoms ir kerp\u0117ms<\/strong> &#8211; Ilgalaik\u0117 apsauga  <\/li>\n\n\n\n<li><strong>Vartojimas: 1 litro u\u017etenka ma\u017edaug 30-40 m\u00b2 (<\/strong> priklausomai nuo pagrindo).<\/li>\n\n\n\n<li>Naudojama <strong>vertikaliems<\/strong> mediniams pavir\u0161iams vir\u0161 (medin\u0117s tvoros, &#8230; ) ir po vel\u0117na (mediniai stulpai).<\/li>\n<\/ul>\n<\/div>\n<\/div>\n\n<p>Pristatymo apimtis: 1 x litro talpos butelis, 1 x siurblio pur\u0161kimo galvut\u0117<br\/><\/p>\n\n<hr\/>\n\n<h4 class=\"wp-block-heading\" id=\"application\">Parai\u0161ka<\/h4>\n\n<div class=\"wp-block-columns is-layout-flex wp-container-core-columns-is-layout-9d6595d7 wp-block-columns-is-layout-flex\">\n<div class=\"wp-block-column is-layout-flow wp-block-column-is-layout-flow\">\n<p><strong>Paruo\u0161imas:<\/strong><\/p>\n\n\n\n<ul class=\"wp-block-list\">\n<li>Prie\u0161 naudodami 1 minut\u0119 stipriai pakratykite.<\/li>\n\n\n\n<li>Apdorojami pavir\u0161iai turi b\u016bti \u0161var\u016bs, visi\u0161kai sausi ir nedulk\u0117ti, be to, jie neturi b\u016bti i\u0161 anksto apdoroti kitomis dangomis.<\/li>\n\n\n\n<li>Da\u017e\u0173, tepal\u0173, alyvos ar organini\u0173 augal\u0173 (dumbli\u0173, kerpi\u0173, saman\u0173) u\u017eter\u0161tumas turi b\u016bti pa\u0161alintas i\u0161 anksto.<\/li>\n<\/ul>\n\n\n\n<p><strong>Taikymas:<\/strong><\/p>\n\n\n\n<ul class=\"wp-block-list\">\n<li><strong>Rekomenduojamas metodas:<\/strong> Produkt\u0105 geriausia purk\u0161ti purk\u0161tuvu \/ ma\u017eo sl\u0117gio siurblio purk\u0161tuvu.<\/li>\n\n\n\n<li>Atstum\u0105 iki pavir\u0161iaus nustatykite pagal purk\u0161tuvo galingum\u0105.<\/li>\n\n\n\n<li>Pavir\u0161ius turi b\u016bti lygus, dr\u0117gnas ir \u0161lapias.<\/li>\n\n\n\n<li><strong>Alternatyva:<\/strong> galima tepti teptuku ir (arba) voleliu, ta\u010diau prie\u0161 tai reik\u0117t\u0173 i\u0161bandyti ant nedidelio ploto. Venkite, kad nesusidaryt\u0173 balos! <\/li>\n<\/ul>\n\n\n\n<p><strong>Apdorojimas:<\/strong><\/p>\n\n\n\n<ul class=\"wp-block-list\">\n<li>Purk\u0161kite bent du kartus ant apdorojamo pavir\u0161iaus, kad optimaliai padengtum\u0117te.<\/li>\n\n\n\n<li>Priklausomai nuo pagrindo \u012fgeriamumo ir reikalavim\u0173, \u0161\u012f proces\u0105 galima pakartoti i\u0161d\u017ei\u016bvus pirmajam sluoksniui.<\/li>\n\n\n\n<li>Jei ant pavir\u0161iaus u\u017etepta per daug produkto, j\u012f galima pa\u0161alinti dr\u0117gnu skudur\u0117liu, kol jis dar dr\u0117gnas.<\/li>\n\n\n\n<li>Naudojamus \u012frankius po naudojimo reikia valyti dideliu kiekiu vandens.<\/li>\n<\/ul>\n\n\n\n<p><strong>D\u017ei\u016bvimo laikas:<\/strong><\/p>\n\n\n\n<ul class=\"wp-block-list\">\n<li>Palikite produkt\u0105 bent 30 minu\u010di\u0173.<\/li>\n\n\n\n<li>Viso kiet\u0117jimo trukm\u0117 yra ma\u017edaug 6-12 valand\u0173.<\/li>\n\n\n\n<li>Per \u0161\u012f laik\u0105 pavir\u0161ius turi i\u0161likti sausas ir neb\u016bti \u012ftemptas.<\/li>\n<\/ul>\n\n\n\n<p><strong>Impregnuoto pavir\u0161iaus prie\u017ei\u016bra ir valymas:<\/strong><\/p>\n\n\n\n<ul class=\"wp-block-list\">\n<li>Pavir\u0161i\u0173 valykite tik vandeniu arba lengvu ekologi\u0161ku valikliu, pvz., m\u016bs\u0173 <a href=\"https:\/\/www.versiegelung24.com\/lt\/biosativa-biologinis-isankstinis-valiklis.html\">ekologi\u0161ku valikliu BIOSATIVA\u00ae &#8211; 100 % nat\u016braliu &#8211; 100 % ekologi\u0161ku<\/a>.<\/li>\n\n\n\n<li>Agresyvios valymo priemon\u0117s (cheminiai valikliai, \u0161veitikliai ir pan.) n\u0117ra reikalingos, nes pablogint\u0173 apsaugin\u0119 funkcij\u0105.<\/li>\n\n\n\n<li>Reguliarus \u0161velnus valymas ir prie\u017ei\u016bra u\u017etikrina ilgesn\u012f patvarum\u0105 ir ilgalaik\u0119 gra\u017ei\u0105 i\u0161vaizd\u0105.<\/li>\n<\/ul>\n\n\n\n<p><strong>Saugojimas:<\/strong><\/p>\n\n\n\n<ul class=\"wp-block-list\">\n<li>Laikykite sausoje ir neu\u017e\u0161\u0105lan\u010dioje vietoje, 5-25 \u00b0C temperat\u016broje.<\/li>\n\n\n\n<li>Tinkamai laikomas neatidarytoje originalioje pakuot\u0117je i\u0161lieka stabilus ma\u017eiausiai 24 m\u0117nesius.<\/li>\n<\/ul>\n<\/div>\n<\/div>\n\n<h2 class=\"wp-block-heading\" id=\"h-galerie\">Galerija<\/h2>\n\n<div class=\"wp-block-getwid-images-slider gallery-wood has-arrows-inside has-dots-inside has-images-center has-fitted-images has-fixed-height\"><div class=\"wp-block-getwid-images-slider__wrapper\" data-effect=\"slide\" data-slides-show=\"1\" data-slides-show-laptop=\"1\" data-slides-show-tablet=\"1\" data-slides-show-mobile=\"1\" data-slides-scroll=\"1\" data-autoplay=\"true\" data-pause-hover=\"true\" data-autoplay-speed=\"3000\" data-infinite=\"true\" data-animation-speed=\"800\" data-center-mode=\"false\" data-variable-width=\"false\" data-arrows=\"inside\" data-dots=\"inside\" data-spacing=\"none\"><div class=\"wp-block-getwid-images-slider__item\" style=\"height:500px\"><figure><img decoding=\"async\" width=\"1634\" height=\"1620\" src=\"https:\/\/www.versiegelung24.com\/wp-content\/uploads\/2025\/07\/Holzimpraegnierung-pfloecke.png\" data-id=\"181994\" data-link=\"https:\/\/www.versiegelung24.com\/holzversiegelung-in-profi-qualitaet-kopie.html\/attachment\/holzimpraegnierung-pfloecke\/\" data-original-link=\"https:\/\/www.versiegelung24.com\/wp-content\/uploads\/2025\/07\/Holzimpraegnierung-pfloecke.png\" class=\"wp-block-getwid-images-slider__image wp-image-181994\" srcset=\"https:\/\/www.versiegelung24.com\/wp-content\/uploads\/2025\/07\/Holzimpraegnierung-pfloecke.png 1634w, https:\/\/www.versiegelung24.com\/wp-content\/uploads\/2025\/07\/Holzimpraegnierung-pfloecke-300x297.png 300w, https:\/\/www.versiegelung24.com\/wp-content\/uploads\/2025\/07\/Holzimpraegnierung-pfloecke-1300x1289.png 1300w, https:\/\/www.versiegelung24.com\/wp-content\/uploads\/2025\/07\/Holzimpraegnierung-pfloecke-80x80.png 80w, https:\/\/www.versiegelung24.com\/wp-content\/uploads\/2025\/07\/Holzimpraegnierung-pfloecke-768x761.png 768w, https:\/\/www.versiegelung24.com\/wp-content\/uploads\/2025\/07\/Holzimpraegnierung-pfloecke-1536x1523.png 1536w, https:\/\/www.versiegelung24.com\/wp-content\/uploads\/2025\/07\/Holzimpraegnierung-pfloecke-70x70.png 70w, https:\/\/www.versiegelung24.com\/wp-content\/uploads\/2025\/07\/Holzimpraegnierung-pfloecke-600x595.png 600w, https:\/\/www.versiegelung24.com\/wp-content\/uploads\/2025\/07\/Holzimpraegnierung-pfloecke-100x100.png 100w\" sizes=\"(max-width: 1634px) 100vw, 1634px\" \/><\/figure><\/div><div class=\"wp-block-getwid-images-slider__item\" style=\"height:500px\"><figure><img decoding=\"async\" width=\"1726\" height=\"1252\" src=\"https:\/\/www.versiegelung24.com\/wp-content\/uploads\/2025\/07\/Holzimpraegnierung-bank.png\" data-id=\"182022\" data-link=\"https:\/\/www.versiegelung24.com\/holzversiegelung-in-profi-qualitaet-kopie.html\/attachment\/holzimpraegnierung-bank\/\" data-original-link=\"https:\/\/www.versiegelung24.com\/wp-content\/uploads\/2025\/07\/Holzimpraegnierung-bank.png\" class=\"wp-block-getwid-images-slider__image wp-image-182022\" srcset=\"https:\/\/www.versiegelung24.com\/wp-content\/uploads\/2025\/07\/Holzimpraegnierung-bank.png 1726w, https:\/\/www.versiegelung24.com\/wp-content\/uploads\/2025\/07\/Holzimpraegnierung-bank-300x218.png 300w, https:\/\/www.versiegelung24.com\/wp-content\/uploads\/2025\/07\/Holzimpraegnierung-bank-1300x943.png 1300w, https:\/\/www.versiegelung24.com\/wp-content\/uploads\/2025\/07\/Holzimpraegnierung-bank-768x557.png 768w, https:\/\/www.versiegelung24.com\/wp-content\/uploads\/2025\/07\/Holzimpraegnierung-bank-1536x1114.png 1536w, https:\/\/www.versiegelung24.com\/wp-content\/uploads\/2025\/07\/Holzimpraegnierung-bank-600x435.png 600w\" sizes=\"(max-width: 1726px) 100vw, 1726px\" \/><\/figure><\/div><div class=\"wp-block-getwid-images-slider__item\" style=\"height:500px\"><figure><img loading=\"lazy\" decoding=\"async\" width=\"1982\" height=\"1274\" src=\"https:\/\/www.versiegelung24.com\/wp-content\/uploads\/2025\/07\/Holzimpraegnierung-eigenschaften.png\" data-id=\"182050\" data-link=\"https:\/\/www.versiegelung24.com\/holzversiegelung-in-profi-qualitaet-kopie.html\/attachment\/holzimpraegnierung-eigenschaften\/\" data-original-link=\"https:\/\/www.versiegelung24.com\/wp-content\/uploads\/2025\/07\/Holzimpraegnierung-eigenschaften.png\" class=\"wp-block-getwid-images-slider__image wp-image-182050\" srcset=\"https:\/\/www.versiegelung24.com\/wp-content\/uploads\/2025\/07\/Holzimpraegnierung-eigenschaften.png 1982w, https:\/\/www.versiegelung24.com\/wp-content\/uploads\/2025\/07\/Holzimpraegnierung-eigenschaften-300x193.png 300w, https:\/\/www.versiegelung24.com\/wp-content\/uploads\/2025\/07\/Holzimpraegnierung-eigenschaften-1300x836.png 1300w, https:\/\/www.versiegelung24.com\/wp-content\/uploads\/2025\/07\/Holzimpraegnierung-eigenschaften-768x494.png 768w, https:\/\/www.versiegelung24.com\/wp-content\/uploads\/2025\/07\/Holzimpraegnierung-eigenschaften-1536x987.png 1536w, https:\/\/www.versiegelung24.com\/wp-content\/uploads\/2025\/07\/Holzimpraegnierung-eigenschaften-600x386.png 600w\" sizes=\"(max-width: 1982px) 100vw, 1982px\" \/><\/figure><\/div><\/div><\/div>\n\n<p><\/p>\n","protected":false},"excerpt":{"rendered":"<p><strong>Labai veiksmingas sandariklis vidaus ir i\u0161or\u0117s mediniams pavir\u0161iams<\/strong><\/p>\n<p>\u2713 Tvirtos spalvos ir apsauga nuo pilk\u0117jimo<\/p>\n<p>\u2713 Nepraleid\u017eia vandens ir purvo<\/p>\n<p>\u2713 Gruntavimas ir apsauga vienu \u017eingsniu<\/p>\n<p>\u2713 Be PFAS, PFOA ir PFOS<\/p>\n<p>&nbsp;<\/p>\n","protected":false},"featured_media":183270,"template":"","meta":{"_acf_changed":false,"neve_meta_sidebar":"","neve_meta_container":"","neve_meta_enable_content_width":"","neve_meta_content_width":0,"neve_meta_title_alignment":"","neve_meta_author_avatar":"","neve_post_elements_order":"","neve_meta_disable_header":"","neve_meta_disable_footer":"","neve_meta_disable_title":"","neve_meta_reading_time":"","_surfaces":[],"_ver_product_tabs":null,"footnotes":""},"product_brand":[],"product_cat":[2471],"product_tag":[],"class_list":{"0":"post-181854","1":"product","2":"type-product","3":"status-publish","4":"has-post-thumbnail","6":"product_cat-medienos-sandarinimas","7":"pa_gebinde-125-ml-purskimo-buteliukas","8":"pa_gebinde-1000-ml-buteliukas-lt","9":"pa_gebinde-20l-kanistras","10":"pa_gebinde-10-l-talpos-kanistras","11":"pa_gebinde-veiksmu-rinkinys-su-100-ml-buteliuku","12":"pa_gebinde-50-ml-buteliukas","13":"pa_gebinde-veiksmu-rinkinys-su-50-ml-buteliuku","14":"pa_gebinde-100-ml-buteliukas","15":"pa_gebinde-150-ml-buteliukas","16":"pa_gebinde-500-ml-buteliukas","17":"pa_gebinde-200-ml-buteliukas","18":"pa_gebinde-1000-ml-buteliukas","19":"pa_gebinde-5-l-talpos-kanistras","20":"pa_gebinde-10-ml-buteliukas","21":"pa_gebinde-5-ml-buteliukas","23":"first","24":"instock","25":"taxable","26":"shipping-taxable","27":"purchasable","28":"product-type-variable","29":"has-default-attributes"},"acf":[],"yoast_head":"<!-- This site is optimized with the Yoast SEO Premium plugin v22.8 (Yoast SEO v27.5) - https:\/\/yoast.com\/product\/yoast-seo-premium-wordpress\/ -->\n<title>Medienos impregnavimas - nat\u016brali medienos apsauga silano pagrindu - versiegelung24.com<\/title>\n<meta name=\"robots\" content=\"index, follow, max-snippet:-1, max-image-preview:large, max-video-preview:-1\" \/>\n<link rel=\"canonical\" href=\"https:\/\/www.versiegelung24.com\/lt\/holzimpragnierung-silanbasis.html\" \/>\n<meta property=\"og:locale\" content=\"lt_LT\" \/>\n<meta property=\"og:type\" content=\"article\" \/>\n<meta property=\"og:title\" content=\"Medienos impregnavimas - nat\u016brali medienos apsauga silano pagrindu\" \/>\n<meta property=\"og:description\" content=\"Labai veiksmingas sandariklis vidaus ir i\u0161or\u0117s mediniams pavir\u0161iams \u2713 Tvirtos spalvos ir apsauga nuo pilk\u0117jimo \u2713 Nepraleid\u017eia vandens ir purvo \u2713 Gruntavimas ir apsauga vienu \u017eingsniu \u2713 Be PFAS, PFOA ir PFOS &nbsp;\" \/>\n<meta property=\"og:url\" content=\"https:\/\/www.versiegelung24.com\/lt\/holzimpragnierung-silanbasis.html\" \/>\n<meta property=\"og:site_name\" content=\"versiegelung24.com\" \/>\n<meta property=\"article:modified_time\" content=\"2025-09-05T11:50:20+00:00\" \/>\n<meta property=\"og:image\" content=\"https:\/\/www.versiegelung24.com\/wp-content\/uploads\/2025\/07\/V24-Holzimpraegnierung-4008-693.jpg\" \/>\n\t<meta property=\"og:image:width\" content=\"2560\" \/>\n\t<meta property=\"og:image:height\" content=\"2560\" \/>\n\t<meta property=\"og:image:type\" content=\"image\/jpeg\" \/>\n<meta name=\"twitter:card\" content=\"summary_large_image\" \/>\n<meta name=\"twitter:label1\" content=\"Availability\" \/>\n\t<meta name=\"twitter:data1\" content=\"In stock\" \/>\n<script type=\"application\/ld+json\" class=\"yoast-schema-graph\">{\"@context\":\"https:\\\/\\\/schema.org\",\"@graph\":[{\"@type\":\"WebPage\",\"@id\":\"https:\\\/\\\/www.versiegelung24.com\\\/lt\\\/holzimpragnierung-silanbasis.html\",\"url\":\"https:\\\/\\\/www.versiegelung24.com\\\/lt\\\/holzimpragnierung-silanbasis.html\",\"name\":\"Medienos impregnavimas - nat\u016brali medienos apsauga silano pagrindu - versiegelung24.com\",\"isPartOf\":{\"@id\":\"https:\\\/\\\/www.versiegelung24.com\\\/lt\\\/#website\"},\"primaryImageOfPage\":{\"@id\":\"https:\\\/\\\/www.versiegelung24.com\\\/lt\\\/holzimpragnierung-silanbasis.html#primaryimage\"},\"image\":{\"@id\":\"https:\\\/\\\/www.versiegelung24.com\\\/lt\\\/holzimpragnierung-silanbasis.html#primaryimage\"},\"thumbnailUrl\":\"https:\\\/\\\/www.versiegelung24.com\\\/wp-content\\\/uploads\\\/2025\\\/07\\\/V24-Holzimpraegnierung-4008-693.jpg\",\"datePublished\":\"2025-07-31T10:51:12+00:00\",\"dateModified\":\"2025-09-05T11:50:20+00:00\",\"breadcrumb\":{\"@id\":\"https:\\\/\\\/www.versiegelung24.com\\\/lt\\\/holzimpragnierung-silanbasis.html#breadcrumb\"},\"inLanguage\":\"lt-LT\",\"potentialAction\":[{\"@type\":\"ReadAction\",\"target\":[\"https:\\\/\\\/www.versiegelung24.com\\\/lt\\\/holzimpragnierung-silanbasis.html\"]}]},{\"@type\":\"ImageObject\",\"inLanguage\":\"lt-LT\",\"@id\":\"https:\\\/\\\/www.versiegelung24.com\\\/lt\\\/holzimpragnierung-silanbasis.html#primaryimage\",\"url\":\"https:\\\/\\\/www.versiegelung24.com\\\/wp-content\\\/uploads\\\/2025\\\/07\\\/V24-Holzimpraegnierung-4008-693.jpg\",\"contentUrl\":\"https:\\\/\\\/www.versiegelung24.com\\\/wp-content\\\/uploads\\\/2025\\\/07\\\/V24-Holzimpraegnierung-4008-693.jpg\",\"width\":2560,\"height\":2560},{\"@type\":\"BreadcrumbList\",\"@id\":\"https:\\\/\\\/www.versiegelung24.com\\\/lt\\\/holzimpragnierung-silanbasis.html#breadcrumb\",\"itemListElement\":[{\"@type\":\"ListItem\",\"position\":1,\"name\":\"Prad\u017eia\",\"item\":\"https:\\\/\\\/www.versiegelung24.com\\\/lt\\\/priekinis\\\/\"},{\"@type\":\"ListItem\",\"position\":2,\"name\":\"Parduotuv\u0117\",\"item\":\"https:\\\/\\\/www.versiegelung24.com\\\/lt\\\/parduotuve-2\\\/\"},{\"@type\":\"ListItem\",\"position\":3,\"name\":\"Medienos impregnavimas &#8211; nat\u016brali medienos apsauga silano pagrindu\"}]},{\"@type\":\"WebSite\",\"@id\":\"https:\\\/\\\/www.versiegelung24.com\\\/lt\\\/#website\",\"url\":\"https:\\\/\\\/www.versiegelung24.com\\\/lt\\\/\",\"name\":\"versiegelung24.com\",\"description\":\"Fl\u00fcssigglas-Versiegelung - Made in Germany\",\"publisher\":{\"@id\":\"https:\\\/\\\/www.versiegelung24.com\\\/lt\\\/#organization\"},\"potentialAction\":[{\"@type\":\"SearchAction\",\"target\":{\"@type\":\"EntryPoint\",\"urlTemplate\":\"https:\\\/\\\/www.versiegelung24.com\\\/lt\\\/?s={search_term_string}\"},\"query-input\":{\"@type\":\"PropertyValueSpecification\",\"valueRequired\":true,\"valueName\":\"search_term_string\"}}],\"inLanguage\":\"lt-LT\"},{\"@type\":\"Organization\",\"@id\":\"https:\\\/\\\/www.versiegelung24.com\\\/lt\\\/#organization\",\"name\":\"versiegelung24\",\"url\":\"https:\\\/\\\/www.versiegelung24.com\\\/lt\\\/\",\"logo\":{\"@type\":\"ImageObject\",\"inLanguage\":\"lt-LT\",\"@id\":\"https:\\\/\\\/www.versiegelung24.com\\\/lt\\\/#\\\/schema\\\/logo\\\/image\\\/\",\"url\":\"https:\\\/\\\/www.versiegelung24.com\\\/wp-content\\\/uploads\\\/2020\\\/04\\\/versiegelung24.png\",\"contentUrl\":\"https:\\\/\\\/www.versiegelung24.com\\\/wp-content\\\/uploads\\\/2020\\\/04\\\/versiegelung24.png\",\"width\":470,\"height\":102,\"caption\":\"versiegelung24\"},\"image\":{\"@id\":\"https:\\\/\\\/www.versiegelung24.com\\\/lt\\\/#\\\/schema\\\/logo\\\/image\\\/\"}}]}<\/script>\n<meta property=\"og:availability\" content=\"instock\" \/>\n<meta property=\"product:availability\" content=\"instock\" \/>\n<meta property=\"product:retailer_item_id\" content=\"4008-693\" \/>\n<meta property=\"product:condition\" content=\"new\" \/>\n<!-- \/ Yoast SEO Premium plugin. -->","yoast_head_json":{"title":"Medienos impregnavimas - nat\u016brali medienos apsauga silano pagrindu - versiegelung24.com","robots":{"index":"index","follow":"follow","max-snippet":"max-snippet:-1","max-image-preview":"max-image-preview:large","max-video-preview":"max-video-preview:-1"},"canonical":"https:\/\/www.versiegelung24.com\/lt\/holzimpragnierung-silanbasis.html","og_locale":"lt_LT","og_type":"article","og_title":"Medienos impregnavimas - nat\u016brali medienos apsauga silano pagrindu","og_description":"Labai veiksmingas sandariklis vidaus ir i\u0161or\u0117s mediniams pavir\u0161iams \u2713 Tvirtos spalvos ir apsauga nuo pilk\u0117jimo \u2713 Nepraleid\u017eia vandens ir purvo \u2713 Gruntavimas ir apsauga vienu \u017eingsniu \u2713 Be PFAS, PFOA ir PFOS &nbsp;","og_url":"https:\/\/www.versiegelung24.com\/lt\/holzimpragnierung-silanbasis.html","og_site_name":"versiegelung24.com","article_modified_time":"2025-09-05T11:50:20+00:00","og_image":[{"width":2560,"height":2560,"url":"https:\/\/www.versiegelung24.com\/wp-content\/uploads\/2025\/07\/V24-Holzimpraegnierung-4008-693.jpg","type":"image\/jpeg"}],"twitter_card":"summary_large_image","twitter_misc":{"Availability":"In stock"},"schema":{"@context":"https:\/\/schema.org","@graph":[{"@type":"WebPage","@id":"https:\/\/www.versiegelung24.com\/lt\/holzimpragnierung-silanbasis.html","url":"https:\/\/www.versiegelung24.com\/lt\/holzimpragnierung-silanbasis.html","name":"Medienos impregnavimas - nat\u016brali medienos apsauga silano pagrindu - versiegelung24.com","isPartOf":{"@id":"https:\/\/www.versiegelung24.com\/lt\/#website"},"primaryImageOfPage":{"@id":"https:\/\/www.versiegelung24.com\/lt\/holzimpragnierung-silanbasis.html#primaryimage"},"image":{"@id":"https:\/\/www.versiegelung24.com\/lt\/holzimpragnierung-silanbasis.html#primaryimage"},"thumbnailUrl":"https:\/\/www.versiegelung24.com\/wp-content\/uploads\/2025\/07\/V24-Holzimpraegnierung-4008-693.jpg","datePublished":"2025-07-31T10:51:12+00:00","dateModified":"2025-09-05T11:50:20+00:00","breadcrumb":{"@id":"https:\/\/www.versiegelung24.com\/lt\/holzimpragnierung-silanbasis.html#breadcrumb"},"inLanguage":"lt-LT","potentialAction":[{"@type":"ReadAction","target":["https:\/\/www.versiegelung24.com\/lt\/holzimpragnierung-silanbasis.html"]}]},{"@type":"ImageObject","inLanguage":"lt-LT","@id":"https:\/\/www.versiegelung24.com\/lt\/holzimpragnierung-silanbasis.html#primaryimage","url":"https:\/\/www.versiegelung24.com\/wp-content\/uploads\/2025\/07\/V24-Holzimpraegnierung-4008-693.jpg","contentUrl":"https:\/\/www.versiegelung24.com\/wp-content\/uploads\/2025\/07\/V24-Holzimpraegnierung-4008-693.jpg","width":2560,"height":2560},{"@type":"BreadcrumbList","@id":"https:\/\/www.versiegelung24.com\/lt\/holzimpragnierung-silanbasis.html#breadcrumb","itemListElement":[{"@type":"ListItem","position":1,"name":"Prad\u017eia","item":"https:\/\/www.versiegelung24.com\/lt\/priekinis\/"},{"@type":"ListItem","position":2,"name":"Parduotuv\u0117","item":"https:\/\/www.versiegelung24.com\/lt\/parduotuve-2\/"},{"@type":"ListItem","position":3,"name":"Medienos impregnavimas &#8211; nat\u016brali medienos apsauga silano pagrindu"}]},{"@type":"WebSite","@id":"https:\/\/www.versiegelung24.com\/lt\/#website","url":"https:\/\/www.versiegelung24.com\/lt\/","name":"versiegelung24.com","description":"Fl\u00fcssigglas-Versiegelung - Made in Germany","publisher":{"@id":"https:\/\/www.versiegelung24.com\/lt\/#organization"},"potentialAction":[{"@type":"SearchAction","target":{"@type":"EntryPoint","urlTemplate":"https:\/\/www.versiegelung24.com\/lt\/?s={search_term_string}"},"query-input":{"@type":"PropertyValueSpecification","valueRequired":true,"valueName":"search_term_string"}}],"inLanguage":"lt-LT"},{"@type":"Organization","@id":"https:\/\/www.versiegelung24.com\/lt\/#organization","name":"versiegelung24","url":"https:\/\/www.versiegelung24.com\/lt\/","logo":{"@type":"ImageObject","inLanguage":"lt-LT","@id":"https:\/\/www.versiegelung24.com\/lt\/#\/schema\/logo\/image\/","url":"https:\/\/www.versiegelung24.com\/wp-content\/uploads\/2020\/04\/versiegelung24.png","contentUrl":"https:\/\/www.versiegelung24.com\/wp-content\/uploads\/2020\/04\/versiegelung24.png","width":470,"height":102,"caption":"versiegelung24"},"image":{"@id":"https:\/\/www.versiegelung24.com\/lt\/#\/schema\/logo\/image\/"}}]},"og_availability":"instock","product_availability":"instock","product_retailer_item_id":"4008-693","product_condition":"new"},"_links":{"self":[{"href":"https:\/\/www.versiegelung24.com\/lt\/wp-json\/wp\/v2\/product\/181854","targetHints":{"allow":["GET"]}}],"collection":[{"href":"https:\/\/www.versiegelung24.com\/lt\/wp-json\/wp\/v2\/product"}],"about":[{"href":"https:\/\/www.versiegelung24.com\/lt\/wp-json\/wp\/v2\/types\/product"}],"version-history":[{"count":4,"href":"https:\/\/www.versiegelung24.com\/lt\/wp-json\/wp\/v2\/product\/181854\/revisions"}],"predecessor-version":[{"id":182831,"href":"https:\/\/www.versiegelung24.com\/lt\/wp-json\/wp\/v2\/product\/181854\/revisions\/182831"}],"wp:featuredmedia":[{"embeddable":true,"href":"https:\/\/www.versiegelung24.com\/lt\/wp-json\/wp\/v2\/media\/183270"}],"wp:attachment":[{"href":"https:\/\/www.versiegelung24.com\/lt\/wp-json\/wp\/v2\/media?parent=181854"}],"wp:term":[{"taxonomy":"product_brand","embeddable":true,"href":"https:\/\/www.versiegelung24.com\/lt\/wp-json\/wp\/v2\/product_brand?post=181854"},{"taxonomy":"product_cat","embeddable":true,"href":"https:\/\/www.versiegelung24.com\/lt\/wp-json\/wp\/v2\/product_cat?post=181854"},{"taxonomy":"product_tag","embeddable":true,"href":"https:\/\/www.versiegelung24.com\/lt\/wp-json\/wp\/v2\/product_tag?post=181854"}],"curies":[{"name":"wp","href":"https:\/\/api.w.org\/{rel}","templated":true}]}}