{"id":182978,"date":"2025-08-28T14:07:51","date_gmt":"2025-08-28T12:07:51","guid":{"rendered":"https:\/\/www.versiegelung24.com\/?post_type=product&#038;p=182978"},"modified":"2025-09-08T16:04:12","modified_gmt":"2025-09-08T14:04:12","slug":"permanent-protector-646","status":"publish","type":"product","link":"https:\/\/www.versiegelung24.com\/lt\/permanent-protector-646.html","title":{"rendered":"Nuolatin\u0117 apsauga 646 5M"},"content":{"rendered":"\n<p>&#8220;Permanent Protect 646 Ultra Thin&#8221; &#8211; tai auk\u0161tos kokyb\u0117s keraminis hermetikas, skirtas nuolatiniam lygi\u0173 pavir\u0161i\u0173, toki\u0173 kaip metalas, stiklas, plastikas ar da\u017eytos med\u017eiagos, padengimui. Itin plonas, skaidrus apsauginis sluoksnis u\u017etikrina i\u0161skirtin\u012f atsparum\u0105 ne\u0161varumams, chemin\u0117ms med\u017eiagoms, UV spinduliams ir mechaniniam poveikiui. D\u0117l hidrofobini\u0173 ir oleofobini\u0173 savybi\u0173 hermetikas u\u017etikrina ilgalaik\u012f lengvai valom\u0105 efekt\u0105.  <\/p>\n\n<p>&#8220;Permanent Protect 646 Ultra Thin&#8221; idealiai tinka naudoti automobiliuose ir j\u016broje, kaip antigraffiti danga arba auk\u0161tos kokyb\u0117s da\u017eytiems pavir\u0161iams apdailinti &#8211; &#8220;Permanent Protect 646 Ultra Thin&#8221; nustato naujus pavir\u0161iaus apsaugos ir patvarumo standartus.<\/p>\n\n<hr class=\"wp-block-separator has-text-color has-css-opacity has-background is-style-wide\" style=\"background-color:#e1e1e1;color:#e1e1e1\"\/>\n\n<h2 class=\"wp-block-heading\" id=\"properties\">Produkto savyb\u0117s<\/h2>\n\n<div class=\"wp-block-columns is-layout-flex wp-container-core-columns-is-layout-9d6595d7 wp-block-columns-is-layout-flex\">\n<div class=\"wp-block-column is-layout-flow wp-block-column-is-layout-flow\">\n<ul id=\"block-5ec6b591-a82a-45bd-aa1b-599082db3ae8\" class=\"wp-block-list\">\n<li><strong>Ry\u0161kus hidrofobinis ir oleofobinis poveikis<\/strong> &#8211; atstumiantis vanden\u012f ir aliej\u0173<\/li>\n\n\n\n<li><strong>Lengvai valomas efektas<\/strong> &#8211; ne\u0161varumai lengvai pa\u0161alinami<\/li>\n\n\n\n<li><strong>Didelis atsparumas dilimui<\/strong> &#8211; nuolatinis cheminis sukibimas su pagrindu<\/li>\n\n\n\n<li><strong>Atsparus temperat\u016brai ir UV spinduliams<\/strong> &#8211; tinka naudoti lauke<\/li>\n\n\n\n<li><strong>Kv\u0117puojantis<\/strong> &#8211; atviras difuzijai<\/li>\n\n\n\n<li><strong>Ilgaam\u017ei\u0161kumas <\/strong>&#8211; 2-5 metai naudojant lauke, \u017eymiai ilgiau naudojant patalpose  <\/li>\n\n\n\n<li><strong>Vartojimas <\/strong>&#8211; 5-10 ml\/m\u00b2 (=&gt; iki 200 m\u00b2 vienam litrui)<\/li>\n\n\n\n<li><strong>Atsparus daugeliui \u012fprast\u0173 buitini\u0173 valikli\u0173<\/strong> (i\u0161skyrus koncentruotus \u0161arminius tirpalus).<\/li>\n\n\n\n<li><strong>Tirpikli\u0173 pagrindu<\/strong> (apie 60 % veikliosios med\u017eiagos)<\/li>\n<\/ul>\n<\/div>\n\n\n\n<div class=\"wp-block-column is-layout-flow wp-block-column-is-layout-flow\">\n<ul id=\"block-6091e271-3752-4132-9f5b-206019bd2d6b\" class=\"wp-block-list\">\n<li><strong>Labai geros antigraffiti savyb\u0117s<\/strong> ant nepor\u0117t\u0173 pavir\u0161i\u0173<\/li>\n\n\n\n<li><strong>Keraminio sluoksnio strukt\u016bra<\/strong> &#8211; atspari kar\u0161\u010diui iki 600 \u00b0C (pl\u0117vel\u0117s vientisumas), 300 \u00b0C be spalvos pasikeitimo<\/li>\n\n\n\n<li><strong>Plono sluoksnio storis<\/strong>: apie 0,5-2 \u03bcm<\/li>\n\n\n\n<li><strong>Sud\u0117tyje yra laki\u0173j\u0173 organini\u0173 jungini\u0173<\/strong> (butilo propionato)<\/li>\n\n\n\n<li><strong>Biostatinis poveikis<\/strong> &#8211; labai slopina mikroorganizm\u0173 augim\u0105  <\/li>\n\n\n\n<li><strong>Spalva<\/strong> &#8211; nuo bespalv\u0117s iki \u0161iek tiek gelsvos<\/li>\n\n\n\n<li><strong>PFAS pastaba <\/strong>&#8211; be PFOA ir PFOS. Fluoro kiekis nevir\u0161ija leistin\u0173 ribini\u0173 ver\u010di\u0173 pagal ES reglament\u0105 Nr. 2024\/2462. Naudojami fluorinti priedai skirti tik purvo atst\u016bmimo savyb\u0117ms pagerinti.  <\/li>\n<\/ul>\n<\/div>\n<\/div>\n\n<hr class=\"wp-block-separator has-text-color has-background is-style-wide\" style=\"background-color:#e1e1e1;color:#e1e1e1\"\/>\n\n<h2 class=\"wp-block-heading\" id=\"application\">Taikymo sritys<\/h2>\n\n<div class=\"wp-block-columns is-layout-flex wp-container-core-columns-is-layout-9d6595d7 wp-block-columns-is-layout-flex\">\n<div class=\"wp-block-column is-layout-flow wp-block-column-is-layout-flow\">\n<ul id=\"block-6091e271-3752-4132-9f5b-206019bd2d6b\" class=\"wp-block-list\">\n<li>Transporto priemoni\u0173 pavir\u0161iaus danga (pvz., k\u0117bul\u0173, ratlanki\u0173)<\/li>\n\n\n\n<li>Lengvai valomos dangos, skirtos vidaus ir lauko patalpoms<\/li>\n\n\n\n<li>Patvarios apsaugin\u0117s dangos j\u016br\u0173 sektoriuje<\/li>\n<\/ul>\n<\/div>\n\n\n\n<div class=\"wp-block-column is-layout-flow wp-block-column-is-layout-flow\">\n<ul class=\"wp-block-list\">\n<li>Jacht\u0173 ir laiv\u0173 da\u017e\u0173 tobulinimas<\/li>\n\n\n\n<li>Automobili\u0173 i\u0161metam\u0173j\u0173 ter\u0161al\u0173 apdorojimas (keraminis sandarinimas)n<\/li>\n\n\n\n<li>Nuo grafiti apsaugan\u010dios dangos ant nepor\u0117t\u0173 pavir\u0161i\u0173<\/li>\n<\/ul>\n<\/div>\n<\/div>\n\n<h2 class=\"wp-block-heading\" id=\"h-anwendung\">Parai\u0161ka<\/h2>\n\n<p><strong>Bendra  <\/strong><\/p>\n\n<ol class=\"wp-block-list\">\n<li>Kruop\u0161\u010diai <a href=\"https:\/\/www.versiegelung24.com\/lt\/biosativa-biologinis-isankstinis-valiklis.html\">nuvalykite<\/a> ir nuriebalinkite pavir\u0161i\u0173 (pvz., <a href=\"https:\/\/www.versiegelung24.com\/lt\/100-didelio-grynumo-bioetanolis-skirtas-profesionaliam-isankstiniam-valymui-kopie.html\">izopropanoliu<\/a>, etilo acetatu arba vaitspiritu). <\/li>\n\n\n\n<li>Pavir\u0161ius turi b\u016bti visi\u0161kai sausas ir neriebaluotas.<\/li>\n\n\n\n<li>Apdorojimo temperat\u016bra: 15-30 \u00b0C, santykin\u0117 oro dr\u0117gm\u0117: 50-80 %. <\/li>\n\n\n\n<li>Venkite tiesiogini\u0173 saul\u0117s spinduli\u0173.<\/li>\n<\/ol>\n\n<p><strong>Parai\u0161ka perbraukiant  <\/strong><\/p>\n\n<ol class=\"wp-block-list\">\n<li>U\u017ela\u0161inkite kelis la\u0161us (5-10\/ml m\u00b2) ant mikropluo\u0161to \u0161luost\u0117s.<\/li>\n\n\n\n<li>Tolygiai tepkite lengvu spaudimu linijiniais judesiais.<\/li>\n\n\n\n<li>Ne v\u0117liau kaip po 30 minu\u010di\u0173 poliruokite mink\u0161ta \u0161luoste. <\/li>\n\n\n\n<li>Jei reikia, proces\u0105 pakartokite.<\/li>\n<\/ol>\n\n<p><strong>Naudojimas pur\u0161kiant  <\/strong><\/p>\n\n<ol class=\"wp-block-list\">\n<li>Purk\u0161tuko dydis: 0,8-1,0 mm \/ sl\u0117gis: 0,6-1,0 bar \/ atstumas: apie 20 cm<\/li>\n\n\n\n<li>Sluoksnio storis (sausas): 2,5-25 \u03bcm (priklausomai nuo i\u0161trauk\u0173)<\/li>\n\n\n\n<li>Alternatyva: Rotacinis varpas (30 000 aps\/min, 2 barai, 0,2-0,4 m\/s, 50-150 ml\/min)  <\/li>\n<\/ol>\n\n<h2 class=\"wp-block-heading\" id=\"h-reinigung-amp-pflege\">Valymas ir prie\u017ei\u016bra<\/h2>\n\n<p>Pavir\u0161iui valyti pakanka \u0161velnaus valiklio, pavyzd\u017eiui, m\u016bs\u0173 <a href=\"https:\/\/www.versiegelung24.com\/lt\/biosativa-biologinis-isankstinis-valiklis.html\">V24 Biosativa\u00ae<\/a> valiklio. Agresyvi\u0173 valymo priemoni\u0173 naudoti nereikia ir nerekomenduojama. <\/p>\n\n<hr class=\"wp-block-separator has-text-color has-css-opacity has-background is-style-wide\" style=\"background-color:#e1e1e1;color:#e1e1e1\"\/>\n\n<h2 class=\"wp-block-heading\" id=\"h-produktsicherheit-amp-lagerung\">Produkt\u0173 sauga ir saugojimas<\/h2>\n\n<p>Informacij\u0105 apie produkto klasifikacij\u0105 pagal Pavojing\u0173 med\u017eiag\u0173 potvark\u012f, saugos duomenis, toksikologinius ir laikymo duomenis galite rasti m\u016bs\u0173 saugos duomen\u0173 lape, <a href=\"https:\/\/www.versiegelung24.com\/lt\/kontaktas\/\">jei papra\u0161ysite<\/a>.<\/p>\n\n<ul class=\"wp-block-list\">\n<li>Permanent Protect 646 neturi liestis su dr\u0117gme.<\/li>\n\n\n\n<li>Med\u017eiagos laikymo temperat\u016bra: nuo +5\u00b0C iki +20\u00b0C.<\/li>\n\n\n\n<li>Asmenin\u0117s apsaugos priemon\u0117s: pir\u0161tin\u0117s, apsauginiai akiniai, tinkama apsaugin\u0117 apranga.<\/li>\n\n\n\n<li>Pirmoji pagalba: Patekus \u012f akis ar ant odos, nedelsiant nuplaukite vandeniu ir kreipkit\u0117s \u012f gydytoj\u0105.<\/li>\n\n\n\n<li>Laikymas: v\u0117sioje, sausoje ir gerai v\u0117dinamoje patalpoje. Kart\u0105 per m\u0117nes\u012f atidarykite talpykl\u0105, v\u0117dindami, kad suma\u017e\u0117t\u0173 sl\u0117gis. <\/li>\n\n\n\n<li>Pripildant rekomenduojama i\u0161 anksto prap\u016bsti azotu.<\/li>\n<\/ul>\n\n<p><strong>&#8220;Permanent Protect 646&#8221; <\/strong>galioja 12 m\u0117nesi\u0173, jei jis laikomas neatidarytas originaliose sandariose pakuot\u0117se.<\/p>\n\n<hr class=\"wp-block-separator has-text-color has-css-opacity has-background is-style-wide\" style=\"background-color:#e1e1e1;color:#e1e1e1\"\/>\n\n<h2 class=\"wp-block-heading\">Bandymas d\u0117l atmosferos poveikio<\/h2>\n\n<figure class=\"wp-block-table aligncenter\"><table class=\"has-fixed-layout\"><thead><tr><th class=\"has-text-align-left\" data-align=\"left\">\u00a0<\/th><th class=\"has-text-align-left\" data-align=\"left\">Druskos pur\u0161kimo bandymas NSS<\/th><th>Kondensacin\u0117 atmosfera,<br\/>pastovus dr\u0117gnumas<\/th><th>Dirbtinis atmosferos poveikis<br\/>su ksenono lanku<\/th><\/tr><\/thead><tbody><tr><td class=\"has-text-align-left\" data-align=\"left\">DIN<\/td><td class=\"has-text-align-left\" data-align=\"left\">EN ISO 9227<\/td><td>EN ISO 6270-2<\/td><td>EN ISO 16474-2<\/td><\/tr><tr><td class=\"has-text-align-left\" data-align=\"left\">\u00a0<\/td><td class=\"has-text-align-left\" data-align=\"left\" colspan=\"3\"><strong>Druskos pur\u0161kimo bandymas ner\u016bdijantis plienas 2,5 \u03bcm, padengtas<\/strong><\/td><\/tr><tr><td class=\"has-text-align-left\" data-align=\"left\">Trukm\u0117<\/td><td class=\"has-text-align-left\" data-align=\"left\">1.500 h<\/td><td>1.400 h<\/td><td>1.400 h<\/td><\/tr><tr><td class=\"has-text-align-left\" data-align=\"left\">Rezultatas<\/td><td class=\"has-text-align-left\" data-align=\"left\">P\u016bsli\u0173 susidarymas: ne<br\/>R\u016bdys: ne<br\/>Korozija ra\u0161iklyje &lt; 0,5 mm<\/td><td>P\u016bsli\u0173 susidarymas: ne<br\/>R\u016bdys: ne<\/td><td>Blizgesio praradimas: 5 %<br\/>\u012etr\u016bkimai: n\u0117ra<br\/>Spalv\u0173 skirtumas \u0394E* = 0,40<\/td><\/tr><tr><td class=\"has-text-align-left\" data-align=\"left\">\u00a0<\/td><td class=\"has-text-align-left\" data-align=\"left\" colspan=\"3\"><strong>Druskos pur\u0161kimo bandymas, aliuminis 2,5 \u03bcm, padengtas<\/strong><\/td><\/tr><tr><td class=\"has-text-align-left\" data-align=\"left\">Trukm\u0117<\/td><td class=\"has-text-align-left\" data-align=\"left\">1.500 h<\/td><td>1.400 h<\/td><td>1.400 h<\/td><\/tr><tr><td class=\"has-text-align-left\" data-align=\"left\">Rezultatas<\/td><td class=\"has-text-align-left\" data-align=\"left\">P\u016bsli\u0173 susidarymas: ne<br\/>R\u016bdys: ne<br\/>Korozija ra\u0161iklyje &lt; 0,5 mm<\/td><td>P\u016bsli\u0173 susidarymas: ne<br\/>R\u016bdys: ne<\/td><td>Blizgesio praradimas: 5 %<br\/>\u012etr\u016bkimai: n\u0117ra<br\/>Spalv\u0173 skirtumas \u0394E* = 0,17<\/td><\/tr><tr><td class=\"has-text-align-left\" data-align=\"left\">\u00a0<\/td><td class=\"has-text-align-left\" data-align=\"left\" colspan=\"3\"><strong>2,5 \u03bcm sm\u0117liuotas plienas, padengtas danga<\/strong><\/td><\/tr><tr><td class=\"has-text-align-left\" data-align=\"left\">Trukm\u0117<\/td><td class=\"has-text-align-left\" data-align=\"left\">1.000 h<\/td><td>1.000 h<\/td><td>1.400 h<\/td><\/tr><tr><td class=\"has-text-align-left\" data-align=\"left\">Rezultatas<\/td><td class=\"has-text-align-left\" data-align=\"left\">P\u016bsli\u0173 susidarymas: ne<br\/>R\u016bdys: ne<br\/>Korozija ra\u0161iklyje &lt; 0,5 mm<\/td><td>P\u016bsli\u0173 susidarymas: ne<br\/>R\u016bdys: ne<\/td><td>Blizgesio praradimas: 12 %<br\/>\u012etr\u016bkimai: n\u0117ra<br\/>Spalv\u0173 skirtumas \u0394E* = 0,51<\/td><\/tr><\/tbody><\/table><\/figure>\n\n<hr class=\"wp-block-separator has-text-color has-css-opacity has-background is-style-wide\" style=\"background-color:#e1e1e1;color:#e1e1e1\"\/>\n","protected":false},"excerpt":{"rendered":"<p><strong>Auk\u0161tos kokyb\u0117s ilgaam\u017e\u0117 keramin\u0117 danga lygiems pavir\u0161iams<\/strong><\/p>\n<p>\u2713 Itin plonas sluoksnio storis<\/p>\n<p>\u2713 Galiojimo laikas 2-5 metai<\/p>\n<p>\u2713 Didelis atsparumas dilimui<\/p>\n<p>\u2713 Biostatinis poveikis<\/p>\n","protected":false},"featured_media":183064,"template":"","meta":{"_acf_changed":false,"neve_meta_sidebar":"","neve_meta_container":"","neve_meta_enable_content_width":"","neve_meta_content_width":0,"neve_meta_title_alignment":"","neve_meta_author_avatar":"","neve_post_elements_order":"","neve_meta_disable_header":"","neve_meta_disable_footer":"","neve_meta_disable_title":"","neve_meta_reading_time":"","_surfaces":[],"_ver_product_tabs":[],"footnotes":""},"product_brand":[],"product_cat":[2994,2186,2480,2518],"product_tag":[],"class_list":{"0":"post-182978","1":"product","2":"type-product","3":"status-publish","4":"has-post-thumbnail","6":"product_cat-skysto-stiklo-sandarinimas","7":"product_cat-automobilio-sandarinimas","8":"product_cat-universalus-sandariklis","9":"product_cat-metalinis-ir-plastikinis-sandarinimas","10":"pa_gebinde-100-ml-buteliukas","11":"pa_gebinde-1000-ml-buteliukas","13":"first","14":"instock","15":"taxable","16":"shipping-taxable","17":"purchasable","18":"product-type-variable","19":"has-default-attributes"},"acf":[],"yoast_head":"<!-- This site is optimized with the Yoast SEO Premium plugin v22.8 (Yoast SEO v27.5) - https:\/\/yoast.com\/product\/yoast-seo-premium-wordpress\/ -->\n<title>&quot;Permanent Protector 646 Ultra Thin&quot; - 9H keraminis hermetikas<\/title>\n<meta name=\"description\" content=\"Paprasta naudoti, stipri apsauga. Naujasis &quot;Permanent Protector 646 Ultra Thin - 9H&quot; keraminis hermetikas u\u017etikrina patikim\u0105 apsaug\u0105 nuo i\u0161orinio poveikio\" \/>\n<meta name=\"robots\" content=\"index, follow, max-snippet:-1, max-image-preview:large, max-video-preview:-1\" \/>\n<link rel=\"canonical\" href=\"https:\/\/www.versiegelung24.com\/lt\/permanent-protector-646.html\" \/>\n<meta property=\"og:locale\" content=\"lt_LT\" \/>\n<meta property=\"og:type\" content=\"article\" \/>\n<meta property=\"og:title\" content=\"Nuolatin\u0117 apsauga 646 5M\" \/>\n<meta property=\"og:description\" content=\"Paprasta naudoti, stipri apsauga. Naujasis &quot;Permanent Protector 646 Ultra Thin - 9H&quot; keraminis hermetikas u\u017etikrina patikim\u0105 apsaug\u0105 nuo i\u0161orinio poveikio\" \/>\n<meta property=\"og:url\" content=\"https:\/\/www.versiegelung24.com\/lt\/permanent-protector-646.html\" \/>\n<meta property=\"og:site_name\" content=\"versiegelung24.com\" \/>\n<meta property=\"article:modified_time\" content=\"2025-09-08T14:04:12+00:00\" \/>\n<meta property=\"og:image\" content=\"https:\/\/www.versiegelung24.com\/wp-content\/uploads\/2025\/08\/V24-Permanent-Protector-646-Keramikversiegelung-scaled-1.jpg\" \/>\n\t<meta property=\"og:image:width\" content=\"2560\" \/>\n\t<meta property=\"og:image:height\" content=\"2560\" \/>\n\t<meta property=\"og:image:type\" content=\"image\/jpeg\" \/>\n<meta name=\"twitter:card\" content=\"summary_large_image\" \/>\n<meta name=\"twitter:label1\" content=\"Availability\" \/>\n\t<meta name=\"twitter:data1\" content=\"In stock\" \/>\n<script type=\"application\/ld+json\" class=\"yoast-schema-graph\">{\"@context\":\"https:\\\/\\\/schema.org\",\"@graph\":[{\"@type\":\"WebPage\",\"@id\":\"https:\\\/\\\/www.versiegelung24.com\\\/lt\\\/permanent-protector-646.html\",\"url\":\"https:\\\/\\\/www.versiegelung24.com\\\/lt\\\/permanent-protector-646.html\",\"name\":\"\\\"Permanent Protector 646 Ultra Thin\\\" - 9H keraminis hermetikas\",\"isPartOf\":{\"@id\":\"https:\\\/\\\/www.versiegelung24.com\\\/lt\\\/#website\"},\"primaryImageOfPage\":{\"@id\":\"https:\\\/\\\/www.versiegelung24.com\\\/lt\\\/permanent-protector-646.html#primaryimage\"},\"image\":{\"@id\":\"https:\\\/\\\/www.versiegelung24.com\\\/lt\\\/permanent-protector-646.html#primaryimage\"},\"thumbnailUrl\":\"https:\\\/\\\/www.versiegelung24.com\\\/wp-content\\\/uploads\\\/2025\\\/08\\\/V24-Permanent-Protector-646-Keramikversiegelung-scaled-1.jpg\",\"datePublished\":\"2025-08-28T12:07:51+00:00\",\"dateModified\":\"2025-09-08T14:04:12+00:00\",\"description\":\"Paprasta naudoti, stipri apsauga. Naujasis \\\"Permanent Protector 646 Ultra Thin - 9H\\\" keraminis hermetikas u\u017etikrina patikim\u0105 apsaug\u0105 nuo i\u0161orinio poveikio\",\"breadcrumb\":{\"@id\":\"https:\\\/\\\/www.versiegelung24.com\\\/lt\\\/permanent-protector-646.html#breadcrumb\"},\"inLanguage\":\"lt-LT\",\"potentialAction\":[{\"@type\":\"ReadAction\",\"target\":[\"https:\\\/\\\/www.versiegelung24.com\\\/lt\\\/permanent-protector-646.html\"]}]},{\"@type\":\"ImageObject\",\"inLanguage\":\"lt-LT\",\"@id\":\"https:\\\/\\\/www.versiegelung24.com\\\/lt\\\/permanent-protector-646.html#primaryimage\",\"url\":\"https:\\\/\\\/www.versiegelung24.com\\\/wp-content\\\/uploads\\\/2025\\\/08\\\/V24-Permanent-Protector-646-Keramikversiegelung-scaled-1.jpg\",\"contentUrl\":\"https:\\\/\\\/www.versiegelung24.com\\\/wp-content\\\/uploads\\\/2025\\\/08\\\/V24-Permanent-Protector-646-Keramikversiegelung-scaled-1.jpg\",\"width\":2560,\"height\":2560},{\"@type\":\"BreadcrumbList\",\"@id\":\"https:\\\/\\\/www.versiegelung24.com\\\/lt\\\/permanent-protector-646.html#breadcrumb\",\"itemListElement\":[{\"@type\":\"ListItem\",\"position\":1,\"name\":\"Prad\u017eia\",\"item\":\"https:\\\/\\\/www.versiegelung24.com\\\/lt\\\/priekinis\\\/\"},{\"@type\":\"ListItem\",\"position\":2,\"name\":\"Parduotuv\u0117\",\"item\":\"https:\\\/\\\/www.versiegelung24.com\\\/lt\\\/parduotuve-2\\\/\"},{\"@type\":\"ListItem\",\"position\":3,\"name\":\"Nuolatin\u0117 apsauga 646 5M\"}]},{\"@type\":\"WebSite\",\"@id\":\"https:\\\/\\\/www.versiegelung24.com\\\/lt\\\/#website\",\"url\":\"https:\\\/\\\/www.versiegelung24.com\\\/lt\\\/\",\"name\":\"versiegelung24.com\",\"description\":\"Fl\u00fcssigglas-Versiegelung - Made in Germany\",\"publisher\":{\"@id\":\"https:\\\/\\\/www.versiegelung24.com\\\/lt\\\/#organization\"},\"potentialAction\":[{\"@type\":\"SearchAction\",\"target\":{\"@type\":\"EntryPoint\",\"urlTemplate\":\"https:\\\/\\\/www.versiegelung24.com\\\/lt\\\/?s={search_term_string}\"},\"query-input\":{\"@type\":\"PropertyValueSpecification\",\"valueRequired\":true,\"valueName\":\"search_term_string\"}}],\"inLanguage\":\"lt-LT\"},{\"@type\":\"Organization\",\"@id\":\"https:\\\/\\\/www.versiegelung24.com\\\/lt\\\/#organization\",\"name\":\"versiegelung24\",\"url\":\"https:\\\/\\\/www.versiegelung24.com\\\/lt\\\/\",\"logo\":{\"@type\":\"ImageObject\",\"inLanguage\":\"lt-LT\",\"@id\":\"https:\\\/\\\/www.versiegelung24.com\\\/lt\\\/#\\\/schema\\\/logo\\\/image\\\/\",\"url\":\"https:\\\/\\\/www.versiegelung24.com\\\/wp-content\\\/uploads\\\/2020\\\/04\\\/versiegelung24.png\",\"contentUrl\":\"https:\\\/\\\/www.versiegelung24.com\\\/wp-content\\\/uploads\\\/2020\\\/04\\\/versiegelung24.png\",\"width\":470,\"height\":102,\"caption\":\"versiegelung24\"},\"image\":{\"@id\":\"https:\\\/\\\/www.versiegelung24.com\\\/lt\\\/#\\\/schema\\\/logo\\\/image\\\/\"}}]}<\/script>\n<meta property=\"og:availability\" content=\"instock\" \/>\n<meta property=\"product:availability\" content=\"instock\" \/>\n<meta property=\"product:retailer_item_id\" content=\"8056-646\" \/>\n<meta property=\"product:condition\" content=\"new\" \/>\n<!-- \/ Yoast SEO Premium plugin. -->","yoast_head_json":{"title":"\"Permanent Protector 646 Ultra Thin\" - 9H keraminis hermetikas","description":"Paprasta naudoti, stipri apsauga. Naujasis \"Permanent Protector 646 Ultra Thin - 9H\" keraminis hermetikas u\u017etikrina patikim\u0105 apsaug\u0105 nuo i\u0161orinio poveikio","robots":{"index":"index","follow":"follow","max-snippet":"max-snippet:-1","max-image-preview":"max-image-preview:large","max-video-preview":"max-video-preview:-1"},"canonical":"https:\/\/www.versiegelung24.com\/lt\/permanent-protector-646.html","og_locale":"lt_LT","og_type":"article","og_title":"Nuolatin\u0117 apsauga 646 5M","og_description":"Paprasta naudoti, stipri apsauga. Naujasis \"Permanent Protector 646 Ultra Thin - 9H\" keraminis hermetikas u\u017etikrina patikim\u0105 apsaug\u0105 nuo i\u0161orinio poveikio","og_url":"https:\/\/www.versiegelung24.com\/lt\/permanent-protector-646.html","og_site_name":"versiegelung24.com","article_modified_time":"2025-09-08T14:04:12+00:00","og_image":[{"width":2560,"height":2560,"url":"https:\/\/www.versiegelung24.com\/wp-content\/uploads\/2025\/08\/V24-Permanent-Protector-646-Keramikversiegelung-scaled-1.jpg","type":"image\/jpeg"}],"twitter_card":"summary_large_image","twitter_misc":{"Availability":"In stock"},"schema":{"@context":"https:\/\/schema.org","@graph":[{"@type":"WebPage","@id":"https:\/\/www.versiegelung24.com\/lt\/permanent-protector-646.html","url":"https:\/\/www.versiegelung24.com\/lt\/permanent-protector-646.html","name":"\"Permanent Protector 646 Ultra Thin\" - 9H keraminis hermetikas","isPartOf":{"@id":"https:\/\/www.versiegelung24.com\/lt\/#website"},"primaryImageOfPage":{"@id":"https:\/\/www.versiegelung24.com\/lt\/permanent-protector-646.html#primaryimage"},"image":{"@id":"https:\/\/www.versiegelung24.com\/lt\/permanent-protector-646.html#primaryimage"},"thumbnailUrl":"https:\/\/www.versiegelung24.com\/wp-content\/uploads\/2025\/08\/V24-Permanent-Protector-646-Keramikversiegelung-scaled-1.jpg","datePublished":"2025-08-28T12:07:51+00:00","dateModified":"2025-09-08T14:04:12+00:00","description":"Paprasta naudoti, stipri apsauga. Naujasis \"Permanent Protector 646 Ultra Thin - 9H\" keraminis hermetikas u\u017etikrina patikim\u0105 apsaug\u0105 nuo i\u0161orinio poveikio","breadcrumb":{"@id":"https:\/\/www.versiegelung24.com\/lt\/permanent-protector-646.html#breadcrumb"},"inLanguage":"lt-LT","potentialAction":[{"@type":"ReadAction","target":["https:\/\/www.versiegelung24.com\/lt\/permanent-protector-646.html"]}]},{"@type":"ImageObject","inLanguage":"lt-LT","@id":"https:\/\/www.versiegelung24.com\/lt\/permanent-protector-646.html#primaryimage","url":"https:\/\/www.versiegelung24.com\/wp-content\/uploads\/2025\/08\/V24-Permanent-Protector-646-Keramikversiegelung-scaled-1.jpg","contentUrl":"https:\/\/www.versiegelung24.com\/wp-content\/uploads\/2025\/08\/V24-Permanent-Protector-646-Keramikversiegelung-scaled-1.jpg","width":2560,"height":2560},{"@type":"BreadcrumbList","@id":"https:\/\/www.versiegelung24.com\/lt\/permanent-protector-646.html#breadcrumb","itemListElement":[{"@type":"ListItem","position":1,"name":"Prad\u017eia","item":"https:\/\/www.versiegelung24.com\/lt\/priekinis\/"},{"@type":"ListItem","position":2,"name":"Parduotuv\u0117","item":"https:\/\/www.versiegelung24.com\/lt\/parduotuve-2\/"},{"@type":"ListItem","position":3,"name":"Nuolatin\u0117 apsauga 646 5M"}]},{"@type":"WebSite","@id":"https:\/\/www.versiegelung24.com\/lt\/#website","url":"https:\/\/www.versiegelung24.com\/lt\/","name":"versiegelung24.com","description":"Fl\u00fcssigglas-Versiegelung - Made in Germany","publisher":{"@id":"https:\/\/www.versiegelung24.com\/lt\/#organization"},"potentialAction":[{"@type":"SearchAction","target":{"@type":"EntryPoint","urlTemplate":"https:\/\/www.versiegelung24.com\/lt\/?s={search_term_string}"},"query-input":{"@type":"PropertyValueSpecification","valueRequired":true,"valueName":"search_term_string"}}],"inLanguage":"lt-LT"},{"@type":"Organization","@id":"https:\/\/www.versiegelung24.com\/lt\/#organization","name":"versiegelung24","url":"https:\/\/www.versiegelung24.com\/lt\/","logo":{"@type":"ImageObject","inLanguage":"lt-LT","@id":"https:\/\/www.versiegelung24.com\/lt\/#\/schema\/logo\/image\/","url":"https:\/\/www.versiegelung24.com\/wp-content\/uploads\/2020\/04\/versiegelung24.png","contentUrl":"https:\/\/www.versiegelung24.com\/wp-content\/uploads\/2020\/04\/versiegelung24.png","width":470,"height":102,"caption":"versiegelung24"},"image":{"@id":"https:\/\/www.versiegelung24.com\/lt\/#\/schema\/logo\/image\/"}}]},"og_availability":"instock","product_availability":"instock","product_retailer_item_id":"8056-646","product_condition":"new"},"_links":{"self":[{"href":"https:\/\/www.versiegelung24.com\/lt\/wp-json\/wp\/v2\/product\/182978","targetHints":{"allow":["GET"]}}],"collection":[{"href":"https:\/\/www.versiegelung24.com\/lt\/wp-json\/wp\/v2\/product"}],"about":[{"href":"https:\/\/www.versiegelung24.com\/lt\/wp-json\/wp\/v2\/types\/product"}],"version-history":[{"count":3,"href":"https:\/\/www.versiegelung24.com\/lt\/wp-json\/wp\/v2\/product\/182978\/revisions"}],"predecessor-version":[{"id":183602,"href":"https:\/\/www.versiegelung24.com\/lt\/wp-json\/wp\/v2\/product\/182978\/revisions\/183602"}],"wp:featuredmedia":[{"embeddable":true,"href":"https:\/\/www.versiegelung24.com\/lt\/wp-json\/wp\/v2\/media\/183064"}],"wp:attachment":[{"href":"https:\/\/www.versiegelung24.com\/lt\/wp-json\/wp\/v2\/media?parent=182978"}],"wp:term":[{"taxonomy":"product_brand","embeddable":true,"href":"https:\/\/www.versiegelung24.com\/lt\/wp-json\/wp\/v2\/product_brand?post=182978"},{"taxonomy":"product_cat","embeddable":true,"href":"https:\/\/www.versiegelung24.com\/lt\/wp-json\/wp\/v2\/product_cat?post=182978"},{"taxonomy":"product_tag","embeddable":true,"href":"https:\/\/www.versiegelung24.com\/lt\/wp-json\/wp\/v2\/product_tag?post=182978"}],"curies":[{"name":"wp","href":"https:\/\/api.w.org\/{rel}","templated":true}]}}