{"id":22748,"date":"2020-04-04T18:53:12","date_gmt":"2021-08-02T18:56:04","guid":{"rendered":"https:\/\/www.versiegelung24.com\/produkt\/automobiliu-dazai-specialus-lakas-ir-sandarinimas-2in1"},"modified":"2025-01-03T23:27:18","modified_gmt":"2025-01-03T22:27:18","slug":"automobiliu-dazai-specialus-polish-sealing-2in1","status":"publish","type":"product","link":"https:\/\/www.versiegelung24.com\/lt\/automobiliu-dazai-specialus-polish-sealing-2in1.html","title":{"rendered":"Specialus automobili\u0173 da\u017e\u0173 poliravimo ir sandarinimo skystis 2in1"},"content":{"rendered":"\n<p><strong>Labai efektyvus automobili\u0173 da\u017e\u0173 specialus lakas ir sandariklis 2in1 skirtas automobili\u0173 da\u017eams, ilgaam\u017ei\u0161kumas iki 3 m\u0117nesi\u0173<\/strong><\/p>\n\n<p>Auk\u0161tos kokyb\u0117s Pagaminta Vokietijoje.<\/p>\n\n<p><br\/><br\/>Lengva naudoti: 1. Nuvalykite sandarikl\u012f ir nupoliruokite. 2. Leiskite sukiet\u0117ti 12 valand\u0173 &#8211; baigta<\/p>\n\n<p>Tinkamumo laikas: iki 3 m\u0117nesi\u0173<\/p>\n\n<hr\/>\n\n<h4 class=\"wp-block-heading\" id=\"properties\">Produkto savyb\u0117s<\/h4>\n\n<div class=\"wp-block-columns is-layout-flex wp-container-core-columns-is-layout-9d6595d7 wp-block-columns-is-layout-flex\">\n<div class=\"wp-block-column is-layout-flow wp-block-column-is-layout-flow\">\n<ul class=\"wp-block-list\"><li>Auk\u0161tos kokyb\u0117s lakas be abrazyvini\u0173 komponent\u0173, da\u017e\u0173 sluoksniai n\u0117ra u\u017epulti<\/li><li>Emulsija, labai paprasta naudoti<\/li><li>Gaivinantis blizges\u012f ir spalv\u0105<\/li><li>Vienu \u017eingsniu valo, poliruoja ir sandarina (pa\u0161alina derv\u0105, derv\u0105 ir vabzd\u017ei\u0173 liku\u010dius)<\/li><li>Vanden\u012f ir purv\u0105 atstumianti nelipni danga, blizgi<\/li><li>Neleid\u017eia deguto ir vabzd\u017ei\u0173 liekan\u0173 prilipti prie pavir\u0161iaus<\/li><li>Skirtas vidaus ir lauko reikm\u0117ms<\/li><\/ul>\n<\/div>\n\n\n\n<div class=\"wp-block-column is-layout-flow wp-block-column-is-layout-flow\">\n<ul class=\"wp-block-list\"><li>Skaidrus \/ nematomas, pavir\u0161iaus i\u0161vaizda i\u0161lieka nepakitusi<\/li><li>Atsparus \u0161al\u010diui, valymui (\u012fskaitant automobili\u0173 plovim\u0105), UV (apsaugo nuo da\u017e\u0173 blukimo), \u0161armams \/ \u0161armams, j\u016bros vandeniui, s\u016briam orui, vabzd\u017ei\u0173 i\u0161matoms ir kitiems stipriems ne\u0161varumams<\/li><li>\u017dymiai suma\u017eina oro pasiprie\u0161inim\u0105 ir taip padidina transporto priemoni\u0173 efektyvum\u0105<\/li><li>\u201eLengvai valomas\u201c efektas, padengti pavir\u0161iai ilgiau i\u0161lieka \u0161var\u016bs ir lengviau valomi.<\/li><li>Suma\u017eina \u012fbr\u0117\u017eimus<\/li><\/ul>\n\n\n\n<p><br\/><br\/>Pristatymo apimtis: 1 x litrinis butelis 1 x produkto apra\u0161ymas<\/p>\n<\/div>\n<\/div>\n\n<hr\/>\n\n<h4 class=\"wp-block-heading\" id=\"application\">Parai\u0161ka<\/h4>\n\n<ul class=\"wp-block-list\"><li>Idealiai tinka da\u017eyti transporto priemoni\u0173 da\u017eus: automobilius, motociklus, autobusus (ypa\u010d efektyvus ne senesniems kaip 10 met\u0173 da\u017eams)<\/li><li>Lengvo lydinio ratlanki\u0173 purv\u0105 ir vanden\u012f atstumian\u010dios proced\u016bros (lengviau valomos)<\/li><li>Metalo apdorojimas (apsauga nuo r\u016bd\u017ei\u0173 ir oksidacijos)<\/li><\/ul>\n\n<p>Reikalingas kiekis priklauso nuo dengiamo pavir\u0161iaus (nusid\u0117v\u0117jimo ir ne\u0161varumo laipsnio) ir naudojamo audinio. I\u0161eiga apie 20-40 ml\/m\u00b2<\/p>\n","protected":false},"excerpt":{"rendered":"<p><strong>Labai efektyvus profesionalus automobili\u0173 da\u017e\u0173 poliravimas:<\/strong><\/p>\n<p>\u2713 su lotoso efektu (atstumiantis vanden\u012f)<\/p>\n<p>\u2713 Tinkamumo laikas iki 3 m\u0117nesi\u0173<\/p>\n","protected":false},"featured_media":17650,"template":"","meta":{"_acf_changed":false,"neve_meta_sidebar":"","neve_meta_container":"","neve_meta_enable_content_width":"","neve_meta_content_width":0,"neve_meta_title_alignment":"","neve_meta_author_avatar":"","neve_post_elements_order":"","neve_meta_disable_header":"","neve_meta_disable_footer":"","neve_meta_disable_title":"","neve_meta_reading_time":"","_surfaces":[],"_ver_product_tabs":[],"footnotes":""},"product_brand":[],"product_cat":[2186],"product_tag":[],"class_list":{"0":"post-22748","1":"product","2":"type-product","3":"status-publish","4":"has-post-thumbnail","6":"product_cat-automobilio-sandarinimas","8":"first","9":"instock","10":"taxable","11":"shipping-taxable","12":"purchasable","13":"product-type-simple"},"acf":[],"yoast_head":"<!-- This site is optimized with the Yoast SEO Premium plugin v22.8 (Yoast SEO v27.5) - https:\/\/yoast.com\/product\/yoast-seo-premium-wordpress\/ -->\n<title>Specialus automobili\u0173 da\u017e\u0173 poliravimo ir sandarinimo skystis 2in1 - versiegelung24.com<\/title>\n<meta name=\"robots\" content=\"index, follow, max-snippet:-1, max-image-preview:large, max-video-preview:-1\" \/>\n<link rel=\"canonical\" href=\"https:\/\/www.versiegelung24.com\/lt\/automobiliu-dazai-specialus-polish-sealing-2in1.html\" \/>\n<meta property=\"og:locale\" content=\"lt_LT\" \/>\n<meta property=\"og:type\" content=\"article\" \/>\n<meta property=\"og:title\" content=\"Specialus automobili\u0173 da\u017e\u0173 poliravimo ir sandarinimo skystis 2in1\" \/>\n<meta property=\"og:description\" content=\"Labai efektyvus profesionalus automobili\u0173 da\u017e\u0173 poliravimas: \u2713 su lotoso efektu (atstumiantis vanden\u012f) \u2713 Tinkamumo laikas iki 3 m\u0117nesi\u0173\" \/>\n<meta property=\"og:url\" content=\"https:\/\/www.versiegelung24.com\/lt\/automobiliu-dazai-specialus-polish-sealing-2in1.html\" \/>\n<meta property=\"og:site_name\" content=\"versiegelung24.com\" \/>\n<meta property=\"article:modified_time\" content=\"2025-01-03T22:27:18+00:00\" \/>\n<meta property=\"og:image\" content=\"https:\/\/www.versiegelung24.com\/wp-content\/uploads\/2020\/06\/produkt-2000-7660-1000-Autolack-Spezial-Politur-Versiegelung2in1-scaled.jpg\" \/>\n\t<meta property=\"og:image:width\" content=\"2560\" \/>\n\t<meta property=\"og:image:height\" content=\"2560\" \/>\n\t<meta property=\"og:image:type\" content=\"image\/jpeg\" \/>\n<meta name=\"twitter:card\" content=\"summary_large_image\" \/>\n<meta name=\"twitter:label1\" content=\"Price\" \/>\n\t<meta name=\"twitter:data1\" content=\"99,00&euro;\" \/>\n\t<meta name=\"twitter:label2\" content=\"Availability\" \/>\n\t<meta name=\"twitter:data2\" content=\"In stock\" \/>\n<script type=\"application\/ld+json\" class=\"yoast-schema-graph\">{\"@context\":\"https:\\\/\\\/schema.org\",\"@graph\":[{\"@type\":\"WebPage\",\"@id\":\"https:\\\/\\\/www.versiegelung24.com\\\/lt\\\/automobiliu-dazai-specialus-polish-sealing-2in1.html\",\"url\":\"https:\\\/\\\/www.versiegelung24.com\\\/lt\\\/automobiliu-dazai-specialus-polish-sealing-2in1.html\",\"name\":\"Specialus automobili\u0173 da\u017e\u0173 poliravimo ir sandarinimo skystis 2in1 - versiegelung24.com\",\"isPartOf\":{\"@id\":\"https:\\\/\\\/www.versiegelung24.com\\\/lt\\\/#website\"},\"primaryImageOfPage\":{\"@id\":\"https:\\\/\\\/www.versiegelung24.com\\\/lt\\\/automobiliu-dazai-specialus-polish-sealing-2in1.html#primaryimage\"},\"image\":{\"@id\":\"https:\\\/\\\/www.versiegelung24.com\\\/lt\\\/automobiliu-dazai-specialus-polish-sealing-2in1.html#primaryimage\"},\"thumbnailUrl\":\"https:\\\/\\\/www.versiegelung24.com\\\/wp-content\\\/uploads\\\/2020\\\/06\\\/produkt-2000-7660-1000-Autolack-Spezial-Politur-Versiegelung2in1-scaled.jpg\",\"datePublished\":\"2021-08-02T18:56:04+00:00\",\"dateModified\":\"2025-01-03T22:27:18+00:00\",\"breadcrumb\":{\"@id\":\"https:\\\/\\\/www.versiegelung24.com\\\/lt\\\/automobiliu-dazai-specialus-polish-sealing-2in1.html#breadcrumb\"},\"inLanguage\":\"lt-LT\",\"potentialAction\":[{\"@type\":\"ReadAction\",\"target\":[\"https:\\\/\\\/www.versiegelung24.com\\\/lt\\\/automobiliu-dazai-specialus-polish-sealing-2in1.html\"]}]},{\"@type\":\"ImageObject\",\"inLanguage\":\"lt-LT\",\"@id\":\"https:\\\/\\\/www.versiegelung24.com\\\/lt\\\/automobiliu-dazai-specialus-polish-sealing-2in1.html#primaryimage\",\"url\":\"https:\\\/\\\/www.versiegelung24.com\\\/wp-content\\\/uploads\\\/2020\\\/06\\\/produkt-2000-7660-1000-Autolack-Spezial-Politur-Versiegelung2in1-scaled.jpg\",\"contentUrl\":\"https:\\\/\\\/www.versiegelung24.com\\\/wp-content\\\/uploads\\\/2020\\\/06\\\/produkt-2000-7660-1000-Autolack-Spezial-Politur-Versiegelung2in1-scaled.jpg\",\"width\":2560,\"height\":2560},{\"@type\":\"BreadcrumbList\",\"@id\":\"https:\\\/\\\/www.versiegelung24.com\\\/lt\\\/automobiliu-dazai-specialus-polish-sealing-2in1.html#breadcrumb\",\"itemListElement\":[{\"@type\":\"ListItem\",\"position\":1,\"name\":\"Prad\u017eia\",\"item\":\"https:\\\/\\\/www.versiegelung24.com\\\/lt\\\/priekinis\\\/\"},{\"@type\":\"ListItem\",\"position\":2,\"name\":\"Parduotuv\u0117\",\"item\":\"https:\\\/\\\/www.versiegelung24.com\\\/lt\\\/parduotuve-2\\\/\"},{\"@type\":\"ListItem\",\"position\":3,\"name\":\"Specialus automobili\u0173 da\u017e\u0173 poliravimo ir sandarinimo skystis 2in1\"}]},{\"@type\":\"WebSite\",\"@id\":\"https:\\\/\\\/www.versiegelung24.com\\\/lt\\\/#website\",\"url\":\"https:\\\/\\\/www.versiegelung24.com\\\/lt\\\/\",\"name\":\"versiegelung24.com\",\"description\":\"Fl\u00fcssigglas-Versiegelung - Made in Germany\",\"publisher\":{\"@id\":\"https:\\\/\\\/www.versiegelung24.com\\\/lt\\\/#organization\"},\"potentialAction\":[{\"@type\":\"SearchAction\",\"target\":{\"@type\":\"EntryPoint\",\"urlTemplate\":\"https:\\\/\\\/www.versiegelung24.com\\\/lt\\\/?s={search_term_string}\"},\"query-input\":{\"@type\":\"PropertyValueSpecification\",\"valueRequired\":true,\"valueName\":\"search_term_string\"}}],\"inLanguage\":\"lt-LT\"},{\"@type\":\"Organization\",\"@id\":\"https:\\\/\\\/www.versiegelung24.com\\\/lt\\\/#organization\",\"name\":\"versiegelung24\",\"url\":\"https:\\\/\\\/www.versiegelung24.com\\\/lt\\\/\",\"logo\":{\"@type\":\"ImageObject\",\"inLanguage\":\"lt-LT\",\"@id\":\"https:\\\/\\\/www.versiegelung24.com\\\/lt\\\/#\\\/schema\\\/logo\\\/image\\\/\",\"url\":\"https:\\\/\\\/www.versiegelung24.com\\\/wp-content\\\/uploads\\\/2020\\\/04\\\/versiegelung24.png\",\"contentUrl\":\"https:\\\/\\\/www.versiegelung24.com\\\/wp-content\\\/uploads\\\/2020\\\/04\\\/versiegelung24.png\",\"width\":470,\"height\":102,\"caption\":\"versiegelung24\"},\"image\":{\"@id\":\"https:\\\/\\\/www.versiegelung24.com\\\/lt\\\/#\\\/schema\\\/logo\\\/image\\\/\"}}]}<\/script>\n<meta property=\"product:price:amount\" content=\"99.00\" \/>\n<meta property=\"product:price:currency\" content=\"EUR\" \/>\n<meta property=\"og:availability\" content=\"instock\" \/>\n<meta property=\"product:availability\" content=\"instock\" \/>\n<meta property=\"product:retailer_item_id\" content=\"2000-7660-1000\" \/>\n<meta property=\"product:condition\" content=\"new\" \/>\n<!-- \/ Yoast SEO Premium plugin. -->","yoast_head_json":{"title":"Specialus automobili\u0173 da\u017e\u0173 poliravimo ir sandarinimo skystis 2in1 - versiegelung24.com","robots":{"index":"index","follow":"follow","max-snippet":"max-snippet:-1","max-image-preview":"max-image-preview:large","max-video-preview":"max-video-preview:-1"},"canonical":"https:\/\/www.versiegelung24.com\/lt\/automobiliu-dazai-specialus-polish-sealing-2in1.html","og_locale":"lt_LT","og_type":"article","og_title":"Specialus automobili\u0173 da\u017e\u0173 poliravimo ir sandarinimo skystis 2in1","og_description":"Labai efektyvus profesionalus automobili\u0173 da\u017e\u0173 poliravimas: \u2713 su lotoso efektu (atstumiantis vanden\u012f) \u2713 Tinkamumo laikas iki 3 m\u0117nesi\u0173","og_url":"https:\/\/www.versiegelung24.com\/lt\/automobiliu-dazai-specialus-polish-sealing-2in1.html","og_site_name":"versiegelung24.com","article_modified_time":"2025-01-03T22:27:18+00:00","og_image":[{"width":2560,"height":2560,"url":"https:\/\/www.versiegelung24.com\/wp-content\/uploads\/2020\/06\/produkt-2000-7660-1000-Autolack-Spezial-Politur-Versiegelung2in1-scaled.jpg","type":"image\/jpeg"}],"twitter_card":"summary_large_image","twitter_misc":{"Price":"99,00&euro;","Availability":"In stock"},"schema":{"@context":"https:\/\/schema.org","@graph":[{"@type":"WebPage","@id":"https:\/\/www.versiegelung24.com\/lt\/automobiliu-dazai-specialus-polish-sealing-2in1.html","url":"https:\/\/www.versiegelung24.com\/lt\/automobiliu-dazai-specialus-polish-sealing-2in1.html","name":"Specialus automobili\u0173 da\u017e\u0173 poliravimo ir sandarinimo skystis 2in1 - versiegelung24.com","isPartOf":{"@id":"https:\/\/www.versiegelung24.com\/lt\/#website"},"primaryImageOfPage":{"@id":"https:\/\/www.versiegelung24.com\/lt\/automobiliu-dazai-specialus-polish-sealing-2in1.html#primaryimage"},"image":{"@id":"https:\/\/www.versiegelung24.com\/lt\/automobiliu-dazai-specialus-polish-sealing-2in1.html#primaryimage"},"thumbnailUrl":"https:\/\/www.versiegelung24.com\/wp-content\/uploads\/2020\/06\/produkt-2000-7660-1000-Autolack-Spezial-Politur-Versiegelung2in1-scaled.jpg","datePublished":"2021-08-02T18:56:04+00:00","dateModified":"2025-01-03T22:27:18+00:00","breadcrumb":{"@id":"https:\/\/www.versiegelung24.com\/lt\/automobiliu-dazai-specialus-polish-sealing-2in1.html#breadcrumb"},"inLanguage":"lt-LT","potentialAction":[{"@type":"ReadAction","target":["https:\/\/www.versiegelung24.com\/lt\/automobiliu-dazai-specialus-polish-sealing-2in1.html"]}]},{"@type":"ImageObject","inLanguage":"lt-LT","@id":"https:\/\/www.versiegelung24.com\/lt\/automobiliu-dazai-specialus-polish-sealing-2in1.html#primaryimage","url":"https:\/\/www.versiegelung24.com\/wp-content\/uploads\/2020\/06\/produkt-2000-7660-1000-Autolack-Spezial-Politur-Versiegelung2in1-scaled.jpg","contentUrl":"https:\/\/www.versiegelung24.com\/wp-content\/uploads\/2020\/06\/produkt-2000-7660-1000-Autolack-Spezial-Politur-Versiegelung2in1-scaled.jpg","width":2560,"height":2560},{"@type":"BreadcrumbList","@id":"https:\/\/www.versiegelung24.com\/lt\/automobiliu-dazai-specialus-polish-sealing-2in1.html#breadcrumb","itemListElement":[{"@type":"ListItem","position":1,"name":"Prad\u017eia","item":"https:\/\/www.versiegelung24.com\/lt\/priekinis\/"},{"@type":"ListItem","position":2,"name":"Parduotuv\u0117","item":"https:\/\/www.versiegelung24.com\/lt\/parduotuve-2\/"},{"@type":"ListItem","position":3,"name":"Specialus automobili\u0173 da\u017e\u0173 poliravimo ir sandarinimo skystis 2in1"}]},{"@type":"WebSite","@id":"https:\/\/www.versiegelung24.com\/lt\/#website","url":"https:\/\/www.versiegelung24.com\/lt\/","name":"versiegelung24.com","description":"Fl\u00fcssigglas-Versiegelung - Made in Germany","publisher":{"@id":"https:\/\/www.versiegelung24.com\/lt\/#organization"},"potentialAction":[{"@type":"SearchAction","target":{"@type":"EntryPoint","urlTemplate":"https:\/\/www.versiegelung24.com\/lt\/?s={search_term_string}"},"query-input":{"@type":"PropertyValueSpecification","valueRequired":true,"valueName":"search_term_string"}}],"inLanguage":"lt-LT"},{"@type":"Organization","@id":"https:\/\/www.versiegelung24.com\/lt\/#organization","name":"versiegelung24","url":"https:\/\/www.versiegelung24.com\/lt\/","logo":{"@type":"ImageObject","inLanguage":"lt-LT","@id":"https:\/\/www.versiegelung24.com\/lt\/#\/schema\/logo\/image\/","url":"https:\/\/www.versiegelung24.com\/wp-content\/uploads\/2020\/04\/versiegelung24.png","contentUrl":"https:\/\/www.versiegelung24.com\/wp-content\/uploads\/2020\/04\/versiegelung24.png","width":470,"height":102,"caption":"versiegelung24"},"image":{"@id":"https:\/\/www.versiegelung24.com\/lt\/#\/schema\/logo\/image\/"}}]},"product_price_amount":"99.00","product_price_currency":"EUR","og_availability":"instock","product_availability":"instock","product_retailer_item_id":"2000-7660-1000","product_condition":"new"},"_links":{"self":[{"href":"https:\/\/www.versiegelung24.com\/lt\/wp-json\/wp\/v2\/product\/22748","targetHints":{"allow":["GET"]}}],"collection":[{"href":"https:\/\/www.versiegelung24.com\/lt\/wp-json\/wp\/v2\/product"}],"about":[{"href":"https:\/\/www.versiegelung24.com\/lt\/wp-json\/wp\/v2\/types\/product"}],"version-history":[{"count":14,"href":"https:\/\/www.versiegelung24.com\/lt\/wp-json\/wp\/v2\/product\/22748\/revisions"}],"predecessor-version":[{"id":177367,"href":"https:\/\/www.versiegelung24.com\/lt\/wp-json\/wp\/v2\/product\/22748\/revisions\/177367"}],"wp:featuredmedia":[{"embeddable":true,"href":"https:\/\/www.versiegelung24.com\/lt\/wp-json\/wp\/v2\/media\/17650"}],"wp:attachment":[{"href":"https:\/\/www.versiegelung24.com\/lt\/wp-json\/wp\/v2\/media?parent=22748"}],"wp:term":[{"taxonomy":"product_brand","embeddable":true,"href":"https:\/\/www.versiegelung24.com\/lt\/wp-json\/wp\/v2\/product_brand?post=22748"},{"taxonomy":"product_cat","embeddable":true,"href":"https:\/\/www.versiegelung24.com\/lt\/wp-json\/wp\/v2\/product_cat?post=22748"},{"taxonomy":"product_tag","embeddable":true,"href":"https:\/\/www.versiegelung24.com\/lt\/wp-json\/wp\/v2\/product_tag?post=22748"}],"curies":[{"name":"wp","href":"https:\/\/api.w.org\/{rel}","templated":true}]}}