{"id":22809,"date":"2020-04-04T18:53:13","date_gmt":"2020-04-04T16:53:13","guid":{"rendered":"https:\/\/www.versiegelung24.com\/produkt\/profesionalios-kokybes-automobiliu-stiklai"},"modified":"2025-01-03T23:40:29","modified_gmt":"2025-01-03T22:40:29","slug":"automobiliu-stiklo-sandarinimas-profesionalios-kokybes","status":"publish","type":"product","link":"https:\/\/www.versiegelung24.com\/lt\/automobiliu-stiklo-sandarinimas-profesionalios-kokybes.html","title":{"rendered":"Profesionalios kokyb\u0117s automobili\u0173 stiklai"},"content":{"rendered":"\n<p><strong>Labai efektyvus sandarinimas automobili\u0173 stiklams ir nameliams, profesionali kokyb\u0117, NAUJIENA, beveik be \u012fbr\u0117\u017eim\u0173 \u017eiem\u0105, \u017eymiai pager\u0117j\u0119s matomumas esant blogam orui<\/strong><\/p>\n\n<p>Auk\u0161tos kokyb\u0117s Pagaminta Vokietijoje.<\/p>\n\n<hr\/>\n\n<h4 class=\"wp-block-heading\" id=\"properties\">Produkto savyb\u0117s<\/h4>\n\n<div class=\"wp-block-columns is-layout-flex wp-container-core-columns-is-layout-9d6595d7 wp-block-columns-is-layout-flex\">\n<div class=\"wp-block-column is-layout-flow wp-block-column-is-layout-flow\">\n<ul class=\"wp-block-list\">\n<li>Skaidrus, bespalvis skystis, nematomas ir nepastebimas<\/li>\n\n\n\n<li>I\u0161skirtinis lengvai valomas ne\u0161varum\u0173 sukibimo efektas<\/li>\n\n\n\n<li>Atsparus vandeniui, aliejui ir ne\u0161varumams, lietus ir sniegas nurieda nuo stiklo, purvas, pauk\u0161\u010di\u0173 i\u0161matos, vabzd\u017eiai ir ledas nebegali tvirtai prilipti<\/li>\n\n\n\n<li>\u017diem\u0105 labai palengvina ledo grandym\u0105<\/li>\n\n\n\n<li>Nuo ma\u017edaug 70 km \/ h va\u017eiuojant lietus nurieda net be priekinio stiklo valytuvo ir u\u017etikrina ai\u0161k\u0173 vaizd\u0105<\/li>\n\n\n\n<li>Patvarus ma\u017edaug 25 000 km arba iki met\u0173<\/li>\n\n\n\n<li>Suma\u017eina mikroorganizm\u0173 ir bakterij\u0173 dauginim\u0105si, pagerina higien\u0105<\/li>\n\n\n\n<li>Atsparus \u0161al\u010diui, ekstremaliam kar\u0161\u010diui, UV spinduliams, s\u016briam vandeniui ir s\u016briam orui, mineralams i\u0161 kieto vandens ir \u0161arm\u0173, atsparus keli\u0173 druskai<\/li>\n\n\n\n<li>Fiziologi\u0161kai nekenksmingas<\/li>\n<\/ul>\n<\/div>\n\n\n\n<div class=\"wp-block-column is-layout-flow wp-block-column-is-layout-flow\">\n<ul class=\"wp-block-list\" id=\"block-4d08488f-e4e2-46e9-af9b-8ca16197df33\">\n<li>Pavir\u0161iai i\u0161lieka \u0161var\u016bs daug ilgiau, o tai prailgina valymo ciklus ir \u017eymiai suma\u017eina valymo ir prie\u017ei\u016bros i\u0161laidas, laik\u0105 ir energij\u0105<\/li>\n\n\n\n<li>Chemini\u0173 valymo priemoni\u0173 nebereikia (sandarinimo, bet taip pat atsparios chemikalams valymo priemon\u0117ms iki pH 12)<\/li>\n\n\n\n<li>UV stabilus \/ atsparus \u0161al\u010diui \/ atsparus s\u016briam vandeniui \/ nematomas (sluoksnio storis: 100-150 nm)<\/li>\n\n\n\n<li>Galima lengvai pakartotinai taikyti, kai efektas i\u0161nyksta<\/li>\n<\/ul>\n\n\n\n<p><br\/><br\/>Pristatymo apimtis: 1 x litrinis butelis 1 x siurblio purk\u0161tuko galvut\u0117<br\/><\/p>\n<\/div>\n<\/div>\n\n<hr\/>\n\n<h4 class=\"wp-block-heading\" id=\"application\">Parai\u0161ka<\/h4>\n\n<ul class=\"wp-block-list\">\n<li>Visi automobili\u0173, nameli\u0173, motocikl\u0173 ir kt. Langai ir veidrod\u017eiai.<\/li>\n<\/ul>\n\n<p>S\u0105naudos priklauso nuo pavir\u0161iaus strukt\u016bros apie 100-200m\u00b2\/l.<\/p>\n\n<p>Tinkamumo laikas: apie 12 m\u0117nesi\u0173<\/p>\n","protected":false},"excerpt":{"rendered":"<p><strong>Labai efektyvus automobili\u0173 stikl\u0173 ir priekab\u0173 sandarinimas:<\/strong><\/p>\n<p>\u2713 Profesionali kokyb\u0117 <\/p>\n<p>\u2713 I\u0161gyvenkite \u017eiem\u0105 beveik be \u012fbr\u0117\u017eim\u0173<\/p>\n<p>\u2713 \u017dymiai pagerintas matomumas esant blogam orui<\/p>\n<p>\u2713 Nuo ma\u017edaug 70 km\/val. lietus rieda va\u017eiuojant net ir be priekinio stiklo valytuv\u0173 ir u\u017etikrina ai\u0161k\u0173 vaizd\u0105<\/p>\n","protected":false},"featured_media":17616,"template":"","meta":{"_acf_changed":false,"neve_meta_sidebar":"","neve_meta_container":"","neve_meta_enable_content_width":"","neve_meta_content_width":0,"neve_meta_title_alignment":"","neve_meta_author_avatar":"","neve_post_elements_order":"","neve_meta_disable_header":"","neve_meta_disable_footer":"","neve_meta_disable_title":"","neve_meta_reading_time":"","_surfaces":[],"_ver_product_tabs":[],"footnotes":""},"product_brand":[],"product_cat":[2186],"product_tag":[],"class_list":{"0":"post-22809","1":"product","2":"type-product","3":"status-publish","4":"has-post-thumbnail","6":"product_cat-automobilio-sandarinimas","7":"pa_gebinde-1000-ml-buteliukas","8":"pa_gebinde-20l-kanistras","10":"first","11":"instock","12":"taxable","13":"shipping-taxable","14":"purchasable","15":"product-type-variable","16":"has-default-attributes"},"acf":[],"yoast_head":"<!-- This site is optimized with the Yoast SEO Premium plugin v22.8 (Yoast SEO v27.5) - https:\/\/yoast.com\/product\/yoast-seo-premium-wordpress\/ -->\n<title>Profesionalios kokyb\u0117s automobili\u0173 stiklai - versiegelung24.com<\/title>\n<meta name=\"robots\" content=\"index, follow, max-snippet:-1, max-image-preview:large, max-video-preview:-1\" \/>\n<link rel=\"canonical\" href=\"https:\/\/www.versiegelung24.com\/lt\/automobiliu-stiklo-sandarinimas-profesionalios-kokybes.html\" \/>\n<meta property=\"og:locale\" content=\"lt_LT\" \/>\n<meta property=\"og:type\" content=\"article\" \/>\n<meta property=\"og:title\" content=\"Profesionalios kokyb\u0117s automobili\u0173 stiklai\" \/>\n<meta property=\"og:description\" content=\"Labai efektyvus automobili\u0173 stikl\u0173 ir priekab\u0173 sandarinimas: \u2713 Profesionali kokyb\u0117 \u2713 I\u0161gyvenkite \u017eiem\u0105 beveik be \u012fbr\u0117\u017eim\u0173 \u2713 \u017dymiai pagerintas matomumas esant blogam orui \u2713 Nuo ma\u017edaug 70 km\/val. lietus rieda va\u017eiuojant net ir be priekinio stiklo valytuv\u0173 ir u\u017etikrina ai\u0161k\u0173 vaizd\u0105\" \/>\n<meta property=\"og:url\" content=\"https:\/\/www.versiegelung24.com\/lt\/automobiliu-stiklo-sandarinimas-profesionalios-kokybes.html\" \/>\n<meta property=\"og:site_name\" content=\"versiegelung24.com\" \/>\n<meta property=\"article:modified_time\" content=\"2025-01-03T22:40:29+00:00\" \/>\n<meta property=\"og:image\" content=\"https:\/\/www.versiegelung24.com\/wp-content\/uploads\/2020\/06\/produkt-1002-7601-1000-Autoglasversiegelung-scaled.jpg\" \/>\n\t<meta property=\"og:image:width\" content=\"2560\" \/>\n\t<meta property=\"og:image:height\" content=\"2560\" \/>\n\t<meta property=\"og:image:type\" content=\"image\/jpeg\" \/>\n<meta name=\"twitter:card\" content=\"summary_large_image\" \/>\n<meta name=\"twitter:label1\" content=\"Availability\" \/>\n\t<meta name=\"twitter:data1\" content=\"In stock\" \/>\n<script type=\"application\/ld+json\" class=\"yoast-schema-graph\">{\"@context\":\"https:\\\/\\\/schema.org\",\"@graph\":[{\"@type\":\"WebPage\",\"@id\":\"https:\\\/\\\/www.versiegelung24.com\\\/lt\\\/automobiliu-stiklo-sandarinimas-profesionalios-kokybes.html\",\"url\":\"https:\\\/\\\/www.versiegelung24.com\\\/lt\\\/automobiliu-stiklo-sandarinimas-profesionalios-kokybes.html\",\"name\":\"Profesionalios kokyb\u0117s automobili\u0173 stiklai - versiegelung24.com\",\"isPartOf\":{\"@id\":\"https:\\\/\\\/www.versiegelung24.com\\\/lt\\\/#website\"},\"primaryImageOfPage\":{\"@id\":\"https:\\\/\\\/www.versiegelung24.com\\\/lt\\\/automobiliu-stiklo-sandarinimas-profesionalios-kokybes.html#primaryimage\"},\"image\":{\"@id\":\"https:\\\/\\\/www.versiegelung24.com\\\/lt\\\/automobiliu-stiklo-sandarinimas-profesionalios-kokybes.html#primaryimage\"},\"thumbnailUrl\":\"https:\\\/\\\/www.versiegelung24.com\\\/wp-content\\\/uploads\\\/2020\\\/06\\\/produkt-1002-7601-1000-Autoglasversiegelung-scaled.jpg\",\"datePublished\":\"2020-04-04T16:53:13+00:00\",\"dateModified\":\"2025-01-03T22:40:29+00:00\",\"breadcrumb\":{\"@id\":\"https:\\\/\\\/www.versiegelung24.com\\\/lt\\\/automobiliu-stiklo-sandarinimas-profesionalios-kokybes.html#breadcrumb\"},\"inLanguage\":\"lt-LT\",\"potentialAction\":[{\"@type\":\"ReadAction\",\"target\":[\"https:\\\/\\\/www.versiegelung24.com\\\/lt\\\/automobiliu-stiklo-sandarinimas-profesionalios-kokybes.html\"]}]},{\"@type\":\"ImageObject\",\"inLanguage\":\"lt-LT\",\"@id\":\"https:\\\/\\\/www.versiegelung24.com\\\/lt\\\/automobiliu-stiklo-sandarinimas-profesionalios-kokybes.html#primaryimage\",\"url\":\"https:\\\/\\\/www.versiegelung24.com\\\/wp-content\\\/uploads\\\/2020\\\/06\\\/produkt-1002-7601-1000-Autoglasversiegelung-scaled.jpg\",\"contentUrl\":\"https:\\\/\\\/www.versiegelung24.com\\\/wp-content\\\/uploads\\\/2020\\\/06\\\/produkt-1002-7601-1000-Autoglasversiegelung-scaled.jpg\",\"width\":2560,\"height\":2560},{\"@type\":\"BreadcrumbList\",\"@id\":\"https:\\\/\\\/www.versiegelung24.com\\\/lt\\\/automobiliu-stiklo-sandarinimas-profesionalios-kokybes.html#breadcrumb\",\"itemListElement\":[{\"@type\":\"ListItem\",\"position\":1,\"name\":\"Prad\u017eia\",\"item\":\"https:\\\/\\\/www.versiegelung24.com\\\/lt\\\/priekinis\\\/\"},{\"@type\":\"ListItem\",\"position\":2,\"name\":\"Parduotuv\u0117\",\"item\":\"https:\\\/\\\/www.versiegelung24.com\\\/lt\\\/parduotuve-2\\\/\"},{\"@type\":\"ListItem\",\"position\":3,\"name\":\"Profesionalios kokyb\u0117s automobili\u0173 stiklai\"}]},{\"@type\":\"WebSite\",\"@id\":\"https:\\\/\\\/www.versiegelung24.com\\\/lt\\\/#website\",\"url\":\"https:\\\/\\\/www.versiegelung24.com\\\/lt\\\/\",\"name\":\"versiegelung24.com\",\"description\":\"Fl\u00fcssigglas-Versiegelung - Made in Germany\",\"publisher\":{\"@id\":\"https:\\\/\\\/www.versiegelung24.com\\\/lt\\\/#organization\"},\"potentialAction\":[{\"@type\":\"SearchAction\",\"target\":{\"@type\":\"EntryPoint\",\"urlTemplate\":\"https:\\\/\\\/www.versiegelung24.com\\\/lt\\\/?s={search_term_string}\"},\"query-input\":{\"@type\":\"PropertyValueSpecification\",\"valueRequired\":true,\"valueName\":\"search_term_string\"}}],\"inLanguage\":\"lt-LT\"},{\"@type\":\"Organization\",\"@id\":\"https:\\\/\\\/www.versiegelung24.com\\\/lt\\\/#organization\",\"name\":\"versiegelung24\",\"url\":\"https:\\\/\\\/www.versiegelung24.com\\\/lt\\\/\",\"logo\":{\"@type\":\"ImageObject\",\"inLanguage\":\"lt-LT\",\"@id\":\"https:\\\/\\\/www.versiegelung24.com\\\/lt\\\/#\\\/schema\\\/logo\\\/image\\\/\",\"url\":\"https:\\\/\\\/www.versiegelung24.com\\\/wp-content\\\/uploads\\\/2020\\\/04\\\/versiegelung24.png\",\"contentUrl\":\"https:\\\/\\\/www.versiegelung24.com\\\/wp-content\\\/uploads\\\/2020\\\/04\\\/versiegelung24.png\",\"width\":470,\"height\":102,\"caption\":\"versiegelung24\"},\"image\":{\"@id\":\"https:\\\/\\\/www.versiegelung24.com\\\/lt\\\/#\\\/schema\\\/logo\\\/image\\\/\"}}]}<\/script>\n<meta property=\"og:availability\" content=\"instock\" \/>\n<meta property=\"product:availability\" content=\"instock\" \/>\n<meta property=\"product:retailer_item_id\" content=\"1002-7601\" \/>\n<meta property=\"product:condition\" content=\"new\" \/>\n<!-- \/ Yoast SEO Premium plugin. -->","yoast_head_json":{"title":"Profesionalios kokyb\u0117s automobili\u0173 stiklai - versiegelung24.com","robots":{"index":"index","follow":"follow","max-snippet":"max-snippet:-1","max-image-preview":"max-image-preview:large","max-video-preview":"max-video-preview:-1"},"canonical":"https:\/\/www.versiegelung24.com\/lt\/automobiliu-stiklo-sandarinimas-profesionalios-kokybes.html","og_locale":"lt_LT","og_type":"article","og_title":"Profesionalios kokyb\u0117s automobili\u0173 stiklai","og_description":"Labai efektyvus automobili\u0173 stikl\u0173 ir priekab\u0173 sandarinimas: \u2713 Profesionali kokyb\u0117 \u2713 I\u0161gyvenkite \u017eiem\u0105 beveik be \u012fbr\u0117\u017eim\u0173 \u2713 \u017dymiai pagerintas matomumas esant blogam orui \u2713 Nuo ma\u017edaug 70 km\/val. lietus rieda va\u017eiuojant net ir be priekinio stiklo valytuv\u0173 ir u\u017etikrina ai\u0161k\u0173 vaizd\u0105","og_url":"https:\/\/www.versiegelung24.com\/lt\/automobiliu-stiklo-sandarinimas-profesionalios-kokybes.html","og_site_name":"versiegelung24.com","article_modified_time":"2025-01-03T22:40:29+00:00","og_image":[{"width":2560,"height":2560,"url":"https:\/\/www.versiegelung24.com\/wp-content\/uploads\/2020\/06\/produkt-1002-7601-1000-Autoglasversiegelung-scaled.jpg","type":"image\/jpeg"}],"twitter_card":"summary_large_image","twitter_misc":{"Availability":"In stock"},"schema":{"@context":"https:\/\/schema.org","@graph":[{"@type":"WebPage","@id":"https:\/\/www.versiegelung24.com\/lt\/automobiliu-stiklo-sandarinimas-profesionalios-kokybes.html","url":"https:\/\/www.versiegelung24.com\/lt\/automobiliu-stiklo-sandarinimas-profesionalios-kokybes.html","name":"Profesionalios kokyb\u0117s automobili\u0173 stiklai - versiegelung24.com","isPartOf":{"@id":"https:\/\/www.versiegelung24.com\/lt\/#website"},"primaryImageOfPage":{"@id":"https:\/\/www.versiegelung24.com\/lt\/automobiliu-stiklo-sandarinimas-profesionalios-kokybes.html#primaryimage"},"image":{"@id":"https:\/\/www.versiegelung24.com\/lt\/automobiliu-stiklo-sandarinimas-profesionalios-kokybes.html#primaryimage"},"thumbnailUrl":"https:\/\/www.versiegelung24.com\/wp-content\/uploads\/2020\/06\/produkt-1002-7601-1000-Autoglasversiegelung-scaled.jpg","datePublished":"2020-04-04T16:53:13+00:00","dateModified":"2025-01-03T22:40:29+00:00","breadcrumb":{"@id":"https:\/\/www.versiegelung24.com\/lt\/automobiliu-stiklo-sandarinimas-profesionalios-kokybes.html#breadcrumb"},"inLanguage":"lt-LT","potentialAction":[{"@type":"ReadAction","target":["https:\/\/www.versiegelung24.com\/lt\/automobiliu-stiklo-sandarinimas-profesionalios-kokybes.html"]}]},{"@type":"ImageObject","inLanguage":"lt-LT","@id":"https:\/\/www.versiegelung24.com\/lt\/automobiliu-stiklo-sandarinimas-profesionalios-kokybes.html#primaryimage","url":"https:\/\/www.versiegelung24.com\/wp-content\/uploads\/2020\/06\/produkt-1002-7601-1000-Autoglasversiegelung-scaled.jpg","contentUrl":"https:\/\/www.versiegelung24.com\/wp-content\/uploads\/2020\/06\/produkt-1002-7601-1000-Autoglasversiegelung-scaled.jpg","width":2560,"height":2560},{"@type":"BreadcrumbList","@id":"https:\/\/www.versiegelung24.com\/lt\/automobiliu-stiklo-sandarinimas-profesionalios-kokybes.html#breadcrumb","itemListElement":[{"@type":"ListItem","position":1,"name":"Prad\u017eia","item":"https:\/\/www.versiegelung24.com\/lt\/priekinis\/"},{"@type":"ListItem","position":2,"name":"Parduotuv\u0117","item":"https:\/\/www.versiegelung24.com\/lt\/parduotuve-2\/"},{"@type":"ListItem","position":3,"name":"Profesionalios kokyb\u0117s automobili\u0173 stiklai"}]},{"@type":"WebSite","@id":"https:\/\/www.versiegelung24.com\/lt\/#website","url":"https:\/\/www.versiegelung24.com\/lt\/","name":"versiegelung24.com","description":"Fl\u00fcssigglas-Versiegelung - Made in Germany","publisher":{"@id":"https:\/\/www.versiegelung24.com\/lt\/#organization"},"potentialAction":[{"@type":"SearchAction","target":{"@type":"EntryPoint","urlTemplate":"https:\/\/www.versiegelung24.com\/lt\/?s={search_term_string}"},"query-input":{"@type":"PropertyValueSpecification","valueRequired":true,"valueName":"search_term_string"}}],"inLanguage":"lt-LT"},{"@type":"Organization","@id":"https:\/\/www.versiegelung24.com\/lt\/#organization","name":"versiegelung24","url":"https:\/\/www.versiegelung24.com\/lt\/","logo":{"@type":"ImageObject","inLanguage":"lt-LT","@id":"https:\/\/www.versiegelung24.com\/lt\/#\/schema\/logo\/image\/","url":"https:\/\/www.versiegelung24.com\/wp-content\/uploads\/2020\/04\/versiegelung24.png","contentUrl":"https:\/\/www.versiegelung24.com\/wp-content\/uploads\/2020\/04\/versiegelung24.png","width":470,"height":102,"caption":"versiegelung24"},"image":{"@id":"https:\/\/www.versiegelung24.com\/lt\/#\/schema\/logo\/image\/"}}]},"og_availability":"instock","product_availability":"instock","product_retailer_item_id":"1002-7601","product_condition":"new"},"_links":{"self":[{"href":"https:\/\/www.versiegelung24.com\/lt\/wp-json\/wp\/v2\/product\/22809","targetHints":{"allow":["GET"]}}],"collection":[{"href":"https:\/\/www.versiegelung24.com\/lt\/wp-json\/wp\/v2\/product"}],"about":[{"href":"https:\/\/www.versiegelung24.com\/lt\/wp-json\/wp\/v2\/types\/product"}],"version-history":[{"count":14,"href":"https:\/\/www.versiegelung24.com\/lt\/wp-json\/wp\/v2\/product\/22809\/revisions"}],"predecessor-version":[{"id":177546,"href":"https:\/\/www.versiegelung24.com\/lt\/wp-json\/wp\/v2\/product\/22809\/revisions\/177546"}],"wp:featuredmedia":[{"embeddable":true,"href":"https:\/\/www.versiegelung24.com\/lt\/wp-json\/wp\/v2\/media\/17616"}],"wp:attachment":[{"href":"https:\/\/www.versiegelung24.com\/lt\/wp-json\/wp\/v2\/media?parent=22809"}],"wp:term":[{"taxonomy":"product_brand","embeddable":true,"href":"https:\/\/www.versiegelung24.com\/lt\/wp-json\/wp\/v2\/product_brand?post=22809"},{"taxonomy":"product_cat","embeddable":true,"href":"https:\/\/www.versiegelung24.com\/lt\/wp-json\/wp\/v2\/product_cat?post=22809"},{"taxonomy":"product_tag","embeddable":true,"href":"https:\/\/www.versiegelung24.com\/lt\/wp-json\/wp\/v2\/product_tag?post=22809"}],"curies":[{"name":"wp","href":"https:\/\/api.w.org\/{rel}","templated":true}]}}