{"id":22815,"date":"2020-04-04T18:53:16","date_gmt":"2021-08-02T19:02:38","guid":{"rendered":"https:\/\/www.versiegelung24.com\/produkt\/1-litras-bacoban-koncentrato-100-litru-ilgalaikei-pavirsiaus-dezinfekcijai"},"modified":"2025-01-13T16:36:00","modified_gmt":"2025-01-13T15:36:00","slug":"bacoban-ilgalaikis-pavirsiu-dezinfekavimo-koncentratas","status":"publish","type":"product","link":"https:\/\/www.versiegelung24.com\/lt\/bacoban-ilgalaikis-pavirsiu-dezinfekavimo-koncentratas.html","title":{"rendered":"1 litras BACOBAN\u00ae koncentrato 100 litr\u0173 ilgalaikei pavir\u0161iaus dezinfekcijai"},"content":{"rendered":"\n<h2 class=\"wp-block-heading\" id=\"1-liter-flasche-bacoban-langzeit-flachendesinfektion-konzentrat\">1 litro butelis BACOBAN\u00ae ilgalaikio pavir\u0161iaus dezinfekavimo koncentrato<\/h2>\n\n<p><strong>Pakanka 100 litr\u0173 dezinfekavimo priemon\u0117s (praskiesta vandeniu santykiu 1: 100)<\/strong><\/p>\n\n<p><strong>Atsargiai naudokite dezinfekavimo priemones. Prie\u0161 naudojim\u0105 visada perskaitykite etiket\u0119 ir produkto informacij\u0105.<\/strong><\/p>\n\n<hr \/>\n\n<h4 class=\"wp-block-heading\" id=\"properties\">Produkto savyb\u0117s<\/h4>\n\n<ul class=\"wp-block-list\"><li><br \/>Ilgalaikis antimikrobinis poveikis (i\u0161liekamasis poveikis) iki 10 dien\u0173<\/li><li>I\u0161vardytas VAH<\/li><li>veiksmingas prie\u0161 koronavirus\u0105<\/li><li>labai geras odos toleravimas<\/li><li>didelis valymo efektas<\/li><li>Praktinis pritaikymas i\u0161bandytas 4 lauk\u0173 bandyme<\/li><\/ul>\n\n<p><strong>\u201eBacoban\u201c<\/strong><sup> \u00ae<\/sup><strong> WB<\/strong> yra vandens pagrindu pagamintas koncentratas, skirtas dezinfekuoti ir valyti inventori\u0173 ir grindis kartu su ilgalaikiu antimikrobiniu poveikiu (remanencijos efektas).<\/p>\n\n<hr \/>\n\n<h4 class=\"wp-block-heading\" id=\"application\">Parai\u0161ka<\/h4>\n\n<h3 class=\"wp-block-heading\" id=\"gebrauch\">naudoti<\/h3>\n\n<p>I\u0161eiti<strong> \u201eBacoban\u201c<\/strong><sup> \u00ae<\/sup><strong> WB<\/strong> Paruo\u0161kite naudojimui tirpal\u0105 pagal mai\u0161ymo lentel\u0119 ir pakankamai sudr\u0117kinkite pavir\u0161ius. Neplaukite ir netrinkite. \u0160vie\u017eiai paruo\u0161to darbinio tirpalo stov\u0117jimo laikas: 8 valandos<\/p>\n\n<figure class=\"wp-block-table\"><table><tbody><tr><td>Mai\u0161ymo stalas<\/td><\/tr><tr><td>Galutinis t\u016bris<\/td><td>0,5 %<\/td><td>1 %<\/td><td>2 %<\/td><td>3 %<\/td><\/tr><tr><td>1 litras<\/td><td>5 ml<\/td><td>10 ml<\/td><td>20 ml<\/td><td>30 ml<\/td><\/tr><tr><td>2 litrai<\/td><td>10 ml<\/td><td>20 ml<\/td><td>40 ml<\/td><td>60 ml<\/td><\/tr><tr><td>4 litrai<\/td><td>20 ml<\/td><td>40 ml<\/td><td>80 ml<\/td><td>120 ml<\/td><\/tr><tr><td>8 litrai<\/td><td>40 ml<\/td><td>80 ml<\/td><td>160 ml<\/td><td>240 ml<\/td><\/tr><tr><td>10 litr\u0173<\/td><td>50 ml<\/td><td>100 ml<\/td><td>200 ml<\/td><td>300 ml<\/td><\/tr><\/tbody><\/table><\/figure>\n\n<p><br \/>Ilgalaikis antimikrobinis poveikis <strong>(remanenti\u0161kumo efektas<\/strong> ) iki <strong>10 dien\u0173<\/strong> (i\u0161bandyta pagal ASTM E 2180). Dermatologi\u0161kai i\u0161bandyta (*1 %): labai geras suderinamumas su oda.<\/p>\n\n<h3 class=\"wp-block-heading\" id=\"lagerung\">saugykla<\/h3>\n\n<p><strong>\u201eBacoban\u201c<\/strong><sup> \u00ae<\/sup><strong> WB<\/strong> laikyti +5 iki + 25 \u00b0 C temperat\u016broje. Saugoti nuo \u0161al\u010dio ir tiesiogini\u0173 saul\u0117s spinduli\u0173.<\/p>\n\n<hr \/>\n\n<h4 class=\"wp-block-heading\" id=\"advisor\">Konsultantas<\/h4>\n\n<h3 class=\"wp-block-heading\" id=\"gutachten\">Vertinimas<\/h3>\n\n<p>M\u016bs\u0173 gaminiai buvo pla\u010diai i\u0161bandyti. Mes mielai pateiksime jums mikrobiologines ir dermatologines ataskaitas, kai jos papra\u0161ys.<\/p>\n\n<h3 class=\"wp-block-heading\" id=\"sicherheitshinweis\">Saugos pastaba<\/h3>\n\n<p>Saugos duomen\u0173 lap\u0105 galima gauti papra\u0161ius.<\/p>\n\n<p><strong>Svarbu<\/strong> ! Antimikrobinis nuolatinis poveikis<strong> \u201eBacoban\u201c<\/strong><sup> \u00ae<\/sup><strong> WB<\/strong> matomo ir (arba) abejotino u\u017eter\u0161imo atveju negalima atsisakyti b\u016btin\u0173 dezinfekcijos priemoni\u0173!<\/p>\n\n<p>Darbdavi\u0173 civilin\u0117s atsakomyb\u0117s draudimo asociacija numato, kad dirbant su dezinfekavimo priemon\u0117mis b\u016btina m\u016bv\u0117ti pir\u0161tines. Kenksminga nurijus. Sukelia sunkius odos nudegimus ir pa\u017eeid\u017eia akis. Labai toksi\u0161kas vandens organizmams. Toksi\u0161kas vandens organizmams, sukelia ilgalaik\u012f poveik\u012f. Naudodami produkt\u0105 nevalgykite, negerkite ir ner\u016bkykite. Prarijus: i\u0161skalaukite burn\u0105. NEPRIVALOMA sukelti v\u0117mimo. Jei lie\u010diasi su oda (arba plaukais): Nedelsiant nusivilkite visus u\u017eter\u0161tus drabu\u017eius. Nuplaukite od\u0105 vandeniu \/ du\u0161u. Patekus \u012f akis: kelias minutes atsargiai skalauti vandeniu. Jei \u012fmanoma, i\u0161imkite turimus kontaktinius l\u0119\u0161ius. T\u0119skite skalavim\u0105. Nedelsiant skambinkite \u012f apsinuodijim\u0173 centr\u0105 arba gydytojui. Jei reikia gydytojo konsultacijos, pasiruo\u0161kite pakuot\u0119 arba etiket\u0119. <br \/>Laikyti vaikams nepasiekiamoje vietoje. Naudoti tik su vandeniu ir pagal mai\u0161ymo lentel\u0119. Nenaudokite kartu su kitais valikliais ar dezinfekavimo priemon\u0117mis.<\/p>\n\n<p>Galima naudoti ant vis\u0173 pavir\u0161i\u0173. Abejotinai jautriems pavir\u0161iams rekomenduojame atlikti atsparumo bandym\u0105 nepastebimoje vietoje. Laikykite tik u\u017edarytoje talpykloje. Laikykite v\u0117sioje ir sausoje vietoje.<\/p>\n\n<p>Konteiner\u012f galima perdirbti tik tada, kai jis yra visi\u0161kai tu\u0161\u010dias. Nenaudokite pasibaigus galiojimo laikui. I\u0161meskite pagal vietos ir oficialias taisykles.<\/p>\n\n<p>Biocido reg. Nr.: N-28795 (D). 263\/17\/L (Lu)<\/p>\n\n<p>Pagal mai\u0161ymo lentel\u0119 <strong>paruo\u0161tam<\/strong> naudoti tirpalui pavojaus simbolis neb\u016btinas.<\/p>\n\n<h3 class=\"wp-block-heading\" id=\"zusammensetzung\">kompozicija<\/h3>\n\n<p>100 g tirpalo yra: 26 g benzalkonio chlorido, 2,5 g natrio piritiono, polikondensat\u0173, kvapi\u0173j\u0173 med\u017eiag\u0173, i\u0161gryninto vandens. Sudedamosios dalys pagal Reglament\u0105 (EB) Nr. 648\/2004: 15% ir daugiau, bet ma\u017eiau nei 30% katijonini\u0173 pavir\u0161inio aktyvumo med\u017eiag\u0173, dezinfekavimo priemoni\u0173, kvapi\u0173j\u0173 med\u017eiag\u0173 (linalool, limonene, citral, geraniol, citronellol).<br \/>Be formaldehido, be fenoli\u0173.<\/p>\n\n<figure class=\"wp-block-table\"><table><tbody><tr><td>efektyvumas<\/td><\/tr><tr><td>Testavimas pagal DVV \/ RKI gaires<\/td><td>skiedimas<\/td><td>Kontakto trukm\u0117<\/td><\/tr><tr><td><br \/>Ribotas virusocidinis poveikis (virusai su apvalkalu, \u012fskaitant <strong>koronavirus\u0105<\/strong>, \u017dIV, HBV, HCV, grip\u0105, herpes\u0105, Ebola virus\u0105&#8230;.)<\/td><td>1,00 %<\/td><td>5 min<\/td><\/tr><tr><td>Adenovirusas<\/td><td>2,00 %<\/td><td>240 min<\/td><\/tr><tr><td>\u017dmogaus papilomos virusas (\u017dPV)<\/td><td>1,00 %<\/td><td>60 min<\/td><\/tr><tr><td>Norovirusas<\/td><td>1,00 %<\/td><td>30 min<\/td><\/tr><tr><td>Testavimas pagal DGHM gaires (su mechanika, didel\u0117 apkrova)<\/td><\/tr><tr><td>baktericidinis ir mieliacidinis<\/td><td>1,00 %<\/td><td>5 min<\/td><\/tr><tr><td>EN standartus<\/td><\/tr><tr><td>EN 1040 (baktericidinis)<\/td><td>0,25 %<\/td><td>5 min<\/td><\/tr><tr><td>EN 1275 (mieli\u0173 naikinimo priemon\u0117)<\/td><td>0,25 %<\/td><td>5 min<\/td><\/tr><tr><td>EN 1276 (baktericidinis)<\/td><td>0,75 %<\/td><td>5 min<\/td><\/tr><tr><td>\u00a0<\/td><td>0,50 %<\/td><td>15 minu\u010di\u0173<\/td><\/tr><tr><td>EN 13727 (baktericidinis)<\/td><td>1,00 %<\/td><td>5 min<\/td><\/tr><tr><td>EN 13624 (mieli\u0173, fungicid\u0173)<\/td><td>1,00 %<\/td><td>5 min<\/td><\/tr><tr><td>EN 1650 (mieli\u0173 naikinimo priemon\u0117)<\/td><td>0,50 %<\/td><td>5 min<\/td><\/tr><tr><td>\u00a0<\/td><td>0,25 %<\/td><td>15 minu\u010di\u0173<\/td><\/tr><tr><td>EN 13697 (baktericidinis)<\/td><td>0,50 %<\/td><td>15 minu\u010di\u0173<\/td><\/tr><tr><td>EN 14561 (baktericidinis)<\/td><td>0,50 %<\/td><td>15 minu\u010di\u0173<\/td><\/tr><tr><td>\u00a0<\/td><td>0,50 %<\/td><td>60 min<\/td><\/tr><tr><td>EN 14562 (mieli\u0173 naikinimo priemon\u0117)<\/td><td>0,50 %<\/td><td>60 min<\/td><\/tr><tr><td>EN 16615 (baktericidinis, mieliacidinis) (4 lauk\u0173 bandymas)<\/td><td>1,00 %<\/td><td>5 min<\/td><\/tr><\/tbody><\/table><\/figure>\n\n<p><strong>Atsargiai naudokite dezinfekavimo priemones. Prie\u0161 naudojim\u0105 visada perskaitykite etiket\u0119 ir produkto informacij\u0105.<\/strong><\/p>\n","protected":false},"excerpt":{"rendered":"<p style=\"color: #545454;font-family: Verdana, sans-serif;font-size: 11px;line-height: 15.666666984558105px\"><strong>Bealkoholinis pavir\u0161i\u0173 dezinfekavimas ir valymas<\/strong><\/p>\n","protected":false},"featured_media":21958,"template":"","meta":{"_acf_changed":false,"neve_meta_sidebar":"","neve_meta_container":"","neve_meta_enable_content_width":"","neve_meta_content_width":0,"neve_meta_title_alignment":"","neve_meta_author_avatar":"","neve_post_elements_order":"","neve_meta_disable_header":"","neve_meta_disable_footer":"","neve_meta_disable_title":"","neve_meta_reading_time":"","_surfaces":[],"_ver_product_tabs":[],"footnotes":""},"product_brand":[],"product_cat":[2245,2246,2247],"product_tag":[],"class_list":{"0":"post-22815","1":"product","2":"type-product","3":"status-publish","4":"has-post-thumbnail","6":"product_cat-dezinfekavimo-priemones","7":"product_cat-pavirsiaus-dezinfekavimo-priemones","8":"product_cat-dezinfekciniai-koncentratai","10":"first","11":"instock","12":"taxable","13":"shipping-taxable","14":"purchasable","15":"product-type-simple"},"acf":[],"yoast_head":"<!-- This site is optimized with the Yoast SEO Premium plugin v22.8 (Yoast SEO v27.5) - https:\/\/yoast.com\/product\/yoast-seo-premium-wordpress\/ -->\n<title>1 litras BACOBAN\u00ae koncentrato 100 litr\u0173 ilgalaikei pavir\u0161iaus dezinfekcijai - versiegelung24.com<\/title>\n<meta name=\"robots\" content=\"index, follow, max-snippet:-1, max-image-preview:large, max-video-preview:-1\" \/>\n<link rel=\"canonical\" href=\"https:\/\/www.versiegelung24.com\/lt\/bacoban-ilgalaikis-pavirsiu-dezinfekavimo-koncentratas.html\" \/>\n<meta property=\"og:locale\" content=\"lt_LT\" \/>\n<meta property=\"og:type\" content=\"article\" \/>\n<meta property=\"og:title\" content=\"1 litras BACOBAN\u00ae koncentrato 100 litr\u0173 ilgalaikei pavir\u0161iaus dezinfekcijai\" \/>\n<meta property=\"og:description\" content=\"Bealkoholinis pavir\u0161i\u0173 dezinfekavimas ir valymas\" \/>\n<meta property=\"og:url\" content=\"https:\/\/www.versiegelung24.com\/lt\/bacoban-ilgalaikis-pavirsiu-dezinfekavimo-koncentratas.html\" \/>\n<meta property=\"og:site_name\" content=\"versiegelung24.com\" \/>\n<meta property=\"article:modified_time\" content=\"2025-01-13T15:36:00+00:00\" \/>\n<meta property=\"og:image\" content=\"https:\/\/www.versiegelung24.com\/wp-content\/uploads\/2020\/04\/bacwb1-bacoban-langzeitdesinfektion-konzentrat-1-liter.png\" \/>\n\t<meta property=\"og:image:width\" content=\"1000\" \/>\n\t<meta property=\"og:image:height\" content=\"1000\" \/>\n\t<meta property=\"og:image:type\" content=\"image\/png\" \/>\n<meta name=\"twitter:card\" content=\"summary_large_image\" \/>\n<meta name=\"twitter:label1\" content=\"Price\" \/>\n\t<meta name=\"twitter:data1\" content=\"89,90&euro;\" \/>\n\t<meta name=\"twitter:label2\" content=\"Availability\" \/>\n\t<meta name=\"twitter:data2\" content=\"In stock\" \/>\n<script type=\"application\/ld+json\" class=\"yoast-schema-graph\">{\"@context\":\"https:\\\/\\\/schema.org\",\"@graph\":[{\"@type\":\"WebPage\",\"@id\":\"https:\\\/\\\/www.versiegelung24.com\\\/lt\\\/bacoban-ilgalaikis-pavirsiu-dezinfekavimo-koncentratas.html\",\"url\":\"https:\\\/\\\/www.versiegelung24.com\\\/lt\\\/bacoban-ilgalaikis-pavirsiu-dezinfekavimo-koncentratas.html\",\"name\":\"1 litras BACOBAN\u00ae koncentrato 100 litr\u0173 ilgalaikei pavir\u0161iaus dezinfekcijai - versiegelung24.com\",\"isPartOf\":{\"@id\":\"https:\\\/\\\/www.versiegelung24.com\\\/lt\\\/#website\"},\"primaryImageOfPage\":{\"@id\":\"https:\\\/\\\/www.versiegelung24.com\\\/lt\\\/bacoban-ilgalaikis-pavirsiu-dezinfekavimo-koncentratas.html#primaryimage\"},\"image\":{\"@id\":\"https:\\\/\\\/www.versiegelung24.com\\\/lt\\\/bacoban-ilgalaikis-pavirsiu-dezinfekavimo-koncentratas.html#primaryimage\"},\"thumbnailUrl\":\"https:\\\/\\\/www.versiegelung24.com\\\/wp-content\\\/uploads\\\/2020\\\/04\\\/bacwb1-bacoban-langzeitdesinfektion-konzentrat-1-liter.png\",\"datePublished\":\"2021-08-02T19:02:38+00:00\",\"dateModified\":\"2025-01-13T15:36:00+00:00\",\"breadcrumb\":{\"@id\":\"https:\\\/\\\/www.versiegelung24.com\\\/lt\\\/bacoban-ilgalaikis-pavirsiu-dezinfekavimo-koncentratas.html#breadcrumb\"},\"inLanguage\":\"lt-LT\",\"potentialAction\":[{\"@type\":\"ReadAction\",\"target\":[\"https:\\\/\\\/www.versiegelung24.com\\\/lt\\\/bacoban-ilgalaikis-pavirsiu-dezinfekavimo-koncentratas.html\"]}]},{\"@type\":\"ImageObject\",\"inLanguage\":\"lt-LT\",\"@id\":\"https:\\\/\\\/www.versiegelung24.com\\\/lt\\\/bacoban-ilgalaikis-pavirsiu-dezinfekavimo-koncentratas.html#primaryimage\",\"url\":\"https:\\\/\\\/www.versiegelung24.com\\\/wp-content\\\/uploads\\\/2020\\\/04\\\/bacwb1-bacoban-langzeitdesinfektion-konzentrat-1-liter.png\",\"contentUrl\":\"https:\\\/\\\/www.versiegelung24.com\\\/wp-content\\\/uploads\\\/2020\\\/04\\\/bacwb1-bacoban-langzeitdesinfektion-konzentrat-1-liter.png\",\"width\":1000,\"height\":1000},{\"@type\":\"BreadcrumbList\",\"@id\":\"https:\\\/\\\/www.versiegelung24.com\\\/lt\\\/bacoban-ilgalaikis-pavirsiu-dezinfekavimo-koncentratas.html#breadcrumb\",\"itemListElement\":[{\"@type\":\"ListItem\",\"position\":1,\"name\":\"Prad\u017eia\",\"item\":\"https:\\\/\\\/www.versiegelung24.com\\\/lt\\\/priekinis\\\/\"},{\"@type\":\"ListItem\",\"position\":2,\"name\":\"Parduotuv\u0117\",\"item\":\"https:\\\/\\\/www.versiegelung24.com\\\/lt\\\/parduotuve-2\\\/\"},{\"@type\":\"ListItem\",\"position\":3,\"name\":\"1 litras BACOBAN\u00ae koncentrato 100 litr\u0173 ilgalaikei pavir\u0161iaus dezinfekcijai\"}]},{\"@type\":\"WebSite\",\"@id\":\"https:\\\/\\\/www.versiegelung24.com\\\/lt\\\/#website\",\"url\":\"https:\\\/\\\/www.versiegelung24.com\\\/lt\\\/\",\"name\":\"versiegelung24.com\",\"description\":\"Fl\u00fcssigglas-Versiegelung - Made in Germany\",\"publisher\":{\"@id\":\"https:\\\/\\\/www.versiegelung24.com\\\/lt\\\/#organization\"},\"potentialAction\":[{\"@type\":\"SearchAction\",\"target\":{\"@type\":\"EntryPoint\",\"urlTemplate\":\"https:\\\/\\\/www.versiegelung24.com\\\/lt\\\/?s={search_term_string}\"},\"query-input\":{\"@type\":\"PropertyValueSpecification\",\"valueRequired\":true,\"valueName\":\"search_term_string\"}}],\"inLanguage\":\"lt-LT\"},{\"@type\":\"Organization\",\"@id\":\"https:\\\/\\\/www.versiegelung24.com\\\/lt\\\/#organization\",\"name\":\"versiegelung24\",\"url\":\"https:\\\/\\\/www.versiegelung24.com\\\/lt\\\/\",\"logo\":{\"@type\":\"ImageObject\",\"inLanguage\":\"lt-LT\",\"@id\":\"https:\\\/\\\/www.versiegelung24.com\\\/lt\\\/#\\\/schema\\\/logo\\\/image\\\/\",\"url\":\"https:\\\/\\\/www.versiegelung24.com\\\/wp-content\\\/uploads\\\/2020\\\/04\\\/versiegelung24.png\",\"contentUrl\":\"https:\\\/\\\/www.versiegelung24.com\\\/wp-content\\\/uploads\\\/2020\\\/04\\\/versiegelung24.png\",\"width\":470,\"height\":102,\"caption\":\"versiegelung24\"},\"image\":{\"@id\":\"https:\\\/\\\/www.versiegelung24.com\\\/lt\\\/#\\\/schema\\\/logo\\\/image\\\/\"}}]}<\/script>\n<meta property=\"product:price:amount\" content=\"89.90\" \/>\n<meta property=\"product:price:currency\" content=\"EUR\" \/>\n<meta property=\"og:availability\" content=\"instock\" \/>\n<meta property=\"product:availability\" content=\"instock\" \/>\n<meta property=\"product:retailer_item_id\" content=\"BACWB1D\" \/>\n<meta property=\"product:condition\" content=\"new\" \/>\n<!-- \/ Yoast SEO Premium plugin. -->","yoast_head_json":{"title":"1 litras BACOBAN\u00ae koncentrato 100 litr\u0173 ilgalaikei pavir\u0161iaus dezinfekcijai - versiegelung24.com","robots":{"index":"index","follow":"follow","max-snippet":"max-snippet:-1","max-image-preview":"max-image-preview:large","max-video-preview":"max-video-preview:-1"},"canonical":"https:\/\/www.versiegelung24.com\/lt\/bacoban-ilgalaikis-pavirsiu-dezinfekavimo-koncentratas.html","og_locale":"lt_LT","og_type":"article","og_title":"1 litras BACOBAN\u00ae koncentrato 100 litr\u0173 ilgalaikei pavir\u0161iaus dezinfekcijai","og_description":"Bealkoholinis pavir\u0161i\u0173 dezinfekavimas ir valymas","og_url":"https:\/\/www.versiegelung24.com\/lt\/bacoban-ilgalaikis-pavirsiu-dezinfekavimo-koncentratas.html","og_site_name":"versiegelung24.com","article_modified_time":"2025-01-13T15:36:00+00:00","og_image":[{"width":1000,"height":1000,"url":"https:\/\/www.versiegelung24.com\/wp-content\/uploads\/2020\/04\/bacwb1-bacoban-langzeitdesinfektion-konzentrat-1-liter.png","type":"image\/png"}],"twitter_card":"summary_large_image","twitter_misc":{"Price":"89,90&euro;","Availability":"In stock"},"schema":{"@context":"https:\/\/schema.org","@graph":[{"@type":"WebPage","@id":"https:\/\/www.versiegelung24.com\/lt\/bacoban-ilgalaikis-pavirsiu-dezinfekavimo-koncentratas.html","url":"https:\/\/www.versiegelung24.com\/lt\/bacoban-ilgalaikis-pavirsiu-dezinfekavimo-koncentratas.html","name":"1 litras BACOBAN\u00ae koncentrato 100 litr\u0173 ilgalaikei pavir\u0161iaus dezinfekcijai - versiegelung24.com","isPartOf":{"@id":"https:\/\/www.versiegelung24.com\/lt\/#website"},"primaryImageOfPage":{"@id":"https:\/\/www.versiegelung24.com\/lt\/bacoban-ilgalaikis-pavirsiu-dezinfekavimo-koncentratas.html#primaryimage"},"image":{"@id":"https:\/\/www.versiegelung24.com\/lt\/bacoban-ilgalaikis-pavirsiu-dezinfekavimo-koncentratas.html#primaryimage"},"thumbnailUrl":"https:\/\/www.versiegelung24.com\/wp-content\/uploads\/2020\/04\/bacwb1-bacoban-langzeitdesinfektion-konzentrat-1-liter.png","datePublished":"2021-08-02T19:02:38+00:00","dateModified":"2025-01-13T15:36:00+00:00","breadcrumb":{"@id":"https:\/\/www.versiegelung24.com\/lt\/bacoban-ilgalaikis-pavirsiu-dezinfekavimo-koncentratas.html#breadcrumb"},"inLanguage":"lt-LT","potentialAction":[{"@type":"ReadAction","target":["https:\/\/www.versiegelung24.com\/lt\/bacoban-ilgalaikis-pavirsiu-dezinfekavimo-koncentratas.html"]}]},{"@type":"ImageObject","inLanguage":"lt-LT","@id":"https:\/\/www.versiegelung24.com\/lt\/bacoban-ilgalaikis-pavirsiu-dezinfekavimo-koncentratas.html#primaryimage","url":"https:\/\/www.versiegelung24.com\/wp-content\/uploads\/2020\/04\/bacwb1-bacoban-langzeitdesinfektion-konzentrat-1-liter.png","contentUrl":"https:\/\/www.versiegelung24.com\/wp-content\/uploads\/2020\/04\/bacwb1-bacoban-langzeitdesinfektion-konzentrat-1-liter.png","width":1000,"height":1000},{"@type":"BreadcrumbList","@id":"https:\/\/www.versiegelung24.com\/lt\/bacoban-ilgalaikis-pavirsiu-dezinfekavimo-koncentratas.html#breadcrumb","itemListElement":[{"@type":"ListItem","position":1,"name":"Prad\u017eia","item":"https:\/\/www.versiegelung24.com\/lt\/priekinis\/"},{"@type":"ListItem","position":2,"name":"Parduotuv\u0117","item":"https:\/\/www.versiegelung24.com\/lt\/parduotuve-2\/"},{"@type":"ListItem","position":3,"name":"1 litras BACOBAN\u00ae koncentrato 100 litr\u0173 ilgalaikei pavir\u0161iaus dezinfekcijai"}]},{"@type":"WebSite","@id":"https:\/\/www.versiegelung24.com\/lt\/#website","url":"https:\/\/www.versiegelung24.com\/lt\/","name":"versiegelung24.com","description":"Fl\u00fcssigglas-Versiegelung - Made in Germany","publisher":{"@id":"https:\/\/www.versiegelung24.com\/lt\/#organization"},"potentialAction":[{"@type":"SearchAction","target":{"@type":"EntryPoint","urlTemplate":"https:\/\/www.versiegelung24.com\/lt\/?s={search_term_string}"},"query-input":{"@type":"PropertyValueSpecification","valueRequired":true,"valueName":"search_term_string"}}],"inLanguage":"lt-LT"},{"@type":"Organization","@id":"https:\/\/www.versiegelung24.com\/lt\/#organization","name":"versiegelung24","url":"https:\/\/www.versiegelung24.com\/lt\/","logo":{"@type":"ImageObject","inLanguage":"lt-LT","@id":"https:\/\/www.versiegelung24.com\/lt\/#\/schema\/logo\/image\/","url":"https:\/\/www.versiegelung24.com\/wp-content\/uploads\/2020\/04\/versiegelung24.png","contentUrl":"https:\/\/www.versiegelung24.com\/wp-content\/uploads\/2020\/04\/versiegelung24.png","width":470,"height":102,"caption":"versiegelung24"},"image":{"@id":"https:\/\/www.versiegelung24.com\/lt\/#\/schema\/logo\/image\/"}}]},"product_price_amount":"89.90","product_price_currency":"EUR","og_availability":"instock","product_availability":"instock","product_retailer_item_id":"BACWB1D","product_condition":"new"},"_links":{"self":[{"href":"https:\/\/www.versiegelung24.com\/lt\/wp-json\/wp\/v2\/product\/22815","targetHints":{"allow":["GET"]}}],"collection":[{"href":"https:\/\/www.versiegelung24.com\/lt\/wp-json\/wp\/v2\/product"}],"about":[{"href":"https:\/\/www.versiegelung24.com\/lt\/wp-json\/wp\/v2\/types\/product"}],"version-history":[{"count":17,"href":"https:\/\/www.versiegelung24.com\/lt\/wp-json\/wp\/v2\/product\/22815\/revisions"}],"predecessor-version":[{"id":180482,"href":"https:\/\/www.versiegelung24.com\/lt\/wp-json\/wp\/v2\/product\/22815\/revisions\/180482"}],"wp:featuredmedia":[{"embeddable":true,"href":"https:\/\/www.versiegelung24.com\/lt\/wp-json\/wp\/v2\/media\/21958"}],"wp:attachment":[{"href":"https:\/\/www.versiegelung24.com\/lt\/wp-json\/wp\/v2\/media?parent=22815"}],"wp:term":[{"taxonomy":"product_brand","embeddable":true,"href":"https:\/\/www.versiegelung24.com\/lt\/wp-json\/wp\/v2\/product_brand?post=22815"},{"taxonomy":"product_cat","embeddable":true,"href":"https:\/\/www.versiegelung24.com\/lt\/wp-json\/wp\/v2\/product_cat?post=22815"},{"taxonomy":"product_tag","embeddable":true,"href":"https:\/\/www.versiegelung24.com\/lt\/wp-json\/wp\/v2\/product_tag?post=22815"}],"curies":[{"name":"wp","href":"https:\/\/api.w.org\/{rel}","templated":true}]}}