{"id":22960,"date":"2020-04-04T18:53:11","date_gmt":"2021-08-02T19:09:24","guid":{"rendered":"https:\/\/www.versiegelung24.com\/produkt\/tekstiles-sandarinimas-profesionalios-kokybes"},"modified":"2025-01-03T23:26:27","modified_gmt":"2025-01-03T22:26:27","slug":"tekstiles-sandarinimas-profesionalios-kokybes","status":"publish","type":"product","link":"https:\/\/www.versiegelung24.com\/lt\/tekstiles-sandarinimas-profesionalios-kokybes.html","title":{"rendered":"Rapid Tex \u2013 profesionalios kokyb\u0117s tekstil\u0117s sandarinimas"},"content":{"rendered":"\n<p><strong>Profesionalus tekstilinis sandariklis su lotoso efektu (atstumiantis vanden\u012f), skirtas naudoti viduje ir lauke<\/strong><\/p>\n\n<p>Auk\u0161tos kokyb\u0117s Pagaminta Vokietijoje.<\/p>\n\n<hr\/>\n\n<h4 class=\"wp-block-heading\" id=\"properties\">Produkto savyb\u0117s<\/h4>\n\n<div class=\"wp-block-columns is-layout-flex wp-container-core-columns-is-layout-9d6595d7 wp-block-columns-is-layout-flex\">\n<div class=\"wp-block-column is-layout-flow wp-block-column-is-layout-flow\">\n<ul class=\"wp-block-list\">\n<li>Stiprus hidrofobinis ir oleofobinis poveikis (atstumiantis vanden\u012f ir aliej\u0173)<\/li>\n\n\n\n<li>Puikus lengvai valomas efektas<\/li>\n\n\n\n<li>Ne\u0161varumus galima lengvai pa\u0161alinti dr\u0117gnu skudur\u0117liu<\/li>\n\n\n\n<li>Kv\u0117puojantis<\/li>\n\n\n\n<li>Nematomas (nesikei\u010dia i\u0161vaizda ir jausmas)<\/li>\n\n\n\n<li>Stiprios nelimpan\u010dios savyb\u0117s<\/li>\n\n\n\n<li>Apsauga nuo d\u0117mi\u0173<\/li>\n\n\n\n<li>Suma\u017eina chemini\u0173 valikli\u0173 naudojim\u0105<\/li>\n<\/ul>\n<\/div>\n\n\n\n<div class=\"wp-block-column is-layout-flow wp-block-column-is-layout-flow\">\n<ul id=\"block-f0be9b0c-a029-4c3c-a6e1-740fba50b471\" class=\"wp-block-list\">\n<li>Padidina atsparum\u0105 dilimui<\/li>\n\n\n\n<li>N\u0117ra i\u0161vaizdos pablog\u0117jimo<\/li>\n\n\n\n<li>SiO\u00b2 nano technologija<\/li>\n\n\n\n<li>Pluo\u0161t\u0173 apsauga nuo purvo daleli\u0173 \u012fsiskverbimo<\/li>\n\n\n\n<li>Paprasta programa<\/li>\n\n\n\n<li>Ilgas galiojimo laikas, priklausomai nuo mechaninio \u012ftempio<\/li>\n<\/ul>\n\n\n\n<p><br\/><br\/>Pristatymo apimtis: 1 x litrinis butelis 1 x siurblio purk\u0161tuko galvut\u0117<br\/><\/p>\n<\/div>\n<\/div>\n\n<hr\/>\n\n<h4 class=\"wp-block-heading\" id=\"application\">Parai\u0161ka<\/h4>\n\n<div class=\"wp-block-columns is-layout-flex wp-container-core-columns-is-layout-9d6595d7 wp-block-columns-is-layout-flex\">\n<div class=\"wp-block-column is-layout-flow wp-block-column-is-layout-flow\">\n<ul class=\"wp-block-list\">\n<li>apranga<\/li>\n\n\n\n<li>Nam\u0173 tekstil\u0117 (apmu\u0161alai, baldai, kilimai)<\/li>\n\n\n\n<li>Zom\u0161in\u0117 oda<\/li>\n\n\n\n<li>Popierin\u0117 d\u0117\u017eut\u0117<\/li>\n<\/ul>\n\n\n\n<p>Sunaudojimas labai priklauso nuo dengiamos med\u017eiagos strukt\u016bros, sugeriamumo ir storio, apie 10-50 m\u00b2 \/ l (apie 10 ml \/ m\u00b2 \/ mm storio, priklausomai nuo sugeriamumo).<\/p>\n<\/div>\n\n\n\n<div class=\"wp-block-column is-layout-flow wp-block-column-is-layout-flow\">\n<p><em>D\u0117mesio: plomba sukurta tekstil\u0117s gaminiams, kurie niekada arba retai plaunami. Reguliariai skalbiam\u0173 drabu\u017ei\u0173 plombos patvarumas yra iki 5 skalbim\u0173, maks. 30 \u00b0 C temperat\u016broje ir skalbiama tik vandeniu, be ploviklio.<\/em><\/p>\n\n\n\n<p><br\/><br\/>Lengva naudoti: 1. U\u017epurk\u0161kite ant \u0161varaus pavir\u0161iaus. 3. Leiskite i\u0161d\u017ei\u016bti ir \u012fsigerti 12 valand\u0173 &#8211; baigta.<\/p>\n\n\n\n<p>Ilgaam\u017ei\u0161kumas: iki 1-5 met\u0173 (priklausomai nuo tekstil\u0117s)<\/p>\n<\/div>\n<\/div>\n\n<p><strong>Tinka:<\/strong><br\/>tinka mink\u0161tiems baldams, \u010diu\u017einiams, audini\u0173 u\u017evalkalams, automobili\u0173 s\u0117dyn\u0117ms, palapin\u0117ms, laisvalaikio ir darbo drabu\u017eiams, kostiumams, mar\u0161kiniams\/palaidin\u0117ms, kaklarai\u0161\u010diams, tentams, nam\u0173 tekstil\u0117s gaminiams, \u0161varkams, zom\u0161ai (tik jei prie\u0161 tai nebuvo padengta), nuotyki\u0173 drabu\u017eiams, lagaminams, anorakams, kostiumas, automobilio vir\u0161us, medviln\u0117, u\u017euolaidos, med\u017eiagin\u0117s pir\u0161tin\u0117s, tekstilin\u0117s \u017ealiuz\u0117s, vaiki\u0161kos k\u0117dut\u0117s, vaiki\u0161ki ve\u017eim\u0117liai, pagalv\u0117l\u0117s, med\u017eiaginiai kostiumai, med\u017eiagin\u0117s lovaties\u0117s, nappa oda, paltai, skryb\u0117l\u0117s, mink\u0161ti \u017eaislai, kuprin\u0117s, striuk\u0117s, \u0161ilkas, sk\u0117\u010diai, med\u017eiaginiai \u017eaislai, stalties\u0117s ir daug daugiau.<\/p>\n","protected":false},"excerpt":{"rendered":"<p><strong>Profesionalus tekstil\u0117s sandarinimas:<\/strong><\/p>\n<p>\u2713 Su lotoso efektu (atstumiantis vanden\u012f)<\/p>\n<p>\u2713 Naudoti viduje ir lauke<\/p>\n","protected":false},"featured_media":125355,"template":"","meta":{"_acf_changed":false,"neve_meta_sidebar":"","neve_meta_container":"","neve_meta_enable_content_width":"","neve_meta_content_width":0,"neve_meta_title_alignment":"","neve_meta_author_avatar":"","neve_post_elements_order":"","neve_meta_disable_header":"","neve_meta_disable_footer":"","neve_meta_disable_title":"","neve_meta_reading_time":"","_surfaces":[],"_ver_product_tabs":[],"footnotes":""},"product_brand":[],"product_cat":[2445],"product_tag":[],"class_list":{"0":"post-22960","1":"product","2":"type-product","3":"status-publish","4":"has-post-thumbnail","6":"product_cat-odos-ir-tekstiles-sandarinimas","8":"first","9":"instock","10":"taxable","11":"shipping-taxable","12":"purchasable","13":"product-type-simple"},"acf":[],"yoast_head":"<!-- This site is optimized with the Yoast SEO Premium plugin v22.8 (Yoast SEO v27.5) - https:\/\/yoast.com\/product\/yoast-seo-premium-wordpress\/ -->\n<title>Rapid Tex \u2013 profesionalios kokyb\u0117s tekstil\u0117s sandarinimas - versiegelung24.com<\/title>\n<meta name=\"robots\" content=\"index, follow, max-snippet:-1, max-image-preview:large, max-video-preview:-1\" \/>\n<link rel=\"canonical\" href=\"https:\/\/www.versiegelung24.com\/lt\/tekstiles-sandarinimas-profesionalios-kokybes.html\" \/>\n<meta property=\"og:locale\" content=\"lt_LT\" \/>\n<meta property=\"og:type\" content=\"article\" \/>\n<meta property=\"og:title\" content=\"Rapid Tex \u2013 profesionalios kokyb\u0117s tekstil\u0117s sandarinimas\" \/>\n<meta property=\"og:description\" content=\"Profesionalus tekstil\u0117s sandarinimas: \u2713 Su lotoso efektu (atstumiantis vanden\u012f) \u2713 Naudoti viduje ir lauke\" \/>\n<meta property=\"og:url\" content=\"https:\/\/www.versiegelung24.com\/lt\/tekstiles-sandarinimas-profesionalios-kokybes.html\" \/>\n<meta property=\"og:site_name\" content=\"versiegelung24.com\" \/>\n<meta property=\"article:modified_time\" content=\"2025-01-03T22:26:27+00:00\" \/>\n<meta property=\"og:image\" content=\"https:\/\/www.versiegelung24.com\/wp-content\/uploads\/2020\/04\/produkt-6000-689-1000-rapid-tex-Textilversiegelung-scaled.webp\" \/>\n\t<meta property=\"og:image:width\" content=\"2560\" \/>\n\t<meta property=\"og:image:height\" content=\"2560\" \/>\n\t<meta property=\"og:image:type\" content=\"image\/webp\" \/>\n<meta name=\"twitter:card\" content=\"summary_large_image\" \/>\n<meta name=\"twitter:label1\" content=\"Price\" \/>\n\t<meta name=\"twitter:data1\" content=\"49,00&euro;\" \/>\n\t<meta name=\"twitter:label2\" content=\"Availability\" \/>\n\t<meta name=\"twitter:data2\" content=\"In stock\" \/>\n<script type=\"application\/ld+json\" class=\"yoast-schema-graph\">{\"@context\":\"https:\\\/\\\/schema.org\",\"@graph\":[{\"@type\":\"WebPage\",\"@id\":\"https:\\\/\\\/www.versiegelung24.com\\\/lt\\\/tekstiles-sandarinimas-profesionalios-kokybes.html\",\"url\":\"https:\\\/\\\/www.versiegelung24.com\\\/lt\\\/tekstiles-sandarinimas-profesionalios-kokybes.html\",\"name\":\"Rapid Tex \u2013 profesionalios kokyb\u0117s tekstil\u0117s sandarinimas - versiegelung24.com\",\"isPartOf\":{\"@id\":\"https:\\\/\\\/www.versiegelung24.com\\\/lt\\\/#website\"},\"primaryImageOfPage\":{\"@id\":\"https:\\\/\\\/www.versiegelung24.com\\\/lt\\\/tekstiles-sandarinimas-profesionalios-kokybes.html#primaryimage\"},\"image\":{\"@id\":\"https:\\\/\\\/www.versiegelung24.com\\\/lt\\\/tekstiles-sandarinimas-profesionalios-kokybes.html#primaryimage\"},\"thumbnailUrl\":\"https:\\\/\\\/www.versiegelung24.com\\\/wp-content\\\/uploads\\\/2020\\\/04\\\/produkt-6000-689-1000-rapid-tex-Textilversiegelung-scaled.webp\",\"datePublished\":\"2021-08-02T19:09:24+00:00\",\"dateModified\":\"2025-01-03T22:26:27+00:00\",\"breadcrumb\":{\"@id\":\"https:\\\/\\\/www.versiegelung24.com\\\/lt\\\/tekstiles-sandarinimas-profesionalios-kokybes.html#breadcrumb\"},\"inLanguage\":\"lt-LT\",\"potentialAction\":[{\"@type\":\"ReadAction\",\"target\":[\"https:\\\/\\\/www.versiegelung24.com\\\/lt\\\/tekstiles-sandarinimas-profesionalios-kokybes.html\"]}]},{\"@type\":\"ImageObject\",\"inLanguage\":\"lt-LT\",\"@id\":\"https:\\\/\\\/www.versiegelung24.com\\\/lt\\\/tekstiles-sandarinimas-profesionalios-kokybes.html#primaryimage\",\"url\":\"https:\\\/\\\/www.versiegelung24.com\\\/wp-content\\\/uploads\\\/2020\\\/04\\\/produkt-6000-689-1000-rapid-tex-Textilversiegelung-scaled.webp\",\"contentUrl\":\"https:\\\/\\\/www.versiegelung24.com\\\/wp-content\\\/uploads\\\/2020\\\/04\\\/produkt-6000-689-1000-rapid-tex-Textilversiegelung-scaled.webp\",\"width\":2560,\"height\":2560},{\"@type\":\"BreadcrumbList\",\"@id\":\"https:\\\/\\\/www.versiegelung24.com\\\/lt\\\/tekstiles-sandarinimas-profesionalios-kokybes.html#breadcrumb\",\"itemListElement\":[{\"@type\":\"ListItem\",\"position\":1,\"name\":\"Prad\u017eia\",\"item\":\"https:\\\/\\\/www.versiegelung24.com\\\/lt\\\/priekinis\\\/\"},{\"@type\":\"ListItem\",\"position\":2,\"name\":\"Parduotuv\u0117\",\"item\":\"https:\\\/\\\/www.versiegelung24.com\\\/lt\\\/parduotuve-2\\\/\"},{\"@type\":\"ListItem\",\"position\":3,\"name\":\"Rapid Tex \u2013 profesionalios kokyb\u0117s tekstil\u0117s sandarinimas\"}]},{\"@type\":\"WebSite\",\"@id\":\"https:\\\/\\\/www.versiegelung24.com\\\/lt\\\/#website\",\"url\":\"https:\\\/\\\/www.versiegelung24.com\\\/lt\\\/\",\"name\":\"versiegelung24.com\",\"description\":\"Fl\u00fcssigglas-Versiegelung - Made in Germany\",\"publisher\":{\"@id\":\"https:\\\/\\\/www.versiegelung24.com\\\/lt\\\/#organization\"},\"potentialAction\":[{\"@type\":\"SearchAction\",\"target\":{\"@type\":\"EntryPoint\",\"urlTemplate\":\"https:\\\/\\\/www.versiegelung24.com\\\/lt\\\/?s={search_term_string}\"},\"query-input\":{\"@type\":\"PropertyValueSpecification\",\"valueRequired\":true,\"valueName\":\"search_term_string\"}}],\"inLanguage\":\"lt-LT\"},{\"@type\":\"Organization\",\"@id\":\"https:\\\/\\\/www.versiegelung24.com\\\/lt\\\/#organization\",\"name\":\"versiegelung24\",\"url\":\"https:\\\/\\\/www.versiegelung24.com\\\/lt\\\/\",\"logo\":{\"@type\":\"ImageObject\",\"inLanguage\":\"lt-LT\",\"@id\":\"https:\\\/\\\/www.versiegelung24.com\\\/lt\\\/#\\\/schema\\\/logo\\\/image\\\/\",\"url\":\"https:\\\/\\\/www.versiegelung24.com\\\/wp-content\\\/uploads\\\/2020\\\/04\\\/versiegelung24.png\",\"contentUrl\":\"https:\\\/\\\/www.versiegelung24.com\\\/wp-content\\\/uploads\\\/2020\\\/04\\\/versiegelung24.png\",\"width\":470,\"height\":102,\"caption\":\"versiegelung24\"},\"image\":{\"@id\":\"https:\\\/\\\/www.versiegelung24.com\\\/lt\\\/#\\\/schema\\\/logo\\\/image\\\/\"}}]}<\/script>\n<meta property=\"product:price:amount\" content=\"49.00\" \/>\n<meta property=\"product:price:currency\" content=\"EUR\" \/>\n<meta property=\"og:availability\" content=\"instock\" \/>\n<meta property=\"product:availability\" content=\"instock\" \/>\n<meta property=\"product:retailer_item_id\" content=\"6000-689-1000\" \/>\n<meta property=\"product:condition\" content=\"new\" \/>\n<!-- \/ Yoast SEO Premium plugin. -->","yoast_head_json":{"title":"Rapid Tex \u2013 profesionalios kokyb\u0117s tekstil\u0117s sandarinimas - versiegelung24.com","robots":{"index":"index","follow":"follow","max-snippet":"max-snippet:-1","max-image-preview":"max-image-preview:large","max-video-preview":"max-video-preview:-1"},"canonical":"https:\/\/www.versiegelung24.com\/lt\/tekstiles-sandarinimas-profesionalios-kokybes.html","og_locale":"lt_LT","og_type":"article","og_title":"Rapid Tex \u2013 profesionalios kokyb\u0117s tekstil\u0117s sandarinimas","og_description":"Profesionalus tekstil\u0117s sandarinimas: \u2713 Su lotoso efektu (atstumiantis vanden\u012f) \u2713 Naudoti viduje ir lauke","og_url":"https:\/\/www.versiegelung24.com\/lt\/tekstiles-sandarinimas-profesionalios-kokybes.html","og_site_name":"versiegelung24.com","article_modified_time":"2025-01-03T22:26:27+00:00","og_image":[{"width":2560,"height":2560,"url":"https:\/\/www.versiegelung24.com\/wp-content\/uploads\/2020\/04\/produkt-6000-689-1000-rapid-tex-Textilversiegelung-scaled.webp","type":"image\/webp"}],"twitter_card":"summary_large_image","twitter_misc":{"Price":"49,00&euro;","Availability":"In stock"},"schema":{"@context":"https:\/\/schema.org","@graph":[{"@type":"WebPage","@id":"https:\/\/www.versiegelung24.com\/lt\/tekstiles-sandarinimas-profesionalios-kokybes.html","url":"https:\/\/www.versiegelung24.com\/lt\/tekstiles-sandarinimas-profesionalios-kokybes.html","name":"Rapid Tex \u2013 profesionalios kokyb\u0117s tekstil\u0117s sandarinimas - versiegelung24.com","isPartOf":{"@id":"https:\/\/www.versiegelung24.com\/lt\/#website"},"primaryImageOfPage":{"@id":"https:\/\/www.versiegelung24.com\/lt\/tekstiles-sandarinimas-profesionalios-kokybes.html#primaryimage"},"image":{"@id":"https:\/\/www.versiegelung24.com\/lt\/tekstiles-sandarinimas-profesionalios-kokybes.html#primaryimage"},"thumbnailUrl":"https:\/\/www.versiegelung24.com\/wp-content\/uploads\/2020\/04\/produkt-6000-689-1000-rapid-tex-Textilversiegelung-scaled.webp","datePublished":"2021-08-02T19:09:24+00:00","dateModified":"2025-01-03T22:26:27+00:00","breadcrumb":{"@id":"https:\/\/www.versiegelung24.com\/lt\/tekstiles-sandarinimas-profesionalios-kokybes.html#breadcrumb"},"inLanguage":"lt-LT","potentialAction":[{"@type":"ReadAction","target":["https:\/\/www.versiegelung24.com\/lt\/tekstiles-sandarinimas-profesionalios-kokybes.html"]}]},{"@type":"ImageObject","inLanguage":"lt-LT","@id":"https:\/\/www.versiegelung24.com\/lt\/tekstiles-sandarinimas-profesionalios-kokybes.html#primaryimage","url":"https:\/\/www.versiegelung24.com\/wp-content\/uploads\/2020\/04\/produkt-6000-689-1000-rapid-tex-Textilversiegelung-scaled.webp","contentUrl":"https:\/\/www.versiegelung24.com\/wp-content\/uploads\/2020\/04\/produkt-6000-689-1000-rapid-tex-Textilversiegelung-scaled.webp","width":2560,"height":2560},{"@type":"BreadcrumbList","@id":"https:\/\/www.versiegelung24.com\/lt\/tekstiles-sandarinimas-profesionalios-kokybes.html#breadcrumb","itemListElement":[{"@type":"ListItem","position":1,"name":"Prad\u017eia","item":"https:\/\/www.versiegelung24.com\/lt\/priekinis\/"},{"@type":"ListItem","position":2,"name":"Parduotuv\u0117","item":"https:\/\/www.versiegelung24.com\/lt\/parduotuve-2\/"},{"@type":"ListItem","position":3,"name":"Rapid Tex \u2013 profesionalios kokyb\u0117s tekstil\u0117s sandarinimas"}]},{"@type":"WebSite","@id":"https:\/\/www.versiegelung24.com\/lt\/#website","url":"https:\/\/www.versiegelung24.com\/lt\/","name":"versiegelung24.com","description":"Fl\u00fcssigglas-Versiegelung - Made in Germany","publisher":{"@id":"https:\/\/www.versiegelung24.com\/lt\/#organization"},"potentialAction":[{"@type":"SearchAction","target":{"@type":"EntryPoint","urlTemplate":"https:\/\/www.versiegelung24.com\/lt\/?s={search_term_string}"},"query-input":{"@type":"PropertyValueSpecification","valueRequired":true,"valueName":"search_term_string"}}],"inLanguage":"lt-LT"},{"@type":"Organization","@id":"https:\/\/www.versiegelung24.com\/lt\/#organization","name":"versiegelung24","url":"https:\/\/www.versiegelung24.com\/lt\/","logo":{"@type":"ImageObject","inLanguage":"lt-LT","@id":"https:\/\/www.versiegelung24.com\/lt\/#\/schema\/logo\/image\/","url":"https:\/\/www.versiegelung24.com\/wp-content\/uploads\/2020\/04\/versiegelung24.png","contentUrl":"https:\/\/www.versiegelung24.com\/wp-content\/uploads\/2020\/04\/versiegelung24.png","width":470,"height":102,"caption":"versiegelung24"},"image":{"@id":"https:\/\/www.versiegelung24.com\/lt\/#\/schema\/logo\/image\/"}}]},"product_price_amount":"49.00","product_price_currency":"EUR","og_availability":"instock","product_availability":"instock","product_retailer_item_id":"6000-689-1000","product_condition":"new"},"_links":{"self":[{"href":"https:\/\/www.versiegelung24.com\/lt\/wp-json\/wp\/v2\/product\/22960","targetHints":{"allow":["GET"]}}],"collection":[{"href":"https:\/\/www.versiegelung24.com\/lt\/wp-json\/wp\/v2\/product"}],"about":[{"href":"https:\/\/www.versiegelung24.com\/lt\/wp-json\/wp\/v2\/types\/product"}],"version-history":[{"count":13,"href":"https:\/\/www.versiegelung24.com\/lt\/wp-json\/wp\/v2\/product\/22960\/revisions"}],"predecessor-version":[{"id":174333,"href":"https:\/\/www.versiegelung24.com\/lt\/wp-json\/wp\/v2\/product\/22960\/revisions\/174333"}],"wp:featuredmedia":[{"embeddable":true,"href":"https:\/\/www.versiegelung24.com\/lt\/wp-json\/wp\/v2\/media\/125355"}],"wp:attachment":[{"href":"https:\/\/www.versiegelung24.com\/lt\/wp-json\/wp\/v2\/media?parent=22960"}],"wp:term":[{"taxonomy":"product_brand","embeddable":true,"href":"https:\/\/www.versiegelung24.com\/lt\/wp-json\/wp\/v2\/product_brand?post=22960"},{"taxonomy":"product_cat","embeddable":true,"href":"https:\/\/www.versiegelung24.com\/lt\/wp-json\/wp\/v2\/product_cat?post=22960"},{"taxonomy":"product_tag","embeddable":true,"href":"https:\/\/www.versiegelung24.com\/lt\/wp-json\/wp\/v2\/product_tag?post=22960"}],"curies":[{"name":"wp","href":"https:\/\/api.w.org\/{rel}","templated":true}]}}