{"id":22983,"date":"2020-04-04T18:53:18","date_gmt":"2021-08-02T19:10:11","guid":{"rendered":"https:\/\/www.versiegelung24.com\/produkt\/bacoban-ilgalaikes-pavirsiaus-dezinfekavimo-serveteles-50-vienetu-plokscioje-pakuoteje"},"modified":"2025-01-13T16:37:57","modified_gmt":"2025-01-13T15:37:57","slug":"bacoban-ilgalaikio-pavirsiaus-dezinfekavimo-sluostes-50-vienetu-buto-pakuoteje-audinys-formatas-180-x-200mm","status":"publish","type":"product","link":"https:\/\/www.versiegelung24.com\/lt\/bacoban-ilgalaikio-pavirsiaus-dezinfekavimo-sluostes-50-vienetu-buto-pakuoteje-audinys-formatas-180-x-200mm.html","title":{"rendered":"BACOBAN\u00ae ilgalaik\u0117s pavir\u0161iaus dezinfekavimo servet\u0117l\u0117s, 50 vienet\u0173 plok\u0161\u010dioje pakuot\u0117je"},"content":{"rendered":"\n<p>Paruo\u0161tos naudoti dr\u0117gnos servet\u0117l\u0117s alkoholiui atspari\u0173 pavir\u0161i\u0173 dezinfekcijai<\/p>\n\n<hr \/>\n\n<h4 class=\"wp-block-heading\" id=\"properties\">Produkto savyb\u0117s<\/h4>\n\n<div class=\"wp-block-columns is-layout-flex wp-container-core-columns-is-layout-9d6595d7 wp-block-columns-is-layout-flex\">\n<div class=\"wp-block-column is-layout-flow wp-block-column-is-layout-flow\">\n<ul class=\"wp-block-list\">\n<li><br \/>Ilgalaikis antimikrobinis poveikis (i\u0161liekamasis poveikis) iki 10 dien\u0173<\/li>\n\n\n\n<li>veiksmingas prie\u0161 koronavirus\u0105<\/li>\n\n\n\n<li>labai geras odos toleravimas<\/li>\n\n\n\n<li>didelis valymo efektas<\/li>\n\n\n\n<li>Praktinis pritaikymas i\u0161bandytas 4 lauk\u0173 bandyme<\/li>\n<\/ul>\n<\/div>\n\n\n\n<div class=\"wp-block-column is-layout-flow wp-block-column-is-layout-flow\">\n<h3 class=\"wp-block-heading\" id=\"zusammensetzung\">kompozicija<\/h3>\n\n\n\n<p>100 g tirpalo yra:<br \/><br \/>Sudedamosios dalys pagal Reglament\u0105 (EB) Nr. 648\/2004: ma\u017eiau nei 5 % katijonini\u0173 pavir\u0161inio aktyvumo med\u017eiag\u0173, dezinfekcin\u0117 med\u017eiaga, kvapioji med\u017eiaga. Be formaldehid\u0173, be fenolio.<\/p>\n<\/div>\n<\/div>\n\n<hr \/>\n\n<h4 class=\"wp-block-heading\" id=\"application\">Parai\u0161ka<\/h4>\n\n<p><strong>\u201eBacoban\u201c<\/strong><sup> \u00ae<\/sup><strong> DL<\/strong> yra paruo\u0161tas naudoti, vandens pagrindu pagamintas tirpalas pavir\u0161i\u0173 dezinfekavimui ir valymui, turintis ilgalaik\u012f antimikrobin\u012f poveik\u012f (remanencijos efektas).<\/p>\n\n<h3 class=\"wp-block-heading\" id=\"gebrauch\">naudoti<\/h3>\n\n<p><strong>\u201eBacoban\u201c<\/strong><sup> \u00ae<\/sup><strong> DL<\/strong> Nuimkite paruo\u0161t\u0105 naudoti audin\u012f ir tolygiai paskirstykite skyst\u012f ant pavir\u0161iaus. Tada leiskite i\u0161d\u017ei\u016bti. Neplaukite ir netrinkite.<\/p>\n\n<figure class=\"wp-block-table\"><table><tbody><tr><td>efektyvumas<\/td><\/tr><tr><td>Testavimas pagal DVV \/ RKI gaires<\/td><td>Kontakto trukm\u0117<\/td><\/tr><tr><td><br \/>Ribotas virusocidinis poveikis (virusai su apvalkalu, \u012fskaitant <strong>koronavirus\u0105<\/strong>, \u017dIV, HBV, HCV, grip\u0105, herpes\u0105, Ebola virus\u0105&#8230;.)<\/td><td>5 min<\/td><\/tr><tr><td>Rotavirusas<\/td><td>5 min<\/td><\/tr><tr><td>Norovirusas<\/td><td>30 min<\/td><\/tr><tr><td>Papilomos virusas (\u017dPV)<\/td><td>60 min<\/td><\/tr><tr><td>Testavimas pagal DGHM gaires (su mechanika, didel\u0117 apkrova)<\/td><\/tr><tr><td>baktericidinis ir mieliacidinis<\/td><td>5 min<\/td><\/tr><tr><td>EN standartus<\/td><\/tr><tr><td>EN 1040 (baktericidinis)<\/td><td>5 min<\/td><\/tr><tr><td>EN 1275 (mieli\u0173 naikinimo priemon\u0117)<\/td><td>5 min<\/td><\/tr><tr><td>EN 1276 (baktericidinis)<\/td><td>5 min<\/td><\/tr><tr><td>EN 13727 (baktericidinis)<\/td><td>5 min<\/td><\/tr><tr><td>EN 13624 (mieli\u0173, fungicid\u0173)<\/td><td>5 min<\/td><\/tr><tr><td>EN 1650 (mieli\u0173 naikinimo priemon\u0117)<\/td><td>5 min<\/td><\/tr><tr><td>EN 13697 (baktericidinis)<\/td><td>5 min<\/td><\/tr><tr><td>EN 14561 (baktericidinis)<\/td><td>60 min<\/td><\/tr><tr><td>EN 14562 (mieli\u0173 naikinimo priemon\u0117)<\/td><td>60 min<\/td><\/tr><tr><td>EN 16615 (baktericidinis, mieliacidinis) (4 lauk\u0173 bandymas)<\/td><td>5 min<\/td><\/tr><\/tbody><\/table><\/figure>\n\n<hr \/>\n\n<h4 class=\"wp-block-heading\" id=\"advisor\">Konsultantas<\/h4>\n\n<h3 class=\"wp-block-heading\" id=\"lagerung\">saugykla<\/h3>\n\n<p><strong>\u201eBacoban\u201c<\/strong><sup> \u00ae<\/sup><strong> DL<\/strong> laikyti +5 iki + 25 \u00b0 C temperat\u016broje. Saugoti nuo \u0161al\u010dio ir tiesiogini\u0173 saul\u0117s spinduli\u0173.<\/p>\n\n<h3 class=\"wp-block-heading\" id=\"gutachten\">Vertinimas<\/h3>\n\n<p>M\u016bs\u0173 gaminiai buvo pla\u010diai i\u0161bandyti. Mes mielai pateiksime jums mikrobiologines ir dermatologines ataskaitas, kai jos papra\u0161ys.<\/p>\n\n<h3 class=\"wp-block-heading\" id=\"sicherheitshinweis\">Saugos pastaba<\/h3>\n\n<p>Saugos duomen\u0173 lap\u0105 galima gauti papra\u0161ius.<\/p>\n\n<p><br \/>Ilgalaikis antimikrobinis poveikis <strong>(remanenti\u0161kumo efektas<\/strong> ) iki <strong>10 dien\u0173<\/strong> (i\u0161bandyta pagal ASTM E 2180). Dermatologi\u0161kai i\u0161bandyta (epikutaninis bandymas su 30 tiriam\u0173j\u0173): labai geras suderinamumas su oda.<\/p>\n\n<p><strong>Svarbu<\/strong> ! Antimikrobinis nuolatinis poveikis<strong> \u201eBacoban\u201c<\/strong><sup> \u00ae<\/sup><strong> DL<\/strong> matomo ir (arba) abejotino u\u017eter\u0161imo atveju negalima atsisakyti b\u016btin\u0173 dezinfekcijos priemoni\u0173!<\/p>\n\n<p><strong>Atsargiai naudokite dezinfekavimo priemones. Prie\u0161 naudojim\u0105 visada perskaitykite etiket\u0119 ir produkto informacij\u0105.<\/strong><\/p>\n\n<p>Biocido Reg. Nr.: N-34071 (D), 262\/17 \/ L (Lu), PT2<\/p>\n","protected":false},"excerpt":{"rendered":"<p><strong>Paruo\u0161tos naudoti dr\u0117gnos servet\u0117l\u0117s pavir\u0161iams dezinfekuoti<\/strong><\/p>\n","protected":false},"featured_media":176468,"template":"","meta":{"_acf_changed":false,"neve_meta_sidebar":"","neve_meta_container":"","neve_meta_enable_content_width":"","neve_meta_content_width":0,"neve_meta_title_alignment":"","neve_meta_author_avatar":"","neve_post_elements_order":"","neve_meta_disable_header":"","neve_meta_disable_footer":"","neve_meta_disable_title":"","neve_meta_reading_time":"","_surfaces":[],"_ver_product_tabs":[],"footnotes":""},"product_brand":[],"product_cat":[2245,2246],"product_tag":[],"class_list":{"0":"post-22983","1":"product","2":"type-product","3":"status-publish","4":"has-post-thumbnail","6":"product_cat-dezinfekavimo-priemones","7":"product_cat-pavirsiaus-dezinfekavimo-priemones","9":"first","10":"onbackorder","11":"taxable","12":"shipping-taxable","13":"purchasable","14":"product-type-simple"},"acf":[],"yoast_head":"<!-- This site is optimized with the Yoast SEO Premium plugin v22.8 (Yoast SEO v27.5) - https:\/\/yoast.com\/product\/yoast-seo-premium-wordpress\/ -->\n<title>BACOBAN\u00ae ilgalaik\u0117s pavir\u0161iaus dezinfekavimo servet\u0117l\u0117s, 50 vienet\u0173 plok\u0161\u010dioje pakuot\u0117je - versiegelung24.com<\/title>\n<meta name=\"robots\" content=\"index, follow, max-snippet:-1, max-image-preview:large, max-video-preview:-1\" \/>\n<link rel=\"canonical\" href=\"https:\/\/www.versiegelung24.com\/lt\/bacoban-ilgalaikio-pavirsiaus-dezinfekavimo-sluostes-50-vienetu-buto-pakuoteje-audinys-formatas-180-x-200mm.html\" \/>\n<meta property=\"og:locale\" content=\"lt_LT\" \/>\n<meta property=\"og:type\" content=\"article\" \/>\n<meta property=\"og:title\" content=\"BACOBAN\u00ae ilgalaik\u0117s pavir\u0161iaus dezinfekavimo servet\u0117l\u0117s, 50 vienet\u0173 plok\u0161\u010dioje pakuot\u0117je\" \/>\n<meta property=\"og:description\" content=\"Paruo\u0161tos naudoti dr\u0117gnos servet\u0117l\u0117s pavir\u0161iams dezinfekuoti\" \/>\n<meta property=\"og:url\" content=\"https:\/\/www.versiegelung24.com\/lt\/bacoban-ilgalaikio-pavirsiaus-dezinfekavimo-sluostes-50-vienetu-buto-pakuoteje-audinys-formatas-180-x-200mm.html\" \/>\n<meta property=\"og:site_name\" content=\"versiegelung24.com\" \/>\n<meta property=\"article:modified_time\" content=\"2025-01-13T15:37:57+00:00\" \/>\n<meta property=\"og:image\" content=\"https:\/\/www.versiegelung24.com\/wp-content\/uploads\/2020\/04\/bacotue-produktbild-schraeg.webp\" \/>\n\t<meta property=\"og:image:width\" content=\"2000\" \/>\n\t<meta property=\"og:image:height\" content=\"2000\" \/>\n\t<meta property=\"og:image:type\" content=\"image\/webp\" \/>\n<meta name=\"twitter:card\" content=\"summary_large_image\" \/>\n<meta name=\"twitter:label1\" content=\"Price\" \/>\n\t<meta name=\"twitter:data1\" content=\"7,79&euro;\" \/>\n\t<meta name=\"twitter:label2\" content=\"Availability\" \/>\n\t<meta name=\"twitter:data2\" content=\"On backorder\" \/>\n<script type=\"application\/ld+json\" class=\"yoast-schema-graph\">{\"@context\":\"https:\\\/\\\/schema.org\",\"@graph\":[{\"@type\":\"WebPage\",\"@id\":\"https:\\\/\\\/www.versiegelung24.com\\\/lt\\\/bacoban-ilgalaikio-pavirsiaus-dezinfekavimo-sluostes-50-vienetu-buto-pakuoteje-audinys-formatas-180-x-200mm.html\",\"url\":\"https:\\\/\\\/www.versiegelung24.com\\\/lt\\\/bacoban-ilgalaikio-pavirsiaus-dezinfekavimo-sluostes-50-vienetu-buto-pakuoteje-audinys-formatas-180-x-200mm.html\",\"name\":\"BACOBAN\u00ae ilgalaik\u0117s pavir\u0161iaus dezinfekavimo servet\u0117l\u0117s, 50 vienet\u0173 plok\u0161\u010dioje pakuot\u0117je - versiegelung24.com\",\"isPartOf\":{\"@id\":\"https:\\\/\\\/www.versiegelung24.com\\\/lt\\\/#website\"},\"primaryImageOfPage\":{\"@id\":\"https:\\\/\\\/www.versiegelung24.com\\\/lt\\\/bacoban-ilgalaikio-pavirsiaus-dezinfekavimo-sluostes-50-vienetu-buto-pakuoteje-audinys-formatas-180-x-200mm.html#primaryimage\"},\"image\":{\"@id\":\"https:\\\/\\\/www.versiegelung24.com\\\/lt\\\/bacoban-ilgalaikio-pavirsiaus-dezinfekavimo-sluostes-50-vienetu-buto-pakuoteje-audinys-formatas-180-x-200mm.html#primaryimage\"},\"thumbnailUrl\":\"https:\\\/\\\/www.versiegelung24.com\\\/wp-content\\\/uploads\\\/2020\\\/04\\\/bacotue-produktbild-schraeg.webp\",\"datePublished\":\"2021-08-02T19:10:11+00:00\",\"dateModified\":\"2025-01-13T15:37:57+00:00\",\"breadcrumb\":{\"@id\":\"https:\\\/\\\/www.versiegelung24.com\\\/lt\\\/bacoban-ilgalaikio-pavirsiaus-dezinfekavimo-sluostes-50-vienetu-buto-pakuoteje-audinys-formatas-180-x-200mm.html#breadcrumb\"},\"inLanguage\":\"lt-LT\",\"potentialAction\":[{\"@type\":\"ReadAction\",\"target\":[\"https:\\\/\\\/www.versiegelung24.com\\\/lt\\\/bacoban-ilgalaikio-pavirsiaus-dezinfekavimo-sluostes-50-vienetu-buto-pakuoteje-audinys-formatas-180-x-200mm.html\"]}]},{\"@type\":\"ImageObject\",\"inLanguage\":\"lt-LT\",\"@id\":\"https:\\\/\\\/www.versiegelung24.com\\\/lt\\\/bacoban-ilgalaikio-pavirsiaus-dezinfekavimo-sluostes-50-vienetu-buto-pakuoteje-audinys-formatas-180-x-200mm.html#primaryimage\",\"url\":\"https:\\\/\\\/www.versiegelung24.com\\\/wp-content\\\/uploads\\\/2020\\\/04\\\/bacotue-produktbild-schraeg.webp\",\"contentUrl\":\"https:\\\/\\\/www.versiegelung24.com\\\/wp-content\\\/uploads\\\/2020\\\/04\\\/bacotue-produktbild-schraeg.webp\",\"width\":2000,\"height\":2000},{\"@type\":\"BreadcrumbList\",\"@id\":\"https:\\\/\\\/www.versiegelung24.com\\\/lt\\\/bacoban-ilgalaikio-pavirsiaus-dezinfekavimo-sluostes-50-vienetu-buto-pakuoteje-audinys-formatas-180-x-200mm.html#breadcrumb\",\"itemListElement\":[{\"@type\":\"ListItem\",\"position\":1,\"name\":\"Prad\u017eia\",\"item\":\"https:\\\/\\\/www.versiegelung24.com\\\/lt\\\/priekinis\\\/\"},{\"@type\":\"ListItem\",\"position\":2,\"name\":\"Parduotuv\u0117\",\"item\":\"https:\\\/\\\/www.versiegelung24.com\\\/lt\\\/parduotuve-2\\\/\"},{\"@type\":\"ListItem\",\"position\":3,\"name\":\"BACOBAN\u00ae ilgalaik\u0117s pavir\u0161iaus dezinfekavimo servet\u0117l\u0117s, 50 vienet\u0173 plok\u0161\u010dioje pakuot\u0117je\"}]},{\"@type\":\"WebSite\",\"@id\":\"https:\\\/\\\/www.versiegelung24.com\\\/lt\\\/#website\",\"url\":\"https:\\\/\\\/www.versiegelung24.com\\\/lt\\\/\",\"name\":\"versiegelung24.com\",\"description\":\"Fl\u00fcssigglas-Versiegelung - Made in Germany\",\"publisher\":{\"@id\":\"https:\\\/\\\/www.versiegelung24.com\\\/lt\\\/#organization\"},\"potentialAction\":[{\"@type\":\"SearchAction\",\"target\":{\"@type\":\"EntryPoint\",\"urlTemplate\":\"https:\\\/\\\/www.versiegelung24.com\\\/lt\\\/?s={search_term_string}\"},\"query-input\":{\"@type\":\"PropertyValueSpecification\",\"valueRequired\":true,\"valueName\":\"search_term_string\"}}],\"inLanguage\":\"lt-LT\"},{\"@type\":\"Organization\",\"@id\":\"https:\\\/\\\/www.versiegelung24.com\\\/lt\\\/#organization\",\"name\":\"versiegelung24\",\"url\":\"https:\\\/\\\/www.versiegelung24.com\\\/lt\\\/\",\"logo\":{\"@type\":\"ImageObject\",\"inLanguage\":\"lt-LT\",\"@id\":\"https:\\\/\\\/www.versiegelung24.com\\\/lt\\\/#\\\/schema\\\/logo\\\/image\\\/\",\"url\":\"https:\\\/\\\/www.versiegelung24.com\\\/wp-content\\\/uploads\\\/2020\\\/04\\\/versiegelung24.png\",\"contentUrl\":\"https:\\\/\\\/www.versiegelung24.com\\\/wp-content\\\/uploads\\\/2020\\\/04\\\/versiegelung24.png\",\"width\":470,\"height\":102,\"caption\":\"versiegelung24\"},\"image\":{\"@id\":\"https:\\\/\\\/www.versiegelung24.com\\\/lt\\\/#\\\/schema\\\/logo\\\/image\\\/\"}}]}<\/script>\n<meta property=\"product:price:amount\" content=\"7.79\" \/>\n<meta property=\"product:price:currency\" content=\"EUR\" \/>\n<meta property=\"og:availability\" content=\"backorder\" \/>\n<meta property=\"product:availability\" content=\"available for order\" \/>\n<meta property=\"product:retailer_item_id\" content=\"BACTUE\" \/>\n<meta property=\"product:condition\" content=\"new\" \/>\n<!-- \/ Yoast SEO Premium plugin. -->","yoast_head_json":{"title":"BACOBAN\u00ae ilgalaik\u0117s pavir\u0161iaus dezinfekavimo servet\u0117l\u0117s, 50 vienet\u0173 plok\u0161\u010dioje pakuot\u0117je - versiegelung24.com","robots":{"index":"index","follow":"follow","max-snippet":"max-snippet:-1","max-image-preview":"max-image-preview:large","max-video-preview":"max-video-preview:-1"},"canonical":"https:\/\/www.versiegelung24.com\/lt\/bacoban-ilgalaikio-pavirsiaus-dezinfekavimo-sluostes-50-vienetu-buto-pakuoteje-audinys-formatas-180-x-200mm.html","og_locale":"lt_LT","og_type":"article","og_title":"BACOBAN\u00ae ilgalaik\u0117s pavir\u0161iaus dezinfekavimo servet\u0117l\u0117s, 50 vienet\u0173 plok\u0161\u010dioje pakuot\u0117je","og_description":"Paruo\u0161tos naudoti dr\u0117gnos servet\u0117l\u0117s pavir\u0161iams dezinfekuoti","og_url":"https:\/\/www.versiegelung24.com\/lt\/bacoban-ilgalaikio-pavirsiaus-dezinfekavimo-sluostes-50-vienetu-buto-pakuoteje-audinys-formatas-180-x-200mm.html","og_site_name":"versiegelung24.com","article_modified_time":"2025-01-13T15:37:57+00:00","og_image":[{"width":2000,"height":2000,"url":"https:\/\/www.versiegelung24.com\/wp-content\/uploads\/2020\/04\/bacotue-produktbild-schraeg.webp","type":"image\/webp"}],"twitter_card":"summary_large_image","twitter_misc":{"Price":"7,79&euro;","Availability":"On backorder"},"schema":{"@context":"https:\/\/schema.org","@graph":[{"@type":"WebPage","@id":"https:\/\/www.versiegelung24.com\/lt\/bacoban-ilgalaikio-pavirsiaus-dezinfekavimo-sluostes-50-vienetu-buto-pakuoteje-audinys-formatas-180-x-200mm.html","url":"https:\/\/www.versiegelung24.com\/lt\/bacoban-ilgalaikio-pavirsiaus-dezinfekavimo-sluostes-50-vienetu-buto-pakuoteje-audinys-formatas-180-x-200mm.html","name":"BACOBAN\u00ae ilgalaik\u0117s pavir\u0161iaus dezinfekavimo servet\u0117l\u0117s, 50 vienet\u0173 plok\u0161\u010dioje pakuot\u0117je - versiegelung24.com","isPartOf":{"@id":"https:\/\/www.versiegelung24.com\/lt\/#website"},"primaryImageOfPage":{"@id":"https:\/\/www.versiegelung24.com\/lt\/bacoban-ilgalaikio-pavirsiaus-dezinfekavimo-sluostes-50-vienetu-buto-pakuoteje-audinys-formatas-180-x-200mm.html#primaryimage"},"image":{"@id":"https:\/\/www.versiegelung24.com\/lt\/bacoban-ilgalaikio-pavirsiaus-dezinfekavimo-sluostes-50-vienetu-buto-pakuoteje-audinys-formatas-180-x-200mm.html#primaryimage"},"thumbnailUrl":"https:\/\/www.versiegelung24.com\/wp-content\/uploads\/2020\/04\/bacotue-produktbild-schraeg.webp","datePublished":"2021-08-02T19:10:11+00:00","dateModified":"2025-01-13T15:37:57+00:00","breadcrumb":{"@id":"https:\/\/www.versiegelung24.com\/lt\/bacoban-ilgalaikio-pavirsiaus-dezinfekavimo-sluostes-50-vienetu-buto-pakuoteje-audinys-formatas-180-x-200mm.html#breadcrumb"},"inLanguage":"lt-LT","potentialAction":[{"@type":"ReadAction","target":["https:\/\/www.versiegelung24.com\/lt\/bacoban-ilgalaikio-pavirsiaus-dezinfekavimo-sluostes-50-vienetu-buto-pakuoteje-audinys-formatas-180-x-200mm.html"]}]},{"@type":"ImageObject","inLanguage":"lt-LT","@id":"https:\/\/www.versiegelung24.com\/lt\/bacoban-ilgalaikio-pavirsiaus-dezinfekavimo-sluostes-50-vienetu-buto-pakuoteje-audinys-formatas-180-x-200mm.html#primaryimage","url":"https:\/\/www.versiegelung24.com\/wp-content\/uploads\/2020\/04\/bacotue-produktbild-schraeg.webp","contentUrl":"https:\/\/www.versiegelung24.com\/wp-content\/uploads\/2020\/04\/bacotue-produktbild-schraeg.webp","width":2000,"height":2000},{"@type":"BreadcrumbList","@id":"https:\/\/www.versiegelung24.com\/lt\/bacoban-ilgalaikio-pavirsiaus-dezinfekavimo-sluostes-50-vienetu-buto-pakuoteje-audinys-formatas-180-x-200mm.html#breadcrumb","itemListElement":[{"@type":"ListItem","position":1,"name":"Prad\u017eia","item":"https:\/\/www.versiegelung24.com\/lt\/priekinis\/"},{"@type":"ListItem","position":2,"name":"Parduotuv\u0117","item":"https:\/\/www.versiegelung24.com\/lt\/parduotuve-2\/"},{"@type":"ListItem","position":3,"name":"BACOBAN\u00ae ilgalaik\u0117s pavir\u0161iaus dezinfekavimo servet\u0117l\u0117s, 50 vienet\u0173 plok\u0161\u010dioje pakuot\u0117je"}]},{"@type":"WebSite","@id":"https:\/\/www.versiegelung24.com\/lt\/#website","url":"https:\/\/www.versiegelung24.com\/lt\/","name":"versiegelung24.com","description":"Fl\u00fcssigglas-Versiegelung - Made in Germany","publisher":{"@id":"https:\/\/www.versiegelung24.com\/lt\/#organization"},"potentialAction":[{"@type":"SearchAction","target":{"@type":"EntryPoint","urlTemplate":"https:\/\/www.versiegelung24.com\/lt\/?s={search_term_string}"},"query-input":{"@type":"PropertyValueSpecification","valueRequired":true,"valueName":"search_term_string"}}],"inLanguage":"lt-LT"},{"@type":"Organization","@id":"https:\/\/www.versiegelung24.com\/lt\/#organization","name":"versiegelung24","url":"https:\/\/www.versiegelung24.com\/lt\/","logo":{"@type":"ImageObject","inLanguage":"lt-LT","@id":"https:\/\/www.versiegelung24.com\/lt\/#\/schema\/logo\/image\/","url":"https:\/\/www.versiegelung24.com\/wp-content\/uploads\/2020\/04\/versiegelung24.png","contentUrl":"https:\/\/www.versiegelung24.com\/wp-content\/uploads\/2020\/04\/versiegelung24.png","width":470,"height":102,"caption":"versiegelung24"},"image":{"@id":"https:\/\/www.versiegelung24.com\/lt\/#\/schema\/logo\/image\/"}}]},"product_price_amount":"7.79","product_price_currency":"EUR","og_availability":"backorder","product_availability":"available for order","product_retailer_item_id":"BACTUE","product_condition":"new"},"_links":{"self":[{"href":"https:\/\/www.versiegelung24.com\/lt\/wp-json\/wp\/v2\/product\/22983","targetHints":{"allow":["GET"]}}],"collection":[{"href":"https:\/\/www.versiegelung24.com\/lt\/wp-json\/wp\/v2\/product"}],"about":[{"href":"https:\/\/www.versiegelung24.com\/lt\/wp-json\/wp\/v2\/types\/product"}],"version-history":[{"count":15,"href":"https:\/\/www.versiegelung24.com\/lt\/wp-json\/wp\/v2\/product\/22983\/revisions"}],"predecessor-version":[{"id":180563,"href":"https:\/\/www.versiegelung24.com\/lt\/wp-json\/wp\/v2\/product\/22983\/revisions\/180563"}],"wp:featuredmedia":[{"embeddable":true,"href":"https:\/\/www.versiegelung24.com\/lt\/wp-json\/wp\/v2\/media\/176468"}],"wp:attachment":[{"href":"https:\/\/www.versiegelung24.com\/lt\/wp-json\/wp\/v2\/media?parent=22983"}],"wp:term":[{"taxonomy":"product_brand","embeddable":true,"href":"https:\/\/www.versiegelung24.com\/lt\/wp-json\/wp\/v2\/product_brand?post=22983"},{"taxonomy":"product_cat","embeddable":true,"href":"https:\/\/www.versiegelung24.com\/lt\/wp-json\/wp\/v2\/product_cat?post=22983"},{"taxonomy":"product_tag","embeddable":true,"href":"https:\/\/www.versiegelung24.com\/lt\/wp-json\/wp\/v2\/product_tag?post=22983"}],"curies":[{"name":"wp","href":"https:\/\/api.w.org\/{rel}","templated":true}]}}