{"id":23004,"date":"2020-04-04T18:53:16","date_gmt":"2021-08-02T19:11:23","guid":{"rendered":"https:\/\/www.versiegelung24.com\/produkt\/batu-specialus-poliravimas-ir-sandarinimas-profesionalios-kokybes"},"modified":"2025-04-10T10:57:06","modified_gmt":"2025-04-10T08:57:06","slug":"batai-specialus-poliruoti-ir-sandarinti-profesionaliai","status":"publish","type":"product","link":"https:\/\/www.versiegelung24.com\/lt\/batu-specialus-poliravimas-ir-sandarinimas-profesionalios-kokybes.html","title":{"rendered":"Specialus profesionalios kokyb\u0117s laivo \/ jachtos \/ valties poliravimas ir sandarinimas"},"content":{"rendered":"\n<p><strong>Labai efektyvi emulsija, skirta poliruoti ir sandarinti pavir\u0161ius vir\u0161 vandens linijos,<\/strong><strong> su lotoso efektu (atstumiantis vanden\u012f), galiojimo laikas iki 3 m\u0117nesi\u0173<\/strong><\/p>\n\n<p>Auk\u0161tos kokyb\u0117s Pagaminta Vokietijoje.<\/p>\n\n<hr \/>\n\n<h4 class=\"wp-block-heading\" id=\"properties\">Produkto savyb\u0117s<\/h4>\n\n<div class=\"wp-block-columns is-layout-flex wp-container-core-columns-is-layout-9d6595d7 wp-block-columns-is-layout-flex\">\n<div class=\"wp-block-column is-layout-flow wp-block-column-is-layout-flow\">\n<ul class=\"wp-block-list\"><li>Auk\u0161tos kokyb\u0117s lakas be abrazyvini\u0173 komponent\u0173, da\u017e\u0173 sluoksniai n\u0117ra u\u017epulti<\/li><li>Emulsija, labai paprasta naudoti<\/li><li>Gaivinantis blizges\u012f ir spalv\u0105<\/li><li>Vienu \u017eingsniu valo, poliruoja ir sandarina (pa\u0161alina derv\u0105, derv\u0105 ir vabzd\u017ei\u0173 liku\u010dius)<\/li><li>Vanden\u012f ir purv\u0105 atstumianti nelipni danga, blizgi<\/li><li>Neleid\u017eia deguto ir vabzd\u017ei\u0173 liekan\u0173 prilipti prie pavir\u0161iaus<\/li><li>Skaidrus \/ nematomas, pavir\u0161iaus i\u0161vaizda i\u0161lieka nepakitusi<\/li><li>Suma\u017eina \u012fbr\u0117\u017eimus<\/li><\/ul>\n<\/div>\n\n\n\n<div class=\"wp-block-column is-layout-flow wp-block-column-is-layout-flow\">\n<ul class=\"wp-block-list\" id=\"block-f9534f4e-e312-4dfa-9828-0a3b34fc908e\"><li>Atsparus \u0161al\u010diui, valymui (\u012fskaitant automobili\u0173 plovim\u0105), UV (apsaugo nuo da\u017e\u0173 blukimo), \u0161armams \/ \u0161armams, j\u016bros vandeniui, s\u016briam orui, vabzd\u017ei\u0173 i\u0161matoms ir kitiems stipriems ne\u0161varumams<\/li><li>\u017dymiai suma\u017eina oro pasiprie\u0161inim\u0105 ir taip padidina val\u010di\u0173 efektyvum\u0105<\/li><li>\u201eLengvai valomas\u201c efektas, padengti pavir\u0161iai ilgiau i\u0161lieka \u0161var\u016bs ir lengviau valomi.<\/li><li>Skirtas vidaus ir lauko reikm\u0117ms<\/li><\/ul>\n\n\n\n<p><br \/>Pristatymo apimtis: 1 x litrinis butelis<br \/><\/p>\n<\/div>\n<\/div>\n\n<hr \/>\n\n<h4 class=\"wp-block-heading\" id=\"application\">Parai\u0161ka<\/h4>\n\n<div class=\"wp-block-columns is-layout-flex wp-container-core-columns-is-layout-9d6595d7 wp-block-columns-is-layout-flex\">\n<div class=\"wp-block-column is-layout-flow wp-block-column-is-layout-flow\">\n<ul class=\"wp-block-list\"><li>Idealiai tinka val\u010di\u0173, esan\u010di\u0173 vir\u0161 vandens linijos, pavir\u0161i\u0173 (da\u017e\u0173, ploimero \/ plastiko) apdorojimui<\/li><\/ul>\n\n\n\n<p>Reikalingas kiekis priklauso nuo dengiamo pavir\u0161iaus (nusid\u0117v\u0117jimo ir ne\u0161varumo laipsnio) ir naudojamo audinio. Barstymo greitis yra apie 20-40 ml \/ m\u00b2.<\/p>\n<\/div>\n\n\n\n<div class=\"wp-block-column is-layout-flow wp-block-column-is-layout-flow\">\n<p><br \/><br \/>Lengva naudoti: 1. Nuvalykite sandarikl\u012f ir nupoliruokite. 2. Leiskite sukiet\u0117ti 12 valand\u0173 &#8211; baigta<\/p>\n\n\n\n<p>Tinkamumo laikas: iki 3 m\u0117nesi\u0173<\/p>\n<\/div>\n<\/div>\n","protected":false},"excerpt":{"rendered":"<p><strong>Labai efektyvus profesionalus sandariklis, skirtas:<\/strong><\/p>\n<p>\u2713 Valtys<\/p>\n<p>\u2713 Su lotoso efektu (atstumiantis vanden\u012f)<\/p>\n<p>\u2713 Tinkamumo laikas iki 3 m\u0117nesi\u0173<\/p>\n","protected":false},"featured_media":17831,"template":"","meta":{"_acf_changed":false,"neve_meta_sidebar":"","neve_meta_container":"","neve_meta_enable_content_width":"","neve_meta_content_width":0,"neve_meta_title_alignment":"","neve_meta_author_avatar":"","neve_post_elements_order":"","neve_meta_disable_header":"","neve_meta_disable_footer":"","neve_meta_disable_title":"","neve_meta_reading_time":"","_surfaces":[],"_ver_product_tabs":[],"footnotes":""},"product_brand":[],"product_cat":[2186],"product_tag":[],"class_list":{"0":"post-23004","1":"product","2":"type-product","3":"status-publish","4":"has-post-thumbnail","6":"product_cat-automobilio-sandarinimas","8":"first","9":"instock","10":"taxable","11":"shipping-taxable","12":"purchasable","13":"product-type-simple"},"acf":[],"yoast_head":"<!-- This site is optimized with the Yoast SEO Premium plugin v22.8 (Yoast SEO v27.5) - https:\/\/yoast.com\/product\/yoast-seo-premium-wordpress\/ -->\n<title>Specialus profesionalios kokyb\u0117s laivo \/ jachtos \/ valties poliravimas ir sandarinimas - versiegelung24.com<\/title>\n<meta name=\"robots\" content=\"index, follow, max-snippet:-1, max-image-preview:large, max-video-preview:-1\" \/>\n<link rel=\"canonical\" href=\"https:\/\/www.versiegelung24.com\/lt\/batu-specialus-poliravimas-ir-sandarinimas-profesionalios-kokybes.html\" \/>\n<meta property=\"og:locale\" content=\"lt_LT\" \/>\n<meta property=\"og:type\" content=\"article\" \/>\n<meta property=\"og:title\" content=\"Specialus profesionalios kokyb\u0117s laivo \/ jachtos \/ valties poliravimas ir sandarinimas\" \/>\n<meta property=\"og:description\" content=\"Labai efektyvus profesionalus sandariklis, skirtas: \u2713 Valtys \u2713 Su lotoso efektu (atstumiantis vanden\u012f) \u2713 Tinkamumo laikas iki 3 m\u0117nesi\u0173\" \/>\n<meta property=\"og:url\" content=\"https:\/\/www.versiegelung24.com\/lt\/batu-specialus-poliravimas-ir-sandarinimas-profesionalios-kokybes.html\" \/>\n<meta property=\"og:site_name\" content=\"versiegelung24.com\" \/>\n<meta property=\"article:modified_time\" content=\"2025-04-10T08:57:06+00:00\" \/>\n<meta property=\"og:image\" content=\"https:\/\/www.versiegelung24.com\/wp-content\/uploads\/2020\/06\/produkt-2002-7660-1000-Boot-Spezial-Politur-Versiegelung-scaled.jpg\" \/>\n\t<meta property=\"og:image:width\" content=\"2560\" \/>\n\t<meta property=\"og:image:height\" content=\"2560\" \/>\n\t<meta property=\"og:image:type\" content=\"image\/jpeg\" \/>\n<meta name=\"twitter:card\" content=\"summary_large_image\" \/>\n<meta name=\"twitter:label1\" content=\"Price\" \/>\n\t<meta name=\"twitter:data1\" content=\"99,00&euro;\" \/>\n\t<meta name=\"twitter:label2\" content=\"Availability\" \/>\n\t<meta name=\"twitter:data2\" content=\"In stock\" \/>\n<script type=\"application\/ld+json\" class=\"yoast-schema-graph\">{\"@context\":\"https:\\\/\\\/schema.org\",\"@graph\":[{\"@type\":\"WebPage\",\"@id\":\"https:\\\/\\\/www.versiegelung24.com\\\/lt\\\/batu-specialus-poliravimas-ir-sandarinimas-profesionalios-kokybes.html\",\"url\":\"https:\\\/\\\/www.versiegelung24.com\\\/lt\\\/batu-specialus-poliravimas-ir-sandarinimas-profesionalios-kokybes.html\",\"name\":\"Specialus profesionalios kokyb\u0117s laivo \\\/ jachtos \\\/ valties poliravimas ir sandarinimas - versiegelung24.com\",\"isPartOf\":{\"@id\":\"https:\\\/\\\/www.versiegelung24.com\\\/lt\\\/#website\"},\"primaryImageOfPage\":{\"@id\":\"https:\\\/\\\/www.versiegelung24.com\\\/lt\\\/batu-specialus-poliravimas-ir-sandarinimas-profesionalios-kokybes.html#primaryimage\"},\"image\":{\"@id\":\"https:\\\/\\\/www.versiegelung24.com\\\/lt\\\/batu-specialus-poliravimas-ir-sandarinimas-profesionalios-kokybes.html#primaryimage\"},\"thumbnailUrl\":\"https:\\\/\\\/www.versiegelung24.com\\\/wp-content\\\/uploads\\\/2020\\\/06\\\/produkt-2002-7660-1000-Boot-Spezial-Politur-Versiegelung-scaled.jpg\",\"datePublished\":\"2021-08-02T19:11:23+00:00\",\"dateModified\":\"2025-04-10T08:57:06+00:00\",\"breadcrumb\":{\"@id\":\"https:\\\/\\\/www.versiegelung24.com\\\/lt\\\/batu-specialus-poliravimas-ir-sandarinimas-profesionalios-kokybes.html#breadcrumb\"},\"inLanguage\":\"lt-LT\",\"potentialAction\":[{\"@type\":\"ReadAction\",\"target\":[\"https:\\\/\\\/www.versiegelung24.com\\\/lt\\\/batu-specialus-poliravimas-ir-sandarinimas-profesionalios-kokybes.html\"]}]},{\"@type\":\"ImageObject\",\"inLanguage\":\"lt-LT\",\"@id\":\"https:\\\/\\\/www.versiegelung24.com\\\/lt\\\/batu-specialus-poliravimas-ir-sandarinimas-profesionalios-kokybes.html#primaryimage\",\"url\":\"https:\\\/\\\/www.versiegelung24.com\\\/wp-content\\\/uploads\\\/2020\\\/06\\\/produkt-2002-7660-1000-Boot-Spezial-Politur-Versiegelung-scaled.jpg\",\"contentUrl\":\"https:\\\/\\\/www.versiegelung24.com\\\/wp-content\\\/uploads\\\/2020\\\/06\\\/produkt-2002-7660-1000-Boot-Spezial-Politur-Versiegelung-scaled.jpg\",\"width\":2560,\"height\":2560},{\"@type\":\"BreadcrumbList\",\"@id\":\"https:\\\/\\\/www.versiegelung24.com\\\/lt\\\/batu-specialus-poliravimas-ir-sandarinimas-profesionalios-kokybes.html#breadcrumb\",\"itemListElement\":[{\"@type\":\"ListItem\",\"position\":1,\"name\":\"Prad\u017eia\",\"item\":\"https:\\\/\\\/www.versiegelung24.com\\\/lt\\\/priekinis\\\/\"},{\"@type\":\"ListItem\",\"position\":2,\"name\":\"Parduotuv\u0117\",\"item\":\"https:\\\/\\\/www.versiegelung24.com\\\/lt\\\/parduotuve-2\\\/\"},{\"@type\":\"ListItem\",\"position\":3,\"name\":\"Specialus profesionalios kokyb\u0117s laivo \\\/ jachtos \\\/ valties poliravimas ir sandarinimas\"}]},{\"@type\":\"WebSite\",\"@id\":\"https:\\\/\\\/www.versiegelung24.com\\\/lt\\\/#website\",\"url\":\"https:\\\/\\\/www.versiegelung24.com\\\/lt\\\/\",\"name\":\"versiegelung24.com\",\"description\":\"Fl\u00fcssigglas-Versiegelung - Made in Germany\",\"publisher\":{\"@id\":\"https:\\\/\\\/www.versiegelung24.com\\\/lt\\\/#organization\"},\"potentialAction\":[{\"@type\":\"SearchAction\",\"target\":{\"@type\":\"EntryPoint\",\"urlTemplate\":\"https:\\\/\\\/www.versiegelung24.com\\\/lt\\\/?s={search_term_string}\"},\"query-input\":{\"@type\":\"PropertyValueSpecification\",\"valueRequired\":true,\"valueName\":\"search_term_string\"}}],\"inLanguage\":\"lt-LT\"},{\"@type\":\"Organization\",\"@id\":\"https:\\\/\\\/www.versiegelung24.com\\\/lt\\\/#organization\",\"name\":\"versiegelung24\",\"url\":\"https:\\\/\\\/www.versiegelung24.com\\\/lt\\\/\",\"logo\":{\"@type\":\"ImageObject\",\"inLanguage\":\"lt-LT\",\"@id\":\"https:\\\/\\\/www.versiegelung24.com\\\/lt\\\/#\\\/schema\\\/logo\\\/image\\\/\",\"url\":\"https:\\\/\\\/www.versiegelung24.com\\\/wp-content\\\/uploads\\\/2020\\\/04\\\/versiegelung24.png\",\"contentUrl\":\"https:\\\/\\\/www.versiegelung24.com\\\/wp-content\\\/uploads\\\/2020\\\/04\\\/versiegelung24.png\",\"width\":470,\"height\":102,\"caption\":\"versiegelung24\"},\"image\":{\"@id\":\"https:\\\/\\\/www.versiegelung24.com\\\/lt\\\/#\\\/schema\\\/logo\\\/image\\\/\"}}]}<\/script>\n<meta property=\"product:price:amount\" content=\"99.00\" \/>\n<meta property=\"product:price:currency\" content=\"EUR\" \/>\n<meta property=\"og:availability\" content=\"instock\" \/>\n<meta property=\"product:availability\" content=\"instock\" \/>\n<meta property=\"product:retailer_item_id\" content=\"2002-7660-1000\" \/>\n<meta property=\"product:condition\" content=\"new\" \/>\n<!-- \/ Yoast SEO Premium plugin. -->","yoast_head_json":{"title":"Specialus profesionalios kokyb\u0117s laivo \/ jachtos \/ valties poliravimas ir sandarinimas - versiegelung24.com","robots":{"index":"index","follow":"follow","max-snippet":"max-snippet:-1","max-image-preview":"max-image-preview:large","max-video-preview":"max-video-preview:-1"},"canonical":"https:\/\/www.versiegelung24.com\/lt\/batu-specialus-poliravimas-ir-sandarinimas-profesionalios-kokybes.html","og_locale":"lt_LT","og_type":"article","og_title":"Specialus profesionalios kokyb\u0117s laivo \/ jachtos \/ valties poliravimas ir sandarinimas","og_description":"Labai efektyvus profesionalus sandariklis, skirtas: \u2713 Valtys \u2713 Su lotoso efektu (atstumiantis vanden\u012f) \u2713 Tinkamumo laikas iki 3 m\u0117nesi\u0173","og_url":"https:\/\/www.versiegelung24.com\/lt\/batu-specialus-poliravimas-ir-sandarinimas-profesionalios-kokybes.html","og_site_name":"versiegelung24.com","article_modified_time":"2025-04-10T08:57:06+00:00","og_image":[{"width":2560,"height":2560,"url":"https:\/\/www.versiegelung24.com\/wp-content\/uploads\/2020\/06\/produkt-2002-7660-1000-Boot-Spezial-Politur-Versiegelung-scaled.jpg","type":"image\/jpeg"}],"twitter_card":"summary_large_image","twitter_misc":{"Price":"99,00&euro;","Availability":"In stock"},"schema":{"@context":"https:\/\/schema.org","@graph":[{"@type":"WebPage","@id":"https:\/\/www.versiegelung24.com\/lt\/batu-specialus-poliravimas-ir-sandarinimas-profesionalios-kokybes.html","url":"https:\/\/www.versiegelung24.com\/lt\/batu-specialus-poliravimas-ir-sandarinimas-profesionalios-kokybes.html","name":"Specialus profesionalios kokyb\u0117s laivo \/ jachtos \/ valties poliravimas ir sandarinimas - versiegelung24.com","isPartOf":{"@id":"https:\/\/www.versiegelung24.com\/lt\/#website"},"primaryImageOfPage":{"@id":"https:\/\/www.versiegelung24.com\/lt\/batu-specialus-poliravimas-ir-sandarinimas-profesionalios-kokybes.html#primaryimage"},"image":{"@id":"https:\/\/www.versiegelung24.com\/lt\/batu-specialus-poliravimas-ir-sandarinimas-profesionalios-kokybes.html#primaryimage"},"thumbnailUrl":"https:\/\/www.versiegelung24.com\/wp-content\/uploads\/2020\/06\/produkt-2002-7660-1000-Boot-Spezial-Politur-Versiegelung-scaled.jpg","datePublished":"2021-08-02T19:11:23+00:00","dateModified":"2025-04-10T08:57:06+00:00","breadcrumb":{"@id":"https:\/\/www.versiegelung24.com\/lt\/batu-specialus-poliravimas-ir-sandarinimas-profesionalios-kokybes.html#breadcrumb"},"inLanguage":"lt-LT","potentialAction":[{"@type":"ReadAction","target":["https:\/\/www.versiegelung24.com\/lt\/batu-specialus-poliravimas-ir-sandarinimas-profesionalios-kokybes.html"]}]},{"@type":"ImageObject","inLanguage":"lt-LT","@id":"https:\/\/www.versiegelung24.com\/lt\/batu-specialus-poliravimas-ir-sandarinimas-profesionalios-kokybes.html#primaryimage","url":"https:\/\/www.versiegelung24.com\/wp-content\/uploads\/2020\/06\/produkt-2002-7660-1000-Boot-Spezial-Politur-Versiegelung-scaled.jpg","contentUrl":"https:\/\/www.versiegelung24.com\/wp-content\/uploads\/2020\/06\/produkt-2002-7660-1000-Boot-Spezial-Politur-Versiegelung-scaled.jpg","width":2560,"height":2560},{"@type":"BreadcrumbList","@id":"https:\/\/www.versiegelung24.com\/lt\/batu-specialus-poliravimas-ir-sandarinimas-profesionalios-kokybes.html#breadcrumb","itemListElement":[{"@type":"ListItem","position":1,"name":"Prad\u017eia","item":"https:\/\/www.versiegelung24.com\/lt\/priekinis\/"},{"@type":"ListItem","position":2,"name":"Parduotuv\u0117","item":"https:\/\/www.versiegelung24.com\/lt\/parduotuve-2\/"},{"@type":"ListItem","position":3,"name":"Specialus profesionalios kokyb\u0117s laivo \/ jachtos \/ valties poliravimas ir sandarinimas"}]},{"@type":"WebSite","@id":"https:\/\/www.versiegelung24.com\/lt\/#website","url":"https:\/\/www.versiegelung24.com\/lt\/","name":"versiegelung24.com","description":"Fl\u00fcssigglas-Versiegelung - Made in Germany","publisher":{"@id":"https:\/\/www.versiegelung24.com\/lt\/#organization"},"potentialAction":[{"@type":"SearchAction","target":{"@type":"EntryPoint","urlTemplate":"https:\/\/www.versiegelung24.com\/lt\/?s={search_term_string}"},"query-input":{"@type":"PropertyValueSpecification","valueRequired":true,"valueName":"search_term_string"}}],"inLanguage":"lt-LT"},{"@type":"Organization","@id":"https:\/\/www.versiegelung24.com\/lt\/#organization","name":"versiegelung24","url":"https:\/\/www.versiegelung24.com\/lt\/","logo":{"@type":"ImageObject","inLanguage":"lt-LT","@id":"https:\/\/www.versiegelung24.com\/lt\/#\/schema\/logo\/image\/","url":"https:\/\/www.versiegelung24.com\/wp-content\/uploads\/2020\/04\/versiegelung24.png","contentUrl":"https:\/\/www.versiegelung24.com\/wp-content\/uploads\/2020\/04\/versiegelung24.png","width":470,"height":102,"caption":"versiegelung24"},"image":{"@id":"https:\/\/www.versiegelung24.com\/lt\/#\/schema\/logo\/image\/"}}]},"product_price_amount":"99.00","product_price_currency":"EUR","og_availability":"instock","product_availability":"instock","product_retailer_item_id":"2002-7660-1000","product_condition":"new"},"_links":{"self":[{"href":"https:\/\/www.versiegelung24.com\/lt\/wp-json\/wp\/v2\/product\/23004","targetHints":{"allow":["GET"]}}],"collection":[{"href":"https:\/\/www.versiegelung24.com\/lt\/wp-json\/wp\/v2\/product"}],"about":[{"href":"https:\/\/www.versiegelung24.com\/lt\/wp-json\/wp\/v2\/types\/product"}],"version-history":[{"count":11,"href":"https:\/\/www.versiegelung24.com\/lt\/wp-json\/wp\/v2\/product\/23004\/revisions"}],"predecessor-version":[{"id":181406,"href":"https:\/\/www.versiegelung24.com\/lt\/wp-json\/wp\/v2\/product\/23004\/revisions\/181406"}],"wp:featuredmedia":[{"embeddable":true,"href":"https:\/\/www.versiegelung24.com\/lt\/wp-json\/wp\/v2\/media\/17831"}],"wp:attachment":[{"href":"https:\/\/www.versiegelung24.com\/lt\/wp-json\/wp\/v2\/media?parent=23004"}],"wp:term":[{"taxonomy":"product_brand","embeddable":true,"href":"https:\/\/www.versiegelung24.com\/lt\/wp-json\/wp\/v2\/product_brand?post=23004"},{"taxonomy":"product_cat","embeddable":true,"href":"https:\/\/www.versiegelung24.com\/lt\/wp-json\/wp\/v2\/product_cat?post=23004"},{"taxonomy":"product_tag","embeddable":true,"href":"https:\/\/www.versiegelung24.com\/lt\/wp-json\/wp\/v2\/product_tag?post=23004"}],"curies":[{"name":"wp","href":"https:\/\/api.w.org\/{rel}","templated":true}]}}