{"id":23192,"date":"2020-04-04T18:53:14","date_gmt":"2021-08-02T19:26:19","guid":{"rendered":"https:\/\/www.versiegelung24.com\/produkt\/profesionalios-kokybes-medienos-sandarinimas"},"modified":"2025-01-03T23:38:14","modified_gmt":"2025-01-03T22:38:14","slug":"medienos-sandarinimas-profesionalios-kokybes","status":"publish","type":"product","link":"https:\/\/www.versiegelung24.com\/lt\/medienos-sandarinimas-profesionalios-kokybes.html","title":{"rendered":"Profesionalios kokyb\u0117s medienos sandarinimas"},"content":{"rendered":"\n<p><strong>Labai efektyvus profesionalus med\u017eio sandariklis su gylio ir lotoso efektu (atstumiantis vanden\u012f), skirtas tiek i\u0161 vidaus, tiek i\u0161 i\u0161or\u0117s, NAUJIENA<\/strong><\/p>\n\n<p>Auk\u0161tos kokyb\u0117s Pagaminta Vokietijoje.<\/p>\n\n<hr\/>\n\n<h4 class=\"wp-block-heading\" id=\"properties\">Produkto savyb\u0117s<\/h4>\n\n<div class=\"wp-block-columns is-layout-flex wp-container-core-columns-is-layout-9d6595d7 wp-block-columns-is-layout-flex\">\n<div class=\"wp-block-column is-layout-flow wp-block-column-is-layout-flow\">\n<ul class=\"wp-block-list\">\n<li>stiprus hidrofobinis ir oleofobinis poveikis (atstumiantis vanden\u012f ir aliej\u0173)<\/li>\n\n\n\n<li>Gylio efektas &#8211; \u012fsiskverbia \u012f medien\u0105 iki 10 mm (priklausomai nuo konstrukcijos)<\/li>\n\n\n\n<li>Apsaugo nuo pel\u0117si\u0173, dumbli\u0173 ir oro s\u0105lyg\u0173<\/li>\n\n\n\n<li>I\u0161laidos, laikas ir energija sutaupoma d\u0117l ilg\u0173 valymo cikl\u0173<\/li>\n\n\n\n<li>Suma\u017e\u0117ja dr\u0117gm\u0117s prasiskverbimo greitis veikiant vandeniui<\/li>\n\n\n\n<li>Lengvai valomas efektas<\/li>\n<\/ul>\n<\/div>\n\n\n\n<div class=\"wp-block-column is-layout-flow wp-block-column-is-layout-flow\">\n<ul class=\"wp-block-list\">\n<li>sandar\u016bs pavir\u0161iai i\u0161lieka kv\u0117puojantys<\/li>\n\n\n\n<li>Suma\u017einti oro s\u0105lyg\u0173 pasikeitim\u0105<\/li>\n\n\n\n<li>Atsparus UV spinduliams, atsparus \u0161al\u010diui ir beveik nematomas<\/li>\n\n\n\n<li>Paprastas naudojimas (galima purk\u0161ti ant didelio ploto)<\/li>\n\n\n\n<li>Tinkamumo laikas: iki 3-10 met\u0173<\/li>\n<\/ul>\n\n\n\n<p><br\/><br\/>Pristatymo apimtis: 1 x litrinis butelis 1 x siurblio purk\u0161tuko galvut\u0117<br\/><\/p>\n<\/div>\n<\/div>\n\n<hr\/>\n\n<h4 class=\"wp-block-heading\" id=\"application\">Parai\u0161ka<\/h4>\n\n<div class=\"wp-block-columns is-layout-flex wp-container-core-columns-is-layout-9d6595d7 wp-block-columns-is-layout-flex\">\n<div class=\"wp-block-column is-layout-flow wp-block-column-is-layout-flow\">\n<ul class=\"wp-block-list\">\n<li>Visos kietos ir mink\u0161tos medienos<\/li>\n\n\n\n<li>Med\u017eio apdaila patalpose ir lauke<\/li>\n\n\n\n<li>Tvartai<\/li>\n\n\n\n<li>Medin\u0117s lubos \/ medin\u0117s grindys<\/li>\n\n\n\n<li>Statybin\u0117 mediena<\/li>\n\n\n\n<li>Lang\u0173 ir dur\u0173 r\u0117mai pagaminti i\u0161 med\u017eio<\/li>\n<\/ul>\n<\/div>\n\n\n\n<div class=\"wp-block-column is-layout-flow wp-block-column-is-layout-flow\">\n<ul class=\"wp-block-list\" id=\"block-bd0826c4-8c3a-4f56-9878-ce5fe93599ff\">\n<li>Sijos, grioveliai ir grind\u0173 lentos<\/li>\n\n\n\n<li>Antikvariniai mi\u0161kai<\/li>\n\n\n\n<li>Medin\u0117s dailylent\u0117s sanitarin\u0117je zonoje<\/li>\n<\/ul>\n\n\n\n<p><strong>Sunaudojimas priklauso nuo pavir\u0161iaus sugeriamumo apie 10-40m\u00b2 \/ l.<\/strong><\/p>\n<\/div>\n<\/div>\n","protected":false},"excerpt":{"rendered":"<p><strong>**NAUJIENA** Itin efektyvus sugerian\u010di\u0173 medini\u0173 pavir\u0161i\u0173 sandarinimas:<\/strong><\/p>\n<p>\u2713 Su gylio efektu<\/p>\n<p>\u2713 Su lotoso efektu (atstumiantis vanden\u012f)<\/p>\n<p>\u2713 Viduje ir i\u0161or\u0117je<\/p>\n","protected":false},"featured_media":18186,"template":"","meta":{"_acf_changed":false,"neve_meta_sidebar":"","neve_meta_container":"","neve_meta_enable_content_width":"","neve_meta_content_width":0,"neve_meta_title_alignment":"","neve_meta_author_avatar":"","neve_post_elements_order":"","neve_meta_disable_header":"","neve_meta_disable_footer":"","neve_meta_disable_title":"","neve_meta_reading_time":"","_surfaces":[],"_ver_product_tabs":[],"footnotes":""},"product_brand":[],"product_cat":[2471],"product_tag":[],"class_list":{"0":"post-23192","1":"product","2":"type-product","3":"status-publish","4":"has-post-thumbnail","6":"product_cat-medienos-sandarinimas","7":"pa_gebinde-10-ml-buteliukas","8":"pa_gebinde-5-ml-buteliukas","9":"pa_gebinde-125-ml-purskimo-buteliukas","10":"pa_gebinde-1000-ml-buteliukas-lt","11":"pa_gebinde-20l-kanistras","12":"pa_gebinde-10-l-talpos-kanistras","13":"pa_gebinde-veiksmu-rinkinys-su-100-ml-buteliuku","14":"pa_gebinde-50-ml-buteliukas","15":"pa_gebinde-veiksmu-rinkinys-su-50-ml-buteliuku","16":"pa_gebinde-100-ml-buteliukas","17":"pa_gebinde-150-ml-buteliukas","18":"pa_gebinde-500-ml-buteliukas","19":"pa_gebinde-200-ml-buteliukas","20":"pa_gebinde-1000-ml-buteliukas","22":"first","23":"instock","24":"taxable","25":"shipping-taxable","26":"purchasable","27":"product-type-variable","28":"has-default-attributes"},"acf":[],"yoast_head":"<!-- This site is optimized with the Yoast SEO Premium plugin v22.8 (Yoast SEO v27.5) - https:\/\/yoast.com\/product\/yoast-seo-premium-wordpress\/ -->\n<title>Profesionalios kokyb\u0117s medienos sandarinimas - versiegelung24.com<\/title>\n<meta name=\"robots\" content=\"index, follow, max-snippet:-1, max-image-preview:large, max-video-preview:-1\" \/>\n<link rel=\"canonical\" href=\"https:\/\/www.versiegelung24.com\/lt\/medienos-sandarinimas-profesionalios-kokybes.html\" \/>\n<meta property=\"og:locale\" content=\"lt_LT\" \/>\n<meta property=\"og:type\" content=\"article\" \/>\n<meta property=\"og:title\" content=\"Profesionalios kokyb\u0117s medienos sandarinimas\" \/>\n<meta property=\"og:description\" content=\"**NAUJIENA** Itin efektyvus sugerian\u010di\u0173 medini\u0173 pavir\u0161i\u0173 sandarinimas: \u2713 Su gylio efektu \u2713 Su lotoso efektu (atstumiantis vanden\u012f) \u2713 Viduje ir i\u0161or\u0117je\" \/>\n<meta property=\"og:url\" content=\"https:\/\/www.versiegelung24.com\/lt\/medienos-sandarinimas-profesionalios-kokybes.html\" \/>\n<meta property=\"og:site_name\" content=\"versiegelung24.com\" \/>\n<meta property=\"article:modified_time\" content=\"2025-01-03T22:38:14+00:00\" \/>\n<meta property=\"og:image\" content=\"https:\/\/www.versiegelung24.com\/wp-content\/uploads\/2020\/06\/produkt-4000-695-1000-Holzversiegelung-scaled.jpg\" \/>\n\t<meta property=\"og:image:width\" content=\"2560\" \/>\n\t<meta property=\"og:image:height\" content=\"2560\" \/>\n\t<meta property=\"og:image:type\" content=\"image\/jpeg\" \/>\n<meta name=\"twitter:card\" content=\"summary_large_image\" \/>\n<meta name=\"twitter:label1\" content=\"Availability\" \/>\n\t<meta name=\"twitter:data1\" content=\"In stock\" \/>\n<script type=\"application\/ld+json\" class=\"yoast-schema-graph\">{\"@context\":\"https:\\\/\\\/schema.org\",\"@graph\":[{\"@type\":\"WebPage\",\"@id\":\"https:\\\/\\\/www.versiegelung24.com\\\/lt\\\/medienos-sandarinimas-profesionalios-kokybes.html\",\"url\":\"https:\\\/\\\/www.versiegelung24.com\\\/lt\\\/medienos-sandarinimas-profesionalios-kokybes.html\",\"name\":\"Profesionalios kokyb\u0117s medienos sandarinimas - versiegelung24.com\",\"isPartOf\":{\"@id\":\"https:\\\/\\\/www.versiegelung24.com\\\/lt\\\/#website\"},\"primaryImageOfPage\":{\"@id\":\"https:\\\/\\\/www.versiegelung24.com\\\/lt\\\/medienos-sandarinimas-profesionalios-kokybes.html#primaryimage\"},\"image\":{\"@id\":\"https:\\\/\\\/www.versiegelung24.com\\\/lt\\\/medienos-sandarinimas-profesionalios-kokybes.html#primaryimage\"},\"thumbnailUrl\":\"https:\\\/\\\/www.versiegelung24.com\\\/wp-content\\\/uploads\\\/2020\\\/06\\\/produkt-4000-695-1000-Holzversiegelung-scaled.jpg\",\"datePublished\":\"2021-08-02T19:26:19+00:00\",\"dateModified\":\"2025-01-03T22:38:14+00:00\",\"breadcrumb\":{\"@id\":\"https:\\\/\\\/www.versiegelung24.com\\\/lt\\\/medienos-sandarinimas-profesionalios-kokybes.html#breadcrumb\"},\"inLanguage\":\"lt-LT\",\"potentialAction\":[{\"@type\":\"ReadAction\",\"target\":[\"https:\\\/\\\/www.versiegelung24.com\\\/lt\\\/medienos-sandarinimas-profesionalios-kokybes.html\"]}]},{\"@type\":\"ImageObject\",\"inLanguage\":\"lt-LT\",\"@id\":\"https:\\\/\\\/www.versiegelung24.com\\\/lt\\\/medienos-sandarinimas-profesionalios-kokybes.html#primaryimage\",\"url\":\"https:\\\/\\\/www.versiegelung24.com\\\/wp-content\\\/uploads\\\/2020\\\/06\\\/produkt-4000-695-1000-Holzversiegelung-scaled.jpg\",\"contentUrl\":\"https:\\\/\\\/www.versiegelung24.com\\\/wp-content\\\/uploads\\\/2020\\\/06\\\/produkt-4000-695-1000-Holzversiegelung-scaled.jpg\",\"width\":2560,\"height\":2560},{\"@type\":\"BreadcrumbList\",\"@id\":\"https:\\\/\\\/www.versiegelung24.com\\\/lt\\\/medienos-sandarinimas-profesionalios-kokybes.html#breadcrumb\",\"itemListElement\":[{\"@type\":\"ListItem\",\"position\":1,\"name\":\"Prad\u017eia\",\"item\":\"https:\\\/\\\/www.versiegelung24.com\\\/lt\\\/priekinis\\\/\"},{\"@type\":\"ListItem\",\"position\":2,\"name\":\"Parduotuv\u0117\",\"item\":\"https:\\\/\\\/www.versiegelung24.com\\\/lt\\\/parduotuve-2\\\/\"},{\"@type\":\"ListItem\",\"position\":3,\"name\":\"Profesionalios kokyb\u0117s medienos sandarinimas\"}]},{\"@type\":\"WebSite\",\"@id\":\"https:\\\/\\\/www.versiegelung24.com\\\/lt\\\/#website\",\"url\":\"https:\\\/\\\/www.versiegelung24.com\\\/lt\\\/\",\"name\":\"versiegelung24.com\",\"description\":\"Fl\u00fcssigglas-Versiegelung - Made in Germany\",\"publisher\":{\"@id\":\"https:\\\/\\\/www.versiegelung24.com\\\/lt\\\/#organization\"},\"potentialAction\":[{\"@type\":\"SearchAction\",\"target\":{\"@type\":\"EntryPoint\",\"urlTemplate\":\"https:\\\/\\\/www.versiegelung24.com\\\/lt\\\/?s={search_term_string}\"},\"query-input\":{\"@type\":\"PropertyValueSpecification\",\"valueRequired\":true,\"valueName\":\"search_term_string\"}}],\"inLanguage\":\"lt-LT\"},{\"@type\":\"Organization\",\"@id\":\"https:\\\/\\\/www.versiegelung24.com\\\/lt\\\/#organization\",\"name\":\"versiegelung24\",\"url\":\"https:\\\/\\\/www.versiegelung24.com\\\/lt\\\/\",\"logo\":{\"@type\":\"ImageObject\",\"inLanguage\":\"lt-LT\",\"@id\":\"https:\\\/\\\/www.versiegelung24.com\\\/lt\\\/#\\\/schema\\\/logo\\\/image\\\/\",\"url\":\"https:\\\/\\\/www.versiegelung24.com\\\/wp-content\\\/uploads\\\/2020\\\/04\\\/versiegelung24.png\",\"contentUrl\":\"https:\\\/\\\/www.versiegelung24.com\\\/wp-content\\\/uploads\\\/2020\\\/04\\\/versiegelung24.png\",\"width\":470,\"height\":102,\"caption\":\"versiegelung24\"},\"image\":{\"@id\":\"https:\\\/\\\/www.versiegelung24.com\\\/lt\\\/#\\\/schema\\\/logo\\\/image\\\/\"}}]}<\/script>\n<meta property=\"og:availability\" content=\"instock\" \/>\n<meta property=\"product:availability\" content=\"instock\" \/>\n<meta property=\"product:retailer_item_id\" content=\"4000-695\" \/>\n<meta property=\"product:condition\" content=\"new\" \/>\n<!-- \/ Yoast SEO Premium plugin. -->","yoast_head_json":{"title":"Profesionalios kokyb\u0117s medienos sandarinimas - versiegelung24.com","robots":{"index":"index","follow":"follow","max-snippet":"max-snippet:-1","max-image-preview":"max-image-preview:large","max-video-preview":"max-video-preview:-1"},"canonical":"https:\/\/www.versiegelung24.com\/lt\/medienos-sandarinimas-profesionalios-kokybes.html","og_locale":"lt_LT","og_type":"article","og_title":"Profesionalios kokyb\u0117s medienos sandarinimas","og_description":"**NAUJIENA** Itin efektyvus sugerian\u010di\u0173 medini\u0173 pavir\u0161i\u0173 sandarinimas: \u2713 Su gylio efektu \u2713 Su lotoso efektu (atstumiantis vanden\u012f) \u2713 Viduje ir i\u0161or\u0117je","og_url":"https:\/\/www.versiegelung24.com\/lt\/medienos-sandarinimas-profesionalios-kokybes.html","og_site_name":"versiegelung24.com","article_modified_time":"2025-01-03T22:38:14+00:00","og_image":[{"width":2560,"height":2560,"url":"https:\/\/www.versiegelung24.com\/wp-content\/uploads\/2020\/06\/produkt-4000-695-1000-Holzversiegelung-scaled.jpg","type":"image\/jpeg"}],"twitter_card":"summary_large_image","twitter_misc":{"Availability":"In stock"},"schema":{"@context":"https:\/\/schema.org","@graph":[{"@type":"WebPage","@id":"https:\/\/www.versiegelung24.com\/lt\/medienos-sandarinimas-profesionalios-kokybes.html","url":"https:\/\/www.versiegelung24.com\/lt\/medienos-sandarinimas-profesionalios-kokybes.html","name":"Profesionalios kokyb\u0117s medienos sandarinimas - versiegelung24.com","isPartOf":{"@id":"https:\/\/www.versiegelung24.com\/lt\/#website"},"primaryImageOfPage":{"@id":"https:\/\/www.versiegelung24.com\/lt\/medienos-sandarinimas-profesionalios-kokybes.html#primaryimage"},"image":{"@id":"https:\/\/www.versiegelung24.com\/lt\/medienos-sandarinimas-profesionalios-kokybes.html#primaryimage"},"thumbnailUrl":"https:\/\/www.versiegelung24.com\/wp-content\/uploads\/2020\/06\/produkt-4000-695-1000-Holzversiegelung-scaled.jpg","datePublished":"2021-08-02T19:26:19+00:00","dateModified":"2025-01-03T22:38:14+00:00","breadcrumb":{"@id":"https:\/\/www.versiegelung24.com\/lt\/medienos-sandarinimas-profesionalios-kokybes.html#breadcrumb"},"inLanguage":"lt-LT","potentialAction":[{"@type":"ReadAction","target":["https:\/\/www.versiegelung24.com\/lt\/medienos-sandarinimas-profesionalios-kokybes.html"]}]},{"@type":"ImageObject","inLanguage":"lt-LT","@id":"https:\/\/www.versiegelung24.com\/lt\/medienos-sandarinimas-profesionalios-kokybes.html#primaryimage","url":"https:\/\/www.versiegelung24.com\/wp-content\/uploads\/2020\/06\/produkt-4000-695-1000-Holzversiegelung-scaled.jpg","contentUrl":"https:\/\/www.versiegelung24.com\/wp-content\/uploads\/2020\/06\/produkt-4000-695-1000-Holzversiegelung-scaled.jpg","width":2560,"height":2560},{"@type":"BreadcrumbList","@id":"https:\/\/www.versiegelung24.com\/lt\/medienos-sandarinimas-profesionalios-kokybes.html#breadcrumb","itemListElement":[{"@type":"ListItem","position":1,"name":"Prad\u017eia","item":"https:\/\/www.versiegelung24.com\/lt\/priekinis\/"},{"@type":"ListItem","position":2,"name":"Parduotuv\u0117","item":"https:\/\/www.versiegelung24.com\/lt\/parduotuve-2\/"},{"@type":"ListItem","position":3,"name":"Profesionalios kokyb\u0117s medienos sandarinimas"}]},{"@type":"WebSite","@id":"https:\/\/www.versiegelung24.com\/lt\/#website","url":"https:\/\/www.versiegelung24.com\/lt\/","name":"versiegelung24.com","description":"Fl\u00fcssigglas-Versiegelung - Made in Germany","publisher":{"@id":"https:\/\/www.versiegelung24.com\/lt\/#organization"},"potentialAction":[{"@type":"SearchAction","target":{"@type":"EntryPoint","urlTemplate":"https:\/\/www.versiegelung24.com\/lt\/?s={search_term_string}"},"query-input":{"@type":"PropertyValueSpecification","valueRequired":true,"valueName":"search_term_string"}}],"inLanguage":"lt-LT"},{"@type":"Organization","@id":"https:\/\/www.versiegelung24.com\/lt\/#organization","name":"versiegelung24","url":"https:\/\/www.versiegelung24.com\/lt\/","logo":{"@type":"ImageObject","inLanguage":"lt-LT","@id":"https:\/\/www.versiegelung24.com\/lt\/#\/schema\/logo\/image\/","url":"https:\/\/www.versiegelung24.com\/wp-content\/uploads\/2020\/04\/versiegelung24.png","contentUrl":"https:\/\/www.versiegelung24.com\/wp-content\/uploads\/2020\/04\/versiegelung24.png","width":470,"height":102,"caption":"versiegelung24"},"image":{"@id":"https:\/\/www.versiegelung24.com\/lt\/#\/schema\/logo\/image\/"}}]},"og_availability":"instock","product_availability":"instock","product_retailer_item_id":"4000-695","product_condition":"new"},"_links":{"self":[{"href":"https:\/\/www.versiegelung24.com\/lt\/wp-json\/wp\/v2\/product\/23192","targetHints":{"allow":["GET"]}}],"collection":[{"href":"https:\/\/www.versiegelung24.com\/lt\/wp-json\/wp\/v2\/product"}],"about":[{"href":"https:\/\/www.versiegelung24.com\/lt\/wp-json\/wp\/v2\/types\/product"}],"version-history":[{"count":16,"href":"https:\/\/www.versiegelung24.com\/lt\/wp-json\/wp\/v2\/product\/23192\/revisions"}],"predecessor-version":[{"id":177511,"href":"https:\/\/www.versiegelung24.com\/lt\/wp-json\/wp\/v2\/product\/23192\/revisions\/177511"}],"wp:featuredmedia":[{"embeddable":true,"href":"https:\/\/www.versiegelung24.com\/lt\/wp-json\/wp\/v2\/media\/18186"}],"wp:attachment":[{"href":"https:\/\/www.versiegelung24.com\/lt\/wp-json\/wp\/v2\/media?parent=23192"}],"wp:term":[{"taxonomy":"product_brand","embeddable":true,"href":"https:\/\/www.versiegelung24.com\/lt\/wp-json\/wp\/v2\/product_brand?post=23192"},{"taxonomy":"product_cat","embeddable":true,"href":"https:\/\/www.versiegelung24.com\/lt\/wp-json\/wp\/v2\/product_cat?post=23192"},{"taxonomy":"product_tag","embeddable":true,"href":"https:\/\/www.versiegelung24.com\/lt\/wp-json\/wp\/v2\/product_tag?post=23192"}],"curies":[{"name":"wp","href":"https:\/\/api.w.org\/{rel}","templated":true}]}}