{"id":23226,"date":"2020-04-04T18:53:42","date_gmt":"2021-08-02T19:28:11","guid":{"rendered":"https:\/\/www.versiegelung24.com\/produkt\/universalus-sandariklis-7675-skirtas-kietiems-nesugeriantiems-pavirsiams-stiklas-keramika-nerudijantis-plienas-plastikas-metalas"},"modified":"2025-03-20T10:10:19","modified_gmt":"2025-03-20T09:10:19","slug":"universalus-sandariklis-7675-skirtas-kietiems-neabsorbuojantiems-pavirsiams-stiklo-keramikai-nerudijanciam-plienui-plastikui-metalui","status":"publish","type":"product","link":"https:\/\/www.versiegelung24.com\/lt\/universalus-sandariklis-7675-skirtas-kietiems-neabsorbuojantiems-pavirsiams-stiklo-keramikai-nerudijanciam-plienui-plastikui-metalui.html","title":{"rendered":"Universalus sandariklis 7675 skirtas \u201ekietiems\u201c \/ nesugeriantiems pavir\u0161iams (stiklas \/ keramika +++, ner\u016bdijantis plienas +++, plastikas \/ metalas ++)"},"content":{"rendered":"\n<p><strong>Labai veiksminga profesionali universali glaistymo priemon\u0117, skirta &#8220;kietiems&#8221;\/neabsorbuojantiems pavir\u0161iams, pvz., stiklo, keramikos, plastiko ir metalo pavir\u0161iams, su lengvai valomu efektu NAUJIENA, skirta naudoti patalpose ir lauke<\/strong><\/p>\n\n<p>Idealiai tinka stiklui \/ keramikai ir ner\u016bdijan\u010diam plienui, taip pat tinka plastikui ir metalui<\/p>\n\n<p>Auk\u0161tos kokyb\u0117s Pagaminta Vokietijoje.<\/p>\n\n<p><strong>V24 universalus sandariklis 4005-7675<\/strong> yra alkoholio pagrindu pagaminta (IPA) dengimo med\u017eiaga, sukurianti lengvai valom\u0105 efekt\u0105 ant stiklo, plastiko, keramikos ir metalo pavir\u0161i\u0173 (chromo, ner\u016bdijan\u010dio plieno, aliuminio). Med\u017eiaga ant pavir\u0161iaus sukuria plon\u0105 pl\u0117vel\u0119, kuri suma\u017eina ne\u0161varum\u0173 ir pa\u0161alini\u0173 med\u017eiag\u0173 sukibim\u0105 ir leid\u017eia vandeniui geriau nuried\u0117ti. Dengt\u0105 pavir\u0161i\u0173 ypa\u010d lengva valyti<\/p>\n\n<hr \/>\n\n<h4 class=\"wp-block-heading\" id=\"properties\">Produkto savyb\u0117s<\/h4>\n\n<div class=\"wp-block-columns is-layout-flex wp-container-core-columns-is-layout-9d6595d7 wp-block-columns-is-layout-flex\">\n<div class=\"wp-block-column is-layout-flow wp-block-column-is-layout-flow\">\n<ul class=\"wp-block-list\">\n<li>Pristatoma paruo\u0161ta naudoti<\/li>\n\n\n\n<li>leid\u017eia geriau nuried\u0117ti vandeniui<\/li>\n\n\n\n<li>Lengvai valomas purvo ir kalki\u0173 nuos\u0117d\u0173 poveikis<\/li>\n\n\n\n<li>skaidrus, bespalvis skystis, nematomas ir nepastebimas<\/li>\n\n\n\n<li>Pavir\u0161iai i\u0161lieka \u0161var\u016bs daug ilgiau, o tai prailgina valymo ciklus ir \u017eymiai suma\u017eina valymo ir prie\u017ei\u016bros i\u0161laidas, laik\u0105 ir energij\u0105<\/li>\n\n\n\n<li>suma\u017eina mikroorganizm\u0173 ir bakterij\u0173 dauginim\u0105si ir taip pagerina higien\u0105<\/li>\n<\/ul>\n<\/div>\n\n\n\n<div class=\"wp-block-column is-layout-flow wp-block-column-is-layout-flow\">\n<ul class=\"wp-block-list\">\n<li>Atsparus \u0161al\u010diui, ekstremaliam kar\u0161\u010diui, UV spinduliams, s\u016briam vandeniui ir s\u016briam orui, mineralams i\u0161 kieto vandens ir \u0161armams<\/li>\n\n\n\n<li>Dumbli\u0173 ir pauk\u0161\u010di\u0173 i\u0161matos nebegali tvirtai prilipti<\/li>\n\n\n\n<li>be fluoro<\/li>\n<\/ul>\n\n\n\n<p><br \/><br \/>Pristatymo apimtis: 1 x litrinis butelis 1 x siurblio purk\u0161tuko galvut\u0117<\/p>\n<\/div>\n<\/div>\n\n<hr \/>\n\n<h4 class=\"wp-block-heading\" id=\"application\">Parai\u0161ka<\/h4>\n\n<div class=\"wp-block-columns is-layout-flex wp-container-core-columns-is-layout-9d6595d7 wp-block-columns-is-layout-flex\">\n<div class=\"wp-block-column is-layout-flow wp-block-column-is-layout-flow\">\n<ul class=\"wp-block-list\">\n<li>Santechnika (tualetai, bid\u0117, keramin\u0117s vonios, du\u0161ai, kriaukl\u0117s, veidrod\u017eiai)<\/li>\n\n\n\n<li>Baseinai (keramika lauke, netinka povandeniui)<\/li>\n\n\n\n<li>Vis\u0173 tip\u0173 keramin\u0117s plytel\u0117s, pvz., Virtuv\u0117se<\/li>\n\n\n\n<li>Langai ir konstrukcinis stiklas (\u017eiemos sodai, daugiaauk\u0161\u010diai pastatai, baldakimai)<\/li>\n\n\n\n<li>Plastikiniai ir metaliniai pavir\u0161iai<\/li>\n\n\n\n<li>Automobili\u0173 stiklams rekomenduojame m\u016bs\u0173<a href=\"https:\/\/www.versiegelung24.com\/autoglas-versiegelung\/\"> Auk\u0161\u010diausios klas\u0117s automobili\u0173 stiklo sandarinimas<\/a><\/li>\n<\/ul>\n<\/div>\n\n\n\n<div class=\"wp-block-column is-layout-flow wp-block-column-is-layout-flow\">\n<p><br \/><br \/><br \/><br \/>Lengva naudoti: 1. Labai gerai nuvalykite pavir\u0161i\u0173 (kuo \u0161varesnis, tuo ilgiau sandariklis laikysis). 2. Prie\u0161 naudojim\u0105 dar kart\u0105 nuvalykite pavir\u0161i\u0173 alkoholiu (pvz., izopropilo). 3. U\u017epurk\u0161kite sandariklio ant \u0161luost\u0117s ir u\u017etepkite ant pavir\u0161iaus. 4. U\u017etepkite ant pavir\u0161iaus.<br \/>Po 5 minu\u010di\u0173 atsargiai poliruokite mikropluo\u0161to \u0161luoste, nespausdami 5. Leiskite sukiet\u0117ti 12 valand\u0173 &#8211; baigta<\/p>\n\n\n\n<p>Tinkamumo laikas: iki 3-10 met\u0173<\/p>\n\n\n\n<p>Iki 200 m\u00b2 ploto galima u\u017esandarinti 1 litru.<\/p>\n<\/div>\n<\/div>\n\n<hr \/>\n\n<h4 class=\"wp-block-heading\" id=\"h-ratgeber\">Konsultantas<\/h4>\n\n<p>M\u016bs\u0173 universal\u016bs sandarikliai ypa\u010d tinka \u201epasidaryk pats\u201c sektoriui.<\/p>\n\n<p>Jie derina profesional\u0173 veikimo b\u016bd\u0105 ant skirting\u0173 pavir\u0161i\u0173 ir lengv\u0105 valdym\u0105 dengiant. Ir visa tai nereikalaujant didesni\u0173 kokyb\u0117s kompromis\u0173.<\/p>\n\n<p>Tokiu b\u016bdu, naudojant vien\u0105 universal\u0173 sandarikl\u012f, galima aplikuoti ant keli\u0173 med\u017eiag\u0173, taip pat galima pasiekti auk\u0161tos kokyb\u0117s efekt\u0105 ir ilg\u0105 patvarum\u0105.<\/p>\n\n<p>Ta\u010diau komerciniams ir pramoniniams tikslams, kai reikia pasiekti auk\u0161\u010diausi\u0105 \u012fmanom\u0105 konkretaus pavir\u0161iaus eksploatacini\u0173 savybi\u0173 lyg\u012f, rekomenduojame naudoti m\u016bs\u0173 specialias \u0161io pavir\u0161iaus apdailas.<\/p>\n","protected":false},"excerpt":{"rendered":"<p><strong>**NAUJIENA** Labai efektyvus profesionalus universalus sandariklis, skirtas &#8220;kietiems&#8221; \/ nesugeriantiems pavir\u0161iams, tokiems kaip:<\/strong><\/p>\n<p>\u2713 Stiklas<\/p>\n<p>\u2713 Keraminiai pavir\u0161iai<\/p>\n<p>\u2713 Plastikiniai pavir\u0161iai<\/p>\n<p>\u2713 Metaliniai pavir\u0161iai<\/p>\n<p>\u2713 Lengvai valomas efektas<\/p>\n","protected":false},"featured_media":18258,"template":"","meta":{"_acf_changed":false,"neve_meta_sidebar":"","neve_meta_container":"","neve_meta_enable_content_width":"","neve_meta_content_width":0,"neve_meta_title_alignment":"","neve_meta_author_avatar":"","neve_post_elements_order":"","neve_meta_disable_header":"","neve_meta_disable_footer":"","neve_meta_disable_title":"","neve_meta_reading_time":"","_surfaces":[],"_ver_product_tabs":[],"footnotes":""},"product_brand":[],"product_cat":[2480],"product_tag":[],"class_list":{"0":"post-23226","1":"product","2":"type-product","3":"status-publish","4":"has-post-thumbnail","6":"product_cat-universalus-sandariklis","8":"first","9":"instock","10":"taxable","11":"shipping-taxable","12":"purchasable","13":"product-type-simple"},"acf":[],"yoast_head":"<!-- This site is optimized with the Yoast SEO Premium plugin v22.8 (Yoast SEO v27.5) - https:\/\/yoast.com\/product\/yoast-seo-premium-wordpress\/ -->\n<title>Universalus sandariklis 7675 skirtas \u201ekietiems\u201c \/ nesugeriantiems pavir\u0161iams (stiklas \/ keramika +++, ner\u016bdijantis plienas +++, plastikas \/ metalas ++) - versiegelung24.com<\/title>\n<meta name=\"robots\" content=\"index, follow, max-snippet:-1, max-image-preview:large, max-video-preview:-1\" \/>\n<link rel=\"canonical\" href=\"https:\/\/www.versiegelung24.com\/lt\/universalus-sandariklis-7675-skirtas-kietiems-neabsorbuojantiems-pavirsiams-stiklo-keramikai-nerudijanciam-plienui-plastikui-metalui.html\" \/>\n<meta property=\"og:locale\" content=\"lt_LT\" \/>\n<meta property=\"og:type\" content=\"article\" \/>\n<meta property=\"og:title\" content=\"Universalus sandariklis 7675 skirtas \u201ekietiems\u201c \/ nesugeriantiems pavir\u0161iams (stiklas \/ keramika +++, ner\u016bdijantis plienas +++, plastikas \/ metalas ++)\" \/>\n<meta property=\"og:description\" content=\"**NAUJIENA** Labai efektyvus profesionalus universalus sandariklis, skirtas &quot;kietiems&quot; \/ nesugeriantiems pavir\u0161iams, tokiems kaip: \u2713 Stiklas \u2713 Keraminiai pavir\u0161iai \u2713 Plastikiniai pavir\u0161iai \u2713 Metaliniai pavir\u0161iai \u2713 Lengvai valomas efektas\" \/>\n<meta property=\"og:url\" content=\"https:\/\/www.versiegelung24.com\/lt\/universalus-sandariklis-7675-skirtas-kietiems-neabsorbuojantiems-pavirsiams-stiklo-keramikai-nerudijanciam-plienui-plastikui-metalui.html\" \/>\n<meta property=\"og:site_name\" content=\"versiegelung24.com\" \/>\n<meta property=\"article:modified_time\" content=\"2025-03-20T09:10:19+00:00\" \/>\n<meta property=\"og:image\" content=\"https:\/\/www.versiegelung24.com\/wp-content\/uploads\/2020\/06\/produkt-4005-7675-1000-Universalversiegelung-7675-scaled.jpg\" \/>\n\t<meta property=\"og:image:width\" content=\"2560\" \/>\n\t<meta property=\"og:image:height\" content=\"2560\" \/>\n\t<meta property=\"og:image:type\" content=\"image\/jpeg\" \/>\n<meta name=\"twitter:card\" content=\"summary_large_image\" \/>\n<meta name=\"twitter:label1\" content=\"Price\" \/>\n\t<meta name=\"twitter:data1\" content=\"89,99&euro;\" \/>\n\t<meta name=\"twitter:label2\" content=\"Availability\" \/>\n\t<meta name=\"twitter:data2\" content=\"In stock\" \/>\n<script type=\"application\/ld+json\" class=\"yoast-schema-graph\">{\"@context\":\"https:\\\/\\\/schema.org\",\"@graph\":[{\"@type\":\"WebPage\",\"@id\":\"https:\\\/\\\/www.versiegelung24.com\\\/lt\\\/universalus-sandariklis-7675-skirtas-kietiems-neabsorbuojantiems-pavirsiams-stiklo-keramikai-nerudijanciam-plienui-plastikui-metalui.html\",\"url\":\"https:\\\/\\\/www.versiegelung24.com\\\/lt\\\/universalus-sandariklis-7675-skirtas-kietiems-neabsorbuojantiems-pavirsiams-stiklo-keramikai-nerudijanciam-plienui-plastikui-metalui.html\",\"name\":\"Universalus sandariklis 7675 skirtas \u201ekietiems\u201c \\\/ nesugeriantiems pavir\u0161iams (stiklas \\\/ keramika +++, ner\u016bdijantis plienas +++, plastikas \\\/ metalas ++) - versiegelung24.com\",\"isPartOf\":{\"@id\":\"https:\\\/\\\/www.versiegelung24.com\\\/lt\\\/#website\"},\"primaryImageOfPage\":{\"@id\":\"https:\\\/\\\/www.versiegelung24.com\\\/lt\\\/universalus-sandariklis-7675-skirtas-kietiems-neabsorbuojantiems-pavirsiams-stiklo-keramikai-nerudijanciam-plienui-plastikui-metalui.html#primaryimage\"},\"image\":{\"@id\":\"https:\\\/\\\/www.versiegelung24.com\\\/lt\\\/universalus-sandariklis-7675-skirtas-kietiems-neabsorbuojantiems-pavirsiams-stiklo-keramikai-nerudijanciam-plienui-plastikui-metalui.html#primaryimage\"},\"thumbnailUrl\":\"https:\\\/\\\/www.versiegelung24.com\\\/wp-content\\\/uploads\\\/2020\\\/06\\\/produkt-4005-7675-1000-Universalversiegelung-7675-scaled.jpg\",\"datePublished\":\"2021-08-02T19:28:11+00:00\",\"dateModified\":\"2025-03-20T09:10:19+00:00\",\"breadcrumb\":{\"@id\":\"https:\\\/\\\/www.versiegelung24.com\\\/lt\\\/universalus-sandariklis-7675-skirtas-kietiems-neabsorbuojantiems-pavirsiams-stiklo-keramikai-nerudijanciam-plienui-plastikui-metalui.html#breadcrumb\"},\"inLanguage\":\"lt-LT\",\"potentialAction\":[{\"@type\":\"ReadAction\",\"target\":[\"https:\\\/\\\/www.versiegelung24.com\\\/lt\\\/universalus-sandariklis-7675-skirtas-kietiems-neabsorbuojantiems-pavirsiams-stiklo-keramikai-nerudijanciam-plienui-plastikui-metalui.html\"]}]},{\"@type\":\"ImageObject\",\"inLanguage\":\"lt-LT\",\"@id\":\"https:\\\/\\\/www.versiegelung24.com\\\/lt\\\/universalus-sandariklis-7675-skirtas-kietiems-neabsorbuojantiems-pavirsiams-stiklo-keramikai-nerudijanciam-plienui-plastikui-metalui.html#primaryimage\",\"url\":\"https:\\\/\\\/www.versiegelung24.com\\\/wp-content\\\/uploads\\\/2020\\\/06\\\/produkt-4005-7675-1000-Universalversiegelung-7675-scaled.jpg\",\"contentUrl\":\"https:\\\/\\\/www.versiegelung24.com\\\/wp-content\\\/uploads\\\/2020\\\/06\\\/produkt-4005-7675-1000-Universalversiegelung-7675-scaled.jpg\",\"width\":2560,\"height\":2560},{\"@type\":\"BreadcrumbList\",\"@id\":\"https:\\\/\\\/www.versiegelung24.com\\\/lt\\\/universalus-sandariklis-7675-skirtas-kietiems-neabsorbuojantiems-pavirsiams-stiklo-keramikai-nerudijanciam-plienui-plastikui-metalui.html#breadcrumb\",\"itemListElement\":[{\"@type\":\"ListItem\",\"position\":1,\"name\":\"Prad\u017eia\",\"item\":\"https:\\\/\\\/www.versiegelung24.com\\\/lt\\\/priekinis\\\/\"},{\"@type\":\"ListItem\",\"position\":2,\"name\":\"Parduotuv\u0117\",\"item\":\"https:\\\/\\\/www.versiegelung24.com\\\/lt\\\/parduotuve-2\\\/\"},{\"@type\":\"ListItem\",\"position\":3,\"name\":\"Universalus sandariklis 7675 skirtas \u201ekietiems\u201c \\\/ nesugeriantiems pavir\u0161iams (stiklas \\\/ keramika +++, ner\u016bdijantis plienas +++, plastikas \\\/ metalas ++)\"}]},{\"@type\":\"WebSite\",\"@id\":\"https:\\\/\\\/www.versiegelung24.com\\\/lt\\\/#website\",\"url\":\"https:\\\/\\\/www.versiegelung24.com\\\/lt\\\/\",\"name\":\"versiegelung24.com\",\"description\":\"Fl\u00fcssigglas-Versiegelung - Made in Germany\",\"publisher\":{\"@id\":\"https:\\\/\\\/www.versiegelung24.com\\\/lt\\\/#organization\"},\"potentialAction\":[{\"@type\":\"SearchAction\",\"target\":{\"@type\":\"EntryPoint\",\"urlTemplate\":\"https:\\\/\\\/www.versiegelung24.com\\\/lt\\\/?s={search_term_string}\"},\"query-input\":{\"@type\":\"PropertyValueSpecification\",\"valueRequired\":true,\"valueName\":\"search_term_string\"}}],\"inLanguage\":\"lt-LT\"},{\"@type\":\"Organization\",\"@id\":\"https:\\\/\\\/www.versiegelung24.com\\\/lt\\\/#organization\",\"name\":\"versiegelung24\",\"url\":\"https:\\\/\\\/www.versiegelung24.com\\\/lt\\\/\",\"logo\":{\"@type\":\"ImageObject\",\"inLanguage\":\"lt-LT\",\"@id\":\"https:\\\/\\\/www.versiegelung24.com\\\/lt\\\/#\\\/schema\\\/logo\\\/image\\\/\",\"url\":\"https:\\\/\\\/www.versiegelung24.com\\\/wp-content\\\/uploads\\\/2020\\\/04\\\/versiegelung24.png\",\"contentUrl\":\"https:\\\/\\\/www.versiegelung24.com\\\/wp-content\\\/uploads\\\/2020\\\/04\\\/versiegelung24.png\",\"width\":470,\"height\":102,\"caption\":\"versiegelung24\"},\"image\":{\"@id\":\"https:\\\/\\\/www.versiegelung24.com\\\/lt\\\/#\\\/schema\\\/logo\\\/image\\\/\"}}]}<\/script>\n<meta property=\"product:price:amount\" content=\"89.99\" \/>\n<meta property=\"product:price:currency\" content=\"EUR\" \/>\n<meta property=\"og:availability\" content=\"instock\" \/>\n<meta property=\"product:availability\" content=\"instock\" \/>\n<meta property=\"product:retailer_item_id\" content=\"4005-7675\" \/>\n<meta property=\"product:condition\" content=\"new\" \/>\n<!-- \/ Yoast SEO Premium plugin. -->","yoast_head_json":{"title":"Universalus sandariklis 7675 skirtas \u201ekietiems\u201c \/ nesugeriantiems pavir\u0161iams (stiklas \/ keramika +++, ner\u016bdijantis plienas +++, plastikas \/ metalas ++) - versiegelung24.com","robots":{"index":"index","follow":"follow","max-snippet":"max-snippet:-1","max-image-preview":"max-image-preview:large","max-video-preview":"max-video-preview:-1"},"canonical":"https:\/\/www.versiegelung24.com\/lt\/universalus-sandariklis-7675-skirtas-kietiems-neabsorbuojantiems-pavirsiams-stiklo-keramikai-nerudijanciam-plienui-plastikui-metalui.html","og_locale":"lt_LT","og_type":"article","og_title":"Universalus sandariklis 7675 skirtas \u201ekietiems\u201c \/ nesugeriantiems pavir\u0161iams (stiklas \/ keramika +++, ner\u016bdijantis plienas +++, plastikas \/ metalas ++)","og_description":"**NAUJIENA** Labai efektyvus profesionalus universalus sandariklis, skirtas \"kietiems\" \/ nesugeriantiems pavir\u0161iams, tokiems kaip: \u2713 Stiklas \u2713 Keraminiai pavir\u0161iai \u2713 Plastikiniai pavir\u0161iai \u2713 Metaliniai pavir\u0161iai \u2713 Lengvai valomas efektas","og_url":"https:\/\/www.versiegelung24.com\/lt\/universalus-sandariklis-7675-skirtas-kietiems-neabsorbuojantiems-pavirsiams-stiklo-keramikai-nerudijanciam-plienui-plastikui-metalui.html","og_site_name":"versiegelung24.com","article_modified_time":"2025-03-20T09:10:19+00:00","og_image":[{"width":2560,"height":2560,"url":"https:\/\/www.versiegelung24.com\/wp-content\/uploads\/2020\/06\/produkt-4005-7675-1000-Universalversiegelung-7675-scaled.jpg","type":"image\/jpeg"}],"twitter_card":"summary_large_image","twitter_misc":{"Price":"89,99&euro;","Availability":"In stock"},"schema":{"@context":"https:\/\/schema.org","@graph":[{"@type":"WebPage","@id":"https:\/\/www.versiegelung24.com\/lt\/universalus-sandariklis-7675-skirtas-kietiems-neabsorbuojantiems-pavirsiams-stiklo-keramikai-nerudijanciam-plienui-plastikui-metalui.html","url":"https:\/\/www.versiegelung24.com\/lt\/universalus-sandariklis-7675-skirtas-kietiems-neabsorbuojantiems-pavirsiams-stiklo-keramikai-nerudijanciam-plienui-plastikui-metalui.html","name":"Universalus sandariklis 7675 skirtas \u201ekietiems\u201c \/ nesugeriantiems pavir\u0161iams (stiklas \/ keramika +++, ner\u016bdijantis plienas +++, plastikas \/ metalas ++) - versiegelung24.com","isPartOf":{"@id":"https:\/\/www.versiegelung24.com\/lt\/#website"},"primaryImageOfPage":{"@id":"https:\/\/www.versiegelung24.com\/lt\/universalus-sandariklis-7675-skirtas-kietiems-neabsorbuojantiems-pavirsiams-stiklo-keramikai-nerudijanciam-plienui-plastikui-metalui.html#primaryimage"},"image":{"@id":"https:\/\/www.versiegelung24.com\/lt\/universalus-sandariklis-7675-skirtas-kietiems-neabsorbuojantiems-pavirsiams-stiklo-keramikai-nerudijanciam-plienui-plastikui-metalui.html#primaryimage"},"thumbnailUrl":"https:\/\/www.versiegelung24.com\/wp-content\/uploads\/2020\/06\/produkt-4005-7675-1000-Universalversiegelung-7675-scaled.jpg","datePublished":"2021-08-02T19:28:11+00:00","dateModified":"2025-03-20T09:10:19+00:00","breadcrumb":{"@id":"https:\/\/www.versiegelung24.com\/lt\/universalus-sandariklis-7675-skirtas-kietiems-neabsorbuojantiems-pavirsiams-stiklo-keramikai-nerudijanciam-plienui-plastikui-metalui.html#breadcrumb"},"inLanguage":"lt-LT","potentialAction":[{"@type":"ReadAction","target":["https:\/\/www.versiegelung24.com\/lt\/universalus-sandariklis-7675-skirtas-kietiems-neabsorbuojantiems-pavirsiams-stiklo-keramikai-nerudijanciam-plienui-plastikui-metalui.html"]}]},{"@type":"ImageObject","inLanguage":"lt-LT","@id":"https:\/\/www.versiegelung24.com\/lt\/universalus-sandariklis-7675-skirtas-kietiems-neabsorbuojantiems-pavirsiams-stiklo-keramikai-nerudijanciam-plienui-plastikui-metalui.html#primaryimage","url":"https:\/\/www.versiegelung24.com\/wp-content\/uploads\/2020\/06\/produkt-4005-7675-1000-Universalversiegelung-7675-scaled.jpg","contentUrl":"https:\/\/www.versiegelung24.com\/wp-content\/uploads\/2020\/06\/produkt-4005-7675-1000-Universalversiegelung-7675-scaled.jpg","width":2560,"height":2560},{"@type":"BreadcrumbList","@id":"https:\/\/www.versiegelung24.com\/lt\/universalus-sandariklis-7675-skirtas-kietiems-neabsorbuojantiems-pavirsiams-stiklo-keramikai-nerudijanciam-plienui-plastikui-metalui.html#breadcrumb","itemListElement":[{"@type":"ListItem","position":1,"name":"Prad\u017eia","item":"https:\/\/www.versiegelung24.com\/lt\/priekinis\/"},{"@type":"ListItem","position":2,"name":"Parduotuv\u0117","item":"https:\/\/www.versiegelung24.com\/lt\/parduotuve-2\/"},{"@type":"ListItem","position":3,"name":"Universalus sandariklis 7675 skirtas \u201ekietiems\u201c \/ nesugeriantiems pavir\u0161iams (stiklas \/ keramika +++, ner\u016bdijantis plienas +++, plastikas \/ metalas ++)"}]},{"@type":"WebSite","@id":"https:\/\/www.versiegelung24.com\/lt\/#website","url":"https:\/\/www.versiegelung24.com\/lt\/","name":"versiegelung24.com","description":"Fl\u00fcssigglas-Versiegelung - Made in Germany","publisher":{"@id":"https:\/\/www.versiegelung24.com\/lt\/#organization"},"potentialAction":[{"@type":"SearchAction","target":{"@type":"EntryPoint","urlTemplate":"https:\/\/www.versiegelung24.com\/lt\/?s={search_term_string}"},"query-input":{"@type":"PropertyValueSpecification","valueRequired":true,"valueName":"search_term_string"}}],"inLanguage":"lt-LT"},{"@type":"Organization","@id":"https:\/\/www.versiegelung24.com\/lt\/#organization","name":"versiegelung24","url":"https:\/\/www.versiegelung24.com\/lt\/","logo":{"@type":"ImageObject","inLanguage":"lt-LT","@id":"https:\/\/www.versiegelung24.com\/lt\/#\/schema\/logo\/image\/","url":"https:\/\/www.versiegelung24.com\/wp-content\/uploads\/2020\/04\/versiegelung24.png","contentUrl":"https:\/\/www.versiegelung24.com\/wp-content\/uploads\/2020\/04\/versiegelung24.png","width":470,"height":102,"caption":"versiegelung24"},"image":{"@id":"https:\/\/www.versiegelung24.com\/lt\/#\/schema\/logo\/image\/"}}]},"product_price_amount":"89.99","product_price_currency":"EUR","og_availability":"instock","product_availability":"instock","product_retailer_item_id":"4005-7675","product_condition":"new"},"_links":{"self":[{"href":"https:\/\/www.versiegelung24.com\/lt\/wp-json\/wp\/v2\/product\/23226","targetHints":{"allow":["GET"]}}],"collection":[{"href":"https:\/\/www.versiegelung24.com\/lt\/wp-json\/wp\/v2\/product"}],"about":[{"href":"https:\/\/www.versiegelung24.com\/lt\/wp-json\/wp\/v2\/types\/product"}],"version-history":[{"count":16,"href":"https:\/\/www.versiegelung24.com\/lt\/wp-json\/wp\/v2\/product\/23226\/revisions"}],"predecessor-version":[{"id":181098,"href":"https:\/\/www.versiegelung24.com\/lt\/wp-json\/wp\/v2\/product\/23226\/revisions\/181098"}],"wp:featuredmedia":[{"embeddable":true,"href":"https:\/\/www.versiegelung24.com\/lt\/wp-json\/wp\/v2\/media\/18258"}],"wp:attachment":[{"href":"https:\/\/www.versiegelung24.com\/lt\/wp-json\/wp\/v2\/media?parent=23226"}],"wp:term":[{"taxonomy":"product_brand","embeddable":true,"href":"https:\/\/www.versiegelung24.com\/lt\/wp-json\/wp\/v2\/product_brand?post=23226"},{"taxonomy":"product_cat","embeddable":true,"href":"https:\/\/www.versiegelung24.com\/lt\/wp-json\/wp\/v2\/product_cat?post=23226"},{"taxonomy":"product_tag","embeddable":true,"href":"https:\/\/www.versiegelung24.com\/lt\/wp-json\/wp\/v2\/product_tag?post=23226"}],"curies":[{"name":"wp","href":"https:\/\/api.w.org\/{rel}","templated":true}]}}