{"id":23280,"date":"2020-04-04T18:53:12","date_gmt":"2021-08-02T19:30:26","guid":{"rendered":"https:\/\/www.versiegelung24.com\/produkt\/profesionalios-kokybes-plastiko-metalo-sandariklis"},"modified":"2025-01-03T23:28:31","modified_gmt":"2025-01-03T22:28:31","slug":"plastiko-metalo-sandarinimas-profesionalios-kokybes","status":"publish","type":"product","link":"https:\/\/www.versiegelung24.com\/lt\/plastiko-metalo-sandarinimas-profesionalios-kokybes.html","title":{"rendered":"Profesionalios kokyb\u0117s plastiko + metalo sandarinimas"},"content":{"rendered":"\n<p><strong>*** Nauja produkto versija su patobulintu efektu *** <\/strong><\/p>\n\n<p><strong>Labai efektyvus profesionalus apsauginis sandariklis plastikui ir metalui (pvz., ner\u016bdijan\u010diam plienui), su lotoso efektu (atstumiantis vanden\u012f), skirtas viduje ir i\u0161or\u0117je. NAUJIENA<\/strong><\/p>\n\n<p>Auk\u0161tos kokyb\u0117s Pagaminta Vokietijoje.<\/p>\n\n<hr\/>\n\n<h4 class=\"wp-block-heading\" id=\"properties\">Produkto savyb\u0117s<\/h4>\n\n<div class=\"wp-block-columns is-layout-flex wp-container-core-columns-is-layout-9d6595d7 wp-block-columns-is-layout-flex\">\n<div class=\"wp-block-column is-layout-flow wp-block-column-is-layout-flow\">\n<ul class=\"wp-block-list\">\n<li>I\u0161skirtinis lengvai valomas ne\u0161varum\u0173 sukibimo efektas<\/li>\n\n\n\n<li>Hidrofobinis ir oleofobinis poveikis (atstumia vanden\u012f ir aliej\u0173)<\/li>\n\n\n\n<li>Labai didelis atsparumas dilimui d\u0117l SiO\u00b2 nano technologijos<\/li>\n\n\n\n<li>Atsparus chemin\u0117ms valymo priemon\u0117ms (iki pH 12)<\/li>\n\n\n\n<li>UV stabilus \/ atsparus \u0161al\u010diui \/ atsparus s\u016briam vandeniui \/ nematomas (sluoksnio storis: 100-150 nm)<\/li>\n<\/ul>\n<\/div>\n\n\n\n<div class=\"wp-block-column is-layout-flow wp-block-column-is-layout-flow\">\n<ul class=\"wp-block-list\">\n<li>I\u0161laidos, laikas ir energija sutaupoma d\u0117l ilg\u0173 valymo cikl\u0173<\/li>\n\n\n\n<li>Paprasta programa<\/li>\n\n\n\n<li>Kv\u0117puojantis<\/li>\n\n\n\n<li>Stiprios nelimpan\u010dios savyb\u0117s<\/li>\n\n\n\n<li>Patvarumas: iki 1 met\u0173 (priklausomai nuo naudojimo)<\/li>\n<\/ul>\n\n\n\n<p><br\/><br\/>Pristatymo apimtis: 1 x litrinis butelis 1 x produkto apra\u0161ymas<\/p>\n<\/div>\n<\/div>\n\n<hr\/>\n\n<h4 class=\"wp-block-heading\" id=\"application\">Parai\u0161ka<\/h4>\n\n<div class=\"wp-block-columns is-layout-flex wp-container-core-columns-is-layout-9d6595d7 wp-block-columns-is-layout-flex\">\n<div class=\"wp-block-column is-layout-flow wp-block-column-is-layout-flow\">\n<ul class=\"wp-block-list\">\n<li>ner\u016bdijan\u010dio plieno pavir\u0161iai<\/li>\n\n\n\n<li>automobili\u0173 da\u017eai<\/li>\n\n\n\n<li>aliuminio ratlankiai<\/li>\n\n\n\n<li>Da\u017eyti pavir\u0161iai<\/li>\n\n\n\n<li>Lyg\u016bs plastikiniai pavir\u0161iai<\/li>\n\n\n\n<li>organinis stiklas<\/li>\n\n\n\n<li>metaliniai pavir\u0161iai<\/li>\n<\/ul>\n\n\n\n<p>S\u0105naudos priklauso nuo pavir\u0161iaus strukt\u016bros, apie 100-200m\u00b2\/l.<\/p>\n<\/div>\n\n\n\n<div class=\"wp-block-column is-layout-flow wp-block-column-is-layout-flow\">\n<p>Lengva pritaikyti: <\/p>\n\n\n\n<p><br\/>1.rankinis: tepama sukamaisiais judesiais \u0161varia popierine, linine arba mikropluo\u0161to \u0161luoste. 2.pramoninis: gali b\u016bti naudojamas tiek poliravimo, tiek pur\u0161kiamo dengimo sistemose.<\/p>\n\n\n\n<p>\u0160i SiO2 danga yra visi\u0161kai susieta ir sukiet\u0117ja po 24 valand\u0173. Lengvai valomas efektas gali b\u016bti i\u0161bandytas pirm\u0105 kart\u0105 po \u0161ios kiet\u0117jimo faz\u0117s.<\/p>\n\n\n\n<p><br\/><br\/><br\/><br\/>Suvartojimas: Su 1 litru galima u\u017esandarinti iki 200 m\u00b2 Rankinis: 5-10 ml\/m\u00b2 Pramoninis: 10-15 ml\/m\u00b2<\/p>\n<\/div>\n<\/div>\n","protected":false},"excerpt":{"rendered":"<p><strong>Labai efektyvus profesionalus apsauginis sandariklis plastikui ir metalui (pvz., ner\u016bdijan\u010diam plienui):<\/strong><\/p>\n<p>\u2713 Su lotoso efektu (atstumiantis vanden\u012f)<\/p>\n<p>\u2713 Viduje ir i\u0161or\u0117je. NAUJIENA<\/p>\n","protected":false},"featured_media":18361,"template":"","meta":{"_acf_changed":false,"neve_meta_sidebar":"","neve_meta_container":"","neve_meta_enable_content_width":"","neve_meta_content_width":0,"neve_meta_title_alignment":"","neve_meta_author_avatar":"","neve_post_elements_order":"","neve_meta_disable_header":"","neve_meta_disable_footer":"","neve_meta_disable_title":"","neve_meta_reading_time":"","_surfaces":[],"_ver_product_tabs":[],"footnotes":""},"product_brand":[],"product_cat":[2518],"product_tag":[],"class_list":{"0":"post-23280","1":"product","2":"type-product","3":"status-publish","4":"has-post-thumbnail","6":"product_cat-metalinis-ir-plastikinis-sandarinimas","8":"first","9":"instock","10":"taxable","11":"shipping-taxable","12":"purchasable","13":"product-type-simple"},"acf":[],"yoast_head":"<!-- This site is optimized with the Yoast SEO Premium plugin v22.8 (Yoast SEO v27.5) - https:\/\/yoast.com\/product\/yoast-seo-premium-wordpress\/ -->\n<title>Profesionalios kokyb\u0117s plastiko + metalo sandarinimas - versiegelung24.com<\/title>\n<meta name=\"robots\" content=\"index, follow, max-snippet:-1, max-image-preview:large, max-video-preview:-1\" \/>\n<link rel=\"canonical\" href=\"https:\/\/www.versiegelung24.com\/lt\/plastiko-metalo-sandarinimas-profesionalios-kokybes.html\" \/>\n<meta property=\"og:locale\" content=\"lt_LT\" \/>\n<meta property=\"og:type\" content=\"article\" \/>\n<meta property=\"og:title\" content=\"Profesionalios kokyb\u0117s plastiko + metalo sandarinimas\" \/>\n<meta property=\"og:description\" content=\"Labai efektyvus profesionalus apsauginis sandariklis plastikui ir metalui (pvz., ner\u016bdijan\u010diam plienui): \u2713 Su lotoso efektu (atstumiantis vanden\u012f) \u2713 Viduje ir i\u0161or\u0117je. NAUJIENA\" \/>\n<meta property=\"og:url\" content=\"https:\/\/www.versiegelung24.com\/lt\/plastiko-metalo-sandarinimas-profesionalios-kokybes.html\" \/>\n<meta property=\"og:site_name\" content=\"versiegelung24.com\" \/>\n<meta property=\"article:modified_time\" content=\"2025-01-03T22:28:31+00:00\" \/>\n<meta property=\"og:image\" content=\"https:\/\/www.versiegelung24.com\/wp-content\/uploads\/2020\/06\/produkt-5000-7656-1000-Kunststoff-Metallversiegelung-scaled.jpg\" \/>\n\t<meta property=\"og:image:width\" content=\"2560\" \/>\n\t<meta property=\"og:image:height\" content=\"2560\" \/>\n\t<meta property=\"og:image:type\" content=\"image\/jpeg\" \/>\n<meta name=\"twitter:card\" content=\"summary_large_image\" \/>\n<meta name=\"twitter:label1\" content=\"Price\" \/>\n\t<meta name=\"twitter:data1\" content=\"149,00&euro;\" \/>\n\t<meta name=\"twitter:label2\" content=\"Availability\" \/>\n\t<meta name=\"twitter:data2\" content=\"In stock\" \/>\n<script type=\"application\/ld+json\" class=\"yoast-schema-graph\">{\"@context\":\"https:\\\/\\\/schema.org\",\"@graph\":[{\"@type\":\"WebPage\",\"@id\":\"https:\\\/\\\/www.versiegelung24.com\\\/lt\\\/plastiko-metalo-sandarinimas-profesionalios-kokybes.html\",\"url\":\"https:\\\/\\\/www.versiegelung24.com\\\/lt\\\/plastiko-metalo-sandarinimas-profesionalios-kokybes.html\",\"name\":\"Profesionalios kokyb\u0117s plastiko + metalo sandarinimas - versiegelung24.com\",\"isPartOf\":{\"@id\":\"https:\\\/\\\/www.versiegelung24.com\\\/lt\\\/#website\"},\"primaryImageOfPage\":{\"@id\":\"https:\\\/\\\/www.versiegelung24.com\\\/lt\\\/plastiko-metalo-sandarinimas-profesionalios-kokybes.html#primaryimage\"},\"image\":{\"@id\":\"https:\\\/\\\/www.versiegelung24.com\\\/lt\\\/plastiko-metalo-sandarinimas-profesionalios-kokybes.html#primaryimage\"},\"thumbnailUrl\":\"https:\\\/\\\/www.versiegelung24.com\\\/wp-content\\\/uploads\\\/2020\\\/06\\\/produkt-5000-7656-1000-Kunststoff-Metallversiegelung-scaled.jpg\",\"datePublished\":\"2021-08-02T19:30:26+00:00\",\"dateModified\":\"2025-01-03T22:28:31+00:00\",\"breadcrumb\":{\"@id\":\"https:\\\/\\\/www.versiegelung24.com\\\/lt\\\/plastiko-metalo-sandarinimas-profesionalios-kokybes.html#breadcrumb\"},\"inLanguage\":\"lt-LT\",\"potentialAction\":[{\"@type\":\"ReadAction\",\"target\":[\"https:\\\/\\\/www.versiegelung24.com\\\/lt\\\/plastiko-metalo-sandarinimas-profesionalios-kokybes.html\"]}]},{\"@type\":\"ImageObject\",\"inLanguage\":\"lt-LT\",\"@id\":\"https:\\\/\\\/www.versiegelung24.com\\\/lt\\\/plastiko-metalo-sandarinimas-profesionalios-kokybes.html#primaryimage\",\"url\":\"https:\\\/\\\/www.versiegelung24.com\\\/wp-content\\\/uploads\\\/2020\\\/06\\\/produkt-5000-7656-1000-Kunststoff-Metallversiegelung-scaled.jpg\",\"contentUrl\":\"https:\\\/\\\/www.versiegelung24.com\\\/wp-content\\\/uploads\\\/2020\\\/06\\\/produkt-5000-7656-1000-Kunststoff-Metallversiegelung-scaled.jpg\",\"width\":2560,\"height\":2560},{\"@type\":\"BreadcrumbList\",\"@id\":\"https:\\\/\\\/www.versiegelung24.com\\\/lt\\\/plastiko-metalo-sandarinimas-profesionalios-kokybes.html#breadcrumb\",\"itemListElement\":[{\"@type\":\"ListItem\",\"position\":1,\"name\":\"Prad\u017eia\",\"item\":\"https:\\\/\\\/www.versiegelung24.com\\\/lt\\\/priekinis\\\/\"},{\"@type\":\"ListItem\",\"position\":2,\"name\":\"Parduotuv\u0117\",\"item\":\"https:\\\/\\\/www.versiegelung24.com\\\/lt\\\/parduotuve-2\\\/\"},{\"@type\":\"ListItem\",\"position\":3,\"name\":\"Profesionalios kokyb\u0117s plastiko + metalo sandarinimas\"}]},{\"@type\":\"WebSite\",\"@id\":\"https:\\\/\\\/www.versiegelung24.com\\\/lt\\\/#website\",\"url\":\"https:\\\/\\\/www.versiegelung24.com\\\/lt\\\/\",\"name\":\"versiegelung24.com\",\"description\":\"Fl\u00fcssigglas-Versiegelung - Made in Germany\",\"publisher\":{\"@id\":\"https:\\\/\\\/www.versiegelung24.com\\\/lt\\\/#organization\"},\"potentialAction\":[{\"@type\":\"SearchAction\",\"target\":{\"@type\":\"EntryPoint\",\"urlTemplate\":\"https:\\\/\\\/www.versiegelung24.com\\\/lt\\\/?s={search_term_string}\"},\"query-input\":{\"@type\":\"PropertyValueSpecification\",\"valueRequired\":true,\"valueName\":\"search_term_string\"}}],\"inLanguage\":\"lt-LT\"},{\"@type\":\"Organization\",\"@id\":\"https:\\\/\\\/www.versiegelung24.com\\\/lt\\\/#organization\",\"name\":\"versiegelung24\",\"url\":\"https:\\\/\\\/www.versiegelung24.com\\\/lt\\\/\",\"logo\":{\"@type\":\"ImageObject\",\"inLanguage\":\"lt-LT\",\"@id\":\"https:\\\/\\\/www.versiegelung24.com\\\/lt\\\/#\\\/schema\\\/logo\\\/image\\\/\",\"url\":\"https:\\\/\\\/www.versiegelung24.com\\\/wp-content\\\/uploads\\\/2020\\\/04\\\/versiegelung24.png\",\"contentUrl\":\"https:\\\/\\\/www.versiegelung24.com\\\/wp-content\\\/uploads\\\/2020\\\/04\\\/versiegelung24.png\",\"width\":470,\"height\":102,\"caption\":\"versiegelung24\"},\"image\":{\"@id\":\"https:\\\/\\\/www.versiegelung24.com\\\/lt\\\/#\\\/schema\\\/logo\\\/image\\\/\"}}]}<\/script>\n<meta property=\"product:price:amount\" content=\"149.00\" \/>\n<meta property=\"product:price:currency\" content=\"EUR\" \/>\n<meta property=\"og:availability\" content=\"instock\" \/>\n<meta property=\"product:availability\" content=\"instock\" \/>\n<meta property=\"product:retailer_item_id\" content=\"5000-7656-1000\" \/>\n<meta property=\"product:condition\" content=\"new\" \/>\n<!-- \/ Yoast SEO Premium plugin. -->","yoast_head_json":{"title":"Profesionalios kokyb\u0117s plastiko + metalo sandarinimas - versiegelung24.com","robots":{"index":"index","follow":"follow","max-snippet":"max-snippet:-1","max-image-preview":"max-image-preview:large","max-video-preview":"max-video-preview:-1"},"canonical":"https:\/\/www.versiegelung24.com\/lt\/plastiko-metalo-sandarinimas-profesionalios-kokybes.html","og_locale":"lt_LT","og_type":"article","og_title":"Profesionalios kokyb\u0117s plastiko + metalo sandarinimas","og_description":"Labai efektyvus profesionalus apsauginis sandariklis plastikui ir metalui (pvz., ner\u016bdijan\u010diam plienui): \u2713 Su lotoso efektu (atstumiantis vanden\u012f) \u2713 Viduje ir i\u0161or\u0117je. NAUJIENA","og_url":"https:\/\/www.versiegelung24.com\/lt\/plastiko-metalo-sandarinimas-profesionalios-kokybes.html","og_site_name":"versiegelung24.com","article_modified_time":"2025-01-03T22:28:31+00:00","og_image":[{"width":2560,"height":2560,"url":"https:\/\/www.versiegelung24.com\/wp-content\/uploads\/2020\/06\/produkt-5000-7656-1000-Kunststoff-Metallversiegelung-scaled.jpg","type":"image\/jpeg"}],"twitter_card":"summary_large_image","twitter_misc":{"Price":"149,00&euro;","Availability":"In stock"},"schema":{"@context":"https:\/\/schema.org","@graph":[{"@type":"WebPage","@id":"https:\/\/www.versiegelung24.com\/lt\/plastiko-metalo-sandarinimas-profesionalios-kokybes.html","url":"https:\/\/www.versiegelung24.com\/lt\/plastiko-metalo-sandarinimas-profesionalios-kokybes.html","name":"Profesionalios kokyb\u0117s plastiko + metalo sandarinimas - versiegelung24.com","isPartOf":{"@id":"https:\/\/www.versiegelung24.com\/lt\/#website"},"primaryImageOfPage":{"@id":"https:\/\/www.versiegelung24.com\/lt\/plastiko-metalo-sandarinimas-profesionalios-kokybes.html#primaryimage"},"image":{"@id":"https:\/\/www.versiegelung24.com\/lt\/plastiko-metalo-sandarinimas-profesionalios-kokybes.html#primaryimage"},"thumbnailUrl":"https:\/\/www.versiegelung24.com\/wp-content\/uploads\/2020\/06\/produkt-5000-7656-1000-Kunststoff-Metallversiegelung-scaled.jpg","datePublished":"2021-08-02T19:30:26+00:00","dateModified":"2025-01-03T22:28:31+00:00","breadcrumb":{"@id":"https:\/\/www.versiegelung24.com\/lt\/plastiko-metalo-sandarinimas-profesionalios-kokybes.html#breadcrumb"},"inLanguage":"lt-LT","potentialAction":[{"@type":"ReadAction","target":["https:\/\/www.versiegelung24.com\/lt\/plastiko-metalo-sandarinimas-profesionalios-kokybes.html"]}]},{"@type":"ImageObject","inLanguage":"lt-LT","@id":"https:\/\/www.versiegelung24.com\/lt\/plastiko-metalo-sandarinimas-profesionalios-kokybes.html#primaryimage","url":"https:\/\/www.versiegelung24.com\/wp-content\/uploads\/2020\/06\/produkt-5000-7656-1000-Kunststoff-Metallversiegelung-scaled.jpg","contentUrl":"https:\/\/www.versiegelung24.com\/wp-content\/uploads\/2020\/06\/produkt-5000-7656-1000-Kunststoff-Metallversiegelung-scaled.jpg","width":2560,"height":2560},{"@type":"BreadcrumbList","@id":"https:\/\/www.versiegelung24.com\/lt\/plastiko-metalo-sandarinimas-profesionalios-kokybes.html#breadcrumb","itemListElement":[{"@type":"ListItem","position":1,"name":"Prad\u017eia","item":"https:\/\/www.versiegelung24.com\/lt\/priekinis\/"},{"@type":"ListItem","position":2,"name":"Parduotuv\u0117","item":"https:\/\/www.versiegelung24.com\/lt\/parduotuve-2\/"},{"@type":"ListItem","position":3,"name":"Profesionalios kokyb\u0117s plastiko + metalo sandarinimas"}]},{"@type":"WebSite","@id":"https:\/\/www.versiegelung24.com\/lt\/#website","url":"https:\/\/www.versiegelung24.com\/lt\/","name":"versiegelung24.com","description":"Fl\u00fcssigglas-Versiegelung - Made in Germany","publisher":{"@id":"https:\/\/www.versiegelung24.com\/lt\/#organization"},"potentialAction":[{"@type":"SearchAction","target":{"@type":"EntryPoint","urlTemplate":"https:\/\/www.versiegelung24.com\/lt\/?s={search_term_string}"},"query-input":{"@type":"PropertyValueSpecification","valueRequired":true,"valueName":"search_term_string"}}],"inLanguage":"lt-LT"},{"@type":"Organization","@id":"https:\/\/www.versiegelung24.com\/lt\/#organization","name":"versiegelung24","url":"https:\/\/www.versiegelung24.com\/lt\/","logo":{"@type":"ImageObject","inLanguage":"lt-LT","@id":"https:\/\/www.versiegelung24.com\/lt\/#\/schema\/logo\/image\/","url":"https:\/\/www.versiegelung24.com\/wp-content\/uploads\/2020\/04\/versiegelung24.png","contentUrl":"https:\/\/www.versiegelung24.com\/wp-content\/uploads\/2020\/04\/versiegelung24.png","width":470,"height":102,"caption":"versiegelung24"},"image":{"@id":"https:\/\/www.versiegelung24.com\/lt\/#\/schema\/logo\/image\/"}}]},"product_price_amount":"149.00","product_price_currency":"EUR","og_availability":"instock","product_availability":"instock","product_retailer_item_id":"5000-7656-1000","product_condition":"new"},"_links":{"self":[{"href":"https:\/\/www.versiegelung24.com\/lt\/wp-json\/wp\/v2\/product\/23280","targetHints":{"allow":["GET"]}}],"collection":[{"href":"https:\/\/www.versiegelung24.com\/lt\/wp-json\/wp\/v2\/product"}],"about":[{"href":"https:\/\/www.versiegelung24.com\/lt\/wp-json\/wp\/v2\/types\/product"}],"version-history":[{"count":17,"href":"https:\/\/www.versiegelung24.com\/lt\/wp-json\/wp\/v2\/product\/23280\/revisions"}],"predecessor-version":[{"id":177396,"href":"https:\/\/www.versiegelung24.com\/lt\/wp-json\/wp\/v2\/product\/23280\/revisions\/177396"}],"wp:featuredmedia":[{"embeddable":true,"href":"https:\/\/www.versiegelung24.com\/lt\/wp-json\/wp\/v2\/media\/18361"}],"wp:attachment":[{"href":"https:\/\/www.versiegelung24.com\/lt\/wp-json\/wp\/v2\/media?parent=23280"}],"wp:term":[{"taxonomy":"product_brand","embeddable":true,"href":"https:\/\/www.versiegelung24.com\/lt\/wp-json\/wp\/v2\/product_brand?post=23280"},{"taxonomy":"product_cat","embeddable":true,"href":"https:\/\/www.versiegelung24.com\/lt\/wp-json\/wp\/v2\/product_cat?post=23280"},{"taxonomy":"product_tag","embeddable":true,"href":"https:\/\/www.versiegelung24.com\/lt\/wp-json\/wp\/v2\/product_tag?post=23280"}],"curies":[{"name":"wp","href":"https:\/\/api.w.org\/{rel}","templated":true}]}}