{"id":23365,"date":"2020-04-04T18:53:43","date_gmt":"2021-08-02T19:33:09","guid":{"rendered":"https:\/\/www.versiegelung24.com\/produkt\/universalus-sandariklis-695-minkstiems-sugeriantiems-pavirsiams-akmuo-medis-tekstile"},"modified":"2025-04-12T11:47:53","modified_gmt":"2025-04-12T09:47:53","slug":"universalus-sandariklis-695-skirtas-minkstai-sugeriantiems-pavirsiams-akmens-medzio-tekstiles","status":"publish","type":"product","link":"https:\/\/www.versiegelung24.com\/lt\/universalus-sandariklis-695-skirtas-minkstai-sugeriantiems-pavirsiams-akmens-medzio-tekstiles.html","title":{"rendered":"Universalus sandariklis 695 \u201emink\u0161tiems\u201c \/ sugeriantiems pavir\u0161iams (akmuo +++, medis +++, tekstil\u0117 ++)"},"content":{"rendered":"\n<p><strong>Labai efektyvus profesionalus universalus sandariklis, skirtas &#8220;mink\u0161tiems&#8221; \/ sugeriantiems pavir\u0161iams, tokiems kaip tekstil\u0117, akmuo, mediena, su lengvai valomu efektu<\/strong><\/p>\n\n<p>Idealiai tinka akmeniui ir medienai, taip pat tinka tekstil\u0117s gaminiams<\/p>\n\n<p>Auk\u0161ta kokyb\u0117 &#8211; pagaminta Vokietijoje<\/p>\n\n<p><strong>V24 universalus sandarinimas 4007-695<\/strong> yra vandeninis impregnavimas sugeriantiems \/ \u201emink\u0161tiems\u201c pavir\u0161iams, kuri\u0173 pavir\u0161iai yra labai gerai hidrofobi\u0161kai (atstumiantys vanden\u012f) ir oleofobi\u0161kai (atstumiantys aliej\u0173). Produktas sudaro beveik nematom\u0105 plon\u0105 pavir\u0161iaus pl\u0117vel\u0119. Vanden\u012f atstumiantis efektas \u017eymiai suma\u017eina dr\u0117gm\u0117s \u012fsiskverbimo ant apdorot\u0173 pavir\u0161i\u0173 ir pakartotinio u\u017eter\u0161imo greit\u012f. Suma\u017e\u0117ja alyvos ir spalv\u0105 kei\u010dian\u010di\u0173 med\u017eiag\u0173 \u012fsiskverbimas \u012f pavir\u0161i\u0173 ir jas galima lengvai pa\u0161alinti \/ i\u0161valyti.<\/p>\n\n<hr \/>\n\n<h4 class=\"wp-block-heading\" id=\"properties\">Produkto savyb\u0117s<\/h4>\n\n<div class=\"wp-block-columns is-layout-flex wp-container-core-columns-is-layout-9d6595d7 wp-block-columns-is-layout-flex\">\n<div class=\"wp-block-column is-layout-flow wp-block-column-is-layout-flow\">\n<p>Pastaba: nebrangi balta tekstil\u0117 gali tur\u0117ti gelton\u0105 atspalv\u012f<\/p>\n\n\n\n<p>Priklausomai nuo hermetizuojamo pavir\u0161iaus sugeriamumo, 1 litro pakanka iki 40 m\u00b2.<\/p>\n<\/div>\n\n\n\n<div class=\"wp-block-column is-layout-flow wp-block-column-is-layout-flow\">\n<p><br \/><br \/>P<strong>ristatymo apimtis:<\/strong> 1 x litrinis butelis 1 x siurblio purk\u0161tuko galvut\u0117<\/p>\n<\/div>\n<\/div>\n\n<hr \/>\n\n<h4 class=\"wp-block-heading\" id=\"h-ratgeber\">Konsultantas<\/h4>\n\n<p>M\u016bs\u0173 universal\u016bs sandarikliai ypa\u010d tinka \u201epasidaryk pats\u201c sektoriui.<\/p>\n\n<p>Jie derina profesional\u0173 veikimo b\u016bd\u0105 ant skirting\u0173 pavir\u0161i\u0173 ir lengv\u0105 valdym\u0105 dengiant. Ir visa tai nereikalaujant didesni\u0173 kokyb\u0117s kompromis\u0173.<\/p>\n\n<p>Tokiu b\u016bdu, naudojant vien\u0105 universal\u0173 sandarikl\u012f, galima aplikuoti ant keli\u0173 med\u017eiag\u0173, taip pat galima pasiekti auk\u0161tos kokyb\u0117s efekt\u0105 ir ilg\u0105 patvarum\u0105.<\/p>\n\n<p>Ta\u010diau komerciniams ir pramoniniams tikslams, kai reikia pasiekti auk\u0161\u010diausi\u0105 \u012fmanom\u0105 konkretaus pavir\u0161iaus eksploatacini\u0173 savybi\u0173 lyg\u012f, rekomenduojame naudoti m\u016bs\u0173 specialias \u0161io pavir\u0161iaus apdailas.<\/p>\n","protected":false},"excerpt":{"rendered":"<p><strong>Labai efektyvus profesionalus universalus sandariklis, skirtas sugeriantiems \/ &#8220;mink\u0161tiems&#8221; pavir\u0161iams:<\/strong><\/p>\n<p>\u2713 Tekstil\u0117<\/p>\n<p>\u2713 Akmuo<\/p>\n<p>\u2713 mediena<\/p>\n<p>\u2713 Lengvai valomas efektas<\/p>\n","protected":false},"featured_media":18326,"template":"","meta":{"_acf_changed":false,"neve_meta_sidebar":"","neve_meta_container":"","neve_meta_enable_content_width":"","neve_meta_content_width":0,"neve_meta_title_alignment":"","neve_meta_author_avatar":"","neve_post_elements_order":"","neve_meta_disable_header":"","neve_meta_disable_footer":"","neve_meta_disable_title":"","neve_meta_reading_time":"","_surfaces":[],"_ver_product_tabs":[],"footnotes":""},"product_brand":[],"product_cat":[2480],"product_tag":[],"class_list":{"0":"post-23365","1":"product","2":"type-product","3":"status-publish","4":"has-post-thumbnail","6":"product_cat-universalus-sandariklis","7":"pa_gebinde-1000-ml-buteliukas","8":"pa_gebinde-20l-kanistras","10":"first","11":"instock","12":"taxable","13":"shipping-taxable","14":"purchasable","15":"product-type-variable","16":"has-default-attributes"},"acf":[],"yoast_head":"<!-- This site is optimized with the Yoast SEO Premium plugin v22.8 (Yoast SEO v27.5) - https:\/\/yoast.com\/product\/yoast-seo-premium-wordpress\/ -->\n<title>Universalus sandariklis 695 \u201emink\u0161tiems\u201c \/ sugeriantiems pavir\u0161iams (akmuo +++, medis +++, tekstil\u0117 ++) - versiegelung24.com<\/title>\n<meta name=\"robots\" content=\"index, follow, max-snippet:-1, max-image-preview:large, max-video-preview:-1\" \/>\n<link rel=\"canonical\" href=\"https:\/\/www.versiegelung24.com\/lt\/universalus-sandariklis-695-skirtas-minkstai-sugeriantiems-pavirsiams-akmens-medzio-tekstiles.html\" \/>\n<meta property=\"og:locale\" content=\"lt_LT\" \/>\n<meta property=\"og:type\" content=\"article\" \/>\n<meta property=\"og:title\" content=\"Universalus sandariklis 695 \u201emink\u0161tiems\u201c \/ sugeriantiems pavir\u0161iams (akmuo +++, medis +++, tekstil\u0117 ++)\" \/>\n<meta property=\"og:description\" content=\"Labai efektyvus profesionalus universalus sandariklis, skirtas sugeriantiems \/ &quot;mink\u0161tiems&quot; pavir\u0161iams: \u2713 Tekstil\u0117 \u2713 Akmuo \u2713 mediena \u2713 Lengvai valomas efektas\" \/>\n<meta property=\"og:url\" content=\"https:\/\/www.versiegelung24.com\/lt\/universalus-sandariklis-695-skirtas-minkstai-sugeriantiems-pavirsiams-akmens-medzio-tekstiles.html\" \/>\n<meta property=\"og:site_name\" content=\"versiegelung24.com\" \/>\n<meta property=\"article:modified_time\" content=\"2025-04-12T09:47:53+00:00\" \/>\n<meta property=\"og:image\" content=\"https:\/\/www.versiegelung24.com\/wp-content\/uploads\/2020\/06\/produkt-4007-695-1000-Universalversiegelung-695-scaled.jpg\" \/>\n\t<meta property=\"og:image:width\" content=\"2560\" \/>\n\t<meta property=\"og:image:height\" content=\"2560\" \/>\n\t<meta property=\"og:image:type\" content=\"image\/jpeg\" \/>\n<meta name=\"twitter:card\" content=\"summary_large_image\" \/>\n<meta name=\"twitter:label1\" content=\"Availability\" \/>\n\t<meta name=\"twitter:data1\" content=\"In stock\" \/>\n<script type=\"application\/ld+json\" class=\"yoast-schema-graph\">{\"@context\":\"https:\\\/\\\/schema.org\",\"@graph\":[{\"@type\":\"WebPage\",\"@id\":\"https:\\\/\\\/www.versiegelung24.com\\\/lt\\\/universalus-sandariklis-695-skirtas-minkstai-sugeriantiems-pavirsiams-akmens-medzio-tekstiles.html\",\"url\":\"https:\\\/\\\/www.versiegelung24.com\\\/lt\\\/universalus-sandariklis-695-skirtas-minkstai-sugeriantiems-pavirsiams-akmens-medzio-tekstiles.html\",\"name\":\"Universalus sandariklis 695 \u201emink\u0161tiems\u201c \\\/ sugeriantiems pavir\u0161iams (akmuo +++, medis +++, tekstil\u0117 ++) - versiegelung24.com\",\"isPartOf\":{\"@id\":\"https:\\\/\\\/www.versiegelung24.com\\\/lt\\\/#website\"},\"primaryImageOfPage\":{\"@id\":\"https:\\\/\\\/www.versiegelung24.com\\\/lt\\\/universalus-sandariklis-695-skirtas-minkstai-sugeriantiems-pavirsiams-akmens-medzio-tekstiles.html#primaryimage\"},\"image\":{\"@id\":\"https:\\\/\\\/www.versiegelung24.com\\\/lt\\\/universalus-sandariklis-695-skirtas-minkstai-sugeriantiems-pavirsiams-akmens-medzio-tekstiles.html#primaryimage\"},\"thumbnailUrl\":\"https:\\\/\\\/www.versiegelung24.com\\\/wp-content\\\/uploads\\\/2020\\\/06\\\/produkt-4007-695-1000-Universalversiegelung-695-scaled.jpg\",\"datePublished\":\"2021-08-02T19:33:09+00:00\",\"dateModified\":\"2025-04-12T09:47:53+00:00\",\"breadcrumb\":{\"@id\":\"https:\\\/\\\/www.versiegelung24.com\\\/lt\\\/universalus-sandariklis-695-skirtas-minkstai-sugeriantiems-pavirsiams-akmens-medzio-tekstiles.html#breadcrumb\"},\"inLanguage\":\"lt-LT\",\"potentialAction\":[{\"@type\":\"ReadAction\",\"target\":[\"https:\\\/\\\/www.versiegelung24.com\\\/lt\\\/universalus-sandariklis-695-skirtas-minkstai-sugeriantiems-pavirsiams-akmens-medzio-tekstiles.html\"]}]},{\"@type\":\"ImageObject\",\"inLanguage\":\"lt-LT\",\"@id\":\"https:\\\/\\\/www.versiegelung24.com\\\/lt\\\/universalus-sandariklis-695-skirtas-minkstai-sugeriantiems-pavirsiams-akmens-medzio-tekstiles.html#primaryimage\",\"url\":\"https:\\\/\\\/www.versiegelung24.com\\\/wp-content\\\/uploads\\\/2020\\\/06\\\/produkt-4007-695-1000-Universalversiegelung-695-scaled.jpg\",\"contentUrl\":\"https:\\\/\\\/www.versiegelung24.com\\\/wp-content\\\/uploads\\\/2020\\\/06\\\/produkt-4007-695-1000-Universalversiegelung-695-scaled.jpg\",\"width\":2560,\"height\":2560},{\"@type\":\"BreadcrumbList\",\"@id\":\"https:\\\/\\\/www.versiegelung24.com\\\/lt\\\/universalus-sandariklis-695-skirtas-minkstai-sugeriantiems-pavirsiams-akmens-medzio-tekstiles.html#breadcrumb\",\"itemListElement\":[{\"@type\":\"ListItem\",\"position\":1,\"name\":\"Prad\u017eia\",\"item\":\"https:\\\/\\\/www.versiegelung24.com\\\/lt\\\/priekinis\\\/\"},{\"@type\":\"ListItem\",\"position\":2,\"name\":\"Parduotuv\u0117\",\"item\":\"https:\\\/\\\/www.versiegelung24.com\\\/lt\\\/parduotuve-2\\\/\"},{\"@type\":\"ListItem\",\"position\":3,\"name\":\"Universalus sandariklis 695 \u201emink\u0161tiems\u201c \\\/ sugeriantiems pavir\u0161iams (akmuo +++, medis +++, tekstil\u0117 ++)\"}]},{\"@type\":\"WebSite\",\"@id\":\"https:\\\/\\\/www.versiegelung24.com\\\/lt\\\/#website\",\"url\":\"https:\\\/\\\/www.versiegelung24.com\\\/lt\\\/\",\"name\":\"versiegelung24.com\",\"description\":\"Fl\u00fcssigglas-Versiegelung - Made in Germany\",\"publisher\":{\"@id\":\"https:\\\/\\\/www.versiegelung24.com\\\/lt\\\/#organization\"},\"potentialAction\":[{\"@type\":\"SearchAction\",\"target\":{\"@type\":\"EntryPoint\",\"urlTemplate\":\"https:\\\/\\\/www.versiegelung24.com\\\/lt\\\/?s={search_term_string}\"},\"query-input\":{\"@type\":\"PropertyValueSpecification\",\"valueRequired\":true,\"valueName\":\"search_term_string\"}}],\"inLanguage\":\"lt-LT\"},{\"@type\":\"Organization\",\"@id\":\"https:\\\/\\\/www.versiegelung24.com\\\/lt\\\/#organization\",\"name\":\"versiegelung24\",\"url\":\"https:\\\/\\\/www.versiegelung24.com\\\/lt\\\/\",\"logo\":{\"@type\":\"ImageObject\",\"inLanguage\":\"lt-LT\",\"@id\":\"https:\\\/\\\/www.versiegelung24.com\\\/lt\\\/#\\\/schema\\\/logo\\\/image\\\/\",\"url\":\"https:\\\/\\\/www.versiegelung24.com\\\/wp-content\\\/uploads\\\/2020\\\/04\\\/versiegelung24.png\",\"contentUrl\":\"https:\\\/\\\/www.versiegelung24.com\\\/wp-content\\\/uploads\\\/2020\\\/04\\\/versiegelung24.png\",\"width\":470,\"height\":102,\"caption\":\"versiegelung24\"},\"image\":{\"@id\":\"https:\\\/\\\/www.versiegelung24.com\\\/lt\\\/#\\\/schema\\\/logo\\\/image\\\/\"}}]}<\/script>\n<meta property=\"og:availability\" content=\"instock\" \/>\n<meta property=\"product:availability\" content=\"instock\" \/>\n<meta property=\"product:retailer_item_id\" content=\"4007-695\" \/>\n<meta property=\"product:condition\" content=\"new\" \/>\n<!-- \/ Yoast SEO Premium plugin. -->","yoast_head_json":{"title":"Universalus sandariklis 695 \u201emink\u0161tiems\u201c \/ sugeriantiems pavir\u0161iams (akmuo +++, medis +++, tekstil\u0117 ++) - versiegelung24.com","robots":{"index":"index","follow":"follow","max-snippet":"max-snippet:-1","max-image-preview":"max-image-preview:large","max-video-preview":"max-video-preview:-1"},"canonical":"https:\/\/www.versiegelung24.com\/lt\/universalus-sandariklis-695-skirtas-minkstai-sugeriantiems-pavirsiams-akmens-medzio-tekstiles.html","og_locale":"lt_LT","og_type":"article","og_title":"Universalus sandariklis 695 \u201emink\u0161tiems\u201c \/ sugeriantiems pavir\u0161iams (akmuo +++, medis +++, tekstil\u0117 ++)","og_description":"Labai efektyvus profesionalus universalus sandariklis, skirtas sugeriantiems \/ \"mink\u0161tiems\" pavir\u0161iams: \u2713 Tekstil\u0117 \u2713 Akmuo \u2713 mediena \u2713 Lengvai valomas efektas","og_url":"https:\/\/www.versiegelung24.com\/lt\/universalus-sandariklis-695-skirtas-minkstai-sugeriantiems-pavirsiams-akmens-medzio-tekstiles.html","og_site_name":"versiegelung24.com","article_modified_time":"2025-04-12T09:47:53+00:00","og_image":[{"width":2560,"height":2560,"url":"https:\/\/www.versiegelung24.com\/wp-content\/uploads\/2020\/06\/produkt-4007-695-1000-Universalversiegelung-695-scaled.jpg","type":"image\/jpeg"}],"twitter_card":"summary_large_image","twitter_misc":{"Availability":"In stock"},"schema":{"@context":"https:\/\/schema.org","@graph":[{"@type":"WebPage","@id":"https:\/\/www.versiegelung24.com\/lt\/universalus-sandariklis-695-skirtas-minkstai-sugeriantiems-pavirsiams-akmens-medzio-tekstiles.html","url":"https:\/\/www.versiegelung24.com\/lt\/universalus-sandariklis-695-skirtas-minkstai-sugeriantiems-pavirsiams-akmens-medzio-tekstiles.html","name":"Universalus sandariklis 695 \u201emink\u0161tiems\u201c \/ sugeriantiems pavir\u0161iams (akmuo +++, medis +++, tekstil\u0117 ++) - versiegelung24.com","isPartOf":{"@id":"https:\/\/www.versiegelung24.com\/lt\/#website"},"primaryImageOfPage":{"@id":"https:\/\/www.versiegelung24.com\/lt\/universalus-sandariklis-695-skirtas-minkstai-sugeriantiems-pavirsiams-akmens-medzio-tekstiles.html#primaryimage"},"image":{"@id":"https:\/\/www.versiegelung24.com\/lt\/universalus-sandariklis-695-skirtas-minkstai-sugeriantiems-pavirsiams-akmens-medzio-tekstiles.html#primaryimage"},"thumbnailUrl":"https:\/\/www.versiegelung24.com\/wp-content\/uploads\/2020\/06\/produkt-4007-695-1000-Universalversiegelung-695-scaled.jpg","datePublished":"2021-08-02T19:33:09+00:00","dateModified":"2025-04-12T09:47:53+00:00","breadcrumb":{"@id":"https:\/\/www.versiegelung24.com\/lt\/universalus-sandariklis-695-skirtas-minkstai-sugeriantiems-pavirsiams-akmens-medzio-tekstiles.html#breadcrumb"},"inLanguage":"lt-LT","potentialAction":[{"@type":"ReadAction","target":["https:\/\/www.versiegelung24.com\/lt\/universalus-sandariklis-695-skirtas-minkstai-sugeriantiems-pavirsiams-akmens-medzio-tekstiles.html"]}]},{"@type":"ImageObject","inLanguage":"lt-LT","@id":"https:\/\/www.versiegelung24.com\/lt\/universalus-sandariklis-695-skirtas-minkstai-sugeriantiems-pavirsiams-akmens-medzio-tekstiles.html#primaryimage","url":"https:\/\/www.versiegelung24.com\/wp-content\/uploads\/2020\/06\/produkt-4007-695-1000-Universalversiegelung-695-scaled.jpg","contentUrl":"https:\/\/www.versiegelung24.com\/wp-content\/uploads\/2020\/06\/produkt-4007-695-1000-Universalversiegelung-695-scaled.jpg","width":2560,"height":2560},{"@type":"BreadcrumbList","@id":"https:\/\/www.versiegelung24.com\/lt\/universalus-sandariklis-695-skirtas-minkstai-sugeriantiems-pavirsiams-akmens-medzio-tekstiles.html#breadcrumb","itemListElement":[{"@type":"ListItem","position":1,"name":"Prad\u017eia","item":"https:\/\/www.versiegelung24.com\/lt\/priekinis\/"},{"@type":"ListItem","position":2,"name":"Parduotuv\u0117","item":"https:\/\/www.versiegelung24.com\/lt\/parduotuve-2\/"},{"@type":"ListItem","position":3,"name":"Universalus sandariklis 695 \u201emink\u0161tiems\u201c \/ sugeriantiems pavir\u0161iams (akmuo +++, medis +++, tekstil\u0117 ++)"}]},{"@type":"WebSite","@id":"https:\/\/www.versiegelung24.com\/lt\/#website","url":"https:\/\/www.versiegelung24.com\/lt\/","name":"versiegelung24.com","description":"Fl\u00fcssigglas-Versiegelung - Made in Germany","publisher":{"@id":"https:\/\/www.versiegelung24.com\/lt\/#organization"},"potentialAction":[{"@type":"SearchAction","target":{"@type":"EntryPoint","urlTemplate":"https:\/\/www.versiegelung24.com\/lt\/?s={search_term_string}"},"query-input":{"@type":"PropertyValueSpecification","valueRequired":true,"valueName":"search_term_string"}}],"inLanguage":"lt-LT"},{"@type":"Organization","@id":"https:\/\/www.versiegelung24.com\/lt\/#organization","name":"versiegelung24","url":"https:\/\/www.versiegelung24.com\/lt\/","logo":{"@type":"ImageObject","inLanguage":"lt-LT","@id":"https:\/\/www.versiegelung24.com\/lt\/#\/schema\/logo\/image\/","url":"https:\/\/www.versiegelung24.com\/wp-content\/uploads\/2020\/04\/versiegelung24.png","contentUrl":"https:\/\/www.versiegelung24.com\/wp-content\/uploads\/2020\/04\/versiegelung24.png","width":470,"height":102,"caption":"versiegelung24"},"image":{"@id":"https:\/\/www.versiegelung24.com\/lt\/#\/schema\/logo\/image\/"}}]},"og_availability":"instock","product_availability":"instock","product_retailer_item_id":"4007-695","product_condition":"new"},"_links":{"self":[{"href":"https:\/\/www.versiegelung24.com\/lt\/wp-json\/wp\/v2\/product\/23365","targetHints":{"allow":["GET"]}}],"collection":[{"href":"https:\/\/www.versiegelung24.com\/lt\/wp-json\/wp\/v2\/product"}],"about":[{"href":"https:\/\/www.versiegelung24.com\/lt\/wp-json\/wp\/v2\/types\/product"}],"version-history":[{"count":24,"href":"https:\/\/www.versiegelung24.com\/lt\/wp-json\/wp\/v2\/product\/23365\/revisions"}],"predecessor-version":[{"id":181436,"href":"https:\/\/www.versiegelung24.com\/lt\/wp-json\/wp\/v2\/product\/23365\/revisions\/181436"}],"wp:featuredmedia":[{"embeddable":true,"href":"https:\/\/www.versiegelung24.com\/lt\/wp-json\/wp\/v2\/media\/18326"}],"wp:attachment":[{"href":"https:\/\/www.versiegelung24.com\/lt\/wp-json\/wp\/v2\/media?parent=23365"}],"wp:term":[{"taxonomy":"product_brand","embeddable":true,"href":"https:\/\/www.versiegelung24.com\/lt\/wp-json\/wp\/v2\/product_brand?post=23365"},{"taxonomy":"product_cat","embeddable":true,"href":"https:\/\/www.versiegelung24.com\/lt\/wp-json\/wp\/v2\/product_cat?post=23365"},{"taxonomy":"product_tag","embeddable":true,"href":"https:\/\/www.versiegelung24.com\/lt\/wp-json\/wp\/v2\/product_tag?post=23365"}],"curies":[{"name":"wp","href":"https:\/\/api.w.org\/{rel}","templated":true}]}}