{"id":23482,"date":"2020-04-04T18:53:17","date_gmt":"2021-08-02T19:39:11","guid":{"rendered":"https:\/\/www.versiegelung24.com\/produkt\/5-litrai-bacoban-koncentrato-500-litru-ilgalaikei-pavirsiaus-dezinfekcijai"},"modified":"2025-01-13T16:36:41","modified_gmt":"2025-01-13T15:36:41","slug":"bacoban-ilgalaikis-pavirsiaus-dezinfekcijos-5-000ml-koncentratas-vandens-pagrindu","status":"publish","type":"product","link":"https:\/\/www.versiegelung24.com\/lt\/bacoban-ilgalaikis-pavirsiaus-dezinfekcijos-5-000ml-koncentratas-vandens-pagrindu.html","title":{"rendered":"5 litrai BACOBAN\u00ae koncentrato 500 litr\u0173 ilgalaikei pavir\u0161iaus dezinfekcijai"},"content":{"rendered":"\n<h2 class=\"wp-block-heading\" id=\"h-5-liter-kanister-bacoban-langzeit-flachendesinfektion-konzentrat\">5 litr\u0173 talpos BACOBAN\u00ae ilgalaikio pavir\u0161iaus dezinfekavimo koncentratas<\/h2>\n\n<p><strong>Pakanka 500 litr\u0173 dezinfekavimo priemon\u0117s (praskiesta vandeniu santykiu 1: 100)<\/strong><\/p>\n\n<p><strong>Atsargiai naudokite dezinfekavimo priemones. Prie\u0161 naudojim\u0105 visada perskaitykite etiket\u0119 ir produkto informacij\u0105.<\/strong><\/p>\n\n<hr \/>\n\n<h4 class=\"wp-block-heading\" id=\"properties\">Produkto savyb\u0117s<\/h4>\n\n<p><br \/>S<strong>ud\u0117tis:<\/strong> 100 g tirpalo yra:<br \/>Sudedamosios dalys pagal Reglament\u0105 (EB) Nr. 648\/2004: 15 % ir daugiau, bet ma\u017eiau kaip 30 % katijonini\u0173 pavir\u0161inio aktyvumo med\u017eiag\u0173, dezinfekcin\u0117s med\u017eiagos, kvapiosios med\u017eiagos (linalolis, limonenas, citralis, geraniolis, citronelolis).<\/p>\n<div class=\"wp-block-image\">\n<figure class=\"aligncenter size-large is-resized\"><img decoding=\"async\" src=\"https:\/\/www.versiegelung24.com\/wp-content\/uploads\/2022\/01\/desinfektion_tisch-1300x260.jpg\" alt=\"\" class=\"wp-image-59386\" width=\"1500\" srcset=\"https:\/\/www.versiegelung24.com\/wp-content\/uploads\/2022\/01\/desinfektion_tisch-1300x260.jpg 1300w, https:\/\/www.versiegelung24.com\/wp-content\/uploads\/2022\/01\/desinfektion_tisch-300x60.jpg 300w, https:\/\/www.versiegelung24.com\/wp-content\/uploads\/2022\/01\/desinfektion_tisch-768x154.jpg 768w, https:\/\/www.versiegelung24.com\/wp-content\/uploads\/2022\/01\/desinfektion_tisch-600x120.jpg 600w, https:\/\/www.versiegelung24.com\/wp-content\/uploads\/2022\/01\/desinfektion_tisch.jpg 1500w\" sizes=\"(max-width: 1300px) 100vw, 1300px\" \/><\/figure>\n<\/div>\n<hr \/>\n\n<h4 class=\"wp-block-heading\" id=\"application\">Parai\u0161ka<\/h4>\n\n<p>I\u0161eiti<strong> \u201eBacoban\u201c<\/strong><sup> \u00ae<\/sup><strong> WB<\/strong> Paruo\u0161kite naudojimui tirpal\u0105 pagal mai\u0161ymo lentel\u0119 ir pakankamai sudr\u0117kinkite pavir\u0161ius. Neplaukite ir netrinkite. \u0160vie\u017eiai paruo\u0161to darbinio tirpalo stov\u0117jimo laikas: 8 valandos<\/p>\n\n<figure class=\"wp-block-table\"><table><tbody><tr><td>Mai\u0161ymo stalas<\/td><\/tr><tr><td>Galutinis t\u016bris<\/td><td>0,5 %<\/td><td>1 %<\/td><td>2 %<\/td><td>3 %<\/td><\/tr><tr><td>1 litras<\/td><td>5 ml<\/td><td>10 ml<\/td><td>20 ml<\/td><td>30 ml<\/td><\/tr><tr><td>2 litrai<\/td><td>10 ml<\/td><td>20 ml<\/td><td>40 ml<\/td><td>60 ml<\/td><\/tr><tr><td>4 litrai<\/td><td>20 ml<\/td><td>40 ml<\/td><td>80 ml<\/td><td>120 ml<\/td><\/tr><tr><td>8 litrai<\/td><td>40 ml<\/td><td>80 ml<\/td><td>160 ml<\/td><td>240 ml<\/td><\/tr><tr><td>10 litr\u0173<\/td><td>50 ml<\/td><td>100 ml<\/td><td>200 ml<\/td><td>300 ml<\/td><\/tr><\/tbody><\/table><figcaption>mai\u0161ymo stalas<\/figcaption><\/figure>\n\n<p><br \/>Ilgalaikis antimikrobinis poveikis <strong>(remanenti\u0161kumo efektas<\/strong> ) iki <strong>10 dien\u0173<\/strong> (i\u0161bandyta pagal ASTM E 2180). Dermatologi\u0161kai i\u0161bandyta (*1 %): labai geras suderinamumas su oda.<\/p>\n\n<p><strong>Efektyvumas ir dozavimas:<\/strong><\/p>\n\n<div class=\"wp-block-columns is-layout-flex wp-container-core-columns-is-layout-9d6595d7 wp-block-columns-is-layout-flex\">\n<div class=\"wp-block-column is-layout-flow wp-block-column-is-layout-flow\">\n<p><br \/><br \/><br \/><br \/><br \/>Bandymas pagal DGHM rekomendacijas (didel\u0117 organin\u0117 apkrova): 1,5 %, 15 min.; 2,0 %, 5 min. Bandymas pagal EN rekomendacijas: DIN EN 1040: 0,25 %, 5 min. DIN EN 1275: 0,25 %, 5 min. DIN EN 1276: 0,75 %, 5 min.\/0,50 %, 15 min.<\/p>\n<\/div>\n\n\n\n<div class=\"wp-block-column is-layout-flow wp-block-column-is-layout-flow\">\n<p><br \/><br \/>DIN EN 1650: 0,50 %, 5 min\/0,25 %, 15 min DIN EN 13697: 0,50 %, 15 min EN 13727:<br \/><br \/><br \/><br \/>1 %, 5 min EN 13624: 1 %, 5 min DIN EN 14561: 3 %, 5 min, 0,5 %, 60 min DIN EN 14562: 0,5 %, 60 min Bandymas pagal DVV rekomendacijas: *(\u017dIV, HBV, HCV, herpesas, gripas, taip pat pauk\u0161\u010di\u0173 gripas, BVDV, vakcina), rotavirusas: 0,1 %, 5 min., adenovirusas: 2,0 %, 240 min.<\/p>\n<\/div>\n<\/div>\n\n<p><strong>Antimikrobinis poveikis i\u0161lieka iki 10 dien\u0173<\/strong> (i\u0161bandytas pagal ASTM E 2180)<\/p>\n\n<p><br \/>S<strong>varbu!<\/strong> Ilgalaikis antimikrobinis<sup>Bacoban\u00aeWB<\/sup>poveikis neturi lemti b\u016btin\u0173 dezinfekavimo priemoni\u0173 praleidimo matomo ir (arba) abejotino u\u017eter\u0161tumo atveju!<\/p>\n<div class=\"wp-block-image\">\n<figure class=\"aligncenter size-large is-resized\"><img decoding=\"async\" src=\"https:\/\/www.versiegelung24.com\/wp-content\/uploads\/2022\/01\/tuere_viren-1300x260.jpg\" alt=\"\" class=\"wp-image-59414\" width=\"1500\" srcset=\"https:\/\/www.versiegelung24.com\/wp-content\/uploads\/2022\/01\/tuere_viren-1300x260.jpg 1300w, https:\/\/www.versiegelung24.com\/wp-content\/uploads\/2022\/01\/tuere_viren-300x60.jpg 300w, https:\/\/www.versiegelung24.com\/wp-content\/uploads\/2022\/01\/tuere_viren-768x154.jpg 768w, https:\/\/www.versiegelung24.com\/wp-content\/uploads\/2022\/01\/tuere_viren-600x120.jpg 600w, https:\/\/www.versiegelung24.com\/wp-content\/uploads\/2022\/01\/tuere_viren.jpg 1500w\" sizes=\"(max-width: 1300px) 100vw, 1300px\" \/><\/figure>\n<\/div>\n<hr \/>\n\n<h4 class=\"wp-block-heading\" id=\"advisor\">Konsultantas<\/h4>\n\n<p><br \/>S<strong>augos informacija:<\/strong> Darbdavi\u0173 civilin\u0117s atsakomyb\u0117s draudimo asociacija nustato, kad dirbant su dezinfekcin\u0117mis med\u017eiagomis b\u016btina m\u016bv\u0117ti pir\u0161tines. Kenksminga nurijus. Sukelia sunkius odos nudegimus ir pa\u017eeid\u017eia akis. Labai toksi\u0161kas vandens organizmams. Toksi\u0161kas vandens organizmams, sukelia ilgalaik\u012f poveik\u012f. Naudodami produkt\u0105 nevalgykite, negerkite ir ner\u016bkykite. Prarijus: i\u0161skalaukite burn\u0105. NEPRIVALOMA sukelti v\u0117mimo. Jei lie\u010diasi su oda (arba plaukais): Nedelsiant nusivilkite visus u\u017eter\u0161tus drabu\u017eius. Nuplaukite od\u0105 vandeniu \/ du\u0161u. Patekus \u012f akis: kelias minutes atsargiai skalauti vandeniu. Jei \u012fmanoma, i\u0161imkite turimus kontaktinius l\u0119\u0161ius. T\u0119skite skalavim\u0105. Nedelsiant skambinkite \u012f apsinuodijim\u0173 centr\u0105 arba gydytojui. Jei reikia gydytojo konsultacijos, pasiruo\u0161kite pakuot\u0119 arba etiket\u0119. <br \/>Laikyti vaikams nepasiekiamoje vietoje. Naudoti tik su vandeniu ir pagal mai\u0161ymo lentel\u0119. Nenaudokite kartu su kitais valikliais ar dezinfekavimo priemon\u0117mis.<\/p>\n\n<div class=\"wp-block-columns is-layout-flex wp-container-core-columns-is-layout-9d6595d7 wp-block-columns-is-layout-flex\">\n<div class=\"wp-block-column is-layout-flow wp-block-column-is-layout-flow\">\n<p>Galima naudoti ant vis\u0173 pavir\u0161i\u0173. Jei <strong>pavir\u0161iai yra abejotinai jautr\u016bs, rekomenduojame atlikti atsparumo test\u0105<\/strong> nepastebimoje vietoje. Laikykite tik u\u017edarytoje talpykloje. Laikykite v\u0117sioje ir sausoje vietoje.<\/p>\n<\/div>\n\n\n\n<div class=\"wp-block-column is-layout-flow wp-block-column-is-layout-flow\">\n<p><strong>Konteiner\u012f galima perdirbti tik tada, kai jis yra visi\u0161kai tu\u0161\u010dias.<\/strong> Nenaudoti pasibaigus tinkamumo laikui. I\u0161meskite pagal vietos ir oficialias taisykles.<\/p>\n<\/div>\n<\/div>\n\n<p>Biocido reg. Nr.: N-28795 (D). 263\/17\/L (Lu)<\/p>\n\n<p>Pagal mai\u0161ymo lentel\u0119 <strong>paruo\u0161tam<\/strong> naudoti tirpalui pavojaus simbolis neb\u016btinas.<\/p>\n","protected":false},"excerpt":{"rendered":"<p><strong>Koncentratas 500 litr\u0173 vandens dezinfekavimo priemon\u0117s.<\/strong><\/p>\n","protected":false},"featured_media":15389,"template":"","meta":{"_acf_changed":false,"neve_meta_sidebar":"","neve_meta_container":"","neve_meta_enable_content_width":"","neve_meta_content_width":0,"neve_meta_title_alignment":"","neve_meta_author_avatar":"","neve_post_elements_order":"","neve_meta_disable_header":"","neve_meta_disable_footer":"","neve_meta_disable_title":"","neve_meta_reading_time":"","_surfaces":[],"_ver_product_tabs":[],"footnotes":""},"product_brand":[],"product_cat":[2245,2246,2247],"product_tag":[],"class_list":{"0":"post-23482","1":"product","2":"type-product","3":"status-publish","4":"has-post-thumbnail","6":"product_cat-dezinfekavimo-priemones","7":"product_cat-pavirsiaus-dezinfekavimo-priemones","8":"product_cat-dezinfekciniai-koncentratai","10":"first","11":"instock","12":"taxable","13":"shipping-taxable","14":"purchasable","15":"product-type-simple"},"acf":[],"yoast_head":"<!-- This site is optimized with the Yoast SEO Premium plugin v22.8 (Yoast SEO v27.5) - https:\/\/yoast.com\/product\/yoast-seo-premium-wordpress\/ -->\n<title>5 litrai BACOBAN\u00ae koncentrato 500 litr\u0173 ilgalaikei pavir\u0161iaus dezinfekcijai - versiegelung24.com<\/title>\n<meta name=\"robots\" content=\"index, follow, max-snippet:-1, max-image-preview:large, max-video-preview:-1\" \/>\n<link rel=\"canonical\" href=\"https:\/\/www.versiegelung24.com\/lt\/bacoban-ilgalaikis-pavirsiaus-dezinfekcijos-5-000ml-koncentratas-vandens-pagrindu.html\" \/>\n<meta property=\"og:locale\" content=\"lt_LT\" \/>\n<meta property=\"og:type\" content=\"article\" \/>\n<meta property=\"og:title\" content=\"5 litrai BACOBAN\u00ae koncentrato 500 litr\u0173 ilgalaikei pavir\u0161iaus dezinfekcijai\" \/>\n<meta property=\"og:description\" content=\"Koncentratas 500 litr\u0173 vandens dezinfekavimo priemon\u0117s.\" \/>\n<meta property=\"og:url\" content=\"https:\/\/www.versiegelung24.com\/lt\/bacoban-ilgalaikis-pavirsiaus-dezinfekcijos-5-000ml-koncentratas-vandens-pagrindu.html\" \/>\n<meta property=\"og:site_name\" content=\"versiegelung24.com\" \/>\n<meta property=\"article:modified_time\" content=\"2025-01-13T15:36:41+00:00\" \/>\n<meta property=\"og:image\" content=\"https:\/\/www.versiegelung24.com\/wp-content\/uploads\/2020\/05\/bacoban-bacwb5-1.png\" \/>\n\t<meta property=\"og:image:width\" content=\"2000\" \/>\n\t<meta property=\"og:image:height\" content=\"2000\" \/>\n\t<meta property=\"og:image:type\" content=\"image\/png\" \/>\n<meta name=\"twitter:card\" content=\"summary_large_image\" \/>\n<meta name=\"twitter:label1\" content=\"Price\" \/>\n\t<meta name=\"twitter:data1\" content=\"399,00&euro;\" \/>\n\t<meta name=\"twitter:label2\" content=\"Availability\" \/>\n\t<meta name=\"twitter:data2\" content=\"In stock\" \/>\n<script type=\"application\/ld+json\" class=\"yoast-schema-graph\">{\"@context\":\"https:\\\/\\\/schema.org\",\"@graph\":[{\"@type\":\"WebPage\",\"@id\":\"https:\\\/\\\/www.versiegelung24.com\\\/lt\\\/bacoban-ilgalaikis-pavirsiaus-dezinfekcijos-5-000ml-koncentratas-vandens-pagrindu.html\",\"url\":\"https:\\\/\\\/www.versiegelung24.com\\\/lt\\\/bacoban-ilgalaikis-pavirsiaus-dezinfekcijos-5-000ml-koncentratas-vandens-pagrindu.html\",\"name\":\"5 litrai BACOBAN\u00ae koncentrato 500 litr\u0173 ilgalaikei pavir\u0161iaus dezinfekcijai - versiegelung24.com\",\"isPartOf\":{\"@id\":\"https:\\\/\\\/www.versiegelung24.com\\\/lt\\\/#website\"},\"primaryImageOfPage\":{\"@id\":\"https:\\\/\\\/www.versiegelung24.com\\\/lt\\\/bacoban-ilgalaikis-pavirsiaus-dezinfekcijos-5-000ml-koncentratas-vandens-pagrindu.html#primaryimage\"},\"image\":{\"@id\":\"https:\\\/\\\/www.versiegelung24.com\\\/lt\\\/bacoban-ilgalaikis-pavirsiaus-dezinfekcijos-5-000ml-koncentratas-vandens-pagrindu.html#primaryimage\"},\"thumbnailUrl\":\"https:\\\/\\\/www.versiegelung24.com\\\/wp-content\\\/uploads\\\/2020\\\/05\\\/bacoban-bacwb5-1.png\",\"datePublished\":\"2021-08-02T19:39:11+00:00\",\"dateModified\":\"2025-01-13T15:36:41+00:00\",\"breadcrumb\":{\"@id\":\"https:\\\/\\\/www.versiegelung24.com\\\/lt\\\/bacoban-ilgalaikis-pavirsiaus-dezinfekcijos-5-000ml-koncentratas-vandens-pagrindu.html#breadcrumb\"},\"inLanguage\":\"lt-LT\",\"potentialAction\":[{\"@type\":\"ReadAction\",\"target\":[\"https:\\\/\\\/www.versiegelung24.com\\\/lt\\\/bacoban-ilgalaikis-pavirsiaus-dezinfekcijos-5-000ml-koncentratas-vandens-pagrindu.html\"]}]},{\"@type\":\"ImageObject\",\"inLanguage\":\"lt-LT\",\"@id\":\"https:\\\/\\\/www.versiegelung24.com\\\/lt\\\/bacoban-ilgalaikis-pavirsiaus-dezinfekcijos-5-000ml-koncentratas-vandens-pagrindu.html#primaryimage\",\"url\":\"https:\\\/\\\/www.versiegelung24.com\\\/wp-content\\\/uploads\\\/2020\\\/05\\\/bacoban-bacwb5-1.png\",\"contentUrl\":\"https:\\\/\\\/www.versiegelung24.com\\\/wp-content\\\/uploads\\\/2020\\\/05\\\/bacoban-bacwb5-1.png\",\"width\":2000,\"height\":2000},{\"@type\":\"BreadcrumbList\",\"@id\":\"https:\\\/\\\/www.versiegelung24.com\\\/lt\\\/bacoban-ilgalaikis-pavirsiaus-dezinfekcijos-5-000ml-koncentratas-vandens-pagrindu.html#breadcrumb\",\"itemListElement\":[{\"@type\":\"ListItem\",\"position\":1,\"name\":\"Prad\u017eia\",\"item\":\"https:\\\/\\\/www.versiegelung24.com\\\/lt\\\/priekinis\\\/\"},{\"@type\":\"ListItem\",\"position\":2,\"name\":\"Parduotuv\u0117\",\"item\":\"https:\\\/\\\/www.versiegelung24.com\\\/lt\\\/parduotuve-2\\\/\"},{\"@type\":\"ListItem\",\"position\":3,\"name\":\"5 litrai BACOBAN\u00ae koncentrato 500 litr\u0173 ilgalaikei pavir\u0161iaus dezinfekcijai\"}]},{\"@type\":\"WebSite\",\"@id\":\"https:\\\/\\\/www.versiegelung24.com\\\/lt\\\/#website\",\"url\":\"https:\\\/\\\/www.versiegelung24.com\\\/lt\\\/\",\"name\":\"versiegelung24.com\",\"description\":\"Fl\u00fcssigglas-Versiegelung - Made in Germany\",\"publisher\":{\"@id\":\"https:\\\/\\\/www.versiegelung24.com\\\/lt\\\/#organization\"},\"potentialAction\":[{\"@type\":\"SearchAction\",\"target\":{\"@type\":\"EntryPoint\",\"urlTemplate\":\"https:\\\/\\\/www.versiegelung24.com\\\/lt\\\/?s={search_term_string}\"},\"query-input\":{\"@type\":\"PropertyValueSpecification\",\"valueRequired\":true,\"valueName\":\"search_term_string\"}}],\"inLanguage\":\"lt-LT\"},{\"@type\":\"Organization\",\"@id\":\"https:\\\/\\\/www.versiegelung24.com\\\/lt\\\/#organization\",\"name\":\"versiegelung24\",\"url\":\"https:\\\/\\\/www.versiegelung24.com\\\/lt\\\/\",\"logo\":{\"@type\":\"ImageObject\",\"inLanguage\":\"lt-LT\",\"@id\":\"https:\\\/\\\/www.versiegelung24.com\\\/lt\\\/#\\\/schema\\\/logo\\\/image\\\/\",\"url\":\"https:\\\/\\\/www.versiegelung24.com\\\/wp-content\\\/uploads\\\/2020\\\/04\\\/versiegelung24.png\",\"contentUrl\":\"https:\\\/\\\/www.versiegelung24.com\\\/wp-content\\\/uploads\\\/2020\\\/04\\\/versiegelung24.png\",\"width\":470,\"height\":102,\"caption\":\"versiegelung24\"},\"image\":{\"@id\":\"https:\\\/\\\/www.versiegelung24.com\\\/lt\\\/#\\\/schema\\\/logo\\\/image\\\/\"}}]}<\/script>\n<meta property=\"product:price:amount\" content=\"399.00\" \/>\n<meta property=\"product:price:currency\" content=\"EUR\" \/>\n<meta property=\"og:availability\" content=\"instock\" \/>\n<meta property=\"product:availability\" content=\"instock\" \/>\n<meta property=\"product:retailer_item_id\" content=\"BACWB5\" \/>\n<meta property=\"product:condition\" content=\"new\" \/>\n<!-- \/ Yoast SEO Premium plugin. -->","yoast_head_json":{"title":"5 litrai BACOBAN\u00ae koncentrato 500 litr\u0173 ilgalaikei pavir\u0161iaus dezinfekcijai - versiegelung24.com","robots":{"index":"index","follow":"follow","max-snippet":"max-snippet:-1","max-image-preview":"max-image-preview:large","max-video-preview":"max-video-preview:-1"},"canonical":"https:\/\/www.versiegelung24.com\/lt\/bacoban-ilgalaikis-pavirsiaus-dezinfekcijos-5-000ml-koncentratas-vandens-pagrindu.html","og_locale":"lt_LT","og_type":"article","og_title":"5 litrai BACOBAN\u00ae koncentrato 500 litr\u0173 ilgalaikei pavir\u0161iaus dezinfekcijai","og_description":"Koncentratas 500 litr\u0173 vandens dezinfekavimo priemon\u0117s.","og_url":"https:\/\/www.versiegelung24.com\/lt\/bacoban-ilgalaikis-pavirsiaus-dezinfekcijos-5-000ml-koncentratas-vandens-pagrindu.html","og_site_name":"versiegelung24.com","article_modified_time":"2025-01-13T15:36:41+00:00","og_image":[{"width":2000,"height":2000,"url":"https:\/\/www.versiegelung24.com\/wp-content\/uploads\/2020\/05\/bacoban-bacwb5-1.png","type":"image\/png"}],"twitter_card":"summary_large_image","twitter_misc":{"Price":"399,00&euro;","Availability":"In stock"},"schema":{"@context":"https:\/\/schema.org","@graph":[{"@type":"WebPage","@id":"https:\/\/www.versiegelung24.com\/lt\/bacoban-ilgalaikis-pavirsiaus-dezinfekcijos-5-000ml-koncentratas-vandens-pagrindu.html","url":"https:\/\/www.versiegelung24.com\/lt\/bacoban-ilgalaikis-pavirsiaus-dezinfekcijos-5-000ml-koncentratas-vandens-pagrindu.html","name":"5 litrai BACOBAN\u00ae koncentrato 500 litr\u0173 ilgalaikei pavir\u0161iaus dezinfekcijai - versiegelung24.com","isPartOf":{"@id":"https:\/\/www.versiegelung24.com\/lt\/#website"},"primaryImageOfPage":{"@id":"https:\/\/www.versiegelung24.com\/lt\/bacoban-ilgalaikis-pavirsiaus-dezinfekcijos-5-000ml-koncentratas-vandens-pagrindu.html#primaryimage"},"image":{"@id":"https:\/\/www.versiegelung24.com\/lt\/bacoban-ilgalaikis-pavirsiaus-dezinfekcijos-5-000ml-koncentratas-vandens-pagrindu.html#primaryimage"},"thumbnailUrl":"https:\/\/www.versiegelung24.com\/wp-content\/uploads\/2020\/05\/bacoban-bacwb5-1.png","datePublished":"2021-08-02T19:39:11+00:00","dateModified":"2025-01-13T15:36:41+00:00","breadcrumb":{"@id":"https:\/\/www.versiegelung24.com\/lt\/bacoban-ilgalaikis-pavirsiaus-dezinfekcijos-5-000ml-koncentratas-vandens-pagrindu.html#breadcrumb"},"inLanguage":"lt-LT","potentialAction":[{"@type":"ReadAction","target":["https:\/\/www.versiegelung24.com\/lt\/bacoban-ilgalaikis-pavirsiaus-dezinfekcijos-5-000ml-koncentratas-vandens-pagrindu.html"]}]},{"@type":"ImageObject","inLanguage":"lt-LT","@id":"https:\/\/www.versiegelung24.com\/lt\/bacoban-ilgalaikis-pavirsiaus-dezinfekcijos-5-000ml-koncentratas-vandens-pagrindu.html#primaryimage","url":"https:\/\/www.versiegelung24.com\/wp-content\/uploads\/2020\/05\/bacoban-bacwb5-1.png","contentUrl":"https:\/\/www.versiegelung24.com\/wp-content\/uploads\/2020\/05\/bacoban-bacwb5-1.png","width":2000,"height":2000},{"@type":"BreadcrumbList","@id":"https:\/\/www.versiegelung24.com\/lt\/bacoban-ilgalaikis-pavirsiaus-dezinfekcijos-5-000ml-koncentratas-vandens-pagrindu.html#breadcrumb","itemListElement":[{"@type":"ListItem","position":1,"name":"Prad\u017eia","item":"https:\/\/www.versiegelung24.com\/lt\/priekinis\/"},{"@type":"ListItem","position":2,"name":"Parduotuv\u0117","item":"https:\/\/www.versiegelung24.com\/lt\/parduotuve-2\/"},{"@type":"ListItem","position":3,"name":"5 litrai BACOBAN\u00ae koncentrato 500 litr\u0173 ilgalaikei pavir\u0161iaus dezinfekcijai"}]},{"@type":"WebSite","@id":"https:\/\/www.versiegelung24.com\/lt\/#website","url":"https:\/\/www.versiegelung24.com\/lt\/","name":"versiegelung24.com","description":"Fl\u00fcssigglas-Versiegelung - Made in Germany","publisher":{"@id":"https:\/\/www.versiegelung24.com\/lt\/#organization"},"potentialAction":[{"@type":"SearchAction","target":{"@type":"EntryPoint","urlTemplate":"https:\/\/www.versiegelung24.com\/lt\/?s={search_term_string}"},"query-input":{"@type":"PropertyValueSpecification","valueRequired":true,"valueName":"search_term_string"}}],"inLanguage":"lt-LT"},{"@type":"Organization","@id":"https:\/\/www.versiegelung24.com\/lt\/#organization","name":"versiegelung24","url":"https:\/\/www.versiegelung24.com\/lt\/","logo":{"@type":"ImageObject","inLanguage":"lt-LT","@id":"https:\/\/www.versiegelung24.com\/lt\/#\/schema\/logo\/image\/","url":"https:\/\/www.versiegelung24.com\/wp-content\/uploads\/2020\/04\/versiegelung24.png","contentUrl":"https:\/\/www.versiegelung24.com\/wp-content\/uploads\/2020\/04\/versiegelung24.png","width":470,"height":102,"caption":"versiegelung24"},"image":{"@id":"https:\/\/www.versiegelung24.com\/lt\/#\/schema\/logo\/image\/"}}]},"product_price_amount":"399.00","product_price_currency":"EUR","og_availability":"instock","product_availability":"instock","product_retailer_item_id":"BACWB5","product_condition":"new"},"_links":{"self":[{"href":"https:\/\/www.versiegelung24.com\/lt\/wp-json\/wp\/v2\/product\/23482","targetHints":{"allow":["GET"]}}],"collection":[{"href":"https:\/\/www.versiegelung24.com\/lt\/wp-json\/wp\/v2\/product"}],"about":[{"href":"https:\/\/www.versiegelung24.com\/lt\/wp-json\/wp\/v2\/types\/product"}],"version-history":[{"count":25,"href":"https:\/\/www.versiegelung24.com\/lt\/wp-json\/wp\/v2\/product\/23482\/revisions"}],"predecessor-version":[{"id":180509,"href":"https:\/\/www.versiegelung24.com\/lt\/wp-json\/wp\/v2\/product\/23482\/revisions\/180509"}],"wp:featuredmedia":[{"embeddable":true,"href":"https:\/\/www.versiegelung24.com\/lt\/wp-json\/wp\/v2\/media\/15389"}],"wp:attachment":[{"href":"https:\/\/www.versiegelung24.com\/lt\/wp-json\/wp\/v2\/media?parent=23482"}],"wp:term":[{"taxonomy":"product_brand","embeddable":true,"href":"https:\/\/www.versiegelung24.com\/lt\/wp-json\/wp\/v2\/product_brand?post=23482"},{"taxonomy":"product_cat","embeddable":true,"href":"https:\/\/www.versiegelung24.com\/lt\/wp-json\/wp\/v2\/product_cat?post=23482"},{"taxonomy":"product_tag","embeddable":true,"href":"https:\/\/www.versiegelung24.com\/lt\/wp-json\/wp\/v2\/product_tag?post=23482"}],"curies":[{"name":"wp","href":"https:\/\/api.w.org\/{rel}","templated":true}]}}