{"id":23529,"date":"2020-04-04T18:53:42","date_gmt":"2020-04-04T16:53:42","guid":{"rendered":"https:\/\/www.versiegelung24.com\/produkt\/auksciausios-kokybes-stiklo-ir-keramikos-sandarinimas-pasizymintis-ypatingu-patvarumu"},"modified":"2025-01-03T23:44:31","modified_gmt":"2025-01-03T22:44:31","slug":"auksciausios-kokybes-sandarinimas-stiklui-ir-keramikai-pasizymintis-ypatingu-patvarumu","status":"publish","type":"product","link":"https:\/\/www.versiegelung24.com\/lt\/auksciausios-kokybes-sandarinimas-stiklui-ir-keramikai-pasizymintis-ypatingu-patvarumu.html","title":{"rendered":"Auk\u0161\u010diausios kokyb\u0117s stiklo ir keramikos sandariklis, pasi\u017eymintis ypatingu patvarumu"},"content":{"rendered":"\n<p><strong>Itin efektyvus stiklo ir keramikos sandarinimas visiems pavir\u0161iams, ant kuri\u0173 norima pasiekti kuo ilgesn\u012f ilgaam\u017ei\u0161kum\u0105, pvz., lang\u0173 stiklai, stiklo fasadai, \u012f\u0117jimo durys (iki 3 met\u0173) ir kt., su lotoso efektu (atstumiantis vanden\u012f), vidaus ir lauke<\/strong> .<\/p>\n\n<p>Prek\u0117s numeris: 1003-7601 &#8211; Auk\u0161ta kokyb\u0117 Pagaminta Vokietijoje.<\/p>\n\n<div class=\"wp-block-columns is-layout-flex wp-container-core-columns-is-layout-9d6595d7 wp-block-columns-is-layout-flex\">\n<div class=\"wp-block-column is-layout-flow wp-block-column-is-layout-flow\">\n<figure class=\"wp-block-embed is-type-video is-provider-youtube wp-block-embed-youtube wp-embed-aspect-16-9 wp-has-aspect-ratio\"><div class=\"wp-block-embed__wrapper\"> \n<div class=\"nv-iframe-embed\"><iframe title=\"(Nano-)Versiegelungen f\u00fcrs Badezimmer, die wirklich halten! Versiegelung24.com\" width=\"1200\" height=\"675\" src=\"https:\/\/www.youtube.com\/embed\/l6YldCwuye0?feature=oembed\" frameborder=\"0\" allow=\"accelerometer; autoplay; clipboard-write; encrypted-media; gyroscope; picture-in-picture; web-share\" referrerpolicy=\"strict-origin-when-cross-origin\" allowfullscreen><\/iframe><\/div>\n <\/div><\/figure>\n<\/div>\n\n\n\n<div class=\"wp-block-column is-layout-flow wp-block-column-is-layout-flow\">\n<figure class=\"wp-block-embed is-type-video is-provider-youtube wp-block-embed-youtube wp-embed-aspect-16-9 wp-has-aspect-ratio\"><div class=\"wp-block-embed__wrapper\"> \n<div class=\"nv-iframe-embed\"><iframe title=\"Kalk in der Dusche entfernen und mit einer Glasversiegelung vorbeugen!\" width=\"1200\" height=\"675\" src=\"https:\/\/www.youtube.com\/embed\/vnJHIGeb_7I?feature=oembed\" frameborder=\"0\" allow=\"accelerometer; autoplay; clipboard-write; encrypted-media; gyroscope; picture-in-picture; web-share\" referrerpolicy=\"strict-origin-when-cross-origin\" allowfullscreen><\/iframe><\/div>\n <\/div><\/figure>\n<\/div>\n<\/div>\n\n<hr\/>\n\n<h4 class=\"wp-block-heading\" id=\"properties\">Produkto savyb\u0117s<\/h4>\n\n<div class=\"wp-block-columns is-layout-flex wp-container-core-columns-is-layout-9d6595d7 wp-block-columns-is-layout-flex\">\n<div class=\"wp-block-column is-layout-flow wp-block-column-is-layout-flow\">\n<ul class=\"wp-block-list\" id=\"block-fbfff1f6-f7fb-4162-9feb-4a71c2f1f5b7\">\n<li>Puikus lengvai valomas purvo ir kalki\u0173 nuos\u0117d\u0173 poveikis<\/li>\n\n\n\n<li>Labai stiprus hidrofobinis ir oleofobinis poveikis (vandens ir alyvos atst\u016bmimas)<\/li>\n\n\n\n<li>Labai didelis atsparumas dilimui d\u0117l SiO\u00b2 nano technologijos<\/li>\n\n\n\n<li>Atsparus chemin\u0117ms valymo priemon\u0117ms (iki pH 12)<\/li>\n\n\n\n<li>Ilgaam\u017ei\u0161kumas: iki 3-5 met\u0173 (priklausomai nuo naudojimo)<\/li>\n<\/ul>\n<\/div>\n\n\n\n<div class=\"wp-block-column is-layout-flow wp-block-column-is-layout-flow\">\n<ul class=\"wp-block-list\" id=\"block-da198c4e-3517-4612-b9e4-86eb030d8594\">\n<li>Suma\u017eina mikroorganizm\u0173 ir bakterij\u0173 dauginim\u0105si ir taip pagerina higien\u0105<\/li>\n\n\n\n<li>UV stabilus \/ atsparus \u0161al\u010diui \/ atsparus s\u016briam vandeniui \/ nematomas (sluoksnio storis: 100-150 nm)<\/li>\n\n\n\n<li>Savaiminio valymo efektas ant vertikali\u0173 stiklo pavir\u0161i\u0173 lietaus metu<\/li>\n\n\n\n<li>I\u0161laidos, laikas ir energija sutaupoma d\u0117l ilg\u0173 valymo cikl\u0173<\/li>\n<\/ul>\n\n\n\n<p><br\/><br\/><br\/>Pristatymo apimtis: 1 x litrinis butelis 1 x siurblio pur\u0161kimo galvut\u0117 1 x produkto apra\u0161ymas<\/p>\n<\/div>\n<\/div>\n\n<figure class=\"wp-block-image size-large is-resized\"><img fetchpriority=\"high\" decoding=\"async\" width=\"1300\" height=\"260\" src=\"https:\/\/www.versiegelung24.com\/wp-content\/uploads\/2022\/01\/bad_glas-1300x260.jpg\" alt=\"\" class=\"wp-image-59538\" style=\"width:1500px\" srcset=\"https:\/\/www.versiegelung24.com\/wp-content\/uploads\/2022\/01\/bad_glas-1300x260.jpg 1300w, https:\/\/www.versiegelung24.com\/wp-content\/uploads\/2022\/01\/bad_glas-300x60.jpg 300w, https:\/\/www.versiegelung24.com\/wp-content\/uploads\/2022\/01\/bad_glas-768x154.jpg 768w, https:\/\/www.versiegelung24.com\/wp-content\/uploads\/2022\/01\/bad_glas-600x120.jpg 600w, https:\/\/www.versiegelung24.com\/wp-content\/uploads\/2022\/01\/bad_glas.jpg 1500w\" sizes=\"(max-width: 1300px) 100vw, 1300px\" \/><\/figure>\n\n<h4 class=\"wp-block-heading\" id=\"application\">Parai\u0161ka<\/h4>\n\n<div class=\"wp-block-columns is-layout-flex wp-container-core-columns-is-layout-9d6595d7 wp-block-columns-is-layout-flex\">\n<div class=\"wp-block-column is-layout-flow wp-block-column-is-layout-flow\">\n<ul class=\"wp-block-list\">\n<li>Lang\u0173 stiklas (viduje ir i\u0161or\u0117je)<\/li>\n\n\n\n<li>Stikliniai pavir\u0161iai sanitarin\u0117je zonoje (veidrod\u017eiai, du\u0161o kabinos)<\/li>\n\n\n\n<li>Statybinis stiklas (\u017eiemos sodai, \u0161iltnamiai, stogeliai, sien\u0173 stiklinimas)<\/li>\n<\/ul>\n<\/div>\n\n\n\n<div class=\"wp-block-column is-layout-flow wp-block-column-is-layout-flow\">\n<ul class=\"wp-block-list\">\n<li>Glaz\u016bruotos grind\u0173 ir sien\u0173 plytel\u0117s<\/li>\n\n\n\n<li>\u012estiklinti keraminiai pavir\u0161iai (tualetai, kriaukl\u0117s, kriaukl\u0117s, vonios)<\/li>\n<\/ul>\n\n\n\n<p>S\u0105naudos priklauso nuo pavir\u0161iaus strukt\u016bros apie 100-200m\u00b2\/l.<\/p>\n<\/div>\n<\/div>\n\n<p><\/p>\n","protected":false},"excerpt":{"rendered":"<p><strong>Profesionalios kokyb\u0117s auk\u0161\u010diausios kokyb\u0117s stiklo ir keramikos sandarinimas:<\/strong><\/p>\n<p>\u2713 su ypatingu patvarumu<\/p>\n<p>\u2713Pagaminta Vokietijoje<\/p>\n","protected":false},"featured_media":17756,"template":"","meta":{"_acf_changed":false,"neve_meta_sidebar":"","neve_meta_container":"","neve_meta_enable_content_width":"","neve_meta_content_width":0,"neve_meta_title_alignment":"","neve_meta_author_avatar":"","neve_post_elements_order":"","neve_meta_disable_header":"","neve_meta_disable_footer":"","neve_meta_disable_title":"","neve_meta_reading_time":"","_surfaces":[],"_ver_product_tabs":[],"footnotes":""},"product_brand":[],"product_cat":[2217],"product_tag":[],"class_list":{"0":"post-23529","1":"product","2":"type-product","3":"status-publish","4":"has-post-thumbnail","6":"product_cat-sandarinimas-stiklui-ir-keramikai","7":"pa_gebinde-1000-ml-buteliukas","8":"pa_gebinde-20l-kanistras","10":"first","11":"instock","12":"taxable","13":"shipping-taxable","14":"purchasable","15":"product-type-variable","16":"has-default-attributes"},"acf":[],"yoast_head":"<!-- This site is optimized with the Yoast SEO Premium plugin v22.8 (Yoast SEO v27.5) - https:\/\/yoast.com\/product\/yoast-seo-premium-wordpress\/ -->\n<title>Auk\u0161\u010diausios kokyb\u0117s stiklo ir keramikos sandariklis, pasi\u017eymintis ypatingu patvarumu - versiegelung24.com<\/title>\n<meta name=\"robots\" content=\"index, follow, max-snippet:-1, max-image-preview:large, max-video-preview:-1\" \/>\n<link rel=\"canonical\" href=\"https:\/\/www.versiegelung24.com\/lt\/auksciausios-kokybes-sandarinimas-stiklui-ir-keramikai-pasizymintis-ypatingu-patvarumu.html\" \/>\n<meta property=\"og:locale\" content=\"lt_LT\" \/>\n<meta property=\"og:type\" content=\"article\" \/>\n<meta property=\"og:title\" content=\"Auk\u0161\u010diausios kokyb\u0117s stiklo ir keramikos sandariklis, pasi\u017eymintis ypatingu patvarumu\" \/>\n<meta property=\"og:description\" content=\"Profesionalios kokyb\u0117s auk\u0161\u010diausios kokyb\u0117s stiklo ir keramikos sandarinimas: \u2713 su ypatingu patvarumu \u2713Pagaminta Vokietijoje\" \/>\n<meta property=\"og:url\" content=\"https:\/\/www.versiegelung24.com\/lt\/auksciausios-kokybes-sandarinimas-stiklui-ir-keramikai-pasizymintis-ypatingu-patvarumu.html\" \/>\n<meta property=\"og:site_name\" content=\"versiegelung24.com\" \/>\n<meta property=\"article:modified_time\" content=\"2025-01-03T22:44:31+00:00\" \/>\n<meta property=\"og:image\" content=\"https:\/\/www.versiegelung24.com\/wp-content\/uploads\/2020\/06\/produkt-1003-7601-1000-Premium-Versiegelung-Glas-Keramik-scaled.jpg\" \/>\n\t<meta property=\"og:image:width\" content=\"2560\" \/>\n\t<meta property=\"og:image:height\" content=\"2560\" \/>\n\t<meta property=\"og:image:type\" content=\"image\/jpeg\" \/>\n<meta name=\"twitter:card\" content=\"summary_large_image\" \/>\n<meta name=\"twitter:label1\" content=\"Availability\" \/>\n\t<meta name=\"twitter:data1\" content=\"In stock\" \/>\n<script type=\"application\/ld+json\" class=\"yoast-schema-graph\">{\"@context\":\"https:\\\/\\\/schema.org\",\"@graph\":[{\"@type\":\"WebPage\",\"@id\":\"https:\\\/\\\/www.versiegelung24.com\\\/lt\\\/auksciausios-kokybes-sandarinimas-stiklui-ir-keramikai-pasizymintis-ypatingu-patvarumu.html\",\"url\":\"https:\\\/\\\/www.versiegelung24.com\\\/lt\\\/auksciausios-kokybes-sandarinimas-stiklui-ir-keramikai-pasizymintis-ypatingu-patvarumu.html\",\"name\":\"Auk\u0161\u010diausios kokyb\u0117s stiklo ir keramikos sandariklis, pasi\u017eymintis ypatingu patvarumu - versiegelung24.com\",\"isPartOf\":{\"@id\":\"https:\\\/\\\/www.versiegelung24.com\\\/lt\\\/#website\"},\"primaryImageOfPage\":{\"@id\":\"https:\\\/\\\/www.versiegelung24.com\\\/lt\\\/auksciausios-kokybes-sandarinimas-stiklui-ir-keramikai-pasizymintis-ypatingu-patvarumu.html#primaryimage\"},\"image\":{\"@id\":\"https:\\\/\\\/www.versiegelung24.com\\\/lt\\\/auksciausios-kokybes-sandarinimas-stiklui-ir-keramikai-pasizymintis-ypatingu-patvarumu.html#primaryimage\"},\"thumbnailUrl\":\"https:\\\/\\\/www.versiegelung24.com\\\/wp-content\\\/uploads\\\/2020\\\/06\\\/produkt-1003-7601-1000-Premium-Versiegelung-Glas-Keramik-scaled.jpg\",\"datePublished\":\"2020-04-04T16:53:42+00:00\",\"dateModified\":\"2025-01-03T22:44:31+00:00\",\"breadcrumb\":{\"@id\":\"https:\\\/\\\/www.versiegelung24.com\\\/lt\\\/auksciausios-kokybes-sandarinimas-stiklui-ir-keramikai-pasizymintis-ypatingu-patvarumu.html#breadcrumb\"},\"inLanguage\":\"lt-LT\",\"potentialAction\":[{\"@type\":\"ReadAction\",\"target\":[\"https:\\\/\\\/www.versiegelung24.com\\\/lt\\\/auksciausios-kokybes-sandarinimas-stiklui-ir-keramikai-pasizymintis-ypatingu-patvarumu.html\"]}]},{\"@type\":\"ImageObject\",\"inLanguage\":\"lt-LT\",\"@id\":\"https:\\\/\\\/www.versiegelung24.com\\\/lt\\\/auksciausios-kokybes-sandarinimas-stiklui-ir-keramikai-pasizymintis-ypatingu-patvarumu.html#primaryimage\",\"url\":\"https:\\\/\\\/www.versiegelung24.com\\\/wp-content\\\/uploads\\\/2020\\\/06\\\/produkt-1003-7601-1000-Premium-Versiegelung-Glas-Keramik-scaled.jpg\",\"contentUrl\":\"https:\\\/\\\/www.versiegelung24.com\\\/wp-content\\\/uploads\\\/2020\\\/06\\\/produkt-1003-7601-1000-Premium-Versiegelung-Glas-Keramik-scaled.jpg\",\"width\":2560,\"height\":2560},{\"@type\":\"BreadcrumbList\",\"@id\":\"https:\\\/\\\/www.versiegelung24.com\\\/lt\\\/auksciausios-kokybes-sandarinimas-stiklui-ir-keramikai-pasizymintis-ypatingu-patvarumu.html#breadcrumb\",\"itemListElement\":[{\"@type\":\"ListItem\",\"position\":1,\"name\":\"Prad\u017eia\",\"item\":\"https:\\\/\\\/www.versiegelung24.com\\\/lt\\\/priekinis\\\/\"},{\"@type\":\"ListItem\",\"position\":2,\"name\":\"Parduotuv\u0117\",\"item\":\"https:\\\/\\\/www.versiegelung24.com\\\/lt\\\/parduotuve-2\\\/\"},{\"@type\":\"ListItem\",\"position\":3,\"name\":\"Auk\u0161\u010diausios kokyb\u0117s stiklo ir keramikos sandariklis, pasi\u017eymintis ypatingu patvarumu\"}]},{\"@type\":\"WebSite\",\"@id\":\"https:\\\/\\\/www.versiegelung24.com\\\/lt\\\/#website\",\"url\":\"https:\\\/\\\/www.versiegelung24.com\\\/lt\\\/\",\"name\":\"versiegelung24.com\",\"description\":\"Fl\u00fcssigglas-Versiegelung - Made in Germany\",\"publisher\":{\"@id\":\"https:\\\/\\\/www.versiegelung24.com\\\/lt\\\/#organization\"},\"potentialAction\":[{\"@type\":\"SearchAction\",\"target\":{\"@type\":\"EntryPoint\",\"urlTemplate\":\"https:\\\/\\\/www.versiegelung24.com\\\/lt\\\/?s={search_term_string}\"},\"query-input\":{\"@type\":\"PropertyValueSpecification\",\"valueRequired\":true,\"valueName\":\"search_term_string\"}}],\"inLanguage\":\"lt-LT\"},{\"@type\":\"Organization\",\"@id\":\"https:\\\/\\\/www.versiegelung24.com\\\/lt\\\/#organization\",\"name\":\"versiegelung24\",\"url\":\"https:\\\/\\\/www.versiegelung24.com\\\/lt\\\/\",\"logo\":{\"@type\":\"ImageObject\",\"inLanguage\":\"lt-LT\",\"@id\":\"https:\\\/\\\/www.versiegelung24.com\\\/lt\\\/#\\\/schema\\\/logo\\\/image\\\/\",\"url\":\"https:\\\/\\\/www.versiegelung24.com\\\/wp-content\\\/uploads\\\/2020\\\/04\\\/versiegelung24.png\",\"contentUrl\":\"https:\\\/\\\/www.versiegelung24.com\\\/wp-content\\\/uploads\\\/2020\\\/04\\\/versiegelung24.png\",\"width\":470,\"height\":102,\"caption\":\"versiegelung24\"},\"image\":{\"@id\":\"https:\\\/\\\/www.versiegelung24.com\\\/lt\\\/#\\\/schema\\\/logo\\\/image\\\/\"}}]}<\/script>\n<meta property=\"og:availability\" content=\"instock\" \/>\n<meta property=\"product:availability\" content=\"instock\" \/>\n<meta property=\"product:retailer_item_id\" content=\"1003-7601\" \/>\n<meta property=\"product:condition\" content=\"new\" \/>\n<!-- \/ Yoast SEO Premium plugin. -->","yoast_head_json":{"title":"Auk\u0161\u010diausios kokyb\u0117s stiklo ir keramikos sandariklis, pasi\u017eymintis ypatingu patvarumu - versiegelung24.com","robots":{"index":"index","follow":"follow","max-snippet":"max-snippet:-1","max-image-preview":"max-image-preview:large","max-video-preview":"max-video-preview:-1"},"canonical":"https:\/\/www.versiegelung24.com\/lt\/auksciausios-kokybes-sandarinimas-stiklui-ir-keramikai-pasizymintis-ypatingu-patvarumu.html","og_locale":"lt_LT","og_type":"article","og_title":"Auk\u0161\u010diausios kokyb\u0117s stiklo ir keramikos sandariklis, pasi\u017eymintis ypatingu patvarumu","og_description":"Profesionalios kokyb\u0117s auk\u0161\u010diausios kokyb\u0117s stiklo ir keramikos sandarinimas: \u2713 su ypatingu patvarumu \u2713Pagaminta Vokietijoje","og_url":"https:\/\/www.versiegelung24.com\/lt\/auksciausios-kokybes-sandarinimas-stiklui-ir-keramikai-pasizymintis-ypatingu-patvarumu.html","og_site_name":"versiegelung24.com","article_modified_time":"2025-01-03T22:44:31+00:00","og_image":[{"width":2560,"height":2560,"url":"https:\/\/www.versiegelung24.com\/wp-content\/uploads\/2020\/06\/produkt-1003-7601-1000-Premium-Versiegelung-Glas-Keramik-scaled.jpg","type":"image\/jpeg"}],"twitter_card":"summary_large_image","twitter_misc":{"Availability":"In stock"},"schema":{"@context":"https:\/\/schema.org","@graph":[{"@type":"WebPage","@id":"https:\/\/www.versiegelung24.com\/lt\/auksciausios-kokybes-sandarinimas-stiklui-ir-keramikai-pasizymintis-ypatingu-patvarumu.html","url":"https:\/\/www.versiegelung24.com\/lt\/auksciausios-kokybes-sandarinimas-stiklui-ir-keramikai-pasizymintis-ypatingu-patvarumu.html","name":"Auk\u0161\u010diausios kokyb\u0117s stiklo ir keramikos sandariklis, pasi\u017eymintis ypatingu patvarumu - versiegelung24.com","isPartOf":{"@id":"https:\/\/www.versiegelung24.com\/lt\/#website"},"primaryImageOfPage":{"@id":"https:\/\/www.versiegelung24.com\/lt\/auksciausios-kokybes-sandarinimas-stiklui-ir-keramikai-pasizymintis-ypatingu-patvarumu.html#primaryimage"},"image":{"@id":"https:\/\/www.versiegelung24.com\/lt\/auksciausios-kokybes-sandarinimas-stiklui-ir-keramikai-pasizymintis-ypatingu-patvarumu.html#primaryimage"},"thumbnailUrl":"https:\/\/www.versiegelung24.com\/wp-content\/uploads\/2020\/06\/produkt-1003-7601-1000-Premium-Versiegelung-Glas-Keramik-scaled.jpg","datePublished":"2020-04-04T16:53:42+00:00","dateModified":"2025-01-03T22:44:31+00:00","breadcrumb":{"@id":"https:\/\/www.versiegelung24.com\/lt\/auksciausios-kokybes-sandarinimas-stiklui-ir-keramikai-pasizymintis-ypatingu-patvarumu.html#breadcrumb"},"inLanguage":"lt-LT","potentialAction":[{"@type":"ReadAction","target":["https:\/\/www.versiegelung24.com\/lt\/auksciausios-kokybes-sandarinimas-stiklui-ir-keramikai-pasizymintis-ypatingu-patvarumu.html"]}]},{"@type":"ImageObject","inLanguage":"lt-LT","@id":"https:\/\/www.versiegelung24.com\/lt\/auksciausios-kokybes-sandarinimas-stiklui-ir-keramikai-pasizymintis-ypatingu-patvarumu.html#primaryimage","url":"https:\/\/www.versiegelung24.com\/wp-content\/uploads\/2020\/06\/produkt-1003-7601-1000-Premium-Versiegelung-Glas-Keramik-scaled.jpg","contentUrl":"https:\/\/www.versiegelung24.com\/wp-content\/uploads\/2020\/06\/produkt-1003-7601-1000-Premium-Versiegelung-Glas-Keramik-scaled.jpg","width":2560,"height":2560},{"@type":"BreadcrumbList","@id":"https:\/\/www.versiegelung24.com\/lt\/auksciausios-kokybes-sandarinimas-stiklui-ir-keramikai-pasizymintis-ypatingu-patvarumu.html#breadcrumb","itemListElement":[{"@type":"ListItem","position":1,"name":"Prad\u017eia","item":"https:\/\/www.versiegelung24.com\/lt\/priekinis\/"},{"@type":"ListItem","position":2,"name":"Parduotuv\u0117","item":"https:\/\/www.versiegelung24.com\/lt\/parduotuve-2\/"},{"@type":"ListItem","position":3,"name":"Auk\u0161\u010diausios kokyb\u0117s stiklo ir keramikos sandariklis, pasi\u017eymintis ypatingu patvarumu"}]},{"@type":"WebSite","@id":"https:\/\/www.versiegelung24.com\/lt\/#website","url":"https:\/\/www.versiegelung24.com\/lt\/","name":"versiegelung24.com","description":"Fl\u00fcssigglas-Versiegelung - Made in Germany","publisher":{"@id":"https:\/\/www.versiegelung24.com\/lt\/#organization"},"potentialAction":[{"@type":"SearchAction","target":{"@type":"EntryPoint","urlTemplate":"https:\/\/www.versiegelung24.com\/lt\/?s={search_term_string}"},"query-input":{"@type":"PropertyValueSpecification","valueRequired":true,"valueName":"search_term_string"}}],"inLanguage":"lt-LT"},{"@type":"Organization","@id":"https:\/\/www.versiegelung24.com\/lt\/#organization","name":"versiegelung24","url":"https:\/\/www.versiegelung24.com\/lt\/","logo":{"@type":"ImageObject","inLanguage":"lt-LT","@id":"https:\/\/www.versiegelung24.com\/lt\/#\/schema\/logo\/image\/","url":"https:\/\/www.versiegelung24.com\/wp-content\/uploads\/2020\/04\/versiegelung24.png","contentUrl":"https:\/\/www.versiegelung24.com\/wp-content\/uploads\/2020\/04\/versiegelung24.png","width":470,"height":102,"caption":"versiegelung24"},"image":{"@id":"https:\/\/www.versiegelung24.com\/lt\/#\/schema\/logo\/image\/"}}]},"og_availability":"instock","product_availability":"instock","product_retailer_item_id":"1003-7601","product_condition":"new"},"_links":{"self":[{"href":"https:\/\/www.versiegelung24.com\/lt\/wp-json\/wp\/v2\/product\/23529","targetHints":{"allow":["GET"]}}],"collection":[{"href":"https:\/\/www.versiegelung24.com\/lt\/wp-json\/wp\/v2\/product"}],"about":[{"href":"https:\/\/www.versiegelung24.com\/lt\/wp-json\/wp\/v2\/types\/product"}],"version-history":[{"count":28,"href":"https:\/\/www.versiegelung24.com\/lt\/wp-json\/wp\/v2\/product\/23529\/revisions"}],"predecessor-version":[{"id":177601,"href":"https:\/\/www.versiegelung24.com\/lt\/wp-json\/wp\/v2\/product\/23529\/revisions\/177601"}],"wp:featuredmedia":[{"embeddable":true,"href":"https:\/\/www.versiegelung24.com\/lt\/wp-json\/wp\/v2\/media\/17756"}],"wp:attachment":[{"href":"https:\/\/www.versiegelung24.com\/lt\/wp-json\/wp\/v2\/media?parent=23529"}],"wp:term":[{"taxonomy":"product_brand","embeddable":true,"href":"https:\/\/www.versiegelung24.com\/lt\/wp-json\/wp\/v2\/product_brand?post=23529"},{"taxonomy":"product_cat","embeddable":true,"href":"https:\/\/www.versiegelung24.com\/lt\/wp-json\/wp\/v2\/product_cat?post=23529"},{"taxonomy":"product_tag","embeddable":true,"href":"https:\/\/www.versiegelung24.com\/lt\/wp-json\/wp\/v2\/product_tag?post=23529"}],"curies":[{"name":"wp","href":"https:\/\/api.w.org\/{rel}","templated":true}]}}