{"id":23533,"date":"2020-04-04T18:53:44","date_gmt":"2021-08-02T19:42:38","guid":{"rendered":"https:\/\/www.versiegelung24.com\/produkt\/universalus-sandariklis-673-skirtas-kietiems-nesugeriantiems-pavirsiams-dazai-plastikas-stiklas-keramika-metalas-nerudijantis-plienas"},"modified":"2025-01-04T00:14:10","modified_gmt":"2025-01-03T23:14:10","slug":"universalus-sandariklis-673-kietiems-neabsorbuojantiems-pavirsiams-lakai-plastikas-stiklas-keramika-metalas-nerudijantis-plienas","status":"publish","type":"product","link":"https:\/\/www.versiegelung24.com\/lt\/universalus-sandariklis-673-kietiems-neabsorbuojantiems-pavirsiams-lakai-plastikas-stiklas-keramika-metalas-nerudijantis-plienas.html","title":{"rendered":"Universalus sandariklis 673 skirtas \u201ekietiems\u201c \/ nesugeriantiems pavir\u0161iams (da\u017eai \/ plastikas +++, stiklas \/ keramika ++, metalas \/ ner\u016bdijantis plienas ++)"},"content":{"rendered":"\n<p><strong>Universalus sandarinimas \u201ekietiems\u201c \/ nesugeriantiems pavir\u0161iams profesionalios kokyb\u0117s &#8211; Pagaminta Vokietijoje<\/strong><\/p>\n\n<p>Idealiai tinka plastikams ir da\u017eytiems pavir\u0161iams (sluoksniuoti), taip pat gali b\u016bti naudojamas ant stiklo \/ keramikos; Metalas ir ner\u016bdijantis plienas<\/p>\n\n<p>Prek\u0117s numeris: 4004-673<\/p>\n\n<p>Auk\u0161tos kokyb\u0117s Pagaminta Vokietijoje<\/p>\n\n<p><strong>V24 universalus sandariklis 4004-673<\/strong> yra alkoholio pagrindu sukurta sistema, sukurianti laikin\u0105 lengvai valom\u0105 efekt\u0105 ant stiklo ir keramikos pavir\u0161i\u0173 bei tam tikr\u0173 metalini\u0173 pavir\u0161i\u0173 (chromo, ner\u016bdijan\u010dio plieno, aliuminio). Nubraukta med\u017eiaga ant pavir\u0161iaus sudaro plon\u0105 pl\u0117vel\u0119, kuri suma\u017eina ne\u0161varum\u0173 ir pa\u0161alini\u0173 med\u017eiag\u0173 sukibim\u0105 ir leid\u017eia vandeniui tiesiog nuried\u0117ti. Padengti pavir\u0161iai yra ypa\u010d lengvai valomi ir ma\u017eiau ne\u0161var\u016bs.<\/p>\n\n<hr\/>\n\n<h4 class=\"wp-block-heading\" id=\"properties\">Produkto savyb\u0117s<\/h4>\n\n<div class=\"wp-block-columns is-layout-flex wp-container-core-columns-is-layout-9d6595d7 wp-block-columns-is-layout-flex\">\n<div class=\"wp-block-column is-layout-flow wp-block-column-is-layout-flow\">\n<figure class=\"wp-block-table is-style-stripes\"><table><tbody><tr><td class=\"has-text-align-center\" data-align=\"center\">Chemija:<\/td><td class=\"has-text-align-center\" data-align=\"center\">Neorganinis-organinis polimeras, be halogen\u0173, be fluoro<\/td><\/tr><tr><td class=\"has-text-align-center\" data-align=\"center\">Apib\u016bdinimas:<\/td><td class=\"has-text-align-center\" data-align=\"center\">Universalus sandariklis<\/td><\/tr><tr><td class=\"has-text-align-center\" data-align=\"center\">I\u0161vaizda:<\/td><td class=\"has-text-align-center\" data-align=\"center\">Skystas, bespalvis \u2013 ro\u017einis<\/td><\/tr><tr><td class=\"has-text-align-center\" data-align=\"center\">Skiedimas: <\/td><td class=\"has-text-align-center\" data-align=\"center\">Atskiestas paruo\u0161tas naudojimui<\/td><\/tr><tr><td class=\"has-text-align-center\" data-align=\"center\">Koncentracija: <\/td><td class=\"has-text-align-center\" data-align=\"center\">0,5-1,5% mas\u0117s<\/td><\/tr><tr><td class=\"has-text-align-center\" data-align=\"center\">Tvarkymas:<\/td><td class=\"has-text-align-center\" data-align=\"center\">Svarbi\u0105 informacij\u0105 apie naudojim\u0105 ir saug\u0105 rasite dabartiniame saugos duomen\u0173 lape. Apdorojimo metu reikia naudoti tinkamas asmenines apsaugos priemones.<\/td><\/tr><\/tbody><\/table><\/figure>\n<\/div>\n\n\n\n<div class=\"wp-block-column is-layout-flow wp-block-column-is-layout-flow\">\n<p><br\/><br\/>Pristatymo apimtis: 1 x litrinis butelis 1 x siurblio purk\u0161tuko galvut\u0117<\/p>\n<\/div>\n<\/div>\n\n<hr\/>\n\n<h4 class=\"wp-block-heading\" id=\"h-ratgeber\">Konsultantas<\/h4>\n\n<p>M\u016bs\u0173 universal\u016bs sandarikliai ypa\u010d tinka \u201epasidaryk pats\u201c sektoriui.<\/p>\n\n<p>Jie derina profesional\u0173 veikimo b\u016bd\u0105 ant skirting\u0173 pavir\u0161i\u0173 ir lengv\u0105 valdym\u0105 dengiant. Ir visa tai nereikalaujant didesni\u0173 kokyb\u0117s kompromis\u0173.<\/p>\n\n<p>Tokiu b\u016bdu, naudojant vien\u0105 universal\u0173 sandarikl\u012f, galima aplikuoti ant keli\u0173 med\u017eiag\u0173, taip pat galima pasiekti auk\u0161tos kokyb\u0117s efekt\u0105 ir ilg\u0105 patvarum\u0105.<\/p>\n\n<p>Ta\u010diau komerciniams ir pramoniniams tikslams, kai reikia pasiekti auk\u0161\u010diausi\u0105 \u012fmanom\u0105 konkretaus pavir\u0161iaus eksploatacini\u0173 savybi\u0173 lyg\u012f, rekomenduojame naudoti m\u016bs\u0173 specialias \u0161io pavir\u0161iaus apdailas.<\/p>\n","protected":false},"excerpt":{"rendered":"<p><strong>Labai veiksminga profesionali universali glaistymo priemon\u0117, skirta &#8220;kietiems&#8221; \/ ne\u012fgeriantiems pavir\u0161iams, pvz:<\/strong><\/p>\n<p>\u2713 Stiklas<\/p>\n<p>\u2713 Keraminiai pavir\u0161iai<\/p>\n<p>\u2713 Plastikiniai pavir\u0161iai<\/p>\n<p>\u2713 Metaliniai pavir\u0161iai<\/p>\n<p>\u2713 Lengvai valomas efektas<\/p>\n","protected":false},"featured_media":18222,"template":"","meta":{"_acf_changed":false,"neve_meta_sidebar":"","neve_meta_container":"","neve_meta_enable_content_width":"","neve_meta_content_width":0,"neve_meta_title_alignment":"","neve_meta_author_avatar":"","neve_post_elements_order":"","neve_meta_disable_header":"","neve_meta_disable_footer":"","neve_meta_disable_title":"","neve_meta_reading_time":"","_surfaces":[],"_ver_product_tabs":[],"footnotes":""},"product_brand":[],"product_cat":[2480],"product_tag":[],"class_list":{"0":"post-23533","1":"product","2":"type-product","3":"status-publish","4":"has-post-thumbnail","6":"product_cat-universalus-sandariklis","8":"first","9":"instock","10":"taxable","11":"shipping-taxable","12":"purchasable","13":"product-type-simple"},"acf":[],"yoast_head":"<!-- This site is optimized with the Yoast SEO Premium plugin v22.8 (Yoast SEO v27.5) - https:\/\/yoast.com\/product\/yoast-seo-premium-wordpress\/ -->\n<title>Universalus sandariklis 673 skirtas \u201ekietiems\u201c \/ nesugeriantiems pavir\u0161iams (da\u017eai \/ plastikas +++, stiklas \/ keramika ++, metalas \/ ner\u016bdijantis plienas ++) - versiegelung24.com<\/title>\n<meta name=\"robots\" content=\"index, follow, max-snippet:-1, max-image-preview:large, max-video-preview:-1\" \/>\n<link rel=\"canonical\" href=\"https:\/\/www.versiegelung24.com\/lt\/universalus-sandariklis-673-kietiems-neabsorbuojantiems-pavirsiams-lakai-plastikas-stiklas-keramika-metalas-nerudijantis-plienas.html\" \/>\n<meta property=\"og:locale\" content=\"lt_LT\" \/>\n<meta property=\"og:type\" content=\"article\" \/>\n<meta property=\"og:title\" content=\"Universalus sandariklis 673 skirtas \u201ekietiems\u201c \/ nesugeriantiems pavir\u0161iams (da\u017eai \/ plastikas +++, stiklas \/ keramika ++, metalas \/ ner\u016bdijantis plienas ++)\" \/>\n<meta property=\"og:description\" content=\"Labai veiksminga profesionali universali glaistymo priemon\u0117, skirta &quot;kietiems&quot; \/ ne\u012fgeriantiems pavir\u0161iams, pvz: \u2713 Stiklas \u2713 Keraminiai pavir\u0161iai \u2713 Plastikiniai pavir\u0161iai \u2713 Metaliniai pavir\u0161iai \u2713 Lengvai valomas efektas\" \/>\n<meta property=\"og:url\" content=\"https:\/\/www.versiegelung24.com\/lt\/universalus-sandariklis-673-kietiems-neabsorbuojantiems-pavirsiams-lakai-plastikas-stiklas-keramika-metalas-nerudijantis-plienas.html\" \/>\n<meta property=\"og:site_name\" content=\"versiegelung24.com\" \/>\n<meta property=\"article:modified_time\" content=\"2025-01-03T23:14:10+00:00\" \/>\n<meta property=\"og:image\" content=\"https:\/\/www.versiegelung24.com\/wp-content\/uploads\/2020\/06\/produkt-4004-673-1000-Universalversiegelung-673-scaled.jpg\" \/>\n\t<meta property=\"og:image:width\" content=\"2560\" \/>\n\t<meta property=\"og:image:height\" content=\"2560\" \/>\n\t<meta property=\"og:image:type\" content=\"image\/jpeg\" \/>\n<meta name=\"twitter:card\" content=\"summary_large_image\" \/>\n<meta name=\"twitter:label1\" content=\"Price\" \/>\n\t<meta name=\"twitter:data1\" content=\"99,00&euro;\" \/>\n\t<meta name=\"twitter:label2\" content=\"Availability\" \/>\n\t<meta name=\"twitter:data2\" content=\"In stock\" \/>\n<script type=\"application\/ld+json\" class=\"yoast-schema-graph\">{\"@context\":\"https:\\\/\\\/schema.org\",\"@graph\":[{\"@type\":\"WebPage\",\"@id\":\"https:\\\/\\\/www.versiegelung24.com\\\/lt\\\/universalus-sandariklis-673-kietiems-neabsorbuojantiems-pavirsiams-lakai-plastikas-stiklas-keramika-metalas-nerudijantis-plienas.html\",\"url\":\"https:\\\/\\\/www.versiegelung24.com\\\/lt\\\/universalus-sandariklis-673-kietiems-neabsorbuojantiems-pavirsiams-lakai-plastikas-stiklas-keramika-metalas-nerudijantis-plienas.html\",\"name\":\"Universalus sandariklis 673 skirtas \u201ekietiems\u201c \\\/ nesugeriantiems pavir\u0161iams (da\u017eai \\\/ plastikas +++, stiklas \\\/ keramika ++, metalas \\\/ ner\u016bdijantis plienas ++) - versiegelung24.com\",\"isPartOf\":{\"@id\":\"https:\\\/\\\/www.versiegelung24.com\\\/lt\\\/#website\"},\"primaryImageOfPage\":{\"@id\":\"https:\\\/\\\/www.versiegelung24.com\\\/lt\\\/universalus-sandariklis-673-kietiems-neabsorbuojantiems-pavirsiams-lakai-plastikas-stiklas-keramika-metalas-nerudijantis-plienas.html#primaryimage\"},\"image\":{\"@id\":\"https:\\\/\\\/www.versiegelung24.com\\\/lt\\\/universalus-sandariklis-673-kietiems-neabsorbuojantiems-pavirsiams-lakai-plastikas-stiklas-keramika-metalas-nerudijantis-plienas.html#primaryimage\"},\"thumbnailUrl\":\"https:\\\/\\\/www.versiegelung24.com\\\/wp-content\\\/uploads\\\/2020\\\/06\\\/produkt-4004-673-1000-Universalversiegelung-673-scaled.jpg\",\"datePublished\":\"2021-08-02T19:42:38+00:00\",\"dateModified\":\"2025-01-03T23:14:10+00:00\",\"breadcrumb\":{\"@id\":\"https:\\\/\\\/www.versiegelung24.com\\\/lt\\\/universalus-sandariklis-673-kietiems-neabsorbuojantiems-pavirsiams-lakai-plastikas-stiklas-keramika-metalas-nerudijantis-plienas.html#breadcrumb\"},\"inLanguage\":\"lt-LT\",\"potentialAction\":[{\"@type\":\"ReadAction\",\"target\":[\"https:\\\/\\\/www.versiegelung24.com\\\/lt\\\/universalus-sandariklis-673-kietiems-neabsorbuojantiems-pavirsiams-lakai-plastikas-stiklas-keramika-metalas-nerudijantis-plienas.html\"]}]},{\"@type\":\"ImageObject\",\"inLanguage\":\"lt-LT\",\"@id\":\"https:\\\/\\\/www.versiegelung24.com\\\/lt\\\/universalus-sandariklis-673-kietiems-neabsorbuojantiems-pavirsiams-lakai-plastikas-stiklas-keramika-metalas-nerudijantis-plienas.html#primaryimage\",\"url\":\"https:\\\/\\\/www.versiegelung24.com\\\/wp-content\\\/uploads\\\/2020\\\/06\\\/produkt-4004-673-1000-Universalversiegelung-673-scaled.jpg\",\"contentUrl\":\"https:\\\/\\\/www.versiegelung24.com\\\/wp-content\\\/uploads\\\/2020\\\/06\\\/produkt-4004-673-1000-Universalversiegelung-673-scaled.jpg\",\"width\":2560,\"height\":2560},{\"@type\":\"BreadcrumbList\",\"@id\":\"https:\\\/\\\/www.versiegelung24.com\\\/lt\\\/universalus-sandariklis-673-kietiems-neabsorbuojantiems-pavirsiams-lakai-plastikas-stiklas-keramika-metalas-nerudijantis-plienas.html#breadcrumb\",\"itemListElement\":[{\"@type\":\"ListItem\",\"position\":1,\"name\":\"Prad\u017eia\",\"item\":\"https:\\\/\\\/www.versiegelung24.com\\\/lt\\\/priekinis\\\/\"},{\"@type\":\"ListItem\",\"position\":2,\"name\":\"Parduotuv\u0117\",\"item\":\"https:\\\/\\\/www.versiegelung24.com\\\/lt\\\/parduotuve-2\\\/\"},{\"@type\":\"ListItem\",\"position\":3,\"name\":\"Universalus sandariklis 673 skirtas \u201ekietiems\u201c \\\/ nesugeriantiems pavir\u0161iams (da\u017eai \\\/ plastikas +++, stiklas \\\/ keramika ++, metalas \\\/ ner\u016bdijantis plienas ++)\"}]},{\"@type\":\"WebSite\",\"@id\":\"https:\\\/\\\/www.versiegelung24.com\\\/lt\\\/#website\",\"url\":\"https:\\\/\\\/www.versiegelung24.com\\\/lt\\\/\",\"name\":\"versiegelung24.com\",\"description\":\"Fl\u00fcssigglas-Versiegelung - Made in Germany\",\"publisher\":{\"@id\":\"https:\\\/\\\/www.versiegelung24.com\\\/lt\\\/#organization\"},\"potentialAction\":[{\"@type\":\"SearchAction\",\"target\":{\"@type\":\"EntryPoint\",\"urlTemplate\":\"https:\\\/\\\/www.versiegelung24.com\\\/lt\\\/?s={search_term_string}\"},\"query-input\":{\"@type\":\"PropertyValueSpecification\",\"valueRequired\":true,\"valueName\":\"search_term_string\"}}],\"inLanguage\":\"lt-LT\"},{\"@type\":\"Organization\",\"@id\":\"https:\\\/\\\/www.versiegelung24.com\\\/lt\\\/#organization\",\"name\":\"versiegelung24\",\"url\":\"https:\\\/\\\/www.versiegelung24.com\\\/lt\\\/\",\"logo\":{\"@type\":\"ImageObject\",\"inLanguage\":\"lt-LT\",\"@id\":\"https:\\\/\\\/www.versiegelung24.com\\\/lt\\\/#\\\/schema\\\/logo\\\/image\\\/\",\"url\":\"https:\\\/\\\/www.versiegelung24.com\\\/wp-content\\\/uploads\\\/2020\\\/04\\\/versiegelung24.png\",\"contentUrl\":\"https:\\\/\\\/www.versiegelung24.com\\\/wp-content\\\/uploads\\\/2020\\\/04\\\/versiegelung24.png\",\"width\":470,\"height\":102,\"caption\":\"versiegelung24\"},\"image\":{\"@id\":\"https:\\\/\\\/www.versiegelung24.com\\\/lt\\\/#\\\/schema\\\/logo\\\/image\\\/\"}}]}<\/script>\n<meta property=\"product:price:amount\" content=\"99.00\" \/>\n<meta property=\"product:price:currency\" content=\"EUR\" \/>\n<meta property=\"og:availability\" content=\"instock\" \/>\n<meta property=\"product:availability\" content=\"instock\" \/>\n<meta property=\"product:retailer_item_id\" content=\"4004-673-1000\" \/>\n<meta property=\"product:condition\" content=\"new\" \/>\n<!-- \/ Yoast SEO Premium plugin. -->","yoast_head_json":{"title":"Universalus sandariklis 673 skirtas \u201ekietiems\u201c \/ nesugeriantiems pavir\u0161iams (da\u017eai \/ plastikas +++, stiklas \/ keramika ++, metalas \/ ner\u016bdijantis plienas ++) - versiegelung24.com","robots":{"index":"index","follow":"follow","max-snippet":"max-snippet:-1","max-image-preview":"max-image-preview:large","max-video-preview":"max-video-preview:-1"},"canonical":"https:\/\/www.versiegelung24.com\/lt\/universalus-sandariklis-673-kietiems-neabsorbuojantiems-pavirsiams-lakai-plastikas-stiklas-keramika-metalas-nerudijantis-plienas.html","og_locale":"lt_LT","og_type":"article","og_title":"Universalus sandariklis 673 skirtas \u201ekietiems\u201c \/ nesugeriantiems pavir\u0161iams (da\u017eai \/ plastikas +++, stiklas \/ keramika ++, metalas \/ ner\u016bdijantis plienas ++)","og_description":"Labai veiksminga profesionali universali glaistymo priemon\u0117, skirta \"kietiems\" \/ ne\u012fgeriantiems pavir\u0161iams, pvz: \u2713 Stiklas \u2713 Keraminiai pavir\u0161iai \u2713 Plastikiniai pavir\u0161iai \u2713 Metaliniai pavir\u0161iai \u2713 Lengvai valomas efektas","og_url":"https:\/\/www.versiegelung24.com\/lt\/universalus-sandariklis-673-kietiems-neabsorbuojantiems-pavirsiams-lakai-plastikas-stiklas-keramika-metalas-nerudijantis-plienas.html","og_site_name":"versiegelung24.com","article_modified_time":"2025-01-03T23:14:10+00:00","og_image":[{"width":2560,"height":2560,"url":"https:\/\/www.versiegelung24.com\/wp-content\/uploads\/2020\/06\/produkt-4004-673-1000-Universalversiegelung-673-scaled.jpg","type":"image\/jpeg"}],"twitter_card":"summary_large_image","twitter_misc":{"Price":"99,00&euro;","Availability":"In stock"},"schema":{"@context":"https:\/\/schema.org","@graph":[{"@type":"WebPage","@id":"https:\/\/www.versiegelung24.com\/lt\/universalus-sandariklis-673-kietiems-neabsorbuojantiems-pavirsiams-lakai-plastikas-stiklas-keramika-metalas-nerudijantis-plienas.html","url":"https:\/\/www.versiegelung24.com\/lt\/universalus-sandariklis-673-kietiems-neabsorbuojantiems-pavirsiams-lakai-plastikas-stiklas-keramika-metalas-nerudijantis-plienas.html","name":"Universalus sandariklis 673 skirtas \u201ekietiems\u201c \/ nesugeriantiems pavir\u0161iams (da\u017eai \/ plastikas +++, stiklas \/ keramika ++, metalas \/ ner\u016bdijantis plienas ++) - versiegelung24.com","isPartOf":{"@id":"https:\/\/www.versiegelung24.com\/lt\/#website"},"primaryImageOfPage":{"@id":"https:\/\/www.versiegelung24.com\/lt\/universalus-sandariklis-673-kietiems-neabsorbuojantiems-pavirsiams-lakai-plastikas-stiklas-keramika-metalas-nerudijantis-plienas.html#primaryimage"},"image":{"@id":"https:\/\/www.versiegelung24.com\/lt\/universalus-sandariklis-673-kietiems-neabsorbuojantiems-pavirsiams-lakai-plastikas-stiklas-keramika-metalas-nerudijantis-plienas.html#primaryimage"},"thumbnailUrl":"https:\/\/www.versiegelung24.com\/wp-content\/uploads\/2020\/06\/produkt-4004-673-1000-Universalversiegelung-673-scaled.jpg","datePublished":"2021-08-02T19:42:38+00:00","dateModified":"2025-01-03T23:14:10+00:00","breadcrumb":{"@id":"https:\/\/www.versiegelung24.com\/lt\/universalus-sandariklis-673-kietiems-neabsorbuojantiems-pavirsiams-lakai-plastikas-stiklas-keramika-metalas-nerudijantis-plienas.html#breadcrumb"},"inLanguage":"lt-LT","potentialAction":[{"@type":"ReadAction","target":["https:\/\/www.versiegelung24.com\/lt\/universalus-sandariklis-673-kietiems-neabsorbuojantiems-pavirsiams-lakai-plastikas-stiklas-keramika-metalas-nerudijantis-plienas.html"]}]},{"@type":"ImageObject","inLanguage":"lt-LT","@id":"https:\/\/www.versiegelung24.com\/lt\/universalus-sandariklis-673-kietiems-neabsorbuojantiems-pavirsiams-lakai-plastikas-stiklas-keramika-metalas-nerudijantis-plienas.html#primaryimage","url":"https:\/\/www.versiegelung24.com\/wp-content\/uploads\/2020\/06\/produkt-4004-673-1000-Universalversiegelung-673-scaled.jpg","contentUrl":"https:\/\/www.versiegelung24.com\/wp-content\/uploads\/2020\/06\/produkt-4004-673-1000-Universalversiegelung-673-scaled.jpg","width":2560,"height":2560},{"@type":"BreadcrumbList","@id":"https:\/\/www.versiegelung24.com\/lt\/universalus-sandariklis-673-kietiems-neabsorbuojantiems-pavirsiams-lakai-plastikas-stiklas-keramika-metalas-nerudijantis-plienas.html#breadcrumb","itemListElement":[{"@type":"ListItem","position":1,"name":"Prad\u017eia","item":"https:\/\/www.versiegelung24.com\/lt\/priekinis\/"},{"@type":"ListItem","position":2,"name":"Parduotuv\u0117","item":"https:\/\/www.versiegelung24.com\/lt\/parduotuve-2\/"},{"@type":"ListItem","position":3,"name":"Universalus sandariklis 673 skirtas \u201ekietiems\u201c \/ nesugeriantiems pavir\u0161iams (da\u017eai \/ plastikas +++, stiklas \/ keramika ++, metalas \/ ner\u016bdijantis plienas ++)"}]},{"@type":"WebSite","@id":"https:\/\/www.versiegelung24.com\/lt\/#website","url":"https:\/\/www.versiegelung24.com\/lt\/","name":"versiegelung24.com","description":"Fl\u00fcssigglas-Versiegelung - Made in Germany","publisher":{"@id":"https:\/\/www.versiegelung24.com\/lt\/#organization"},"potentialAction":[{"@type":"SearchAction","target":{"@type":"EntryPoint","urlTemplate":"https:\/\/www.versiegelung24.com\/lt\/?s={search_term_string}"},"query-input":{"@type":"PropertyValueSpecification","valueRequired":true,"valueName":"search_term_string"}}],"inLanguage":"lt-LT"},{"@type":"Organization","@id":"https:\/\/www.versiegelung24.com\/lt\/#organization","name":"versiegelung24","url":"https:\/\/www.versiegelung24.com\/lt\/","logo":{"@type":"ImageObject","inLanguage":"lt-LT","@id":"https:\/\/www.versiegelung24.com\/lt\/#\/schema\/logo\/image\/","url":"https:\/\/www.versiegelung24.com\/wp-content\/uploads\/2020\/04\/versiegelung24.png","contentUrl":"https:\/\/www.versiegelung24.com\/wp-content\/uploads\/2020\/04\/versiegelung24.png","width":470,"height":102,"caption":"versiegelung24"},"image":{"@id":"https:\/\/www.versiegelung24.com\/lt\/#\/schema\/logo\/image\/"}}]},"product_price_amount":"99.00","product_price_currency":"EUR","og_availability":"instock","product_availability":"instock","product_retailer_item_id":"4004-673-1000","product_condition":"new"},"_links":{"self":[{"href":"https:\/\/www.versiegelung24.com\/lt\/wp-json\/wp\/v2\/product\/23533","targetHints":{"allow":["GET"]}}],"collection":[{"href":"https:\/\/www.versiegelung24.com\/lt\/wp-json\/wp\/v2\/product"}],"about":[{"href":"https:\/\/www.versiegelung24.com\/lt\/wp-json\/wp\/v2\/types\/product"}],"version-history":[{"count":17,"href":"https:\/\/www.versiegelung24.com\/lt\/wp-json\/wp\/v2\/product\/23533\/revisions"}],"predecessor-version":[{"id":177907,"href":"https:\/\/www.versiegelung24.com\/lt\/wp-json\/wp\/v2\/product\/23533\/revisions\/177907"}],"wp:featuredmedia":[{"embeddable":true,"href":"https:\/\/www.versiegelung24.com\/lt\/wp-json\/wp\/v2\/media\/18222"}],"wp:attachment":[{"href":"https:\/\/www.versiegelung24.com\/lt\/wp-json\/wp\/v2\/media?parent=23533"}],"wp:term":[{"taxonomy":"product_brand","embeddable":true,"href":"https:\/\/www.versiegelung24.com\/lt\/wp-json\/wp\/v2\/product_brand?post=23533"},{"taxonomy":"product_cat","embeddable":true,"href":"https:\/\/www.versiegelung24.com\/lt\/wp-json\/wp\/v2\/product_cat?post=23533"},{"taxonomy":"product_tag","embeddable":true,"href":"https:\/\/www.versiegelung24.com\/lt\/wp-json\/wp\/v2\/product_tag?post=23533"}],"curies":[{"name":"wp","href":"https:\/\/api.w.org\/{rel}","templated":true}]}}