{"id":23629,"date":"2020-04-04T18:53:41","date_gmt":"2020-04-04T16:53:41","guid":{"rendered":"https:\/\/www.versiegelung24.com\/produkt\/bioetanolis-966-profesionaliam-pirminiam-valymui"},"modified":"2025-01-13T17:00:07","modified_gmt":"2025-01-13T16:00:07","slug":"bioetanolis-966-profesionaliam-valymui","status":"publish","type":"product","link":"https:\/\/www.versiegelung24.com\/lt\/bioetanolis-966-profesionaliam-valymui.html","title":{"rendered":"Bioetanolis 96,6% profesionaliam pirminiam valymui"},"content":{"rendered":"\n<h4 class=\"wp-block-heading\" id=\"h-beschreibung\">Apra\u0161ymas<\/h4>\n\n<p>Technin\u0117s kokyb\u0117s bioetanolis 96,6 % tinka kruop\u0161\u010diam i\u0161ankstiniam nesugerian\u010di\u0173 pavir\u0161i\u0173 valymui ir nuriebalinimui. <\/p>\n\n<p>Gali b\u016bti labai gerai naudojamas kartu su m\u016bs\u0173 biologiniu, liku\u010di\u0173 neturin\u010diu <a href=\"https:\/\/www.versiegelung24.com\/lt\/biosativa-biologinis-isankstinis-valiklis.html\">pirminiu valikliu BIOSATIVA<\/a> \u00ae, kad b\u016bt\u0173 galima paruo\u0161ti, pvz., stikl\u0105, keramik\u0105, da\u017eytus pavir\u0161ius m\u016bs\u0173 pavir\u0161iaus sandarikliams.<\/p>\n\n<hr \/>\n\n<h4 class=\"wp-block-heading\" id=\"properties\">Produkto savyb\u0117s<\/h4>\n\n<p>\u2713 Bioetanolis, pagamintas i\u0161 100% kukur\u016bz\u0173 ir cukrini\u0173 runkeli\u0173<\/p>\n\n<p>\u2713 Regionin\u0117 gamyba su ingredientais i\u0161 Europos<\/p>\n\n<p>\u2713 Gamyba pagal auk\u0161tas Europos gaires<\/p>\n\n<p>\u2713 Saugumas ir kokyb\u0117 pagal auk\u0161tus standartus<\/p>\n\n<p>Didelio grynumo, 1% MEK, 1% izopropanolio ir Bitrex visi\u0161kai denat\u016bruoto 96,6% bioetanolio (etileno alkoholio) i\u0161 tvarios gamybos (biomas\u0117).<\/p>\n\n<hr \/>\n\n<h4 class=\"wp-block-heading\" id=\"application\">Parai\u0161ka<\/h4>\n\n<p>Nor\u0117dami i\u0161valyti lygius, nesugerian\u010dius pavir\u0161ius, rekomenduojame valyti dviem etapais:<\/p>\n\n<p>1. Intensyvus i\u0161ankstinis pavir\u0161iaus valymas naudojant \u012fprast\u0105 valikl\u012f be liku\u010di\u0173 arba m\u016bs\u0173 biologinio valymo <a href=\"https:\/\/www.versiegelung24.com\/lt\/biosativa-biologinis-isankstinis-valiklis.html\">koncentrat\u0105 BIOSATIVA<\/a> <a href=\"https:\/\/www.versiegelung24.com\/biosativa-biologischer-vorreiniger.html\">\u00ae<\/a><\/p>\n\n<p>2. Baig\u0119 valymo proces\u0105, pavir\u0161i\u0173 dar kart\u0105 nuvalykite 96,6% bioetanoliu, kad b\u016bt\u0173 pa\u0161alinti visi ne\u0161varumai ir pavir\u0161ius b\u016bt\u0173 visi\u0161kai be riebal\u0173. Kartokite \u0161\u012f proces\u0105, kol ant mikropluo\u0161to \u0161luost\u0117s nebeliks ne\u0161varum\u0173 liku\u010di\u0173.<\/p>\n\n<p>Po trumpo alkoholio liku\u010di\u0173 ant pavir\u0161iaus i\u0161garinimo, m\u016bs\u0173 nano dangos ir impregnavimas gali prasid\u0117ti.<\/p>\n\n<p><em>I\u0161 esm\u0117s, kiekvien\u0105 kart\u0105 valant ir sandarinant pavir\u0161i\u0173, nepastebimoje vietoje visada turi b\u016bti atliktas bandymas, siekiant nustatyti pavir\u0161iaus suderinamum\u0105 su naudojamomis med\u017eiagomis.<\/em><\/p>\n\n<hr \/>\n\n<h4 class=\"wp-block-heading\" id=\"advisor\">Konsultantas<\/h4>\n\n<p><strong>Bio-Ethanol 96,6% &#8211; puikiai tinka stalo \u017eidiniams<\/strong><\/p>\n\n<p>Kad ir kokie skirtingi m\u016bs\u0173 skoniai, etanolio \u017eidiniai tapo nepakei\u010diami daugelyje nam\u0173 \u016bki\u0173. 1 litro buteliai puikiai tinka retkar\u010diais arba pirm\u0105 kart\u0105 besinaudojantiems, norintiems susipa\u017einti su savo etanolio \u017eidiniu ar m\u016bs\u0173 skystu bioetanolio kuru.<\/p>\n\n<p><strong>Kiek laiko u\u017etenka 1 litro bioetanolio?<\/strong><\/p>\n\n<p>Vidutinis 1 litro 96,6 % bioetanolio degimo laikas yra ma\u017edaug 2\u20133 valandos. Bet tiksliai to pasakyti negali, nes degimo laikas priklauso nuo pavir\u0161iaus, kuriame dega skystis. Kuo didesnis plotas, tuo grei\u010diau sudega auk\u0161\u010diausios kokyb\u0117s bioetanolis.<\/p>\n\n<hr \/>\n\n<h4 class=\"wp-block-heading\" id=\"faq\">DUK<\/h4>\n\n<div class=\"schema-faq wp-block-yoast-faq-block\"><div class=\"schema-faq-section\" id=\"faq-question-1645793617330\"><strong class=\"schema-faq-question\">Ar bioetanolis yra patvirtintas medicinos sektoriuje?<\/strong> <p class=\"schema-faq-answer\">Ne! Jei ie\u0161kote pavir\u0161i\u0173 dezinfekavimo priemon\u0117s, daugiau informacijos rasite \u010dia: <a href=\"https:\/\/www.versiegelung24.com\/desinfektionsmittel\/\">Dezinfekcini\u0173 priemoni\u0173 ap\u017evalga<\/a><\/p> <\/div> <div class=\"schema-faq-section\" id=\"faq-question-1645793819353\"><strong class=\"schema-faq-question\">Kuo pavojingas bioetanolis?<\/strong> <p class=\"schema-faq-answer\">Degimo metu susidaro vandens garai (H2O) ir anglies dioksidas (CO2), kaip ir kv\u0117puodami. Bioetanolis 96,6% dega bekvapis ir be liku\u010di\u0173. Naudojant \u017eidiniuose, visada reikia laikytis tiksli\u0173 \u012fsp\u0117jim\u0173 apie pavoj\u0173!<br>Bioetanolis 96,6% yra labai degus. Naudojant kaip valikl\u012f, susidaro lengvai degios dujos. <br><\/p> <\/div> <div class=\"schema-faq-section\" id=\"faq-question-1645794918526\"><strong class=\"schema-faq-question\">Ar bioetanolis (naudojamas kaip valiklis) gali pa\u017eeisti pavir\u0161ius?<\/strong> <p class=\"schema-faq-answer\">Ypa\u010d plastiko atveju \u010dia reikia b\u016bti atsargiems. Mink\u0161tas plastikas, pvz., sandarikliai ir \u017earnos, gali reaguoti su plastifikatoriais ir pa\u017eeisti pavir\u0161ius arba med\u017eiagas.<br><br>I\u0161 esm\u0117s, valant pavir\u0161i\u0173, pirmiausia reikia atlikti nepastebimoje vietoje bandym\u0105.<\/p> <\/div> <\/div>\n","protected":false},"excerpt":{"rendered":"<p>\u2713 Bioetanolis, pagamintas i\u0161 100% kukur\u016bz\u0173 ir cukrini\u0173 runkeli\u0173<\/p>\n<p>\u2713 Regionin\u0117 gamyba su ingredientais i\u0161 Europos<\/p>\n<p>\u2713 Gamyba pagal auk\u0161tas Europos gaires<\/p>\n<p>\u2713 Saugumas ir kokyb\u0117 pagal auk\u0161tus standartus<\/p>\n","protected":false},"featured_media":65157,"template":"","meta":{"_acf_changed":false,"neve_meta_sidebar":"","neve_meta_container":"","neve_meta_enable_content_width":"","neve_meta_content_width":0,"neve_meta_title_alignment":"","neve_meta_author_avatar":"","neve_post_elements_order":"","neve_meta_disable_header":"","neve_meta_disable_footer":"","neve_meta_disable_title":"","neve_meta_reading_time":"","_surfaces":[],"_ver_product_tabs":[],"footnotes":""},"product_brand":[],"product_cat":[2186,2217,2518,2615,2618],"product_tag":[],"class_list":{"0":"post-23629","1":"product","2":"type-product","3":"status-publish","4":"has-post-thumbnail","6":"product_cat-automobilio-sandarinimas","7":"product_cat-sandarinimas-stiklui-ir-keramikai","8":"product_cat-metalinis-ir-plastikinis-sandarinimas","9":"product_cat-valymo-priemones","10":"product_cat-bioetanolis","12":"first","13":"instock","14":"taxable","15":"shipping-taxable","16":"purchasable","17":"product-type-simple"},"acf":[],"yoast_head":"<!-- This site is optimized with the Yoast SEO Premium plugin v22.8 (Yoast SEO v27.5) - https:\/\/yoast.com\/product\/yoast-seo-premium-wordpress\/ -->\n<title>Bioetanolis 96,6% profesionaliam pirminiam valymui - versiegelung24.com<\/title>\n<meta name=\"robots\" content=\"index, follow, max-snippet:-1, max-image-preview:large, max-video-preview:-1\" \/>\n<link rel=\"canonical\" href=\"https:\/\/www.versiegelung24.com\/lt\/bioetanolis-966-profesionaliam-valymui.html\" \/>\n<meta property=\"og:locale\" content=\"lt_LT\" \/>\n<meta property=\"og:type\" content=\"article\" \/>\n<meta property=\"og:title\" content=\"Bioetanolis 96,6% profesionaliam pirminiam valymui\" \/>\n<meta property=\"og:description\" content=\"\u2713 Bioetanolis, pagamintas i\u0161 100% kukur\u016bz\u0173 ir cukrini\u0173 runkeli\u0173 \u2713 Regionin\u0117 gamyba su ingredientais i\u0161 Europos \u2713 Gamyba pagal auk\u0161tas Europos gaires \u2713 Saugumas ir kokyb\u0117 pagal auk\u0161tus standartus\" \/>\n<meta property=\"og:url\" content=\"https:\/\/www.versiegelung24.com\/lt\/bioetanolis-966-profesionaliam-valymui.html\" \/>\n<meta property=\"og:site_name\" content=\"versiegelung24.com\" \/>\n<meta property=\"article:modified_time\" content=\"2025-01-13T16:00:07+00:00\" \/>\n<meta property=\"og:image\" content=\"https:\/\/www.versiegelung24.com\/wp-content\/uploads\/2020\/04\/produkt_9100-950-1000-bioethanol-flasche.jpeg\" \/>\n\t<meta property=\"og:image:width\" content=\"2560\" \/>\n\t<meta property=\"og:image:height\" content=\"2560\" \/>\n\t<meta property=\"og:image:type\" content=\"image\/jpeg\" \/>\n<meta name=\"twitter:card\" content=\"summary_large_image\" \/>\n<meta name=\"twitter:label1\" content=\"Price\" \/>\n\t<meta name=\"twitter:data1\" content=\"9,99&euro;\" \/>\n\t<meta name=\"twitter:label2\" content=\"Availability\" \/>\n\t<meta name=\"twitter:data2\" content=\"In stock\" \/>\n<script type=\"application\/ld+json\" class=\"yoast-schema-graph\">{\"@context\":\"https:\\\/\\\/schema.org\",\"@graph\":[{\"@type\":[\"WebPage\",\"FAQPage\"],\"@id\":\"https:\\\/\\\/www.versiegelung24.com\\\/lt\\\/bioetanolis-966-profesionaliam-valymui.html\",\"url\":\"https:\\\/\\\/www.versiegelung24.com\\\/lt\\\/bioetanolis-966-profesionaliam-valymui.html\",\"name\":\"Bioetanolis 96,6% profesionaliam pirminiam valymui - versiegelung24.com\",\"isPartOf\":{\"@id\":\"https:\\\/\\\/www.versiegelung24.com\\\/lt\\\/#website\"},\"primaryImageOfPage\":{\"@id\":\"https:\\\/\\\/www.versiegelung24.com\\\/lt\\\/bioetanolis-966-profesionaliam-valymui.html#primaryimage\"},\"image\":{\"@id\":\"https:\\\/\\\/www.versiegelung24.com\\\/lt\\\/bioetanolis-966-profesionaliam-valymui.html#primaryimage\"},\"thumbnailUrl\":\"https:\\\/\\\/www.versiegelung24.com\\\/wp-content\\\/uploads\\\/2020\\\/04\\\/produkt_9100-950-1000-bioethanol-flasche.jpeg\",\"datePublished\":\"2020-04-04T16:53:41+00:00\",\"dateModified\":\"2025-01-13T16:00:07+00:00\",\"breadcrumb\":{\"@id\":\"https:\\\/\\\/www.versiegelung24.com\\\/lt\\\/bioetanolis-966-profesionaliam-valymui.html#breadcrumb\"},\"mainEntity\":[{\"@id\":\"https:\\\/\\\/www.versiegelung24.com\\\/lt\\\/bioetanolis-966-profesionaliam-valymui.html#faq-question-1645793617330\"},{\"@id\":\"https:\\\/\\\/www.versiegelung24.com\\\/lt\\\/bioetanolis-966-profesionaliam-valymui.html#faq-question-1645793819353\"},{\"@id\":\"https:\\\/\\\/www.versiegelung24.com\\\/lt\\\/bioetanolis-966-profesionaliam-valymui.html#faq-question-1645794918526\"}],\"inLanguage\":\"lt-LT\",\"potentialAction\":[{\"@type\":\"ReadAction\",\"target\":[\"https:\\\/\\\/www.versiegelung24.com\\\/lt\\\/bioetanolis-966-profesionaliam-valymui.html\"]}]},{\"@type\":\"ImageObject\",\"inLanguage\":\"lt-LT\",\"@id\":\"https:\\\/\\\/www.versiegelung24.com\\\/lt\\\/bioetanolis-966-profesionaliam-valymui.html#primaryimage\",\"url\":\"https:\\\/\\\/www.versiegelung24.com\\\/wp-content\\\/uploads\\\/2020\\\/04\\\/produkt_9100-950-1000-bioethanol-flasche.jpeg\",\"contentUrl\":\"https:\\\/\\\/www.versiegelung24.com\\\/wp-content\\\/uploads\\\/2020\\\/04\\\/produkt_9100-950-1000-bioethanol-flasche.jpeg\",\"width\":2560,\"height\":2560},{\"@type\":\"BreadcrumbList\",\"@id\":\"https:\\\/\\\/www.versiegelung24.com\\\/lt\\\/bioetanolis-966-profesionaliam-valymui.html#breadcrumb\",\"itemListElement\":[{\"@type\":\"ListItem\",\"position\":1,\"name\":\"Prad\u017eia\",\"item\":\"https:\\\/\\\/www.versiegelung24.com\\\/lt\\\/priekinis\\\/\"},{\"@type\":\"ListItem\",\"position\":2,\"name\":\"Parduotuv\u0117\",\"item\":\"https:\\\/\\\/www.versiegelung24.com\\\/lt\\\/parduotuve-2\\\/\"},{\"@type\":\"ListItem\",\"position\":3,\"name\":\"Bioetanolis 96,6% profesionaliam pirminiam valymui\"}]},{\"@type\":\"WebSite\",\"@id\":\"https:\\\/\\\/www.versiegelung24.com\\\/lt\\\/#website\",\"url\":\"https:\\\/\\\/www.versiegelung24.com\\\/lt\\\/\",\"name\":\"versiegelung24.com\",\"description\":\"Fl\u00fcssigglas-Versiegelung - Made in Germany\",\"publisher\":{\"@id\":\"https:\\\/\\\/www.versiegelung24.com\\\/lt\\\/#organization\"},\"potentialAction\":[{\"@type\":\"SearchAction\",\"target\":{\"@type\":\"EntryPoint\",\"urlTemplate\":\"https:\\\/\\\/www.versiegelung24.com\\\/lt\\\/?s={search_term_string}\"},\"query-input\":{\"@type\":\"PropertyValueSpecification\",\"valueRequired\":true,\"valueName\":\"search_term_string\"}}],\"inLanguage\":\"lt-LT\"},{\"@type\":\"Organization\",\"@id\":\"https:\\\/\\\/www.versiegelung24.com\\\/lt\\\/#organization\",\"name\":\"versiegelung24\",\"url\":\"https:\\\/\\\/www.versiegelung24.com\\\/lt\\\/\",\"logo\":{\"@type\":\"ImageObject\",\"inLanguage\":\"lt-LT\",\"@id\":\"https:\\\/\\\/www.versiegelung24.com\\\/lt\\\/#\\\/schema\\\/logo\\\/image\\\/\",\"url\":\"https:\\\/\\\/www.versiegelung24.com\\\/wp-content\\\/uploads\\\/2020\\\/04\\\/versiegelung24.png\",\"contentUrl\":\"https:\\\/\\\/www.versiegelung24.com\\\/wp-content\\\/uploads\\\/2020\\\/04\\\/versiegelung24.png\",\"width\":470,\"height\":102,\"caption\":\"versiegelung24\"},\"image\":{\"@id\":\"https:\\\/\\\/www.versiegelung24.com\\\/lt\\\/#\\\/schema\\\/logo\\\/image\\\/\"}},{\"@type\":\"Question\",\"@id\":\"https:\\\/\\\/www.versiegelung24.com\\\/lt\\\/bioetanolis-966-profesionaliam-valymui.html#faq-question-1645793617330\",\"position\":1,\"url\":\"https:\\\/\\\/www.versiegelung24.com\\\/lt\\\/bioetanolis-966-profesionaliam-valymui.html#faq-question-1645793617330\",\"name\":\"Ist Bioethanol f\u00fcr den medizinischen Bereich zugelassen?\",\"answerCount\":1,\"acceptedAnswer\":{\"@type\":\"Answer\",\"text\":\"Nein! Wenn Sie ein Fl\u00e4chendesinfektionsmittel suchen, finden Sie weitere Informationen hier: <a href=\\\"https:\\\/\\\/www.versiegelung24.com\\\/desinfektionsmittel\\\/\\\">\u00dcbersicht Desinfektionsmittel<\\\/a>\",\"inLanguage\":\"lt-LT\"},\"inLanguage\":\"lt-LT\"},{\"@type\":\"Question\",\"@id\":\"https:\\\/\\\/www.versiegelung24.com\\\/lt\\\/bioetanolis-966-profesionaliam-valymui.html#faq-question-1645793819353\",\"position\":2,\"url\":\"https:\\\/\\\/www.versiegelung24.com\\\/lt\\\/bioetanolis-966-profesionaliam-valymui.html#faq-question-1645793819353\",\"name\":\"Wie gef\u00e4hrlich ist Bioethanol?\",\"answerCount\":1,\"acceptedAnswer\":{\"@type\":\"Answer\",\"text\":\"Bei der Verbrennung entstehen genau wie bei unserer Atmung Wasserdampf (H2O) und Kohlendioxid (CO2). Bioethanol 96,6% verbrennt geruchs- und r\u00fcckstandsfrei. Bei Nutzung in Feuerstellen sind stets die genauen Gefahrenhinweise zu beachten!<br \\\/>Bioethanol 96,6% ist leicht entz\u00fcndlich. Bei der Nutzung als Reiniger entstehen leicht brennbare Gase. <br \\\/>\",\"inLanguage\":\"lt-LT\"},\"inLanguage\":\"lt-LT\"},{\"@type\":\"Question\",\"@id\":\"https:\\\/\\\/www.versiegelung24.com\\\/lt\\\/bioetanolis-966-profesionaliam-valymui.html#faq-question-1645794918526\",\"position\":3,\"url\":\"https:\\\/\\\/www.versiegelung24.com\\\/lt\\\/bioetanolis-966-profesionaliam-valymui.html#faq-question-1645794918526\",\"name\":\"Kann Bioethanol (als Reiniger eingesetzt) Oberfl\u00e4chen angreifen?\",\"answerCount\":1,\"acceptedAnswer\":{\"@type\":\"Answer\",\"text\":\"Besonders bei Kunststoffen ist hier mit Achtsamkeit vor zu gehen. Weiche Kunststoffe wie z.B. bei Dichtungen und Schl\u00e4uchen kann dieser mit den Weichmachern reagieren und Oberfl\u00e4chen bzw. Materialien sch\u00e4digen.<br \\\/><br \\\/>Grunds\u00e4tzlich sollte bei der Oberfl\u00e4chenreinigung immer erst ein Test an unauff\u00e4lliger Stelle durchgef\u00fchrt werden.\",\"inLanguage\":\"lt-LT\"},\"inLanguage\":\"lt-LT\"}]}<\/script>\n<meta property=\"product:price:amount\" content=\"9.99\" \/>\n<meta property=\"product:price:currency\" content=\"EUR\" \/>\n<meta property=\"og:availability\" content=\"instock\" \/>\n<meta property=\"product:availability\" content=\"instock\" \/>\n<meta property=\"product:retailer_item_id\" content=\"9100-BE96-1\" \/>\n<meta property=\"product:condition\" content=\"new\" \/>\n<!-- \/ Yoast SEO Premium plugin. -->","yoast_head_json":{"title":"Bioetanolis 96,6% profesionaliam pirminiam valymui - versiegelung24.com","robots":{"index":"index","follow":"follow","max-snippet":"max-snippet:-1","max-image-preview":"max-image-preview:large","max-video-preview":"max-video-preview:-1"},"canonical":"https:\/\/www.versiegelung24.com\/lt\/bioetanolis-966-profesionaliam-valymui.html","og_locale":"lt_LT","og_type":"article","og_title":"Bioetanolis 96,6% profesionaliam pirminiam valymui","og_description":"\u2713 Bioetanolis, pagamintas i\u0161 100% kukur\u016bz\u0173 ir cukrini\u0173 runkeli\u0173 \u2713 Regionin\u0117 gamyba su ingredientais i\u0161 Europos \u2713 Gamyba pagal auk\u0161tas Europos gaires \u2713 Saugumas ir kokyb\u0117 pagal auk\u0161tus standartus","og_url":"https:\/\/www.versiegelung24.com\/lt\/bioetanolis-966-profesionaliam-valymui.html","og_site_name":"versiegelung24.com","article_modified_time":"2025-01-13T16:00:07+00:00","og_image":[{"width":2560,"height":2560,"url":"https:\/\/www.versiegelung24.com\/wp-content\/uploads\/2020\/04\/produkt_9100-950-1000-bioethanol-flasche.jpeg","type":"image\/jpeg"}],"twitter_card":"summary_large_image","twitter_misc":{"Price":"9,99&euro;","Availability":"In stock"},"schema":{"@context":"https:\/\/schema.org","@graph":[{"@type":["WebPage","FAQPage"],"@id":"https:\/\/www.versiegelung24.com\/lt\/bioetanolis-966-profesionaliam-valymui.html","url":"https:\/\/www.versiegelung24.com\/lt\/bioetanolis-966-profesionaliam-valymui.html","name":"Bioetanolis 96,6% profesionaliam pirminiam valymui - versiegelung24.com","isPartOf":{"@id":"https:\/\/www.versiegelung24.com\/lt\/#website"},"primaryImageOfPage":{"@id":"https:\/\/www.versiegelung24.com\/lt\/bioetanolis-966-profesionaliam-valymui.html#primaryimage"},"image":{"@id":"https:\/\/www.versiegelung24.com\/lt\/bioetanolis-966-profesionaliam-valymui.html#primaryimage"},"thumbnailUrl":"https:\/\/www.versiegelung24.com\/wp-content\/uploads\/2020\/04\/produkt_9100-950-1000-bioethanol-flasche.jpeg","datePublished":"2020-04-04T16:53:41+00:00","dateModified":"2025-01-13T16:00:07+00:00","breadcrumb":{"@id":"https:\/\/www.versiegelung24.com\/lt\/bioetanolis-966-profesionaliam-valymui.html#breadcrumb"},"mainEntity":[{"@id":"https:\/\/www.versiegelung24.com\/lt\/bioetanolis-966-profesionaliam-valymui.html#faq-question-1645793617330"},{"@id":"https:\/\/www.versiegelung24.com\/lt\/bioetanolis-966-profesionaliam-valymui.html#faq-question-1645793819353"},{"@id":"https:\/\/www.versiegelung24.com\/lt\/bioetanolis-966-profesionaliam-valymui.html#faq-question-1645794918526"}],"inLanguage":"lt-LT","potentialAction":[{"@type":"ReadAction","target":["https:\/\/www.versiegelung24.com\/lt\/bioetanolis-966-profesionaliam-valymui.html"]}]},{"@type":"ImageObject","inLanguage":"lt-LT","@id":"https:\/\/www.versiegelung24.com\/lt\/bioetanolis-966-profesionaliam-valymui.html#primaryimage","url":"https:\/\/www.versiegelung24.com\/wp-content\/uploads\/2020\/04\/produkt_9100-950-1000-bioethanol-flasche.jpeg","contentUrl":"https:\/\/www.versiegelung24.com\/wp-content\/uploads\/2020\/04\/produkt_9100-950-1000-bioethanol-flasche.jpeg","width":2560,"height":2560},{"@type":"BreadcrumbList","@id":"https:\/\/www.versiegelung24.com\/lt\/bioetanolis-966-profesionaliam-valymui.html#breadcrumb","itemListElement":[{"@type":"ListItem","position":1,"name":"Prad\u017eia","item":"https:\/\/www.versiegelung24.com\/lt\/priekinis\/"},{"@type":"ListItem","position":2,"name":"Parduotuv\u0117","item":"https:\/\/www.versiegelung24.com\/lt\/parduotuve-2\/"},{"@type":"ListItem","position":3,"name":"Bioetanolis 96,6% profesionaliam pirminiam valymui"}]},{"@type":"WebSite","@id":"https:\/\/www.versiegelung24.com\/lt\/#website","url":"https:\/\/www.versiegelung24.com\/lt\/","name":"versiegelung24.com","description":"Fl\u00fcssigglas-Versiegelung - Made in Germany","publisher":{"@id":"https:\/\/www.versiegelung24.com\/lt\/#organization"},"potentialAction":[{"@type":"SearchAction","target":{"@type":"EntryPoint","urlTemplate":"https:\/\/www.versiegelung24.com\/lt\/?s={search_term_string}"},"query-input":{"@type":"PropertyValueSpecification","valueRequired":true,"valueName":"search_term_string"}}],"inLanguage":"lt-LT"},{"@type":"Organization","@id":"https:\/\/www.versiegelung24.com\/lt\/#organization","name":"versiegelung24","url":"https:\/\/www.versiegelung24.com\/lt\/","logo":{"@type":"ImageObject","inLanguage":"lt-LT","@id":"https:\/\/www.versiegelung24.com\/lt\/#\/schema\/logo\/image\/","url":"https:\/\/www.versiegelung24.com\/wp-content\/uploads\/2020\/04\/versiegelung24.png","contentUrl":"https:\/\/www.versiegelung24.com\/wp-content\/uploads\/2020\/04\/versiegelung24.png","width":470,"height":102,"caption":"versiegelung24"},"image":{"@id":"https:\/\/www.versiegelung24.com\/lt\/#\/schema\/logo\/image\/"}},{"@type":"Question","@id":"https:\/\/www.versiegelung24.com\/lt\/bioetanolis-966-profesionaliam-valymui.html#faq-question-1645793617330","position":1,"url":"https:\/\/www.versiegelung24.com\/lt\/bioetanolis-966-profesionaliam-valymui.html#faq-question-1645793617330","name":"Ist Bioethanol f\u00fcr den medizinischen Bereich zugelassen?","answerCount":1,"acceptedAnswer":{"@type":"Answer","text":"Nein! Wenn Sie ein Fl\u00e4chendesinfektionsmittel suchen, finden Sie weitere Informationen hier: <a href=\"https:\/\/www.versiegelung24.com\/desinfektionsmittel\/\">\u00dcbersicht Desinfektionsmittel<\/a>","inLanguage":"lt-LT"},"inLanguage":"lt-LT"},{"@type":"Question","@id":"https:\/\/www.versiegelung24.com\/lt\/bioetanolis-966-profesionaliam-valymui.html#faq-question-1645793819353","position":2,"url":"https:\/\/www.versiegelung24.com\/lt\/bioetanolis-966-profesionaliam-valymui.html#faq-question-1645793819353","name":"Wie gef\u00e4hrlich ist Bioethanol?","answerCount":1,"acceptedAnswer":{"@type":"Answer","text":"Bei der Verbrennung entstehen genau wie bei unserer Atmung Wasserdampf (H2O) und Kohlendioxid (CO2). Bioethanol 96,6% verbrennt geruchs- und r\u00fcckstandsfrei. Bei Nutzung in Feuerstellen sind stets die genauen Gefahrenhinweise zu beachten!<br \/>Bioethanol 96,6% ist leicht entz\u00fcndlich. Bei der Nutzung als Reiniger entstehen leicht brennbare Gase. <br \/>","inLanguage":"lt-LT"},"inLanguage":"lt-LT"},{"@type":"Question","@id":"https:\/\/www.versiegelung24.com\/lt\/bioetanolis-966-profesionaliam-valymui.html#faq-question-1645794918526","position":3,"url":"https:\/\/www.versiegelung24.com\/lt\/bioetanolis-966-profesionaliam-valymui.html#faq-question-1645794918526","name":"Kann Bioethanol (als Reiniger eingesetzt) Oberfl\u00e4chen angreifen?","answerCount":1,"acceptedAnswer":{"@type":"Answer","text":"Besonders bei Kunststoffen ist hier mit Achtsamkeit vor zu gehen. Weiche Kunststoffe wie z.B. bei Dichtungen und Schl\u00e4uchen kann dieser mit den Weichmachern reagieren und Oberfl\u00e4chen bzw. Materialien sch\u00e4digen.<br \/><br \/>Grunds\u00e4tzlich sollte bei der Oberfl\u00e4chenreinigung immer erst ein Test an unauff\u00e4lliger Stelle durchgef\u00fchrt werden.","inLanguage":"lt-LT"},"inLanguage":"lt-LT"}]},"product_price_amount":"9.99","product_price_currency":"EUR","og_availability":"instock","product_availability":"instock","product_retailer_item_id":"9100-BE96-1","product_condition":"new"},"_links":{"self":[{"href":"https:\/\/www.versiegelung24.com\/lt\/wp-json\/wp\/v2\/product\/23629","targetHints":{"allow":["GET"]}}],"collection":[{"href":"https:\/\/www.versiegelung24.com\/lt\/wp-json\/wp\/v2\/product"}],"about":[{"href":"https:\/\/www.versiegelung24.com\/lt\/wp-json\/wp\/v2\/types\/product"}],"version-history":[{"count":49,"href":"https:\/\/www.versiegelung24.com\/lt\/wp-json\/wp\/v2\/product\/23629\/revisions"}],"predecessor-version":[{"id":180699,"href":"https:\/\/www.versiegelung24.com\/lt\/wp-json\/wp\/v2\/product\/23629\/revisions\/180699"}],"wp:featuredmedia":[{"embeddable":true,"href":"https:\/\/www.versiegelung24.com\/lt\/wp-json\/wp\/v2\/media\/65157"}],"wp:attachment":[{"href":"https:\/\/www.versiegelung24.com\/lt\/wp-json\/wp\/v2\/media?parent=23629"}],"wp:term":[{"taxonomy":"product_brand","embeddable":true,"href":"https:\/\/www.versiegelung24.com\/lt\/wp-json\/wp\/v2\/product_brand?post=23629"},{"taxonomy":"product_cat","embeddable":true,"href":"https:\/\/www.versiegelung24.com\/lt\/wp-json\/wp\/v2\/product_cat?post=23629"},{"taxonomy":"product_tag","embeddable":true,"href":"https:\/\/www.versiegelung24.com\/lt\/wp-json\/wp\/v2\/product_tag?post=23629"}],"curies":[{"name":"wp","href":"https:\/\/api.w.org\/{rel}","templated":true}]}}