{"id":23658,"date":"2020-04-04T18:53:44","date_gmt":"2021-08-02T19:52:59","guid":{"rendered":"https:\/\/www.versiegelung24.com\/produkt\/universalus-sandariklis-691-minkstiems-sugeriantiems-pavirsiams-tekstile-medis-akmuo"},"modified":"2025-01-04T00:13:09","modified_gmt":"2025-01-03T23:13:09","slug":"universalus-sandariklis-691-minkstiems-sugeriantiems-pavirsiams-tekstile-medis-akmuo","status":"publish","type":"product","link":"https:\/\/www.versiegelung24.com\/lt\/universalus-sandariklis-691-minkstiems-sugeriantiems-pavirsiams-tekstile-medis-akmuo.html","title":{"rendered":"Universalus sandariklis 691 \u201emink\u0161tiems\u201c \/ sugeriantiems pavir\u0161iams (tekstil\u0117 +++, medis ++, akmuo ++)"},"content":{"rendered":"\n<p><strong>Labai efektyvus profesionalus universalus sandariklis, skirtas sugeriantiems \/ \u201emink\u0161tiems\u201c pavir\u0161iams (tekstil\u0117s, akmens, med\u017eio), lengvai valomas<\/strong><\/p>\n\n<p>Idealiai tinka tekstil\u0117s gaminiams, taip pat gali b\u016bti naudojamas ant akmens ir med\u017eio<\/p>\n\n<p>Auk\u0161ta kokyb\u0117 &#8211; pagaminta Vokietijoje.<\/p>\n\n<p>Prek\u0117s numeris: 4006-691<\/p>\n\n<p><strong>V24 universalus sandariklis 4006-691<\/strong> yra vandeninis impregnavimas, skirtas sugeriantiems \/ \u201emink\u0161tiems\u201c pavir\u0161iams, labai gerai atstumiantis vanden\u012f (atstumiantis vanden\u012f) ir atstumiantis aliej\u0173 (atstumiantis aliej\u0173). Produktas sudaro beveik nematom\u0105 plon\u0105 pavir\u0161iaus pl\u0117vel\u0119. Vanden\u012f atstumiantis efektas \u017eymiai suma\u017eina dr\u0117gm\u0117s \u012fsiskverbimo ant apdorot\u0173 pavir\u0161i\u0173 ir pakartotinio u\u017eter\u0161imo greit\u012f. Suma\u017e\u0117ja alyvos ir spalv\u0105 kei\u010dian\u010di\u0173 med\u017eiag\u0173 \u012fsiskverbimas \u012f pavir\u0161i\u0173 ir jas galima lengvai pa\u0161alinti \/ i\u0161valyti.<\/p>\n\n<hr\/>\n\n<h4 class=\"wp-block-heading\" id=\"properties\">Produkto savyb\u0117s<\/h4>\n\n<div class=\"wp-block-columns is-layout-flex wp-container-core-columns-is-layout-9d6595d7 wp-block-columns-is-layout-flex\">\n<div class=\"wp-block-column is-layout-flow wp-block-column-is-layout-flow\">\n<ul class=\"wp-block-list\">\n<li>Veikliosios med\u017eiagos pagrindas: fluoro turintis polimeras<\/li>\n\n\n\n<li>I\u0161vaizda: baltas, permatomas skystis<\/li>\n\n\n\n<li>Kietasis turinys: ~ 1%<\/li>\n\n\n\n<li>pH vert\u0117: 7<\/li>\n\n\n\n<li>Skiedimas: praskiestas paruo\u0161tas naudoti. Priklausomai nuo norimo efekto, j\u012f galima dar praskiesti vandeniu.<\/li>\n<\/ul>\n<\/div>\n\n\n\n<div class=\"wp-block-column is-layout-flow wp-block-column-is-layout-flow\">\n<p><br\/><br\/>Pristatymo apimtis: 1 x litrinis butelis 1 x siurblio purk\u0161tuko galvut\u0117<\/p>\n<\/div>\n<\/div>\n\n<hr\/>\n\n<h4 class=\"wp-block-heading\" id=\"h-ratgeber\">Konsultantas<\/h4>\n\n<p>M\u016bs\u0173 universal\u016bs sandarikliai ypa\u010d tinka \u201epasidaryk pats\u201c sektoriui.<\/p>\n\n<p>Jie derina profesional\u0173 veikimo b\u016bd\u0105 ant skirting\u0173 pavir\u0161i\u0173 ir lengv\u0105 valdym\u0105 dengiant. Ir visa tai nereikalaujant didesni\u0173 kokyb\u0117s kompromis\u0173.<\/p>\n\n<p>Tokiu b\u016bdu, naudojant vien\u0105 universal\u0173 sandarikl\u012f, galima aplikuoti ant keli\u0173 med\u017eiag\u0173, taip pat galima pasiekti auk\u0161tos kokyb\u0117s efekt\u0105 ir ilg\u0105 patvarum\u0105.<\/p>\n\n<p>Ta\u010diau komerciniams ir pramoniniams tikslams, kai reikia pasiekti auk\u0161\u010diausi\u0105 \u012fmanom\u0105 konkretaus pavir\u0161iaus eksploatacini\u0173 savybi\u0173 lyg\u012f, rekomenduojame naudoti m\u016bs\u0173 specialias \u0161io pavir\u0161iaus apdailas.<\/p>\n","protected":false},"excerpt":{"rendered":"<p><strong>Labai efektyvus profesionalus universalus sandariklis, skirtas sugeriantiems \/ &#8220;mink\u0161tiems&#8221; pavir\u0161iams:<\/strong><\/p>\n<p>\u2713 Tekstil\u0117<\/p>\n<p>\u2713 Akmuo<\/p>\n<p>\u2713 mediena<\/p>\n<p>\u2713 Lengvai valomas efektas<\/p>\n","protected":false},"featured_media":18291,"template":"","meta":{"_acf_changed":false,"neve_meta_sidebar":"","neve_meta_container":"","neve_meta_enable_content_width":"","neve_meta_content_width":0,"neve_meta_title_alignment":"","neve_meta_author_avatar":"","neve_post_elements_order":"","neve_meta_disable_header":"","neve_meta_disable_footer":"","neve_meta_disable_title":"","neve_meta_reading_time":"","_surfaces":[],"_ver_product_tabs":[],"footnotes":""},"product_brand":[],"product_cat":[2480],"product_tag":[],"class_list":{"0":"post-23658","1":"product","2":"type-product","3":"status-publish","4":"has-post-thumbnail","6":"product_cat-universalus-sandariklis","8":"first","9":"instock","10":"taxable","11":"shipping-taxable","12":"purchasable","13":"product-type-simple"},"acf":[],"yoast_head":"<!-- This site is optimized with the Yoast SEO Premium plugin v22.8 (Yoast SEO v27.5) - https:\/\/yoast.com\/product\/yoast-seo-premium-wordpress\/ -->\n<title>Universalus sandariklis 691 \u201emink\u0161tiems\u201c \/ sugeriantiems pavir\u0161iams (tekstil\u0117 +++, medis ++, akmuo ++) - versiegelung24.com<\/title>\n<meta name=\"robots\" content=\"index, follow, max-snippet:-1, max-image-preview:large, max-video-preview:-1\" \/>\n<link rel=\"canonical\" href=\"https:\/\/www.versiegelung24.com\/lt\/universalus-sandariklis-691-minkstiems-sugeriantiems-pavirsiams-tekstile-medis-akmuo.html\" \/>\n<meta property=\"og:locale\" content=\"lt_LT\" \/>\n<meta property=\"og:type\" content=\"article\" \/>\n<meta property=\"og:title\" content=\"Universalus sandariklis 691 \u201emink\u0161tiems\u201c \/ sugeriantiems pavir\u0161iams (tekstil\u0117 +++, medis ++, akmuo ++)\" \/>\n<meta property=\"og:description\" content=\"Labai efektyvus profesionalus universalus sandariklis, skirtas sugeriantiems \/ &quot;mink\u0161tiems&quot; pavir\u0161iams: \u2713 Tekstil\u0117 \u2713 Akmuo \u2713 mediena \u2713 Lengvai valomas efektas\" \/>\n<meta property=\"og:url\" content=\"https:\/\/www.versiegelung24.com\/lt\/universalus-sandariklis-691-minkstiems-sugeriantiems-pavirsiams-tekstile-medis-akmuo.html\" \/>\n<meta property=\"og:site_name\" content=\"versiegelung24.com\" \/>\n<meta property=\"article:modified_time\" content=\"2025-01-03T23:13:09+00:00\" \/>\n<meta property=\"og:image\" content=\"https:\/\/www.versiegelung24.com\/wp-content\/uploads\/2020\/06\/produkt-4006-691-1000-Universalversiegelung-691-scaled.jpg\" \/>\n\t<meta property=\"og:image:width\" content=\"2560\" \/>\n\t<meta property=\"og:image:height\" content=\"2560\" \/>\n\t<meta property=\"og:image:type\" content=\"image\/jpeg\" \/>\n<meta name=\"twitter:card\" content=\"summary_large_image\" \/>\n<meta name=\"twitter:label1\" content=\"Price\" \/>\n\t<meta name=\"twitter:data1\" content=\"74,99&euro;\" \/>\n\t<meta name=\"twitter:label2\" content=\"Availability\" \/>\n\t<meta name=\"twitter:data2\" content=\"In stock\" \/>\n<script type=\"application\/ld+json\" class=\"yoast-schema-graph\">{\"@context\":\"https:\\\/\\\/schema.org\",\"@graph\":[{\"@type\":\"WebPage\",\"@id\":\"https:\\\/\\\/www.versiegelung24.com\\\/lt\\\/universalus-sandariklis-691-minkstiems-sugeriantiems-pavirsiams-tekstile-medis-akmuo.html\",\"url\":\"https:\\\/\\\/www.versiegelung24.com\\\/lt\\\/universalus-sandariklis-691-minkstiems-sugeriantiems-pavirsiams-tekstile-medis-akmuo.html\",\"name\":\"Universalus sandariklis 691 \u201emink\u0161tiems\u201c \\\/ sugeriantiems pavir\u0161iams (tekstil\u0117 +++, medis ++, akmuo ++) - versiegelung24.com\",\"isPartOf\":{\"@id\":\"https:\\\/\\\/www.versiegelung24.com\\\/lt\\\/#website\"},\"primaryImageOfPage\":{\"@id\":\"https:\\\/\\\/www.versiegelung24.com\\\/lt\\\/universalus-sandariklis-691-minkstiems-sugeriantiems-pavirsiams-tekstile-medis-akmuo.html#primaryimage\"},\"image\":{\"@id\":\"https:\\\/\\\/www.versiegelung24.com\\\/lt\\\/universalus-sandariklis-691-minkstiems-sugeriantiems-pavirsiams-tekstile-medis-akmuo.html#primaryimage\"},\"thumbnailUrl\":\"https:\\\/\\\/www.versiegelung24.com\\\/wp-content\\\/uploads\\\/2020\\\/06\\\/produkt-4006-691-1000-Universalversiegelung-691-scaled.jpg\",\"datePublished\":\"2021-08-02T19:52:59+00:00\",\"dateModified\":\"2025-01-03T23:13:09+00:00\",\"breadcrumb\":{\"@id\":\"https:\\\/\\\/www.versiegelung24.com\\\/lt\\\/universalus-sandariklis-691-minkstiems-sugeriantiems-pavirsiams-tekstile-medis-akmuo.html#breadcrumb\"},\"inLanguage\":\"lt-LT\",\"potentialAction\":[{\"@type\":\"ReadAction\",\"target\":[\"https:\\\/\\\/www.versiegelung24.com\\\/lt\\\/universalus-sandariklis-691-minkstiems-sugeriantiems-pavirsiams-tekstile-medis-akmuo.html\"]}]},{\"@type\":\"ImageObject\",\"inLanguage\":\"lt-LT\",\"@id\":\"https:\\\/\\\/www.versiegelung24.com\\\/lt\\\/universalus-sandariklis-691-minkstiems-sugeriantiems-pavirsiams-tekstile-medis-akmuo.html#primaryimage\",\"url\":\"https:\\\/\\\/www.versiegelung24.com\\\/wp-content\\\/uploads\\\/2020\\\/06\\\/produkt-4006-691-1000-Universalversiegelung-691-scaled.jpg\",\"contentUrl\":\"https:\\\/\\\/www.versiegelung24.com\\\/wp-content\\\/uploads\\\/2020\\\/06\\\/produkt-4006-691-1000-Universalversiegelung-691-scaled.jpg\",\"width\":2560,\"height\":2560},{\"@type\":\"BreadcrumbList\",\"@id\":\"https:\\\/\\\/www.versiegelung24.com\\\/lt\\\/universalus-sandariklis-691-minkstiems-sugeriantiems-pavirsiams-tekstile-medis-akmuo.html#breadcrumb\",\"itemListElement\":[{\"@type\":\"ListItem\",\"position\":1,\"name\":\"Prad\u017eia\",\"item\":\"https:\\\/\\\/www.versiegelung24.com\\\/lt\\\/priekinis\\\/\"},{\"@type\":\"ListItem\",\"position\":2,\"name\":\"Parduotuv\u0117\",\"item\":\"https:\\\/\\\/www.versiegelung24.com\\\/lt\\\/parduotuve-2\\\/\"},{\"@type\":\"ListItem\",\"position\":3,\"name\":\"Universalus sandariklis 691 \u201emink\u0161tiems\u201c \\\/ sugeriantiems pavir\u0161iams (tekstil\u0117 +++, medis ++, akmuo ++)\"}]},{\"@type\":\"WebSite\",\"@id\":\"https:\\\/\\\/www.versiegelung24.com\\\/lt\\\/#website\",\"url\":\"https:\\\/\\\/www.versiegelung24.com\\\/lt\\\/\",\"name\":\"versiegelung24.com\",\"description\":\"Fl\u00fcssigglas-Versiegelung - Made in Germany\",\"publisher\":{\"@id\":\"https:\\\/\\\/www.versiegelung24.com\\\/lt\\\/#organization\"},\"potentialAction\":[{\"@type\":\"SearchAction\",\"target\":{\"@type\":\"EntryPoint\",\"urlTemplate\":\"https:\\\/\\\/www.versiegelung24.com\\\/lt\\\/?s={search_term_string}\"},\"query-input\":{\"@type\":\"PropertyValueSpecification\",\"valueRequired\":true,\"valueName\":\"search_term_string\"}}],\"inLanguage\":\"lt-LT\"},{\"@type\":\"Organization\",\"@id\":\"https:\\\/\\\/www.versiegelung24.com\\\/lt\\\/#organization\",\"name\":\"versiegelung24\",\"url\":\"https:\\\/\\\/www.versiegelung24.com\\\/lt\\\/\",\"logo\":{\"@type\":\"ImageObject\",\"inLanguage\":\"lt-LT\",\"@id\":\"https:\\\/\\\/www.versiegelung24.com\\\/lt\\\/#\\\/schema\\\/logo\\\/image\\\/\",\"url\":\"https:\\\/\\\/www.versiegelung24.com\\\/wp-content\\\/uploads\\\/2020\\\/04\\\/versiegelung24.png\",\"contentUrl\":\"https:\\\/\\\/www.versiegelung24.com\\\/wp-content\\\/uploads\\\/2020\\\/04\\\/versiegelung24.png\",\"width\":470,\"height\":102,\"caption\":\"versiegelung24\"},\"image\":{\"@id\":\"https:\\\/\\\/www.versiegelung24.com\\\/lt\\\/#\\\/schema\\\/logo\\\/image\\\/\"}}]}<\/script>\n<meta property=\"product:price:amount\" content=\"74.99\" \/>\n<meta property=\"product:price:currency\" content=\"EUR\" \/>\n<meta property=\"og:availability\" content=\"instock\" \/>\n<meta property=\"product:availability\" content=\"instock\" \/>\n<meta property=\"product:retailer_item_id\" content=\"4006-691-1000\" \/>\n<meta property=\"product:condition\" content=\"new\" \/>\n<!-- \/ Yoast SEO Premium plugin. -->","yoast_head_json":{"title":"Universalus sandariklis 691 \u201emink\u0161tiems\u201c \/ sugeriantiems pavir\u0161iams (tekstil\u0117 +++, medis ++, akmuo ++) - versiegelung24.com","robots":{"index":"index","follow":"follow","max-snippet":"max-snippet:-1","max-image-preview":"max-image-preview:large","max-video-preview":"max-video-preview:-1"},"canonical":"https:\/\/www.versiegelung24.com\/lt\/universalus-sandariklis-691-minkstiems-sugeriantiems-pavirsiams-tekstile-medis-akmuo.html","og_locale":"lt_LT","og_type":"article","og_title":"Universalus sandariklis 691 \u201emink\u0161tiems\u201c \/ sugeriantiems pavir\u0161iams (tekstil\u0117 +++, medis ++, akmuo ++)","og_description":"Labai efektyvus profesionalus universalus sandariklis, skirtas sugeriantiems \/ \"mink\u0161tiems\" pavir\u0161iams: \u2713 Tekstil\u0117 \u2713 Akmuo \u2713 mediena \u2713 Lengvai valomas efektas","og_url":"https:\/\/www.versiegelung24.com\/lt\/universalus-sandariklis-691-minkstiems-sugeriantiems-pavirsiams-tekstile-medis-akmuo.html","og_site_name":"versiegelung24.com","article_modified_time":"2025-01-03T23:13:09+00:00","og_image":[{"width":2560,"height":2560,"url":"https:\/\/www.versiegelung24.com\/wp-content\/uploads\/2020\/06\/produkt-4006-691-1000-Universalversiegelung-691-scaled.jpg","type":"image\/jpeg"}],"twitter_card":"summary_large_image","twitter_misc":{"Price":"74,99&euro;","Availability":"In stock"},"schema":{"@context":"https:\/\/schema.org","@graph":[{"@type":"WebPage","@id":"https:\/\/www.versiegelung24.com\/lt\/universalus-sandariklis-691-minkstiems-sugeriantiems-pavirsiams-tekstile-medis-akmuo.html","url":"https:\/\/www.versiegelung24.com\/lt\/universalus-sandariklis-691-minkstiems-sugeriantiems-pavirsiams-tekstile-medis-akmuo.html","name":"Universalus sandariklis 691 \u201emink\u0161tiems\u201c \/ sugeriantiems pavir\u0161iams (tekstil\u0117 +++, medis ++, akmuo ++) - versiegelung24.com","isPartOf":{"@id":"https:\/\/www.versiegelung24.com\/lt\/#website"},"primaryImageOfPage":{"@id":"https:\/\/www.versiegelung24.com\/lt\/universalus-sandariklis-691-minkstiems-sugeriantiems-pavirsiams-tekstile-medis-akmuo.html#primaryimage"},"image":{"@id":"https:\/\/www.versiegelung24.com\/lt\/universalus-sandariklis-691-minkstiems-sugeriantiems-pavirsiams-tekstile-medis-akmuo.html#primaryimage"},"thumbnailUrl":"https:\/\/www.versiegelung24.com\/wp-content\/uploads\/2020\/06\/produkt-4006-691-1000-Universalversiegelung-691-scaled.jpg","datePublished":"2021-08-02T19:52:59+00:00","dateModified":"2025-01-03T23:13:09+00:00","breadcrumb":{"@id":"https:\/\/www.versiegelung24.com\/lt\/universalus-sandariklis-691-minkstiems-sugeriantiems-pavirsiams-tekstile-medis-akmuo.html#breadcrumb"},"inLanguage":"lt-LT","potentialAction":[{"@type":"ReadAction","target":["https:\/\/www.versiegelung24.com\/lt\/universalus-sandariklis-691-minkstiems-sugeriantiems-pavirsiams-tekstile-medis-akmuo.html"]}]},{"@type":"ImageObject","inLanguage":"lt-LT","@id":"https:\/\/www.versiegelung24.com\/lt\/universalus-sandariklis-691-minkstiems-sugeriantiems-pavirsiams-tekstile-medis-akmuo.html#primaryimage","url":"https:\/\/www.versiegelung24.com\/wp-content\/uploads\/2020\/06\/produkt-4006-691-1000-Universalversiegelung-691-scaled.jpg","contentUrl":"https:\/\/www.versiegelung24.com\/wp-content\/uploads\/2020\/06\/produkt-4006-691-1000-Universalversiegelung-691-scaled.jpg","width":2560,"height":2560},{"@type":"BreadcrumbList","@id":"https:\/\/www.versiegelung24.com\/lt\/universalus-sandariklis-691-minkstiems-sugeriantiems-pavirsiams-tekstile-medis-akmuo.html#breadcrumb","itemListElement":[{"@type":"ListItem","position":1,"name":"Prad\u017eia","item":"https:\/\/www.versiegelung24.com\/lt\/priekinis\/"},{"@type":"ListItem","position":2,"name":"Parduotuv\u0117","item":"https:\/\/www.versiegelung24.com\/lt\/parduotuve-2\/"},{"@type":"ListItem","position":3,"name":"Universalus sandariklis 691 \u201emink\u0161tiems\u201c \/ sugeriantiems pavir\u0161iams (tekstil\u0117 +++, medis ++, akmuo ++)"}]},{"@type":"WebSite","@id":"https:\/\/www.versiegelung24.com\/lt\/#website","url":"https:\/\/www.versiegelung24.com\/lt\/","name":"versiegelung24.com","description":"Fl\u00fcssigglas-Versiegelung - Made in Germany","publisher":{"@id":"https:\/\/www.versiegelung24.com\/lt\/#organization"},"potentialAction":[{"@type":"SearchAction","target":{"@type":"EntryPoint","urlTemplate":"https:\/\/www.versiegelung24.com\/lt\/?s={search_term_string}"},"query-input":{"@type":"PropertyValueSpecification","valueRequired":true,"valueName":"search_term_string"}}],"inLanguage":"lt-LT"},{"@type":"Organization","@id":"https:\/\/www.versiegelung24.com\/lt\/#organization","name":"versiegelung24","url":"https:\/\/www.versiegelung24.com\/lt\/","logo":{"@type":"ImageObject","inLanguage":"lt-LT","@id":"https:\/\/www.versiegelung24.com\/lt\/#\/schema\/logo\/image\/","url":"https:\/\/www.versiegelung24.com\/wp-content\/uploads\/2020\/04\/versiegelung24.png","contentUrl":"https:\/\/www.versiegelung24.com\/wp-content\/uploads\/2020\/04\/versiegelung24.png","width":470,"height":102,"caption":"versiegelung24"},"image":{"@id":"https:\/\/www.versiegelung24.com\/lt\/#\/schema\/logo\/image\/"}}]},"product_price_amount":"74.99","product_price_currency":"EUR","og_availability":"instock","product_availability":"instock","product_retailer_item_id":"4006-691-1000","product_condition":"new"},"_links":{"self":[{"href":"https:\/\/www.versiegelung24.com\/lt\/wp-json\/wp\/v2\/product\/23658","targetHints":{"allow":["GET"]}}],"collection":[{"href":"https:\/\/www.versiegelung24.com\/lt\/wp-json\/wp\/v2\/product"}],"about":[{"href":"https:\/\/www.versiegelung24.com\/lt\/wp-json\/wp\/v2\/types\/product"}],"version-history":[{"count":16,"href":"https:\/\/www.versiegelung24.com\/lt\/wp-json\/wp\/v2\/product\/23658\/revisions"}],"predecessor-version":[{"id":177889,"href":"https:\/\/www.versiegelung24.com\/lt\/wp-json\/wp\/v2\/product\/23658\/revisions\/177889"}],"wp:featuredmedia":[{"embeddable":true,"href":"https:\/\/www.versiegelung24.com\/lt\/wp-json\/wp\/v2\/media\/18291"}],"wp:attachment":[{"href":"https:\/\/www.versiegelung24.com\/lt\/wp-json\/wp\/v2\/media?parent=23658"}],"wp:term":[{"taxonomy":"product_brand","embeddable":true,"href":"https:\/\/www.versiegelung24.com\/lt\/wp-json\/wp\/v2\/product_brand?post=23658"},{"taxonomy":"product_cat","embeddable":true,"href":"https:\/\/www.versiegelung24.com\/lt\/wp-json\/wp\/v2\/product_cat?post=23658"},{"taxonomy":"product_tag","embeddable":true,"href":"https:\/\/www.versiegelung24.com\/lt\/wp-json\/wp\/v2\/product_tag?post=23658"}],"curies":[{"name":"wp","href":"https:\/\/api.w.org\/{rel}","templated":true}]}}