{"id":23763,"date":"2020-04-04T18:53:45","date_gmt":"2021-08-02T20:04:39","guid":{"rendered":"https:\/\/www.versiegelung24.com\/produkt\/nerudijancio-plieno-valiklis-blu1000-skirtas-profesionaliam-nerudijancio-plieno-pavirsiu-valymui-ir-paruosimui"},"modified":"2025-03-20T10:01:18","modified_gmt":"2025-03-20T09:01:18","slug":"nerudijancio-plieno-valiklis-blu1000-skirtas-profesionaliam-nerudijancio-plieno-pavirsiu-valymui-ir-paruosimui","status":"publish","type":"product","link":"https:\/\/www.versiegelung24.com\/lt\/nerudijancio-plieno-valiklis-blu1000-skirtas-profesionaliam-nerudijancio-plieno-pavirsiu-valymui-ir-paruosimui.html","title":{"rendered":"Ner\u016bdijan\u010dio plieno valiklis BLU1000 &#8211; skirtas profesionaliam ner\u016bdijan\u010dio plieno pavir\u0161i\u0173 valymui ir paruo\u0161imui"},"content":{"rendered":"\n<p><strong>Ner\u016bdijan\u010dio plieno specialus valiklis BLU1000<\/strong><\/p>\n\n<hr \/>\n\n<h4 class=\"wp-block-heading\" id=\"properties\">Produkto savyb\u0117s<\/h4>\n\n<p>Produkte yra labai aktyvi\u0173 valymo pried\u0173 ir pried\u0173, skirt\u0173 stipriausiems ne\u0161varumams, pa\u017eeistiems, koroziniams ir negra\u017eiams ner\u016bdijan\u010dio plieno pavir\u0161iams atkurti. Rezultatas yra geras pavir\u0161ius nuo optinio iki blizgaus.<\/p>\n\n<p><br \/><br \/>Pristatymo apimtis: 1 x litrinis butelis 1 x produkto apra\u0161ymas<\/p>\n\n<hr \/>\n\n<h4 class=\"wp-block-heading\" id=\"application\">Parai\u0161ka<\/h4>\n\n<p>Vidiniai ir i\u0161oriniai pavir\u0161iai, pagaminti i\u0161 ner\u016bdijan\u010dio plieno, dangos (metalin\u0117s, organin\u0117s, neorganin\u0117s) pramon\u0117je, amatuose, prabangos ir maisto pramon\u0117je, bendrose patalpose (pvz., Baseinai, klinikos) ir buityje.<\/p>\n\n<p>Ner\u016bdijan\u010dio plieno specialus valiklis BLU1000 naudojamas kaip specialus valiklis stipriausiam ne\u0161varumui, nuos\u0117doms ir korozijai ant konteineri\u0173, alaus darykl\u0173 sistem\u0173, laipt\u0173, tur\u0117kl\u0173, tur\u0117kl\u0173, basein\u0173, plienini\u0173 fasad\u0173, plienini\u0173 bald\u0173 ir dar daugiau. naudojamas.<\/p>\n\n<p>BLU1000 yra specialus ner\u016bdijan\u010dio plieno valiklis, ta\u010diau gali b\u016bti naudojamas ir kitiems pavir\u0161iams. Ta\u010diau \u010dia pirmiausia i\u0161bandykite nepastebimoje vietoje.<\/p>\n\n<p><br \/>S<strong>uvartojimas<\/strong>: 0,5-1 kg 10 m\u00b2.<\/p>\n\n<p>Visa informacija n\u0117ra privaloma. <br \/>Prie\u0161 naudojant gamin\u012f b\u016btina patikrinti, ar jis tinkamas naudoti. Atsi\u017evelgiant \u012f techninius pakeitimus.<\/p>\n","protected":false},"excerpt":{"rendered":"<p><strong>Produkto sud\u0117tyje yra:<\/strong><\/p>\n<p>\u2713 Labai aktyvios valymo priemon\u0117s ir priedai, skirti pa\u0161alinti did\u017eiausi\u0105 u\u017eter\u0161im\u0105, pa\u017eeistus, korozijos pa\u017eeistus ir negra\u017eius ner\u016bdijan\u010dio plieno pavir\u0161ius.<\/p>\n<p>\u2713 Sukuriamas geras optinis ar blizgus pavir\u0161ius.<\/p>\n","protected":false},"featured_media":13214,"template":"","meta":{"_acf_changed":false,"neve_meta_sidebar":"","neve_meta_container":"","neve_meta_enable_content_width":"","neve_meta_content_width":0,"neve_meta_title_alignment":"","neve_meta_author_avatar":"","neve_post_elements_order":"","neve_meta_disable_header":"","neve_meta_disable_footer":"","neve_meta_disable_title":"","neve_meta_reading_time":"","_surfaces":[],"_ver_product_tabs":[],"footnotes":""},"product_brand":[],"product_cat":[2693,2186,2518,2615],"product_tag":[],"class_list":{"0":"post-23763","1":"product","2":"type-product","3":"status-publish","4":"has-post-thumbnail","6":"product_cat-nerudijancio-plieno-valiklis","7":"product_cat-automobilio-sandarinimas","8":"product_cat-metalinis-ir-plastikinis-sandarinimas","9":"product_cat-valymo-priemones","11":"first","12":"instock","13":"taxable","14":"shipping-taxable","15":"purchasable","16":"product-type-simple"},"acf":[],"yoast_head":"<!-- This site is optimized with the Yoast SEO Premium plugin v22.8 (Yoast SEO v27.5) - https:\/\/yoast.com\/product\/yoast-seo-premium-wordpress\/ -->\n<title>Ner\u016bdijan\u010dio plieno valiklis BLU1000 - skirtas profesionaliam ner\u016bdijan\u010dio plieno pavir\u0161i\u0173 valymui ir paruo\u0161imui - versiegelung24.com<\/title>\n<meta name=\"robots\" content=\"index, follow, max-snippet:-1, max-image-preview:large, max-video-preview:-1\" \/>\n<link rel=\"canonical\" href=\"https:\/\/www.versiegelung24.com\/lt\/nerudijancio-plieno-valiklis-blu1000-skirtas-profesionaliam-nerudijancio-plieno-pavirsiu-valymui-ir-paruosimui.html\" \/>\n<meta property=\"og:locale\" content=\"lt_LT\" \/>\n<meta property=\"og:type\" content=\"article\" \/>\n<meta property=\"og:title\" content=\"Ner\u016bdijan\u010dio plieno valiklis BLU1000 - skirtas profesionaliam ner\u016bdijan\u010dio plieno pavir\u0161i\u0173 valymui ir paruo\u0161imui\" \/>\n<meta property=\"og:description\" content=\"Produkto sud\u0117tyje yra: \u2713 Labai aktyvios valymo priemon\u0117s ir priedai, skirti pa\u0161alinti did\u017eiausi\u0105 u\u017eter\u0161im\u0105, pa\u017eeistus, korozijos pa\u017eeistus ir negra\u017eius ner\u016bdijan\u010dio plieno pavir\u0161ius. \u2713 Sukuriamas geras optinis ar blizgus pavir\u0161ius.\" \/>\n<meta property=\"og:url\" content=\"https:\/\/www.versiegelung24.com\/lt\/nerudijancio-plieno-valiklis-blu1000-skirtas-profesionaliam-nerudijancio-plieno-pavirsiu-valymui-ir-paruosimui.html\" \/>\n<meta property=\"og:site_name\" content=\"versiegelung24.com\" \/>\n<meta property=\"article:modified_time\" content=\"2025-03-20T09:01:18+00:00\" \/>\n<meta property=\"og:image\" content=\"https:\/\/www.versiegelung24.com\/wp-content\/uploads\/2020\/04\/produktfoto_edelstahlreiniger.jpg\" \/>\n\t<meta property=\"og:image:width\" content=\"1000\" \/>\n\t<meta property=\"og:image:height\" content=\"1000\" \/>\n\t<meta property=\"og:image:type\" content=\"image\/jpeg\" \/>\n<meta name=\"twitter:card\" content=\"summary_large_image\" \/>\n<meta name=\"twitter:label1\" content=\"Price\" \/>\n\t<meta name=\"twitter:data1\" content=\"49,99&euro;\" \/>\n\t<meta name=\"twitter:label2\" content=\"Availability\" \/>\n\t<meta name=\"twitter:data2\" content=\"In stock\" \/>\n<script type=\"application\/ld+json\" class=\"yoast-schema-graph\">{\"@context\":\"https:\\\/\\\/schema.org\",\"@graph\":[{\"@type\":\"WebPage\",\"@id\":\"https:\\\/\\\/www.versiegelung24.com\\\/lt\\\/nerudijancio-plieno-valiklis-blu1000-skirtas-profesionaliam-nerudijancio-plieno-pavirsiu-valymui-ir-paruosimui.html\",\"url\":\"https:\\\/\\\/www.versiegelung24.com\\\/lt\\\/nerudijancio-plieno-valiklis-blu1000-skirtas-profesionaliam-nerudijancio-plieno-pavirsiu-valymui-ir-paruosimui.html\",\"name\":\"Ner\u016bdijan\u010dio plieno valiklis BLU1000 - skirtas profesionaliam ner\u016bdijan\u010dio plieno pavir\u0161i\u0173 valymui ir paruo\u0161imui - versiegelung24.com\",\"isPartOf\":{\"@id\":\"https:\\\/\\\/www.versiegelung24.com\\\/lt\\\/#website\"},\"primaryImageOfPage\":{\"@id\":\"https:\\\/\\\/www.versiegelung24.com\\\/lt\\\/nerudijancio-plieno-valiklis-blu1000-skirtas-profesionaliam-nerudijancio-plieno-pavirsiu-valymui-ir-paruosimui.html#primaryimage\"},\"image\":{\"@id\":\"https:\\\/\\\/www.versiegelung24.com\\\/lt\\\/nerudijancio-plieno-valiklis-blu1000-skirtas-profesionaliam-nerudijancio-plieno-pavirsiu-valymui-ir-paruosimui.html#primaryimage\"},\"thumbnailUrl\":\"https:\\\/\\\/www.versiegelung24.com\\\/wp-content\\\/uploads\\\/2020\\\/04\\\/produktfoto_edelstahlreiniger.jpg\",\"datePublished\":\"2021-08-02T20:04:39+00:00\",\"dateModified\":\"2025-03-20T09:01:18+00:00\",\"breadcrumb\":{\"@id\":\"https:\\\/\\\/www.versiegelung24.com\\\/lt\\\/nerudijancio-plieno-valiklis-blu1000-skirtas-profesionaliam-nerudijancio-plieno-pavirsiu-valymui-ir-paruosimui.html#breadcrumb\"},\"inLanguage\":\"lt-LT\",\"potentialAction\":[{\"@type\":\"ReadAction\",\"target\":[\"https:\\\/\\\/www.versiegelung24.com\\\/lt\\\/nerudijancio-plieno-valiklis-blu1000-skirtas-profesionaliam-nerudijancio-plieno-pavirsiu-valymui-ir-paruosimui.html\"]}]},{\"@type\":\"ImageObject\",\"inLanguage\":\"lt-LT\",\"@id\":\"https:\\\/\\\/www.versiegelung24.com\\\/lt\\\/nerudijancio-plieno-valiklis-blu1000-skirtas-profesionaliam-nerudijancio-plieno-pavirsiu-valymui-ir-paruosimui.html#primaryimage\",\"url\":\"https:\\\/\\\/www.versiegelung24.com\\\/wp-content\\\/uploads\\\/2020\\\/04\\\/produktfoto_edelstahlreiniger.jpg\",\"contentUrl\":\"https:\\\/\\\/www.versiegelung24.com\\\/wp-content\\\/uploads\\\/2020\\\/04\\\/produktfoto_edelstahlreiniger.jpg\",\"width\":1000,\"height\":1000},{\"@type\":\"BreadcrumbList\",\"@id\":\"https:\\\/\\\/www.versiegelung24.com\\\/lt\\\/nerudijancio-plieno-valiklis-blu1000-skirtas-profesionaliam-nerudijancio-plieno-pavirsiu-valymui-ir-paruosimui.html#breadcrumb\",\"itemListElement\":[{\"@type\":\"ListItem\",\"position\":1,\"name\":\"Prad\u017eia\",\"item\":\"https:\\\/\\\/www.versiegelung24.com\\\/lt\\\/priekinis\\\/\"},{\"@type\":\"ListItem\",\"position\":2,\"name\":\"Parduotuv\u0117\",\"item\":\"https:\\\/\\\/www.versiegelung24.com\\\/lt\\\/parduotuve-2\\\/\"},{\"@type\":\"ListItem\",\"position\":3,\"name\":\"Ner\u016bdijan\u010dio plieno valiklis BLU1000 &#8211; skirtas profesionaliam ner\u016bdijan\u010dio plieno pavir\u0161i\u0173 valymui ir paruo\u0161imui\"}]},{\"@type\":\"WebSite\",\"@id\":\"https:\\\/\\\/www.versiegelung24.com\\\/lt\\\/#website\",\"url\":\"https:\\\/\\\/www.versiegelung24.com\\\/lt\\\/\",\"name\":\"versiegelung24.com\",\"description\":\"Fl\u00fcssigglas-Versiegelung - Made in Germany\",\"publisher\":{\"@id\":\"https:\\\/\\\/www.versiegelung24.com\\\/lt\\\/#organization\"},\"potentialAction\":[{\"@type\":\"SearchAction\",\"target\":{\"@type\":\"EntryPoint\",\"urlTemplate\":\"https:\\\/\\\/www.versiegelung24.com\\\/lt\\\/?s={search_term_string}\"},\"query-input\":{\"@type\":\"PropertyValueSpecification\",\"valueRequired\":true,\"valueName\":\"search_term_string\"}}],\"inLanguage\":\"lt-LT\"},{\"@type\":\"Organization\",\"@id\":\"https:\\\/\\\/www.versiegelung24.com\\\/lt\\\/#organization\",\"name\":\"versiegelung24\",\"url\":\"https:\\\/\\\/www.versiegelung24.com\\\/lt\\\/\",\"logo\":{\"@type\":\"ImageObject\",\"inLanguage\":\"lt-LT\",\"@id\":\"https:\\\/\\\/www.versiegelung24.com\\\/lt\\\/#\\\/schema\\\/logo\\\/image\\\/\",\"url\":\"https:\\\/\\\/www.versiegelung24.com\\\/wp-content\\\/uploads\\\/2020\\\/04\\\/versiegelung24.png\",\"contentUrl\":\"https:\\\/\\\/www.versiegelung24.com\\\/wp-content\\\/uploads\\\/2020\\\/04\\\/versiegelung24.png\",\"width\":470,\"height\":102,\"caption\":\"versiegelung24\"},\"image\":{\"@id\":\"https:\\\/\\\/www.versiegelung24.com\\\/lt\\\/#\\\/schema\\\/logo\\\/image\\\/\"}}]}<\/script>\n<meta property=\"product:price:amount\" content=\"49.99\" \/>\n<meta property=\"product:price:currency\" content=\"EUR\" \/>\n<meta property=\"og:availability\" content=\"instock\" \/>\n<meta property=\"product:availability\" content=\"instock\" \/>\n<meta property=\"product:retailer_item_id\" content=\"9001-BLU1000\" \/>\n<meta property=\"product:condition\" content=\"new\" \/>\n<!-- \/ Yoast SEO Premium plugin. -->","yoast_head_json":{"title":"Ner\u016bdijan\u010dio plieno valiklis BLU1000 - skirtas profesionaliam ner\u016bdijan\u010dio plieno pavir\u0161i\u0173 valymui ir paruo\u0161imui - versiegelung24.com","robots":{"index":"index","follow":"follow","max-snippet":"max-snippet:-1","max-image-preview":"max-image-preview:large","max-video-preview":"max-video-preview:-1"},"canonical":"https:\/\/www.versiegelung24.com\/lt\/nerudijancio-plieno-valiklis-blu1000-skirtas-profesionaliam-nerudijancio-plieno-pavirsiu-valymui-ir-paruosimui.html","og_locale":"lt_LT","og_type":"article","og_title":"Ner\u016bdijan\u010dio plieno valiklis BLU1000 - skirtas profesionaliam ner\u016bdijan\u010dio plieno pavir\u0161i\u0173 valymui ir paruo\u0161imui","og_description":"Produkto sud\u0117tyje yra: \u2713 Labai aktyvios valymo priemon\u0117s ir priedai, skirti pa\u0161alinti did\u017eiausi\u0105 u\u017eter\u0161im\u0105, pa\u017eeistus, korozijos pa\u017eeistus ir negra\u017eius ner\u016bdijan\u010dio plieno pavir\u0161ius. \u2713 Sukuriamas geras optinis ar blizgus pavir\u0161ius.","og_url":"https:\/\/www.versiegelung24.com\/lt\/nerudijancio-plieno-valiklis-blu1000-skirtas-profesionaliam-nerudijancio-plieno-pavirsiu-valymui-ir-paruosimui.html","og_site_name":"versiegelung24.com","article_modified_time":"2025-03-20T09:01:18+00:00","og_image":[{"width":1000,"height":1000,"url":"https:\/\/www.versiegelung24.com\/wp-content\/uploads\/2020\/04\/produktfoto_edelstahlreiniger.jpg","type":"image\/jpeg"}],"twitter_card":"summary_large_image","twitter_misc":{"Price":"49,99&euro;","Availability":"In stock"},"schema":{"@context":"https:\/\/schema.org","@graph":[{"@type":"WebPage","@id":"https:\/\/www.versiegelung24.com\/lt\/nerudijancio-plieno-valiklis-blu1000-skirtas-profesionaliam-nerudijancio-plieno-pavirsiu-valymui-ir-paruosimui.html","url":"https:\/\/www.versiegelung24.com\/lt\/nerudijancio-plieno-valiklis-blu1000-skirtas-profesionaliam-nerudijancio-plieno-pavirsiu-valymui-ir-paruosimui.html","name":"Ner\u016bdijan\u010dio plieno valiklis BLU1000 - skirtas profesionaliam ner\u016bdijan\u010dio plieno pavir\u0161i\u0173 valymui ir paruo\u0161imui - versiegelung24.com","isPartOf":{"@id":"https:\/\/www.versiegelung24.com\/lt\/#website"},"primaryImageOfPage":{"@id":"https:\/\/www.versiegelung24.com\/lt\/nerudijancio-plieno-valiklis-blu1000-skirtas-profesionaliam-nerudijancio-plieno-pavirsiu-valymui-ir-paruosimui.html#primaryimage"},"image":{"@id":"https:\/\/www.versiegelung24.com\/lt\/nerudijancio-plieno-valiklis-blu1000-skirtas-profesionaliam-nerudijancio-plieno-pavirsiu-valymui-ir-paruosimui.html#primaryimage"},"thumbnailUrl":"https:\/\/www.versiegelung24.com\/wp-content\/uploads\/2020\/04\/produktfoto_edelstahlreiniger.jpg","datePublished":"2021-08-02T20:04:39+00:00","dateModified":"2025-03-20T09:01:18+00:00","breadcrumb":{"@id":"https:\/\/www.versiegelung24.com\/lt\/nerudijancio-plieno-valiklis-blu1000-skirtas-profesionaliam-nerudijancio-plieno-pavirsiu-valymui-ir-paruosimui.html#breadcrumb"},"inLanguage":"lt-LT","potentialAction":[{"@type":"ReadAction","target":["https:\/\/www.versiegelung24.com\/lt\/nerudijancio-plieno-valiklis-blu1000-skirtas-profesionaliam-nerudijancio-plieno-pavirsiu-valymui-ir-paruosimui.html"]}]},{"@type":"ImageObject","inLanguage":"lt-LT","@id":"https:\/\/www.versiegelung24.com\/lt\/nerudijancio-plieno-valiklis-blu1000-skirtas-profesionaliam-nerudijancio-plieno-pavirsiu-valymui-ir-paruosimui.html#primaryimage","url":"https:\/\/www.versiegelung24.com\/wp-content\/uploads\/2020\/04\/produktfoto_edelstahlreiniger.jpg","contentUrl":"https:\/\/www.versiegelung24.com\/wp-content\/uploads\/2020\/04\/produktfoto_edelstahlreiniger.jpg","width":1000,"height":1000},{"@type":"BreadcrumbList","@id":"https:\/\/www.versiegelung24.com\/lt\/nerudijancio-plieno-valiklis-blu1000-skirtas-profesionaliam-nerudijancio-plieno-pavirsiu-valymui-ir-paruosimui.html#breadcrumb","itemListElement":[{"@type":"ListItem","position":1,"name":"Prad\u017eia","item":"https:\/\/www.versiegelung24.com\/lt\/priekinis\/"},{"@type":"ListItem","position":2,"name":"Parduotuv\u0117","item":"https:\/\/www.versiegelung24.com\/lt\/parduotuve-2\/"},{"@type":"ListItem","position":3,"name":"Ner\u016bdijan\u010dio plieno valiklis BLU1000 &#8211; skirtas profesionaliam ner\u016bdijan\u010dio plieno pavir\u0161i\u0173 valymui ir paruo\u0161imui"}]},{"@type":"WebSite","@id":"https:\/\/www.versiegelung24.com\/lt\/#website","url":"https:\/\/www.versiegelung24.com\/lt\/","name":"versiegelung24.com","description":"Fl\u00fcssigglas-Versiegelung - Made in Germany","publisher":{"@id":"https:\/\/www.versiegelung24.com\/lt\/#organization"},"potentialAction":[{"@type":"SearchAction","target":{"@type":"EntryPoint","urlTemplate":"https:\/\/www.versiegelung24.com\/lt\/?s={search_term_string}"},"query-input":{"@type":"PropertyValueSpecification","valueRequired":true,"valueName":"search_term_string"}}],"inLanguage":"lt-LT"},{"@type":"Organization","@id":"https:\/\/www.versiegelung24.com\/lt\/#organization","name":"versiegelung24","url":"https:\/\/www.versiegelung24.com\/lt\/","logo":{"@type":"ImageObject","inLanguage":"lt-LT","@id":"https:\/\/www.versiegelung24.com\/lt\/#\/schema\/logo\/image\/","url":"https:\/\/www.versiegelung24.com\/wp-content\/uploads\/2020\/04\/versiegelung24.png","contentUrl":"https:\/\/www.versiegelung24.com\/wp-content\/uploads\/2020\/04\/versiegelung24.png","width":470,"height":102,"caption":"versiegelung24"},"image":{"@id":"https:\/\/www.versiegelung24.com\/lt\/#\/schema\/logo\/image\/"}}]},"product_price_amount":"49.99","product_price_currency":"EUR","og_availability":"instock","product_availability":"instock","product_retailer_item_id":"9001-BLU1000","product_condition":"new"},"_links":{"self":[{"href":"https:\/\/www.versiegelung24.com\/lt\/wp-json\/wp\/v2\/product\/23763","targetHints":{"allow":["GET"]}}],"collection":[{"href":"https:\/\/www.versiegelung24.com\/lt\/wp-json\/wp\/v2\/product"}],"about":[{"href":"https:\/\/www.versiegelung24.com\/lt\/wp-json\/wp\/v2\/types\/product"}],"version-history":[{"count":16,"href":"https:\/\/www.versiegelung24.com\/lt\/wp-json\/wp\/v2\/product\/23763\/revisions"}],"predecessor-version":[{"id":181071,"href":"https:\/\/www.versiegelung24.com\/lt\/wp-json\/wp\/v2\/product\/23763\/revisions\/181071"}],"wp:featuredmedia":[{"embeddable":true,"href":"https:\/\/www.versiegelung24.com\/lt\/wp-json\/wp\/v2\/media\/13214"}],"wp:attachment":[{"href":"https:\/\/www.versiegelung24.com\/lt\/wp-json\/wp\/v2\/media?parent=23763"}],"wp:term":[{"taxonomy":"product_brand","embeddable":true,"href":"https:\/\/www.versiegelung24.com\/lt\/wp-json\/wp\/v2\/product_brand?post=23763"},{"taxonomy":"product_cat","embeddable":true,"href":"https:\/\/www.versiegelung24.com\/lt\/wp-json\/wp\/v2\/product_cat?post=23763"},{"taxonomy":"product_tag","embeddable":true,"href":"https:\/\/www.versiegelung24.com\/lt\/wp-json\/wp\/v2\/product_tag?post=23763"}],"curies":[{"name":"wp","href":"https:\/\/api.w.org\/{rel}","templated":true}]}}