{"id":23952,"date":"2020-04-27T21:45:35","date_gmt":"2021-08-02T20:13:18","guid":{"rendered":"https:\/\/www.versiegelung24.com\/produkt\/apsauga-nuo-graffiti-labai-efektyvus-fasado-sandarinimas"},"modified":"2025-01-04T00:01:22","modified_gmt":"2025-01-03T23:01:22","slug":"apsaugine-danga-nuo-graffiti-labai-efektyvi-fasado-sandarinimas","status":"publish","type":"product","link":"https:\/\/www.versiegelung24.com\/lt\/apsaugine-danga-nuo-graffiti-labai-efektyvi-fasado-sandarinimas.html","title":{"rendered":"Apsaugin\u0117 danga nuo graffiti &#8211; Antigraffiti danga"},"content":{"rendered":"\n<p>7626 antigraffiti danga yra itin patvarus ir skaidrus sprendimas, apsaugantis nuo graffiti u\u017eter\u0161imo, nenaudojant apsauginio sluoksnio. \u0160i\u0105 nuolatin\u0119 apsaugos sistem\u0105, kuri, tinkamai naudojant, galioja iki 20 met\u0173 ir gali pa\u0161alinti graffiti ma\u017eiausiai 20 kart\u0173, lengva pa\u0161alinti \u0161altu vandeniu ir nenaudojant chemini\u0173 med\u017eiag\u0173. Jis idealiai tinka beveik visiems pavir\u0161iams.<\/p>\n\n<h4 class=\"wp-block-heading\" id=\"h-video-der-anti-graffiti-schutzanstrich-im-praxistest\">Vaizdo \u012fra\u0161as &#8211; apsaugin\u0117 danga nuo graffiti praktiniame bandyme:<\/h4>\n\n<div class=\"wp-block-columns is-layout-flex wp-container-core-columns-is-layout-9d6595d7 wp-block-columns-is-layout-flex\">\n<div class=\"wp-block-column is-layout-flow wp-block-column-is-layout-flow\">\n<figure class=\"wp-block-embed is-type-video is-provider-youtube wp-block-embed-youtube wp-embed-aspect-16-9 wp-has-aspect-ratio\"><div class=\"wp-block-embed__wrapper\"> \n<div class=\"nv-iframe-embed\"><iframe title=\"Graffiti Entfernung an einem Bahnhof - Graffiti Schutzanstrich - Versiegelung24.com\" width=\"1200\" height=\"675\" src=\"https:\/\/www.youtube.com\/embed\/O7C47GU6pd8?feature=oembed\" frameborder=\"0\" allow=\"accelerometer; autoplay; clipboard-write; encrypted-media; gyroscope; picture-in-picture; web-share\" referrerpolicy=\"strict-origin-when-cross-origin\" allowfullscreen><\/iframe><\/div>\n <\/div><\/figure>\n<\/div>\n\n\n\n<div class=\"wp-block-column is-layout-flow wp-block-column-is-layout-flow\">\n<figure class=\"wp-block-embed is-type-video is-provider-youtube wp-block-embed-youtube wp-embed-aspect-16-9 wp-has-aspect-ratio\"><div class=\"wp-block-embed__wrapper\"> \n<div class=\"nv-iframe-embed\"><iframe title=\"Erkla\u0308rung Grafffiti-Schutzanstrich - versiegelung24.com\" width=\"1200\" height=\"675\" src=\"https:\/\/www.youtube.com\/embed\/zy_puhXRc4s?feature=oembed\" frameborder=\"0\" allow=\"accelerometer; autoplay; clipboard-write; encrypted-media; gyroscope; picture-in-picture; web-share\" referrerpolicy=\"strict-origin-when-cross-origin\" allowfullscreen><\/iframe><\/div>\n <\/div><\/figure>\n<\/div>\n<\/div>\n\n<h4 class=\"wp-block-heading\" id=\"properties\">Produkto savyb\u0117s<\/h4>\n\n<div class=\"wp-block-columns is-layout-flex wp-container-core-columns-is-layout-9d6595d7 wp-block-columns-is-layout-flex\">\n<div class=\"wp-block-column is-layout-flow wp-block-column-is-layout-flow\">\n<p><strong>Labai efektyvus sandarinimas nuo graffiti su ilgalaike apsauga ir be \u0161e\u0161\u0117li\u0173 susidarymo daugel\u012f met\u0173<\/strong><\/p>\n\n\n\n<p><br\/>Prek\u0117s numeris: 9201-7626 Auk\u0161ta kokyb\u0117 Pagaminta Vokietijoje<\/p>\n\n\n\n<p>Vos vieno \u0161io produkto u\u017etepimo gali pakakti, kad b\u016bt\u0173 sukurtas veiksmingas apsauginis barjeras. Ypa\u010d \u012fgerian\u010dias med\u017eiagas, pavyzd\u017eiui, smiltain\u012f, pirmiausia gali tekti padengti grunto tirpalu arba antruoju 7626 pl\u0117vel\u0117s nuo graffiti sluoksniu. Tai reik\u0117t\u0173 daryti ma\u017edaug po pusvaland\u017eio, kai temperat\u016bra auk\u0161tesn\u0117 nei 20 laipsni\u0173 Celsijaus, arba po trij\u0173 keturi\u0173 valand\u0173, kai temperat\u016bra v\u0117sesn\u0117, kad pavir\u0161ius b\u016bt\u0173 apsaugotas ilgus metus.<\/p>\n\n\n\n<p><strong>gaminio sauga<\/strong><\/p>\n\n\n\n<p>Informacij\u0105 apie gaminio klasifikacij\u0105 pagal Potvark\u012f d\u0117l pavojing\u0173 med\u017eiag\u0173, saugos duomenis ir duomenis apie toksikologij\u0105 ir saugojim\u0105 rasite m\u016bs\u0173 saugos duomen\u0173 lape.<\/p>\n\n\n\n<p><strong>saugykla<\/strong><\/p>\n\n\n\n<p>V24 antigraffiti sandariklis netur\u0117t\u0173 liestis su dr\u0117gme. Jis turi b\u016bti laikomas originalioje, u\u017edarytoje talpykloje, laikymo temperat\u016broje. Saugoti nuo tiesiogini\u0173 saul\u0117s spinduli\u0173.<\/p>\n<\/div>\n\n\n\n<div class=\"wp-block-column is-layout-flow wp-block-column-is-layout-flow\">\n<p><strong>Greitas kiet\u0117jimas<\/strong><\/p>\n\n\n\n<p>Netrukus po u\u017etepimo hermetikas jau b\u016bna sausas ir per kelias valandas pasiekia vis\u0105 savo veiksmingum\u0105. Tod\u0117l graffiti pa\u0161alinimas yra nesud\u0117tingas ir greitas. Dengtiems pavir\u0161iams valyti tereikia auk\u0161to sl\u0117gio valiklio (iki 80 bar\u0173) arba \u0161velnaus \u0161epe\u010dio, nenaudojant chemini\u0173 valymo priemoni\u0173.<\/p>\n\n\n\n<p>\u2713 Labai stiprus sukibimas<\/p>\n\n\n\n<p>\u2713 Nesudaro \u0161e\u0161\u0117li\u0173<\/p>\n\n\n\n<p>\u2713 Vieno komponento sistema: (daugeliu atvej\u0173) pakanka tik vieno sluoksnio<\/p>\n\n\n\n<p>\u2713 Lengvai tepamas da\u017eant. Nereikia mai\u0161yti ir pan.<\/p>\n\n\n\n<p>\u2713 Ilgalaik\u0117 apsauga<\/p>\n\n\n\n<p>\u2713 Paprastai graffiti galima greitai ir lengvai pa\u0161alinti vandeniu. Daugeliu atvej\u0173 graffiti \u0161alinimo priemoni\u0173 nereikia.<\/p>\n\n\n\n<p>\u2713 Taip pat gali b\u016bti naudojama kaip apsauga nuo neteis\u0117to paskelbimo (plakatai negali prilipti) <\/p>\n\n\n\n<p>\u2713 Skystis n\u0117ra pavojingas produktas<\/p>\n\n\n\n<p>\u2713 Taip pat galima rinktis RAL spalvas (minimalus kiekis 100 litr\u0173 &#8211; priemoka +20 %)<\/p>\n<\/div>\n<\/div>\n\n<hr\/>\n\n<h4 class=\"wp-block-heading\" id=\"application\">Parai\u0161ka<\/h4>\n\n<p>Taikyti labai paprasta: Tiesiog atidarykite talpykl\u0105 ir tepkite produkt\u0105 da\u017e\u0173 voleliu &#8211; prie\u0161 tai jo nereikia mai\u0161yti, tod\u0117l sutaupoma laiko ir supaprastinamas procesas. Naudojant tam tikros RAL spalvos antigraffiti pl\u0117vel\u0119, esamus grafi\u010dius galima tiesiog u\u017eda\u017eyti. Skaidri versija taip pat apsaugo &#8220;pageidaujamus&#8221; graffiti meno k\u016brinius.<\/p>\n\n<div class=\"wp-block-columns is-layout-flex wp-container-core-columns-is-layout-9d6595d7 wp-block-columns-is-layout-flex\">\n<div class=\"wp-block-column is-layout-flow wp-block-column-is-layout-flow\">\n<ul class=\"wp-block-list\">\n<li>\u012f<strong> V24 sandarinimas nuo graffiti<\/strong> neskiestas tepamas ant i\u0161 anksto nuvalyto ir i\u0161d\u017eiovinto pavir\u0161iaus.<\/li>\n<\/ul>\n\n\n\n<ul class=\"wp-block-list\">\n<li>Visi pavir\u0161iai, kuriuos reikia apdoroti, turi b\u016bti sausi ir gerai i\u0161valyti. Sm\u0117lio akmenims ir plytoms reikia tepti papildom\u0105 grunt\u0105.<\/li>\n<\/ul>\n\n\n\n<ul class=\"wp-block-list\">\n<li><strong>V24 antigraffiti sandariklis<\/strong> neturi liestis su vandeniu prie\u0161 apdorojim\u0105 arba jo metu ir netur\u0117t\u0173 b\u016bti naudojamas lyjant.<\/li>\n<\/ul>\n\n\n\n<ul class=\"wp-block-list\">\n<li>Sandarikl\u012f galima tepti teptuku, voleliu arba beoriu pur\u0161kikliu.<\/li>\n<\/ul>\n\n\n\n<ul class=\"wp-block-list\">\n<li>Pavir\u0161ius sausas liesti po ma\u017edaug 3-4 valand\u0173.<\/li>\n<\/ul>\n\n\n\n<ul class=\"wp-block-list\">\n<li>Danga yra visi\u0161kai susieta ir sukiet\u0117ja po 24 valand\u0173.<\/li>\n<\/ul>\n\n\n\n<p>I\u0161sam\u0173 programos apra\u0161ym\u0105 rasite m\u016bs\u0173 duomen\u0173 lape<\/p>\n<\/div>\n\n\n\n<div class=\"wp-block-column is-layout-flow wp-block-column-is-layout-flow\">\n<p>Reikalingas kiekis priklauso nuo dengiamo pavir\u0161iaus sugeriamumo. I\u0161eiga yra apie 8-10m\u00b2\/l lygiems, nesugeriantiems pavir\u0161iams ir 6-8m\u00b2\/litre sugeriantiems pavir\u0161iams.<\/p>\n\n\n\n<p>Aliuminio dangos*<\/p>\n\n\n\n<p>Betonas (tuneliai, trasos, apsaugos nuo triuk\u0161mo ir atramin\u0117s sienos, tilt\u0173 atramos, m\u016bras ir t. t.)<\/p>\n\n\n\n<p>\u2713 Stiklo pluo\u0161tas<\/p>\n\n\n\n<p>\u2713 Stiklas*<\/p>\n\n\n\n<p>\u2713 mediena<\/p>\n\n\n\n<p>Plastikas*<\/p>\n\n\n\n<p>M\u016bras (\u012fskaitant plytas, nat\u016bral\u0173 akmen\u012f, klinker\u012f, marmur\u0105, akmen\u012f, plyteles, granit\u0105)<\/p>\n\n\n\n<p>\u2713 Universalios d\u0117\u017eut\u0117s (paskirstymo d\u0117\u017eut\u0117s)<\/p>\n\n\n\n<p>\u2713 Metalas*<\/p>\n\n\n\n<p>\u2713 Plienas*<\/p>\n\n\n\n<p>\u2713 Gatv\u0117s \u017eenklai<\/p>\n\n\n\n<p>\u2713 Tinkas<\/p>\n\n\n\n<p>\u2713 Vinilin\u0117s dailylent\u0117s<\/p>\n\n\n\n<p>*Svarbu pa\u017eym\u0117ti, kad sukibimas su poliruotais ir lygiais pavir\u0161iais n\u0117ra toks stiprus kaip su \u0161iurk\u0161\u010diais ar por\u0117tais pavir\u0161iais.<\/p>\n<\/div>\n<\/div>\n\n<div style=\"height:18px\" aria-hidden=\"true\" class=\"wp-block-spacer\"><\/div>\n\n<hr\/>\n\n<h4 class=\"wp-block-heading\" id=\"advisor\">Konsultantas<\/h4>\n\n<h2 class=\"wp-block-heading\" id=\"h-was-ist-graffitischutz-und-warum-ist-er-wichtig\">Kas yra apsauga nuo graffiti ir kod\u0117l ji svarbi?<\/h2>\n\n<p>Apsauga nuo graffiti &#8211; tai priemon\u0117s, skirtos neleisti graffiti da\u017eams prilipti prie pavir\u0161i\u0173 ir padaryti \u017ealos. Be tinkamos apsaugos grafi\u010diai gali sugadinti fasad\u0105, sukelti dideli\u0173 valymo i\u0161laid\u0173 ir suma\u017einti turto vert\u0119. Tod\u0117l apsauga nuo graffiti yra labai svarbi tiek d\u0117l estetini\u0173, tiek d\u0117l ekonomini\u0173 prie\u017eas\u010di\u0173.<\/p>\n\n<h2 class=\"wp-block-heading\" id=\"h-welche-arten-von-schutz-gibt-es\">Kokios yra apsaugos r\u016b\u0161ys?<\/h2>\n\n<p>Yra \u012fvairi\u0173 apsaugos nuo graffiti tip\u0173, kuriuos galima pasirinkti atsi\u017evelgiant \u012f reikalavimus ir pavir\u0161i\u0173:<\/p>\n\n<p><br\/><br\/>N<strong>uolatin\u0117<\/strong> <strong>apsauga nuo graffiti<\/strong>: \u0161io tipo apsauga ant pavir\u0161iaus suformuoja nuolatin\u012f apsaugin\u012f sluoksn\u012f ir leid\u017eia lengvai pa\u0161alinti graffiti nenaudojant pakartotinai apsaugin\u0117s priemon\u0117s.<strong>Pusiau nuolatin\u0117<\/strong> <strong>apsauga nuo graffiti<\/strong>: \u0161i\u0105 apsaug\u0105 reikia atnaujinti pa\u0161alinus graffiti, ta\u010diau ji taip pat u\u017etikrina veiksming\u0105 barjer\u0105 nuo graffiti. Kaip impregnavimas veikia kaip apsauga nuo graffiti?<\/p>\n\n<p><strong>Impregnantai<\/strong> giliai \u012fsiskverbia \u012f pagrind\u0105 ir suformuoja nematom\u0105 apsaugin\u012f sluoksn\u012f, kuris neleid\u017eia grafiti da\u017eams prasiskverbti \u012f med\u017eiag\u0105. Tai palengvina valym\u0105 ir visam laikui apsaugo pavir\u0161i\u0173. Kuo skiriasi ilgalaikis ir pusiau ilgalaikis antigraffiti hermetikas?<\/p>\n\n<p><strong>Nuolatin\u0117 apsauga nuo graffiti<\/strong> lieka ant pavir\u0161iaus ir jos nereikia atnaujinti, o pusiau nuolatin\u0119 apsaug\u0105 reikia atnaujinti po kiekvieno graffiti pa\u0161alinimo. Tod\u0117l ilgalaikiai sprendimai yra ilgalaikis ir ma\u017eiau prie\u017ei\u016bros reikalaujantis variantas.<\/p>\n\n<h2 class=\"wp-block-heading\" id=\"h-welche-produkte-eignen-sich-fur-den-graffiti-schutz-auf-beton-und-naturstein\">Kokie produktai tinka apsaugai nuo graffiti ant betono ir nat\u016bralaus akmens?<\/h2>\n\n<p>M\u016bs\u0173 impregnant\u0105 galima be joki\u0173 problem\u0173 naudoti ant betono ar nat\u016bralaus akmens.<\/p>\n\n<h2 class=\"wp-block-heading\" id=\"h-wie-wird-der-graffitischutz-auf-unterschiedlichen-untergrunden-angewendet\">Kaip apsauga nuo graffiti taikoma skirtingiems pavir\u0161iams?<\/h2>\n\n<p>Apsaugos nuo graffiti taikymas priklauso nuo pagrindo. Skirtingai nuo (pvz., stiklo ar plastiko), betonui, nat\u016braliam akmeniui ir klinkeriui reikia taikyti skirtingus metodus, kad b\u016bt\u0173 u\u017etikrinta optimali apsauga.  <\/p>\n\n<h2 class=\"wp-block-heading\" id=\"h-welche-rolle-spielt-die-reinigung-bei-der-graffitientfernung\">Kok\u012f vaidmen\u012f valymas atlieka \u0161alinant grafi\u010dius?<\/h2>\n\n<p>Valymas atlieka lemiam\u0105 vaidmen\u012f \u0161alinant graffiti. Naudojant tinkamas valymo priemones ir metodus, graffiti galima greitai ir veiksmingai pa\u0161alinti nepa\u017eeid\u017eiant po juo esan\u010dio apsauginio sluoksnio.<\/p>\n\n<h2 class=\"wp-block-heading\" id=\"h-tipps-zur-auswahl-des-richtigen-graffitischutz-produkts\">Patarimai, kaip pasirinkti tinkam\u0105 apsaugos nuo graffiti produkt\u0105<\/h2>\n\n<p><strong>I\u0161analizuokite substrat\u0105<\/strong>:<br\/><strong>Perskaitykite informacij\u0105 apie gamin\u012f<\/strong>:<br\/> I\u0161samiai informuokite save apie gaminio savybes, pavyzd\u017eiui, atsparum\u0105 tirpikliams ir UV spinduliams.<strong>Pasinaudokite technin\u0117mis konsultacijomis<\/strong>: Pasinaudokite Versiegelung24.com technine pagalba, kad \u012fsitikintum\u0117te, jog produktas naudojamas teisingai.<br\/><\/p>\n\n<h2 class=\"wp-block-heading\" id=\"h-zusammenfassung-der-wichtigsten-punkte\">Svarbiausi\u0173 punkt\u0173 santrauka<\/h2>\n\n<p><br\/><br\/><br\/>Apsauga nuo graffiti yra svarbi siekiant apsaugoti fasadus nuo pa\u017eeidim\u0173 ir vert\u0117s praradimo. Yra nuolatini\u0173 ir pusiau nuolatini\u0173 apsaugos nuo graffiti sprendim\u0173, kuriuos galima pasirinkti pagal reikalavimus.<strong>Impregnavimas yra veiksmingas b\u016bdas<\/strong> apsaugoti beton\u0105, nat\u016bral\u0173 akmen\u012f ir klinker\u012f nuo graffiti. Teisingas padengimas ir valymas yra labai svarb\u016bs siekiant ilgalaik\u0117s s\u0117kmingos apsaugos nuo graffiti.<\/p>\n","protected":false},"excerpt":{"rendered":"<p><strong>Labai efektyvus fasado sandarinimas su ilgalaike apsauga ir be \u0161e\u0161\u0117li\u0173<\/strong>  <\/p>\n<p>\u2713 Lengva naudoti: nereikia mai\u0161yti ir pan<\/p>\n<p>\u2713 Ilgalaik\u0117 apsauga ir satino apdaila<\/p>\n<p>\u2713 Visas padengimas: be \u0161e\u0161\u0117li\u0173<\/p>\n<p>\u2713 Po da\u017eymo grafi\u010diai lengvai pa\u0161alinami vandeniu<\/p>\n<p>\u2713 I\u0161d\u017eiovinkite liesdami po 3-4 valand\u0173<\/p>\n","protected":false},"featured_media":169227,"template":"","meta":{"_acf_changed":false,"neve_meta_sidebar":"","neve_meta_container":"","neve_meta_enable_content_width":"","neve_meta_content_width":0,"neve_meta_title_alignment":"","neve_meta_author_avatar":"","neve_post_elements_order":"","neve_meta_disable_header":"","neve_meta_disable_footer":"","neve_meta_disable_title":"","neve_meta_reading_time":"","_surfaces":[],"_ver_product_tabs":[],"footnotes":""},"product_brand":[],"product_cat":[2470],"product_tag":[],"class_list":{"0":"post-23952","1":"product","2":"type-product","3":"status-publish","4":"has-post-thumbnail","6":"product_cat-akmens-ir-betono-sandarinimas","7":"pa_gebinde-5-l-talpos-kanistras-ral-spalvos","8":"pa_gebinde-5-l-talpos-kanistras","10":"first","11":"instock","12":"taxable","13":"shipping-taxable","14":"purchasable","15":"product-type-variable","16":"has-default-attributes"},"acf":[],"yoast_head":"<!-- This site is optimized with the Yoast SEO Premium plugin v22.8 (Yoast SEO v27.5) - https:\/\/yoast.com\/product\/yoast-seo-premium-wordpress\/ -->\n<title>Apsaugin\u0117 danga nuo graffiti - Antigraffiti danga - versiegelung24.com<\/title>\n<meta name=\"description\" content=\"Antigraffiti danga - Apsaugokite savo fasad\u0105 nuo nepageidaujam\u0173 grafi\u010di\u0173 - dabar Versiegelung24.com\" \/>\n<meta name=\"robots\" content=\"index, follow, max-snippet:-1, max-image-preview:large, max-video-preview:-1\" \/>\n<link rel=\"canonical\" href=\"https:\/\/www.versiegelung24.com\/lt\/apsaugine-danga-nuo-graffiti-labai-efektyvi-fasado-sandarinimas.html\" \/>\n<meta property=\"og:locale\" content=\"lt_LT\" \/>\n<meta property=\"og:type\" content=\"article\" \/>\n<meta property=\"og:title\" content=\"Apsaugin\u0117 danga nuo graffiti - Antigraffiti danga\" \/>\n<meta property=\"og:description\" content=\"Antigraffiti danga - Apsaugokite savo fasad\u0105 nuo nepageidaujam\u0173 grafi\u010di\u0173 - dabar Versiegelung24.com\" \/>\n<meta property=\"og:url\" content=\"https:\/\/www.versiegelung24.com\/lt\/apsaugine-danga-nuo-graffiti-labai-efektyvi-fasado-sandarinimas.html\" \/>\n<meta property=\"og:site_name\" content=\"versiegelung24.com\" \/>\n<meta property=\"article:modified_time\" content=\"2025-01-03T23:01:22+00:00\" \/>\n<meta property=\"og:image\" content=\"https:\/\/www.versiegelung24.com\/wp-content\/uploads\/2020\/04\/7626-anti-graffiti.webp\" \/>\n\t<meta property=\"og:image:width\" content=\"2560\" \/>\n\t<meta property=\"og:image:height\" content=\"2560\" \/>\n\t<meta property=\"og:image:type\" content=\"image\/webp\" \/>\n<meta name=\"twitter:card\" content=\"summary_large_image\" \/>\n<meta name=\"twitter:label1\" content=\"Availability\" \/>\n\t<meta name=\"twitter:data1\" content=\"In stock\" \/>\n<script type=\"application\/ld+json\" class=\"yoast-schema-graph\">{\"@context\":\"https:\\\/\\\/schema.org\",\"@graph\":[{\"@type\":\"WebPage\",\"@id\":\"https:\\\/\\\/www.versiegelung24.com\\\/lt\\\/apsaugine-danga-nuo-graffiti-labai-efektyvi-fasado-sandarinimas.html\",\"url\":\"https:\\\/\\\/www.versiegelung24.com\\\/lt\\\/apsaugine-danga-nuo-graffiti-labai-efektyvi-fasado-sandarinimas.html\",\"name\":\"Apsaugin\u0117 danga nuo graffiti - Antigraffiti danga - versiegelung24.com\",\"isPartOf\":{\"@id\":\"https:\\\/\\\/www.versiegelung24.com\\\/lt\\\/#website\"},\"primaryImageOfPage\":{\"@id\":\"https:\\\/\\\/www.versiegelung24.com\\\/lt\\\/apsaugine-danga-nuo-graffiti-labai-efektyvi-fasado-sandarinimas.html#primaryimage\"},\"image\":{\"@id\":\"https:\\\/\\\/www.versiegelung24.com\\\/lt\\\/apsaugine-danga-nuo-graffiti-labai-efektyvi-fasado-sandarinimas.html#primaryimage\"},\"thumbnailUrl\":\"https:\\\/\\\/www.versiegelung24.com\\\/wp-content\\\/uploads\\\/2020\\\/04\\\/7626-anti-graffiti.webp\",\"datePublished\":\"2021-08-02T20:13:18+00:00\",\"dateModified\":\"2025-01-03T23:01:22+00:00\",\"description\":\"Antigraffiti danga - Apsaugokite savo fasad\u0105 nuo nepageidaujam\u0173 grafi\u010di\u0173 - dabar Versiegelung24.com\",\"breadcrumb\":{\"@id\":\"https:\\\/\\\/www.versiegelung24.com\\\/lt\\\/apsaugine-danga-nuo-graffiti-labai-efektyvi-fasado-sandarinimas.html#breadcrumb\"},\"inLanguage\":\"lt-LT\",\"potentialAction\":[{\"@type\":\"ReadAction\",\"target\":[\"https:\\\/\\\/www.versiegelung24.com\\\/lt\\\/apsaugine-danga-nuo-graffiti-labai-efektyvi-fasado-sandarinimas.html\"]}]},{\"@type\":\"ImageObject\",\"inLanguage\":\"lt-LT\",\"@id\":\"https:\\\/\\\/www.versiegelung24.com\\\/lt\\\/apsaugine-danga-nuo-graffiti-labai-efektyvi-fasado-sandarinimas.html#primaryimage\",\"url\":\"https:\\\/\\\/www.versiegelung24.com\\\/wp-content\\\/uploads\\\/2020\\\/04\\\/7626-anti-graffiti.webp\",\"contentUrl\":\"https:\\\/\\\/www.versiegelung24.com\\\/wp-content\\\/uploads\\\/2020\\\/04\\\/7626-anti-graffiti.webp\",\"width\":2560,\"height\":2560},{\"@type\":\"BreadcrumbList\",\"@id\":\"https:\\\/\\\/www.versiegelung24.com\\\/lt\\\/apsaugine-danga-nuo-graffiti-labai-efektyvi-fasado-sandarinimas.html#breadcrumb\",\"itemListElement\":[{\"@type\":\"ListItem\",\"position\":1,\"name\":\"Prad\u017eia\",\"item\":\"https:\\\/\\\/www.versiegelung24.com\\\/lt\\\/priekinis\\\/\"},{\"@type\":\"ListItem\",\"position\":2,\"name\":\"Parduotuv\u0117\",\"item\":\"https:\\\/\\\/www.versiegelung24.com\\\/lt\\\/parduotuve-2\\\/\"},{\"@type\":\"ListItem\",\"position\":3,\"name\":\"Apsaugin\u0117 danga nuo graffiti &#8211; Antigraffiti danga\"}]},{\"@type\":\"WebSite\",\"@id\":\"https:\\\/\\\/www.versiegelung24.com\\\/lt\\\/#website\",\"url\":\"https:\\\/\\\/www.versiegelung24.com\\\/lt\\\/\",\"name\":\"versiegelung24.com\",\"description\":\"Fl\u00fcssigglas-Versiegelung - Made in Germany\",\"publisher\":{\"@id\":\"https:\\\/\\\/www.versiegelung24.com\\\/lt\\\/#organization\"},\"potentialAction\":[{\"@type\":\"SearchAction\",\"target\":{\"@type\":\"EntryPoint\",\"urlTemplate\":\"https:\\\/\\\/www.versiegelung24.com\\\/lt\\\/?s={search_term_string}\"},\"query-input\":{\"@type\":\"PropertyValueSpecification\",\"valueRequired\":true,\"valueName\":\"search_term_string\"}}],\"inLanguage\":\"lt-LT\"},{\"@type\":\"Organization\",\"@id\":\"https:\\\/\\\/www.versiegelung24.com\\\/lt\\\/#organization\",\"name\":\"versiegelung24\",\"url\":\"https:\\\/\\\/www.versiegelung24.com\\\/lt\\\/\",\"logo\":{\"@type\":\"ImageObject\",\"inLanguage\":\"lt-LT\",\"@id\":\"https:\\\/\\\/www.versiegelung24.com\\\/lt\\\/#\\\/schema\\\/logo\\\/image\\\/\",\"url\":\"https:\\\/\\\/www.versiegelung24.com\\\/wp-content\\\/uploads\\\/2020\\\/04\\\/versiegelung24.png\",\"contentUrl\":\"https:\\\/\\\/www.versiegelung24.com\\\/wp-content\\\/uploads\\\/2020\\\/04\\\/versiegelung24.png\",\"width\":470,\"height\":102,\"caption\":\"versiegelung24\"},\"image\":{\"@id\":\"https:\\\/\\\/www.versiegelung24.com\\\/lt\\\/#\\\/schema\\\/logo\\\/image\\\/\"}}]}<\/script>\n<meta property=\"og:availability\" content=\"instock\" \/>\n<meta property=\"product:availability\" content=\"instock\" \/>\n<meta property=\"product:retailer_item_id\" content=\"9201-7626-5000\" \/>\n<meta property=\"product:condition\" content=\"new\" \/>\n<!-- \/ Yoast SEO Premium plugin. -->","yoast_head_json":{"title":"Apsaugin\u0117 danga nuo graffiti - Antigraffiti danga - versiegelung24.com","description":"Antigraffiti danga - Apsaugokite savo fasad\u0105 nuo nepageidaujam\u0173 grafi\u010di\u0173 - dabar Versiegelung24.com","robots":{"index":"index","follow":"follow","max-snippet":"max-snippet:-1","max-image-preview":"max-image-preview:large","max-video-preview":"max-video-preview:-1"},"canonical":"https:\/\/www.versiegelung24.com\/lt\/apsaugine-danga-nuo-graffiti-labai-efektyvi-fasado-sandarinimas.html","og_locale":"lt_LT","og_type":"article","og_title":"Apsaugin\u0117 danga nuo graffiti - Antigraffiti danga","og_description":"Antigraffiti danga - Apsaugokite savo fasad\u0105 nuo nepageidaujam\u0173 grafi\u010di\u0173 - dabar Versiegelung24.com","og_url":"https:\/\/www.versiegelung24.com\/lt\/apsaugine-danga-nuo-graffiti-labai-efektyvi-fasado-sandarinimas.html","og_site_name":"versiegelung24.com","article_modified_time":"2025-01-03T23:01:22+00:00","og_image":[{"width":2560,"height":2560,"url":"https:\/\/www.versiegelung24.com\/wp-content\/uploads\/2020\/04\/7626-anti-graffiti.webp","type":"image\/webp"}],"twitter_card":"summary_large_image","twitter_misc":{"Availability":"In stock"},"schema":{"@context":"https:\/\/schema.org","@graph":[{"@type":"WebPage","@id":"https:\/\/www.versiegelung24.com\/lt\/apsaugine-danga-nuo-graffiti-labai-efektyvi-fasado-sandarinimas.html","url":"https:\/\/www.versiegelung24.com\/lt\/apsaugine-danga-nuo-graffiti-labai-efektyvi-fasado-sandarinimas.html","name":"Apsaugin\u0117 danga nuo graffiti - Antigraffiti danga - versiegelung24.com","isPartOf":{"@id":"https:\/\/www.versiegelung24.com\/lt\/#website"},"primaryImageOfPage":{"@id":"https:\/\/www.versiegelung24.com\/lt\/apsaugine-danga-nuo-graffiti-labai-efektyvi-fasado-sandarinimas.html#primaryimage"},"image":{"@id":"https:\/\/www.versiegelung24.com\/lt\/apsaugine-danga-nuo-graffiti-labai-efektyvi-fasado-sandarinimas.html#primaryimage"},"thumbnailUrl":"https:\/\/www.versiegelung24.com\/wp-content\/uploads\/2020\/04\/7626-anti-graffiti.webp","datePublished":"2021-08-02T20:13:18+00:00","dateModified":"2025-01-03T23:01:22+00:00","description":"Antigraffiti danga - Apsaugokite savo fasad\u0105 nuo nepageidaujam\u0173 grafi\u010di\u0173 - dabar Versiegelung24.com","breadcrumb":{"@id":"https:\/\/www.versiegelung24.com\/lt\/apsaugine-danga-nuo-graffiti-labai-efektyvi-fasado-sandarinimas.html#breadcrumb"},"inLanguage":"lt-LT","potentialAction":[{"@type":"ReadAction","target":["https:\/\/www.versiegelung24.com\/lt\/apsaugine-danga-nuo-graffiti-labai-efektyvi-fasado-sandarinimas.html"]}]},{"@type":"ImageObject","inLanguage":"lt-LT","@id":"https:\/\/www.versiegelung24.com\/lt\/apsaugine-danga-nuo-graffiti-labai-efektyvi-fasado-sandarinimas.html#primaryimage","url":"https:\/\/www.versiegelung24.com\/wp-content\/uploads\/2020\/04\/7626-anti-graffiti.webp","contentUrl":"https:\/\/www.versiegelung24.com\/wp-content\/uploads\/2020\/04\/7626-anti-graffiti.webp","width":2560,"height":2560},{"@type":"BreadcrumbList","@id":"https:\/\/www.versiegelung24.com\/lt\/apsaugine-danga-nuo-graffiti-labai-efektyvi-fasado-sandarinimas.html#breadcrumb","itemListElement":[{"@type":"ListItem","position":1,"name":"Prad\u017eia","item":"https:\/\/www.versiegelung24.com\/lt\/priekinis\/"},{"@type":"ListItem","position":2,"name":"Parduotuv\u0117","item":"https:\/\/www.versiegelung24.com\/lt\/parduotuve-2\/"},{"@type":"ListItem","position":3,"name":"Apsaugin\u0117 danga nuo graffiti &#8211; Antigraffiti danga"}]},{"@type":"WebSite","@id":"https:\/\/www.versiegelung24.com\/lt\/#website","url":"https:\/\/www.versiegelung24.com\/lt\/","name":"versiegelung24.com","description":"Fl\u00fcssigglas-Versiegelung - Made in Germany","publisher":{"@id":"https:\/\/www.versiegelung24.com\/lt\/#organization"},"potentialAction":[{"@type":"SearchAction","target":{"@type":"EntryPoint","urlTemplate":"https:\/\/www.versiegelung24.com\/lt\/?s={search_term_string}"},"query-input":{"@type":"PropertyValueSpecification","valueRequired":true,"valueName":"search_term_string"}}],"inLanguage":"lt-LT"},{"@type":"Organization","@id":"https:\/\/www.versiegelung24.com\/lt\/#organization","name":"versiegelung24","url":"https:\/\/www.versiegelung24.com\/lt\/","logo":{"@type":"ImageObject","inLanguage":"lt-LT","@id":"https:\/\/www.versiegelung24.com\/lt\/#\/schema\/logo\/image\/","url":"https:\/\/www.versiegelung24.com\/wp-content\/uploads\/2020\/04\/versiegelung24.png","contentUrl":"https:\/\/www.versiegelung24.com\/wp-content\/uploads\/2020\/04\/versiegelung24.png","width":470,"height":102,"caption":"versiegelung24"},"image":{"@id":"https:\/\/www.versiegelung24.com\/lt\/#\/schema\/logo\/image\/"}}]},"og_availability":"instock","product_availability":"instock","product_retailer_item_id":"9201-7626-5000","product_condition":"new"},"_links":{"self":[{"href":"https:\/\/www.versiegelung24.com\/lt\/wp-json\/wp\/v2\/product\/23952","targetHints":{"allow":["GET"]}}],"collection":[{"href":"https:\/\/www.versiegelung24.com\/lt\/wp-json\/wp\/v2\/product"}],"about":[{"href":"https:\/\/www.versiegelung24.com\/lt\/wp-json\/wp\/v2\/types\/product"}],"version-history":[{"count":52,"href":"https:\/\/www.versiegelung24.com\/lt\/wp-json\/wp\/v2\/product\/23952\/revisions"}],"predecessor-version":[{"id":174044,"href":"https:\/\/www.versiegelung24.com\/lt\/wp-json\/wp\/v2\/product\/23952\/revisions\/174044"}],"wp:featuredmedia":[{"embeddable":true,"href":"https:\/\/www.versiegelung24.com\/lt\/wp-json\/wp\/v2\/media\/169227"}],"wp:attachment":[{"href":"https:\/\/www.versiegelung24.com\/lt\/wp-json\/wp\/v2\/media?parent=23952"}],"wp:term":[{"taxonomy":"product_brand","embeddable":true,"href":"https:\/\/www.versiegelung24.com\/lt\/wp-json\/wp\/v2\/product_brand?post=23952"},{"taxonomy":"product_cat","embeddable":true,"href":"https:\/\/www.versiegelung24.com\/lt\/wp-json\/wp\/v2\/product_cat?post=23952"},{"taxonomy":"product_tag","embeddable":true,"href":"https:\/\/www.versiegelung24.com\/lt\/wp-json\/wp\/v2\/product_tag?post=23952"}],"curies":[{"name":"wp","href":"https:\/\/api.w.org\/{rel}","templated":true}]}}