{"id":24031,"date":"2020-04-04T18:53:45","date_gmt":"2021-08-02T20:20:06","guid":{"rendered":"https:\/\/www.versiegelung24.com\/produkt\/auksciausios-kokybes-tekstiles-ir-popieriaus-sandarinimas-itin-atsparus-vandeniui"},"modified":"2025-01-03T23:55:35","modified_gmt":"2025-01-03T22:55:35","slug":"auksciausios-kokybes-tekstiles-ir-popieriaus-sandarinimas-ypac-atsparus-vandeniui","status":"publish","type":"product","link":"https:\/\/www.versiegelung24.com\/lt\/auksciausios-kokybes-tekstiles-ir-popieriaus-sandarinimas-ypac-atsparus-vandeniui.html","title":{"rendered":"&#8220;Dura Tex&#8221; &#8211; auk\u0161\u010diausios kokyb\u0117s tekstil\u0117s sandariklis, itin gerai atstumiantis vanden\u012f"},"content":{"rendered":"\n<p><strong>Labai veiksmingas auk\u0161\u010diausios kokyb\u0117s tekstil\u0117s sandariklis, pasi\u017eymintis ypatingu atsparumu vandeniui, skirtas naudoti patalpose ir lauke<\/strong><\/p>\n\n<p>Profesionali kokyb\u0117 &#8211; Pagaminta Vokietijoje<\/p>\n\n<p>Prek\u0117s numeris: 6002-7689<\/p>\n\n<p>&#8220;<strong>V24 Dura Tex&#8221; &#8211; auk\u0161\u010diausios kokyb\u0117s tekstil\u0117s hermetikas<\/strong> apsaugo beveik vis\u0173 r\u016b\u0161i\u0173 tekstil\u0119 ir popieri\u0173 nuo vandens, ne\u0161varum\u0173 ir d\u0117mi\u0173 ir pats i\u0161lieka nematomas. Tai jokiu b\u016bdu neturi \u012ftakos j\u0173 i\u0161vaizdai, laidumui orui, spalvai ar poj\u016b\u010diui ir yra lengvai pri\u017ei\u016brimi.<\/p>\n\n<p>Danga itin atspari vandeniui ant lauko audini\u0173; tod\u0117l jie ilgiau i\u0161liks sausi. Aliejaus, kavos ir kitos \u012fprastos d\u0117m\u0117s yra praeitis, kai tekstil\u0117 buvo apdorota i\u0161 anksto.<\/p>\n\n<hr\/>\n\n<h4 class=\"wp-block-heading\" id=\"properties\">Produkto savyb\u0117s<\/h4>\n\n<div class=\"wp-block-columns is-layout-flex wp-container-core-columns-is-layout-9d6595d7 wp-block-columns-is-layout-flex\">\n<div class=\"wp-block-column is-layout-flow wp-block-column-is-layout-flow\">\n<ul class=\"wp-block-list\">\n<li>Labai stiprus hidrofobinis ir oleofobinis poveikis (vandens ir alyvos atst\u016bmimas)<\/li>\n\n\n\n<li>Atsparus dilimui, lengvai valomas efektas: stiprus cheminis junginys u\u017etikrina puik\u0173 atsparum\u0105 trin\u010diai ir skalbimo ma\u0161inai \u2013 danga prilimpa prie pluo\u0161to tol, kol j\u012f suardo i\u0161orinis poveikis<\/li>\n\n\n\n<li>Ne\u0161varumus galima lengvai pa\u0161alinti dr\u0117gnu skudur\u0117liu<\/li>\n\n\n\n<li>Kv\u0117puojantis<\/li>\n\n\n\n<li>Nematomas (nesikei\u010dia i\u0161vaizda ir jausmas)<\/li>\n\n\n\n<li>Stiprios nelimpan\u010dios savyb\u0117s<\/li>\n\n\n\n<li>Apsauga nuo d\u0117mi\u0173<\/li>\n<\/ul>\n<\/div>\n\n\n\n<div class=\"wp-block-column is-layout-flow wp-block-column-is-layout-flow\">\n<ul class=\"wp-block-list\">\n<li>Padidina atsparum\u0105 dilimui<\/li>\n\n\n\n<li>N\u0117ra i\u0161vaizdos pablog\u0117jimo<\/li>\n\n\n\n<li>SiO\u00b2 nano technologija<\/li>\n\n\n\n<li>Pluo\u0161t\u0173 apsauga nuo purvo daleli\u0173 \u012fsiskverbimo<\/li>\n\n\n\n<li>Paprasta programa<\/li>\n\n\n\n<li>Ilgas galiojimo laikas, priklausomai nuo mechaninio \u012ftempio<\/li>\n<\/ul>\n\n\n\n<p><br\/><br\/>Pristatymo apimtis: 1 x litrinis butelis 1 x produkto apra\u0161ymas<\/p>\n<\/div>\n<\/div>\n\n<hr\/>\n\n<h4 class=\"wp-block-heading\" id=\"application\">Parai\u0161ka<\/h4>\n\n<div class=\"wp-block-columns is-layout-flex wp-container-core-columns-is-layout-9d6595d7 wp-block-columns-is-layout-flex\">\n<div class=\"wp-block-column is-layout-flow wp-block-column-is-layout-flow\">\n<ul class=\"wp-block-list\">\n<li>apranga<\/li>\n\n\n\n<li>Lauko audiniai<\/li>\n\n\n\n<li>Nam\u0173 tekstil\u0117 (apmu\u0161alai, baldai, kilimai)<\/li>\n\n\n\n<li>Zom\u0161in\u0117 oda<\/li>\n\n\n\n<li>Popierin\u0117 d\u0117\u017eut\u0117<\/li>\n<\/ul>\n\n\n\n<p>Sunaudojimas labai priklauso nuo dengiamos med\u017eiagos strukt\u016bros, sugeriamumo ir storio, apie 10-50 m\u00b2 \/ l (apie 10 ml \/ m\u00b2 \/ mm storio, priklausomai nuo sugeriamumo).<\/p>\n<\/div>\n\n\n\n<div class=\"wp-block-column is-layout-flow wp-block-column-is-layout-flow\">\n<p>Paprasta programa:<\/p>\n\n\n\n<p>1. Rankinis: naudojimas dr\u0117kinant tekstil\u0119 (pur\u0161kiant arba panardinant)<\/p>\n\n\n\n<p>2. Pramoninis: pritaikymas prekyboje esan\u010diose sistemose<\/p>\n\n\n\n<p><br\/>\u0160i SiO2 danga visi\u0161kai susisieja ir sukiet\u0117ja po 24 valand\u0173. Po \u0161io sukiet\u0117jimo etapo pirm\u0105 kart\u0105 galima i\u0161bandyti lengvai valom\u0105 efekt\u0105.<\/p>\n<\/div>\n<\/div>\n","protected":false},"excerpt":{"rendered":"<p>\u2713 Kv\u0117puojantis<\/p>\n<p>\u2713 Apsauga nuo d\u0117mi\u0173<\/p>\n<p>\u2713 Ypatingai atsparus vandeniui<\/p>\n<p>\u2713 Viduje ir i\u0161or\u0117je<\/p>\n","protected":false},"featured_media":125327,"template":"","meta":{"_acf_changed":false,"neve_meta_sidebar":"","neve_meta_container":"","neve_meta_enable_content_width":"","neve_meta_content_width":0,"neve_meta_title_alignment":"","neve_meta_author_avatar":"","neve_post_elements_order":"","neve_meta_disable_header":"","neve_meta_disable_footer":"","neve_meta_disable_title":"","neve_meta_reading_time":"","_surfaces":[],"_ver_product_tabs":[],"footnotes":""},"product_brand":[],"product_cat":[2445],"product_tag":[],"class_list":{"0":"post-24031","1":"product","2":"type-product","3":"status-publish","4":"has-post-thumbnail","6":"product_cat-odos-ir-tekstiles-sandarinimas","8":"first","9":"instock","10":"taxable","11":"shipping-taxable","12":"purchasable","13":"product-type-simple"},"acf":[],"yoast_head":"<!-- This site is optimized with the Yoast SEO Premium plugin v22.8 (Yoast SEO v27.4) - https:\/\/yoast.com\/product\/yoast-seo-premium-wordpress\/ -->\n<title>&quot;Dura Tex&quot; - auk\u0161\u010diausios kokyb\u0117s tekstil\u0117s sandariklis, itin gerai atstumiantis vanden\u012f - versiegelung24.com<\/title>\n<meta name=\"robots\" content=\"index, follow, max-snippet:-1, max-image-preview:large, max-video-preview:-1\" \/>\n<link rel=\"canonical\" href=\"https:\/\/www.versiegelung24.com\/lt\/auksciausios-kokybes-tekstiles-ir-popieriaus-sandarinimas-ypac-atsparus-vandeniui.html\" \/>\n<meta property=\"og:locale\" content=\"lt_LT\" \/>\n<meta property=\"og:type\" content=\"article\" \/>\n<meta property=\"og:title\" content=\"&quot;Dura Tex&quot; - auk\u0161\u010diausios kokyb\u0117s tekstil\u0117s sandariklis, itin gerai atstumiantis vanden\u012f\" \/>\n<meta property=\"og:description\" content=\"\u2713 Kv\u0117puojantis \u2713 Apsauga nuo d\u0117mi\u0173 \u2713 Ypatingai atsparus vandeniui \u2713 Viduje ir i\u0161or\u0117je\" \/>\n<meta property=\"og:url\" content=\"https:\/\/www.versiegelung24.com\/lt\/auksciausios-kokybes-tekstiles-ir-popieriaus-sandarinimas-ypac-atsparus-vandeniui.html\" \/>\n<meta property=\"og:site_name\" content=\"versiegelung24.com\" \/>\n<meta property=\"article:modified_time\" content=\"2025-01-03T22:55:35+00:00\" \/>\n<meta property=\"og:image\" content=\"https:\/\/www.versiegelung24.com\/wp-content\/uploads\/2020\/04\/produkt-6002-7689-1000-dura-tex-Premium-Textil-Papierversiegelung-scaled.webp\" \/>\n\t<meta property=\"og:image:width\" content=\"2560\" \/>\n\t<meta property=\"og:image:height\" content=\"2560\" \/>\n\t<meta property=\"og:image:type\" content=\"image\/webp\" \/>\n<meta name=\"twitter:card\" content=\"summary_large_image\" \/>\n<meta name=\"twitter:label1\" content=\"Price\" \/>\n\t<meta name=\"twitter:data1\" content=\"89,99&euro;\" \/>\n\t<meta name=\"twitter:label2\" content=\"Availability\" \/>\n\t<meta name=\"twitter:data2\" content=\"In stock\" \/>\n<script type=\"application\/ld+json\" class=\"yoast-schema-graph\">{\"@context\":\"https:\\\/\\\/schema.org\",\"@graph\":[{\"@type\":\"WebPage\",\"@id\":\"https:\\\/\\\/www.versiegelung24.com\\\/lt\\\/auksciausios-kokybes-tekstiles-ir-popieriaus-sandarinimas-ypac-atsparus-vandeniui.html\",\"url\":\"https:\\\/\\\/www.versiegelung24.com\\\/lt\\\/auksciausios-kokybes-tekstiles-ir-popieriaus-sandarinimas-ypac-atsparus-vandeniui.html\",\"name\":\"\\\"Dura Tex\\\" - auk\u0161\u010diausios kokyb\u0117s tekstil\u0117s sandariklis, itin gerai atstumiantis vanden\u012f - versiegelung24.com\",\"isPartOf\":{\"@id\":\"https:\\\/\\\/www.versiegelung24.com\\\/lt\\\/#website\"},\"primaryImageOfPage\":{\"@id\":\"https:\\\/\\\/www.versiegelung24.com\\\/lt\\\/auksciausios-kokybes-tekstiles-ir-popieriaus-sandarinimas-ypac-atsparus-vandeniui.html#primaryimage\"},\"image\":{\"@id\":\"https:\\\/\\\/www.versiegelung24.com\\\/lt\\\/auksciausios-kokybes-tekstiles-ir-popieriaus-sandarinimas-ypac-atsparus-vandeniui.html#primaryimage\"},\"thumbnailUrl\":\"https:\\\/\\\/www.versiegelung24.com\\\/wp-content\\\/uploads\\\/2020\\\/04\\\/produkt-6002-7689-1000-dura-tex-Premium-Textil-Papierversiegelung-scaled.webp\",\"datePublished\":\"2021-08-02T20:20:06+00:00\",\"dateModified\":\"2025-01-03T22:55:35+00:00\",\"breadcrumb\":{\"@id\":\"https:\\\/\\\/www.versiegelung24.com\\\/lt\\\/auksciausios-kokybes-tekstiles-ir-popieriaus-sandarinimas-ypac-atsparus-vandeniui.html#breadcrumb\"},\"inLanguage\":\"lt-LT\",\"potentialAction\":[{\"@type\":\"ReadAction\",\"target\":[\"https:\\\/\\\/www.versiegelung24.com\\\/lt\\\/auksciausios-kokybes-tekstiles-ir-popieriaus-sandarinimas-ypac-atsparus-vandeniui.html\"]}]},{\"@type\":\"ImageObject\",\"inLanguage\":\"lt-LT\",\"@id\":\"https:\\\/\\\/www.versiegelung24.com\\\/lt\\\/auksciausios-kokybes-tekstiles-ir-popieriaus-sandarinimas-ypac-atsparus-vandeniui.html#primaryimage\",\"url\":\"https:\\\/\\\/www.versiegelung24.com\\\/wp-content\\\/uploads\\\/2020\\\/04\\\/produkt-6002-7689-1000-dura-tex-Premium-Textil-Papierversiegelung-scaled.webp\",\"contentUrl\":\"https:\\\/\\\/www.versiegelung24.com\\\/wp-content\\\/uploads\\\/2020\\\/04\\\/produkt-6002-7689-1000-dura-tex-Premium-Textil-Papierversiegelung-scaled.webp\",\"width\":2560,\"height\":2560},{\"@type\":\"BreadcrumbList\",\"@id\":\"https:\\\/\\\/www.versiegelung24.com\\\/lt\\\/auksciausios-kokybes-tekstiles-ir-popieriaus-sandarinimas-ypac-atsparus-vandeniui.html#breadcrumb\",\"itemListElement\":[{\"@type\":\"ListItem\",\"position\":1,\"name\":\"Prad\u017eia\",\"item\":\"https:\\\/\\\/www.versiegelung24.com\\\/lt\\\/priekinis\\\/\"},{\"@type\":\"ListItem\",\"position\":2,\"name\":\"Parduotuv\u0117\",\"item\":\"https:\\\/\\\/www.versiegelung24.com\\\/lt\\\/parduotuve-2\\\/\"},{\"@type\":\"ListItem\",\"position\":3,\"name\":\"&#8220;Dura Tex&#8221; &#8211; auk\u0161\u010diausios kokyb\u0117s tekstil\u0117s sandariklis, itin gerai atstumiantis vanden\u012f\"}]},{\"@type\":\"WebSite\",\"@id\":\"https:\\\/\\\/www.versiegelung24.com\\\/lt\\\/#website\",\"url\":\"https:\\\/\\\/www.versiegelung24.com\\\/lt\\\/\",\"name\":\"versiegelung24.com\",\"description\":\"Fl\u00fcssigglas-Versiegelung - Made in Germany\",\"publisher\":{\"@id\":\"https:\\\/\\\/www.versiegelung24.com\\\/lt\\\/#organization\"},\"potentialAction\":[{\"@type\":\"SearchAction\",\"target\":{\"@type\":\"EntryPoint\",\"urlTemplate\":\"https:\\\/\\\/www.versiegelung24.com\\\/lt\\\/?s={search_term_string}\"},\"query-input\":{\"@type\":\"PropertyValueSpecification\",\"valueRequired\":true,\"valueName\":\"search_term_string\"}}],\"inLanguage\":\"lt-LT\"},{\"@type\":\"Organization\",\"@id\":\"https:\\\/\\\/www.versiegelung24.com\\\/lt\\\/#organization\",\"name\":\"versiegelung24\",\"url\":\"https:\\\/\\\/www.versiegelung24.com\\\/lt\\\/\",\"logo\":{\"@type\":\"ImageObject\",\"inLanguage\":\"lt-LT\",\"@id\":\"https:\\\/\\\/www.versiegelung24.com\\\/lt\\\/#\\\/schema\\\/logo\\\/image\\\/\",\"url\":\"https:\\\/\\\/www.versiegelung24.com\\\/wp-content\\\/uploads\\\/2020\\\/04\\\/versiegelung24.png\",\"contentUrl\":\"https:\\\/\\\/www.versiegelung24.com\\\/wp-content\\\/uploads\\\/2020\\\/04\\\/versiegelung24.png\",\"width\":470,\"height\":102,\"caption\":\"versiegelung24\"},\"image\":{\"@id\":\"https:\\\/\\\/www.versiegelung24.com\\\/lt\\\/#\\\/schema\\\/logo\\\/image\\\/\"}}]}<\/script>\n<meta property=\"product:price:amount\" content=\"89.99\" \/>\n<meta property=\"product:price:currency\" content=\"EUR\" \/>\n<meta property=\"og:availability\" content=\"instock\" \/>\n<meta property=\"product:availability\" content=\"instock\" \/>\n<meta property=\"product:retailer_item_id\" content=\"6002-7689-1000\" \/>\n<meta property=\"product:condition\" content=\"new\" \/>\n<!-- \/ Yoast SEO Premium plugin. -->","yoast_head_json":{"title":"\"Dura Tex\" - auk\u0161\u010diausios kokyb\u0117s tekstil\u0117s sandariklis, itin gerai atstumiantis vanden\u012f - versiegelung24.com","robots":{"index":"index","follow":"follow","max-snippet":"max-snippet:-1","max-image-preview":"max-image-preview:large","max-video-preview":"max-video-preview:-1"},"canonical":"https:\/\/www.versiegelung24.com\/lt\/auksciausios-kokybes-tekstiles-ir-popieriaus-sandarinimas-ypac-atsparus-vandeniui.html","og_locale":"lt_LT","og_type":"article","og_title":"\"Dura Tex\" - auk\u0161\u010diausios kokyb\u0117s tekstil\u0117s sandariklis, itin gerai atstumiantis vanden\u012f","og_description":"\u2713 Kv\u0117puojantis \u2713 Apsauga nuo d\u0117mi\u0173 \u2713 Ypatingai atsparus vandeniui \u2713 Viduje ir i\u0161or\u0117je","og_url":"https:\/\/www.versiegelung24.com\/lt\/auksciausios-kokybes-tekstiles-ir-popieriaus-sandarinimas-ypac-atsparus-vandeniui.html","og_site_name":"versiegelung24.com","article_modified_time":"2025-01-03T22:55:35+00:00","og_image":[{"width":2560,"height":2560,"url":"https:\/\/www.versiegelung24.com\/wp-content\/uploads\/2020\/04\/produkt-6002-7689-1000-dura-tex-Premium-Textil-Papierversiegelung-scaled.webp","type":"image\/webp"}],"twitter_card":"summary_large_image","twitter_misc":{"Price":"89,99&euro;","Availability":"In stock"},"schema":{"@context":"https:\/\/schema.org","@graph":[{"@type":"WebPage","@id":"https:\/\/www.versiegelung24.com\/lt\/auksciausios-kokybes-tekstiles-ir-popieriaus-sandarinimas-ypac-atsparus-vandeniui.html","url":"https:\/\/www.versiegelung24.com\/lt\/auksciausios-kokybes-tekstiles-ir-popieriaus-sandarinimas-ypac-atsparus-vandeniui.html","name":"\"Dura Tex\" - auk\u0161\u010diausios kokyb\u0117s tekstil\u0117s sandariklis, itin gerai atstumiantis vanden\u012f - versiegelung24.com","isPartOf":{"@id":"https:\/\/www.versiegelung24.com\/lt\/#website"},"primaryImageOfPage":{"@id":"https:\/\/www.versiegelung24.com\/lt\/auksciausios-kokybes-tekstiles-ir-popieriaus-sandarinimas-ypac-atsparus-vandeniui.html#primaryimage"},"image":{"@id":"https:\/\/www.versiegelung24.com\/lt\/auksciausios-kokybes-tekstiles-ir-popieriaus-sandarinimas-ypac-atsparus-vandeniui.html#primaryimage"},"thumbnailUrl":"https:\/\/www.versiegelung24.com\/wp-content\/uploads\/2020\/04\/produkt-6002-7689-1000-dura-tex-Premium-Textil-Papierversiegelung-scaled.webp","datePublished":"2021-08-02T20:20:06+00:00","dateModified":"2025-01-03T22:55:35+00:00","breadcrumb":{"@id":"https:\/\/www.versiegelung24.com\/lt\/auksciausios-kokybes-tekstiles-ir-popieriaus-sandarinimas-ypac-atsparus-vandeniui.html#breadcrumb"},"inLanguage":"lt-LT","potentialAction":[{"@type":"ReadAction","target":["https:\/\/www.versiegelung24.com\/lt\/auksciausios-kokybes-tekstiles-ir-popieriaus-sandarinimas-ypac-atsparus-vandeniui.html"]}]},{"@type":"ImageObject","inLanguage":"lt-LT","@id":"https:\/\/www.versiegelung24.com\/lt\/auksciausios-kokybes-tekstiles-ir-popieriaus-sandarinimas-ypac-atsparus-vandeniui.html#primaryimage","url":"https:\/\/www.versiegelung24.com\/wp-content\/uploads\/2020\/04\/produkt-6002-7689-1000-dura-tex-Premium-Textil-Papierversiegelung-scaled.webp","contentUrl":"https:\/\/www.versiegelung24.com\/wp-content\/uploads\/2020\/04\/produkt-6002-7689-1000-dura-tex-Premium-Textil-Papierversiegelung-scaled.webp","width":2560,"height":2560},{"@type":"BreadcrumbList","@id":"https:\/\/www.versiegelung24.com\/lt\/auksciausios-kokybes-tekstiles-ir-popieriaus-sandarinimas-ypac-atsparus-vandeniui.html#breadcrumb","itemListElement":[{"@type":"ListItem","position":1,"name":"Prad\u017eia","item":"https:\/\/www.versiegelung24.com\/lt\/priekinis\/"},{"@type":"ListItem","position":2,"name":"Parduotuv\u0117","item":"https:\/\/www.versiegelung24.com\/lt\/parduotuve-2\/"},{"@type":"ListItem","position":3,"name":"&#8220;Dura Tex&#8221; &#8211; auk\u0161\u010diausios kokyb\u0117s tekstil\u0117s sandariklis, itin gerai atstumiantis vanden\u012f"}]},{"@type":"WebSite","@id":"https:\/\/www.versiegelung24.com\/lt\/#website","url":"https:\/\/www.versiegelung24.com\/lt\/","name":"versiegelung24.com","description":"Fl\u00fcssigglas-Versiegelung - Made in Germany","publisher":{"@id":"https:\/\/www.versiegelung24.com\/lt\/#organization"},"potentialAction":[{"@type":"SearchAction","target":{"@type":"EntryPoint","urlTemplate":"https:\/\/www.versiegelung24.com\/lt\/?s={search_term_string}"},"query-input":{"@type":"PropertyValueSpecification","valueRequired":true,"valueName":"search_term_string"}}],"inLanguage":"lt-LT"},{"@type":"Organization","@id":"https:\/\/www.versiegelung24.com\/lt\/#organization","name":"versiegelung24","url":"https:\/\/www.versiegelung24.com\/lt\/","logo":{"@type":"ImageObject","inLanguage":"lt-LT","@id":"https:\/\/www.versiegelung24.com\/lt\/#\/schema\/logo\/image\/","url":"https:\/\/www.versiegelung24.com\/wp-content\/uploads\/2020\/04\/versiegelung24.png","contentUrl":"https:\/\/www.versiegelung24.com\/wp-content\/uploads\/2020\/04\/versiegelung24.png","width":470,"height":102,"caption":"versiegelung24"},"image":{"@id":"https:\/\/www.versiegelung24.com\/lt\/#\/schema\/logo\/image\/"}}]},"product_price_amount":"89.99","product_price_currency":"EUR","og_availability":"instock","product_availability":"instock","product_retailer_item_id":"6002-7689-1000","product_condition":"new"},"_links":{"self":[{"href":"https:\/\/www.versiegelung24.com\/lt\/wp-json\/wp\/v2\/product\/24031","targetHints":{"allow":["GET"]}}],"collection":[{"href":"https:\/\/www.versiegelung24.com\/lt\/wp-json\/wp\/v2\/product"}],"about":[{"href":"https:\/\/www.versiegelung24.com\/lt\/wp-json\/wp\/v2\/types\/product"}],"version-history":[{"count":13,"href":"https:\/\/www.versiegelung24.com\/lt\/wp-json\/wp\/v2\/product\/24031\/revisions"}],"predecessor-version":[{"id":177718,"href":"https:\/\/www.versiegelung24.com\/lt\/wp-json\/wp\/v2\/product\/24031\/revisions\/177718"}],"wp:featuredmedia":[{"embeddable":true,"href":"https:\/\/www.versiegelung24.com\/lt\/wp-json\/wp\/v2\/media\/125327"}],"wp:attachment":[{"href":"https:\/\/www.versiegelung24.com\/lt\/wp-json\/wp\/v2\/media?parent=24031"}],"wp:term":[{"taxonomy":"product_brand","embeddable":true,"href":"https:\/\/www.versiegelung24.com\/lt\/wp-json\/wp\/v2\/product_brand?post=24031"},{"taxonomy":"product_cat","embeddable":true,"href":"https:\/\/www.versiegelung24.com\/lt\/wp-json\/wp\/v2\/product_cat?post=24031"},{"taxonomy":"product_tag","embeddable":true,"href":"https:\/\/www.versiegelung24.com\/lt\/wp-json\/wp\/v2\/product_tag?post=24031"}],"curies":[{"name":"wp","href":"https:\/\/api.w.org\/{rel}","templated":true}]}}