{"id":24062,"date":"2020-04-29T20:41:14","date_gmt":"2020-04-29T18:41:14","guid":{"rendered":"https:\/\/www.versiegelung24.com\/produkt\/rastas-betono-akmens-sandarinimas-itin-atsparus-vandeniui-nepralaidus-orui"},"modified":"2025-01-04T00:10:51","modified_gmt":"2025-01-03T23:10:51","slug":"rastas-betonas-akmuo-sandarinantis-su-ypac-atspariu-vandeniui-ir-kvepuojantis","status":"publish","type":"product","link":"https:\/\/www.versiegelung24.com\/lt\/rastas-betonas-akmuo-sandarinantis-su-ypac-atspariu-vandeniui-ir-kvepuojantis.html","title":{"rendered":"Pavyzdys: Auk\u0161\u010diausios kokyb\u0117s betono ir akmens glaistas, gilinantis spalv\u0105 &#8211; nekv\u0117puojantis &#8211; 3008-704"},"content":{"rendered":"<p>100 ml m\u016bs\u0173&nbsp;<a href=\"https:\/\/www.versiegelung24.com\/lt\/auksciausios-kokybes-betono-akmens-sandarinimas-itin-atsparus-vandeniui-ir-kvepuojantis.html\">akmens sandariklio, pasi\u017eymin\u010dio ypatingu vandens atst\u016bmimu<\/a>, m\u0117ginys&nbsp;, skirtas bandomajam naudojimui arba ma\u017eesni\u0173 plot\u0173 sandarinimui.<\/p>\n","protected":false},"excerpt":{"rendered":"<p><strong>Itin vanden\u012f atstumiantis skaidrus sluoksnis, skirtas naudoti viduje ir lauke<\/strong>  <\/p>\n<p>\u2713 Visiems sugeriantiems mineralinio akmens ir betono pavir\u0161iams<\/p>\n<p>\u2713 Lengvai valomas efektas: ne\u0161varumai nesulimpa ir gali b\u016bti lengvai pa\u0161alinti<\/p>\n<p>\u2713 apdoroti pavir\u0161iai n\u0117ra kv\u0117puojantys<\/p>\n<p>\u2713 Neleid\u017eia augti samanoms, kerp\u0117ms, grybams ir kitiems gamtos poveikiams<\/p>\n<p>\u2713 Spalvos gilinimo efektas su blizgia pl\u0117vele \/ pavir\u0161iaus patobulinimu<\/p>\n<p>\u2713 Tinkamumo laikas: 5 metai+<\/p>\n","protected":false},"featured_media":14614,"template":"","meta":{"_acf_changed":false,"neve_meta_sidebar":"","neve_meta_container":"","neve_meta_enable_content_width":"","neve_meta_content_width":0,"neve_meta_title_alignment":"","neve_meta_author_avatar":"","neve_post_elements_order":"","neve_meta_disable_header":"","neve_meta_disable_footer":"","neve_meta_disable_title":"","neve_meta_reading_time":"","_surfaces":[],"_ver_product_tabs":[],"footnotes":""},"product_brand":[],"product_cat":[2663],"product_tag":[],"class_list":{"0":"post-24062","1":"product","2":"type-product","3":"status-publish","4":"has-post-thumbnail","6":"product_cat-sablona-lt","7":"pa_gebinde-100-ml-buteliukas","9":"first","10":"onbackorder","11":"sold-individually","12":"taxable","13":"shipping-taxable","14":"purchasable","15":"product-type-variable","16":"has-default-attributes"},"acf":[],"yoast_head":"<!-- This site is optimized with the Yoast SEO Premium plugin v22.8 (Yoast SEO v27.3) - https:\/\/yoast.com\/product\/yoast-seo-premium-wordpress\/ -->\n<title>Pavyzdys: Auk\u0161\u010diausios kokyb\u0117s betono ir akmens glaistas, gilinantis spalv\u0105 - nekv\u0117puojantis - 3008-704 - versiegelung24.com<\/title>\n<meta name=\"robots\" content=\"index, follow, max-snippet:-1, max-image-preview:large, max-video-preview:-1\" \/>\n<link rel=\"canonical\" href=\"https:\/\/www.versiegelung24.com\/lt\/rastas-betonas-akmuo-sandarinantis-su-ypac-atspariu-vandeniui-ir-kvepuojantis.html\" \/>\n<meta property=\"og:locale\" content=\"lt_LT\" \/>\n<meta property=\"og:type\" content=\"article\" \/>\n<meta property=\"og:title\" content=\"Pavyzdys: Auk\u0161\u010diausios kokyb\u0117s betono ir akmens glaistas, gilinantis spalv\u0105 - nekv\u0117puojantis - 3008-704\" \/>\n<meta property=\"og:description\" content=\"Itin vanden\u012f atstumiantis skaidrus sluoksnis, skirtas naudoti viduje ir lauke  \u2713 Visiems sugeriantiems mineralinio akmens ir betono pavir\u0161iams \u2713 Lengvai valomas efektas: ne\u0161varumai nesulimpa ir gali b\u016bti lengvai pa\u0161alinti \u2713 apdoroti pavir\u0161iai n\u0117ra kv\u0117puojantys \u2713 Neleid\u017eia augti samanoms, kerp\u0117ms, grybams ir kitiems gamtos poveikiams \u2713 Spalvos gilinimo efektas su blizgia pl\u0117vele \/ pavir\u0161iaus patobulinimu \u2713 Tinkamumo laikas: 5 metai+\" \/>\n<meta property=\"og:url\" content=\"https:\/\/www.versiegelung24.com\/lt\/rastas-betonas-akmuo-sandarinantis-su-ypac-atspariu-vandeniui-ir-kvepuojantis.html\" \/>\n<meta property=\"og:site_name\" content=\"versiegelung24.com\" \/>\n<meta property=\"article:modified_time\" content=\"2025-01-03T23:10:51+00:00\" \/>\n<meta property=\"og:image\" content=\"https:\/\/www.versiegelung24.com\/wp-content\/uploads\/2020\/04\/versiegelung-muster.png\" \/>\n\t<meta property=\"og:image:width\" content=\"1000\" \/>\n\t<meta property=\"og:image:height\" content=\"1000\" \/>\n\t<meta property=\"og:image:type\" content=\"image\/png\" \/>\n<meta name=\"twitter:card\" content=\"summary_large_image\" \/>\n<meta name=\"twitter:label1\" content=\"Availability\" \/>\n\t<meta name=\"twitter:data1\" content=\"On backorder\" \/>\n<script type=\"application\/ld+json\" class=\"yoast-schema-graph\">{\"@context\":\"https:\\\/\\\/schema.org\",\"@graph\":[{\"@type\":\"WebPage\",\"@id\":\"https:\\\/\\\/www.versiegelung24.com\\\/lt\\\/rastas-betonas-akmuo-sandarinantis-su-ypac-atspariu-vandeniui-ir-kvepuojantis.html\",\"url\":\"https:\\\/\\\/www.versiegelung24.com\\\/lt\\\/rastas-betonas-akmuo-sandarinantis-su-ypac-atspariu-vandeniui-ir-kvepuojantis.html\",\"name\":\"Pavyzdys: Auk\u0161\u010diausios kokyb\u0117s betono ir akmens glaistas, gilinantis spalv\u0105 - nekv\u0117puojantis - 3008-704 - versiegelung24.com\",\"isPartOf\":{\"@id\":\"https:\\\/\\\/www.versiegelung24.com\\\/lt\\\/#website\"},\"primaryImageOfPage\":{\"@id\":\"https:\\\/\\\/www.versiegelung24.com\\\/lt\\\/rastas-betonas-akmuo-sandarinantis-su-ypac-atspariu-vandeniui-ir-kvepuojantis.html#primaryimage\"},\"image\":{\"@id\":\"https:\\\/\\\/www.versiegelung24.com\\\/lt\\\/rastas-betonas-akmuo-sandarinantis-su-ypac-atspariu-vandeniui-ir-kvepuojantis.html#primaryimage\"},\"thumbnailUrl\":\"https:\\\/\\\/www.versiegelung24.com\\\/wp-content\\\/uploads\\\/2020\\\/04\\\/versiegelung-muster.png\",\"datePublished\":\"2020-04-29T18:41:14+00:00\",\"dateModified\":\"2025-01-03T23:10:51+00:00\",\"breadcrumb\":{\"@id\":\"https:\\\/\\\/www.versiegelung24.com\\\/lt\\\/rastas-betonas-akmuo-sandarinantis-su-ypac-atspariu-vandeniui-ir-kvepuojantis.html#breadcrumb\"},\"inLanguage\":\"lt-LT\",\"potentialAction\":[{\"@type\":\"ReadAction\",\"target\":[\"https:\\\/\\\/www.versiegelung24.com\\\/lt\\\/rastas-betonas-akmuo-sandarinantis-su-ypac-atspariu-vandeniui-ir-kvepuojantis.html\"]}]},{\"@type\":\"ImageObject\",\"inLanguage\":\"lt-LT\",\"@id\":\"https:\\\/\\\/www.versiegelung24.com\\\/lt\\\/rastas-betonas-akmuo-sandarinantis-su-ypac-atspariu-vandeniui-ir-kvepuojantis.html#primaryimage\",\"url\":\"https:\\\/\\\/www.versiegelung24.com\\\/wp-content\\\/uploads\\\/2020\\\/04\\\/versiegelung-muster.png\",\"contentUrl\":\"https:\\\/\\\/www.versiegelung24.com\\\/wp-content\\\/uploads\\\/2020\\\/04\\\/versiegelung-muster.png\",\"width\":1000,\"height\":1000},{\"@type\":\"BreadcrumbList\",\"@id\":\"https:\\\/\\\/www.versiegelung24.com\\\/lt\\\/rastas-betonas-akmuo-sandarinantis-su-ypac-atspariu-vandeniui-ir-kvepuojantis.html#breadcrumb\",\"itemListElement\":[{\"@type\":\"ListItem\",\"position\":1,\"name\":\"Prad\u017eia\",\"item\":\"https:\\\/\\\/www.versiegelung24.com\\\/lt\\\/priekinis\\\/\"},{\"@type\":\"ListItem\",\"position\":2,\"name\":\"Parduotuv\u0117\",\"item\":\"https:\\\/\\\/www.versiegelung24.com\\\/lt\\\/parduotuve-2\\\/\"},{\"@type\":\"ListItem\",\"position\":3,\"name\":\"Pavyzdys: Auk\u0161\u010diausios kokyb\u0117s betono ir akmens glaistas, gilinantis spalv\u0105 &#8211; nekv\u0117puojantis &#8211; 3008-704\"}]},{\"@type\":\"WebSite\",\"@id\":\"https:\\\/\\\/www.versiegelung24.com\\\/lt\\\/#website\",\"url\":\"https:\\\/\\\/www.versiegelung24.com\\\/lt\\\/\",\"name\":\"versiegelung24.com\",\"description\":\"Fl\u00fcssigglas-Versiegelung - Made in Germany\",\"publisher\":{\"@id\":\"https:\\\/\\\/www.versiegelung24.com\\\/lt\\\/#organization\"},\"potentialAction\":[{\"@type\":\"SearchAction\",\"target\":{\"@type\":\"EntryPoint\",\"urlTemplate\":\"https:\\\/\\\/www.versiegelung24.com\\\/lt\\\/?s={search_term_string}\"},\"query-input\":{\"@type\":\"PropertyValueSpecification\",\"valueRequired\":true,\"valueName\":\"search_term_string\"}}],\"inLanguage\":\"lt-LT\"},{\"@type\":\"Organization\",\"@id\":\"https:\\\/\\\/www.versiegelung24.com\\\/lt\\\/#organization\",\"name\":\"versiegelung24\",\"url\":\"https:\\\/\\\/www.versiegelung24.com\\\/lt\\\/\",\"logo\":{\"@type\":\"ImageObject\",\"inLanguage\":\"lt-LT\",\"@id\":\"https:\\\/\\\/www.versiegelung24.com\\\/lt\\\/#\\\/schema\\\/logo\\\/image\\\/\",\"url\":\"https:\\\/\\\/www.versiegelung24.com\\\/wp-content\\\/uploads\\\/2020\\\/04\\\/versiegelung24.png\",\"contentUrl\":\"https:\\\/\\\/www.versiegelung24.com\\\/wp-content\\\/uploads\\\/2020\\\/04\\\/versiegelung24.png\",\"width\":470,\"height\":102,\"caption\":\"versiegelung24\"},\"image\":{\"@id\":\"https:\\\/\\\/www.versiegelung24.com\\\/lt\\\/#\\\/schema\\\/logo\\\/image\\\/\"}}]}<\/script>\n<meta property=\"og:availability\" content=\"backorder\" \/>\n<meta property=\"product:availability\" content=\"available for order\" \/>\n<meta property=\"product:retailer_item_id\" content=\"3008-704-muster\" \/>\n<meta property=\"product:condition\" content=\"new\" \/>\n<!-- \/ Yoast SEO Premium plugin. -->","yoast_head_json":{"title":"Pavyzdys: Auk\u0161\u010diausios kokyb\u0117s betono ir akmens glaistas, gilinantis spalv\u0105 - nekv\u0117puojantis - 3008-704 - versiegelung24.com","robots":{"index":"index","follow":"follow","max-snippet":"max-snippet:-1","max-image-preview":"max-image-preview:large","max-video-preview":"max-video-preview:-1"},"canonical":"https:\/\/www.versiegelung24.com\/lt\/rastas-betonas-akmuo-sandarinantis-su-ypac-atspariu-vandeniui-ir-kvepuojantis.html","og_locale":"lt_LT","og_type":"article","og_title":"Pavyzdys: Auk\u0161\u010diausios kokyb\u0117s betono ir akmens glaistas, gilinantis spalv\u0105 - nekv\u0117puojantis - 3008-704","og_description":"Itin vanden\u012f atstumiantis skaidrus sluoksnis, skirtas naudoti viduje ir lauke  \u2713 Visiems sugeriantiems mineralinio akmens ir betono pavir\u0161iams \u2713 Lengvai valomas efektas: ne\u0161varumai nesulimpa ir gali b\u016bti lengvai pa\u0161alinti \u2713 apdoroti pavir\u0161iai n\u0117ra kv\u0117puojantys \u2713 Neleid\u017eia augti samanoms, kerp\u0117ms, grybams ir kitiems gamtos poveikiams \u2713 Spalvos gilinimo efektas su blizgia pl\u0117vele \/ pavir\u0161iaus patobulinimu \u2713 Tinkamumo laikas: 5 metai+","og_url":"https:\/\/www.versiegelung24.com\/lt\/rastas-betonas-akmuo-sandarinantis-su-ypac-atspariu-vandeniui-ir-kvepuojantis.html","og_site_name":"versiegelung24.com","article_modified_time":"2025-01-03T23:10:51+00:00","og_image":[{"width":1000,"height":1000,"url":"https:\/\/www.versiegelung24.com\/wp-content\/uploads\/2020\/04\/versiegelung-muster.png","type":"image\/png"}],"twitter_card":"summary_large_image","twitter_misc":{"Availability":"On backorder"},"schema":{"@context":"https:\/\/schema.org","@graph":[{"@type":"WebPage","@id":"https:\/\/www.versiegelung24.com\/lt\/rastas-betonas-akmuo-sandarinantis-su-ypac-atspariu-vandeniui-ir-kvepuojantis.html","url":"https:\/\/www.versiegelung24.com\/lt\/rastas-betonas-akmuo-sandarinantis-su-ypac-atspariu-vandeniui-ir-kvepuojantis.html","name":"Pavyzdys: Auk\u0161\u010diausios kokyb\u0117s betono ir akmens glaistas, gilinantis spalv\u0105 - nekv\u0117puojantis - 3008-704 - versiegelung24.com","isPartOf":{"@id":"https:\/\/www.versiegelung24.com\/lt\/#website"},"primaryImageOfPage":{"@id":"https:\/\/www.versiegelung24.com\/lt\/rastas-betonas-akmuo-sandarinantis-su-ypac-atspariu-vandeniui-ir-kvepuojantis.html#primaryimage"},"image":{"@id":"https:\/\/www.versiegelung24.com\/lt\/rastas-betonas-akmuo-sandarinantis-su-ypac-atspariu-vandeniui-ir-kvepuojantis.html#primaryimage"},"thumbnailUrl":"https:\/\/www.versiegelung24.com\/wp-content\/uploads\/2020\/04\/versiegelung-muster.png","datePublished":"2020-04-29T18:41:14+00:00","dateModified":"2025-01-03T23:10:51+00:00","breadcrumb":{"@id":"https:\/\/www.versiegelung24.com\/lt\/rastas-betonas-akmuo-sandarinantis-su-ypac-atspariu-vandeniui-ir-kvepuojantis.html#breadcrumb"},"inLanguage":"lt-LT","potentialAction":[{"@type":"ReadAction","target":["https:\/\/www.versiegelung24.com\/lt\/rastas-betonas-akmuo-sandarinantis-su-ypac-atspariu-vandeniui-ir-kvepuojantis.html"]}]},{"@type":"ImageObject","inLanguage":"lt-LT","@id":"https:\/\/www.versiegelung24.com\/lt\/rastas-betonas-akmuo-sandarinantis-su-ypac-atspariu-vandeniui-ir-kvepuojantis.html#primaryimage","url":"https:\/\/www.versiegelung24.com\/wp-content\/uploads\/2020\/04\/versiegelung-muster.png","contentUrl":"https:\/\/www.versiegelung24.com\/wp-content\/uploads\/2020\/04\/versiegelung-muster.png","width":1000,"height":1000},{"@type":"BreadcrumbList","@id":"https:\/\/www.versiegelung24.com\/lt\/rastas-betonas-akmuo-sandarinantis-su-ypac-atspariu-vandeniui-ir-kvepuojantis.html#breadcrumb","itemListElement":[{"@type":"ListItem","position":1,"name":"Prad\u017eia","item":"https:\/\/www.versiegelung24.com\/lt\/priekinis\/"},{"@type":"ListItem","position":2,"name":"Parduotuv\u0117","item":"https:\/\/www.versiegelung24.com\/lt\/parduotuve-2\/"},{"@type":"ListItem","position":3,"name":"Pavyzdys: Auk\u0161\u010diausios kokyb\u0117s betono ir akmens glaistas, gilinantis spalv\u0105 &#8211; nekv\u0117puojantis &#8211; 3008-704"}]},{"@type":"WebSite","@id":"https:\/\/www.versiegelung24.com\/lt\/#website","url":"https:\/\/www.versiegelung24.com\/lt\/","name":"versiegelung24.com","description":"Fl\u00fcssigglas-Versiegelung - Made in Germany","publisher":{"@id":"https:\/\/www.versiegelung24.com\/lt\/#organization"},"potentialAction":[{"@type":"SearchAction","target":{"@type":"EntryPoint","urlTemplate":"https:\/\/www.versiegelung24.com\/lt\/?s={search_term_string}"},"query-input":{"@type":"PropertyValueSpecification","valueRequired":true,"valueName":"search_term_string"}}],"inLanguage":"lt-LT"},{"@type":"Organization","@id":"https:\/\/www.versiegelung24.com\/lt\/#organization","name":"versiegelung24","url":"https:\/\/www.versiegelung24.com\/lt\/","logo":{"@type":"ImageObject","inLanguage":"lt-LT","@id":"https:\/\/www.versiegelung24.com\/lt\/#\/schema\/logo\/image\/","url":"https:\/\/www.versiegelung24.com\/wp-content\/uploads\/2020\/04\/versiegelung24.png","contentUrl":"https:\/\/www.versiegelung24.com\/wp-content\/uploads\/2020\/04\/versiegelung24.png","width":470,"height":102,"caption":"versiegelung24"},"image":{"@id":"https:\/\/www.versiegelung24.com\/lt\/#\/schema\/logo\/image\/"}}]},"og_availability":"backorder","product_availability":"available for order","product_retailer_item_id":"3008-704-muster","product_condition":"new"},"_links":{"self":[{"href":"https:\/\/www.versiegelung24.com\/lt\/wp-json\/wp\/v2\/product\/24062","targetHints":{"allow":["GET"]}}],"collection":[{"href":"https:\/\/www.versiegelung24.com\/lt\/wp-json\/wp\/v2\/product"}],"about":[{"href":"https:\/\/www.versiegelung24.com\/lt\/wp-json\/wp\/v2\/types\/product"}],"version-history":[{"count":2,"href":"https:\/\/www.versiegelung24.com\/lt\/wp-json\/wp\/v2\/product\/24062\/revisions"}],"predecessor-version":[{"id":140706,"href":"https:\/\/www.versiegelung24.com\/lt\/wp-json\/wp\/v2\/product\/24062\/revisions\/140706"}],"wp:featuredmedia":[{"embeddable":true,"href":"https:\/\/www.versiegelung24.com\/lt\/wp-json\/wp\/v2\/media\/14614"}],"wp:attachment":[{"href":"https:\/\/www.versiegelung24.com\/lt\/wp-json\/wp\/v2\/media?parent=24062"}],"wp:term":[{"taxonomy":"product_brand","embeddable":true,"href":"https:\/\/www.versiegelung24.com\/lt\/wp-json\/wp\/v2\/product_brand?post=24062"},{"taxonomy":"product_cat","embeddable":true,"href":"https:\/\/www.versiegelung24.com\/lt\/wp-json\/wp\/v2\/product_cat?post=24062"},{"taxonomy":"product_tag","embeddable":true,"href":"https:\/\/www.versiegelung24.com\/lt\/wp-json\/wp\/v2\/product_tag?post=24062"}],"curies":[{"name":"wp","href":"https:\/\/api.w.org\/{rel}","templated":true}]}}