{"id":24108,"date":"2020-04-27T21:49:59","date_gmt":"2021-08-02T20:25:19","guid":{"rendered":"https:\/\/www.versiegelung24.com\/produkt\/paminklas-akmuo-didelio-efektyvumo-sandarinimas-is-akmens-ir-betono"},"modified":"2025-03-20T09:53:56","modified_gmt":"2025-03-20T08:53:56","slug":"paminklas-akmuo-akmuo-ir-betonas-aukstos-kokybes-sandarinimas","status":"publish","type":"product","link":"https:\/\/www.versiegelung24.com\/lt\/paminklas-akmuo-akmuo-ir-betonas-didelio-nasumo-sandarinimas.html","title":{"rendered":"Paminklo akmuo \u2013 akmens ir betono skysto stiklo sandariklis"},"content":{"rendered":"\n<p>M\u016bs\u0173 Monument Stone auk\u0161tos kokyb\u0117s sandariklis veiksmingai ir nuolat apsaugo auk\u0161tos kokyb\u0117s betono akmens gaminius nuo bendro u\u017eter\u0161imo vandeniu, maistu ir aliejais.<\/p>\n\n<hr \/>\n\n<h4 class=\"wp-block-heading\" id=\"properties\">Produkto savyb\u0117s<\/h4>\n\n<div class=\"wp-block-columns is-layout-flex wp-container-core-columns-is-layout-9d6595d7 wp-block-columns-is-layout-flex\">\n<div class=\"wp-block-column is-layout-flow wp-block-column-is-layout-flow\">\n<p><strong>Auk\u0161tos kokyb\u0117s akmens ir betono blokeli\u0173 gamini\u0173 sandarinimas, siekiant suma\u017einti bendr\u0105 polink\u012f u\u017esiter\u0161ti vandeniu, maistu ir aliejais<\/strong><\/p>\n\n\n\n<p>Prek\u0117s numeris: 3009-8637<\/p>\n\n\n\n<p>Auk\u0161tos kokyb\u0117s Pagaminta Vokietijoje<\/p>\n\n\n\n<p><strong>gaminio sauga<\/strong><\/p>\n\n\n\n<p>Informacij\u0105 apie gaminio klasifikacij\u0105 pagal Potvark\u012f d\u0117l pavojing\u0173 med\u017eiag\u0173, saugos duomenis ir duomenis apie toksikologij\u0105 ir saugojim\u0105 rasite m\u016bs\u0173 saugos duomen\u0173 lape.<\/p>\n\n\n\n<p><strong>saugykla<\/strong><\/p>\n\n\n\n<p>B\u016btina laikytis informacijos, esan\u010dios susijusiame saugos duomen\u0173 lape (MSDS).<\/p>\n\n\n\n<p>V24 paminklinis akmuo turi b\u016bti laikomas sausoje, gerai v\u0117dinamoje ir v\u0117sioje (20\u00b0C) vietoje. Laikyti\/laikyti tik sandariai u\u017edarytoje originalioje talpykloje. Saugoti nuo tiesiogini\u0173 saul\u0117s spinduli\u0173. Tinkamai laikant, minimalus tinkamumo laikas yra 12 m\u0117nesi\u0173 nuo pagaminimo datos.<\/p>\n\n\n\n<p>Ilgesnis saugojimo laikotarpis neb\u016btinai rei\u0161kia, kad gaminys yra netinkamas naudoti, ta\u010diau kokyb\u0117s u\u017etikrinimo sumetimais reikia patikrinti norimas pagal paskirt\u012f savybes.<\/p>\n<\/div>\n\n\n\n<div class=\"wp-block-column is-layout-flow wp-block-column-is-layout-flow\">\n<p>\u2713 Auk\u0161tos kokyb\u0117s impregnavimas vandens pagrindu<\/p>\n\n\n\n<p>\u2713 Veiksmingas iki 10 met\u0173 (jei tinkamai naudojamas)<\/p>\n\n\n\n<p>\u2713 Ypa\u010d tinka ilgalaikei paminkl\u0173 apsaugai<\/p>\n\n\n\n<p>\u2713 labai koncentruotas<\/p>\n\n\n\n<p>\u2713 Ilgalaik\u0117 apsauga d\u0117l cheminio substrato suri\u0161imo<\/p>\n\n\n\n<p>\u2713 Atsparus \u0161armams iki pH 10-11*<\/p>\n\n\n\n<p>\u2713 Nelipnus efektas<\/p>\n\n\n\n<p>\u2713 Puikiai atstumia aliej\u0173, vanden\u012f ir ne\u0161varumus<\/p>\n\n\n\n<p>\u2713 Atsparus \u0161armams<\/p>\n\n\n\n<p>\u2713 Suma\u017e\u0117j\u0119s \u017eyd\u0117jimas<\/p>\n\n\n\n<p>\u2713 Purvo sukibimo suma\u017einimas<\/p>\n\n\n\n<p>\u2713 Dumbli\u0173 ir saman\u0173 augimo ma\u017einimas<\/p>\n\n\n\n<p>\u2713 suma\u017eina pakartotin\u012f u\u017eter\u0161tum\u0105<\/p>\n\n\n\n<p>\u2713 Atvira gar\u0173 difuzijai<\/p>\n\n\n\n<p>\u2713 greitai d\u017ei\u016bsta ir nelipna<\/p>\n\n\n\n<p>\u2713 Didelis UV stabilumas<\/p>\n\n\n\n<p>\u2713 Paruo\u0161tas naudojimui sprendimas<\/p>\n\n\n\n<p>\u2713 nematomas<\/p>\n<\/div>\n<\/div>\n\n<hr \/>\n\n<h4 class=\"wp-block-heading\" id=\"application\">Parai\u0161ka<\/h4>\n\n<div class=\"wp-block-columns is-layout-flex wp-container-core-columns-is-layout-9d6595d7 wp-block-columns-is-layout-flex\">\n<div class=\"wp-block-column is-layout-flow wp-block-column-is-layout-flow\">\n<ul class=\"wp-block-list\">\n<li><strong>V24 Monument Stone &#8211; skysto<\/strong> stiklo sandariklis tepamas neskiestas ant i\u0161 anksto nuvalyto ir i\u0161d\u017eiovinto pavir\u0161iaus, nes tik taip u\u017etikrinamas gilus sandarinimo \u012fsiskverbimas, sukeliantis optimal\u0173 ilgalaik\u012f ir gil\u0173 efekt\u0105.<\/li>\n<\/ul>\n\n\n\n<ul class=\"wp-block-list\">\n<li>Sandarinimas tolygiai ir plonai tepamas ant pagrindo, kol pavir\u0161ius atrodo matinis dr\u0117gnas.<\/li>\n<\/ul>\n\n\n\n<ul class=\"wp-block-list\">\n<li>Tepamas teptuku, putplas\u010dio voleliu, mikropluo\u0161to \u0161luoste arba pur\u0161kiant.<\/li>\n<\/ul>\n\n\n\n<ul class=\"wp-block-list\">\n<li>Reikia vengti bal\u0173 susidarymo. Hidroizoliacin\u0117s med\u017eiagos perteklius turi b\u016bti pa\u0161alintas nuo pagrindo.<\/li>\n<\/ul>\n<\/div>\n\n\n\n<div class=\"wp-block-column is-layout-flow wp-block-column-is-layout-flow\">\n<ul class=\"wp-block-list\">\n<li>Po u\u017etepimo <strong>paminklinis akmuo V24<\/strong> kelias sekundes turi liestis su pavir\u0161iumi kaip skysta pl\u0117vel\u0117.<\/li>\n<\/ul>\n\n\n\n<ul class=\"wp-block-list\">\n<li>Visas funkcionalumas atsiranda po 48 valand\u0173 d\u017eiovinimo kambario temperat\u016broje. Gilus d\u017eiovinimas taip pat gali skirtis priklausomai nuo substrato.<\/li>\n<\/ul>\n\n\n\n<p>I\u0161sam\u0173 programos apra\u0161ym\u0105 rasite m\u016bs\u0173 duomen\u0173 lape<\/p>\n\n\n\n<p>Labai efektyvus skysto stiklo sandarinimas paminklams \u2013 akmens ir betono blokeli\u0173 gaminiams.<\/p>\n\n\n\n<p>\u2713 Betonas (dirbiniai)<\/p>\n\n\n\n<p>\u2713 Akmuo (straipsniai)<\/p>\n\n\n\n<p>\u2713 Plok\u0161t\u0117s ir grindinio sistemos<\/p>\n\n\n\n<p>\u2713 Paminkliniai akmenys<\/p>\n<\/div>\n<\/div>\n","protected":false},"excerpt":{"rendered":"<p><strong>Tepal\u0105, vanden\u012f ir ne\u0161varumus atstumiantis skystas stiklo sandariklis akmens ir betono pavir\u0161iams<\/strong><\/p>\n<p>\u2713 Ilgalaik\u0117 apsauga d\u0117l cheminio substrato suri\u0161imo<\/p>\n<p>\u2713 Puikiai atstumia aliej\u0173, vanden\u012f ir ne\u0161varumus<\/p>\n<p>\u2713 Ilgalaik\u0117 paminklinio akmens apsauga<\/p>\n<p>\u2713 Dumbli\u0173 ir saman\u0173 augimo ma\u017einimas<\/p>\n<p>\u2713 Nelipnus efektas<\/p>\n","protected":false},"featured_media":18147,"template":"","meta":{"_acf_changed":false,"neve_meta_sidebar":"","neve_meta_container":"","neve_meta_enable_content_width":"","neve_meta_content_width":0,"neve_meta_title_alignment":"","neve_meta_author_avatar":"","neve_post_elements_order":"","neve_meta_disable_header":"","neve_meta_disable_footer":"","neve_meta_disable_title":"","neve_meta_reading_time":"","_surfaces":[],"_ver_product_tabs":[],"footnotes":""},"product_brand":[],"product_cat":[2470],"product_tag":[],"class_list":{"0":"post-24108","1":"product","2":"type-product","3":"status-publish","4":"has-post-thumbnail","6":"product_cat-akmens-ir-betono-sandarinimas","8":"first","9":"onbackorder","10":"taxable","11":"shipping-taxable","12":"purchasable","13":"product-type-simple"},"acf":[],"yoast_head":"<!-- This site is optimized with the Yoast SEO Premium plugin v22.8 (Yoast SEO v27.5) - https:\/\/yoast.com\/product\/yoast-seo-premium-wordpress\/ -->\n<title>Paminklo akmuo \u2013 akmens ir betono skysto stiklo sandariklis - versiegelung24.com<\/title>\n<meta name=\"robots\" content=\"index, follow, max-snippet:-1, max-image-preview:large, max-video-preview:-1\" \/>\n<link rel=\"canonical\" href=\"https:\/\/www.versiegelung24.com\/lt\/paminklas-akmuo-akmuo-ir-betonas-didelio-nasumo-sandarinimas.html\" \/>\n<meta property=\"og:locale\" content=\"lt_LT\" \/>\n<meta property=\"og:type\" content=\"article\" \/>\n<meta property=\"og:title\" content=\"Paminklo akmuo \u2013 akmens ir betono skysto stiklo sandariklis\" \/>\n<meta property=\"og:description\" content=\"Tepal\u0105, vanden\u012f ir ne\u0161varumus atstumiantis skystas stiklo sandariklis akmens ir betono pavir\u0161iams \u2713 Ilgalaik\u0117 apsauga d\u0117l cheminio substrato suri\u0161imo \u2713 Puikiai atstumia aliej\u0173, vanden\u012f ir ne\u0161varumus \u2713 Ilgalaik\u0117 paminklinio akmens apsauga \u2713 Dumbli\u0173 ir saman\u0173 augimo ma\u017einimas \u2713 Nelipnus efektas\" \/>\n<meta property=\"og:url\" content=\"https:\/\/www.versiegelung24.com\/lt\/paminklas-akmuo-akmuo-ir-betonas-didelio-nasumo-sandarinimas.html\" \/>\n<meta property=\"og:site_name\" content=\"versiegelung24.com\" \/>\n<meta property=\"article:modified_time\" content=\"2025-03-20T08:53:56+00:00\" \/>\n<meta property=\"og:image\" content=\"https:\/\/www.versiegelung24.com\/wp-content\/uploads\/2020\/06\/produkt-3009-7637-1000-Monument-Stone-scaled.jpg\" \/>\n\t<meta property=\"og:image:width\" content=\"2560\" \/>\n\t<meta property=\"og:image:height\" content=\"2560\" \/>\n\t<meta property=\"og:image:type\" content=\"image\/jpeg\" \/>\n<meta name=\"twitter:card\" content=\"summary_large_image\" \/>\n<meta name=\"twitter:label1\" content=\"Price\" \/>\n\t<meta name=\"twitter:data1\" content=\"89,99&euro;\" \/>\n\t<meta name=\"twitter:label2\" content=\"Availability\" \/>\n\t<meta name=\"twitter:data2\" content=\"On backorder\" \/>\n<script type=\"application\/ld+json\" class=\"yoast-schema-graph\">{\"@context\":\"https:\\\/\\\/schema.org\",\"@graph\":[{\"@type\":\"WebPage\",\"@id\":\"https:\\\/\\\/www.versiegelung24.com\\\/lt\\\/paminklas-akmuo-akmuo-ir-betonas-didelio-nasumo-sandarinimas.html\",\"url\":\"https:\\\/\\\/www.versiegelung24.com\\\/lt\\\/paminklas-akmuo-akmuo-ir-betonas-didelio-nasumo-sandarinimas.html\",\"name\":\"Paminklo akmuo \u2013 akmens ir betono skysto stiklo sandariklis - versiegelung24.com\",\"isPartOf\":{\"@id\":\"https:\\\/\\\/www.versiegelung24.com\\\/lt\\\/#website\"},\"primaryImageOfPage\":{\"@id\":\"https:\\\/\\\/www.versiegelung24.com\\\/lt\\\/paminklas-akmuo-akmuo-ir-betonas-didelio-nasumo-sandarinimas.html#primaryimage\"},\"image\":{\"@id\":\"https:\\\/\\\/www.versiegelung24.com\\\/lt\\\/paminklas-akmuo-akmuo-ir-betonas-didelio-nasumo-sandarinimas.html#primaryimage\"},\"thumbnailUrl\":\"https:\\\/\\\/www.versiegelung24.com\\\/wp-content\\\/uploads\\\/2020\\\/06\\\/produkt-3009-7637-1000-Monument-Stone-scaled.jpg\",\"datePublished\":\"2021-08-02T20:25:19+00:00\",\"dateModified\":\"2025-03-20T08:53:56+00:00\",\"breadcrumb\":{\"@id\":\"https:\\\/\\\/www.versiegelung24.com\\\/lt\\\/paminklas-akmuo-akmuo-ir-betonas-didelio-nasumo-sandarinimas.html#breadcrumb\"},\"inLanguage\":\"lt-LT\",\"potentialAction\":[{\"@type\":\"ReadAction\",\"target\":[\"https:\\\/\\\/www.versiegelung24.com\\\/lt\\\/paminklas-akmuo-akmuo-ir-betonas-didelio-nasumo-sandarinimas.html\"]}]},{\"@type\":\"ImageObject\",\"inLanguage\":\"lt-LT\",\"@id\":\"https:\\\/\\\/www.versiegelung24.com\\\/lt\\\/paminklas-akmuo-akmuo-ir-betonas-didelio-nasumo-sandarinimas.html#primaryimage\",\"url\":\"https:\\\/\\\/www.versiegelung24.com\\\/wp-content\\\/uploads\\\/2020\\\/06\\\/produkt-3009-7637-1000-Monument-Stone-scaled.jpg\",\"contentUrl\":\"https:\\\/\\\/www.versiegelung24.com\\\/wp-content\\\/uploads\\\/2020\\\/06\\\/produkt-3009-7637-1000-Monument-Stone-scaled.jpg\",\"width\":2560,\"height\":2560},{\"@type\":\"BreadcrumbList\",\"@id\":\"https:\\\/\\\/www.versiegelung24.com\\\/lt\\\/paminklas-akmuo-akmuo-ir-betonas-didelio-nasumo-sandarinimas.html#breadcrumb\",\"itemListElement\":[{\"@type\":\"ListItem\",\"position\":1,\"name\":\"Prad\u017eia\",\"item\":\"https:\\\/\\\/www.versiegelung24.com\\\/lt\\\/priekinis\\\/\"},{\"@type\":\"ListItem\",\"position\":2,\"name\":\"Parduotuv\u0117\",\"item\":\"https:\\\/\\\/www.versiegelung24.com\\\/lt\\\/parduotuve-2\\\/\"},{\"@type\":\"ListItem\",\"position\":3,\"name\":\"Paminklo akmuo \u2013 akmens ir betono skysto stiklo sandariklis\"}]},{\"@type\":\"WebSite\",\"@id\":\"https:\\\/\\\/www.versiegelung24.com\\\/lt\\\/#website\",\"url\":\"https:\\\/\\\/www.versiegelung24.com\\\/lt\\\/\",\"name\":\"versiegelung24.com\",\"description\":\"Fl\u00fcssigglas-Versiegelung - Made in Germany\",\"publisher\":{\"@id\":\"https:\\\/\\\/www.versiegelung24.com\\\/lt\\\/#organization\"},\"potentialAction\":[{\"@type\":\"SearchAction\",\"target\":{\"@type\":\"EntryPoint\",\"urlTemplate\":\"https:\\\/\\\/www.versiegelung24.com\\\/lt\\\/?s={search_term_string}\"},\"query-input\":{\"@type\":\"PropertyValueSpecification\",\"valueRequired\":true,\"valueName\":\"search_term_string\"}}],\"inLanguage\":\"lt-LT\"},{\"@type\":\"Organization\",\"@id\":\"https:\\\/\\\/www.versiegelung24.com\\\/lt\\\/#organization\",\"name\":\"versiegelung24\",\"url\":\"https:\\\/\\\/www.versiegelung24.com\\\/lt\\\/\",\"logo\":{\"@type\":\"ImageObject\",\"inLanguage\":\"lt-LT\",\"@id\":\"https:\\\/\\\/www.versiegelung24.com\\\/lt\\\/#\\\/schema\\\/logo\\\/image\\\/\",\"url\":\"https:\\\/\\\/www.versiegelung24.com\\\/wp-content\\\/uploads\\\/2020\\\/04\\\/versiegelung24.png\",\"contentUrl\":\"https:\\\/\\\/www.versiegelung24.com\\\/wp-content\\\/uploads\\\/2020\\\/04\\\/versiegelung24.png\",\"width\":470,\"height\":102,\"caption\":\"versiegelung24\"},\"image\":{\"@id\":\"https:\\\/\\\/www.versiegelung24.com\\\/lt\\\/#\\\/schema\\\/logo\\\/image\\\/\"}}]}<\/script>\n<meta property=\"product:price:amount\" content=\"89.99\" \/>\n<meta property=\"product:price:currency\" content=\"EUR\" \/>\n<meta property=\"og:availability\" content=\"backorder\" \/>\n<meta property=\"product:availability\" content=\"available for order\" \/>\n<meta property=\"product:retailer_item_id\" content=\"3009-8637-1\" \/>\n<meta property=\"product:condition\" content=\"new\" \/>\n<!-- \/ Yoast SEO Premium plugin. -->","yoast_head_json":{"title":"Paminklo akmuo \u2013 akmens ir betono skysto stiklo sandariklis - versiegelung24.com","robots":{"index":"index","follow":"follow","max-snippet":"max-snippet:-1","max-image-preview":"max-image-preview:large","max-video-preview":"max-video-preview:-1"},"canonical":"https:\/\/www.versiegelung24.com\/lt\/paminklas-akmuo-akmuo-ir-betonas-didelio-nasumo-sandarinimas.html","og_locale":"lt_LT","og_type":"article","og_title":"Paminklo akmuo \u2013 akmens ir betono skysto stiklo sandariklis","og_description":"Tepal\u0105, vanden\u012f ir ne\u0161varumus atstumiantis skystas stiklo sandariklis akmens ir betono pavir\u0161iams \u2713 Ilgalaik\u0117 apsauga d\u0117l cheminio substrato suri\u0161imo \u2713 Puikiai atstumia aliej\u0173, vanden\u012f ir ne\u0161varumus \u2713 Ilgalaik\u0117 paminklinio akmens apsauga \u2713 Dumbli\u0173 ir saman\u0173 augimo ma\u017einimas \u2713 Nelipnus efektas","og_url":"https:\/\/www.versiegelung24.com\/lt\/paminklas-akmuo-akmuo-ir-betonas-didelio-nasumo-sandarinimas.html","og_site_name":"versiegelung24.com","article_modified_time":"2025-03-20T08:53:56+00:00","og_image":[{"width":2560,"height":2560,"url":"https:\/\/www.versiegelung24.com\/wp-content\/uploads\/2020\/06\/produkt-3009-7637-1000-Monument-Stone-scaled.jpg","type":"image\/jpeg"}],"twitter_card":"summary_large_image","twitter_misc":{"Price":"89,99&euro;","Availability":"On backorder"},"schema":{"@context":"https:\/\/schema.org","@graph":[{"@type":"WebPage","@id":"https:\/\/www.versiegelung24.com\/lt\/paminklas-akmuo-akmuo-ir-betonas-didelio-nasumo-sandarinimas.html","url":"https:\/\/www.versiegelung24.com\/lt\/paminklas-akmuo-akmuo-ir-betonas-didelio-nasumo-sandarinimas.html","name":"Paminklo akmuo \u2013 akmens ir betono skysto stiklo sandariklis - versiegelung24.com","isPartOf":{"@id":"https:\/\/www.versiegelung24.com\/lt\/#website"},"primaryImageOfPage":{"@id":"https:\/\/www.versiegelung24.com\/lt\/paminklas-akmuo-akmuo-ir-betonas-didelio-nasumo-sandarinimas.html#primaryimage"},"image":{"@id":"https:\/\/www.versiegelung24.com\/lt\/paminklas-akmuo-akmuo-ir-betonas-didelio-nasumo-sandarinimas.html#primaryimage"},"thumbnailUrl":"https:\/\/www.versiegelung24.com\/wp-content\/uploads\/2020\/06\/produkt-3009-7637-1000-Monument-Stone-scaled.jpg","datePublished":"2021-08-02T20:25:19+00:00","dateModified":"2025-03-20T08:53:56+00:00","breadcrumb":{"@id":"https:\/\/www.versiegelung24.com\/lt\/paminklas-akmuo-akmuo-ir-betonas-didelio-nasumo-sandarinimas.html#breadcrumb"},"inLanguage":"lt-LT","potentialAction":[{"@type":"ReadAction","target":["https:\/\/www.versiegelung24.com\/lt\/paminklas-akmuo-akmuo-ir-betonas-didelio-nasumo-sandarinimas.html"]}]},{"@type":"ImageObject","inLanguage":"lt-LT","@id":"https:\/\/www.versiegelung24.com\/lt\/paminklas-akmuo-akmuo-ir-betonas-didelio-nasumo-sandarinimas.html#primaryimage","url":"https:\/\/www.versiegelung24.com\/wp-content\/uploads\/2020\/06\/produkt-3009-7637-1000-Monument-Stone-scaled.jpg","contentUrl":"https:\/\/www.versiegelung24.com\/wp-content\/uploads\/2020\/06\/produkt-3009-7637-1000-Monument-Stone-scaled.jpg","width":2560,"height":2560},{"@type":"BreadcrumbList","@id":"https:\/\/www.versiegelung24.com\/lt\/paminklas-akmuo-akmuo-ir-betonas-didelio-nasumo-sandarinimas.html#breadcrumb","itemListElement":[{"@type":"ListItem","position":1,"name":"Prad\u017eia","item":"https:\/\/www.versiegelung24.com\/lt\/priekinis\/"},{"@type":"ListItem","position":2,"name":"Parduotuv\u0117","item":"https:\/\/www.versiegelung24.com\/lt\/parduotuve-2\/"},{"@type":"ListItem","position":3,"name":"Paminklo akmuo \u2013 akmens ir betono skysto stiklo sandariklis"}]},{"@type":"WebSite","@id":"https:\/\/www.versiegelung24.com\/lt\/#website","url":"https:\/\/www.versiegelung24.com\/lt\/","name":"versiegelung24.com","description":"Fl\u00fcssigglas-Versiegelung - Made in Germany","publisher":{"@id":"https:\/\/www.versiegelung24.com\/lt\/#organization"},"potentialAction":[{"@type":"SearchAction","target":{"@type":"EntryPoint","urlTemplate":"https:\/\/www.versiegelung24.com\/lt\/?s={search_term_string}"},"query-input":{"@type":"PropertyValueSpecification","valueRequired":true,"valueName":"search_term_string"}}],"inLanguage":"lt-LT"},{"@type":"Organization","@id":"https:\/\/www.versiegelung24.com\/lt\/#organization","name":"versiegelung24","url":"https:\/\/www.versiegelung24.com\/lt\/","logo":{"@type":"ImageObject","inLanguage":"lt-LT","@id":"https:\/\/www.versiegelung24.com\/lt\/#\/schema\/logo\/image\/","url":"https:\/\/www.versiegelung24.com\/wp-content\/uploads\/2020\/04\/versiegelung24.png","contentUrl":"https:\/\/www.versiegelung24.com\/wp-content\/uploads\/2020\/04\/versiegelung24.png","width":470,"height":102,"caption":"versiegelung24"},"image":{"@id":"https:\/\/www.versiegelung24.com\/lt\/#\/schema\/logo\/image\/"}}]},"product_price_amount":"89.99","product_price_currency":"EUR","og_availability":"backorder","product_availability":"available for order","product_retailer_item_id":"3009-8637-1","product_condition":"new"},"_links":{"self":[{"href":"https:\/\/www.versiegelung24.com\/lt\/wp-json\/wp\/v2\/product\/24108","targetHints":{"allow":["GET"]}}],"collection":[{"href":"https:\/\/www.versiegelung24.com\/lt\/wp-json\/wp\/v2\/product"}],"about":[{"href":"https:\/\/www.versiegelung24.com\/lt\/wp-json\/wp\/v2\/types\/product"}],"version-history":[{"count":26,"href":"https:\/\/www.versiegelung24.com\/lt\/wp-json\/wp\/v2\/product\/24108\/revisions"}],"predecessor-version":[{"id":181044,"href":"https:\/\/www.versiegelung24.com\/lt\/wp-json\/wp\/v2\/product\/24108\/revisions\/181044"}],"wp:featuredmedia":[{"embeddable":true,"href":"https:\/\/www.versiegelung24.com\/lt\/wp-json\/wp\/v2\/media\/18147"}],"wp:attachment":[{"href":"https:\/\/www.versiegelung24.com\/lt\/wp-json\/wp\/v2\/media?parent=24108"}],"wp:term":[{"taxonomy":"product_brand","embeddable":true,"href":"https:\/\/www.versiegelung24.com\/lt\/wp-json\/wp\/v2\/product_brand?post=24108"},{"taxonomy":"product_cat","embeddable":true,"href":"https:\/\/www.versiegelung24.com\/lt\/wp-json\/wp\/v2\/product_cat?post=24108"},{"taxonomy":"product_tag","embeddable":true,"href":"https:\/\/www.versiegelung24.com\/lt\/wp-json\/wp\/v2\/product_tag?post=24108"}],"curies":[{"name":"wp","href":"https:\/\/api.w.org\/{rel}","templated":true}]}}