{"id":24167,"date":"2020-04-04T18:53:46","date_gmt":"2021-08-02T20:30:26","guid":{"rendered":"https:\/\/www.versiegelung24.com\/produkt\/skystas-stiklo-mobiliuju-telefonu-sandariklis-skysta-ekrano-apsauga"},"modified":"2025-01-06T15:11:00","modified_gmt":"2025-01-06T14:11:00","slug":"skysto-stiklo-mobiliojo-telefono-sandarinimo-skyscio-ekrano-apsauga","status":"publish","type":"product","link":"https:\/\/www.versiegelung24.com\/lt\/skysto-stiklo-mobiliojo-telefono-sandarinimo-skyscio-ekrano-apsauga.html","title":{"rendered":"Skystas stiklo mobili\u0173j\u0173 telefon\u0173 sandariklis &#8211; skysta ekrano apsauga"},"content":{"rendered":"\n<p><strong>Labai efektyvi skysto stiklo danga mobili\u0173j\u0173 telefon\u0173 ekranams &#8211; nano apsauga nuo \u012fbr\u0117\u017eim\u0173, bakterij\u0173, radiacijos, ne\u0161varum\u0173 ir dr\u0117gm\u0117s<\/strong><\/p>\n\n<p>Auk\u0161ta kokyb\u0117 &#8211; pagaminta Vokietijoje<\/p>\n\n<hr\/>\n\n<h4 class=\"wp-block-heading\" id=\"properties\">Produkto savyb\u0117s<\/h4>\n\n<div class=\"wp-block-columns is-layout-flex wp-container-core-columns-is-layout-9d6595d7 wp-block-columns-is-layout-flex\">\n<div class=\"wp-block-column is-layout-flow wp-block-column-is-layout-flow\">\n<ul class=\"wp-block-list\"><li>Labai lengva pritaikyti<\/li><li>Tinka visiems mobili\u0173j\u0173 telefon\u0173 modeliams, plan\u0161etiniams kompiuteriams, i\u0161maniesiems telefonams. \u012eskaitant \u201ekra\u0161t\u0105\u201c<\/li><li>Visi\u0161kai be burbuliuk\u0173 ir nematomas<\/li><li>Apsauga nuo \u012fbr\u0117\u017eim\u0173 nuo \u012fbr\u0117\u017eim\u0173<\/li><li>Visi\u0161kai be burbuliuk\u0173 ir nematomas<\/li><li>Slopina bakterij\u0173 augim\u0105<\/li><\/ul>\n<\/div>\n\n\n\n<div class=\"wp-block-column is-layout-flow wp-block-column-is-layout-flow\">\n<ul class=\"wp-block-list\" id=\"block-f0da57e8-d3f5-402c-8f3a-1888e700b7ff\"><li>Suma\u017eina pir\u0161t\u0173 atspaudus<\/li><li>Suma\u017eina gama spinduliuot\u0119<\/li><li>Pavir\u0161ius tampa labai lengvai valomas<\/li><li>Nepa\u017eeid\u017eiant jutiklini\u0173 ir mygtuk\u0173 funkcij\u0173, slinkimas tampa malonesnis<\/li><li>Galima laikyti daugel\u012f m\u0117nesi\u0173<\/li><\/ul>\n<\/div>\n<\/div>\n\n<p>Pristatymo apimtis:<\/p>\n\n<p>2 alkoholio valymo \u0161luost\u0117s ir 2 skysto stiklo sandarinimo \u0161luost\u0117s jutikliniams ekranams (stiklas ir plastikas, kiekvienas ma\u017edaug 0,5 m\u00b2) 1 mikropluo\u0161to \u0161luost\u0117, 2 apsaugin\u0117s pir\u0161tin\u0117s<\/p>\n","protected":false},"excerpt":{"rendered":"<p><strong>U\u017etenka 2 \u012frenginiams:<\/strong><\/p>\n<p>\u2713 Skysto stiklo mobiliojo telefono ekrano apsauga<\/p>\n<p>\u2713 Nano danga<\/p>\n<p>\u2713 100% be burbuliuk\u0173.<\/p>\n","protected":false},"featured_media":13239,"template":"","meta":{"_acf_changed":false,"neve_meta_sidebar":"","neve_meta_container":"","neve_meta_enable_content_width":"","neve_meta_content_width":0,"neve_meta_title_alignment":"","neve_meta_author_avatar":"","neve_post_elements_order":"","neve_meta_disable_header":"","neve_meta_disable_footer":"","neve_meta_disable_title":"","neve_meta_reading_time":"","_surfaces":[],"_ver_product_tabs":[],"footnotes":""},"product_brand":[],"product_cat":[2217,2518],"product_tag":[],"class_list":{"0":"post-24167","1":"product","2":"type-product","3":"status-publish","4":"has-post-thumbnail","6":"product_cat-sandarinimas-stiklui-ir-keramikai","7":"product_cat-metalinis-ir-plastikinis-sandarinimas","9":"first","10":"instock","11":"taxable","12":"shipping-taxable","13":"purchasable","14":"product-type-simple"},"acf":[],"yoast_head":"<!-- This site is optimized with the Yoast SEO Premium plugin v22.8 (Yoast SEO v27.5) - https:\/\/yoast.com\/product\/yoast-seo-premium-wordpress\/ -->\n<title>Skystas stiklo mobili\u0173j\u0173 telefon\u0173 sandariklis - skysta ekrano apsauga - versiegelung24.com<\/title>\n<meta name=\"robots\" content=\"index, follow, max-snippet:-1, max-image-preview:large, max-video-preview:-1\" \/>\n<link rel=\"canonical\" href=\"https:\/\/www.versiegelung24.com\/lt\/skysto-stiklo-mobiliojo-telefono-sandarinimo-skyscio-ekrano-apsauga.html\" \/>\n<meta property=\"og:locale\" content=\"lt_LT\" \/>\n<meta property=\"og:type\" content=\"article\" \/>\n<meta property=\"og:title\" content=\"Skystas stiklo mobili\u0173j\u0173 telefon\u0173 sandariklis - skysta ekrano apsauga\" \/>\n<meta property=\"og:description\" content=\"U\u017etenka 2 \u012frenginiams: \u2713 Skysto stiklo mobiliojo telefono ekrano apsauga \u2713 Nano danga \u2713 100% be burbuliuk\u0173.\" \/>\n<meta property=\"og:url\" content=\"https:\/\/www.versiegelung24.com\/lt\/skysto-stiklo-mobiliojo-telefono-sandarinimo-skyscio-ekrano-apsauga.html\" \/>\n<meta property=\"og:site_name\" content=\"versiegelung24.com\" \/>\n<meta property=\"article:modified_time\" content=\"2025-01-06T14:11:00+00:00\" \/>\n<meta property=\"og:image\" content=\"https:\/\/www.versiegelung24.com\/wp-content\/uploads\/2020\/04\/handy-versiegelung-web.jpg\" \/>\n\t<meta property=\"og:image:width\" content=\"1500\" \/>\n\t<meta property=\"og:image:height\" content=\"1500\" \/>\n\t<meta property=\"og:image:type\" content=\"image\/jpeg\" \/>\n<meta name=\"twitter:card\" content=\"summary_large_image\" \/>\n<meta name=\"twitter:label1\" content=\"Price\" \/>\n\t<meta name=\"twitter:data1\" content=\"9,99&euro;\" \/>\n\t<meta name=\"twitter:label2\" content=\"Availability\" \/>\n\t<meta name=\"twitter:data2\" content=\"In stock\" \/>\n<script type=\"application\/ld+json\" class=\"yoast-schema-graph\">{\"@context\":\"https:\\\/\\\/schema.org\",\"@graph\":[{\"@type\":\"WebPage\",\"@id\":\"https:\\\/\\\/www.versiegelung24.com\\\/lt\\\/skysto-stiklo-mobiliojo-telefono-sandarinimo-skyscio-ekrano-apsauga.html\",\"url\":\"https:\\\/\\\/www.versiegelung24.com\\\/lt\\\/skysto-stiklo-mobiliojo-telefono-sandarinimo-skyscio-ekrano-apsauga.html\",\"name\":\"Skystas stiklo mobili\u0173j\u0173 telefon\u0173 sandariklis - skysta ekrano apsauga - versiegelung24.com\",\"isPartOf\":{\"@id\":\"https:\\\/\\\/www.versiegelung24.com\\\/lt\\\/#website\"},\"primaryImageOfPage\":{\"@id\":\"https:\\\/\\\/www.versiegelung24.com\\\/lt\\\/skysto-stiklo-mobiliojo-telefono-sandarinimo-skyscio-ekrano-apsauga.html#primaryimage\"},\"image\":{\"@id\":\"https:\\\/\\\/www.versiegelung24.com\\\/lt\\\/skysto-stiklo-mobiliojo-telefono-sandarinimo-skyscio-ekrano-apsauga.html#primaryimage\"},\"thumbnailUrl\":\"https:\\\/\\\/www.versiegelung24.com\\\/wp-content\\\/uploads\\\/2020\\\/04\\\/handy-versiegelung-web.jpg\",\"datePublished\":\"2021-08-02T20:30:26+00:00\",\"dateModified\":\"2025-01-06T14:11:00+00:00\",\"breadcrumb\":{\"@id\":\"https:\\\/\\\/www.versiegelung24.com\\\/lt\\\/skysto-stiklo-mobiliojo-telefono-sandarinimo-skyscio-ekrano-apsauga.html#breadcrumb\"},\"inLanguage\":\"lt-LT\",\"potentialAction\":[{\"@type\":\"ReadAction\",\"target\":[\"https:\\\/\\\/www.versiegelung24.com\\\/lt\\\/skysto-stiklo-mobiliojo-telefono-sandarinimo-skyscio-ekrano-apsauga.html\"]}]},{\"@type\":\"ImageObject\",\"inLanguage\":\"lt-LT\",\"@id\":\"https:\\\/\\\/www.versiegelung24.com\\\/lt\\\/skysto-stiklo-mobiliojo-telefono-sandarinimo-skyscio-ekrano-apsauga.html#primaryimage\",\"url\":\"https:\\\/\\\/www.versiegelung24.com\\\/wp-content\\\/uploads\\\/2020\\\/04\\\/handy-versiegelung-web.jpg\",\"contentUrl\":\"https:\\\/\\\/www.versiegelung24.com\\\/wp-content\\\/uploads\\\/2020\\\/04\\\/handy-versiegelung-web.jpg\",\"width\":1500,\"height\":1500},{\"@type\":\"BreadcrumbList\",\"@id\":\"https:\\\/\\\/www.versiegelung24.com\\\/lt\\\/skysto-stiklo-mobiliojo-telefono-sandarinimo-skyscio-ekrano-apsauga.html#breadcrumb\",\"itemListElement\":[{\"@type\":\"ListItem\",\"position\":1,\"name\":\"Prad\u017eia\",\"item\":\"https:\\\/\\\/www.versiegelung24.com\\\/lt\\\/priekinis\\\/\"},{\"@type\":\"ListItem\",\"position\":2,\"name\":\"Parduotuv\u0117\",\"item\":\"https:\\\/\\\/www.versiegelung24.com\\\/lt\\\/parduotuve-2\\\/\"},{\"@type\":\"ListItem\",\"position\":3,\"name\":\"Skystas stiklo mobili\u0173j\u0173 telefon\u0173 sandariklis &#8211; skysta ekrano apsauga\"}]},{\"@type\":\"WebSite\",\"@id\":\"https:\\\/\\\/www.versiegelung24.com\\\/lt\\\/#website\",\"url\":\"https:\\\/\\\/www.versiegelung24.com\\\/lt\\\/\",\"name\":\"versiegelung24.com\",\"description\":\"Fl\u00fcssigglas-Versiegelung - Made in Germany\",\"publisher\":{\"@id\":\"https:\\\/\\\/www.versiegelung24.com\\\/lt\\\/#organization\"},\"potentialAction\":[{\"@type\":\"SearchAction\",\"target\":{\"@type\":\"EntryPoint\",\"urlTemplate\":\"https:\\\/\\\/www.versiegelung24.com\\\/lt\\\/?s={search_term_string}\"},\"query-input\":{\"@type\":\"PropertyValueSpecification\",\"valueRequired\":true,\"valueName\":\"search_term_string\"}}],\"inLanguage\":\"lt-LT\"},{\"@type\":\"Organization\",\"@id\":\"https:\\\/\\\/www.versiegelung24.com\\\/lt\\\/#organization\",\"name\":\"versiegelung24\",\"url\":\"https:\\\/\\\/www.versiegelung24.com\\\/lt\\\/\",\"logo\":{\"@type\":\"ImageObject\",\"inLanguage\":\"lt-LT\",\"@id\":\"https:\\\/\\\/www.versiegelung24.com\\\/lt\\\/#\\\/schema\\\/logo\\\/image\\\/\",\"url\":\"https:\\\/\\\/www.versiegelung24.com\\\/wp-content\\\/uploads\\\/2020\\\/04\\\/versiegelung24.png\",\"contentUrl\":\"https:\\\/\\\/www.versiegelung24.com\\\/wp-content\\\/uploads\\\/2020\\\/04\\\/versiegelung24.png\",\"width\":470,\"height\":102,\"caption\":\"versiegelung24\"},\"image\":{\"@id\":\"https:\\\/\\\/www.versiegelung24.com\\\/lt\\\/#\\\/schema\\\/logo\\\/image\\\/\"}}]}<\/script>\n<meta property=\"product:price:amount\" content=\"9.99\" \/>\n<meta property=\"product:price:currency\" content=\"EUR\" \/>\n<meta property=\"og:availability\" content=\"instock\" \/>\n<meta property=\"product:availability\" content=\"instock\" \/>\n<meta property=\"product:retailer_item_id\" content=\"4008-901\" \/>\n<meta property=\"product:condition\" content=\"new\" \/>\n<!-- \/ Yoast SEO Premium plugin. -->","yoast_head_json":{"title":"Skystas stiklo mobili\u0173j\u0173 telefon\u0173 sandariklis - skysta ekrano apsauga - versiegelung24.com","robots":{"index":"index","follow":"follow","max-snippet":"max-snippet:-1","max-image-preview":"max-image-preview:large","max-video-preview":"max-video-preview:-1"},"canonical":"https:\/\/www.versiegelung24.com\/lt\/skysto-stiklo-mobiliojo-telefono-sandarinimo-skyscio-ekrano-apsauga.html","og_locale":"lt_LT","og_type":"article","og_title":"Skystas stiklo mobili\u0173j\u0173 telefon\u0173 sandariklis - skysta ekrano apsauga","og_description":"U\u017etenka 2 \u012frenginiams: \u2713 Skysto stiklo mobiliojo telefono ekrano apsauga \u2713 Nano danga \u2713 100% be burbuliuk\u0173.","og_url":"https:\/\/www.versiegelung24.com\/lt\/skysto-stiklo-mobiliojo-telefono-sandarinimo-skyscio-ekrano-apsauga.html","og_site_name":"versiegelung24.com","article_modified_time":"2025-01-06T14:11:00+00:00","og_image":[{"width":1500,"height":1500,"url":"https:\/\/www.versiegelung24.com\/wp-content\/uploads\/2020\/04\/handy-versiegelung-web.jpg","type":"image\/jpeg"}],"twitter_card":"summary_large_image","twitter_misc":{"Price":"9,99&euro;","Availability":"In stock"},"schema":{"@context":"https:\/\/schema.org","@graph":[{"@type":"WebPage","@id":"https:\/\/www.versiegelung24.com\/lt\/skysto-stiklo-mobiliojo-telefono-sandarinimo-skyscio-ekrano-apsauga.html","url":"https:\/\/www.versiegelung24.com\/lt\/skysto-stiklo-mobiliojo-telefono-sandarinimo-skyscio-ekrano-apsauga.html","name":"Skystas stiklo mobili\u0173j\u0173 telefon\u0173 sandariklis - skysta ekrano apsauga - versiegelung24.com","isPartOf":{"@id":"https:\/\/www.versiegelung24.com\/lt\/#website"},"primaryImageOfPage":{"@id":"https:\/\/www.versiegelung24.com\/lt\/skysto-stiklo-mobiliojo-telefono-sandarinimo-skyscio-ekrano-apsauga.html#primaryimage"},"image":{"@id":"https:\/\/www.versiegelung24.com\/lt\/skysto-stiklo-mobiliojo-telefono-sandarinimo-skyscio-ekrano-apsauga.html#primaryimage"},"thumbnailUrl":"https:\/\/www.versiegelung24.com\/wp-content\/uploads\/2020\/04\/handy-versiegelung-web.jpg","datePublished":"2021-08-02T20:30:26+00:00","dateModified":"2025-01-06T14:11:00+00:00","breadcrumb":{"@id":"https:\/\/www.versiegelung24.com\/lt\/skysto-stiklo-mobiliojo-telefono-sandarinimo-skyscio-ekrano-apsauga.html#breadcrumb"},"inLanguage":"lt-LT","potentialAction":[{"@type":"ReadAction","target":["https:\/\/www.versiegelung24.com\/lt\/skysto-stiklo-mobiliojo-telefono-sandarinimo-skyscio-ekrano-apsauga.html"]}]},{"@type":"ImageObject","inLanguage":"lt-LT","@id":"https:\/\/www.versiegelung24.com\/lt\/skysto-stiklo-mobiliojo-telefono-sandarinimo-skyscio-ekrano-apsauga.html#primaryimage","url":"https:\/\/www.versiegelung24.com\/wp-content\/uploads\/2020\/04\/handy-versiegelung-web.jpg","contentUrl":"https:\/\/www.versiegelung24.com\/wp-content\/uploads\/2020\/04\/handy-versiegelung-web.jpg","width":1500,"height":1500},{"@type":"BreadcrumbList","@id":"https:\/\/www.versiegelung24.com\/lt\/skysto-stiklo-mobiliojo-telefono-sandarinimo-skyscio-ekrano-apsauga.html#breadcrumb","itemListElement":[{"@type":"ListItem","position":1,"name":"Prad\u017eia","item":"https:\/\/www.versiegelung24.com\/lt\/priekinis\/"},{"@type":"ListItem","position":2,"name":"Parduotuv\u0117","item":"https:\/\/www.versiegelung24.com\/lt\/parduotuve-2\/"},{"@type":"ListItem","position":3,"name":"Skystas stiklo mobili\u0173j\u0173 telefon\u0173 sandariklis &#8211; skysta ekrano apsauga"}]},{"@type":"WebSite","@id":"https:\/\/www.versiegelung24.com\/lt\/#website","url":"https:\/\/www.versiegelung24.com\/lt\/","name":"versiegelung24.com","description":"Fl\u00fcssigglas-Versiegelung - Made in Germany","publisher":{"@id":"https:\/\/www.versiegelung24.com\/lt\/#organization"},"potentialAction":[{"@type":"SearchAction","target":{"@type":"EntryPoint","urlTemplate":"https:\/\/www.versiegelung24.com\/lt\/?s={search_term_string}"},"query-input":{"@type":"PropertyValueSpecification","valueRequired":true,"valueName":"search_term_string"}}],"inLanguage":"lt-LT"},{"@type":"Organization","@id":"https:\/\/www.versiegelung24.com\/lt\/#organization","name":"versiegelung24","url":"https:\/\/www.versiegelung24.com\/lt\/","logo":{"@type":"ImageObject","inLanguage":"lt-LT","@id":"https:\/\/www.versiegelung24.com\/lt\/#\/schema\/logo\/image\/","url":"https:\/\/www.versiegelung24.com\/wp-content\/uploads\/2020\/04\/versiegelung24.png","contentUrl":"https:\/\/www.versiegelung24.com\/wp-content\/uploads\/2020\/04\/versiegelung24.png","width":470,"height":102,"caption":"versiegelung24"},"image":{"@id":"https:\/\/www.versiegelung24.com\/lt\/#\/schema\/logo\/image\/"}}]},"product_price_amount":"9.99","product_price_currency":"EUR","og_availability":"instock","product_availability":"instock","product_retailer_item_id":"4008-901","product_condition":"new"},"_links":{"self":[{"href":"https:\/\/www.versiegelung24.com\/lt\/wp-json\/wp\/v2\/product\/24167","targetHints":{"allow":["GET"]}}],"collection":[{"href":"https:\/\/www.versiegelung24.com\/lt\/wp-json\/wp\/v2\/product"}],"about":[{"href":"https:\/\/www.versiegelung24.com\/lt\/wp-json\/wp\/v2\/types\/product"}],"version-history":[{"count":9,"href":"https:\/\/www.versiegelung24.com\/lt\/wp-json\/wp\/v2\/product\/24167\/revisions"}],"predecessor-version":[{"id":180172,"href":"https:\/\/www.versiegelung24.com\/lt\/wp-json\/wp\/v2\/product\/24167\/revisions\/180172"}],"wp:featuredmedia":[{"embeddable":true,"href":"https:\/\/www.versiegelung24.com\/lt\/wp-json\/wp\/v2\/media\/13239"}],"wp:attachment":[{"href":"https:\/\/www.versiegelung24.com\/lt\/wp-json\/wp\/v2\/media?parent=24167"}],"wp:term":[{"taxonomy":"product_brand","embeddable":true,"href":"https:\/\/www.versiegelung24.com\/lt\/wp-json\/wp\/v2\/product_brand?post=24167"},{"taxonomy":"product_cat","embeddable":true,"href":"https:\/\/www.versiegelung24.com\/lt\/wp-json\/wp\/v2\/product_cat?post=24167"},{"taxonomy":"product_tag","embeddable":true,"href":"https:\/\/www.versiegelung24.com\/lt\/wp-json\/wp\/v2\/product_tag?post=24167"}],"curies":[{"name":"wp","href":"https:\/\/api.w.org\/{rel}","templated":true}]}}