{"id":24460,"date":"2020-05-23T17:02:37","date_gmt":"2021-08-02T20:44:34","guid":{"rendered":"https:\/\/www.versiegelung24.com\/produkt\/ranku-dezinfekavimo-priemone-dexan-5-litru-talpykla"},"modified":"2025-01-13T16:40:59","modified_gmt":"2025-01-13T15:40:59","slug":"ranku-dezinfekavimo-priemone-deksanas-5-litru-talpos","status":"publish","type":"product","link":"https:\/\/www.versiegelung24.com\/lt\/ranku-dezinfekavimo-priemone-deksanas-5-litru-talpos.html","title":{"rendered":"Rank\u0173 dezinfekavimo priemon\u0117 Dexan 5 litr\u0173 talpykla"},"content":{"rendered":"\n<h2 class=\"wp-block-heading\" id=\"gebrauchsfertige-alkoholbasierte-handedesinfektion-mit-pflegekomponente-aloe-vera\">Paruo\u0161ta naudoti alkoholio pagrindu pagaminta rank\u0173 dezinfekcija su prie\u017ei\u016bros komponentais (alavijas)<\/h2>\n\n<p>Ribotas virucidinis (apvalkalo virusas <strong>\u012etraukta Koronavirusas<\/strong>, \u017dIV, HBV, HCV, gripas, herpesas, Ebolos virusas ir kt.)<\/p>\n\n<hr \/>\n\n<h4 class=\"wp-block-heading\" id=\"properties\">Produkto savyb\u0117s<\/h4>\n\n<div class=\"wp-block-columns is-layout-flex wp-container-core-columns-is-layout-9d6595d7 wp-block-columns-is-layout-flex\">\n<div class=\"wp-block-column is-layout-flow wp-block-column-is-layout-flow\">\n<p><br \/>V<strong>eiksmingumas:<\/strong> i\u0161bandyta pagal Europos ligonini\u0173 standartus: EN 1040, EN 1275, EN 1276, EN 1500: 1 min; prEN 12054: 30 s. Ribotas virucidinis (apvalkalo virusai, \u012fskaitant koronavirus\u0105, \u017dIV, HBV, HCV, grip\u0105, herpes\u0105, Ebolos virus\u0105 ir kt.) Pagal DVV \/ RKI gaires: 15s.<\/p>\n<\/div>\n\n\n\n<div class=\"wp-block-column is-layout-flow wp-block-column-is-layout-flow\">\n<p><br \/>P<strong>askirtis:<\/strong> higieninei rank\u0173 dezinfekcijai.<\/p>\n\n\n\n<p><br \/>100 g sud\u0117tyje yra: 50,0 g etanolio, 10,0 g izopropanolio, 0,10 g benzalkonio chlorido, i\u0161grynintas vanduo, alavijo ekstraktas.<\/p>\n<\/div>\n<\/div>\n\n<hr \/>\n\n<h4 class=\"wp-block-heading\" id=\"application\">Parai\u0161ka<\/h4>\n\n<p>\u012ed\u0117kite pakankamai Dexan \u012f saus\u0105 u\u017edengt\u0105 rank\u0105, kad visos rank\u0173 sritys b\u016bt\u0173 visi\u0161kai padengtos preparatu. Kruop\u0161\u010diai \u012ftrinkite \u012f rankas, \u012ftrinimo metu laikykite rankas dr\u0117gnas.<\/p>\n\n<hr \/>\n\n<h4 class=\"wp-block-heading\" id=\"advisor\">Konsultantas<\/h4>\n\n<p><br \/>S<strong>augos patarimai:<\/strong> Labai degus skystis ir garai. Smarkiai dirgina akis. Saugoti nuo kar\u0161\u010dio, kar\u0161t\u0173 pavir\u0161i\u0173, kibirk\u0161\u010di\u0173, atviros liepsnos ir kit\u0173 u\u017esidegimo \u0161altini\u0173. Ner\u016bkyti. Talpykl\u0105 laikyti sandariai u\u017edaryt\u0105. Patekus \u012f akis: atsargiai kelias minutes skalauti vandeniu. Jei \u012fmanoma, i\u0161imkite kontaktinius l\u0119\u0161ius. Toliau skalauti. Laikyti vaikams nepasiekiamoje vietoje. Biocido reg. Nr.: 75940 Dezinfekcin\u0119 priemon\u0119 naudoti atsargiai. Prie\u0161 naudodami visada perskaitykite etiket\u0119 ir informacij\u0105 apie produkt\u0105.<\/p>\n","protected":false},"excerpt":{"rendered":"<p><strong>Paruo\u0161ta naudoti rank\u0173 dezinfekcija alkoholio pagrindu:<\/strong><\/p>\n<p>\u2713 Su prie\u017ei\u016bros komponentu (aloe vera)<\/p>\n<p>\u2713 Ribotas virucidinis (apvalkaluoti virusai, \u012fskaitant koronavirus\u0105, \u017dIV, HBV, HCV, grip\u0105, herpes\u0105, Ebolos virus\u0105 ir kt.)<\/p>\n","protected":false},"featured_media":15789,"template":"","meta":{"_acf_changed":false,"neve_meta_sidebar":"","neve_meta_container":"","neve_meta_enable_content_width":"","neve_meta_content_width":0,"neve_meta_title_alignment":"","neve_meta_author_avatar":"","neve_post_elements_order":"","neve_meta_disable_header":"","neve_meta_disable_footer":"","neve_meta_disable_title":"","neve_meta_reading_time":"","_surfaces":[],"_ver_product_tabs":[],"footnotes":""},"product_brand":[],"product_cat":[2245,2743],"product_tag":[],"class_list":{"0":"post-24460","1":"product","2":"type-product","3":"status-publish","4":"has-post-thumbnail","6":"product_cat-dezinfekavimo-priemones","7":"product_cat-ranku-dezinfekcines-priemones","9":"first","10":"onbackorder","11":"taxable","12":"shipping-taxable","13":"purchasable","14":"product-type-simple"},"acf":[],"yoast_head":"<!-- This site is optimized with the Yoast SEO Premium plugin v22.8 (Yoast SEO v27.5) - https:\/\/yoast.com\/product\/yoast-seo-premium-wordpress\/ -->\n<title>Rank\u0173 dezinfekavimo priemon\u0117 Dexan 5 litr\u0173 talpykla - versiegelung24.com<\/title>\n<meta name=\"robots\" content=\"index, follow, max-snippet:-1, max-image-preview:large, max-video-preview:-1\" \/>\n<link rel=\"canonical\" href=\"https:\/\/www.versiegelung24.com\/lt\/ranku-dezinfekavimo-priemone-deksanas-5-litru-talpos.html\" \/>\n<meta property=\"og:locale\" content=\"lt_LT\" \/>\n<meta property=\"og:type\" content=\"article\" \/>\n<meta property=\"og:title\" content=\"Rank\u0173 dezinfekavimo priemon\u0117 Dexan 5 litr\u0173 talpykla\" \/>\n<meta property=\"og:description\" content=\"Paruo\u0161ta naudoti rank\u0173 dezinfekcija alkoholio pagrindu: \u2713 Su prie\u017ei\u016bros komponentu (aloe vera) \u2713 Ribotas virucidinis (apvalkaluoti virusai, \u012fskaitant koronavirus\u0105, \u017dIV, HBV, HCV, grip\u0105, herpes\u0105, Ebolos virus\u0105 ir kt.)\" \/>\n<meta property=\"og:url\" content=\"https:\/\/www.versiegelung24.com\/lt\/ranku-dezinfekavimo-priemone-deksanas-5-litru-talpos.html\" \/>\n<meta property=\"og:site_name\" content=\"versiegelung24.com\" \/>\n<meta property=\"article:modified_time\" content=\"2025-01-13T15:40:59+00:00\" \/>\n<meta property=\"og:image\" content=\"https:\/\/www.versiegelung24.com\/wp-content\/uploads\/2020\/05\/dexan-5000ml-1.png\" \/>\n\t<meta property=\"og:image:width\" content=\"2000\" \/>\n\t<meta property=\"og:image:height\" content=\"2000\" \/>\n\t<meta property=\"og:image:type\" content=\"image\/png\" \/>\n<meta name=\"twitter:card\" content=\"summary_large_image\" \/>\n<meta name=\"twitter:label1\" content=\"Price\" \/>\n\t<meta name=\"twitter:data1\" content=\"99,00&euro;\" \/>\n\t<meta name=\"twitter:label2\" content=\"Availability\" \/>\n\t<meta name=\"twitter:data2\" content=\"On backorder\" \/>\n<script type=\"application\/ld+json\" class=\"yoast-schema-graph\">{\"@context\":\"https:\\\/\\\/schema.org\",\"@graph\":[{\"@type\":\"WebPage\",\"@id\":\"https:\\\/\\\/www.versiegelung24.com\\\/lt\\\/ranku-dezinfekavimo-priemone-deksanas-5-litru-talpos.html\",\"url\":\"https:\\\/\\\/www.versiegelung24.com\\\/lt\\\/ranku-dezinfekavimo-priemone-deksanas-5-litru-talpos.html\",\"name\":\"Rank\u0173 dezinfekavimo priemon\u0117 Dexan 5 litr\u0173 talpykla - versiegelung24.com\",\"isPartOf\":{\"@id\":\"https:\\\/\\\/www.versiegelung24.com\\\/lt\\\/#website\"},\"primaryImageOfPage\":{\"@id\":\"https:\\\/\\\/www.versiegelung24.com\\\/lt\\\/ranku-dezinfekavimo-priemone-deksanas-5-litru-talpos.html#primaryimage\"},\"image\":{\"@id\":\"https:\\\/\\\/www.versiegelung24.com\\\/lt\\\/ranku-dezinfekavimo-priemone-deksanas-5-litru-talpos.html#primaryimage\"},\"thumbnailUrl\":\"https:\\\/\\\/www.versiegelung24.com\\\/wp-content\\\/uploads\\\/2020\\\/05\\\/dexan-5000ml-1.png\",\"datePublished\":\"2021-08-02T20:44:34+00:00\",\"dateModified\":\"2025-01-13T15:40:59+00:00\",\"breadcrumb\":{\"@id\":\"https:\\\/\\\/www.versiegelung24.com\\\/lt\\\/ranku-dezinfekavimo-priemone-deksanas-5-litru-talpos.html#breadcrumb\"},\"inLanguage\":\"lt-LT\",\"potentialAction\":[{\"@type\":\"ReadAction\",\"target\":[\"https:\\\/\\\/www.versiegelung24.com\\\/lt\\\/ranku-dezinfekavimo-priemone-deksanas-5-litru-talpos.html\"]}]},{\"@type\":\"ImageObject\",\"inLanguage\":\"lt-LT\",\"@id\":\"https:\\\/\\\/www.versiegelung24.com\\\/lt\\\/ranku-dezinfekavimo-priemone-deksanas-5-litru-talpos.html#primaryimage\",\"url\":\"https:\\\/\\\/www.versiegelung24.com\\\/wp-content\\\/uploads\\\/2020\\\/05\\\/dexan-5000ml-1.png\",\"contentUrl\":\"https:\\\/\\\/www.versiegelung24.com\\\/wp-content\\\/uploads\\\/2020\\\/05\\\/dexan-5000ml-1.png\",\"width\":2000,\"height\":2000},{\"@type\":\"BreadcrumbList\",\"@id\":\"https:\\\/\\\/www.versiegelung24.com\\\/lt\\\/ranku-dezinfekavimo-priemone-deksanas-5-litru-talpos.html#breadcrumb\",\"itemListElement\":[{\"@type\":\"ListItem\",\"position\":1,\"name\":\"Prad\u017eia\",\"item\":\"https:\\\/\\\/www.versiegelung24.com\\\/lt\\\/priekinis\\\/\"},{\"@type\":\"ListItem\",\"position\":2,\"name\":\"Parduotuv\u0117\",\"item\":\"https:\\\/\\\/www.versiegelung24.com\\\/lt\\\/parduotuve-2\\\/\"},{\"@type\":\"ListItem\",\"position\":3,\"name\":\"Rank\u0173 dezinfekavimo priemon\u0117 Dexan 5 litr\u0173 talpykla\"}]},{\"@type\":\"WebSite\",\"@id\":\"https:\\\/\\\/www.versiegelung24.com\\\/lt\\\/#website\",\"url\":\"https:\\\/\\\/www.versiegelung24.com\\\/lt\\\/\",\"name\":\"versiegelung24.com\",\"description\":\"Fl\u00fcssigglas-Versiegelung - Made in Germany\",\"publisher\":{\"@id\":\"https:\\\/\\\/www.versiegelung24.com\\\/lt\\\/#organization\"},\"potentialAction\":[{\"@type\":\"SearchAction\",\"target\":{\"@type\":\"EntryPoint\",\"urlTemplate\":\"https:\\\/\\\/www.versiegelung24.com\\\/lt\\\/?s={search_term_string}\"},\"query-input\":{\"@type\":\"PropertyValueSpecification\",\"valueRequired\":true,\"valueName\":\"search_term_string\"}}],\"inLanguage\":\"lt-LT\"},{\"@type\":\"Organization\",\"@id\":\"https:\\\/\\\/www.versiegelung24.com\\\/lt\\\/#organization\",\"name\":\"versiegelung24\",\"url\":\"https:\\\/\\\/www.versiegelung24.com\\\/lt\\\/\",\"logo\":{\"@type\":\"ImageObject\",\"inLanguage\":\"lt-LT\",\"@id\":\"https:\\\/\\\/www.versiegelung24.com\\\/lt\\\/#\\\/schema\\\/logo\\\/image\\\/\",\"url\":\"https:\\\/\\\/www.versiegelung24.com\\\/wp-content\\\/uploads\\\/2020\\\/04\\\/versiegelung24.png\",\"contentUrl\":\"https:\\\/\\\/www.versiegelung24.com\\\/wp-content\\\/uploads\\\/2020\\\/04\\\/versiegelung24.png\",\"width\":470,\"height\":102,\"caption\":\"versiegelung24\"},\"image\":{\"@id\":\"https:\\\/\\\/www.versiegelung24.com\\\/lt\\\/#\\\/schema\\\/logo\\\/image\\\/\"}}]}<\/script>\n<meta property=\"product:price:amount\" content=\"99.00\" \/>\n<meta property=\"product:price:currency\" content=\"EUR\" \/>\n<meta property=\"og:availability\" content=\"backorder\" \/>\n<meta property=\"product:availability\" content=\"available for order\" \/>\n<meta property=\"product:retailer_item_id\" content=\"dexan-5000\" \/>\n<meta property=\"product:condition\" content=\"new\" \/>\n<!-- \/ Yoast SEO Premium plugin. -->","yoast_head_json":{"title":"Rank\u0173 dezinfekavimo priemon\u0117 Dexan 5 litr\u0173 talpykla - versiegelung24.com","robots":{"index":"index","follow":"follow","max-snippet":"max-snippet:-1","max-image-preview":"max-image-preview:large","max-video-preview":"max-video-preview:-1"},"canonical":"https:\/\/www.versiegelung24.com\/lt\/ranku-dezinfekavimo-priemone-deksanas-5-litru-talpos.html","og_locale":"lt_LT","og_type":"article","og_title":"Rank\u0173 dezinfekavimo priemon\u0117 Dexan 5 litr\u0173 talpykla","og_description":"Paruo\u0161ta naudoti rank\u0173 dezinfekcija alkoholio pagrindu: \u2713 Su prie\u017ei\u016bros komponentu (aloe vera) \u2713 Ribotas virucidinis (apvalkaluoti virusai, \u012fskaitant koronavirus\u0105, \u017dIV, HBV, HCV, grip\u0105, herpes\u0105, Ebolos virus\u0105 ir kt.)","og_url":"https:\/\/www.versiegelung24.com\/lt\/ranku-dezinfekavimo-priemone-deksanas-5-litru-talpos.html","og_site_name":"versiegelung24.com","article_modified_time":"2025-01-13T15:40:59+00:00","og_image":[{"width":2000,"height":2000,"url":"https:\/\/www.versiegelung24.com\/wp-content\/uploads\/2020\/05\/dexan-5000ml-1.png","type":"image\/png"}],"twitter_card":"summary_large_image","twitter_misc":{"Price":"99,00&euro;","Availability":"On backorder"},"schema":{"@context":"https:\/\/schema.org","@graph":[{"@type":"WebPage","@id":"https:\/\/www.versiegelung24.com\/lt\/ranku-dezinfekavimo-priemone-deksanas-5-litru-talpos.html","url":"https:\/\/www.versiegelung24.com\/lt\/ranku-dezinfekavimo-priemone-deksanas-5-litru-talpos.html","name":"Rank\u0173 dezinfekavimo priemon\u0117 Dexan 5 litr\u0173 talpykla - versiegelung24.com","isPartOf":{"@id":"https:\/\/www.versiegelung24.com\/lt\/#website"},"primaryImageOfPage":{"@id":"https:\/\/www.versiegelung24.com\/lt\/ranku-dezinfekavimo-priemone-deksanas-5-litru-talpos.html#primaryimage"},"image":{"@id":"https:\/\/www.versiegelung24.com\/lt\/ranku-dezinfekavimo-priemone-deksanas-5-litru-talpos.html#primaryimage"},"thumbnailUrl":"https:\/\/www.versiegelung24.com\/wp-content\/uploads\/2020\/05\/dexan-5000ml-1.png","datePublished":"2021-08-02T20:44:34+00:00","dateModified":"2025-01-13T15:40:59+00:00","breadcrumb":{"@id":"https:\/\/www.versiegelung24.com\/lt\/ranku-dezinfekavimo-priemone-deksanas-5-litru-talpos.html#breadcrumb"},"inLanguage":"lt-LT","potentialAction":[{"@type":"ReadAction","target":["https:\/\/www.versiegelung24.com\/lt\/ranku-dezinfekavimo-priemone-deksanas-5-litru-talpos.html"]}]},{"@type":"ImageObject","inLanguage":"lt-LT","@id":"https:\/\/www.versiegelung24.com\/lt\/ranku-dezinfekavimo-priemone-deksanas-5-litru-talpos.html#primaryimage","url":"https:\/\/www.versiegelung24.com\/wp-content\/uploads\/2020\/05\/dexan-5000ml-1.png","contentUrl":"https:\/\/www.versiegelung24.com\/wp-content\/uploads\/2020\/05\/dexan-5000ml-1.png","width":2000,"height":2000},{"@type":"BreadcrumbList","@id":"https:\/\/www.versiegelung24.com\/lt\/ranku-dezinfekavimo-priemone-deksanas-5-litru-talpos.html#breadcrumb","itemListElement":[{"@type":"ListItem","position":1,"name":"Prad\u017eia","item":"https:\/\/www.versiegelung24.com\/lt\/priekinis\/"},{"@type":"ListItem","position":2,"name":"Parduotuv\u0117","item":"https:\/\/www.versiegelung24.com\/lt\/parduotuve-2\/"},{"@type":"ListItem","position":3,"name":"Rank\u0173 dezinfekavimo priemon\u0117 Dexan 5 litr\u0173 talpykla"}]},{"@type":"WebSite","@id":"https:\/\/www.versiegelung24.com\/lt\/#website","url":"https:\/\/www.versiegelung24.com\/lt\/","name":"versiegelung24.com","description":"Fl\u00fcssigglas-Versiegelung - Made in Germany","publisher":{"@id":"https:\/\/www.versiegelung24.com\/lt\/#organization"},"potentialAction":[{"@type":"SearchAction","target":{"@type":"EntryPoint","urlTemplate":"https:\/\/www.versiegelung24.com\/lt\/?s={search_term_string}"},"query-input":{"@type":"PropertyValueSpecification","valueRequired":true,"valueName":"search_term_string"}}],"inLanguage":"lt-LT"},{"@type":"Organization","@id":"https:\/\/www.versiegelung24.com\/lt\/#organization","name":"versiegelung24","url":"https:\/\/www.versiegelung24.com\/lt\/","logo":{"@type":"ImageObject","inLanguage":"lt-LT","@id":"https:\/\/www.versiegelung24.com\/lt\/#\/schema\/logo\/image\/","url":"https:\/\/www.versiegelung24.com\/wp-content\/uploads\/2020\/04\/versiegelung24.png","contentUrl":"https:\/\/www.versiegelung24.com\/wp-content\/uploads\/2020\/04\/versiegelung24.png","width":470,"height":102,"caption":"versiegelung24"},"image":{"@id":"https:\/\/www.versiegelung24.com\/lt\/#\/schema\/logo\/image\/"}}]},"product_price_amount":"99.00","product_price_currency":"EUR","og_availability":"backorder","product_availability":"available for order","product_retailer_item_id":"dexan-5000","product_condition":"new"},"_links":{"self":[{"href":"https:\/\/www.versiegelung24.com\/lt\/wp-json\/wp\/v2\/product\/24460","targetHints":{"allow":["GET"]}}],"collection":[{"href":"https:\/\/www.versiegelung24.com\/lt\/wp-json\/wp\/v2\/product"}],"about":[{"href":"https:\/\/www.versiegelung24.com\/lt\/wp-json\/wp\/v2\/types\/product"}],"version-history":[{"count":11,"href":"https:\/\/www.versiegelung24.com\/lt\/wp-json\/wp\/v2\/product\/24460\/revisions"}],"predecessor-version":[{"id":180618,"href":"https:\/\/www.versiegelung24.com\/lt\/wp-json\/wp\/v2\/product\/24460\/revisions\/180618"}],"wp:featuredmedia":[{"embeddable":true,"href":"https:\/\/www.versiegelung24.com\/lt\/wp-json\/wp\/v2\/media\/15789"}],"wp:attachment":[{"href":"https:\/\/www.versiegelung24.com\/lt\/wp-json\/wp\/v2\/media?parent=24460"}],"wp:term":[{"taxonomy":"product_brand","embeddable":true,"href":"https:\/\/www.versiegelung24.com\/lt\/wp-json\/wp\/v2\/product_brand?post=24460"},{"taxonomy":"product_cat","embeddable":true,"href":"https:\/\/www.versiegelung24.com\/lt\/wp-json\/wp\/v2\/product_cat?post=24460"},{"taxonomy":"product_tag","embeddable":true,"href":"https:\/\/www.versiegelung24.com\/lt\/wp-json\/wp\/v2\/product_tag?post=24460"}],"curies":[{"name":"wp","href":"https:\/\/api.w.org\/{rel}","templated":true}]}}