{"id":24626,"date":"2020-04-27T22:20:08","date_gmt":"2021-08-02T20:52:09","guid":{"rendered":"https:\/\/www.versiegelung24.com\/produkt\/wb-rapid-on-giliai-blizgantys-automobiliu-dazu-sandarikliai-ir-apdailos-medziagos"},"modified":"2025-01-04T00:04:54","modified_gmt":"2025-01-03T23:04:54","slug":"wb-rapid-on-deep-bloss-autolack-sealing-finisher","status":"publish","type":"product","link":"https:\/\/www.versiegelung24.com\/lt\/wb-rapid-on-deep-bloss-autolack-sealing-finisher.html","title":{"rendered":"\u201eWB Rapid On\u201c &#8211; giliai blizgantys automobili\u0173 da\u017e\u0173 sandarikliai ir apdailos med\u017eiagos"},"content":{"rendered":"\n<p><strong>WB Rapid On: auk\u0161\u010diausios kokyb\u0117s blizgus hermetikas ir apdailos priemon\u0117, idealiai tinkanti automobili\u0173 da\u017eams &#8211; <\/strong><strong><em>vandens pagrindu &#8211; rapid on<\/em><\/strong><\/p>\n\n<p>Taikoma kaip \u201eapdaila\u201c<a href=\"https:\/\/www.versiegelung24.com\/muster-permanent-protector\/\"> \u201ePermanent Protector\u201c auk\u0161\u010diausios klas\u0117s keramin\u0117 danga<\/a> arba<a href=\"https:\/\/www.versiegelung24.com\/autolack-spezial-politur-versiegelung-2in1\/\"> Automobili\u0173 da\u017eai specialus lakas ir sandarinimas 2in1<\/a> .<\/p>\n\n<p>Prek\u0117s numeris: 5002-7654<\/p>\n\n<p>Auk\u0161tos kokyb\u0117s Pagaminta Vokietijoje<\/p>\n\n<p><strong>\u201eV24 WB Rapid On\u201c &#8211; giliai blizgantys automobili\u0173 da\u017e\u0173 sandarikliai ir apdailos med\u017eiagos<\/strong> sukuria itin plon\u0105 sluoksn\u012f ant pavir\u0161iaus per elektrostatin\u012f ry\u0161\u012f su milijardais ma\u017e\u0173 silicio molekuli\u0173, pana\u0161\u0173 \u012f ma\u017e\u0173 magnet\u0173, kurie jungiasi vienas su kitu ir po \u017eeme, poveik\u012f. D\u0117l to mikroskopin\u0117s poros ir kapiliarai u\u017esandarinami, o purvo dalel\u0117s ir kitos priemai\u0161os nebegali prilipti prie dabar daug lygesnio sluoksnio. D\u0117l to pavir\u0161ius yra daug lengviau valomas (\u201elengvai valomas\u201c), atsparus vandeniui (hidrofobinis) ir blizgus.<\/p>\n\n<hr\/>\n\n<h4 class=\"wp-block-heading\" id=\"properties\">Produkto savyb\u0117s<\/h4>\n\n<div class=\"wp-block-columns is-layout-flex wp-container-core-columns-is-layout-9d6595d7 wp-block-columns-is-layout-flex\">\n<div class=\"wp-block-column is-layout-flow wp-block-column-is-layout-flow\">\n<ul class=\"wp-block-list\">\n<li>Didelio blizgesio efektas<\/li>\n\n\n\n<li>Galima derinti kaip giliai blizgant\u012f apdail\u0105 m\u016bs\u0173 ilgalaikiams sandarikliams<\/li>\n\n\n\n<li>Puikus, lengvai valomas efektas ne\u0161varumams prilipti, pvz., Nuo pauk\u0161\u010di\u0173 i\u0161mat\u0173, vabzd\u017ei\u0173 ir kit\u0173 agresyvi\u0173 d\u0117mi\u0173, pavir\u0161iai purvina daug l\u0117\u010diau<\/li>\n\n\n\n<li>Stiprus hidrofobinis poveikis (atstumiantis vanden\u012f)<\/li>\n\n\n\n<li>SiO\u00b2 nano technologija<\/li>\n\n\n\n<li>Vandens pagrindu, be tirpikli\u0173 ir bekvapis<\/li>\n\n\n\n<li>Atsparus chemikalams valymo priemon\u0117ms (iki pH 10)<\/li>\n\n\n\n<li>Paprasta programa<\/li>\n\n\n\n<li>Stabilesnis ry\u0161ys nei va\u0161ko ar silikono aliejaus pagrindu pagaminti preparatai<\/li>\n\n\n\n<li>Atsparus UV spinduliams \/ atsparus \u0161al\u010diui \/ atsparus druskos vandeniui \/ nematomas (sluoksnio storis: 40-50 nm)<\/li>\n\n\n\n<li>I\u0161laidos, laikas ir energija sutaupoma d\u0117l ilg\u0173 valymo cikl\u0173<\/li>\n<\/ul>\n<\/div>\n\n\n\n<div class=\"wp-block-column is-layout-flow wp-block-column-is-layout-flow\">\n<ul id=\"block-cb512caf-6c3b-4dfc-8f82-809b2295b24e\" class=\"wp-block-list\">\n<li>Netoksi\u0161kas ir nedegus<\/li>\n\n\n\n<li>Tinkamumo laikas: 3-6 m\u0117nesiai (priklausomai nuo naudojimo)<\/li>\n\n\n\n<li>\u0160ilkiniai lygus pavir\u0161ius, labai geras jausmas<\/li>\n\n\n\n<li>Atsparus beveik visoms r\u016bg\u0161tims, tirpikliams ir \u0161arminiams buitiniams valikliams<\/li>\n\n\n\n<li>Daug stabilesnis nei va\u0161kai ar silikono aliejaus pagrindu pagaminti produktai<\/li>\n\n\n\n<li>Lengvai biologi\u0161kai skaidomas (pagal EBPO kriterijus)<\/li>\n\n\n\n<li>Didelis atsparumas dilimui nuo v\u0117jo platinam\u0173 daleli\u0173<\/li>\n\n\n\n<li>Atsparus temperat\u016brai nuo -40 iki + 200 \u00b0 C<\/li>\n\n\n\n<li>ph atsparus nuo 1-10<\/li>\n\n\n\n<li>N\u0117ra citotoksi\u0161kas pagal ISO 10993-5 + 12<\/li>\n\n\n\n<li>Tankis apie 1,00 g \/ cm\u00b3<\/li>\n\n\n\n<li>Sluoksnio storis: apie 40-50 nm<\/li>\n\n\n\n<li>Be LOJ (be pavojing\u0173 krovini\u0173)<\/li>\n\n\n\n<li>Stiprios nelipnios savyb\u0117s (pavir\u0161iai purvina daug l\u0117\u010diau)<\/li>\n<\/ul>\n<\/div>\n<\/div>\n\n<div class=\"wp-block-columns is-layout-flex wp-container-core-columns-is-layout-9d6595d7 wp-block-columns-is-layout-flex\">\n<div class=\"wp-block-column is-layout-flow wp-block-column-is-layout-flow\">\n<p><br\/><br\/><br\/><br\/><br\/><br\/>T<strong>rumpos savyb\u0117s<\/strong> Naudojimo temperat\u016bra: 0-45 \u00b0C m\u00b2 litre: 100 m\u00b2 Sandariklio galiojimo laikas: 3-6 m\u0117nesiai Skys\u010dio galiojimo laikas: iki 1 met\u0173 Laikymo temperat\u016bra: 0-30 \u00b0C (apsaugota nuo saul\u0117s spinduli\u0173) Kiet\u0117jimo laikas: 5 minut\u0117s, pavir\u0161i\u0173 galima naudoti i\u0161 karto<\/p>\n\n\n\n<p><br\/><br\/>P<strong>ristatymo apimtis<\/strong>: 1 x litrinis butelis 1 x produkto apra\u0161ymas<\/p>\n<\/div>\n\n\n\n<div class=\"wp-block-column is-layout-flow wp-block-column-is-layout-flow\">\n<p><br\/><br\/><br\/><br\/>B<strong>andymai<\/strong> SMI bandymas Daugiasluoksn\u0117s korozijos bandymas pagal ASTM F 1110 Akrilo \u012ftr\u016bkimo bandymas pagal ASTM F 484 C tipo da\u017e\u0173 mink\u0161t\u0117jimo bandymas pagal ASTM F 502 Vandenilio trapumo bandymas pagal ASTM F 519-93<\/p>\n\n\n\n<p><br\/>&#8220;Boeing&#8221; sertifikuota &#8220;DuPont\u2122 Marine Finishes&#8221;: &#8220;<strong>WB Rapid On &#8211; Deep Gloss Sealer &amp; Finisher&#8221;<\/strong> buvo i\u0161bandyta jachtoje su &#8220;DuPont\u2122 Marine Finishes&#8221; &#8220;Topgloss SF&#8221; ir DP6940 &#8220;Imron\u00ae Super Flow HS Clear Coat&#8221;. Nepasteb\u0117ta jokio neigiamo poveikio dangoms.<\/p>\n\n\n\n<p>Muitin\u0117s tarifo numeris: 3402 9090, be pavojing\u0173 krovini\u0173 (NDG)<\/p>\n<\/div>\n<\/div>\n\n<hr\/>\n\n<h4 class=\"wp-block-heading\" id=\"application\">Parai\u0161ka<\/h4>\n\n<p><strong>\u201eV24 WB Rapid On\u201c &#8211; giliai blizgantys automobili\u0173 da\u017e\u0173 sandarikliai ir apdailos med\u017eiagos<\/strong> galima optimaliai pritaikyti<strong> :<\/strong><\/p>\n\n<p><br\/><br\/>&#8211; Automobili\u0173 da\u017eai (kaip atskiras hermetikas arba kaip &#8220;apdaila&#8221; ant m\u016bs\u0173 640 ir 660 hermetik\u0173, vienu litru galima u\u017eda\u017eyti ma\u017edaug 8-10 automobili\u0173) &#8211; Valtys &#8211; Nam\u0173 \u016bkyje, pvz.<br\/><br\/><br\/><br\/><br\/><br\/><br\/>du\u0161o kabinoms, langams ir dur\u0173 r\u0117mams &#8211; ner\u016bdijan\u010dio plieno pavir\u0161iams &#8211; da\u017eytiems ir metaliniams pavir\u0161iams &#8211; stiklui &#8211; sintetin\u0117ms med\u017eiagoms &#8211; gumai &#8211; chromui &#8211; skydeliams (slid\u017ei\u0173 ir motocikl\u0173 skydeliams, ypa\u010d jei reikia vengti tirpikli\u0173 pagrindu pagamint\u0173 hermetik\u0173).<\/p>\n","protected":false},"excerpt":{"rendered":"<p><strong>Auk\u0161\u010diausios kokyb\u0117s giliai blizgantis sandariklis ir apdailininkas<\/strong><\/p>\n<p>\u2713 idealiai tinka automobili\u0173 da\u017eams<\/p>\n<p><em>\u2713<\/em> <em>vandens pagrindu \u2013 greitas<\/em><\/p>\n","protected":false},"featured_media":18398,"template":"","meta":{"_acf_changed":false,"neve_meta_sidebar":"","neve_meta_container":"","neve_meta_enable_content_width":"","neve_meta_content_width":0,"neve_meta_title_alignment":"","neve_meta_author_avatar":"","neve_post_elements_order":"","neve_meta_disable_header":"","neve_meta_disable_footer":"","neve_meta_disable_title":"","neve_meta_reading_time":"","_surfaces":[],"_ver_product_tabs":[],"footnotes":""},"product_brand":[],"product_cat":[2186],"product_tag":[],"class_list":{"0":"post-24626","1":"product","2":"type-product","3":"status-publish","4":"has-post-thumbnail","6":"product_cat-automobilio-sandarinimas","8":"first","9":"instock","10":"taxable","11":"shipping-taxable","12":"purchasable","13":"product-type-simple"},"acf":[],"yoast_head":"<!-- This site is optimized with the Yoast SEO Premium plugin v22.8 (Yoast SEO v27.5) - https:\/\/yoast.com\/product\/yoast-seo-premium-wordpress\/ -->\n<title>\u201eWB Rapid On\u201c - giliai blizgantys automobili\u0173 da\u017e\u0173 sandarikliai ir apdailos med\u017eiagos - versiegelung24.com<\/title>\n<meta name=\"robots\" content=\"index, follow, max-snippet:-1, max-image-preview:large, max-video-preview:-1\" \/>\n<link rel=\"canonical\" href=\"https:\/\/www.versiegelung24.com\/lt\/wb-rapid-on-deep-bloss-autolack-sealing-finisher.html\" \/>\n<meta property=\"og:locale\" content=\"lt_LT\" \/>\n<meta property=\"og:type\" content=\"article\" \/>\n<meta property=\"og:title\" content=\"\u201eWB Rapid On\u201c - giliai blizgantys automobili\u0173 da\u017e\u0173 sandarikliai ir apdailos med\u017eiagos\" \/>\n<meta property=\"og:description\" content=\"Auk\u0161\u010diausios kokyb\u0117s giliai blizgantis sandariklis ir apdailininkas \u2713 idealiai tinka automobili\u0173 da\u017eams \u2713 vandens pagrindu \u2013 greitas\" \/>\n<meta property=\"og:url\" content=\"https:\/\/www.versiegelung24.com\/lt\/wb-rapid-on-deep-bloss-autolack-sealing-finisher.html\" \/>\n<meta property=\"og:site_name\" content=\"versiegelung24.com\" \/>\n<meta property=\"article:modified_time\" content=\"2025-01-03T23:04:54+00:00\" \/>\n<meta property=\"og:image\" content=\"https:\/\/www.versiegelung24.com\/wp-content\/uploads\/2020\/06\/produkt-5002-7654-1000-WB-Rapid-On-scaled.jpg\" \/>\n\t<meta property=\"og:image:width\" content=\"2560\" \/>\n\t<meta property=\"og:image:height\" content=\"2560\" \/>\n\t<meta property=\"og:image:type\" content=\"image\/jpeg\" \/>\n<meta name=\"twitter:card\" content=\"summary_large_image\" \/>\n<meta name=\"twitter:label1\" content=\"Price\" \/>\n\t<meta name=\"twitter:data1\" content=\"69,00&euro;\" \/>\n\t<meta name=\"twitter:label2\" content=\"Availability\" \/>\n\t<meta name=\"twitter:data2\" content=\"In stock\" \/>\n<script type=\"application\/ld+json\" class=\"yoast-schema-graph\">{\"@context\":\"https:\\\/\\\/schema.org\",\"@graph\":[{\"@type\":\"WebPage\",\"@id\":\"https:\\\/\\\/www.versiegelung24.com\\\/lt\\\/wb-rapid-on-deep-bloss-autolack-sealing-finisher.html\",\"url\":\"https:\\\/\\\/www.versiegelung24.com\\\/lt\\\/wb-rapid-on-deep-bloss-autolack-sealing-finisher.html\",\"name\":\"\u201eWB Rapid On\u201c - giliai blizgantys automobili\u0173 da\u017e\u0173 sandarikliai ir apdailos med\u017eiagos - versiegelung24.com\",\"isPartOf\":{\"@id\":\"https:\\\/\\\/www.versiegelung24.com\\\/lt\\\/#website\"},\"primaryImageOfPage\":{\"@id\":\"https:\\\/\\\/www.versiegelung24.com\\\/lt\\\/wb-rapid-on-deep-bloss-autolack-sealing-finisher.html#primaryimage\"},\"image\":{\"@id\":\"https:\\\/\\\/www.versiegelung24.com\\\/lt\\\/wb-rapid-on-deep-bloss-autolack-sealing-finisher.html#primaryimage\"},\"thumbnailUrl\":\"https:\\\/\\\/www.versiegelung24.com\\\/wp-content\\\/uploads\\\/2020\\\/06\\\/produkt-5002-7654-1000-WB-Rapid-On-scaled.jpg\",\"datePublished\":\"2021-08-02T20:52:09+00:00\",\"dateModified\":\"2025-01-03T23:04:54+00:00\",\"breadcrumb\":{\"@id\":\"https:\\\/\\\/www.versiegelung24.com\\\/lt\\\/wb-rapid-on-deep-bloss-autolack-sealing-finisher.html#breadcrumb\"},\"inLanguage\":\"lt-LT\",\"potentialAction\":[{\"@type\":\"ReadAction\",\"target\":[\"https:\\\/\\\/www.versiegelung24.com\\\/lt\\\/wb-rapid-on-deep-bloss-autolack-sealing-finisher.html\"]}]},{\"@type\":\"ImageObject\",\"inLanguage\":\"lt-LT\",\"@id\":\"https:\\\/\\\/www.versiegelung24.com\\\/lt\\\/wb-rapid-on-deep-bloss-autolack-sealing-finisher.html#primaryimage\",\"url\":\"https:\\\/\\\/www.versiegelung24.com\\\/wp-content\\\/uploads\\\/2020\\\/06\\\/produkt-5002-7654-1000-WB-Rapid-On-scaled.jpg\",\"contentUrl\":\"https:\\\/\\\/www.versiegelung24.com\\\/wp-content\\\/uploads\\\/2020\\\/06\\\/produkt-5002-7654-1000-WB-Rapid-On-scaled.jpg\",\"width\":2560,\"height\":2560},{\"@type\":\"BreadcrumbList\",\"@id\":\"https:\\\/\\\/www.versiegelung24.com\\\/lt\\\/wb-rapid-on-deep-bloss-autolack-sealing-finisher.html#breadcrumb\",\"itemListElement\":[{\"@type\":\"ListItem\",\"position\":1,\"name\":\"Prad\u017eia\",\"item\":\"https:\\\/\\\/www.versiegelung24.com\\\/lt\\\/priekinis\\\/\"},{\"@type\":\"ListItem\",\"position\":2,\"name\":\"Parduotuv\u0117\",\"item\":\"https:\\\/\\\/www.versiegelung24.com\\\/lt\\\/parduotuve-2\\\/\"},{\"@type\":\"ListItem\",\"position\":3,\"name\":\"\u201eWB Rapid On\u201c &#8211; giliai blizgantys automobili\u0173 da\u017e\u0173 sandarikliai ir apdailos med\u017eiagos\"}]},{\"@type\":\"WebSite\",\"@id\":\"https:\\\/\\\/www.versiegelung24.com\\\/lt\\\/#website\",\"url\":\"https:\\\/\\\/www.versiegelung24.com\\\/lt\\\/\",\"name\":\"versiegelung24.com\",\"description\":\"Fl\u00fcssigglas-Versiegelung - Made in Germany\",\"publisher\":{\"@id\":\"https:\\\/\\\/www.versiegelung24.com\\\/lt\\\/#organization\"},\"potentialAction\":[{\"@type\":\"SearchAction\",\"target\":{\"@type\":\"EntryPoint\",\"urlTemplate\":\"https:\\\/\\\/www.versiegelung24.com\\\/lt\\\/?s={search_term_string}\"},\"query-input\":{\"@type\":\"PropertyValueSpecification\",\"valueRequired\":true,\"valueName\":\"search_term_string\"}}],\"inLanguage\":\"lt-LT\"},{\"@type\":\"Organization\",\"@id\":\"https:\\\/\\\/www.versiegelung24.com\\\/lt\\\/#organization\",\"name\":\"versiegelung24\",\"url\":\"https:\\\/\\\/www.versiegelung24.com\\\/lt\\\/\",\"logo\":{\"@type\":\"ImageObject\",\"inLanguage\":\"lt-LT\",\"@id\":\"https:\\\/\\\/www.versiegelung24.com\\\/lt\\\/#\\\/schema\\\/logo\\\/image\\\/\",\"url\":\"https:\\\/\\\/www.versiegelung24.com\\\/wp-content\\\/uploads\\\/2020\\\/04\\\/versiegelung24.png\",\"contentUrl\":\"https:\\\/\\\/www.versiegelung24.com\\\/wp-content\\\/uploads\\\/2020\\\/04\\\/versiegelung24.png\",\"width\":470,\"height\":102,\"caption\":\"versiegelung24\"},\"image\":{\"@id\":\"https:\\\/\\\/www.versiegelung24.com\\\/lt\\\/#\\\/schema\\\/logo\\\/image\\\/\"}}]}<\/script>\n<meta property=\"product:price:amount\" content=\"69.00\" \/>\n<meta property=\"product:price:currency\" content=\"EUR\" \/>\n<meta property=\"og:availability\" content=\"instock\" \/>\n<meta property=\"product:availability\" content=\"instock\" \/>\n<meta property=\"product:retailer_item_id\" content=\"5002-7654-1000\" \/>\n<meta property=\"product:condition\" content=\"new\" \/>\n<!-- \/ Yoast SEO Premium plugin. -->","yoast_head_json":{"title":"\u201eWB Rapid On\u201c - giliai blizgantys automobili\u0173 da\u017e\u0173 sandarikliai ir apdailos med\u017eiagos - versiegelung24.com","robots":{"index":"index","follow":"follow","max-snippet":"max-snippet:-1","max-image-preview":"max-image-preview:large","max-video-preview":"max-video-preview:-1"},"canonical":"https:\/\/www.versiegelung24.com\/lt\/wb-rapid-on-deep-bloss-autolack-sealing-finisher.html","og_locale":"lt_LT","og_type":"article","og_title":"\u201eWB Rapid On\u201c - giliai blizgantys automobili\u0173 da\u017e\u0173 sandarikliai ir apdailos med\u017eiagos","og_description":"Auk\u0161\u010diausios kokyb\u0117s giliai blizgantis sandariklis ir apdailininkas \u2713 idealiai tinka automobili\u0173 da\u017eams \u2713 vandens pagrindu \u2013 greitas","og_url":"https:\/\/www.versiegelung24.com\/lt\/wb-rapid-on-deep-bloss-autolack-sealing-finisher.html","og_site_name":"versiegelung24.com","article_modified_time":"2025-01-03T23:04:54+00:00","og_image":[{"width":2560,"height":2560,"url":"https:\/\/www.versiegelung24.com\/wp-content\/uploads\/2020\/06\/produkt-5002-7654-1000-WB-Rapid-On-scaled.jpg","type":"image\/jpeg"}],"twitter_card":"summary_large_image","twitter_misc":{"Price":"69,00&euro;","Availability":"In stock"},"schema":{"@context":"https:\/\/schema.org","@graph":[{"@type":"WebPage","@id":"https:\/\/www.versiegelung24.com\/lt\/wb-rapid-on-deep-bloss-autolack-sealing-finisher.html","url":"https:\/\/www.versiegelung24.com\/lt\/wb-rapid-on-deep-bloss-autolack-sealing-finisher.html","name":"\u201eWB Rapid On\u201c - giliai blizgantys automobili\u0173 da\u017e\u0173 sandarikliai ir apdailos med\u017eiagos - versiegelung24.com","isPartOf":{"@id":"https:\/\/www.versiegelung24.com\/lt\/#website"},"primaryImageOfPage":{"@id":"https:\/\/www.versiegelung24.com\/lt\/wb-rapid-on-deep-bloss-autolack-sealing-finisher.html#primaryimage"},"image":{"@id":"https:\/\/www.versiegelung24.com\/lt\/wb-rapid-on-deep-bloss-autolack-sealing-finisher.html#primaryimage"},"thumbnailUrl":"https:\/\/www.versiegelung24.com\/wp-content\/uploads\/2020\/06\/produkt-5002-7654-1000-WB-Rapid-On-scaled.jpg","datePublished":"2021-08-02T20:52:09+00:00","dateModified":"2025-01-03T23:04:54+00:00","breadcrumb":{"@id":"https:\/\/www.versiegelung24.com\/lt\/wb-rapid-on-deep-bloss-autolack-sealing-finisher.html#breadcrumb"},"inLanguage":"lt-LT","potentialAction":[{"@type":"ReadAction","target":["https:\/\/www.versiegelung24.com\/lt\/wb-rapid-on-deep-bloss-autolack-sealing-finisher.html"]}]},{"@type":"ImageObject","inLanguage":"lt-LT","@id":"https:\/\/www.versiegelung24.com\/lt\/wb-rapid-on-deep-bloss-autolack-sealing-finisher.html#primaryimage","url":"https:\/\/www.versiegelung24.com\/wp-content\/uploads\/2020\/06\/produkt-5002-7654-1000-WB-Rapid-On-scaled.jpg","contentUrl":"https:\/\/www.versiegelung24.com\/wp-content\/uploads\/2020\/06\/produkt-5002-7654-1000-WB-Rapid-On-scaled.jpg","width":2560,"height":2560},{"@type":"BreadcrumbList","@id":"https:\/\/www.versiegelung24.com\/lt\/wb-rapid-on-deep-bloss-autolack-sealing-finisher.html#breadcrumb","itemListElement":[{"@type":"ListItem","position":1,"name":"Prad\u017eia","item":"https:\/\/www.versiegelung24.com\/lt\/priekinis\/"},{"@type":"ListItem","position":2,"name":"Parduotuv\u0117","item":"https:\/\/www.versiegelung24.com\/lt\/parduotuve-2\/"},{"@type":"ListItem","position":3,"name":"\u201eWB Rapid On\u201c &#8211; giliai blizgantys automobili\u0173 da\u017e\u0173 sandarikliai ir apdailos med\u017eiagos"}]},{"@type":"WebSite","@id":"https:\/\/www.versiegelung24.com\/lt\/#website","url":"https:\/\/www.versiegelung24.com\/lt\/","name":"versiegelung24.com","description":"Fl\u00fcssigglas-Versiegelung - Made in Germany","publisher":{"@id":"https:\/\/www.versiegelung24.com\/lt\/#organization"},"potentialAction":[{"@type":"SearchAction","target":{"@type":"EntryPoint","urlTemplate":"https:\/\/www.versiegelung24.com\/lt\/?s={search_term_string}"},"query-input":{"@type":"PropertyValueSpecification","valueRequired":true,"valueName":"search_term_string"}}],"inLanguage":"lt-LT"},{"@type":"Organization","@id":"https:\/\/www.versiegelung24.com\/lt\/#organization","name":"versiegelung24","url":"https:\/\/www.versiegelung24.com\/lt\/","logo":{"@type":"ImageObject","inLanguage":"lt-LT","@id":"https:\/\/www.versiegelung24.com\/lt\/#\/schema\/logo\/image\/","url":"https:\/\/www.versiegelung24.com\/wp-content\/uploads\/2020\/04\/versiegelung24.png","contentUrl":"https:\/\/www.versiegelung24.com\/wp-content\/uploads\/2020\/04\/versiegelung24.png","width":470,"height":102,"caption":"versiegelung24"},"image":{"@id":"https:\/\/www.versiegelung24.com\/lt\/#\/schema\/logo\/image\/"}}]},"product_price_amount":"69.00","product_price_currency":"EUR","og_availability":"instock","product_availability":"instock","product_retailer_item_id":"5002-7654-1000","product_condition":"new"},"_links":{"self":[{"href":"https:\/\/www.versiegelung24.com\/lt\/wp-json\/wp\/v2\/product\/24626","targetHints":{"allow":["GET"]}}],"collection":[{"href":"https:\/\/www.versiegelung24.com\/lt\/wp-json\/wp\/v2\/product"}],"about":[{"href":"https:\/\/www.versiegelung24.com\/lt\/wp-json\/wp\/v2\/types\/product"}],"version-history":[{"count":10,"href":"https:\/\/www.versiegelung24.com\/lt\/wp-json\/wp\/v2\/product\/24626\/revisions"}],"predecessor-version":[{"id":174279,"href":"https:\/\/www.versiegelung24.com\/lt\/wp-json\/wp\/v2\/product\/24626\/revisions\/174279"}],"wp:featuredmedia":[{"embeddable":true,"href":"https:\/\/www.versiegelung24.com\/lt\/wp-json\/wp\/v2\/media\/18398"}],"wp:attachment":[{"href":"https:\/\/www.versiegelung24.com\/lt\/wp-json\/wp\/v2\/media?parent=24626"}],"wp:term":[{"taxonomy":"product_brand","embeddable":true,"href":"https:\/\/www.versiegelung24.com\/lt\/wp-json\/wp\/v2\/product_brand?post=24626"},{"taxonomy":"product_cat","embeddable":true,"href":"https:\/\/www.versiegelung24.com\/lt\/wp-json\/wp\/v2\/product_cat?post=24626"},{"taxonomy":"product_tag","embeddable":true,"href":"https:\/\/www.versiegelung24.com\/lt\/wp-json\/wp\/v2\/product_tag?post=24626"}],"curies":[{"name":"wp","href":"https:\/\/api.w.org\/{rel}","templated":true}]}}