{"id":24696,"date":"2020-04-04T18:53:45","date_gmt":"2021-08-02T20:58:33","guid":{"rendered":"https:\/\/www.versiegelung24.com\/produkt\/auksciausios-kokybes-betono-ir-akmens-sandarinimas-itin-atsparus-vandeniui-nepralaidus-orui"},"modified":"2025-01-03T23:54:39","modified_gmt":"2025-01-03T22:54:39","slug":"auksciausios-kokybes-betono-akmens-sandarinimas-itin-atsparus-vandeniui-ir-kvepuojantis","status":"publish","type":"product","link":"https:\/\/www.versiegelung24.com\/lt\/auksciausios-kokybes-betono-akmens-sandarinimas-itin-atsparus-vandeniui-ir-kvepuojantis.html","title":{"rendered":"Auk\u0161\u010diausios kokyb\u0117s betono ir akmens sandarinimas su spalvos gilinimu \u2013 nepralaidus orui"},"content":{"rendered":"\n<p>M\u016bs\u0173 auk\u0161\u010diausios kokyb\u0117s betono ir akmens sandariklis veiksmingai ir visam laikui apsaugo pavir\u0161ius nuo i\u0161orinio poveikio ir ai\u0161kiai apsaugo nuo aliejaus, riebal\u0173, kavos ir raudonojo vyno \u012fsiskverbimo. Be to, apsaugin\u0117 skaidri lako danga palieka spalv\u0105 sustiprinan\u010di\u0105 blizgan\u010di\u0105 pl\u0117vel\u0119, kuri akivaizd\u017eiai pagerina apdorot\u0105 pavir\u0161i\u0173.<\/p>\n\n<hr\/>\n\n<h4 class=\"wp-block-heading\" id=\"video\"><strong>Praktinis vaizdo \u012fra\u0161as &#8211; veiksmingai apsaugo akmens fig\u016bras ir akmens skulpt\u016bras sode nuo aplinkos poveikio<\/strong><\/h4>\n\n<figure class=\"wp-block-embed aligncenter is-type-video is-provider-youtube wp-block-embed-youtube wp-embed-aspect-16-9 wp-has-aspect-ratio\"><div class=\"wp-block-embed__wrapper\"> \n<div class=\"nv-iframe-embed\"><iframe title=\"Steinfiguren &amp; Steinskulpturen wetterfest machen - Versiegelung \/ Impr\u00e4gnierung mit Farbvertiefung\" width=\"1200\" height=\"675\" src=\"https:\/\/www.youtube.com\/embed\/sSjv-OlqOgI?feature=oembed\" frameborder=\"0\" allow=\"accelerometer; autoplay; clipboard-write; encrypted-media; gyroscope; picture-in-picture\" allowfullscreen><\/iframe><\/div>\n <\/div><\/figure>\n\n<hr\/>\n\n<h4 class=\"wp-block-heading\" id=\"properties\">Produkto savyb\u0117s<\/h4>\n\n<div class=\"wp-block-columns is-layout-flex wp-container-core-columns-is-layout-9d6595d7 wp-block-columns-is-layout-flex\">\n<div class=\"wp-block-column is-layout-flow wp-block-column-is-layout-flow\">\n<p>\u2713 Efektyvi nuolatin\u0117 pavir\u0161iaus apsauga nuo vandens, purvo ir oro s\u0105lyg\u0173<\/p>\n\n\n\n<p>\u2713 apsaugo nuo saman\u0173, kerpi\u0173, gryb\u0173 ir kit\u0173 gamtos veiksni\u0173 augimo<\/p>\n\n\n\n<p>\u2713 100% kietos med\u017eiagos skaidrus lakas<\/p>\n\n\n\n<p>\u2713 didelis atsparumas dilimui, naudojant SiO\u00b2 nano technologij\u0105<\/p>\n\n\n\n<p>\u2713 apdoroti pavir\u0161iai n\u0117ra kv\u0117puojantys<\/p>\n\n\n\n<p>\u2713 Spalvos gilinimo efektas su blizgia pl\u0117vele \/ pavir\u0161iaus patobulinimu<\/p>\n\n\n\n<p>\u2713 labai stiprus hidrofobi\u0161kumas<\/p>\n\n\n\n<p>\u2713 \u017dymus aliejaus ir riebal\u0173, kavos, raudonojo vyno \u012fsiskverbimo suma\u017e\u0117jimas<\/p>\n\n\n\n<p>\u2713 Atsparus \u0161al\u010diui (ledas ir sniegas jo nepa\u017eeid\u017eia)<\/p>\n\n\n\n<p>\u2713 Stabilus UV spinduliams<\/p>\n\n\n\n<p>\u2713 Lengvai valomas poveikis: purvas<\/p>\n\n\n\n<p>\u2713 Atsparus temperat\u016brai iki 1000\u00b0C (su trumpalaikiu poveikiu)<\/p>\n\n\n\n<p><\/p>\n\n\n\n<p><br\/>Pristatymo apimtis: 1 x litrinis butelis<\/p>\n<\/div>\n\n\n\n<div class=\"wp-block-column is-layout-flow wp-block-column-is-layout-flow\">\n<p><strong>Labai efektyvi, labai vanden\u012f atstumianti, trin\u010diai atspari nano danga skirta visiems sugeriantiems, mineraliniams pavir\u0161iams.<\/strong><\/p>\n\n\n\n<p>Ne kv\u0117puojantis<\/p>\n\n\n\n<p>Prek\u0117s numeris: 3008-704<\/p>\n\n\n\n<p>Auk\u0161tos kokyb\u0117s Pagaminta Vokietijoje<\/p>\n\n\n\n<p><strong>gaminio sauga<\/strong><\/p>\n\n\n\n<p>Informacij\u0105 apie gaminio klasifikacij\u0105 pagal Potvark\u012f d\u0117l pavojing\u0173 med\u017eiag\u0173, saugos duomenis ir duomenis apie toksikologij\u0105 ir saugojim\u0105 rasite m\u016bs\u0173 saugos duomen\u0173 lape.<\/p>\n\n\n\n<p>Naudodami atkreipkite d\u0117mes\u012f \u012f tinkamas apsaugos priemones. U\u017esisakydami rekomenduojame d\u0117v\u0117ti tinkamas kv\u0117pavimo kaukes ir gumines pir\u0161tines.<\/p>\n\n\n\n<p>Patekus ant odos, kruop\u0161\u010diai nuplaukite vietas muilu ir vandeniu.<\/p>\n\n\n\n<p><strong>saugykla<\/strong><\/p>\n\n\n\n<p>\u201eV24 Concrete and Stone Sealing Extreme\u201c galima laikyti ma\u017eiausiai 12 m\u0117nesi\u0173 originalioje u\u017edarytoje talpykloje, esant +5 iki + 25 \u00b0 C temperat\u016brai.<\/p>\n\n\n\n<p>Atidarytas talpyklas reikia naudoti greitai.<\/p>\n\n\n\n<p>Ilgesnis saugojimo laikotarpis neb\u016btinai rei\u0161kia, kad gaminys yra netinkamas naudoti, ta\u010diau kokyb\u0117s u\u017etikrinimo sumetimais reikia patikrinti norimas pagal paskirt\u012f savybes.<\/p>\n<\/div>\n<\/div>\n\n<hr\/>\n\n<h4 class=\"wp-block-heading\" id=\"application\">Parai\u0161ka<\/h4>\n\n<div class=\"wp-block-columns is-layout-flex wp-container-core-columns-is-layout-9d6595d7 wp-block-columns-is-layout-flex\">\n<div class=\"wp-block-column is-layout-flow wp-block-column-is-layout-flow\">\n<ul class=\"wp-block-list\">\n<li><strong>V24 betono ir akmens sandarinimas<\/strong> tiekiamas paruo\u0161tas naudoti ir neskiestas tepamas ant i\u0161 anksto nuvalyto ir i\u0161d\u017eiovinto pavir\u0161iaus. Priklausomai nuo naudojimo, galima praskiesti alkoholiu.<\/li>\n<\/ul>\n\n\n\n<ul class=\"wp-block-list\">\n<li>Visi pavir\u0161iai, kuriuos reikia apdoroti, turi b\u016bti sausi ir gerai i\u0161valyti, nes tik taip u\u017etikrinamas gilus sandariklio \u012fsiskverbimas, kuris turi optimal\u0173 ilgalaik\u012f ir gil\u0173 poveik\u012f.<\/li>\n<\/ul>\n\n\n\n<ul class=\"wp-block-list\">\n<li>Panaudojus <strong><strong>V24 Betono ir akmens glaistas extreme<\/strong><\/strong> kelias sekundes turi likti ant pavir\u0161iaus kaip skysta pl\u0117vel\u0117.<\/li>\n<\/ul>\n\n\n\n<ul class=\"wp-block-list\">\n<li>Danga yra visi\u0161kai susieta ir sukiet\u0117ja po 24 valand\u0173.<\/li>\n<\/ul>\n\n\n\n<p>I\u0161sam\u0173 programos apra\u0161ym\u0105 rasite m\u016bs\u0173 duomen\u0173 lape<\/p>\n<\/div>\n\n\n\n<div class=\"wp-block-column is-layout-flow wp-block-column-is-layout-flow\">\n<p>Apsaugin\u0117 lako danga skirta visiems mineraliniams, sugeriantiems betono ir akmens pavir\u0161iams patalpose ir lauke.<\/p>\n\n\n\n<p>\u2713 Betonas (betono blokas, betonin\u0117 danga, laiptai, gara\u017eo ir dirbtuvi\u0173 grindys, atviros betonin\u0117s zonos &#8230;)<\/p>\n\n\n\n<p>\u2713 Akmuo (nat\u016bralus akmuo, grindinio akmuo, granitas, kalki\u0173 sm\u0117lio plyta, \u0161iferis, m\u016bras, va\u017eiuojamosios dalys &#8230;)<\/p>\n\n\n\n<p><strong>Svarbu:<\/strong> Naudojimas yra ribotas labai poliruotiems pavir\u0161iams, kuri\u0173 sugeriamumas ma\u017eas, nes \u010dia negali \u012fvykti optimalus sukibimas. Jei reikia, pavir\u0161i\u0173 reikia i\u0161 anksto \u0161iurk\u0161tinti (60-100 \u0161vitrinio popieriaus, priklausomai nuo pavir\u0161iaus) ir u\u017etepti grunto sluoksn\u012f (1\/3 alkoholio 2\/3 sandarinimo). Tada po ma\u017edaug 30 minu\u010di\u0173 neskiestas sandarinimas.<\/p>\n\n\n\n<p>Sunaudojimas priklauso nuo pavir\u0161iaus sugeriamumo apie 10-40m\u00b2 \/ l.<\/p>\n<\/div>\n<\/div>\n","protected":false},"excerpt":{"rendered":"<p><strong>Itin vanden\u012f atstumiantis skaidrus sluoksnis, skirtas naudoti viduje ir lauke<\/strong>  <\/p>\n<p>\u2713 Visiems sugeriantiems mineralinio akmens ir betono pavir\u0161iams<\/p>\n<p>\u2713 Lengvai valomas efektas: ne\u0161varumai nesulimpa ir gali b\u016bti lengvai pa\u0161alinti<\/p>\n<p>\u2713 apdoroti pavir\u0161iai n\u0117ra kv\u0117puojantys<\/p>\n<p>\u2713 Neleid\u017eia augti samanoms, kerp\u0117ms, grybams ir kitiems gamtos poveikiams<\/p>\n<p>\u2713 Spalvos gilinimo efektas su blizgia pl\u0117vele \/ pavir\u0161iaus patobulinimu<\/p>\n<p>\u2713 Galiojimo laikas: iki 5 met\u0173+<\/p>\n","protected":false},"featured_media":18113,"template":"","meta":{"_acf_changed":false,"neve_meta_sidebar":"","neve_meta_container":"","neve_meta_enable_content_width":"","neve_meta_content_width":0,"neve_meta_title_alignment":"","neve_meta_author_avatar":"","neve_post_elements_order":"","neve_meta_disable_header":"","neve_meta_disable_footer":"","neve_meta_disable_title":"","neve_meta_reading_time":"","_surfaces":[],"_ver_product_tabs":[],"footnotes":""},"product_brand":[],"product_cat":[2470],"product_tag":[],"class_list":{"0":"post-24696","1":"product","2":"type-product","3":"status-publish","4":"has-post-thumbnail","6":"product_cat-akmens-ir-betono-sandarinimas","7":"pa_gebinde-1000-ml-buteliukas","8":"pa_gebinde-20l-kanistras","10":"first","11":"instock","12":"taxable","13":"shipping-taxable","14":"purchasable","15":"product-type-variable","16":"has-default-attributes"},"acf":[],"yoast_head":"<!-- This site is optimized with the Yoast SEO Premium plugin v22.8 (Yoast SEO v27.5) - https:\/\/yoast.com\/product\/yoast-seo-premium-wordpress\/ -->\n<title>Auk\u0161\u010diausios kokyb\u0117s betono ir akmens sandarinimas su spalvos gilinimu \u2013 versiegelung24<\/title>\n<meta name=\"description\" content=\"Auk\u0161\u010diausios kokyb\u0117s betono ir akmens sandarinimas \u2013 su\u017einokite daugiau apie m\u016bs\u0173 auk\u0161\u010diausios kokyb\u0117s betono ir akmens sandarinim\u0105 su nanotechnologijomis ir spalvos gilinimu\" \/>\n<meta name=\"robots\" content=\"index, follow, max-snippet:-1, max-image-preview:large, max-video-preview:-1\" \/>\n<link rel=\"canonical\" href=\"https:\/\/www.versiegelung24.com\/lt\/auksciausios-kokybes-betono-akmens-sandarinimas-itin-atsparus-vandeniui-ir-kvepuojantis.html\" \/>\n<meta property=\"og:locale\" content=\"lt_LT\" \/>\n<meta property=\"og:type\" content=\"article\" \/>\n<meta property=\"og:title\" content=\"Auk\u0161\u010diausios kokyb\u0117s betono ir akmens sandarinimas su spalvos gilinimu \u2013 nepralaidus orui\" \/>\n<meta property=\"og:description\" content=\"Auk\u0161\u010diausios kokyb\u0117s betono ir akmens sandarinimas \u2013 su\u017einokite daugiau apie m\u016bs\u0173 auk\u0161\u010diausios kokyb\u0117s betono ir akmens sandarinim\u0105 su nanotechnologijomis ir spalvos gilinimu\" \/>\n<meta property=\"og:url\" content=\"https:\/\/www.versiegelung24.com\/lt\/auksciausios-kokybes-betono-akmens-sandarinimas-itin-atsparus-vandeniui-ir-kvepuojantis.html\" \/>\n<meta property=\"og:site_name\" content=\"versiegelung24.com\" \/>\n<meta property=\"article:modified_time\" content=\"2025-01-03T22:54:39+00:00\" \/>\n<meta property=\"og:image\" content=\"https:\/\/www.versiegelung24.com\/wp-content\/uploads\/2020\/06\/produkt-3008-704-1000-Beton-Stein-Versiegelung-extreme-Wasserabweisung-nicht-atmungsaktiv-scaled.jpg\" \/>\n\t<meta property=\"og:image:width\" content=\"2560\" \/>\n\t<meta property=\"og:image:height\" content=\"2560\" \/>\n\t<meta property=\"og:image:type\" content=\"image\/jpeg\" \/>\n<meta name=\"twitter:card\" content=\"summary_large_image\" \/>\n<meta name=\"twitter:label1\" content=\"Availability\" \/>\n\t<meta name=\"twitter:data1\" content=\"In stock\" \/>\n<script type=\"application\/ld+json\" class=\"yoast-schema-graph\">{\"@context\":\"https:\\\/\\\/schema.org\",\"@graph\":[{\"@type\":\"WebPage\",\"@id\":\"https:\\\/\\\/www.versiegelung24.com\\\/lt\\\/auksciausios-kokybes-betono-akmens-sandarinimas-itin-atsparus-vandeniui-ir-kvepuojantis.html\",\"url\":\"https:\\\/\\\/www.versiegelung24.com\\\/lt\\\/auksciausios-kokybes-betono-akmens-sandarinimas-itin-atsparus-vandeniui-ir-kvepuojantis.html\",\"name\":\"Auk\u0161\u010diausios kokyb\u0117s betono ir akmens sandarinimas su spalvos gilinimu \u2013 versiegelung24\",\"isPartOf\":{\"@id\":\"https:\\\/\\\/www.versiegelung24.com\\\/lt\\\/#website\"},\"primaryImageOfPage\":{\"@id\":\"https:\\\/\\\/www.versiegelung24.com\\\/lt\\\/auksciausios-kokybes-betono-akmens-sandarinimas-itin-atsparus-vandeniui-ir-kvepuojantis.html#primaryimage\"},\"image\":{\"@id\":\"https:\\\/\\\/www.versiegelung24.com\\\/lt\\\/auksciausios-kokybes-betono-akmens-sandarinimas-itin-atsparus-vandeniui-ir-kvepuojantis.html#primaryimage\"},\"thumbnailUrl\":\"https:\\\/\\\/www.versiegelung24.com\\\/wp-content\\\/uploads\\\/2020\\\/06\\\/produkt-3008-704-1000-Beton-Stein-Versiegelung-extreme-Wasserabweisung-nicht-atmungsaktiv-scaled.jpg\",\"datePublished\":\"2021-08-02T20:58:33+00:00\",\"dateModified\":\"2025-01-03T22:54:39+00:00\",\"description\":\"Auk\u0161\u010diausios kokyb\u0117s betono ir akmens sandarinimas \u2013 su\u017einokite daugiau apie m\u016bs\u0173 auk\u0161\u010diausios kokyb\u0117s betono ir akmens sandarinim\u0105 su nanotechnologijomis ir spalvos gilinimu\",\"breadcrumb\":{\"@id\":\"https:\\\/\\\/www.versiegelung24.com\\\/lt\\\/auksciausios-kokybes-betono-akmens-sandarinimas-itin-atsparus-vandeniui-ir-kvepuojantis.html#breadcrumb\"},\"inLanguage\":\"lt-LT\",\"potentialAction\":[{\"@type\":\"ReadAction\",\"target\":[\"https:\\\/\\\/www.versiegelung24.com\\\/lt\\\/auksciausios-kokybes-betono-akmens-sandarinimas-itin-atsparus-vandeniui-ir-kvepuojantis.html\"]}]},{\"@type\":\"ImageObject\",\"inLanguage\":\"lt-LT\",\"@id\":\"https:\\\/\\\/www.versiegelung24.com\\\/lt\\\/auksciausios-kokybes-betono-akmens-sandarinimas-itin-atsparus-vandeniui-ir-kvepuojantis.html#primaryimage\",\"url\":\"https:\\\/\\\/www.versiegelung24.com\\\/wp-content\\\/uploads\\\/2020\\\/06\\\/produkt-3008-704-1000-Beton-Stein-Versiegelung-extreme-Wasserabweisung-nicht-atmungsaktiv-scaled.jpg\",\"contentUrl\":\"https:\\\/\\\/www.versiegelung24.com\\\/wp-content\\\/uploads\\\/2020\\\/06\\\/produkt-3008-704-1000-Beton-Stein-Versiegelung-extreme-Wasserabweisung-nicht-atmungsaktiv-scaled.jpg\",\"width\":2560,\"height\":2560},{\"@type\":\"BreadcrumbList\",\"@id\":\"https:\\\/\\\/www.versiegelung24.com\\\/lt\\\/auksciausios-kokybes-betono-akmens-sandarinimas-itin-atsparus-vandeniui-ir-kvepuojantis.html#breadcrumb\",\"itemListElement\":[{\"@type\":\"ListItem\",\"position\":1,\"name\":\"Prad\u017eia\",\"item\":\"https:\\\/\\\/www.versiegelung24.com\\\/lt\\\/priekinis\\\/\"},{\"@type\":\"ListItem\",\"position\":2,\"name\":\"Parduotuv\u0117\",\"item\":\"https:\\\/\\\/www.versiegelung24.com\\\/lt\\\/parduotuve-2\\\/\"},{\"@type\":\"ListItem\",\"position\":3,\"name\":\"Auk\u0161\u010diausios kokyb\u0117s betono ir akmens sandarinimas su spalvos gilinimu \u2013 nepralaidus orui\"}]},{\"@type\":\"WebSite\",\"@id\":\"https:\\\/\\\/www.versiegelung24.com\\\/lt\\\/#website\",\"url\":\"https:\\\/\\\/www.versiegelung24.com\\\/lt\\\/\",\"name\":\"versiegelung24.com\",\"description\":\"Fl\u00fcssigglas-Versiegelung - Made in Germany\",\"publisher\":{\"@id\":\"https:\\\/\\\/www.versiegelung24.com\\\/lt\\\/#organization\"},\"potentialAction\":[{\"@type\":\"SearchAction\",\"target\":{\"@type\":\"EntryPoint\",\"urlTemplate\":\"https:\\\/\\\/www.versiegelung24.com\\\/lt\\\/?s={search_term_string}\"},\"query-input\":{\"@type\":\"PropertyValueSpecification\",\"valueRequired\":true,\"valueName\":\"search_term_string\"}}],\"inLanguage\":\"lt-LT\"},{\"@type\":\"Organization\",\"@id\":\"https:\\\/\\\/www.versiegelung24.com\\\/lt\\\/#organization\",\"name\":\"versiegelung24\",\"url\":\"https:\\\/\\\/www.versiegelung24.com\\\/lt\\\/\",\"logo\":{\"@type\":\"ImageObject\",\"inLanguage\":\"lt-LT\",\"@id\":\"https:\\\/\\\/www.versiegelung24.com\\\/lt\\\/#\\\/schema\\\/logo\\\/image\\\/\",\"url\":\"https:\\\/\\\/www.versiegelung24.com\\\/wp-content\\\/uploads\\\/2020\\\/04\\\/versiegelung24.png\",\"contentUrl\":\"https:\\\/\\\/www.versiegelung24.com\\\/wp-content\\\/uploads\\\/2020\\\/04\\\/versiegelung24.png\",\"width\":470,\"height\":102,\"caption\":\"versiegelung24\"},\"image\":{\"@id\":\"https:\\\/\\\/www.versiegelung24.com\\\/lt\\\/#\\\/schema\\\/logo\\\/image\\\/\"}}]}<\/script>\n<meta property=\"og:availability\" content=\"instock\" \/>\n<meta property=\"product:availability\" content=\"instock\" \/>\n<meta property=\"product:retailer_item_id\" content=\"3008-704\" \/>\n<meta property=\"product:condition\" content=\"new\" \/>\n<!-- \/ Yoast SEO Premium plugin. -->","yoast_head_json":{"title":"Auk\u0161\u010diausios kokyb\u0117s betono ir akmens sandarinimas su spalvos gilinimu \u2013 versiegelung24","description":"Auk\u0161\u010diausios kokyb\u0117s betono ir akmens sandarinimas \u2013 su\u017einokite daugiau apie m\u016bs\u0173 auk\u0161\u010diausios kokyb\u0117s betono ir akmens sandarinim\u0105 su nanotechnologijomis ir spalvos gilinimu","robots":{"index":"index","follow":"follow","max-snippet":"max-snippet:-1","max-image-preview":"max-image-preview:large","max-video-preview":"max-video-preview:-1"},"canonical":"https:\/\/www.versiegelung24.com\/lt\/auksciausios-kokybes-betono-akmens-sandarinimas-itin-atsparus-vandeniui-ir-kvepuojantis.html","og_locale":"lt_LT","og_type":"article","og_title":"Auk\u0161\u010diausios kokyb\u0117s betono ir akmens sandarinimas su spalvos gilinimu \u2013 nepralaidus orui","og_description":"Auk\u0161\u010diausios kokyb\u0117s betono ir akmens sandarinimas \u2013 su\u017einokite daugiau apie m\u016bs\u0173 auk\u0161\u010diausios kokyb\u0117s betono ir akmens sandarinim\u0105 su nanotechnologijomis ir spalvos gilinimu","og_url":"https:\/\/www.versiegelung24.com\/lt\/auksciausios-kokybes-betono-akmens-sandarinimas-itin-atsparus-vandeniui-ir-kvepuojantis.html","og_site_name":"versiegelung24.com","article_modified_time":"2025-01-03T22:54:39+00:00","og_image":[{"width":2560,"height":2560,"url":"https:\/\/www.versiegelung24.com\/wp-content\/uploads\/2020\/06\/produkt-3008-704-1000-Beton-Stein-Versiegelung-extreme-Wasserabweisung-nicht-atmungsaktiv-scaled.jpg","type":"image\/jpeg"}],"twitter_card":"summary_large_image","twitter_misc":{"Availability":"In stock"},"schema":{"@context":"https:\/\/schema.org","@graph":[{"@type":"WebPage","@id":"https:\/\/www.versiegelung24.com\/lt\/auksciausios-kokybes-betono-akmens-sandarinimas-itin-atsparus-vandeniui-ir-kvepuojantis.html","url":"https:\/\/www.versiegelung24.com\/lt\/auksciausios-kokybes-betono-akmens-sandarinimas-itin-atsparus-vandeniui-ir-kvepuojantis.html","name":"Auk\u0161\u010diausios kokyb\u0117s betono ir akmens sandarinimas su spalvos gilinimu \u2013 versiegelung24","isPartOf":{"@id":"https:\/\/www.versiegelung24.com\/lt\/#website"},"primaryImageOfPage":{"@id":"https:\/\/www.versiegelung24.com\/lt\/auksciausios-kokybes-betono-akmens-sandarinimas-itin-atsparus-vandeniui-ir-kvepuojantis.html#primaryimage"},"image":{"@id":"https:\/\/www.versiegelung24.com\/lt\/auksciausios-kokybes-betono-akmens-sandarinimas-itin-atsparus-vandeniui-ir-kvepuojantis.html#primaryimage"},"thumbnailUrl":"https:\/\/www.versiegelung24.com\/wp-content\/uploads\/2020\/06\/produkt-3008-704-1000-Beton-Stein-Versiegelung-extreme-Wasserabweisung-nicht-atmungsaktiv-scaled.jpg","datePublished":"2021-08-02T20:58:33+00:00","dateModified":"2025-01-03T22:54:39+00:00","description":"Auk\u0161\u010diausios kokyb\u0117s betono ir akmens sandarinimas \u2013 su\u017einokite daugiau apie m\u016bs\u0173 auk\u0161\u010diausios kokyb\u0117s betono ir akmens sandarinim\u0105 su nanotechnologijomis ir spalvos gilinimu","breadcrumb":{"@id":"https:\/\/www.versiegelung24.com\/lt\/auksciausios-kokybes-betono-akmens-sandarinimas-itin-atsparus-vandeniui-ir-kvepuojantis.html#breadcrumb"},"inLanguage":"lt-LT","potentialAction":[{"@type":"ReadAction","target":["https:\/\/www.versiegelung24.com\/lt\/auksciausios-kokybes-betono-akmens-sandarinimas-itin-atsparus-vandeniui-ir-kvepuojantis.html"]}]},{"@type":"ImageObject","inLanguage":"lt-LT","@id":"https:\/\/www.versiegelung24.com\/lt\/auksciausios-kokybes-betono-akmens-sandarinimas-itin-atsparus-vandeniui-ir-kvepuojantis.html#primaryimage","url":"https:\/\/www.versiegelung24.com\/wp-content\/uploads\/2020\/06\/produkt-3008-704-1000-Beton-Stein-Versiegelung-extreme-Wasserabweisung-nicht-atmungsaktiv-scaled.jpg","contentUrl":"https:\/\/www.versiegelung24.com\/wp-content\/uploads\/2020\/06\/produkt-3008-704-1000-Beton-Stein-Versiegelung-extreme-Wasserabweisung-nicht-atmungsaktiv-scaled.jpg","width":2560,"height":2560},{"@type":"BreadcrumbList","@id":"https:\/\/www.versiegelung24.com\/lt\/auksciausios-kokybes-betono-akmens-sandarinimas-itin-atsparus-vandeniui-ir-kvepuojantis.html#breadcrumb","itemListElement":[{"@type":"ListItem","position":1,"name":"Prad\u017eia","item":"https:\/\/www.versiegelung24.com\/lt\/priekinis\/"},{"@type":"ListItem","position":2,"name":"Parduotuv\u0117","item":"https:\/\/www.versiegelung24.com\/lt\/parduotuve-2\/"},{"@type":"ListItem","position":3,"name":"Auk\u0161\u010diausios kokyb\u0117s betono ir akmens sandarinimas su spalvos gilinimu \u2013 nepralaidus orui"}]},{"@type":"WebSite","@id":"https:\/\/www.versiegelung24.com\/lt\/#website","url":"https:\/\/www.versiegelung24.com\/lt\/","name":"versiegelung24.com","description":"Fl\u00fcssigglas-Versiegelung - Made in Germany","publisher":{"@id":"https:\/\/www.versiegelung24.com\/lt\/#organization"},"potentialAction":[{"@type":"SearchAction","target":{"@type":"EntryPoint","urlTemplate":"https:\/\/www.versiegelung24.com\/lt\/?s={search_term_string}"},"query-input":{"@type":"PropertyValueSpecification","valueRequired":true,"valueName":"search_term_string"}}],"inLanguage":"lt-LT"},{"@type":"Organization","@id":"https:\/\/www.versiegelung24.com\/lt\/#organization","name":"versiegelung24","url":"https:\/\/www.versiegelung24.com\/lt\/","logo":{"@type":"ImageObject","inLanguage":"lt-LT","@id":"https:\/\/www.versiegelung24.com\/lt\/#\/schema\/logo\/image\/","url":"https:\/\/www.versiegelung24.com\/wp-content\/uploads\/2020\/04\/versiegelung24.png","contentUrl":"https:\/\/www.versiegelung24.com\/wp-content\/uploads\/2020\/04\/versiegelung24.png","width":470,"height":102,"caption":"versiegelung24"},"image":{"@id":"https:\/\/www.versiegelung24.com\/lt\/#\/schema\/logo\/image\/"}}]},"og_availability":"instock","product_availability":"instock","product_retailer_item_id":"3008-704","product_condition":"new"},"_links":{"self":[{"href":"https:\/\/www.versiegelung24.com\/lt\/wp-json\/wp\/v2\/product\/24696","targetHints":{"allow":["GET"]}}],"collection":[{"href":"https:\/\/www.versiegelung24.com\/lt\/wp-json\/wp\/v2\/product"}],"about":[{"href":"https:\/\/www.versiegelung24.com\/lt\/wp-json\/wp\/v2\/types\/product"}],"version-history":[{"count":29,"href":"https:\/\/www.versiegelung24.com\/lt\/wp-json\/wp\/v2\/product\/24696\/revisions"}],"predecessor-version":[{"id":177049,"href":"https:\/\/www.versiegelung24.com\/lt\/wp-json\/wp\/v2\/product\/24696\/revisions\/177049"}],"wp:featuredmedia":[{"embeddable":true,"href":"https:\/\/www.versiegelung24.com\/lt\/wp-json\/wp\/v2\/media\/18113"}],"wp:attachment":[{"href":"https:\/\/www.versiegelung24.com\/lt\/wp-json\/wp\/v2\/media?parent=24696"}],"wp:term":[{"taxonomy":"product_brand","embeddable":true,"href":"https:\/\/www.versiegelung24.com\/lt\/wp-json\/wp\/v2\/product_brand?post=24696"},{"taxonomy":"product_cat","embeddable":true,"href":"https:\/\/www.versiegelung24.com\/lt\/wp-json\/wp\/v2\/product_cat?post=24696"},{"taxonomy":"product_tag","embeddable":true,"href":"https:\/\/www.versiegelung24.com\/lt\/wp-json\/wp\/v2\/product_tag?post=24696"}],"curies":[{"name":"wp","href":"https:\/\/api.w.org\/{rel}","templated":true}]}}