{"id":37405,"date":"2021-09-27T11:17:44","date_gmt":"2021-09-27T09:31:09","guid":{"rendered":"https:\/\/www.versiegelung24.com\/produkt\/mobilusis-telefonas-pagamintas-is-skysto-stiklo-apsaugo-nuo-bakteriju-ir-virusu"},"modified":"2025-01-05T15:39:32","modified_gmt":"2025-01-05T14:39:32","slug":"patogus-skystas-stiklas-apsauginis-sluoksnis-nuo-bakteriju-virusu","status":"publish","type":"product","link":"https:\/\/www.versiegelung24.com\/lt\/patogus-skystas-stiklas-apsauginis-sluoksnis-nuo-bakteriju-virusu.html","title":{"rendered":"I\u0161manusis telefonas ir mobilusis telefonas-ilgalaik\u0117 dezinfekavimo priemon\u0117 nuo bakterij\u0173 ir virus\u0173"},"content":{"rendered":"\n<h2 class=\"wp-block-heading\" id=\"h-neuheit-am-markt-smartphones-amp-handys-fur-3-monate-mit-einer-unsichtbaren-flussigglas-schicht-gegen-bakterien-viren-und-pilze-schutzen\">Naujiena rinkoje: 3 m\u0117nesius apsaugokite i\u0161maniuosius telefonus ir mobiliuosius telefonus nuo bakterij\u0173, virus\u0173 ir grybeli\u0173<\/h2>\n<div class=\"wp-block-image\">\n<figure class=\"aligncenter size-large\"><img fetchpriority=\"high\" decoding=\"async\" width=\"2560\" height=\"1440\" src=\"https:\/\/www.versiegelung24.com\/wp-content\/uploads\/2021\/09\/handy_bakterien-viren-edited-scaled.jpeg\" alt=\"\" class=\"wp-image-38698\" srcset=\"https:\/\/www.versiegelung24.com\/wp-content\/uploads\/2021\/09\/handy_bakterien-viren-edited-scaled.jpeg 2560w, https:\/\/www.versiegelung24.com\/wp-content\/uploads\/2021\/09\/handy_bakterien-viren-edited-scaled-600x338.jpeg 600w, https:\/\/www.versiegelung24.com\/wp-content\/uploads\/2021\/09\/handy_bakterien-viren-edited-300x169.jpeg 300w, https:\/\/www.versiegelung24.com\/wp-content\/uploads\/2021\/09\/handy_bakterien-viren-edited-1300x731.jpeg 1300w, https:\/\/www.versiegelung24.com\/wp-content\/uploads\/2021\/09\/handy_bakterien-viren-edited-768x432.jpeg 768w, https:\/\/www.versiegelung24.com\/wp-content\/uploads\/2021\/09\/handy_bakterien-viren-edited-1536x864.jpeg 1536w, https:\/\/www.versiegelung24.com\/wp-content\/uploads\/2021\/09\/handy_bakterien-viren-edited-2048x1152.jpeg 2048w\" sizes=\"(max-width: 2560px) 100vw, 2560px\" \/><figcaption class=\"wp-element-caption\">I\u0161manusis telefonas yra bakterij\u0173, virus\u0173 ir grybeli\u0173 ne\u0161iotojas<\/figcaption><\/figure>\n<\/div>\n<p>\u0160iandien i\u0161manusis telefonas yra nuolatinis kompanionas. Daugelis \u017emoni\u0173 j\u012f pasiima \u0161imtus kart\u0173 per dien\u0105. Mobilusis telefonas yra visur<strong> &#8211;<\/strong> ar miegant, ir ilsintis, ar tualete, ar sportuojant ir laisvalaikiu. Tikra \u0161vent\u0117 virusams ir bakterijoms perduoti. <\/p>\n\n<p>Vartotojas tur\u0117t\u0173 labai rimtai \u017ei\u016br\u0117ti \u012f bakterij\u0173, grybeli\u0173 ir virus\u0173 rizik\u0105 i\u0161maniuosiuose telefonuose. Jie ne tik nesanitari\u0161ki, bet ir gali tur\u0117ti \u012ftakos tiek savijautai, tiek sveikatai. Beje, daug maloniau naudotis paprastai \u0161variu ir higieni\u0161kai pri\u017ei\u016brimu mobiliuoju telefonu ar i\u0161maniuoju telefonu.<\/p>\n\n<hr\/>\n\n<h4 class=\"wp-block-heading\" id=\"video\">Vaizdo \u012fra\u0161as<\/h4>\n\n<figure class=\"wp-block-embed aligncenter is-type-rich is-provider-handler-einbetten wp-block-embed-handler-einbetten wp-embed-aspect-16-9 wp-has-aspect-ratio\"><div class=\"wp-block-embed__wrapper\"> \n<div class=\"nv-iframe-embed\"><iframe title=\"Award-winning Mobile Phone Sanitizer by LiquiGlas (904)\" width=\"1200\" height=\"675\" src=\"https:\/\/www.youtube.com\/embed\/OPwnhKcFTvA?feature=oembed\" frameborder=\"0\" allow=\"accelerometer; autoplay; clipboard-write; encrypted-media; gyroscope; picture-in-picture\" allowfullscreen><\/iframe><\/div>\n <\/div><\/figure>\n\n<hr\/>\n\n<h4 class=\"wp-block-heading\" id=\"properties\">Produkto savyb\u0117s<\/h4>\n\n<div class=\"wp-block-columns is-layout-flex wp-container-core-columns-is-layout-9d6595d7 wp-block-columns-is-layout-flex\">\n<div class=\"wp-block-column is-layout-flow wp-block-column-is-layout-flow\">\n<h2 class=\"wp-block-heading\" id=\"die-highlights-auf-einen-blick\">Akcentai i\u0161 pirmo \u017evilgsnio<\/h2>\n\n\n\n<p><br\/><br\/><br\/><br\/><br\/>&#8211; i\u0161skirtin\u0117 ir unikali ilgalaik\u0117 apsauga nuo bakterij\u0173 &#8211; garantuotas bakterij\u0173, grybeli\u0173 ir virus\u0173 neutralizavimas &#8211; paprastas ir lengvas naudojimas &#8211; medicininio lygio dezinfekcija &#8211; papildoma apsauga nuo koronaviruso &#8211; 2020 m. MedTech apdovanojimo laim\u0117tojas &#8211; geriausias ilgalaikis poveikis pavir\u0161iams nuo patogen\u0173<\/p>\n<\/div>\n\n\n\n<div class=\"wp-block-column is-layout-flow wp-block-column-is-layout-flow\">\n<h2 class=\"wp-block-heading\" id=\"lieferumfang\">pristatymo apimtis<\/h2>\n\n\n\n<p>12 apsaugini\u0173 servet\u0117li\u0173, skirt\u0173 naudoti 1 kart\u0105 per savait\u0119 = 3 m\u0117nesiai<\/p>\n<\/div>\n<\/div>\n\n<hr\/>\n\n<h4 class=\"wp-block-heading\" id=\"application\">Parai\u0161ka<\/h4>\n\n<h2 class=\"wp-block-heading\" id=\"die-anwendung-hygienisch-sauberes-handy\">Taikymas &#8211; higieni\u0161kai \u0161varus mobilusis telefonas<\/h2>\n\n<div class=\"wp-block-getwid-toggle has-icon-left\">\n<div class=\"wp-block-getwid-toggle__row\"><div class=\"wp-block-getwid-toggle__header-wrapper\"><span class=\"wp-block-getwid-toggle__header\"><a href=\"#\"><span class=\"wp-block-getwid-toggle__header-title\">1. Smartphone s\u00e4ubern<\/span><span class=\"wp-block-getwid-toggle__icon is-active\"><i class=\"fas fa-plus\"><\/i><\/span><span class=\"wp-block-getwid-toggle__icon is-passive\"><i class=\"fas fa-minus\"><\/i><\/span><\/a><\/span><\/div><div class=\"wp-block-getwid-toggle__content-wrapper\"><div class=\"wp-block-getwid-toggle__content\">\n<p>Galinis \u012ftaisas priekyje ir gale nu\u0161luostomas mikropluo\u0161to \u0161luoste arba sausa, nep\u016bkuota \u0161luoste, siekiant pa\u0161alinti pir\u0161t\u0173 atspaudus, ne\u0161varumus ir \u012fbr\u0117\u017eimus.<\/p>\n<\/div><\/div><\/div>\n\n\n\n<div class=\"wp-block-getwid-toggle__row\"><div class=\"wp-block-getwid-toggle__header-wrapper\"><span class=\"wp-block-getwid-toggle__header\"><a href=\"#\"><span class=\"wp-block-getwid-toggle__header-title\">2. Smartphone desinfizieren<\/span><span class=\"wp-block-getwid-toggle__icon is-active\"><i class=\"fas fa-plus\"><\/i><\/span><span class=\"wp-block-getwid-toggle__icon is-passive\"><i class=\"fas fa-minus\"><\/i><\/span><\/a><\/span><\/div><div class=\"wp-block-getwid-toggle__content-wrapper\"><div class=\"wp-block-getwid-toggle__content\">\n<p>Atidaroma 12 vienet\u0173 pakuot\u0117 ir nuimama pirmoji susitraukianti dezinfekcin\u0117 servet\u0117l\u0117. Vienoje dezinfekcin\u0117s servet\u0117l\u0117s pus\u0117je mobilusis telefonas kruop\u0161\u010diai i\u0161valomas priekyje ir gale, kitaip tariant, nu\u0161luostomas. Po to galinis \u012ftaisas dezinfekuojamas ma\u017edaug 30 sekund\u017ei\u0173 kita, vis dar \u0161varia audinio puse. Tai sukuria nedidel\u012f \u0161yd\u0105 ant jo pavir\u0161iaus.<\/p>\n<\/div><\/div><\/div>\n\n\n\n<div class=\"wp-block-getwid-toggle__row\"><div class=\"wp-block-getwid-toggle__header-wrapper\"><span class=\"wp-block-getwid-toggle__header\"><a href=\"#\"><span class=\"wp-block-getwid-toggle__header-title\">3. Trocknungsvorgang<\/span><span class=\"wp-block-getwid-toggle__icon is-active\"><i class=\"fas fa-plus\"><\/i><\/span><span class=\"wp-block-getwid-toggle__icon is-passive\"><i class=\"fas fa-minus\"><\/i><\/span><\/a><\/span><\/div><div class=\"wp-block-getwid-toggle__content-wrapper\"><div class=\"wp-block-getwid-toggle__content\">\n<p>Po to atliekamas dviej\u0173 ar trij\u0173 minu\u010di\u0173 d\u017eiovinimo procesas. Taikomas skystis veikia ir sudaro dezinfekuojant\u012f apsaugin\u012f sluoksn\u012f.<\/p>\n<\/div><\/div><\/div>\n\n\n\n<div class=\"wp-block-getwid-toggle__row\"><div class=\"wp-block-getwid-toggle__header-wrapper\"><span class=\"wp-block-getwid-toggle__header\"><a href=\"#\"><span class=\"wp-block-getwid-toggle__header-title\">4. Nachpolieren<\/span><span class=\"wp-block-getwid-toggle__icon is-active\"><i class=\"fas fa-plus\"><\/i><\/span><span class=\"wp-block-getwid-toggle__icon is-passive\"><i class=\"fas fa-minus\"><\/i><\/span><\/a><\/span><\/div><div class=\"wp-block-getwid-toggle__content-wrapper\"><div class=\"wp-block-getwid-toggle__content\">\n<p>Pasibaigus d\u017eiovinimo procesui, mobilusis telefonas v\u0117l u\u017edengiamas \u0161varia d\u017eiovinimo \u0161luoste<strong> &#8211;<\/strong> pavyzd\u017eiui, pagamintas i\u0161 mikropluo\u0161to<strong> &#8211;<\/strong> Pataisoma tol, kol pavir\u0161ius nelieka dry\u017ei\u0173. Dabar sukurta ilgalaik\u0117 dezinfekavimo apsauga intensyviai veikia ir kitas septynias-de\u0161imt dien\u0173.<\/p>\n<\/div><\/div><\/div>\n<\/div>\n\n<br\/>\n\n<hr\/>\n\n<h4 class=\"wp-block-heading\" id=\"advisor\">Konsultantas<\/h4>\n\n<h2 class=\"wp-block-heading\" id=\"award-gewinner-handy-desinfektion-raumt-ab\">Apdovanojim\u0173 laureatas &#8211; laimi mobili\u0173j\u0173 telefon\u0173 dezinfekcija<\/h2>\n\n<p>Mobili\u0173j\u0173 galini\u0173 prietais\u0173, toki\u0173 kaip mobilieji telefonai, i\u0161manieji telefonai ar plan\u0161etiniai kompiuteriai, apsaugos nuo dezinfekcijos rinkoje naujov\u0117 yra 12 CCM\u00ae apsaugini\u0173 bakterij\u0173 servet\u0117li\u0173 pakuot\u0117. CCM rei\u0161kia \u201eCreative Chemical Manufacturer GmbH\u201c, kurios b\u016bstin\u0117 yra Overate, \u0160iaur\u0117s Reino-Vestfalijos \u017eem\u0117je.<\/p>\n\n<figure class=\"wp-block-image size-full\"><img decoding=\"async\" width=\"700\" height=\"207\" src=\"https:\/\/www.versiegelung24.com\/wp-content\/uploads\/2021\/09\/2020-MedTech-Awards-2.png\" alt=\"\" class=\"wp-image-37295\" srcset=\"https:\/\/www.versiegelung24.com\/wp-content\/uploads\/2021\/09\/2020-MedTech-Awards-2.png 700w, https:\/\/www.versiegelung24.com\/wp-content\/uploads\/2021\/09\/2020-MedTech-Awards-2-600x177.png 600w, https:\/\/www.versiegelung24.com\/wp-content\/uploads\/2021\/09\/2020-MedTech-Awards-2-300x89.png 300w\" sizes=\"(max-width: 700px) 100vw, 700px\" \/><figcaption class=\"wp-element-caption\"><strong>Apdovanotas \u201eMedTech\u201c apdovanojimu &#8211; geriausiu ilgalaikiu apsaugos nuo patogen\u0173 sprendimu<\/strong><\/figcaption><\/figure>\n\n<h2 class=\"wp-block-heading\" id=\"ohne-handy-und-smartphone-desinfizieren-geht-es-einfach-nicht\">Dezinfekuoti be mobiliojo telefono ir i\u0161maniojo telefono tiesiog ne\u012fmanoma!<\/h2>\n\n<p>Dabar \u017emon\u0117s yra \u012fprat\u0119 reguliariai plauti ir dezinfekuoti rankas. Dar svarbiau nepamir\u0161ti dezinfekuoti savo i\u0161maniojo telefono. Tinkamai naudojant, apsaugin\u0117 bakterij\u0173 \u0161luost\u0117 nuolat dezinfekuoja iki de\u0161imties dien\u0173. Su 12 pakuot\u0117mis galinis \u012ftaisas ketvirt\u012f met\u0173 visada yra idealiai higieni\u0161kai.<\/p>\n\n<p><\/p>\n\n<p><strong>Reguliariai naudojant dvylika apsaugini\u0173 audini\u0173, i\u0161maniojo telefono pavir\u0161iuje susidaro itin plona skysto stiklo danga.<\/strong> Tai neleid\u017eia susidaryti patogenams ir d\u0117l to \u012fsitvirtinti. Kaip teigiamas \u0161alutinis poveikis, pavir\u0161ius tampa vis lygesnis ir gali b\u016bti labai lengvai valomas. \u0160is efektas padid\u0117ja tuo ilgiau, kai naudojamos dezinfekcin\u0117s servet\u0117l\u0117s.<\/p>\n","protected":false},"excerpt":{"rendered":"<p>Mobili\u0173j\u0173 galini\u0173 prietais\u0173, toki\u0173 kaip mobilieji telefonai, i\u0161manieji telefonai ar plan\u0161etiniai kompiuteriai, apsaugos nuo dezinfekcijos rinkoje naujov\u0117 yra 12 CCM\u00ae apsaugini\u0173 bakterij\u0173 servet\u0117li\u0173 pakuot\u0117.<\/p>\n<p>Sertifikuotas &#8220;MedTech&#8221; apdovanojimu<strong>&#8220;Geriausias ilgalaik\u0117s apsaugos nuo patogen\u0173 sprendimas&#8221;<\/p>\n<p><\/strong><\/p>\n<p><img decoding=\"async\" class=\"alignnone size-medium wp-image-37295\" src=\"https:\/\/www.versiegelung24.com\/wp-content\/uploads\/2021\/09\/2020-MedTech-Awards-2-300x89.png\" alt=\"\" width=\"300\" height=\"89\" srcset=\"https:\/\/www.versiegelung24.com\/wp-content\/uploads\/2021\/09\/2020-MedTech-Awards-2-300x89.png 300w, https:\/\/www.versiegelung24.com\/wp-content\/uploads\/2021\/09\/2020-MedTech-Awards-2-600x177.png 600w, https:\/\/www.versiegelung24.com\/wp-content\/uploads\/2021\/09\/2020-MedTech-Awards-2.png 700w\" sizes=\"(max-width: 300px) 100vw, 300px\" \/><\/p>\n","protected":false},"featured_media":63246,"template":"","meta":{"_acf_changed":false,"neve_meta_sidebar":"","neve_meta_container":"","neve_meta_enable_content_width":"","neve_meta_content_width":0,"neve_meta_title_alignment":"","neve_meta_author_avatar":"","neve_post_elements_order":"","neve_meta_disable_header":"","neve_meta_disable_footer":"","neve_meta_disable_title":"","neve_meta_reading_time":"","_surfaces":[],"_ver_product_tabs":[],"footnotes":""},"product_brand":[],"product_cat":[2245,3021],"product_tag":[],"class_list":{"0":"post-37405","1":"product","2":"type-product","3":"status-publish","4":"has-post-thumbnail","6":"product_cat-dezinfekavimo-priemones","7":"product_cat-mobiliuju-telefonu-dezinfekavimo-priemone","9":"first","10":"instock","11":"taxable","12":"shipping-taxable","13":"purchasable","14":"product-type-simple"},"acf":[],"yoast_head":"<!-- This site is optimized with the Yoast SEO Premium plugin v22.8 (Yoast SEO v27.5) - https:\/\/yoast.com\/product\/yoast-seo-premium-wordpress\/ -->\n<title>I\u0161manusis telefonas ir mobilusis telefonas-ilgalaik\u0117 dezinfekavimo priemon\u0117 nuo bakterij\u0173 ir virus\u0173 - versiegelung24.com<\/title>\n<meta name=\"robots\" content=\"index, follow, max-snippet:-1, max-image-preview:large, max-video-preview:-1\" \/>\n<link rel=\"canonical\" href=\"https:\/\/www.versiegelung24.com\/lt\/patogus-skystas-stiklas-apsauginis-sluoksnis-nuo-bakteriju-virusu.html\" \/>\n<meta property=\"og:locale\" content=\"lt_LT\" \/>\n<meta property=\"og:type\" content=\"article\" \/>\n<meta property=\"og:title\" content=\"I\u0161manusis telefonas ir mobilusis telefonas-ilgalaik\u0117 dezinfekavimo priemon\u0117 nuo bakterij\u0173 ir virus\u0173\" \/>\n<meta property=\"og:description\" content=\"Mobili\u0173j\u0173 galini\u0173 prietais\u0173, toki\u0173 kaip mobilieji telefonai, i\u0161manieji telefonai ar plan\u0161etiniai kompiuteriai, apsaugos nuo dezinfekcijos rinkoje naujov\u0117 yra 12 CCM\u00ae apsaugini\u0173 bakterij\u0173 servet\u0117li\u0173 pakuot\u0117. Sertifikuotas &quot;MedTech&quot; apdovanojimu&quot;Geriausias ilgalaik\u0117s apsaugos nuo patogen\u0173 sprendimas&quot;\" \/>\n<meta property=\"og:url\" content=\"https:\/\/www.versiegelung24.com\/lt\/patogus-skystas-stiklas-apsauginis-sluoksnis-nuo-bakteriju-virusu.html\" \/>\n<meta property=\"og:site_name\" content=\"versiegelung24.com\" \/>\n<meta property=\"article:modified_time\" content=\"2025-01-05T14:39:32+00:00\" \/>\n<meta property=\"og:image\" content=\"https:\/\/www.versiegelung24.com\/wp-content\/uploads\/2021\/09\/produkt-4009-904-Handy-Bakterienschutz-Verpackung1.jpg\" \/>\n\t<meta property=\"og:image:width\" content=\"2000\" \/>\n\t<meta property=\"og:image:height\" content=\"2000\" \/>\n\t<meta property=\"og:image:type\" content=\"image\/jpeg\" \/>\n<meta name=\"twitter:card\" content=\"summary_large_image\" \/>\n<meta name=\"twitter:label1\" content=\"Price\" \/>\n\t<meta name=\"twitter:data1\" content=\"10,99&euro;\" \/>\n\t<meta name=\"twitter:label2\" content=\"Availability\" \/>\n\t<meta name=\"twitter:data2\" content=\"In stock\" \/>\n<script type=\"application\/ld+json\" class=\"yoast-schema-graph\">{\"@context\":\"https:\\\/\\\/schema.org\",\"@graph\":[{\"@type\":\"WebPage\",\"@id\":\"https:\\\/\\\/www.versiegelung24.com\\\/lt\\\/patogus-skystas-stiklas-apsauginis-sluoksnis-nuo-bakteriju-virusu.html\",\"url\":\"https:\\\/\\\/www.versiegelung24.com\\\/lt\\\/patogus-skystas-stiklas-apsauginis-sluoksnis-nuo-bakteriju-virusu.html\",\"name\":\"I\u0161manusis telefonas ir mobilusis telefonas-ilgalaik\u0117 dezinfekavimo priemon\u0117 nuo bakterij\u0173 ir virus\u0173 - versiegelung24.com\",\"isPartOf\":{\"@id\":\"https:\\\/\\\/www.versiegelung24.com\\\/lt\\\/#website\"},\"primaryImageOfPage\":{\"@id\":\"https:\\\/\\\/www.versiegelung24.com\\\/lt\\\/patogus-skystas-stiklas-apsauginis-sluoksnis-nuo-bakteriju-virusu.html#primaryimage\"},\"image\":{\"@id\":\"https:\\\/\\\/www.versiegelung24.com\\\/lt\\\/patogus-skystas-stiklas-apsauginis-sluoksnis-nuo-bakteriju-virusu.html#primaryimage\"},\"thumbnailUrl\":\"https:\\\/\\\/www.versiegelung24.com\\\/wp-content\\\/uploads\\\/2021\\\/09\\\/produkt-4009-904-Handy-Bakterienschutz-Verpackung1.jpg\",\"datePublished\":\"2021-09-27T09:31:09+00:00\",\"dateModified\":\"2025-01-05T14:39:32+00:00\",\"breadcrumb\":{\"@id\":\"https:\\\/\\\/www.versiegelung24.com\\\/lt\\\/patogus-skystas-stiklas-apsauginis-sluoksnis-nuo-bakteriju-virusu.html#breadcrumb\"},\"inLanguage\":\"lt-LT\",\"potentialAction\":[{\"@type\":\"ReadAction\",\"target\":[\"https:\\\/\\\/www.versiegelung24.com\\\/lt\\\/patogus-skystas-stiklas-apsauginis-sluoksnis-nuo-bakteriju-virusu.html\"]}]},{\"@type\":\"ImageObject\",\"inLanguage\":\"lt-LT\",\"@id\":\"https:\\\/\\\/www.versiegelung24.com\\\/lt\\\/patogus-skystas-stiklas-apsauginis-sluoksnis-nuo-bakteriju-virusu.html#primaryimage\",\"url\":\"https:\\\/\\\/www.versiegelung24.com\\\/wp-content\\\/uploads\\\/2021\\\/09\\\/produkt-4009-904-Handy-Bakterienschutz-Verpackung1.jpg\",\"contentUrl\":\"https:\\\/\\\/www.versiegelung24.com\\\/wp-content\\\/uploads\\\/2021\\\/09\\\/produkt-4009-904-Handy-Bakterienschutz-Verpackung1.jpg\",\"width\":2000,\"height\":2000},{\"@type\":\"BreadcrumbList\",\"@id\":\"https:\\\/\\\/www.versiegelung24.com\\\/lt\\\/patogus-skystas-stiklas-apsauginis-sluoksnis-nuo-bakteriju-virusu.html#breadcrumb\",\"itemListElement\":[{\"@type\":\"ListItem\",\"position\":1,\"name\":\"Prad\u017eia\",\"item\":\"https:\\\/\\\/www.versiegelung24.com\\\/lt\\\/priekinis\\\/\"},{\"@type\":\"ListItem\",\"position\":2,\"name\":\"Parduotuv\u0117\",\"item\":\"https:\\\/\\\/www.versiegelung24.com\\\/lt\\\/parduotuve-2\\\/\"},{\"@type\":\"ListItem\",\"position\":3,\"name\":\"I\u0161manusis telefonas ir mobilusis telefonas-ilgalaik\u0117 dezinfekavimo priemon\u0117 nuo bakterij\u0173 ir virus\u0173\"}]},{\"@type\":\"WebSite\",\"@id\":\"https:\\\/\\\/www.versiegelung24.com\\\/lt\\\/#website\",\"url\":\"https:\\\/\\\/www.versiegelung24.com\\\/lt\\\/\",\"name\":\"versiegelung24.com\",\"description\":\"Fl\u00fcssigglas-Versiegelung - Made in Germany\",\"publisher\":{\"@id\":\"https:\\\/\\\/www.versiegelung24.com\\\/lt\\\/#organization\"},\"potentialAction\":[{\"@type\":\"SearchAction\",\"target\":{\"@type\":\"EntryPoint\",\"urlTemplate\":\"https:\\\/\\\/www.versiegelung24.com\\\/lt\\\/?s={search_term_string}\"},\"query-input\":{\"@type\":\"PropertyValueSpecification\",\"valueRequired\":true,\"valueName\":\"search_term_string\"}}],\"inLanguage\":\"lt-LT\"},{\"@type\":\"Organization\",\"@id\":\"https:\\\/\\\/www.versiegelung24.com\\\/lt\\\/#organization\",\"name\":\"versiegelung24\",\"url\":\"https:\\\/\\\/www.versiegelung24.com\\\/lt\\\/\",\"logo\":{\"@type\":\"ImageObject\",\"inLanguage\":\"lt-LT\",\"@id\":\"https:\\\/\\\/www.versiegelung24.com\\\/lt\\\/#\\\/schema\\\/logo\\\/image\\\/\",\"url\":\"https:\\\/\\\/www.versiegelung24.com\\\/wp-content\\\/uploads\\\/2020\\\/04\\\/versiegelung24.png\",\"contentUrl\":\"https:\\\/\\\/www.versiegelung24.com\\\/wp-content\\\/uploads\\\/2020\\\/04\\\/versiegelung24.png\",\"width\":470,\"height\":102,\"caption\":\"versiegelung24\"},\"image\":{\"@id\":\"https:\\\/\\\/www.versiegelung24.com\\\/lt\\\/#\\\/schema\\\/logo\\\/image\\\/\"}}]}<\/script>\n<meta property=\"product:price:amount\" content=\"10.99\" \/>\n<meta property=\"product:price:currency\" content=\"EUR\" \/>\n<meta property=\"og:availability\" content=\"instock\" \/>\n<meta property=\"product:availability\" content=\"instock\" \/>\n<meta property=\"product:retailer_item_id\" content=\"4009-904\" \/>\n<meta property=\"product:condition\" content=\"new\" \/>\n<!-- \/ Yoast SEO Premium plugin. -->","yoast_head_json":{"title":"I\u0161manusis telefonas ir mobilusis telefonas-ilgalaik\u0117 dezinfekavimo priemon\u0117 nuo bakterij\u0173 ir virus\u0173 - versiegelung24.com","robots":{"index":"index","follow":"follow","max-snippet":"max-snippet:-1","max-image-preview":"max-image-preview:large","max-video-preview":"max-video-preview:-1"},"canonical":"https:\/\/www.versiegelung24.com\/lt\/patogus-skystas-stiklas-apsauginis-sluoksnis-nuo-bakteriju-virusu.html","og_locale":"lt_LT","og_type":"article","og_title":"I\u0161manusis telefonas ir mobilusis telefonas-ilgalaik\u0117 dezinfekavimo priemon\u0117 nuo bakterij\u0173 ir virus\u0173","og_description":"Mobili\u0173j\u0173 galini\u0173 prietais\u0173, toki\u0173 kaip mobilieji telefonai, i\u0161manieji telefonai ar plan\u0161etiniai kompiuteriai, apsaugos nuo dezinfekcijos rinkoje naujov\u0117 yra 12 CCM\u00ae apsaugini\u0173 bakterij\u0173 servet\u0117li\u0173 pakuot\u0117. Sertifikuotas \"MedTech\" apdovanojimu\"Geriausias ilgalaik\u0117s apsaugos nuo patogen\u0173 sprendimas\"","og_url":"https:\/\/www.versiegelung24.com\/lt\/patogus-skystas-stiklas-apsauginis-sluoksnis-nuo-bakteriju-virusu.html","og_site_name":"versiegelung24.com","article_modified_time":"2025-01-05T14:39:32+00:00","og_image":[{"width":2000,"height":2000,"url":"https:\/\/www.versiegelung24.com\/wp-content\/uploads\/2021\/09\/produkt-4009-904-Handy-Bakterienschutz-Verpackung1.jpg","type":"image\/jpeg"}],"twitter_card":"summary_large_image","twitter_misc":{"Price":"10,99&euro;","Availability":"In stock"},"schema":{"@context":"https:\/\/schema.org","@graph":[{"@type":"WebPage","@id":"https:\/\/www.versiegelung24.com\/lt\/patogus-skystas-stiklas-apsauginis-sluoksnis-nuo-bakteriju-virusu.html","url":"https:\/\/www.versiegelung24.com\/lt\/patogus-skystas-stiklas-apsauginis-sluoksnis-nuo-bakteriju-virusu.html","name":"I\u0161manusis telefonas ir mobilusis telefonas-ilgalaik\u0117 dezinfekavimo priemon\u0117 nuo bakterij\u0173 ir virus\u0173 - versiegelung24.com","isPartOf":{"@id":"https:\/\/www.versiegelung24.com\/lt\/#website"},"primaryImageOfPage":{"@id":"https:\/\/www.versiegelung24.com\/lt\/patogus-skystas-stiklas-apsauginis-sluoksnis-nuo-bakteriju-virusu.html#primaryimage"},"image":{"@id":"https:\/\/www.versiegelung24.com\/lt\/patogus-skystas-stiklas-apsauginis-sluoksnis-nuo-bakteriju-virusu.html#primaryimage"},"thumbnailUrl":"https:\/\/www.versiegelung24.com\/wp-content\/uploads\/2021\/09\/produkt-4009-904-Handy-Bakterienschutz-Verpackung1.jpg","datePublished":"2021-09-27T09:31:09+00:00","dateModified":"2025-01-05T14:39:32+00:00","breadcrumb":{"@id":"https:\/\/www.versiegelung24.com\/lt\/patogus-skystas-stiklas-apsauginis-sluoksnis-nuo-bakteriju-virusu.html#breadcrumb"},"inLanguage":"lt-LT","potentialAction":[{"@type":"ReadAction","target":["https:\/\/www.versiegelung24.com\/lt\/patogus-skystas-stiklas-apsauginis-sluoksnis-nuo-bakteriju-virusu.html"]}]},{"@type":"ImageObject","inLanguage":"lt-LT","@id":"https:\/\/www.versiegelung24.com\/lt\/patogus-skystas-stiklas-apsauginis-sluoksnis-nuo-bakteriju-virusu.html#primaryimage","url":"https:\/\/www.versiegelung24.com\/wp-content\/uploads\/2021\/09\/produkt-4009-904-Handy-Bakterienschutz-Verpackung1.jpg","contentUrl":"https:\/\/www.versiegelung24.com\/wp-content\/uploads\/2021\/09\/produkt-4009-904-Handy-Bakterienschutz-Verpackung1.jpg","width":2000,"height":2000},{"@type":"BreadcrumbList","@id":"https:\/\/www.versiegelung24.com\/lt\/patogus-skystas-stiklas-apsauginis-sluoksnis-nuo-bakteriju-virusu.html#breadcrumb","itemListElement":[{"@type":"ListItem","position":1,"name":"Prad\u017eia","item":"https:\/\/www.versiegelung24.com\/lt\/priekinis\/"},{"@type":"ListItem","position":2,"name":"Parduotuv\u0117","item":"https:\/\/www.versiegelung24.com\/lt\/parduotuve-2\/"},{"@type":"ListItem","position":3,"name":"I\u0161manusis telefonas ir mobilusis telefonas-ilgalaik\u0117 dezinfekavimo priemon\u0117 nuo bakterij\u0173 ir virus\u0173"}]},{"@type":"WebSite","@id":"https:\/\/www.versiegelung24.com\/lt\/#website","url":"https:\/\/www.versiegelung24.com\/lt\/","name":"versiegelung24.com","description":"Fl\u00fcssigglas-Versiegelung - Made in Germany","publisher":{"@id":"https:\/\/www.versiegelung24.com\/lt\/#organization"},"potentialAction":[{"@type":"SearchAction","target":{"@type":"EntryPoint","urlTemplate":"https:\/\/www.versiegelung24.com\/lt\/?s={search_term_string}"},"query-input":{"@type":"PropertyValueSpecification","valueRequired":true,"valueName":"search_term_string"}}],"inLanguage":"lt-LT"},{"@type":"Organization","@id":"https:\/\/www.versiegelung24.com\/lt\/#organization","name":"versiegelung24","url":"https:\/\/www.versiegelung24.com\/lt\/","logo":{"@type":"ImageObject","inLanguage":"lt-LT","@id":"https:\/\/www.versiegelung24.com\/lt\/#\/schema\/logo\/image\/","url":"https:\/\/www.versiegelung24.com\/wp-content\/uploads\/2020\/04\/versiegelung24.png","contentUrl":"https:\/\/www.versiegelung24.com\/wp-content\/uploads\/2020\/04\/versiegelung24.png","width":470,"height":102,"caption":"versiegelung24"},"image":{"@id":"https:\/\/www.versiegelung24.com\/lt\/#\/schema\/logo\/image\/"}}]},"product_price_amount":"10.99","product_price_currency":"EUR","og_availability":"instock","product_availability":"instock","product_retailer_item_id":"4009-904","product_condition":"new"},"_links":{"self":[{"href":"https:\/\/www.versiegelung24.com\/lt\/wp-json\/wp\/v2\/product\/37405","targetHints":{"allow":["GET"]}}],"collection":[{"href":"https:\/\/www.versiegelung24.com\/lt\/wp-json\/wp\/v2\/product"}],"about":[{"href":"https:\/\/www.versiegelung24.com\/lt\/wp-json\/wp\/v2\/types\/product"}],"version-history":[{"count":70,"href":"https:\/\/www.versiegelung24.com\/lt\/wp-json\/wp\/v2\/product\/37405\/revisions"}],"predecessor-version":[{"id":178267,"href":"https:\/\/www.versiegelung24.com\/lt\/wp-json\/wp\/v2\/product\/37405\/revisions\/178267"}],"wp:featuredmedia":[{"embeddable":true,"href":"https:\/\/www.versiegelung24.com\/lt\/wp-json\/wp\/v2\/media\/63246"}],"wp:attachment":[{"href":"https:\/\/www.versiegelung24.com\/lt\/wp-json\/wp\/v2\/media?parent=37405"}],"wp:term":[{"taxonomy":"product_brand","embeddable":true,"href":"https:\/\/www.versiegelung24.com\/lt\/wp-json\/wp\/v2\/product_brand?post=37405"},{"taxonomy":"product_cat","embeddable":true,"href":"https:\/\/www.versiegelung24.com\/lt\/wp-json\/wp\/v2\/product_cat?post=37405"},{"taxonomy":"product_tag","embeddable":true,"href":"https:\/\/www.versiegelung24.com\/lt\/wp-json\/wp\/v2\/product_tag?post=37405"}],"curies":[{"name":"wp","href":"https:\/\/api.w.org\/{rel}","templated":true}]}}