{"id":46452,"date":"2022-01-04T18:16:33","date_gmt":"2022-01-04T17:17:26","guid":{"rendered":"https:\/\/www.versiegelung24.com\/?post_type=product&#038;p=46452"},"modified":"2025-01-13T16:34:07","modified_gmt":"2025-01-13T15:34:07","slug":"pedexan-batu-dezinfekcijos-papildymo-buteliukas","status":"publish","type":"product","link":"https:\/\/www.versiegelung24.com\/lt\/pedexan-batu-dezinfekcijos-papildymo-buteliukas.html","title":{"rendered":"Pedexan bat\u0173 dezinfekcija su ilgalaikiu poveikiu 1l pildomas buteliukas"},"content":{"rendered":"\n<h2 class=\"wp-block-heading\" id=\"pedexan-schuhdesinfektion-alaska-frische-fur-die-schuhe\">Pedexan bat\u0173 dezinfekcija &#8211; Aliaskos gaivumas batams<\/h2>\n\n<p><strong>Prakti\u0161kas 1 litro u\u017epildymo buteliukas skirtas <a href=\"https:\/\/www.versiegelung24.com\/lt\/pedexan-batu-dezinfekavimo-dozatorius-pedspend.html\">Pedexan PedSpend bat\u0173 dezinfekcijos dozatoriui su pur\u0161kimo<\/a> antgaliu arba <a href=\"https:\/\/www.versiegelung24.com\/lt\/pedexan-batu-dezinfekcija.html\">125 ml Pedexan siurblio pur\u0161kimo buteliukui<\/a> .<\/strong><\/p>\n\n<p>Jei darbo ar laisvalaikio avalyn\u0117 yra intensyviai naudojama ilg\u0105 laik\u0105, da\u017enai susidaro ideali aplinka bakterijoms ir grybeliams daugintis ir atsiranda nemalon\u016bs kvapai.<\/p>\n\n<p>Net su \u0161vie\u017eiomis kojin\u0117mis ir v\u0117dinant batus nemalonus kvapas i\u0161lieka ir netgi gali sukelti nemaloni\u0173 p\u0117d\u0173 infekcij\u0173.<\/p>\n\n<p>\u010cia gali pad\u0117ti <strong>Pedexan<\/strong> bat\u0173 dezinfekcija. D\u0117l ilgalaikio poveikio efektyviai pa\u0161alinamos bakterijos ir grybai, neleid\u017eiama susidaryti naujiems.<\/p>\n\n<p>D\u0117l Aliaskos kvapo Pedexan u\u017etikrina malon\u0173 \u0161vie\u017eum\u0105 ir netgi yra biologi\u0161kai suderinamas.<\/p>\n\n<hr \/>\n\n<h4 class=\"wp-block-heading\" id=\"application\">Parai\u0161ka<\/h4>\n\n<p>Parai\u0161ka yra labai paprasta:<\/p>\n\n<p><br \/><br \/>&#8211; I\u0161purk\u0161kite bat\u0173 vid\u0173 lauke. &#8211; Rekomenduojame pirm\u0105 kart\u0105 purk\u0161ti 5-10 kart\u0173. &#8211; &#8220;Pedexan&#8221; bat\u0173 dezinfekavimo priemon\u0119 reik\u0117t\u0173 naudoti 1-2 kartus per savait\u0119 arba pagal poreik\u012f.<\/p>\n\n<hr \/>\n\n<h4 class=\"wp-block-heading\" id=\"advisor\">Konsultantas<\/h4>\n\n<p><strong>Saugumo patarimas:<\/strong><\/p>\n\n<p>B\u016btinai atkreipkite d\u0117mes\u012f! Gydymo metu pasir\u016bpinkite tinkama ventiliacija. Labai degus skystis ir garai. Sukelia rimt\u0105 aki\u0173 dirginim\u0105. Laikykite atokiau nuo kar\u0161\u010dio, kar\u0161t\u0173 pavir\u0161i\u0173, kibirk\u0161\u010di\u0173, atviros liepsnos ir kit\u0173 u\u017edegimo \u0161altini\u0173. Ner\u016bkyti. Laikyti v\u0117sioje, gerai v\u0117dinamoje vietoje. Jei reikia gydytojo konsultacijos, pasiruo\u0161kite pakuot\u0119 arba etiket\u0119. Laikykite vaikams nepasiekiamoje vietoje.<\/p>\n\n<p>Galima naudoti visiems vidiniams bat\u0173 pavir\u0161iams. Jei abejojate, i\u0161bandykite \u201ePedexan\u201c nematomoje vietoje.<\/p>\n\n<p>Laikyti tik u\u017edaroje talpykloje. Talpykl\u0105 galima perdirbti tik tada, kai ji visi\u0161kai tu\u0161\u010dia. Nenaudokite pasibaigus galiojimo laikui.<\/p>\n\n<p>Biocido Reg. Nr.: N-25889<\/p>\n\n<p>Svarbu: biocidinius produktus naudokite atsargiai. Prie\u0161 naudojim\u0105 visada perskaitykite etiket\u0119 ir produkto informacij\u0105.<\/p>\n\n<hr \/>\n","protected":false},"excerpt":{"rendered":"<p>Pedexan bat\u0173 dezinfekcija &#8211; Aliaskos gaivumas batams Prakti\u0161kas 1 litro u\u017epildymo buteliukas skirtas Pedexan PedSpend bat\u0173 dezinfekcijos dozatoriui su pur\u0161kimo antgaliu arba 125 ml Pedexan siurblio pur\u0161kimo buteliukui . Jei darbo ar laisvalaikio avalyn\u0117 yra intensyviai naudojama ilg\u0105 laik\u0105, da\u017enai susidaro ideali aplinka bakterijoms ir grybeliams daugintis ir atsiranda nemalon\u016bs kvapai. Net su \u0161vie\u017eiomis kojin\u0117mis&hellip;&nbsp;<a href=\"https:\/\/www.versiegelung24.com\/lt\/pedexan-batu-dezinfekcijos-papildymo-buteliukas.html\" rel=\"bookmark\">Read More &raquo;<span class=\"screen-reader-text\">Pedexan bat\u0173 dezinfekcija su ilgalaikiu poveikiu 1l pildomas buteliukas<\/span><\/a><\/p>\n","protected":false},"featured_media":21933,"template":"","meta":{"_acf_changed":false,"neve_meta_sidebar":"","neve_meta_container":"","neve_meta_enable_content_width":"","neve_meta_content_width":0,"neve_meta_title_alignment":"","neve_meta_author_avatar":"","neve_post_elements_order":"","neve_meta_disable_header":"","neve_meta_disable_footer":"","neve_meta_disable_title":"","neve_meta_reading_time":"","_surfaces":[],"_ver_product_tabs":[],"footnotes":""},"product_brand":[],"product_cat":[2245,2875],"product_tag":[],"class_list":{"0":"post-46452","1":"product","2":"type-product","3":"status-publish","4":"has-post-thumbnail","6":"product_cat-dezinfekavimo-priemones","7":"product_cat-batu-dezinfekavimo-priemones","9":"first","10":"instock","11":"taxable","12":"shipping-taxable","13":"purchasable","14":"product-type-simple"},"acf":[],"yoast_head":"<!-- This site is optimized with the Yoast SEO Premium plugin v22.8 (Yoast SEO v27.5) - https:\/\/yoast.com\/product\/yoast-seo-premium-wordpress\/ -->\n<title>Pedexan bat\u0173 dezinfekcija su ilgalaikiu poveikiu 1l pildomas buteliukas - versiegelung24.com<\/title>\n<meta name=\"description\" content=\"Pedexan bat\u0173 dezinfekcija - sprendimas nuo nemalonaus kvapo ir bakterij\u0173 bei grybeli\u0173.\" \/>\n<meta name=\"robots\" content=\"index, follow, max-snippet:-1, max-image-preview:large, max-video-preview:-1\" \/>\n<link rel=\"canonical\" href=\"https:\/\/www.versiegelung24.com\/lt\/pedexan-batu-dezinfekcijos-papildymo-buteliukas.html\" \/>\n<meta property=\"og:locale\" content=\"lt_LT\" \/>\n<meta property=\"og:type\" content=\"article\" \/>\n<meta property=\"og:title\" content=\"Pedexan bat\u0173 dezinfekcija su ilgalaikiu poveikiu 1l pildomas buteliukas\" \/>\n<meta property=\"og:description\" content=\"Pedexan bat\u0173 dezinfekcija - sprendimas nuo nemalonaus kvapo ir bakterij\u0173 bei grybeli\u0173.\" \/>\n<meta property=\"og:url\" content=\"https:\/\/www.versiegelung24.com\/lt\/pedexan-batu-dezinfekcijos-papildymo-buteliukas.html\" \/>\n<meta property=\"og:site_name\" content=\"versiegelung24.com\" \/>\n<meta property=\"article:modified_time\" content=\"2025-01-13T15:34:07+00:00\" \/>\n<meta property=\"og:image\" content=\"https:\/\/www.versiegelung24.com\/wp-content\/uploads\/2021\/03\/pedexan-schuhdesinfektion-1-liter.png\" \/>\n\t<meta property=\"og:image:width\" content=\"2000\" \/>\n\t<meta property=\"og:image:height\" content=\"2000\" \/>\n\t<meta property=\"og:image:type\" content=\"image\/png\" \/>\n<meta name=\"twitter:card\" content=\"summary_large_image\" \/>\n<meta name=\"twitter:label1\" content=\"Price\" \/>\n\t<meta name=\"twitter:data1\" content=\"42,49&euro;\" \/>\n\t<meta name=\"twitter:label2\" content=\"Availability\" \/>\n\t<meta name=\"twitter:data2\" content=\"In stock\" \/>\n<script type=\"application\/ld+json\" class=\"yoast-schema-graph\">{\"@context\":\"https:\\\/\\\/schema.org\",\"@graph\":[{\"@type\":\"WebPage\",\"@id\":\"https:\\\/\\\/www.versiegelung24.com\\\/lt\\\/pedexan-batu-dezinfekcijos-papildymo-buteliukas.html\",\"url\":\"https:\\\/\\\/www.versiegelung24.com\\\/lt\\\/pedexan-batu-dezinfekcijos-papildymo-buteliukas.html\",\"name\":\"Pedexan bat\u0173 dezinfekcija su ilgalaikiu poveikiu 1l pildomas buteliukas - versiegelung24.com\",\"isPartOf\":{\"@id\":\"https:\\\/\\\/www.versiegelung24.com\\\/lt\\\/#website\"},\"primaryImageOfPage\":{\"@id\":\"https:\\\/\\\/www.versiegelung24.com\\\/lt\\\/pedexan-batu-dezinfekcijos-papildymo-buteliukas.html#primaryimage\"},\"image\":{\"@id\":\"https:\\\/\\\/www.versiegelung24.com\\\/lt\\\/pedexan-batu-dezinfekcijos-papildymo-buteliukas.html#primaryimage\"},\"thumbnailUrl\":\"https:\\\/\\\/www.versiegelung24.com\\\/wp-content\\\/uploads\\\/2021\\\/03\\\/pedexan-schuhdesinfektion-1-liter.png\",\"datePublished\":\"2022-01-04T17:17:26+00:00\",\"dateModified\":\"2025-01-13T15:34:07+00:00\",\"description\":\"Pedexan bat\u0173 dezinfekcija - sprendimas nuo nemalonaus kvapo ir bakterij\u0173 bei grybeli\u0173.\",\"breadcrumb\":{\"@id\":\"https:\\\/\\\/www.versiegelung24.com\\\/lt\\\/pedexan-batu-dezinfekcijos-papildymo-buteliukas.html#breadcrumb\"},\"inLanguage\":\"lt-LT\",\"potentialAction\":[{\"@type\":\"ReadAction\",\"target\":[\"https:\\\/\\\/www.versiegelung24.com\\\/lt\\\/pedexan-batu-dezinfekcijos-papildymo-buteliukas.html\"]}]},{\"@type\":\"ImageObject\",\"inLanguage\":\"lt-LT\",\"@id\":\"https:\\\/\\\/www.versiegelung24.com\\\/lt\\\/pedexan-batu-dezinfekcijos-papildymo-buteliukas.html#primaryimage\",\"url\":\"https:\\\/\\\/www.versiegelung24.com\\\/wp-content\\\/uploads\\\/2021\\\/03\\\/pedexan-schuhdesinfektion-1-liter.png\",\"contentUrl\":\"https:\\\/\\\/www.versiegelung24.com\\\/wp-content\\\/uploads\\\/2021\\\/03\\\/pedexan-schuhdesinfektion-1-liter.png\",\"width\":2000,\"height\":2000},{\"@type\":\"BreadcrumbList\",\"@id\":\"https:\\\/\\\/www.versiegelung24.com\\\/lt\\\/pedexan-batu-dezinfekcijos-papildymo-buteliukas.html#breadcrumb\",\"itemListElement\":[{\"@type\":\"ListItem\",\"position\":1,\"name\":\"Prad\u017eia\",\"item\":\"https:\\\/\\\/www.versiegelung24.com\\\/lt\\\/priekinis\\\/\"},{\"@type\":\"ListItem\",\"position\":2,\"name\":\"Parduotuv\u0117\",\"item\":\"https:\\\/\\\/www.versiegelung24.com\\\/lt\\\/parduotuve-2\\\/\"},{\"@type\":\"ListItem\",\"position\":3,\"name\":\"Pedexan bat\u0173 dezinfekcija su ilgalaikiu poveikiu 1l pildomas buteliukas\"}]},{\"@type\":\"WebSite\",\"@id\":\"https:\\\/\\\/www.versiegelung24.com\\\/lt\\\/#website\",\"url\":\"https:\\\/\\\/www.versiegelung24.com\\\/lt\\\/\",\"name\":\"versiegelung24.com\",\"description\":\"Fl\u00fcssigglas-Versiegelung - Made in Germany\",\"publisher\":{\"@id\":\"https:\\\/\\\/www.versiegelung24.com\\\/lt\\\/#organization\"},\"potentialAction\":[{\"@type\":\"SearchAction\",\"target\":{\"@type\":\"EntryPoint\",\"urlTemplate\":\"https:\\\/\\\/www.versiegelung24.com\\\/lt\\\/?s={search_term_string}\"},\"query-input\":{\"@type\":\"PropertyValueSpecification\",\"valueRequired\":true,\"valueName\":\"search_term_string\"}}],\"inLanguage\":\"lt-LT\"},{\"@type\":\"Organization\",\"@id\":\"https:\\\/\\\/www.versiegelung24.com\\\/lt\\\/#organization\",\"name\":\"versiegelung24\",\"url\":\"https:\\\/\\\/www.versiegelung24.com\\\/lt\\\/\",\"logo\":{\"@type\":\"ImageObject\",\"inLanguage\":\"lt-LT\",\"@id\":\"https:\\\/\\\/www.versiegelung24.com\\\/lt\\\/#\\\/schema\\\/logo\\\/image\\\/\",\"url\":\"https:\\\/\\\/www.versiegelung24.com\\\/wp-content\\\/uploads\\\/2020\\\/04\\\/versiegelung24.png\",\"contentUrl\":\"https:\\\/\\\/www.versiegelung24.com\\\/wp-content\\\/uploads\\\/2020\\\/04\\\/versiegelung24.png\",\"width\":470,\"height\":102,\"caption\":\"versiegelung24\"},\"image\":{\"@id\":\"https:\\\/\\\/www.versiegelung24.com\\\/lt\\\/#\\\/schema\\\/logo\\\/image\\\/\"}}]}<\/script>\n<meta property=\"product:price:amount\" content=\"42.49\" \/>\n<meta property=\"product:price:currency\" content=\"EUR\" \/>\n<meta property=\"og:availability\" content=\"instock\" \/>\n<meta property=\"product:availability\" content=\"instock\" \/>\n<meta property=\"product:retailer_item_id\" content=\"PED-1A\" \/>\n<meta property=\"product:condition\" content=\"new\" \/>\n<!-- \/ Yoast SEO Premium plugin. -->","yoast_head_json":{"title":"Pedexan bat\u0173 dezinfekcija su ilgalaikiu poveikiu 1l pildomas buteliukas - versiegelung24.com","description":"Pedexan bat\u0173 dezinfekcija - sprendimas nuo nemalonaus kvapo ir bakterij\u0173 bei grybeli\u0173.","robots":{"index":"index","follow":"follow","max-snippet":"max-snippet:-1","max-image-preview":"max-image-preview:large","max-video-preview":"max-video-preview:-1"},"canonical":"https:\/\/www.versiegelung24.com\/lt\/pedexan-batu-dezinfekcijos-papildymo-buteliukas.html","og_locale":"lt_LT","og_type":"article","og_title":"Pedexan bat\u0173 dezinfekcija su ilgalaikiu poveikiu 1l pildomas buteliukas","og_description":"Pedexan bat\u0173 dezinfekcija - sprendimas nuo nemalonaus kvapo ir bakterij\u0173 bei grybeli\u0173.","og_url":"https:\/\/www.versiegelung24.com\/lt\/pedexan-batu-dezinfekcijos-papildymo-buteliukas.html","og_site_name":"versiegelung24.com","article_modified_time":"2025-01-13T15:34:07+00:00","og_image":[{"width":2000,"height":2000,"url":"https:\/\/www.versiegelung24.com\/wp-content\/uploads\/2021\/03\/pedexan-schuhdesinfektion-1-liter.png","type":"image\/png"}],"twitter_card":"summary_large_image","twitter_misc":{"Price":"42,49&euro;","Availability":"In stock"},"schema":{"@context":"https:\/\/schema.org","@graph":[{"@type":"WebPage","@id":"https:\/\/www.versiegelung24.com\/lt\/pedexan-batu-dezinfekcijos-papildymo-buteliukas.html","url":"https:\/\/www.versiegelung24.com\/lt\/pedexan-batu-dezinfekcijos-papildymo-buteliukas.html","name":"Pedexan bat\u0173 dezinfekcija su ilgalaikiu poveikiu 1l pildomas buteliukas - versiegelung24.com","isPartOf":{"@id":"https:\/\/www.versiegelung24.com\/lt\/#website"},"primaryImageOfPage":{"@id":"https:\/\/www.versiegelung24.com\/lt\/pedexan-batu-dezinfekcijos-papildymo-buteliukas.html#primaryimage"},"image":{"@id":"https:\/\/www.versiegelung24.com\/lt\/pedexan-batu-dezinfekcijos-papildymo-buteliukas.html#primaryimage"},"thumbnailUrl":"https:\/\/www.versiegelung24.com\/wp-content\/uploads\/2021\/03\/pedexan-schuhdesinfektion-1-liter.png","datePublished":"2022-01-04T17:17:26+00:00","dateModified":"2025-01-13T15:34:07+00:00","description":"Pedexan bat\u0173 dezinfekcija - sprendimas nuo nemalonaus kvapo ir bakterij\u0173 bei grybeli\u0173.","breadcrumb":{"@id":"https:\/\/www.versiegelung24.com\/lt\/pedexan-batu-dezinfekcijos-papildymo-buteliukas.html#breadcrumb"},"inLanguage":"lt-LT","potentialAction":[{"@type":"ReadAction","target":["https:\/\/www.versiegelung24.com\/lt\/pedexan-batu-dezinfekcijos-papildymo-buteliukas.html"]}]},{"@type":"ImageObject","inLanguage":"lt-LT","@id":"https:\/\/www.versiegelung24.com\/lt\/pedexan-batu-dezinfekcijos-papildymo-buteliukas.html#primaryimage","url":"https:\/\/www.versiegelung24.com\/wp-content\/uploads\/2021\/03\/pedexan-schuhdesinfektion-1-liter.png","contentUrl":"https:\/\/www.versiegelung24.com\/wp-content\/uploads\/2021\/03\/pedexan-schuhdesinfektion-1-liter.png","width":2000,"height":2000},{"@type":"BreadcrumbList","@id":"https:\/\/www.versiegelung24.com\/lt\/pedexan-batu-dezinfekcijos-papildymo-buteliukas.html#breadcrumb","itemListElement":[{"@type":"ListItem","position":1,"name":"Prad\u017eia","item":"https:\/\/www.versiegelung24.com\/lt\/priekinis\/"},{"@type":"ListItem","position":2,"name":"Parduotuv\u0117","item":"https:\/\/www.versiegelung24.com\/lt\/parduotuve-2\/"},{"@type":"ListItem","position":3,"name":"Pedexan bat\u0173 dezinfekcija su ilgalaikiu poveikiu 1l pildomas buteliukas"}]},{"@type":"WebSite","@id":"https:\/\/www.versiegelung24.com\/lt\/#website","url":"https:\/\/www.versiegelung24.com\/lt\/","name":"versiegelung24.com","description":"Fl\u00fcssigglas-Versiegelung - Made in Germany","publisher":{"@id":"https:\/\/www.versiegelung24.com\/lt\/#organization"},"potentialAction":[{"@type":"SearchAction","target":{"@type":"EntryPoint","urlTemplate":"https:\/\/www.versiegelung24.com\/lt\/?s={search_term_string}"},"query-input":{"@type":"PropertyValueSpecification","valueRequired":true,"valueName":"search_term_string"}}],"inLanguage":"lt-LT"},{"@type":"Organization","@id":"https:\/\/www.versiegelung24.com\/lt\/#organization","name":"versiegelung24","url":"https:\/\/www.versiegelung24.com\/lt\/","logo":{"@type":"ImageObject","inLanguage":"lt-LT","@id":"https:\/\/www.versiegelung24.com\/lt\/#\/schema\/logo\/image\/","url":"https:\/\/www.versiegelung24.com\/wp-content\/uploads\/2020\/04\/versiegelung24.png","contentUrl":"https:\/\/www.versiegelung24.com\/wp-content\/uploads\/2020\/04\/versiegelung24.png","width":470,"height":102,"caption":"versiegelung24"},"image":{"@id":"https:\/\/www.versiegelung24.com\/lt\/#\/schema\/logo\/image\/"}}]},"product_price_amount":"42.49","product_price_currency":"EUR","og_availability":"instock","product_availability":"instock","product_retailer_item_id":"PED-1A","product_condition":"new"},"_links":{"self":[{"href":"https:\/\/www.versiegelung24.com\/lt\/wp-json\/wp\/v2\/product\/46452","targetHints":{"allow":["GET"]}}],"collection":[{"href":"https:\/\/www.versiegelung24.com\/lt\/wp-json\/wp\/v2\/product"}],"about":[{"href":"https:\/\/www.versiegelung24.com\/lt\/wp-json\/wp\/v2\/types\/product"}],"version-history":[{"count":22,"href":"https:\/\/www.versiegelung24.com\/lt\/wp-json\/wp\/v2\/product\/46452\/revisions"}],"predecessor-version":[{"id":180428,"href":"https:\/\/www.versiegelung24.com\/lt\/wp-json\/wp\/v2\/product\/46452\/revisions\/180428"}],"wp:featuredmedia":[{"embeddable":true,"href":"https:\/\/www.versiegelung24.com\/lt\/wp-json\/wp\/v2\/media\/21933"}],"wp:attachment":[{"href":"https:\/\/www.versiegelung24.com\/lt\/wp-json\/wp\/v2\/media?parent=46452"}],"wp:term":[{"taxonomy":"product_brand","embeddable":true,"href":"https:\/\/www.versiegelung24.com\/lt\/wp-json\/wp\/v2\/product_brand?post=46452"},{"taxonomy":"product_cat","embeddable":true,"href":"https:\/\/www.versiegelung24.com\/lt\/wp-json\/wp\/v2\/product_cat?post=46452"},{"taxonomy":"product_tag","embeddable":true,"href":"https:\/\/www.versiegelung24.com\/lt\/wp-json\/wp\/v2\/product_tag?post=46452"}],"curies":[{"name":"wp","href":"https:\/\/api.w.org\/{rel}","templated":true}]}}