{"id":46804,"date":"2022-01-04T20:13:16","date_gmt":"2022-01-04T19:13:33","guid":{"rendered":"https:\/\/www.versiegelung24.com\/?post_type=product&#038;p=46804"},"modified":"2025-01-13T16:34:48","modified_gmt":"2025-01-13T15:34:48","slug":"pedexan-batu-dezinfekavimo-dozatorius-pedspend","status":"publish","type":"product","link":"https:\/\/www.versiegelung24.com\/lt\/pedexan-batu-dezinfekavimo-dozatorius-pedspend.html","title":{"rendered":"PedSpend &#8211; dozatorius su pur\u0161kimo antgaliu, skirtas Pedexan bat\u0173 dezinfekcijai"},"content":{"rendered":"\n<h1 class=\"wp-block-heading\" id=\"pedspend-spender-mit-spruhlanze-fur-pedexan-schuhdesinfektion\">PedSpend \u2013 dozatorius su pur\u0161kimo antgaliu, skirtas Pedexan bat\u0173 dezinfekcijai<\/h1>\n\n<p><strong>Bat\u0173 dezinfekavimo priemoni\u0173 dozatorius, skirtas naudoti stacionariai arba mobiliai. Idealiai tinka higieniniam bat\u0173 perdirbimui, pvz., darbo batams pramon\u0117je ir amatuose, boulingui ar slid\u017ei\u0173 nuomai.<\/strong><\/p>\n\n<h4 class=\"wp-block-heading\" id=\"properties\">Produkto savyb\u0117s<\/h4>\n\n<div class=\"wp-block-columns is-layout-flex wp-container-core-columns-is-layout-9d6595d7 wp-block-columns-is-layout-flex\">\n<div class=\"wp-block-column is-layout-flow wp-block-column-is-layout-flow\">\n<p>Pristatymo komplektas <strong>:<\/strong> bat\u0173 dezinfekavimo dozatorius PedSpend (rakinamas) su 1,4 m pur\u0161kimo antgaliu<\/p>\n<\/div>\n\n\n\n<div class=\"wp-block-column is-layout-flow wp-block-column-is-layout-flow\">\n<p><strong>Tinka: <a href=\"https:\/\/www.versiegelung24.com\/lt\/pedexan-batu-dezinfekcijos-papildymo-buteliukas.html\">Pedexan bat\u0173 dezinfekcijai<\/a><\/strong> 1 litro u\u017epildymo buteliukas ir visi 1 litro Euro dozatoriaus papildymo buteliai<\/p>\n<\/div>\n<\/div>\n\n<hr \/>\n\n<h4 class=\"wp-block-heading\" id=\"application\">Parai\u0161ka<\/h4>\n\n<p>Taikymo sritys <strong>:<\/strong> pramon\u0117 ir prekyba, boulingo bat\u0173, slidin\u0117jimo bat\u0173, pa\u010di\u016b\u017e\u0173 nuoma<\/p>\n","protected":false},"excerpt":{"rendered":"<p>PedSpend \u2013 dozatorius su pur\u0161kimo antgaliu, skirtas Pedexan bat\u0173 dezinfekcijai Bat\u0173 dezinfekavimo priemoni\u0173 dozatorius, skirtas naudoti stacionariai arba mobiliai. Idealiai tinka higieniniam bat\u0173 perdirbimui, pvz., darbo batams pramon\u0117je ir amatuose, boulingui ar slid\u017ei\u0173 nuomai. Produkto savyb\u0117s Pristatymo komplektas : bat\u0173 dezinfekavimo dozatorius PedSpend (rakinamas) su 1,4 m pur\u0161kimo antgaliu Tinka: Pedexan bat\u0173 dezinfekcijai 1 litro&hellip;&nbsp;<a href=\"https:\/\/www.versiegelung24.com\/lt\/pedexan-batu-dezinfekavimo-dozatorius-pedspend.html\" rel=\"bookmark\">Read More &raquo;<span class=\"screen-reader-text\">PedSpend &#8211; dozatorius su pur\u0161kimo antgaliu, skirtas Pedexan bat\u0173 dezinfekcijai<\/span><\/a><\/p>\n","protected":false},"featured_media":46874,"template":"","meta":{"_acf_changed":false,"neve_meta_sidebar":"","neve_meta_container":"","neve_meta_enable_content_width":"","neve_meta_content_width":0,"neve_meta_title_alignment":"","neve_meta_author_avatar":"","neve_post_elements_order":"","neve_meta_disable_header":"","neve_meta_disable_footer":"","neve_meta_disable_title":"","neve_meta_reading_time":"","_surfaces":[],"_ver_product_tabs":[],"footnotes":""},"product_brand":[],"product_cat":[2245,2875],"product_tag":[],"class_list":{"0":"post-46804","1":"product","2":"type-product","3":"status-publish","4":"has-post-thumbnail","6":"product_cat-dezinfekavimo-priemones","7":"product_cat-batu-dezinfekavimo-priemones","9":"first","10":"instock","11":"taxable","12":"shipping-taxable","13":"purchasable","14":"product-type-simple"},"acf":[],"yoast_head":"<!-- This site is optimized with the Yoast SEO Premium plugin v22.8 (Yoast SEO v27.5) - https:\/\/yoast.com\/product\/yoast-seo-premium-wordpress\/ -->\n<title>PedSpend - dozatorius su pur\u0161kimo antgaliu, skirtas Pedexan bat\u0173 dezinfekcijai - versiegelung24.com<\/title>\n<meta name=\"description\" content=\"Pedexan bat\u0173 dezinfekcija - sprendimas nuo nemalonaus kvapo ir bakterij\u0173 bei grybeli\u0173.\" \/>\n<meta name=\"robots\" content=\"index, follow, max-snippet:-1, max-image-preview:large, max-video-preview:-1\" \/>\n<link rel=\"canonical\" href=\"https:\/\/www.versiegelung24.com\/lt\/pedexan-batu-dezinfekavimo-dozatorius-pedspend.html\" \/>\n<meta property=\"og:locale\" content=\"lt_LT\" \/>\n<meta property=\"og:type\" content=\"article\" \/>\n<meta property=\"og:title\" content=\"PedSpend - dozatorius su pur\u0161kimo antgaliu, skirtas Pedexan bat\u0173 dezinfekcijai\" \/>\n<meta property=\"og:description\" content=\"Pedexan bat\u0173 dezinfekcija - sprendimas nuo nemalonaus kvapo ir bakterij\u0173 bei grybeli\u0173.\" \/>\n<meta property=\"og:url\" content=\"https:\/\/www.versiegelung24.com\/lt\/pedexan-batu-dezinfekavimo-dozatorius-pedspend.html\" \/>\n<meta property=\"og:site_name\" content=\"versiegelung24.com\" \/>\n<meta property=\"article:modified_time\" content=\"2025-01-13T15:34:48+00:00\" \/>\n<meta property=\"og:image\" content=\"https:\/\/www.versiegelung24.com\/wp-content\/uploads\/2022\/01\/produkt-pedexan-pedspend.png\" \/>\n\t<meta property=\"og:image:width\" content=\"2000\" \/>\n\t<meta property=\"og:image:height\" content=\"2000\" \/>\n\t<meta property=\"og:image:type\" content=\"image\/png\" \/>\n<meta name=\"twitter:card\" content=\"summary_large_image\" \/>\n<meta name=\"twitter:label1\" content=\"Price\" \/>\n\t<meta name=\"twitter:data1\" content=\"119,00&euro;\" \/>\n\t<meta name=\"twitter:label2\" content=\"Availability\" \/>\n\t<meta name=\"twitter:data2\" content=\"In stock\" \/>\n<script type=\"application\/ld+json\" class=\"yoast-schema-graph\">{\"@context\":\"https:\\\/\\\/schema.org\",\"@graph\":[{\"@type\":\"WebPage\",\"@id\":\"https:\\\/\\\/www.versiegelung24.com\\\/lt\\\/pedexan-batu-dezinfekavimo-dozatorius-pedspend.html\",\"url\":\"https:\\\/\\\/www.versiegelung24.com\\\/lt\\\/pedexan-batu-dezinfekavimo-dozatorius-pedspend.html\",\"name\":\"PedSpend - dozatorius su pur\u0161kimo antgaliu, skirtas Pedexan bat\u0173 dezinfekcijai - versiegelung24.com\",\"isPartOf\":{\"@id\":\"https:\\\/\\\/www.versiegelung24.com\\\/lt\\\/#website\"},\"primaryImageOfPage\":{\"@id\":\"https:\\\/\\\/www.versiegelung24.com\\\/lt\\\/pedexan-batu-dezinfekavimo-dozatorius-pedspend.html#primaryimage\"},\"image\":{\"@id\":\"https:\\\/\\\/www.versiegelung24.com\\\/lt\\\/pedexan-batu-dezinfekavimo-dozatorius-pedspend.html#primaryimage\"},\"thumbnailUrl\":\"https:\\\/\\\/www.versiegelung24.com\\\/wp-content\\\/uploads\\\/2022\\\/01\\\/produkt-pedexan-pedspend.png\",\"datePublished\":\"2022-01-04T19:13:33+00:00\",\"dateModified\":\"2025-01-13T15:34:48+00:00\",\"description\":\"Pedexan bat\u0173 dezinfekcija - sprendimas nuo nemalonaus kvapo ir bakterij\u0173 bei grybeli\u0173.\",\"breadcrumb\":{\"@id\":\"https:\\\/\\\/www.versiegelung24.com\\\/lt\\\/pedexan-batu-dezinfekavimo-dozatorius-pedspend.html#breadcrumb\"},\"inLanguage\":\"lt-LT\",\"potentialAction\":[{\"@type\":\"ReadAction\",\"target\":[\"https:\\\/\\\/www.versiegelung24.com\\\/lt\\\/pedexan-batu-dezinfekavimo-dozatorius-pedspend.html\"]}]},{\"@type\":\"ImageObject\",\"inLanguage\":\"lt-LT\",\"@id\":\"https:\\\/\\\/www.versiegelung24.com\\\/lt\\\/pedexan-batu-dezinfekavimo-dozatorius-pedspend.html#primaryimage\",\"url\":\"https:\\\/\\\/www.versiegelung24.com\\\/wp-content\\\/uploads\\\/2022\\\/01\\\/produkt-pedexan-pedspend.png\",\"contentUrl\":\"https:\\\/\\\/www.versiegelung24.com\\\/wp-content\\\/uploads\\\/2022\\\/01\\\/produkt-pedexan-pedspend.png\",\"width\":2000,\"height\":2000},{\"@type\":\"BreadcrumbList\",\"@id\":\"https:\\\/\\\/www.versiegelung24.com\\\/lt\\\/pedexan-batu-dezinfekavimo-dozatorius-pedspend.html#breadcrumb\",\"itemListElement\":[{\"@type\":\"ListItem\",\"position\":1,\"name\":\"Prad\u017eia\",\"item\":\"https:\\\/\\\/www.versiegelung24.com\\\/lt\\\/priekinis\\\/\"},{\"@type\":\"ListItem\",\"position\":2,\"name\":\"Parduotuv\u0117\",\"item\":\"https:\\\/\\\/www.versiegelung24.com\\\/lt\\\/parduotuve-2\\\/\"},{\"@type\":\"ListItem\",\"position\":3,\"name\":\"PedSpend &#8211; dozatorius su pur\u0161kimo antgaliu, skirtas Pedexan bat\u0173 dezinfekcijai\"}]},{\"@type\":\"WebSite\",\"@id\":\"https:\\\/\\\/www.versiegelung24.com\\\/lt\\\/#website\",\"url\":\"https:\\\/\\\/www.versiegelung24.com\\\/lt\\\/\",\"name\":\"versiegelung24.com\",\"description\":\"Fl\u00fcssigglas-Versiegelung - Made in Germany\",\"publisher\":{\"@id\":\"https:\\\/\\\/www.versiegelung24.com\\\/lt\\\/#organization\"},\"potentialAction\":[{\"@type\":\"SearchAction\",\"target\":{\"@type\":\"EntryPoint\",\"urlTemplate\":\"https:\\\/\\\/www.versiegelung24.com\\\/lt\\\/?s={search_term_string}\"},\"query-input\":{\"@type\":\"PropertyValueSpecification\",\"valueRequired\":true,\"valueName\":\"search_term_string\"}}],\"inLanguage\":\"lt-LT\"},{\"@type\":\"Organization\",\"@id\":\"https:\\\/\\\/www.versiegelung24.com\\\/lt\\\/#organization\",\"name\":\"versiegelung24\",\"url\":\"https:\\\/\\\/www.versiegelung24.com\\\/lt\\\/\",\"logo\":{\"@type\":\"ImageObject\",\"inLanguage\":\"lt-LT\",\"@id\":\"https:\\\/\\\/www.versiegelung24.com\\\/lt\\\/#\\\/schema\\\/logo\\\/image\\\/\",\"url\":\"https:\\\/\\\/www.versiegelung24.com\\\/wp-content\\\/uploads\\\/2020\\\/04\\\/versiegelung24.png\",\"contentUrl\":\"https:\\\/\\\/www.versiegelung24.com\\\/wp-content\\\/uploads\\\/2020\\\/04\\\/versiegelung24.png\",\"width\":470,\"height\":102,\"caption\":\"versiegelung24\"},\"image\":{\"@id\":\"https:\\\/\\\/www.versiegelung24.com\\\/lt\\\/#\\\/schema\\\/logo\\\/image\\\/\"}}]}<\/script>\n<meta property=\"product:price:amount\" content=\"119.00\" \/>\n<meta property=\"product:price:currency\" content=\"EUR\" \/>\n<meta property=\"og:availability\" content=\"instock\" \/>\n<meta property=\"product:availability\" content=\"instock\" \/>\n<meta property=\"product:retailer_item_id\" content=\"PED-spend\" \/>\n<meta property=\"product:condition\" content=\"new\" \/>\n<!-- \/ Yoast SEO Premium plugin. -->","yoast_head_json":{"title":"PedSpend - dozatorius su pur\u0161kimo antgaliu, skirtas Pedexan bat\u0173 dezinfekcijai - versiegelung24.com","description":"Pedexan bat\u0173 dezinfekcija - sprendimas nuo nemalonaus kvapo ir bakterij\u0173 bei grybeli\u0173.","robots":{"index":"index","follow":"follow","max-snippet":"max-snippet:-1","max-image-preview":"max-image-preview:large","max-video-preview":"max-video-preview:-1"},"canonical":"https:\/\/www.versiegelung24.com\/lt\/pedexan-batu-dezinfekavimo-dozatorius-pedspend.html","og_locale":"lt_LT","og_type":"article","og_title":"PedSpend - dozatorius su pur\u0161kimo antgaliu, skirtas Pedexan bat\u0173 dezinfekcijai","og_description":"Pedexan bat\u0173 dezinfekcija - sprendimas nuo nemalonaus kvapo ir bakterij\u0173 bei grybeli\u0173.","og_url":"https:\/\/www.versiegelung24.com\/lt\/pedexan-batu-dezinfekavimo-dozatorius-pedspend.html","og_site_name":"versiegelung24.com","article_modified_time":"2025-01-13T15:34:48+00:00","og_image":[{"width":2000,"height":2000,"url":"https:\/\/www.versiegelung24.com\/wp-content\/uploads\/2022\/01\/produkt-pedexan-pedspend.png","type":"image\/png"}],"twitter_card":"summary_large_image","twitter_misc":{"Price":"119,00&euro;","Availability":"In stock"},"schema":{"@context":"https:\/\/schema.org","@graph":[{"@type":"WebPage","@id":"https:\/\/www.versiegelung24.com\/lt\/pedexan-batu-dezinfekavimo-dozatorius-pedspend.html","url":"https:\/\/www.versiegelung24.com\/lt\/pedexan-batu-dezinfekavimo-dozatorius-pedspend.html","name":"PedSpend - dozatorius su pur\u0161kimo antgaliu, skirtas Pedexan bat\u0173 dezinfekcijai - versiegelung24.com","isPartOf":{"@id":"https:\/\/www.versiegelung24.com\/lt\/#website"},"primaryImageOfPage":{"@id":"https:\/\/www.versiegelung24.com\/lt\/pedexan-batu-dezinfekavimo-dozatorius-pedspend.html#primaryimage"},"image":{"@id":"https:\/\/www.versiegelung24.com\/lt\/pedexan-batu-dezinfekavimo-dozatorius-pedspend.html#primaryimage"},"thumbnailUrl":"https:\/\/www.versiegelung24.com\/wp-content\/uploads\/2022\/01\/produkt-pedexan-pedspend.png","datePublished":"2022-01-04T19:13:33+00:00","dateModified":"2025-01-13T15:34:48+00:00","description":"Pedexan bat\u0173 dezinfekcija - sprendimas nuo nemalonaus kvapo ir bakterij\u0173 bei grybeli\u0173.","breadcrumb":{"@id":"https:\/\/www.versiegelung24.com\/lt\/pedexan-batu-dezinfekavimo-dozatorius-pedspend.html#breadcrumb"},"inLanguage":"lt-LT","potentialAction":[{"@type":"ReadAction","target":["https:\/\/www.versiegelung24.com\/lt\/pedexan-batu-dezinfekavimo-dozatorius-pedspend.html"]}]},{"@type":"ImageObject","inLanguage":"lt-LT","@id":"https:\/\/www.versiegelung24.com\/lt\/pedexan-batu-dezinfekavimo-dozatorius-pedspend.html#primaryimage","url":"https:\/\/www.versiegelung24.com\/wp-content\/uploads\/2022\/01\/produkt-pedexan-pedspend.png","contentUrl":"https:\/\/www.versiegelung24.com\/wp-content\/uploads\/2022\/01\/produkt-pedexan-pedspend.png","width":2000,"height":2000},{"@type":"BreadcrumbList","@id":"https:\/\/www.versiegelung24.com\/lt\/pedexan-batu-dezinfekavimo-dozatorius-pedspend.html#breadcrumb","itemListElement":[{"@type":"ListItem","position":1,"name":"Prad\u017eia","item":"https:\/\/www.versiegelung24.com\/lt\/priekinis\/"},{"@type":"ListItem","position":2,"name":"Parduotuv\u0117","item":"https:\/\/www.versiegelung24.com\/lt\/parduotuve-2\/"},{"@type":"ListItem","position":3,"name":"PedSpend &#8211; dozatorius su pur\u0161kimo antgaliu, skirtas Pedexan bat\u0173 dezinfekcijai"}]},{"@type":"WebSite","@id":"https:\/\/www.versiegelung24.com\/lt\/#website","url":"https:\/\/www.versiegelung24.com\/lt\/","name":"versiegelung24.com","description":"Fl\u00fcssigglas-Versiegelung - Made in Germany","publisher":{"@id":"https:\/\/www.versiegelung24.com\/lt\/#organization"},"potentialAction":[{"@type":"SearchAction","target":{"@type":"EntryPoint","urlTemplate":"https:\/\/www.versiegelung24.com\/lt\/?s={search_term_string}"},"query-input":{"@type":"PropertyValueSpecification","valueRequired":true,"valueName":"search_term_string"}}],"inLanguage":"lt-LT"},{"@type":"Organization","@id":"https:\/\/www.versiegelung24.com\/lt\/#organization","name":"versiegelung24","url":"https:\/\/www.versiegelung24.com\/lt\/","logo":{"@type":"ImageObject","inLanguage":"lt-LT","@id":"https:\/\/www.versiegelung24.com\/lt\/#\/schema\/logo\/image\/","url":"https:\/\/www.versiegelung24.com\/wp-content\/uploads\/2020\/04\/versiegelung24.png","contentUrl":"https:\/\/www.versiegelung24.com\/wp-content\/uploads\/2020\/04\/versiegelung24.png","width":470,"height":102,"caption":"versiegelung24"},"image":{"@id":"https:\/\/www.versiegelung24.com\/lt\/#\/schema\/logo\/image\/"}}]},"product_price_amount":"119.00","product_price_currency":"EUR","og_availability":"instock","product_availability":"instock","product_retailer_item_id":"PED-spend","product_condition":"new"},"_links":{"self":[{"href":"https:\/\/www.versiegelung24.com\/lt\/wp-json\/wp\/v2\/product\/46804","targetHints":{"allow":["GET"]}}],"collection":[{"href":"https:\/\/www.versiegelung24.com\/lt\/wp-json\/wp\/v2\/product"}],"about":[{"href":"https:\/\/www.versiegelung24.com\/lt\/wp-json\/wp\/v2\/types\/product"}],"version-history":[{"count":16,"href":"https:\/\/www.versiegelung24.com\/lt\/wp-json\/wp\/v2\/product\/46804\/revisions"}],"predecessor-version":[{"id":180455,"href":"https:\/\/www.versiegelung24.com\/lt\/wp-json\/wp\/v2\/product\/46804\/revisions\/180455"}],"wp:featuredmedia":[{"embeddable":true,"href":"https:\/\/www.versiegelung24.com\/lt\/wp-json\/wp\/v2\/media\/46874"}],"wp:attachment":[{"href":"https:\/\/www.versiegelung24.com\/lt\/wp-json\/wp\/v2\/media?parent=46804"}],"wp:term":[{"taxonomy":"product_brand","embeddable":true,"href":"https:\/\/www.versiegelung24.com\/lt\/wp-json\/wp\/v2\/product_brand?post=46804"},{"taxonomy":"product_cat","embeddable":true,"href":"https:\/\/www.versiegelung24.com\/lt\/wp-json\/wp\/v2\/product_cat?post=46804"},{"taxonomy":"product_tag","embeddable":true,"href":"https:\/\/www.versiegelung24.com\/lt\/wp-json\/wp\/v2\/product_tag?post=46804"}],"curies":[{"name":"wp","href":"https:\/\/api.w.org\/{rel}","templated":true}]}}