{"id":62248,"date":"2022-02-06T23:03:40","date_gmt":"2022-02-06T22:03:57","guid":{"rendered":"https:\/\/www.versiegelung24.com\/?post_type=product&#038;p=62248"},"modified":"2025-01-05T17:32:43","modified_gmt":"2025-01-05T16:32:43","slug":"pilnas-komplektas-premium-saules-sistema-fotovoltinis-sandarinimas-ypac-patvarumas-ir-padidejes-efektyvumas","status":"publish","type":"product","link":"https:\/\/www.versiegelung24.com\/lt\/product\/pilnas-komplektas-premium-saules-sistema-fotovoltinis-sandarinimas-ypac-patvarumas-ir-padidejes-efektyvumas\/","title":{"rendered":"Pilnas komplektas saul\u0117s \/ fotovoltini\u0173 sistem\u0173 sandarinimui"},"content":{"rendered":"\n<p><strong>Pilnas rinkinys, kur\u012f sudaro biologinis pirminis valiklis, bioetanolis riebalams pa\u0161alinti ir didelio efektyvumo nano sandariklis skysto stiklo pagrindu<\/strong><\/p>\n\n<p><strong>Labai efektyvi nano danga saul\u0117s sistemoms su lotoso efektu (atstumianti vanden\u012f)<\/strong><\/p>\n\n<p>Auk\u0161tos kokyb\u0117s Pagaminta Vokietijoje<\/p>\n\n<h4 class=\"wp-block-heading\" id=\"properties\">savyb\u0117s<\/h4>\n\n<div class=\"wp-block-columns is-layout-flex wp-container-core-columns-is-layout-9d6595d7 wp-block-columns-is-layout-flex\">\n<div class=\"wp-block-column is-layout-flow wp-block-column-is-layout-flow\">\n<ul class=\"wp-block-list\">\n<li>Ateities technologija su nematomu apsauginiu sluoksniu, ma\u017edaug 100 nm (nanometr\u0173) \u201estorio\u201c<\/li>\n\n\n\n<li>Apsaugo pavir\u0161i\u0173<\/li>\n\n\n\n<li>Atsparus kar\u0161\u010diui ir \u0161al\u010diui<\/li>\n\n\n\n<li>Atsparus j\u016bros vandeniui ir druskai (r\u016bg\u0161tinis \/ \u0161arminis 1,5\u201312,5 ph)<\/li>\n\n\n\n<li>Atstumiantis vanden\u012f ir ne\u0161varumus<\/li>\n\n\n\n<li>Paprastas ir greitas pritaikymas<\/li>\n\n\n\n<li>Taikoma nuo +10\u00b0 iki +30\u00b0C temperat\u016broje<\/li>\n\n\n\n<li>UV stabilus<\/li>\n\n\n\n<li>\u201eLengvai valomas\u201c efektas (pavir\u0161ius lengva valyti = taupomas laikas ir pinigai, o kai kurie ne\u0161varumai jau nuplaunami lietaus)<\/li>\n\n\n\n<li>S\u0105naudos: apie 150 m\u00b2 su vienu litru<\/li>\n\n\n\n<li>Suma\u017eina ekologin\u012f (CO2) p\u0117dsak\u0105 valant:\n<ul class=\"wp-block-list\">\n<li>Reikia ma\u017eiau vandens<\/li>\n\n\n\n<li>Reikia ma\u017eiau chemini\u0173 valikli\u0173<\/li>\n<\/ul>\n<\/li>\n<\/ul>\n<\/div>\n\n\n\n<div class=\"wp-block-column is-layout-flow wp-block-column-is-layout-flow\">\n<p><strong>Pristatymo apimtis:<\/strong><\/p>\n\n\n\n<ul class=\"wp-block-list\">\n<li>500 ml Biosativa\u00ae organinio valiklio koncentrato 1:10 i\u0161ankstiniam valymui<\/li>\n\n\n\n<li>1000 ml izopropanolio alkoholio 99,9% riebal\u0173 \u0161alinimui<\/li>\n\n\n\n<li>500 ml Skysto stiklo sandariklis 7601 (ma\u017edaug 75-100 m\u00b2)<\/li>\n\n\n\n<li>100 d\u017eiovinimo rank\u0161luos\u010di\u0173 25 x 16 cm i\u0161ankstiniam valymui<\/li>\n\n\n\n<li>10 mikropluo\u0161to \u0161luos\u010di\u0173 10 x 10 cm<\/li>\n\n\n\n<li>5 mikropluo\u0161to \u0161luost\u0117s 30 x 30 cm poliravimui<\/li>\n\n\n\n<li>10 vienkartini\u0173 apsaugini\u0173 pir\u0161tini\u0173<\/li>\n<\/ul>\n<\/div>\n<\/div>\n\n<hr\/>\n\n<h4 class=\"wp-block-heading\" id=\"application\">Parai\u0161ka<\/h4>\n\n<p>Paprastas pritaikymas<\/p>\n\n<ol class=\"wp-block-list\">\n<li>I\u0161 anksto labai gerai i\u0161valykite modul\u012f su Biosativa (kuo geresnis i\u0161ankstinis valymas, tuo ilgiau tarnaus sandariklis)<\/li>\n\n\n\n<li>Prie\u0161 sandarindami, dar kart\u0105 nuvalykite alkoholiu<\/li>\n\n\n\n<li>U\u017etepkite sandarinim\u0105 \u0161luoste, poliruokite &#8211; padaryta.<\/li>\n<\/ol>\n\n<p><\/p>\n","protected":false},"excerpt":{"rendered":"<div class=\"column mcb-column mcb-item-mrk8thufa one column_column column-margin-0px\">\n<div class=\"column_attr clearfix\"><b>Fotovoltiniai moduliai optimaliomis s\u0105lygomis duoda geriausi\u0105 derli\u0173<\/b> <b>.<\/b> <\/div>\n<div class=\"column_attr clearfix\"><b>Naudodami special\u0173 sandarikl\u012f, prailginame valymo cikl\u0105 ir labai supaprastiname valym\u0105. <\/b><\/div>\n<div class=\"column_attr clearfix\"><b>Tai padidina j\u016bs\u0173 investicij\u0173 gr\u0105\u017e\u0105.<\/b><\/div>\n<\/div>\n","protected":false},"featured_media":18508,"template":"","meta":{"_acf_changed":false,"neve_meta_sidebar":"","neve_meta_container":"","neve_meta_enable_content_width":"","neve_meta_content_width":0,"neve_meta_title_alignment":"","neve_meta_author_avatar":"","neve_post_elements_order":"","neve_meta_disable_header":"","neve_meta_disable_footer":"","neve_meta_disable_title":"","neve_meta_reading_time":"","_surfaces":[],"_ver_product_tabs":[],"footnotes":""},"product_brand":[],"product_cat":[2217],"product_tag":[],"class_list":{"0":"post-62248","1":"product","2":"type-product","3":"status-publish","4":"has-post-thumbnail","6":"product_cat-sandarinimas-stiklui-ir-keramikai","8":"first","9":"instock","10":"taxable","11":"shipping-taxable","12":"purchasable","13":"product-type-simple"},"acf":[],"yoast_head":"<!-- This site is optimized with the Yoast SEO Premium plugin v22.8 (Yoast SEO v27.5) - https:\/\/yoast.com\/product\/yoast-seo-premium-wordpress\/ -->\n<title>Pilnas komplektas saul\u0117s \/ fotovoltini\u0173 sistem\u0173 sandarinimui - versiegelung24.com<\/title>\n<meta name=\"robots\" content=\"index, follow, max-snippet:-1, max-image-preview:large, max-video-preview:-1\" \/>\n<link rel=\"canonical\" href=\"https:\/\/www.versiegelung24.com\/lt\/product\/pilnas-komplektas-premium-saules-sistema-fotovoltinis-sandarinimas-ypac-patvarumas-ir-padidejes-efektyvumas\/\" \/>\n<meta property=\"og:locale\" content=\"lt_LT\" \/>\n<meta property=\"og:type\" content=\"article\" \/>\n<meta property=\"og:title\" content=\"Pilnas komplektas saul\u0117s \/ fotovoltini\u0173 sistem\u0173 sandarinimui\" \/>\n<meta property=\"og:description\" content=\"Fotovoltiniai moduliai optimaliomis s\u0105lygomis duoda geriausi\u0105 derli\u0173 . Naudodami special\u0173 sandarikl\u012f, prailginame valymo cikl\u0105 ir labai supaprastiname valym\u0105. Tai padidina j\u016bs\u0173 investicij\u0173 gr\u0105\u017e\u0105.\" \/>\n<meta property=\"og:url\" content=\"https:\/\/www.versiegelung24.com\/lt\/product\/pilnas-komplektas-premium-saules-sistema-fotovoltinis-sandarinimas-ypac-patvarumas-ir-padidejes-efektyvumas\/\" \/>\n<meta property=\"og:site_name\" content=\"versiegelung24.com\" \/>\n<meta property=\"article:modified_time\" content=\"2025-01-05T16:32:43+00:00\" \/>\n<meta property=\"og:image\" content=\"https:\/\/www.versiegelung24.com\/wp-content\/uploads\/2020\/06\/produkt-7000-7601-1000-Solarversiegelung-scaled.jpg\" \/>\n\t<meta property=\"og:image:width\" content=\"2560\" \/>\n\t<meta property=\"og:image:height\" content=\"2560\" \/>\n\t<meta property=\"og:image:type\" content=\"image\/jpeg\" \/>\n<meta name=\"twitter:card\" content=\"summary_large_image\" \/>\n<meta name=\"twitter:label1\" content=\"Price\" \/>\n\t<meta name=\"twitter:data1\" content=\"199,00&euro;\" \/>\n\t<meta name=\"twitter:label2\" content=\"Availability\" \/>\n\t<meta name=\"twitter:data2\" content=\"In stock\" \/>\n<script type=\"application\/ld+json\" class=\"yoast-schema-graph\">{\"@context\":\"https:\\\/\\\/schema.org\",\"@graph\":[{\"@type\":\"WebPage\",\"@id\":\"https:\\\/\\\/www.versiegelung24.com\\\/lt\\\/product\\\/pilnas-komplektas-premium-saules-sistema-fotovoltinis-sandarinimas-ypac-patvarumas-ir-padidejes-efektyvumas\\\/\",\"url\":\"https:\\\/\\\/www.versiegelung24.com\\\/lt\\\/product\\\/pilnas-komplektas-premium-saules-sistema-fotovoltinis-sandarinimas-ypac-patvarumas-ir-padidejes-efektyvumas\\\/\",\"name\":\"Pilnas komplektas saul\u0117s \\\/ fotovoltini\u0173 sistem\u0173 sandarinimui - versiegelung24.com\",\"isPartOf\":{\"@id\":\"https:\\\/\\\/www.versiegelung24.com\\\/lt\\\/#website\"},\"primaryImageOfPage\":{\"@id\":\"https:\\\/\\\/www.versiegelung24.com\\\/lt\\\/product\\\/pilnas-komplektas-premium-saules-sistema-fotovoltinis-sandarinimas-ypac-patvarumas-ir-padidejes-efektyvumas\\\/#primaryimage\"},\"image\":{\"@id\":\"https:\\\/\\\/www.versiegelung24.com\\\/lt\\\/product\\\/pilnas-komplektas-premium-saules-sistema-fotovoltinis-sandarinimas-ypac-patvarumas-ir-padidejes-efektyvumas\\\/#primaryimage\"},\"thumbnailUrl\":\"https:\\\/\\\/www.versiegelung24.com\\\/wp-content\\\/uploads\\\/2020\\\/06\\\/produkt-7000-7601-1000-Solarversiegelung-scaled.jpg\",\"datePublished\":\"2022-02-06T22:03:57+00:00\",\"dateModified\":\"2025-01-05T16:32:43+00:00\",\"breadcrumb\":{\"@id\":\"https:\\\/\\\/www.versiegelung24.com\\\/lt\\\/product\\\/pilnas-komplektas-premium-saules-sistema-fotovoltinis-sandarinimas-ypac-patvarumas-ir-padidejes-efektyvumas\\\/#breadcrumb\"},\"inLanguage\":\"lt-LT\",\"potentialAction\":[{\"@type\":\"ReadAction\",\"target\":[\"https:\\\/\\\/www.versiegelung24.com\\\/lt\\\/product\\\/pilnas-komplektas-premium-saules-sistema-fotovoltinis-sandarinimas-ypac-patvarumas-ir-padidejes-efektyvumas\\\/\"]}]},{\"@type\":\"ImageObject\",\"inLanguage\":\"lt-LT\",\"@id\":\"https:\\\/\\\/www.versiegelung24.com\\\/lt\\\/product\\\/pilnas-komplektas-premium-saules-sistema-fotovoltinis-sandarinimas-ypac-patvarumas-ir-padidejes-efektyvumas\\\/#primaryimage\",\"url\":\"https:\\\/\\\/www.versiegelung24.com\\\/wp-content\\\/uploads\\\/2020\\\/06\\\/produkt-7000-7601-1000-Solarversiegelung-scaled.jpg\",\"contentUrl\":\"https:\\\/\\\/www.versiegelung24.com\\\/wp-content\\\/uploads\\\/2020\\\/06\\\/produkt-7000-7601-1000-Solarversiegelung-scaled.jpg\",\"width\":2560,\"height\":2560},{\"@type\":\"BreadcrumbList\",\"@id\":\"https:\\\/\\\/www.versiegelung24.com\\\/lt\\\/product\\\/pilnas-komplektas-premium-saules-sistema-fotovoltinis-sandarinimas-ypac-patvarumas-ir-padidejes-efektyvumas\\\/#breadcrumb\",\"itemListElement\":[{\"@type\":\"ListItem\",\"position\":1,\"name\":\"Prad\u017eia\",\"item\":\"https:\\\/\\\/www.versiegelung24.com\\\/lt\\\/priekinis\\\/\"},{\"@type\":\"ListItem\",\"position\":2,\"name\":\"Parduotuv\u0117\",\"item\":\"https:\\\/\\\/www.versiegelung24.com\\\/lt\\\/parduotuve-2\\\/\"},{\"@type\":\"ListItem\",\"position\":3,\"name\":\"Pilnas komplektas saul\u0117s \\\/ fotovoltini\u0173 sistem\u0173 sandarinimui\"}]},{\"@type\":\"WebSite\",\"@id\":\"https:\\\/\\\/www.versiegelung24.com\\\/lt\\\/#website\",\"url\":\"https:\\\/\\\/www.versiegelung24.com\\\/lt\\\/\",\"name\":\"versiegelung24.com\",\"description\":\"Fl\u00fcssigglas-Versiegelung - Made in Germany\",\"publisher\":{\"@id\":\"https:\\\/\\\/www.versiegelung24.com\\\/lt\\\/#organization\"},\"potentialAction\":[{\"@type\":\"SearchAction\",\"target\":{\"@type\":\"EntryPoint\",\"urlTemplate\":\"https:\\\/\\\/www.versiegelung24.com\\\/lt\\\/?s={search_term_string}\"},\"query-input\":{\"@type\":\"PropertyValueSpecification\",\"valueRequired\":true,\"valueName\":\"search_term_string\"}}],\"inLanguage\":\"lt-LT\"},{\"@type\":\"Organization\",\"@id\":\"https:\\\/\\\/www.versiegelung24.com\\\/lt\\\/#organization\",\"name\":\"versiegelung24\",\"url\":\"https:\\\/\\\/www.versiegelung24.com\\\/lt\\\/\",\"logo\":{\"@type\":\"ImageObject\",\"inLanguage\":\"lt-LT\",\"@id\":\"https:\\\/\\\/www.versiegelung24.com\\\/lt\\\/#\\\/schema\\\/logo\\\/image\\\/\",\"url\":\"https:\\\/\\\/www.versiegelung24.com\\\/wp-content\\\/uploads\\\/2020\\\/04\\\/versiegelung24.png\",\"contentUrl\":\"https:\\\/\\\/www.versiegelung24.com\\\/wp-content\\\/uploads\\\/2020\\\/04\\\/versiegelung24.png\",\"width\":470,\"height\":102,\"caption\":\"versiegelung24\"},\"image\":{\"@id\":\"https:\\\/\\\/www.versiegelung24.com\\\/lt\\\/#\\\/schema\\\/logo\\\/image\\\/\"}}]}<\/script>\n<meta property=\"product:price:amount\" content=\"199.00\" \/>\n<meta property=\"product:price:currency\" content=\"EUR\" \/>\n<meta property=\"og:availability\" content=\"instock\" \/>\n<meta property=\"product:availability\" content=\"instock\" \/>\n<meta property=\"product:retailer_item_id\" content=\"7005-5575-komplettset\" \/>\n<meta property=\"product:condition\" content=\"new\" \/>\n<!-- \/ Yoast SEO Premium plugin. -->","yoast_head_json":{"title":"Pilnas komplektas saul\u0117s \/ fotovoltini\u0173 sistem\u0173 sandarinimui - versiegelung24.com","robots":{"index":"index","follow":"follow","max-snippet":"max-snippet:-1","max-image-preview":"max-image-preview:large","max-video-preview":"max-video-preview:-1"},"canonical":"https:\/\/www.versiegelung24.com\/lt\/product\/pilnas-komplektas-premium-saules-sistema-fotovoltinis-sandarinimas-ypac-patvarumas-ir-padidejes-efektyvumas\/","og_locale":"lt_LT","og_type":"article","og_title":"Pilnas komplektas saul\u0117s \/ fotovoltini\u0173 sistem\u0173 sandarinimui","og_description":"Fotovoltiniai moduliai optimaliomis s\u0105lygomis duoda geriausi\u0105 derli\u0173 . Naudodami special\u0173 sandarikl\u012f, prailginame valymo cikl\u0105 ir labai supaprastiname valym\u0105. Tai padidina j\u016bs\u0173 investicij\u0173 gr\u0105\u017e\u0105.","og_url":"https:\/\/www.versiegelung24.com\/lt\/product\/pilnas-komplektas-premium-saules-sistema-fotovoltinis-sandarinimas-ypac-patvarumas-ir-padidejes-efektyvumas\/","og_site_name":"versiegelung24.com","article_modified_time":"2025-01-05T16:32:43+00:00","og_image":[{"width":2560,"height":2560,"url":"https:\/\/www.versiegelung24.com\/wp-content\/uploads\/2020\/06\/produkt-7000-7601-1000-Solarversiegelung-scaled.jpg","type":"image\/jpeg"}],"twitter_card":"summary_large_image","twitter_misc":{"Price":"199,00&euro;","Availability":"In stock"},"schema":{"@context":"https:\/\/schema.org","@graph":[{"@type":"WebPage","@id":"https:\/\/www.versiegelung24.com\/lt\/product\/pilnas-komplektas-premium-saules-sistema-fotovoltinis-sandarinimas-ypac-patvarumas-ir-padidejes-efektyvumas\/","url":"https:\/\/www.versiegelung24.com\/lt\/product\/pilnas-komplektas-premium-saules-sistema-fotovoltinis-sandarinimas-ypac-patvarumas-ir-padidejes-efektyvumas\/","name":"Pilnas komplektas saul\u0117s \/ fotovoltini\u0173 sistem\u0173 sandarinimui - versiegelung24.com","isPartOf":{"@id":"https:\/\/www.versiegelung24.com\/lt\/#website"},"primaryImageOfPage":{"@id":"https:\/\/www.versiegelung24.com\/lt\/product\/pilnas-komplektas-premium-saules-sistema-fotovoltinis-sandarinimas-ypac-patvarumas-ir-padidejes-efektyvumas\/#primaryimage"},"image":{"@id":"https:\/\/www.versiegelung24.com\/lt\/product\/pilnas-komplektas-premium-saules-sistema-fotovoltinis-sandarinimas-ypac-patvarumas-ir-padidejes-efektyvumas\/#primaryimage"},"thumbnailUrl":"https:\/\/www.versiegelung24.com\/wp-content\/uploads\/2020\/06\/produkt-7000-7601-1000-Solarversiegelung-scaled.jpg","datePublished":"2022-02-06T22:03:57+00:00","dateModified":"2025-01-05T16:32:43+00:00","breadcrumb":{"@id":"https:\/\/www.versiegelung24.com\/lt\/product\/pilnas-komplektas-premium-saules-sistema-fotovoltinis-sandarinimas-ypac-patvarumas-ir-padidejes-efektyvumas\/#breadcrumb"},"inLanguage":"lt-LT","potentialAction":[{"@type":"ReadAction","target":["https:\/\/www.versiegelung24.com\/lt\/product\/pilnas-komplektas-premium-saules-sistema-fotovoltinis-sandarinimas-ypac-patvarumas-ir-padidejes-efektyvumas\/"]}]},{"@type":"ImageObject","inLanguage":"lt-LT","@id":"https:\/\/www.versiegelung24.com\/lt\/product\/pilnas-komplektas-premium-saules-sistema-fotovoltinis-sandarinimas-ypac-patvarumas-ir-padidejes-efektyvumas\/#primaryimage","url":"https:\/\/www.versiegelung24.com\/wp-content\/uploads\/2020\/06\/produkt-7000-7601-1000-Solarversiegelung-scaled.jpg","contentUrl":"https:\/\/www.versiegelung24.com\/wp-content\/uploads\/2020\/06\/produkt-7000-7601-1000-Solarversiegelung-scaled.jpg","width":2560,"height":2560},{"@type":"BreadcrumbList","@id":"https:\/\/www.versiegelung24.com\/lt\/product\/pilnas-komplektas-premium-saules-sistema-fotovoltinis-sandarinimas-ypac-patvarumas-ir-padidejes-efektyvumas\/#breadcrumb","itemListElement":[{"@type":"ListItem","position":1,"name":"Prad\u017eia","item":"https:\/\/www.versiegelung24.com\/lt\/priekinis\/"},{"@type":"ListItem","position":2,"name":"Parduotuv\u0117","item":"https:\/\/www.versiegelung24.com\/lt\/parduotuve-2\/"},{"@type":"ListItem","position":3,"name":"Pilnas komplektas saul\u0117s \/ fotovoltini\u0173 sistem\u0173 sandarinimui"}]},{"@type":"WebSite","@id":"https:\/\/www.versiegelung24.com\/lt\/#website","url":"https:\/\/www.versiegelung24.com\/lt\/","name":"versiegelung24.com","description":"Fl\u00fcssigglas-Versiegelung - Made in Germany","publisher":{"@id":"https:\/\/www.versiegelung24.com\/lt\/#organization"},"potentialAction":[{"@type":"SearchAction","target":{"@type":"EntryPoint","urlTemplate":"https:\/\/www.versiegelung24.com\/lt\/?s={search_term_string}"},"query-input":{"@type":"PropertyValueSpecification","valueRequired":true,"valueName":"search_term_string"}}],"inLanguage":"lt-LT"},{"@type":"Organization","@id":"https:\/\/www.versiegelung24.com\/lt\/#organization","name":"versiegelung24","url":"https:\/\/www.versiegelung24.com\/lt\/","logo":{"@type":"ImageObject","inLanguage":"lt-LT","@id":"https:\/\/www.versiegelung24.com\/lt\/#\/schema\/logo\/image\/","url":"https:\/\/www.versiegelung24.com\/wp-content\/uploads\/2020\/04\/versiegelung24.png","contentUrl":"https:\/\/www.versiegelung24.com\/wp-content\/uploads\/2020\/04\/versiegelung24.png","width":470,"height":102,"caption":"versiegelung24"},"image":{"@id":"https:\/\/www.versiegelung24.com\/lt\/#\/schema\/logo\/image\/"}}]},"product_price_amount":"199.00","product_price_currency":"EUR","og_availability":"instock","product_availability":"instock","product_retailer_item_id":"7005-5575-komplettset","product_condition":"new"},"_links":{"self":[{"href":"https:\/\/www.versiegelung24.com\/lt\/wp-json\/wp\/v2\/product\/62248","targetHints":{"allow":["GET"]}}],"collection":[{"href":"https:\/\/www.versiegelung24.com\/lt\/wp-json\/wp\/v2\/product"}],"about":[{"href":"https:\/\/www.versiegelung24.com\/lt\/wp-json\/wp\/v2\/types\/product"}],"version-history":[{"count":13,"href":"https:\/\/www.versiegelung24.com\/lt\/wp-json\/wp\/v2\/product\/62248\/revisions"}],"predecessor-version":[{"id":141194,"href":"https:\/\/www.versiegelung24.com\/lt\/wp-json\/wp\/v2\/product\/62248\/revisions\/141194"}],"wp:featuredmedia":[{"embeddable":true,"href":"https:\/\/www.versiegelung24.com\/lt\/wp-json\/wp\/v2\/media\/18508"}],"wp:attachment":[{"href":"https:\/\/www.versiegelung24.com\/lt\/wp-json\/wp\/v2\/media?parent=62248"}],"wp:term":[{"taxonomy":"product_brand","embeddable":true,"href":"https:\/\/www.versiegelung24.com\/lt\/wp-json\/wp\/v2\/product_brand?post=62248"},{"taxonomy":"product_cat","embeddable":true,"href":"https:\/\/www.versiegelung24.com\/lt\/wp-json\/wp\/v2\/product_cat?post=62248"},{"taxonomy":"product_tag","embeddable":true,"href":"https:\/\/www.versiegelung24.com\/lt\/wp-json\/wp\/v2\/product_tag?post=62248"}],"curies":[{"name":"wp","href":"https:\/\/api.w.org\/{rel}","templated":true}]}}