{"id":64056,"date":"2022-02-10T08:13:28","date_gmt":"2022-02-10T07:13:30","guid":{"rendered":"https:\/\/www.versiegelung24.com\/?post_type=product&#038;p=64056"},"modified":"2023-06-19T15:48:36","modified_gmt":"2023-06-19T13:48:36","slug":"colorus-dazu-volelio-laikiklis-classic-2k-comfort-rankena-6mm-10-16cm-dazymo-voleliukams-29cm-ilgio-kopie","status":"publish","type":"product","link":"https:\/\/www.versiegelung24.com\/lt\/product\/colorus-dazu-volelio-laikiklis-classic-2k-comfort-rankena-6mm-10-16cm-dazymo-voleliukams-29cm-ilgio-kopie\/","title":{"rendered":"Colorus da\u017e\u0173 volelio laikiklis CLASSIC 2K Comfort rankena 6mm 10-16cm da\u017e\u0173 voleliui 39cm ilgio"},"content":{"rendered":"\n<h3 class=\"wp-block-heading\" id=\"h-profi-komfort-bugel-fur-heizkorperwalzen-und-kleinflachenwalzen-mit-6mm-walzenlager-spitzenqualitat\">Profesionalus patogus laikiklis radiatoriaus volams ir ma\u017eiems pavir\u0161iniams volams su 6 mm ritininiais guoliais. Auk\u0161\u010diausios kokyb\u0117s.<\/h3>\n\n<h4 class=\"wp-block-heading\" id=\"properties\">Produkto savyb\u0117s<\/h4>\n\n<ul class=\"wp-block-list\"><li>2 komponent\u0173 da\u017eymo volelio rankena su ergonomi\u0161ka ir neslid\u017eia mink\u0161ta rankena.<\/li><li>Da\u017e\u0173 volelio laikikliai pagaminti i\u0161 cinkuoto plieno, tod\u0117l tarnauja labai ilgai.<\/li><li>Tinka visiems parduodamiems teleskopiniams ir teleskopiniams strypams su klijavimo sistema.<\/li><li>Da\u017e\u0173 volelio laikiklis da\u017eymo volams su 6 mm ritininio guolio skersmuo.<\/li><li>Ilgis 39cm<\/li><\/ul>","protected":false},"excerpt":{"rendered":"<p><strong>Profesionalus patogus laikiklis radiatoriaus volams ir ma\u017eo ploto volams:<\/strong><\/p>\n<p>\u2713 Su 6 mm ritininiu guoliu<\/p>\n<p>\u2713 Auk\u0161\u010diausia kokyb\u0117<\/p>\n","protected":false},"featured_media":63944,"template":"","meta":{"_acf_changed":false,"neve_meta_sidebar":"","neve_meta_container":"","neve_meta_enable_content_width":"","neve_meta_content_width":0,"neve_meta_title_alignment":"","neve_meta_author_avatar":"","neve_post_elements_order":"","neve_meta_disable_header":"","neve_meta_disable_footer":"","neve_meta_disable_title":"","neve_meta_reading_time":"","_surfaces":[],"_ver_product_tabs":[],"footnotes":""},"product_brand":[],"product_cat":[3080],"product_tag":[],"class_list":{"0":"post-64056","1":"product","2":"type-product","3":"status-publish","4":"has-post-thumbnail","6":"product_cat-iranga","8":"first","9":"instock","10":"taxable","11":"shipping-taxable","12":"purchasable","13":"product-type-simple"},"acf":[],"yoast_head":"<!-- This site is optimized with the Yoast SEO Premium plugin v22.8 (Yoast SEO v27.4) - https:\/\/yoast.com\/product\/yoast-seo-premium-wordpress\/ -->\n<title>Colorus da\u017e\u0173 volelio laikiklis CLASSIC 2K Comfort rankena 6mm 10-16cm da\u017e\u0173 voleliui 39cm ilgio - versiegelung24.com<\/title>\n<meta name=\"robots\" content=\"index, follow, max-snippet:-1, max-image-preview:large, max-video-preview:-1\" \/>\n<link rel=\"canonical\" href=\"https:\/\/www.versiegelung24.com\/lt\/product\/colorus-dazu-volelio-laikiklis-classic-2k-comfort-rankena-6mm-10-16cm-dazymo-voleliukams-29cm-ilgio-kopie\/\" \/>\n<meta property=\"og:locale\" content=\"lt_LT\" \/>\n<meta property=\"og:type\" content=\"article\" \/>\n<meta property=\"og:title\" content=\"Colorus da\u017e\u0173 volelio laikiklis CLASSIC 2K Comfort rankena 6mm 10-16cm da\u017e\u0173 voleliui 39cm ilgio\" \/>\n<meta property=\"og:description\" content=\"Profesionalus patogus laikiklis radiatoriaus volams ir ma\u017eo ploto volams: \u2713 Su 6 mm ritininiu guoliu \u2713 Auk\u0161\u010diausia kokyb\u0117\" \/>\n<meta property=\"og:url\" content=\"https:\/\/www.versiegelung24.com\/lt\/product\/colorus-dazu-volelio-laikiklis-classic-2k-comfort-rankena-6mm-10-16cm-dazymo-voleliukams-29cm-ilgio-kopie\/\" \/>\n<meta property=\"og:site_name\" content=\"versiegelung24.com\" \/>\n<meta property=\"article:modified_time\" content=\"2023-06-19T13:48:36+00:00\" \/>\n<meta property=\"og:image\" content=\"https:\/\/www.versiegelung24.com\/wp-content\/uploads\/2022\/02\/produkt-v24-1029-1039-2k-Colorus-Farbwalzen-Buegel-CLASSIC-2K-Comfort-Griff-6mm-fuer-10-16cm-Farbwalzen.jpg\" \/>\n\t<meta property=\"og:image:width\" content=\"2000\" \/>\n\t<meta property=\"og:image:height\" content=\"2000\" \/>\n\t<meta property=\"og:image:type\" content=\"image\/jpeg\" \/>\n<meta name=\"twitter:card\" content=\"summary_large_image\" \/>\n<meta name=\"twitter:label1\" content=\"Price\" \/>\n\t<meta name=\"twitter:data1\" content=\"2,99&euro;\" \/>\n\t<meta name=\"twitter:label2\" content=\"Availability\" \/>\n\t<meta name=\"twitter:data2\" content=\"In stock\" \/>\n<script type=\"application\/ld+json\" class=\"yoast-schema-graph\">{\"@context\":\"https:\\\/\\\/schema.org\",\"@graph\":[{\"@type\":\"WebPage\",\"@id\":\"https:\\\/\\\/www.versiegelung24.com\\\/lt\\\/product\\\/colorus-dazu-volelio-laikiklis-classic-2k-comfort-rankena-6mm-10-16cm-dazymo-voleliukams-29cm-ilgio-kopie\\\/\",\"url\":\"https:\\\/\\\/www.versiegelung24.com\\\/lt\\\/product\\\/colorus-dazu-volelio-laikiklis-classic-2k-comfort-rankena-6mm-10-16cm-dazymo-voleliukams-29cm-ilgio-kopie\\\/\",\"name\":\"Colorus da\u017e\u0173 volelio laikiklis CLASSIC 2K Comfort rankena 6mm 10-16cm da\u017e\u0173 voleliui 39cm ilgio - versiegelung24.com\",\"isPartOf\":{\"@id\":\"https:\\\/\\\/www.versiegelung24.com\\\/lt\\\/#website\"},\"primaryImageOfPage\":{\"@id\":\"https:\\\/\\\/www.versiegelung24.com\\\/lt\\\/product\\\/colorus-dazu-volelio-laikiklis-classic-2k-comfort-rankena-6mm-10-16cm-dazymo-voleliukams-29cm-ilgio-kopie\\\/#primaryimage\"},\"image\":{\"@id\":\"https:\\\/\\\/www.versiegelung24.com\\\/lt\\\/product\\\/colorus-dazu-volelio-laikiklis-classic-2k-comfort-rankena-6mm-10-16cm-dazymo-voleliukams-29cm-ilgio-kopie\\\/#primaryimage\"},\"thumbnailUrl\":\"https:\\\/\\\/www.versiegelung24.com\\\/wp-content\\\/uploads\\\/2022\\\/02\\\/produkt-v24-1029-1039-2k-Colorus-Farbwalzen-Buegel-CLASSIC-2K-Comfort-Griff-6mm-fuer-10-16cm-Farbwalzen.jpg\",\"datePublished\":\"2022-02-10T07:13:30+00:00\",\"dateModified\":\"2023-06-19T13:48:36+00:00\",\"breadcrumb\":{\"@id\":\"https:\\\/\\\/www.versiegelung24.com\\\/lt\\\/product\\\/colorus-dazu-volelio-laikiklis-classic-2k-comfort-rankena-6mm-10-16cm-dazymo-voleliukams-29cm-ilgio-kopie\\\/#breadcrumb\"},\"inLanguage\":\"lt-LT\",\"potentialAction\":[{\"@type\":\"ReadAction\",\"target\":[\"https:\\\/\\\/www.versiegelung24.com\\\/lt\\\/product\\\/colorus-dazu-volelio-laikiklis-classic-2k-comfort-rankena-6mm-10-16cm-dazymo-voleliukams-29cm-ilgio-kopie\\\/\"]}]},{\"@type\":\"ImageObject\",\"inLanguage\":\"lt-LT\",\"@id\":\"https:\\\/\\\/www.versiegelung24.com\\\/lt\\\/product\\\/colorus-dazu-volelio-laikiklis-classic-2k-comfort-rankena-6mm-10-16cm-dazymo-voleliukams-29cm-ilgio-kopie\\\/#primaryimage\",\"url\":\"https:\\\/\\\/www.versiegelung24.com\\\/wp-content\\\/uploads\\\/2022\\\/02\\\/produkt-v24-1029-1039-2k-Colorus-Farbwalzen-Buegel-CLASSIC-2K-Comfort-Griff-6mm-fuer-10-16cm-Farbwalzen.jpg\",\"contentUrl\":\"https:\\\/\\\/www.versiegelung24.com\\\/wp-content\\\/uploads\\\/2022\\\/02\\\/produkt-v24-1029-1039-2k-Colorus-Farbwalzen-Buegel-CLASSIC-2K-Comfort-Griff-6mm-fuer-10-16cm-Farbwalzen.jpg\",\"width\":2000,\"height\":2000},{\"@type\":\"BreadcrumbList\",\"@id\":\"https:\\\/\\\/www.versiegelung24.com\\\/lt\\\/product\\\/colorus-dazu-volelio-laikiklis-classic-2k-comfort-rankena-6mm-10-16cm-dazymo-voleliukams-29cm-ilgio-kopie\\\/#breadcrumb\",\"itemListElement\":[{\"@type\":\"ListItem\",\"position\":1,\"name\":\"Prad\u017eia\",\"item\":\"https:\\\/\\\/www.versiegelung24.com\\\/lt\\\/priekinis\\\/\"},{\"@type\":\"ListItem\",\"position\":2,\"name\":\"Parduotuv\u0117\",\"item\":\"https:\\\/\\\/www.versiegelung24.com\\\/lt\\\/parduotuve-2\\\/\"},{\"@type\":\"ListItem\",\"position\":3,\"name\":\"Colorus da\u017e\u0173 volelio laikiklis CLASSIC 2K Comfort rankena 6mm 10-16cm da\u017e\u0173 voleliui 39cm ilgio\"}]},{\"@type\":\"WebSite\",\"@id\":\"https:\\\/\\\/www.versiegelung24.com\\\/lt\\\/#website\",\"url\":\"https:\\\/\\\/www.versiegelung24.com\\\/lt\\\/\",\"name\":\"versiegelung24.com\",\"description\":\"Fl\u00fcssigglas-Versiegelung - Made in Germany\",\"publisher\":{\"@id\":\"https:\\\/\\\/www.versiegelung24.com\\\/lt\\\/#organization\"},\"potentialAction\":[{\"@type\":\"SearchAction\",\"target\":{\"@type\":\"EntryPoint\",\"urlTemplate\":\"https:\\\/\\\/www.versiegelung24.com\\\/lt\\\/?s={search_term_string}\"},\"query-input\":{\"@type\":\"PropertyValueSpecification\",\"valueRequired\":true,\"valueName\":\"search_term_string\"}}],\"inLanguage\":\"lt-LT\"},{\"@type\":\"Organization\",\"@id\":\"https:\\\/\\\/www.versiegelung24.com\\\/lt\\\/#organization\",\"name\":\"versiegelung24\",\"url\":\"https:\\\/\\\/www.versiegelung24.com\\\/lt\\\/\",\"logo\":{\"@type\":\"ImageObject\",\"inLanguage\":\"lt-LT\",\"@id\":\"https:\\\/\\\/www.versiegelung24.com\\\/lt\\\/#\\\/schema\\\/logo\\\/image\\\/\",\"url\":\"https:\\\/\\\/www.versiegelung24.com\\\/wp-content\\\/uploads\\\/2020\\\/04\\\/versiegelung24.png\",\"contentUrl\":\"https:\\\/\\\/www.versiegelung24.com\\\/wp-content\\\/uploads\\\/2020\\\/04\\\/versiegelung24.png\",\"width\":470,\"height\":102,\"caption\":\"versiegelung24\"},\"image\":{\"@id\":\"https:\\\/\\\/www.versiegelung24.com\\\/lt\\\/#\\\/schema\\\/logo\\\/image\\\/\"}}]}<\/script>\n<meta property=\"product:price:amount\" content=\"2.99\" \/>\n<meta property=\"product:price:currency\" content=\"EUR\" \/>\n<meta property=\"og:availability\" content=\"instock\" \/>\n<meta property=\"product:availability\" content=\"instock\" \/>\n<meta property=\"product:retailer_item_id\" content=\"V24-1039-2K\" \/>\n<meta property=\"product:condition\" content=\"new\" \/>\n<!-- \/ Yoast SEO Premium plugin. -->","yoast_head_json":{"title":"Colorus da\u017e\u0173 volelio laikiklis CLASSIC 2K Comfort rankena 6mm 10-16cm da\u017e\u0173 voleliui 39cm ilgio - versiegelung24.com","robots":{"index":"index","follow":"follow","max-snippet":"max-snippet:-1","max-image-preview":"max-image-preview:large","max-video-preview":"max-video-preview:-1"},"canonical":"https:\/\/www.versiegelung24.com\/lt\/product\/colorus-dazu-volelio-laikiklis-classic-2k-comfort-rankena-6mm-10-16cm-dazymo-voleliukams-29cm-ilgio-kopie\/","og_locale":"lt_LT","og_type":"article","og_title":"Colorus da\u017e\u0173 volelio laikiklis CLASSIC 2K Comfort rankena 6mm 10-16cm da\u017e\u0173 voleliui 39cm ilgio","og_description":"Profesionalus patogus laikiklis radiatoriaus volams ir ma\u017eo ploto volams: \u2713 Su 6 mm ritininiu guoliu \u2713 Auk\u0161\u010diausia kokyb\u0117","og_url":"https:\/\/www.versiegelung24.com\/lt\/product\/colorus-dazu-volelio-laikiklis-classic-2k-comfort-rankena-6mm-10-16cm-dazymo-voleliukams-29cm-ilgio-kopie\/","og_site_name":"versiegelung24.com","article_modified_time":"2023-06-19T13:48:36+00:00","og_image":[{"width":2000,"height":2000,"url":"https:\/\/www.versiegelung24.com\/wp-content\/uploads\/2022\/02\/produkt-v24-1029-1039-2k-Colorus-Farbwalzen-Buegel-CLASSIC-2K-Comfort-Griff-6mm-fuer-10-16cm-Farbwalzen.jpg","type":"image\/jpeg"}],"twitter_card":"summary_large_image","twitter_misc":{"Price":"2,99&euro;","Availability":"In stock"},"schema":{"@context":"https:\/\/schema.org","@graph":[{"@type":"WebPage","@id":"https:\/\/www.versiegelung24.com\/lt\/product\/colorus-dazu-volelio-laikiklis-classic-2k-comfort-rankena-6mm-10-16cm-dazymo-voleliukams-29cm-ilgio-kopie\/","url":"https:\/\/www.versiegelung24.com\/lt\/product\/colorus-dazu-volelio-laikiklis-classic-2k-comfort-rankena-6mm-10-16cm-dazymo-voleliukams-29cm-ilgio-kopie\/","name":"Colorus da\u017e\u0173 volelio laikiklis CLASSIC 2K Comfort rankena 6mm 10-16cm da\u017e\u0173 voleliui 39cm ilgio - versiegelung24.com","isPartOf":{"@id":"https:\/\/www.versiegelung24.com\/lt\/#website"},"primaryImageOfPage":{"@id":"https:\/\/www.versiegelung24.com\/lt\/product\/colorus-dazu-volelio-laikiklis-classic-2k-comfort-rankena-6mm-10-16cm-dazymo-voleliukams-29cm-ilgio-kopie\/#primaryimage"},"image":{"@id":"https:\/\/www.versiegelung24.com\/lt\/product\/colorus-dazu-volelio-laikiklis-classic-2k-comfort-rankena-6mm-10-16cm-dazymo-voleliukams-29cm-ilgio-kopie\/#primaryimage"},"thumbnailUrl":"https:\/\/www.versiegelung24.com\/wp-content\/uploads\/2022\/02\/produkt-v24-1029-1039-2k-Colorus-Farbwalzen-Buegel-CLASSIC-2K-Comfort-Griff-6mm-fuer-10-16cm-Farbwalzen.jpg","datePublished":"2022-02-10T07:13:30+00:00","dateModified":"2023-06-19T13:48:36+00:00","breadcrumb":{"@id":"https:\/\/www.versiegelung24.com\/lt\/product\/colorus-dazu-volelio-laikiklis-classic-2k-comfort-rankena-6mm-10-16cm-dazymo-voleliukams-29cm-ilgio-kopie\/#breadcrumb"},"inLanguage":"lt-LT","potentialAction":[{"@type":"ReadAction","target":["https:\/\/www.versiegelung24.com\/lt\/product\/colorus-dazu-volelio-laikiklis-classic-2k-comfort-rankena-6mm-10-16cm-dazymo-voleliukams-29cm-ilgio-kopie\/"]}]},{"@type":"ImageObject","inLanguage":"lt-LT","@id":"https:\/\/www.versiegelung24.com\/lt\/product\/colorus-dazu-volelio-laikiklis-classic-2k-comfort-rankena-6mm-10-16cm-dazymo-voleliukams-29cm-ilgio-kopie\/#primaryimage","url":"https:\/\/www.versiegelung24.com\/wp-content\/uploads\/2022\/02\/produkt-v24-1029-1039-2k-Colorus-Farbwalzen-Buegel-CLASSIC-2K-Comfort-Griff-6mm-fuer-10-16cm-Farbwalzen.jpg","contentUrl":"https:\/\/www.versiegelung24.com\/wp-content\/uploads\/2022\/02\/produkt-v24-1029-1039-2k-Colorus-Farbwalzen-Buegel-CLASSIC-2K-Comfort-Griff-6mm-fuer-10-16cm-Farbwalzen.jpg","width":2000,"height":2000},{"@type":"BreadcrumbList","@id":"https:\/\/www.versiegelung24.com\/lt\/product\/colorus-dazu-volelio-laikiklis-classic-2k-comfort-rankena-6mm-10-16cm-dazymo-voleliukams-29cm-ilgio-kopie\/#breadcrumb","itemListElement":[{"@type":"ListItem","position":1,"name":"Prad\u017eia","item":"https:\/\/www.versiegelung24.com\/lt\/priekinis\/"},{"@type":"ListItem","position":2,"name":"Parduotuv\u0117","item":"https:\/\/www.versiegelung24.com\/lt\/parduotuve-2\/"},{"@type":"ListItem","position":3,"name":"Colorus da\u017e\u0173 volelio laikiklis CLASSIC 2K Comfort rankena 6mm 10-16cm da\u017e\u0173 voleliui 39cm ilgio"}]},{"@type":"WebSite","@id":"https:\/\/www.versiegelung24.com\/lt\/#website","url":"https:\/\/www.versiegelung24.com\/lt\/","name":"versiegelung24.com","description":"Fl\u00fcssigglas-Versiegelung - Made in Germany","publisher":{"@id":"https:\/\/www.versiegelung24.com\/lt\/#organization"},"potentialAction":[{"@type":"SearchAction","target":{"@type":"EntryPoint","urlTemplate":"https:\/\/www.versiegelung24.com\/lt\/?s={search_term_string}"},"query-input":{"@type":"PropertyValueSpecification","valueRequired":true,"valueName":"search_term_string"}}],"inLanguage":"lt-LT"},{"@type":"Organization","@id":"https:\/\/www.versiegelung24.com\/lt\/#organization","name":"versiegelung24","url":"https:\/\/www.versiegelung24.com\/lt\/","logo":{"@type":"ImageObject","inLanguage":"lt-LT","@id":"https:\/\/www.versiegelung24.com\/lt\/#\/schema\/logo\/image\/","url":"https:\/\/www.versiegelung24.com\/wp-content\/uploads\/2020\/04\/versiegelung24.png","contentUrl":"https:\/\/www.versiegelung24.com\/wp-content\/uploads\/2020\/04\/versiegelung24.png","width":470,"height":102,"caption":"versiegelung24"},"image":{"@id":"https:\/\/www.versiegelung24.com\/lt\/#\/schema\/logo\/image\/"}}]},"product_price_amount":"2.99","product_price_currency":"EUR","og_availability":"instock","product_availability":"instock","product_retailer_item_id":"V24-1039-2K","product_condition":"new"},"_links":{"self":[{"href":"https:\/\/www.versiegelung24.com\/lt\/wp-json\/wp\/v2\/product\/64056","targetHints":{"allow":["GET"]}}],"collection":[{"href":"https:\/\/www.versiegelung24.com\/lt\/wp-json\/wp\/v2\/product"}],"about":[{"href":"https:\/\/www.versiegelung24.com\/lt\/wp-json\/wp\/v2\/types\/product"}],"version-history":[{"count":10,"href":"https:\/\/www.versiegelung24.com\/lt\/wp-json\/wp\/v2\/product\/64056\/revisions"}],"predecessor-version":[{"id":116613,"href":"https:\/\/www.versiegelung24.com\/lt\/wp-json\/wp\/v2\/product\/64056\/revisions\/116613"}],"wp:featuredmedia":[{"embeddable":true,"href":"https:\/\/www.versiegelung24.com\/lt\/wp-json\/wp\/v2\/media\/63944"}],"wp:attachment":[{"href":"https:\/\/www.versiegelung24.com\/lt\/wp-json\/wp\/v2\/media?parent=64056"}],"wp:term":[{"taxonomy":"product_brand","embeddable":true,"href":"https:\/\/www.versiegelung24.com\/lt\/wp-json\/wp\/v2\/product_brand?post=64056"},{"taxonomy":"product_cat","embeddable":true,"href":"https:\/\/www.versiegelung24.com\/lt\/wp-json\/wp\/v2\/product_cat?post=64056"},{"taxonomy":"product_tag","embeddable":true,"href":"https:\/\/www.versiegelung24.com\/lt\/wp-json\/wp\/v2\/product_tag?post=64056"}],"curies":[{"name":"wp","href":"https:\/\/api.w.org\/{rel}","templated":true}]}}