{"id":64395,"date":"2022-02-10T12:27:16","date_gmt":"2022-02-10T11:27:18","guid":{"rendered":"https:\/\/www.versiegelung24.com\/?post_type=product&#038;p=64395"},"modified":"2023-07-30T13:41:17","modified_gmt":"2023-07-30T11:41:17","slug":"colorus-dazu-putplascio-volelis-superfine-plus-ko15-is-abieju-pusiu-tiesus-zalias-11cm-kopie","status":"publish","type":"product","link":"https:\/\/www.versiegelung24.com\/lt\/product\/colorus-dazu-putplascio-volelis-superfine-plus-ko15-is-abieju-pusiu-tiesus-zalias-11cm-kopie\/","title":{"rendered":"Colourus lako putplas\u010dio volelis smulkus CLASSIC K\u00d815 i\u0161 abiej\u0173 pusi\u0173 tiesus baltas 11cm"},"content":{"rendered":"\n<h3 class=\"wp-block-heading\" id=\"h-schaumwalze-beidseitig-gerade-fur-einfache-lackierarbeiten-mit-wasserbasierten-und-leicht-losemittelhaltigen-lacken\">Putplas\u010dio volelis i\u0161 abiej\u0173 pusi\u0173 STRAIGHT, skirtas nesud\u0117tingiems da\u017eymo darbams su vandens ir \u0161iek tiek tirpikli\u0173 pagrindo da\u017eais.<\/h3>\n\n<h4 class=\"wp-block-heading\" id=\"properties\">produkto savyb\u0117s<\/h4>\n\n<ul class=\"wp-block-list\"><li>Geras Moltopren put\u0173 volelis smulkus, ties\u016bs galai.<\/li><li>Putplas\u010dio voleliai paprastiems da\u017eymo darbams su vandens ir \u0161iek tiek tirpikli\u0173 pagrindo da\u017eais.<\/li><li>Visi\u0161kai CFC ir be tirpikli\u0173 putplas\u010dio voleliai.<\/li><li>\u0160erdies \u00d8 15mm<\/li><li>Laikiklis \u00d8 6mm<\/li><li>Visas \u00d8 35mm<\/li><\/ul>","protected":false},"excerpt":{"rendered":"<p><strong>putplas\u010dio volelis: <\/strong><\/p>\n<p>\u2713 TIESUS i\u0161 abiej\u0173 pusi\u0173 paprastam da\u017eymo darbams atlikti<\/p>\n<p>\u2713 Su vandens ir \u0161iek tiek tirpikli\u0173 pagrindo da\u017eais.<\/p>\n","protected":false},"featured_media":64423,"template":"","meta":{"_acf_changed":false,"neve_meta_sidebar":"","neve_meta_container":"","neve_meta_enable_content_width":"","neve_meta_content_width":0,"neve_meta_title_alignment":"","neve_meta_author_avatar":"","neve_post_elements_order":"","neve_meta_disable_header":"","neve_meta_disable_footer":"","neve_meta_disable_title":"","neve_meta_reading_time":"","_surfaces":[],"_ver_product_tabs":[],"footnotes":""},"product_brand":[],"product_cat":[3080],"product_tag":[],"class_list":{"0":"post-64395","1":"product","2":"type-product","3":"status-publish","4":"has-post-thumbnail","6":"product_cat-iranga","8":"first","9":"outofstock","10":"taxable","11":"shipping-taxable","12":"purchasable","13":"product-type-simple"},"acf":[],"yoast_head":"<!-- This site is optimized with the Yoast SEO Premium plugin v22.8 (Yoast SEO v27.4) - https:\/\/yoast.com\/product\/yoast-seo-premium-wordpress\/ -->\n<title>Colourus lako putplas\u010dio volelis smulkus CLASSIC K\u00d815 i\u0161 abiej\u0173 pusi\u0173 tiesus baltas 11cm - versiegelung24.com<\/title>\n<meta name=\"robots\" content=\"index, follow, max-snippet:-1, max-image-preview:large, max-video-preview:-1\" \/>\n<link rel=\"canonical\" href=\"https:\/\/www.versiegelung24.com\/lt\/product\/colorus-dazu-putplascio-volelis-superfine-plus-ko15-is-abieju-pusiu-tiesus-zalias-11cm-kopie\/\" \/>\n<meta property=\"og:locale\" content=\"lt_LT\" \/>\n<meta property=\"og:type\" content=\"article\" \/>\n<meta property=\"og:title\" content=\"Colourus lako putplas\u010dio volelis smulkus CLASSIC K\u00d815 i\u0161 abiej\u0173 pusi\u0173 tiesus baltas 11cm\" \/>\n<meta property=\"og:description\" content=\"putplas\u010dio volelis: \u2713 TIESUS i\u0161 abiej\u0173 pusi\u0173 paprastam da\u017eymo darbams atlikti \u2713 Su vandens ir \u0161iek tiek tirpikli\u0173 pagrindo da\u017eais.\" \/>\n<meta property=\"og:url\" content=\"https:\/\/www.versiegelung24.com\/lt\/product\/colorus-dazu-putplascio-volelis-superfine-plus-ko15-is-abieju-pusiu-tiesus-zalias-11cm-kopie\/\" \/>\n<meta property=\"og:site_name\" content=\"versiegelung24.com\" \/>\n<meta property=\"article:modified_time\" content=\"2023-07-30T11:41:17+00:00\" \/>\n<meta property=\"og:image\" content=\"https:\/\/www.versiegelung24.com\/wp-content\/uploads\/2022\/02\/produkt-v24-262-11-Colorus-Lack-Schaumwalze-fein-CLASSIC-K15-beidseitig-gerade.jpg\" \/>\n\t<meta property=\"og:image:width\" content=\"2000\" \/>\n\t<meta property=\"og:image:height\" content=\"2000\" \/>\n\t<meta property=\"og:image:type\" content=\"image\/jpeg\" \/>\n<meta name=\"twitter:card\" content=\"summary_large_image\" \/>\n<meta name=\"twitter:label1\" content=\"Price\" \/>\n\t<meta name=\"twitter:data1\" content=\"1,39&euro;\" \/>\n\t<meta name=\"twitter:label2\" content=\"Availability\" \/>\n\t<meta name=\"twitter:data2\" content=\"Out of stock\" \/>\n<script type=\"application\/ld+json\" class=\"yoast-schema-graph\">{\"@context\":\"https:\\\/\\\/schema.org\",\"@graph\":[{\"@type\":\"WebPage\",\"@id\":\"https:\\\/\\\/www.versiegelung24.com\\\/lt\\\/product\\\/colorus-dazu-putplascio-volelis-superfine-plus-ko15-is-abieju-pusiu-tiesus-zalias-11cm-kopie\\\/\",\"url\":\"https:\\\/\\\/www.versiegelung24.com\\\/lt\\\/product\\\/colorus-dazu-putplascio-volelis-superfine-plus-ko15-is-abieju-pusiu-tiesus-zalias-11cm-kopie\\\/\",\"name\":\"Colourus lako putplas\u010dio volelis smulkus CLASSIC K\u00d815 i\u0161 abiej\u0173 pusi\u0173 tiesus baltas 11cm - versiegelung24.com\",\"isPartOf\":{\"@id\":\"https:\\\/\\\/www.versiegelung24.com\\\/lt\\\/#website\"},\"primaryImageOfPage\":{\"@id\":\"https:\\\/\\\/www.versiegelung24.com\\\/lt\\\/product\\\/colorus-dazu-putplascio-volelis-superfine-plus-ko15-is-abieju-pusiu-tiesus-zalias-11cm-kopie\\\/#primaryimage\"},\"image\":{\"@id\":\"https:\\\/\\\/www.versiegelung24.com\\\/lt\\\/product\\\/colorus-dazu-putplascio-volelis-superfine-plus-ko15-is-abieju-pusiu-tiesus-zalias-11cm-kopie\\\/#primaryimage\"},\"thumbnailUrl\":\"https:\\\/\\\/www.versiegelung24.com\\\/wp-content\\\/uploads\\\/2022\\\/02\\\/produkt-v24-262-11-Colorus-Lack-Schaumwalze-fein-CLASSIC-K15-beidseitig-gerade.jpg\",\"datePublished\":\"2022-02-10T11:27:18+00:00\",\"dateModified\":\"2023-07-30T11:41:17+00:00\",\"breadcrumb\":{\"@id\":\"https:\\\/\\\/www.versiegelung24.com\\\/lt\\\/product\\\/colorus-dazu-putplascio-volelis-superfine-plus-ko15-is-abieju-pusiu-tiesus-zalias-11cm-kopie\\\/#breadcrumb\"},\"inLanguage\":\"lt-LT\",\"potentialAction\":[{\"@type\":\"ReadAction\",\"target\":[\"https:\\\/\\\/www.versiegelung24.com\\\/lt\\\/product\\\/colorus-dazu-putplascio-volelis-superfine-plus-ko15-is-abieju-pusiu-tiesus-zalias-11cm-kopie\\\/\"]}]},{\"@type\":\"ImageObject\",\"inLanguage\":\"lt-LT\",\"@id\":\"https:\\\/\\\/www.versiegelung24.com\\\/lt\\\/product\\\/colorus-dazu-putplascio-volelis-superfine-plus-ko15-is-abieju-pusiu-tiesus-zalias-11cm-kopie\\\/#primaryimage\",\"url\":\"https:\\\/\\\/www.versiegelung24.com\\\/wp-content\\\/uploads\\\/2022\\\/02\\\/produkt-v24-262-11-Colorus-Lack-Schaumwalze-fein-CLASSIC-K15-beidseitig-gerade.jpg\",\"contentUrl\":\"https:\\\/\\\/www.versiegelung24.com\\\/wp-content\\\/uploads\\\/2022\\\/02\\\/produkt-v24-262-11-Colorus-Lack-Schaumwalze-fein-CLASSIC-K15-beidseitig-gerade.jpg\",\"width\":2000,\"height\":2000},{\"@type\":\"BreadcrumbList\",\"@id\":\"https:\\\/\\\/www.versiegelung24.com\\\/lt\\\/product\\\/colorus-dazu-putplascio-volelis-superfine-plus-ko15-is-abieju-pusiu-tiesus-zalias-11cm-kopie\\\/#breadcrumb\",\"itemListElement\":[{\"@type\":\"ListItem\",\"position\":1,\"name\":\"Prad\u017eia\",\"item\":\"https:\\\/\\\/www.versiegelung24.com\\\/lt\\\/priekinis\\\/\"},{\"@type\":\"ListItem\",\"position\":2,\"name\":\"Parduotuv\u0117\",\"item\":\"https:\\\/\\\/www.versiegelung24.com\\\/lt\\\/parduotuve-2\\\/\"},{\"@type\":\"ListItem\",\"position\":3,\"name\":\"Colourus lako putplas\u010dio volelis smulkus CLASSIC K\u00d815 i\u0161 abiej\u0173 pusi\u0173 tiesus baltas 11cm\"}]},{\"@type\":\"WebSite\",\"@id\":\"https:\\\/\\\/www.versiegelung24.com\\\/lt\\\/#website\",\"url\":\"https:\\\/\\\/www.versiegelung24.com\\\/lt\\\/\",\"name\":\"versiegelung24.com\",\"description\":\"Fl\u00fcssigglas-Versiegelung - Made in Germany\",\"publisher\":{\"@id\":\"https:\\\/\\\/www.versiegelung24.com\\\/lt\\\/#organization\"},\"potentialAction\":[{\"@type\":\"SearchAction\",\"target\":{\"@type\":\"EntryPoint\",\"urlTemplate\":\"https:\\\/\\\/www.versiegelung24.com\\\/lt\\\/?s={search_term_string}\"},\"query-input\":{\"@type\":\"PropertyValueSpecification\",\"valueRequired\":true,\"valueName\":\"search_term_string\"}}],\"inLanguage\":\"lt-LT\"},{\"@type\":\"Organization\",\"@id\":\"https:\\\/\\\/www.versiegelung24.com\\\/lt\\\/#organization\",\"name\":\"versiegelung24\",\"url\":\"https:\\\/\\\/www.versiegelung24.com\\\/lt\\\/\",\"logo\":{\"@type\":\"ImageObject\",\"inLanguage\":\"lt-LT\",\"@id\":\"https:\\\/\\\/www.versiegelung24.com\\\/lt\\\/#\\\/schema\\\/logo\\\/image\\\/\",\"url\":\"https:\\\/\\\/www.versiegelung24.com\\\/wp-content\\\/uploads\\\/2020\\\/04\\\/versiegelung24.png\",\"contentUrl\":\"https:\\\/\\\/www.versiegelung24.com\\\/wp-content\\\/uploads\\\/2020\\\/04\\\/versiegelung24.png\",\"width\":470,\"height\":102,\"caption\":\"versiegelung24\"},\"image\":{\"@id\":\"https:\\\/\\\/www.versiegelung24.com\\\/lt\\\/#\\\/schema\\\/logo\\\/image\\\/\"}}]}<\/script>\n<meta property=\"product:price:amount\" content=\"1.39\" \/>\n<meta property=\"product:price:currency\" content=\"EUR\" \/>\n<meta property=\"og:availability\" content=\"out of stock\" \/>\n<meta property=\"product:availability\" content=\"out of stock\" \/>\n<meta property=\"product:retailer_item_id\" content=\"V24-262-11\" \/>\n<meta property=\"product:condition\" content=\"new\" \/>\n<!-- \/ Yoast SEO Premium plugin. -->","yoast_head_json":{"title":"Colourus lako putplas\u010dio volelis smulkus CLASSIC K\u00d815 i\u0161 abiej\u0173 pusi\u0173 tiesus baltas 11cm - versiegelung24.com","robots":{"index":"index","follow":"follow","max-snippet":"max-snippet:-1","max-image-preview":"max-image-preview:large","max-video-preview":"max-video-preview:-1"},"canonical":"https:\/\/www.versiegelung24.com\/lt\/product\/colorus-dazu-putplascio-volelis-superfine-plus-ko15-is-abieju-pusiu-tiesus-zalias-11cm-kopie\/","og_locale":"lt_LT","og_type":"article","og_title":"Colourus lako putplas\u010dio volelis smulkus CLASSIC K\u00d815 i\u0161 abiej\u0173 pusi\u0173 tiesus baltas 11cm","og_description":"putplas\u010dio volelis: \u2713 TIESUS i\u0161 abiej\u0173 pusi\u0173 paprastam da\u017eymo darbams atlikti \u2713 Su vandens ir \u0161iek tiek tirpikli\u0173 pagrindo da\u017eais.","og_url":"https:\/\/www.versiegelung24.com\/lt\/product\/colorus-dazu-putplascio-volelis-superfine-plus-ko15-is-abieju-pusiu-tiesus-zalias-11cm-kopie\/","og_site_name":"versiegelung24.com","article_modified_time":"2023-07-30T11:41:17+00:00","og_image":[{"width":2000,"height":2000,"url":"https:\/\/www.versiegelung24.com\/wp-content\/uploads\/2022\/02\/produkt-v24-262-11-Colorus-Lack-Schaumwalze-fein-CLASSIC-K15-beidseitig-gerade.jpg","type":"image\/jpeg"}],"twitter_card":"summary_large_image","twitter_misc":{"Price":"1,39&euro;","Availability":"Out of stock"},"schema":{"@context":"https:\/\/schema.org","@graph":[{"@type":"WebPage","@id":"https:\/\/www.versiegelung24.com\/lt\/product\/colorus-dazu-putplascio-volelis-superfine-plus-ko15-is-abieju-pusiu-tiesus-zalias-11cm-kopie\/","url":"https:\/\/www.versiegelung24.com\/lt\/product\/colorus-dazu-putplascio-volelis-superfine-plus-ko15-is-abieju-pusiu-tiesus-zalias-11cm-kopie\/","name":"Colourus lako putplas\u010dio volelis smulkus CLASSIC K\u00d815 i\u0161 abiej\u0173 pusi\u0173 tiesus baltas 11cm - versiegelung24.com","isPartOf":{"@id":"https:\/\/www.versiegelung24.com\/lt\/#website"},"primaryImageOfPage":{"@id":"https:\/\/www.versiegelung24.com\/lt\/product\/colorus-dazu-putplascio-volelis-superfine-plus-ko15-is-abieju-pusiu-tiesus-zalias-11cm-kopie\/#primaryimage"},"image":{"@id":"https:\/\/www.versiegelung24.com\/lt\/product\/colorus-dazu-putplascio-volelis-superfine-plus-ko15-is-abieju-pusiu-tiesus-zalias-11cm-kopie\/#primaryimage"},"thumbnailUrl":"https:\/\/www.versiegelung24.com\/wp-content\/uploads\/2022\/02\/produkt-v24-262-11-Colorus-Lack-Schaumwalze-fein-CLASSIC-K15-beidseitig-gerade.jpg","datePublished":"2022-02-10T11:27:18+00:00","dateModified":"2023-07-30T11:41:17+00:00","breadcrumb":{"@id":"https:\/\/www.versiegelung24.com\/lt\/product\/colorus-dazu-putplascio-volelis-superfine-plus-ko15-is-abieju-pusiu-tiesus-zalias-11cm-kopie\/#breadcrumb"},"inLanguage":"lt-LT","potentialAction":[{"@type":"ReadAction","target":["https:\/\/www.versiegelung24.com\/lt\/product\/colorus-dazu-putplascio-volelis-superfine-plus-ko15-is-abieju-pusiu-tiesus-zalias-11cm-kopie\/"]}]},{"@type":"ImageObject","inLanguage":"lt-LT","@id":"https:\/\/www.versiegelung24.com\/lt\/product\/colorus-dazu-putplascio-volelis-superfine-plus-ko15-is-abieju-pusiu-tiesus-zalias-11cm-kopie\/#primaryimage","url":"https:\/\/www.versiegelung24.com\/wp-content\/uploads\/2022\/02\/produkt-v24-262-11-Colorus-Lack-Schaumwalze-fein-CLASSIC-K15-beidseitig-gerade.jpg","contentUrl":"https:\/\/www.versiegelung24.com\/wp-content\/uploads\/2022\/02\/produkt-v24-262-11-Colorus-Lack-Schaumwalze-fein-CLASSIC-K15-beidseitig-gerade.jpg","width":2000,"height":2000},{"@type":"BreadcrumbList","@id":"https:\/\/www.versiegelung24.com\/lt\/product\/colorus-dazu-putplascio-volelis-superfine-plus-ko15-is-abieju-pusiu-tiesus-zalias-11cm-kopie\/#breadcrumb","itemListElement":[{"@type":"ListItem","position":1,"name":"Prad\u017eia","item":"https:\/\/www.versiegelung24.com\/lt\/priekinis\/"},{"@type":"ListItem","position":2,"name":"Parduotuv\u0117","item":"https:\/\/www.versiegelung24.com\/lt\/parduotuve-2\/"},{"@type":"ListItem","position":3,"name":"Colourus lako putplas\u010dio volelis smulkus CLASSIC K\u00d815 i\u0161 abiej\u0173 pusi\u0173 tiesus baltas 11cm"}]},{"@type":"WebSite","@id":"https:\/\/www.versiegelung24.com\/lt\/#website","url":"https:\/\/www.versiegelung24.com\/lt\/","name":"versiegelung24.com","description":"Fl\u00fcssigglas-Versiegelung - Made in Germany","publisher":{"@id":"https:\/\/www.versiegelung24.com\/lt\/#organization"},"potentialAction":[{"@type":"SearchAction","target":{"@type":"EntryPoint","urlTemplate":"https:\/\/www.versiegelung24.com\/lt\/?s={search_term_string}"},"query-input":{"@type":"PropertyValueSpecification","valueRequired":true,"valueName":"search_term_string"}}],"inLanguage":"lt-LT"},{"@type":"Organization","@id":"https:\/\/www.versiegelung24.com\/lt\/#organization","name":"versiegelung24","url":"https:\/\/www.versiegelung24.com\/lt\/","logo":{"@type":"ImageObject","inLanguage":"lt-LT","@id":"https:\/\/www.versiegelung24.com\/lt\/#\/schema\/logo\/image\/","url":"https:\/\/www.versiegelung24.com\/wp-content\/uploads\/2020\/04\/versiegelung24.png","contentUrl":"https:\/\/www.versiegelung24.com\/wp-content\/uploads\/2020\/04\/versiegelung24.png","width":470,"height":102,"caption":"versiegelung24"},"image":{"@id":"https:\/\/www.versiegelung24.com\/lt\/#\/schema\/logo\/image\/"}}]},"product_price_amount":"1.39","product_price_currency":"EUR","og_availability":"out of stock","product_availability":"out of stock","product_retailer_item_id":"V24-262-11","product_condition":"new"},"_links":{"self":[{"href":"https:\/\/www.versiegelung24.com\/lt\/wp-json\/wp\/v2\/product\/64395","targetHints":{"allow":["GET"]}}],"collection":[{"href":"https:\/\/www.versiegelung24.com\/lt\/wp-json\/wp\/v2\/product"}],"about":[{"href":"https:\/\/www.versiegelung24.com\/lt\/wp-json\/wp\/v2\/types\/product"}],"version-history":[{"count":9,"href":"https:\/\/www.versiegelung24.com\/lt\/wp-json\/wp\/v2\/product\/64395\/revisions"}],"predecessor-version":[{"id":111537,"href":"https:\/\/www.versiegelung24.com\/lt\/wp-json\/wp\/v2\/product\/64395\/revisions\/111537"}],"wp:featuredmedia":[{"embeddable":true,"href":"https:\/\/www.versiegelung24.com\/lt\/wp-json\/wp\/v2\/media\/64423"}],"wp:attachment":[{"href":"https:\/\/www.versiegelung24.com\/lt\/wp-json\/wp\/v2\/media?parent=64395"}],"wp:term":[{"taxonomy":"product_brand","embeddable":true,"href":"https:\/\/www.versiegelung24.com\/lt\/wp-json\/wp\/v2\/product_brand?post=64395"},{"taxonomy":"product_cat","embeddable":true,"href":"https:\/\/www.versiegelung24.com\/lt\/wp-json\/wp\/v2\/product_cat?post=64395"},{"taxonomy":"product_tag","embeddable":true,"href":"https:\/\/www.versiegelung24.com\/lt\/wp-json\/wp\/v2\/product_tag?post=64395"}],"curies":[{"name":"wp","href":"https:\/\/api.w.org\/{rel}","templated":true}]}}