{"id":81789,"date":"2022-02-22T13:40:57","date_gmt":"2022-02-22T12:40:59","guid":{"rendered":"https:\/\/www.versiegelung24.com\/?post_type=product&#038;p=81789"},"modified":"2023-06-19T15:46:36","modified_gmt":"2023-06-19T13:46:36","slug":"colourus-lako-putplascio-volelis-smulkus-classic-ko15-is-abieju-pusiu-tiesus-baltas-11cm-kopie","status":"publish","type":"product","link":"https:\/\/www.versiegelung24.com\/lt\/product\/colourus-lako-putplascio-volelis-smulkus-classic-ko15-is-abieju-pusiu-tiesus-baltas-11cm-kopie\/","title":{"rendered":"Klausos apsauga SILENCE su laikikliu"},"content":{"rendered":"\n<h4 class=\"wp-block-heading\" id=\"h-beschreibung\">apib\u016bdinimas<\/h4>\n\n<p>Apsaugin\u0117s nuo triuk\u0161mo ausin\u0117s pagal EN 352, tinkamos visoms triuk\u0161mo situacijoms. Ar dirbtuv\u0117se, statybviet\u0117je ar fejerverkuose. D\u0117l lanks\u010dios galvos juostos ir reguliavimo funkcijos jis tinka beveik bet kokio dyd\u017eio ir formos galvai.<\/p>\n\n<hr\/>\n<h4 class=\"wp-block-heading\" id=\"properties\">produkto savyb\u0117s<\/h4>\n\n<ul class=\"wp-block-list\"><li>Ma\u017eas svoris ir didelis stabilumas<\/li><li>Ausin\u0117s pagal EN 352<\/li><li>Lengvas, patogus ir patogus<\/li><li>Idealiai tinka visoms triuk\u0161mo situacijoms be dideli\u0173 lygio vir\u0161\u016bni\u0173<\/li><li>Med\u017eiaga: plastikas<\/li><li>Spalva: raudona\/juoda<\/li><\/ul>","protected":false},"excerpt":{"rendered":"<p>\u2713 Ma\u017eas svoris ir didelis stabilumas<\/p>\n<p>\u2713 Ausin\u0117s pagal EN 352<\/p>\n<p>\u2713 Lengvas, patogus ir patogus<\/p>\n<p>\u2713 Optimalus visoms triuk\u0161mo situacijoms be dideli\u0173 lygio vir\u0161\u016bni\u0173<\/p>\n","protected":false},"featured_media":82190,"template":"","meta":{"_acf_changed":false,"neve_meta_sidebar":"","neve_meta_container":"","neve_meta_enable_content_width":"","neve_meta_content_width":0,"neve_meta_title_alignment":"","neve_meta_author_avatar":"","neve_post_elements_order":"","neve_meta_disable_header":"","neve_meta_disable_footer":"","neve_meta_disable_title":"","neve_meta_reading_time":"","_surfaces":[],"_ver_product_tabs":[],"footnotes":""},"product_brand":[],"product_cat":[3080],"product_tag":[],"class_list":{"0":"post-81789","1":"product","2":"type-product","3":"status-publish","4":"has-post-thumbnail","6":"product_cat-iranga","8":"first","9":"instock","10":"taxable","11":"shipping-taxable","12":"purchasable","13":"product-type-simple"},"acf":[],"yoast_head":"<!-- This site is optimized with the Yoast SEO Premium plugin v22.8 (Yoast SEO v27.5) - https:\/\/yoast.com\/product\/yoast-seo-premium-wordpress\/ -->\n<title>Klausos apsauga SILENCE su laikikliu - versiegelung24.com<\/title>\n<meta name=\"robots\" content=\"index, follow, max-snippet:-1, max-image-preview:large, max-video-preview:-1\" \/>\n<link rel=\"canonical\" href=\"https:\/\/www.versiegelung24.com\/lt\/product\/colourus-lako-putplascio-volelis-smulkus-classic-ko15-is-abieju-pusiu-tiesus-baltas-11cm-kopie\/\" \/>\n<meta property=\"og:locale\" content=\"lt_LT\" \/>\n<meta property=\"og:type\" content=\"article\" \/>\n<meta property=\"og:title\" content=\"Klausos apsauga SILENCE su laikikliu\" \/>\n<meta property=\"og:description\" content=\"\u2713 Ma\u017eas svoris ir didelis stabilumas \u2713 Ausin\u0117s pagal EN 352 \u2713 Lengvas, patogus ir patogus \u2713 Optimalus visoms triuk\u0161mo situacijoms be dideli\u0173 lygio vir\u0161\u016bni\u0173\" \/>\n<meta property=\"og:url\" content=\"https:\/\/www.versiegelung24.com\/lt\/product\/colourus-lako-putplascio-volelis-smulkus-classic-ko15-is-abieju-pusiu-tiesus-baltas-11cm-kopie\/\" \/>\n<meta property=\"og:site_name\" content=\"versiegelung24.com\" \/>\n<meta property=\"article:modified_time\" content=\"2023-06-19T13:46:36+00:00\" \/>\n<meta property=\"og:image\" content=\"https:\/\/www.versiegelung24.com\/wp-content\/uploads\/2022\/02\/produkt-v24-gs1-gehoerschutz-1.jpg\" \/>\n\t<meta property=\"og:image:width\" content=\"2000\" \/>\n\t<meta property=\"og:image:height\" content=\"2000\" \/>\n\t<meta property=\"og:image:type\" content=\"image\/jpeg\" \/>\n<meta name=\"twitter:card\" content=\"summary_large_image\" \/>\n<meta name=\"twitter:label1\" content=\"Price\" \/>\n\t<meta name=\"twitter:data1\" content=\"4,49&euro;\" \/>\n\t<meta name=\"twitter:label2\" content=\"Availability\" \/>\n\t<meta name=\"twitter:data2\" content=\"In stock\" \/>\n<script type=\"application\/ld+json\" class=\"yoast-schema-graph\">{\"@context\":\"https:\\\/\\\/schema.org\",\"@graph\":[{\"@type\":\"WebPage\",\"@id\":\"https:\\\/\\\/www.versiegelung24.com\\\/lt\\\/product\\\/colourus-lako-putplascio-volelis-smulkus-classic-ko15-is-abieju-pusiu-tiesus-baltas-11cm-kopie\\\/\",\"url\":\"https:\\\/\\\/www.versiegelung24.com\\\/lt\\\/product\\\/colourus-lako-putplascio-volelis-smulkus-classic-ko15-is-abieju-pusiu-tiesus-baltas-11cm-kopie\\\/\",\"name\":\"Klausos apsauga SILENCE su laikikliu - versiegelung24.com\",\"isPartOf\":{\"@id\":\"https:\\\/\\\/www.versiegelung24.com\\\/lt\\\/#website\"},\"primaryImageOfPage\":{\"@id\":\"https:\\\/\\\/www.versiegelung24.com\\\/lt\\\/product\\\/colourus-lako-putplascio-volelis-smulkus-classic-ko15-is-abieju-pusiu-tiesus-baltas-11cm-kopie\\\/#primaryimage\"},\"image\":{\"@id\":\"https:\\\/\\\/www.versiegelung24.com\\\/lt\\\/product\\\/colourus-lako-putplascio-volelis-smulkus-classic-ko15-is-abieju-pusiu-tiesus-baltas-11cm-kopie\\\/#primaryimage\"},\"thumbnailUrl\":\"https:\\\/\\\/www.versiegelung24.com\\\/wp-content\\\/uploads\\\/2022\\\/02\\\/produkt-v24-gs1-gehoerschutz-1.jpg\",\"datePublished\":\"2022-02-22T12:40:59+00:00\",\"dateModified\":\"2023-06-19T13:46:36+00:00\",\"breadcrumb\":{\"@id\":\"https:\\\/\\\/www.versiegelung24.com\\\/lt\\\/product\\\/colourus-lako-putplascio-volelis-smulkus-classic-ko15-is-abieju-pusiu-tiesus-baltas-11cm-kopie\\\/#breadcrumb\"},\"inLanguage\":\"lt-LT\",\"potentialAction\":[{\"@type\":\"ReadAction\",\"target\":[\"https:\\\/\\\/www.versiegelung24.com\\\/lt\\\/product\\\/colourus-lako-putplascio-volelis-smulkus-classic-ko15-is-abieju-pusiu-tiesus-baltas-11cm-kopie\\\/\"]}]},{\"@type\":\"ImageObject\",\"inLanguage\":\"lt-LT\",\"@id\":\"https:\\\/\\\/www.versiegelung24.com\\\/lt\\\/product\\\/colourus-lako-putplascio-volelis-smulkus-classic-ko15-is-abieju-pusiu-tiesus-baltas-11cm-kopie\\\/#primaryimage\",\"url\":\"https:\\\/\\\/www.versiegelung24.com\\\/wp-content\\\/uploads\\\/2022\\\/02\\\/produkt-v24-gs1-gehoerschutz-1.jpg\",\"contentUrl\":\"https:\\\/\\\/www.versiegelung24.com\\\/wp-content\\\/uploads\\\/2022\\\/02\\\/produkt-v24-gs1-gehoerschutz-1.jpg\",\"width\":2000,\"height\":2000},{\"@type\":\"BreadcrumbList\",\"@id\":\"https:\\\/\\\/www.versiegelung24.com\\\/lt\\\/product\\\/colourus-lako-putplascio-volelis-smulkus-classic-ko15-is-abieju-pusiu-tiesus-baltas-11cm-kopie\\\/#breadcrumb\",\"itemListElement\":[{\"@type\":\"ListItem\",\"position\":1,\"name\":\"Prad\u017eia\",\"item\":\"https:\\\/\\\/www.versiegelung24.com\\\/lt\\\/priekinis\\\/\"},{\"@type\":\"ListItem\",\"position\":2,\"name\":\"Parduotuv\u0117\",\"item\":\"https:\\\/\\\/www.versiegelung24.com\\\/lt\\\/parduotuve-2\\\/\"},{\"@type\":\"ListItem\",\"position\":3,\"name\":\"Klausos apsauga SILENCE su laikikliu\"}]},{\"@type\":\"WebSite\",\"@id\":\"https:\\\/\\\/www.versiegelung24.com\\\/lt\\\/#website\",\"url\":\"https:\\\/\\\/www.versiegelung24.com\\\/lt\\\/\",\"name\":\"versiegelung24.com\",\"description\":\"Fl\u00fcssigglas-Versiegelung - Made in Germany\",\"publisher\":{\"@id\":\"https:\\\/\\\/www.versiegelung24.com\\\/lt\\\/#organization\"},\"potentialAction\":[{\"@type\":\"SearchAction\",\"target\":{\"@type\":\"EntryPoint\",\"urlTemplate\":\"https:\\\/\\\/www.versiegelung24.com\\\/lt\\\/?s={search_term_string}\"},\"query-input\":{\"@type\":\"PropertyValueSpecification\",\"valueRequired\":true,\"valueName\":\"search_term_string\"}}],\"inLanguage\":\"lt-LT\"},{\"@type\":\"Organization\",\"@id\":\"https:\\\/\\\/www.versiegelung24.com\\\/lt\\\/#organization\",\"name\":\"versiegelung24\",\"url\":\"https:\\\/\\\/www.versiegelung24.com\\\/lt\\\/\",\"logo\":{\"@type\":\"ImageObject\",\"inLanguage\":\"lt-LT\",\"@id\":\"https:\\\/\\\/www.versiegelung24.com\\\/lt\\\/#\\\/schema\\\/logo\\\/image\\\/\",\"url\":\"https:\\\/\\\/www.versiegelung24.com\\\/wp-content\\\/uploads\\\/2020\\\/04\\\/versiegelung24.png\",\"contentUrl\":\"https:\\\/\\\/www.versiegelung24.com\\\/wp-content\\\/uploads\\\/2020\\\/04\\\/versiegelung24.png\",\"width\":470,\"height\":102,\"caption\":\"versiegelung24\"},\"image\":{\"@id\":\"https:\\\/\\\/www.versiegelung24.com\\\/lt\\\/#\\\/schema\\\/logo\\\/image\\\/\"}}]}<\/script>\n<meta property=\"product:price:amount\" content=\"4.49\" \/>\n<meta property=\"product:price:currency\" content=\"EUR\" \/>\n<meta property=\"og:availability\" content=\"instock\" \/>\n<meta property=\"product:availability\" content=\"instock\" \/>\n<meta property=\"product:retailer_item_id\" content=\"V24-GS1\" \/>\n<meta property=\"product:condition\" content=\"new\" \/>\n<!-- \/ Yoast SEO Premium plugin. -->","yoast_head_json":{"title":"Klausos apsauga SILENCE su laikikliu - versiegelung24.com","robots":{"index":"index","follow":"follow","max-snippet":"max-snippet:-1","max-image-preview":"max-image-preview:large","max-video-preview":"max-video-preview:-1"},"canonical":"https:\/\/www.versiegelung24.com\/lt\/product\/colourus-lako-putplascio-volelis-smulkus-classic-ko15-is-abieju-pusiu-tiesus-baltas-11cm-kopie\/","og_locale":"lt_LT","og_type":"article","og_title":"Klausos apsauga SILENCE su laikikliu","og_description":"\u2713 Ma\u017eas svoris ir didelis stabilumas \u2713 Ausin\u0117s pagal EN 352 \u2713 Lengvas, patogus ir patogus \u2713 Optimalus visoms triuk\u0161mo situacijoms be dideli\u0173 lygio vir\u0161\u016bni\u0173","og_url":"https:\/\/www.versiegelung24.com\/lt\/product\/colourus-lako-putplascio-volelis-smulkus-classic-ko15-is-abieju-pusiu-tiesus-baltas-11cm-kopie\/","og_site_name":"versiegelung24.com","article_modified_time":"2023-06-19T13:46:36+00:00","og_image":[{"width":2000,"height":2000,"url":"https:\/\/www.versiegelung24.com\/wp-content\/uploads\/2022\/02\/produkt-v24-gs1-gehoerschutz-1.jpg","type":"image\/jpeg"}],"twitter_card":"summary_large_image","twitter_misc":{"Price":"4,49&euro;","Availability":"In stock"},"schema":{"@context":"https:\/\/schema.org","@graph":[{"@type":"WebPage","@id":"https:\/\/www.versiegelung24.com\/lt\/product\/colourus-lako-putplascio-volelis-smulkus-classic-ko15-is-abieju-pusiu-tiesus-baltas-11cm-kopie\/","url":"https:\/\/www.versiegelung24.com\/lt\/product\/colourus-lako-putplascio-volelis-smulkus-classic-ko15-is-abieju-pusiu-tiesus-baltas-11cm-kopie\/","name":"Klausos apsauga SILENCE su laikikliu - versiegelung24.com","isPartOf":{"@id":"https:\/\/www.versiegelung24.com\/lt\/#website"},"primaryImageOfPage":{"@id":"https:\/\/www.versiegelung24.com\/lt\/product\/colourus-lako-putplascio-volelis-smulkus-classic-ko15-is-abieju-pusiu-tiesus-baltas-11cm-kopie\/#primaryimage"},"image":{"@id":"https:\/\/www.versiegelung24.com\/lt\/product\/colourus-lako-putplascio-volelis-smulkus-classic-ko15-is-abieju-pusiu-tiesus-baltas-11cm-kopie\/#primaryimage"},"thumbnailUrl":"https:\/\/www.versiegelung24.com\/wp-content\/uploads\/2022\/02\/produkt-v24-gs1-gehoerschutz-1.jpg","datePublished":"2022-02-22T12:40:59+00:00","dateModified":"2023-06-19T13:46:36+00:00","breadcrumb":{"@id":"https:\/\/www.versiegelung24.com\/lt\/product\/colourus-lako-putplascio-volelis-smulkus-classic-ko15-is-abieju-pusiu-tiesus-baltas-11cm-kopie\/#breadcrumb"},"inLanguage":"lt-LT","potentialAction":[{"@type":"ReadAction","target":["https:\/\/www.versiegelung24.com\/lt\/product\/colourus-lako-putplascio-volelis-smulkus-classic-ko15-is-abieju-pusiu-tiesus-baltas-11cm-kopie\/"]}]},{"@type":"ImageObject","inLanguage":"lt-LT","@id":"https:\/\/www.versiegelung24.com\/lt\/product\/colourus-lako-putplascio-volelis-smulkus-classic-ko15-is-abieju-pusiu-tiesus-baltas-11cm-kopie\/#primaryimage","url":"https:\/\/www.versiegelung24.com\/wp-content\/uploads\/2022\/02\/produkt-v24-gs1-gehoerschutz-1.jpg","contentUrl":"https:\/\/www.versiegelung24.com\/wp-content\/uploads\/2022\/02\/produkt-v24-gs1-gehoerschutz-1.jpg","width":2000,"height":2000},{"@type":"BreadcrumbList","@id":"https:\/\/www.versiegelung24.com\/lt\/product\/colourus-lako-putplascio-volelis-smulkus-classic-ko15-is-abieju-pusiu-tiesus-baltas-11cm-kopie\/#breadcrumb","itemListElement":[{"@type":"ListItem","position":1,"name":"Prad\u017eia","item":"https:\/\/www.versiegelung24.com\/lt\/priekinis\/"},{"@type":"ListItem","position":2,"name":"Parduotuv\u0117","item":"https:\/\/www.versiegelung24.com\/lt\/parduotuve-2\/"},{"@type":"ListItem","position":3,"name":"Klausos apsauga SILENCE su laikikliu"}]},{"@type":"WebSite","@id":"https:\/\/www.versiegelung24.com\/lt\/#website","url":"https:\/\/www.versiegelung24.com\/lt\/","name":"versiegelung24.com","description":"Fl\u00fcssigglas-Versiegelung - Made in Germany","publisher":{"@id":"https:\/\/www.versiegelung24.com\/lt\/#organization"},"potentialAction":[{"@type":"SearchAction","target":{"@type":"EntryPoint","urlTemplate":"https:\/\/www.versiegelung24.com\/lt\/?s={search_term_string}"},"query-input":{"@type":"PropertyValueSpecification","valueRequired":true,"valueName":"search_term_string"}}],"inLanguage":"lt-LT"},{"@type":"Organization","@id":"https:\/\/www.versiegelung24.com\/lt\/#organization","name":"versiegelung24","url":"https:\/\/www.versiegelung24.com\/lt\/","logo":{"@type":"ImageObject","inLanguage":"lt-LT","@id":"https:\/\/www.versiegelung24.com\/lt\/#\/schema\/logo\/image\/","url":"https:\/\/www.versiegelung24.com\/wp-content\/uploads\/2020\/04\/versiegelung24.png","contentUrl":"https:\/\/www.versiegelung24.com\/wp-content\/uploads\/2020\/04\/versiegelung24.png","width":470,"height":102,"caption":"versiegelung24"},"image":{"@id":"https:\/\/www.versiegelung24.com\/lt\/#\/schema\/logo\/image\/"}}]},"product_price_amount":"4.49","product_price_currency":"EUR","og_availability":"instock","product_availability":"instock","product_retailer_item_id":"V24-GS1","product_condition":"new"},"_links":{"self":[{"href":"https:\/\/www.versiegelung24.com\/lt\/wp-json\/wp\/v2\/product\/81789","targetHints":{"allow":["GET"]}}],"collection":[{"href":"https:\/\/www.versiegelung24.com\/lt\/wp-json\/wp\/v2\/product"}],"about":[{"href":"https:\/\/www.versiegelung24.com\/lt\/wp-json\/wp\/v2\/types\/product"}],"version-history":[{"count":5,"href":"https:\/\/www.versiegelung24.com\/lt\/wp-json\/wp\/v2\/product\/81789\/revisions"}],"predecessor-version":[{"id":111669,"href":"https:\/\/www.versiegelung24.com\/lt\/wp-json\/wp\/v2\/product\/81789\/revisions\/111669"}],"wp:featuredmedia":[{"embeddable":true,"href":"https:\/\/www.versiegelung24.com\/lt\/wp-json\/wp\/v2\/media\/82190"}],"wp:attachment":[{"href":"https:\/\/www.versiegelung24.com\/lt\/wp-json\/wp\/v2\/media?parent=81789"}],"wp:term":[{"taxonomy":"product_brand","embeddable":true,"href":"https:\/\/www.versiegelung24.com\/lt\/wp-json\/wp\/v2\/product_brand?post=81789"},{"taxonomy":"product_cat","embeddable":true,"href":"https:\/\/www.versiegelung24.com\/lt\/wp-json\/wp\/v2\/product_cat?post=81789"},{"taxonomy":"product_tag","embeddable":true,"href":"https:\/\/www.versiegelung24.com\/lt\/wp-json\/wp\/v2\/product_tag?post=81789"}],"curies":[{"name":"wp","href":"https:\/\/api.w.org\/{rel}","templated":true}]}}