{"id":82333,"date":"2022-02-23T12:42:58","date_gmt":"2022-02-23T11:42:58","guid":{"rendered":"https:\/\/www.versiegelung24.com\/produkt\/geltonos-nitrilo-darbo-pirstines-su-megztais-rankogaliais\/"},"modified":"2025-12-19T14:35:45","modified_gmt":"2025-12-19T13:35:45","slug":"darbo-pirstines-nitrilo-su-megztais-rankogaliais-geltonos-spalvos","status":"publish","type":"product","link":"https:\/\/www.versiegelung24.com\/lt\/geltonos-nitrilo-darbo-pirstines-su-megztais-rankogaliais.html","title":{"rendered":"Geltonos nitrilo darbo pir\u0161tin\u0117s su megztais rankogaliais"},"content":{"rendered":"\n<h4 class=\"wp-block-heading\" id=\"h-beschreibung\">Apra\u0161ymas<\/h4>\n\n<p>Universalios nitrilo pir\u0161tin\u0117s, skirtos sausai arba dr\u0117gnai aplinkai. Tinka darbams su vidutine rizika ir dideliais dilimo reikalavimais (amatai, statybos, parod\u0173 stend\u0173 statyba, automobili\u0173 pramon\u0117, mechanin\u0117s in\u017einerijos pramon\u0117, plieno pramon\u0117, stiklo pramon\u0117, maisto pramon\u0117, \u017eem\u0117s \u016bkis ir kt.) EN 420 II kategorija, EN 388<\/p>\n\n<hr \/>\n\n<h4 class=\"wp-block-heading\" id=\"properties\">Produkto savyb\u0117s<\/h4>\n\n<div class=\"wp-block-columns is-layout-flex wp-container-core-columns-is-layout-9d6595d7 wp-block-columns-is-layout-flex\">\n<div class=\"wp-block-column is-layout-flow wp-block-column-is-layout-flow\">\n<p>\u2713 Padengtas geltonu nitrilu<\/p>\n\n\n\n<p>\u2713 Kv\u0117puojanti rank\u0173 nugara<\/p>\n\n\n\n<p>\u2713 Itin patogus d\u0117l tobulo prigludimo<\/p>\n\n\n\n<p>\u2713 EN 420 II kategorija, EN 388<\/p>\n\n\n\n<p>\u2713 Atsparumas dilimui: 4 veikimo lygis<\/p>\n\n\n\n<p>\u2713 Atsparumas pjovimui: 1 veikimo lygis<\/p>\n\n\n\n<p>\u2713 Ply\u0161imo stiprumas: 1 veikimo lygis<\/p>\n\n\n\n<p>\u2713 Prad\u016brimo galia: 1 galios lygis<\/p>\n\n\n\n<p>\u2713 Dydis: 9<\/p>\n<\/div>\n<\/div>\n","protected":false},"excerpt":{"rendered":"<div class=\"product_text_extra\">\n<p>\u2713 Padengtas geltonu nitrilu<\/p>\n<p>\u2713 Kv\u0117puojanti rank\u0173 nugara<\/p>\n<p>\u2713 Itin patogus d\u0117l tobulo prigludimo<\/p>\n<p>\u2713 EN 420 II kategorija, EN 388<\/p>\n<p>\u2713 Atsparumas dilimui: 4 veikimo lygis<\/p>\n<\/div>\n","protected":false},"featured_media":82274,"template":"","meta":{"_acf_changed":false,"neve_meta_sidebar":"","neve_meta_container":"","neve_meta_enable_content_width":"","neve_meta_content_width":0,"neve_meta_title_alignment":"","neve_meta_author_avatar":"","neve_post_elements_order":"","neve_meta_disable_header":"","neve_meta_disable_footer":"","neve_meta_disable_title":"","neve_meta_reading_time":"","_surfaces":[],"_ver_product_tabs":[],"footnotes":""},"product_brand":[],"product_cat":[3080],"product_tag":[],"class_list":{"0":"post-82333","1":"product","2":"type-product","3":"status-publish","4":"has-post-thumbnail","6":"product_cat-iranga","8":"first","9":"instock","10":"taxable","11":"shipping-taxable","12":"purchasable","13":"product-type-simple"},"acf":[],"yoast_head":"<!-- This site is optimized with the Yoast SEO Premium plugin v22.8 (Yoast SEO v27.5) - https:\/\/yoast.com\/product\/yoast-seo-premium-wordpress\/ -->\n<title>Geltonos nitrilo darbo pir\u0161tin\u0117s su megztais rankogaliais - versiegelung24.com<\/title>\n<meta name=\"robots\" content=\"index, follow, max-snippet:-1, max-image-preview:large, max-video-preview:-1\" \/>\n<link rel=\"canonical\" href=\"https:\/\/www.versiegelung24.com\/lt\/geltonos-nitrilo-darbo-pirstines-su-megztais-rankogaliais.html\" \/>\n<meta property=\"og:locale\" content=\"lt_LT\" \/>\n<meta property=\"og:type\" content=\"article\" \/>\n<meta property=\"og:title\" content=\"Geltonos nitrilo darbo pir\u0161tin\u0117s su megztais rankogaliais\" \/>\n<meta property=\"og:description\" content=\"\u2713 Padengtas geltonu nitrilu \u2713 Kv\u0117puojanti rank\u0173 nugara \u2713 Itin patogus d\u0117l tobulo prigludimo \u2713 EN 420 II kategorija, EN 388 \u2713 Atsparumas dilimui: 4 veikimo lygis\" \/>\n<meta property=\"og:url\" content=\"https:\/\/www.versiegelung24.com\/lt\/geltonos-nitrilo-darbo-pirstines-su-megztais-rankogaliais.html\" \/>\n<meta property=\"og:site_name\" content=\"versiegelung24.com\" \/>\n<meta property=\"article:modified_time\" content=\"2025-12-19T13:35:45+00:00\" \/>\n<meta name=\"twitter:card\" content=\"summary_large_image\" \/>\n<meta name=\"twitter:label1\" content=\"Price\" \/>\n\t<meta name=\"twitter:data1\" content=\"2,69&euro;\" \/>\n\t<meta name=\"twitter:label2\" content=\"Availability\" \/>\n\t<meta name=\"twitter:data2\" content=\"In stock\" \/>\n<script type=\"application\/ld+json\" class=\"yoast-schema-graph\">{\"@context\":\"https:\\\/\\\/schema.org\",\"@graph\":[{\"@type\":\"WebPage\",\"@id\":\"https:\\\/\\\/www.versiegelung24.com\\\/lt\\\/geltonos-nitrilo-darbo-pirstines-su-megztais-rankogaliais.html\",\"url\":\"https:\\\/\\\/www.versiegelung24.com\\\/lt\\\/geltonos-nitrilo-darbo-pirstines-su-megztais-rankogaliais.html\",\"name\":\"Geltonos nitrilo darbo pir\u0161tin\u0117s su megztais rankogaliais - versiegelung24.com\",\"isPartOf\":{\"@id\":\"https:\\\/\\\/www.versiegelung24.com\\\/lt\\\/#website\"},\"primaryImageOfPage\":{\"@id\":\"https:\\\/\\\/www.versiegelung24.com\\\/lt\\\/geltonos-nitrilo-darbo-pirstines-su-megztais-rankogaliais.html#primaryimage\"},\"image\":{\"@id\":\"https:\\\/\\\/www.versiegelung24.com\\\/lt\\\/geltonos-nitrilo-darbo-pirstines-su-megztais-rankogaliais.html#primaryimage\"},\"thumbnailUrl\":\"https:\\\/\\\/www.versiegelung24.com\\\/wp-content\\\/uploads\\\/2022\\\/02\\\/produkt-v24-sb403-10-arbeitshandschuh.jpg\",\"datePublished\":\"2022-02-23T11:42:58+00:00\",\"dateModified\":\"2025-12-19T13:35:45+00:00\",\"breadcrumb\":{\"@id\":\"https:\\\/\\\/www.versiegelung24.com\\\/lt\\\/geltonos-nitrilo-darbo-pirstines-su-megztais-rankogaliais.html#breadcrumb\"},\"inLanguage\":\"lt-LT\",\"potentialAction\":[{\"@type\":\"ReadAction\",\"target\":[\"https:\\\/\\\/www.versiegelung24.com\\\/lt\\\/geltonos-nitrilo-darbo-pirstines-su-megztais-rankogaliais.html\"]}]},{\"@type\":\"ImageObject\",\"inLanguage\":\"lt-LT\",\"@id\":\"https:\\\/\\\/www.versiegelung24.com\\\/lt\\\/geltonos-nitrilo-darbo-pirstines-su-megztais-rankogaliais.html#primaryimage\",\"url\":\"https:\\\/\\\/www.versiegelung24.com\\\/wp-content\\\/uploads\\\/2022\\\/02\\\/produkt-v24-sb403-10-arbeitshandschuh.jpg\",\"contentUrl\":\"https:\\\/\\\/www.versiegelung24.com\\\/wp-content\\\/uploads\\\/2022\\\/02\\\/produkt-v24-sb403-10-arbeitshandschuh.jpg\",\"width\":2000,\"height\":2000},{\"@type\":\"BreadcrumbList\",\"@id\":\"https:\\\/\\\/www.versiegelung24.com\\\/lt\\\/geltonos-nitrilo-darbo-pirstines-su-megztais-rankogaliais.html#breadcrumb\",\"itemListElement\":[{\"@type\":\"ListItem\",\"position\":1,\"name\":\"Prad\u017eia\",\"item\":\"https:\\\/\\\/www.versiegelung24.com\\\/lt\\\/priekinis\\\/\"},{\"@type\":\"ListItem\",\"position\":2,\"name\":\"Parduotuv\u0117\",\"item\":\"https:\\\/\\\/www.versiegelung24.com\\\/lt\\\/parduotuve-2\\\/\"},{\"@type\":\"ListItem\",\"position\":3,\"name\":\"Geltonos nitrilo darbo pir\u0161tin\u0117s su megztais rankogaliais\"}]},{\"@type\":\"WebSite\",\"@id\":\"https:\\\/\\\/www.versiegelung24.com\\\/lt\\\/#website\",\"url\":\"https:\\\/\\\/www.versiegelung24.com\\\/lt\\\/\",\"name\":\"versiegelung24.com\",\"description\":\"Fl\u00fcssigglas-Versiegelung - Made in Germany\",\"publisher\":{\"@id\":\"https:\\\/\\\/www.versiegelung24.com\\\/lt\\\/#organization\"},\"potentialAction\":[{\"@type\":\"SearchAction\",\"target\":{\"@type\":\"EntryPoint\",\"urlTemplate\":\"https:\\\/\\\/www.versiegelung24.com\\\/lt\\\/?s={search_term_string}\"},\"query-input\":{\"@type\":\"PropertyValueSpecification\",\"valueRequired\":true,\"valueName\":\"search_term_string\"}}],\"inLanguage\":\"lt-LT\"},{\"@type\":\"Organization\",\"@id\":\"https:\\\/\\\/www.versiegelung24.com\\\/lt\\\/#organization\",\"name\":\"versiegelung24\",\"url\":\"https:\\\/\\\/www.versiegelung24.com\\\/lt\\\/\",\"logo\":{\"@type\":\"ImageObject\",\"inLanguage\":\"lt-LT\",\"@id\":\"https:\\\/\\\/www.versiegelung24.com\\\/lt\\\/#\\\/schema\\\/logo\\\/image\\\/\",\"url\":\"https:\\\/\\\/www.versiegelung24.com\\\/wp-content\\\/uploads\\\/2020\\\/04\\\/versiegelung24.png\",\"contentUrl\":\"https:\\\/\\\/www.versiegelung24.com\\\/wp-content\\\/uploads\\\/2020\\\/04\\\/versiegelung24.png\",\"width\":470,\"height\":102,\"caption\":\"versiegelung24\"},\"image\":{\"@id\":\"https:\\\/\\\/www.versiegelung24.com\\\/lt\\\/#\\\/schema\\\/logo\\\/image\\\/\"}}]}<\/script>\n<meta property=\"product:price:amount\" content=\"2.69\" \/>\n<meta property=\"product:price:currency\" content=\"EUR\" \/>\n<meta property=\"og:availability\" content=\"instock\" \/>\n<meta property=\"product:availability\" content=\"instock\" \/>\n<meta property=\"product:retailer_item_id\" content=\"V24-SB403-10\" \/>\n<meta property=\"product:condition\" content=\"new\" \/>\n<!-- \/ Yoast SEO Premium plugin. -->","yoast_head_json":{"title":"Geltonos nitrilo darbo pir\u0161tin\u0117s su megztais rankogaliais - versiegelung24.com","robots":{"index":"index","follow":"follow","max-snippet":"max-snippet:-1","max-image-preview":"max-image-preview:large","max-video-preview":"max-video-preview:-1"},"canonical":"https:\/\/www.versiegelung24.com\/lt\/geltonos-nitrilo-darbo-pirstines-su-megztais-rankogaliais.html","og_locale":"lt_LT","og_type":"article","og_title":"Geltonos nitrilo darbo pir\u0161tin\u0117s su megztais rankogaliais","og_description":"\u2713 Padengtas geltonu nitrilu \u2713 Kv\u0117puojanti rank\u0173 nugara \u2713 Itin patogus d\u0117l tobulo prigludimo \u2713 EN 420 II kategorija, EN 388 \u2713 Atsparumas dilimui: 4 veikimo lygis","og_url":"https:\/\/www.versiegelung24.com\/lt\/geltonos-nitrilo-darbo-pirstines-su-megztais-rankogaliais.html","og_site_name":"versiegelung24.com","article_modified_time":"2025-12-19T13:35:45+00:00","twitter_card":"summary_large_image","twitter_misc":{"Price":"2,69&euro;","Availability":"In stock"},"schema":{"@context":"https:\/\/schema.org","@graph":[{"@type":"WebPage","@id":"https:\/\/www.versiegelung24.com\/lt\/geltonos-nitrilo-darbo-pirstines-su-megztais-rankogaliais.html","url":"https:\/\/www.versiegelung24.com\/lt\/geltonos-nitrilo-darbo-pirstines-su-megztais-rankogaliais.html","name":"Geltonos nitrilo darbo pir\u0161tin\u0117s su megztais rankogaliais - versiegelung24.com","isPartOf":{"@id":"https:\/\/www.versiegelung24.com\/lt\/#website"},"primaryImageOfPage":{"@id":"https:\/\/www.versiegelung24.com\/lt\/geltonos-nitrilo-darbo-pirstines-su-megztais-rankogaliais.html#primaryimage"},"image":{"@id":"https:\/\/www.versiegelung24.com\/lt\/geltonos-nitrilo-darbo-pirstines-su-megztais-rankogaliais.html#primaryimage"},"thumbnailUrl":"https:\/\/www.versiegelung24.com\/wp-content\/uploads\/2022\/02\/produkt-v24-sb403-10-arbeitshandschuh.jpg","datePublished":"2022-02-23T11:42:58+00:00","dateModified":"2025-12-19T13:35:45+00:00","breadcrumb":{"@id":"https:\/\/www.versiegelung24.com\/lt\/geltonos-nitrilo-darbo-pirstines-su-megztais-rankogaliais.html#breadcrumb"},"inLanguage":"lt-LT","potentialAction":[{"@type":"ReadAction","target":["https:\/\/www.versiegelung24.com\/lt\/geltonos-nitrilo-darbo-pirstines-su-megztais-rankogaliais.html"]}]},{"@type":"ImageObject","inLanguage":"lt-LT","@id":"https:\/\/www.versiegelung24.com\/lt\/geltonos-nitrilo-darbo-pirstines-su-megztais-rankogaliais.html#primaryimage","url":"https:\/\/www.versiegelung24.com\/wp-content\/uploads\/2022\/02\/produkt-v24-sb403-10-arbeitshandschuh.jpg","contentUrl":"https:\/\/www.versiegelung24.com\/wp-content\/uploads\/2022\/02\/produkt-v24-sb403-10-arbeitshandschuh.jpg","width":2000,"height":2000},{"@type":"BreadcrumbList","@id":"https:\/\/www.versiegelung24.com\/lt\/geltonos-nitrilo-darbo-pirstines-su-megztais-rankogaliais.html#breadcrumb","itemListElement":[{"@type":"ListItem","position":1,"name":"Prad\u017eia","item":"https:\/\/www.versiegelung24.com\/lt\/priekinis\/"},{"@type":"ListItem","position":2,"name":"Parduotuv\u0117","item":"https:\/\/www.versiegelung24.com\/lt\/parduotuve-2\/"},{"@type":"ListItem","position":3,"name":"Geltonos nitrilo darbo pir\u0161tin\u0117s su megztais rankogaliais"}]},{"@type":"WebSite","@id":"https:\/\/www.versiegelung24.com\/lt\/#website","url":"https:\/\/www.versiegelung24.com\/lt\/","name":"versiegelung24.com","description":"Fl\u00fcssigglas-Versiegelung - Made in Germany","publisher":{"@id":"https:\/\/www.versiegelung24.com\/lt\/#organization"},"potentialAction":[{"@type":"SearchAction","target":{"@type":"EntryPoint","urlTemplate":"https:\/\/www.versiegelung24.com\/lt\/?s={search_term_string}"},"query-input":{"@type":"PropertyValueSpecification","valueRequired":true,"valueName":"search_term_string"}}],"inLanguage":"lt-LT"},{"@type":"Organization","@id":"https:\/\/www.versiegelung24.com\/lt\/#organization","name":"versiegelung24","url":"https:\/\/www.versiegelung24.com\/lt\/","logo":{"@type":"ImageObject","inLanguage":"lt-LT","@id":"https:\/\/www.versiegelung24.com\/lt\/#\/schema\/logo\/image\/","url":"https:\/\/www.versiegelung24.com\/wp-content\/uploads\/2020\/04\/versiegelung24.png","contentUrl":"https:\/\/www.versiegelung24.com\/wp-content\/uploads\/2020\/04\/versiegelung24.png","width":470,"height":102,"caption":"versiegelung24"},"image":{"@id":"https:\/\/www.versiegelung24.com\/lt\/#\/schema\/logo\/image\/"}}]},"product_price_amount":"2.69","product_price_currency":"EUR","og_availability":"instock","product_availability":"instock","product_retailer_item_id":"V24-SB403-10","product_condition":"new"},"_links":{"self":[{"href":"https:\/\/www.versiegelung24.com\/lt\/wp-json\/wp\/v2\/product\/82333","targetHints":{"allow":["GET"]}}],"collection":[{"href":"https:\/\/www.versiegelung24.com\/lt\/wp-json\/wp\/v2\/product"}],"about":[{"href":"https:\/\/www.versiegelung24.com\/lt\/wp-json\/wp\/v2\/types\/product"}],"version-history":[{"count":10,"href":"https:\/\/www.versiegelung24.com\/lt\/wp-json\/wp\/v2\/product\/82333\/revisions"}],"predecessor-version":[{"id":180754,"href":"https:\/\/www.versiegelung24.com\/lt\/wp-json\/wp\/v2\/product\/82333\/revisions\/180754"}],"wp:featuredmedia":[{"embeddable":true,"href":"https:\/\/www.versiegelung24.com\/lt\/wp-json\/wp\/v2\/media\/82274"}],"wp:attachment":[{"href":"https:\/\/www.versiegelung24.com\/lt\/wp-json\/wp\/v2\/media?parent=82333"}],"wp:term":[{"taxonomy":"product_brand","embeddable":true,"href":"https:\/\/www.versiegelung24.com\/lt\/wp-json\/wp\/v2\/product_brand?post=82333"},{"taxonomy":"product_cat","embeddable":true,"href":"https:\/\/www.versiegelung24.com\/lt\/wp-json\/wp\/v2\/product_cat?post=82333"},{"taxonomy":"product_tag","embeddable":true,"href":"https:\/\/www.versiegelung24.com\/lt\/wp-json\/wp\/v2\/product_tag?post=82333"}],"curies":[{"name":"wp","href":"https:\/\/api.w.org\/{rel}","templated":true}]}}