{"id":82470,"date":"2022-02-23T13:57:07","date_gmt":"2022-02-23T12:57:10","guid":{"rendered":"https:\/\/www.versiegelung24.com\/?post_type=product&#038;p=82470"},"modified":"2025-01-13T17:10:22","modified_gmt":"2025-01-13T16:10:22","slug":"apsauginiai-akiniai-su-integruotais-soniniais-skydais-ir-reguliuojamais-remeliais","status":"publish","type":"product","link":"https:\/\/www.versiegelung24.com\/lt\/apsauginiai-akiniai-su-integruotais-soniniais-skydais-ir-reguliuojamais-remeliais.html","title":{"rendered":"Apsauginiai akiniai su integruota \u0161onine apsauga ir reguliuojamomis antgaliais"},"content":{"rendered":"\n<h4 class=\"wp-block-heading\" id=\"h-beschreibung\">Apra\u0161ymas<\/h4>\n\n<p>Mink\u0161ti dviej\u0173 komponent\u0173 stiklai su reguliuojamo ilgio antgaliais, universaliai pritaikomi. Akiniai atitinka EN166 standarto reikalavimus. Galimas dir\u017eeli\u0173 tvirtinimas d\u0117l numatytos perforacijos.<\/p>\n\n<p>Jis apsaugo j\u016bs\u0173 akis nuo ma\u017e\u0173 skeveldr\u0173, kuri\u0173 sm\u016bgio energija siekia iki 45 m\/s (F) ir turi optimali\u0105 priekin\u0119 ir \u0161onin\u0119 apsaug\u0105.<\/p>\n\n<hr \/>\n\n<h4 class=\"wp-block-heading\" id=\"properties\">Produkto savyb\u0117s<\/h4>\n\n<div class=\"wp-block-columns is-layout-flex wp-container-core-columns-is-layout-9d6595d7 wp-block-columns-is-layout-flex\">\n<div class=\"wp-block-column is-layout-flow wp-block-column-is-layout-flow\">\n<p>\u2713 Optimali apsauga nuo sm\u016bgi\u0173 ir atplai\u0161\u0173<\/p>\n\n\n\n<p>\u2713 Reguliuojami dir\u017eeli\u0173 dyd\u017eiai<\/p>\n\n\n\n<p>\u2713 Priekin\u0117 ir \u0161onin\u0117 apsauga<\/p>\n\n\n\n<p>\u2713 Erdv\u0117 akiniams su optiniais l\u0119\u0161iais<\/p>\n\n\n\n<p>\u2713 Standartas: EN166<\/p>\n\n\n\n<p>\u2713 Spalva: juoda<\/p>\n<\/div>\n<\/div>\n","protected":false},"excerpt":{"rendered":"<p>\u2713 Optimali apsauga nuo sm\u016bgi\u0173 ir atplai\u0161\u0173<\/p>\n<p>\u2713 Reguliuojami dir\u017eeli\u0173 dyd\u017eiai<\/p>\n<p>\u2713 Priekin\u0117 ir \u0161onin\u0117 apsauga<\/p>\n<p>\u2713 Standartas: EN166<\/p>\n","protected":false},"featured_media":82526,"template":"","meta":{"_acf_changed":false,"neve_meta_sidebar":"","neve_meta_container":"","neve_meta_enable_content_width":"","neve_meta_content_width":0,"neve_meta_title_alignment":"","neve_meta_author_avatar":"","neve_post_elements_order":"","neve_meta_disable_header":"","neve_meta_disable_footer":"","neve_meta_disable_title":"","neve_meta_reading_time":"","_surfaces":[],"_ver_product_tabs":[],"footnotes":""},"product_brand":[],"product_cat":[3080],"product_tag":[],"class_list":{"0":"post-82470","1":"product","2":"type-product","3":"status-publish","4":"has-post-thumbnail","6":"product_cat-iranga","8":"first","9":"instock","10":"taxable","11":"shipping-taxable","12":"purchasable","13":"product-type-simple"},"acf":[],"yoast_head":"<!-- This site is optimized with the Yoast SEO Premium plugin v22.8 (Yoast SEO v27.6) - https:\/\/yoast.com\/product\/yoast-seo-premium-wordpress\/ -->\n<title>Apsauginiai akiniai su integruota \u0161onine apsauga ir reguliuojamomis antgaliais - versiegelung24.com<\/title>\n<meta name=\"robots\" content=\"index, follow, max-snippet:-1, max-image-preview:large, max-video-preview:-1\" \/>\n<link rel=\"canonical\" href=\"https:\/\/www.versiegelung24.com\/lt\/apsauginiai-akiniai-su-integruotais-soniniais-skydais-ir-reguliuojamais-remeliais.html\" \/>\n<meta property=\"og:locale\" content=\"lt_LT\" \/>\n<meta property=\"og:type\" content=\"article\" \/>\n<meta property=\"og:title\" content=\"Apsauginiai akiniai su integruota \u0161onine apsauga ir reguliuojamomis antgaliais\" \/>\n<meta property=\"og:description\" content=\"\u2713 Optimali apsauga nuo sm\u016bgi\u0173 ir atplai\u0161\u0173 \u2713 Reguliuojami dir\u017eeli\u0173 dyd\u017eiai \u2713 Priekin\u0117 ir \u0161onin\u0117 apsauga \u2713 Standartas: EN166\" \/>\n<meta property=\"og:url\" content=\"https:\/\/www.versiegelung24.com\/lt\/apsauginiai-akiniai-su-integruotais-soniniais-skydais-ir-reguliuojamais-remeliais.html\" \/>\n<meta property=\"og:site_name\" content=\"versiegelung24.com\" \/>\n<meta property=\"article:modified_time\" content=\"2025-01-13T16:10:22+00:00\" \/>\n<meta name=\"twitter:card\" content=\"summary_large_image\" \/>\n<meta name=\"twitter:label1\" content=\"Price\" \/>\n\t<meta name=\"twitter:data1\" content=\"4,99&euro;\" \/>\n\t<meta name=\"twitter:label2\" content=\"Availability\" \/>\n\t<meta name=\"twitter:data2\" content=\"In stock\" \/>\n<script type=\"application\/ld+json\" class=\"yoast-schema-graph\">{\"@context\":\"https:\\\/\\\/schema.org\",\"@graph\":[{\"@type\":\"WebPage\",\"@id\":\"https:\\\/\\\/www.versiegelung24.com\\\/lt\\\/apsauginiai-akiniai-su-integruotais-soniniais-skydais-ir-reguliuojamais-remeliais.html\",\"url\":\"https:\\\/\\\/www.versiegelung24.com\\\/lt\\\/apsauginiai-akiniai-su-integruotais-soniniais-skydais-ir-reguliuojamais-remeliais.html\",\"name\":\"Apsauginiai akiniai su integruota \u0161onine apsauga ir reguliuojamomis antgaliais - versiegelung24.com\",\"isPartOf\":{\"@id\":\"https:\\\/\\\/www.versiegelung24.com\\\/lt\\\/#website\"},\"primaryImageOfPage\":{\"@id\":\"https:\\\/\\\/www.versiegelung24.com\\\/lt\\\/apsauginiai-akiniai-su-integruotais-soniniais-skydais-ir-reguliuojamais-remeliais.html#primaryimage\"},\"image\":{\"@id\":\"https:\\\/\\\/www.versiegelung24.com\\\/lt\\\/apsauginiai-akiniai-su-integruotais-soniniais-skydais-ir-reguliuojamais-remeliais.html#primaryimage\"},\"thumbnailUrl\":\"https:\\\/\\\/www.versiegelung24.com\\\/wp-content\\\/uploads\\\/2022\\\/02\\\/produkt-v24-sbvari1-schutzbrille.jpg\",\"datePublished\":\"2022-02-23T12:57:10+00:00\",\"dateModified\":\"2025-01-13T16:10:22+00:00\",\"breadcrumb\":{\"@id\":\"https:\\\/\\\/www.versiegelung24.com\\\/lt\\\/apsauginiai-akiniai-su-integruotais-soniniais-skydais-ir-reguliuojamais-remeliais.html#breadcrumb\"},\"inLanguage\":\"lt-LT\",\"potentialAction\":[{\"@type\":\"ReadAction\",\"target\":[\"https:\\\/\\\/www.versiegelung24.com\\\/lt\\\/apsauginiai-akiniai-su-integruotais-soniniais-skydais-ir-reguliuojamais-remeliais.html\"]}]},{\"@type\":\"ImageObject\",\"inLanguage\":\"lt-LT\",\"@id\":\"https:\\\/\\\/www.versiegelung24.com\\\/lt\\\/apsauginiai-akiniai-su-integruotais-soniniais-skydais-ir-reguliuojamais-remeliais.html#primaryimage\",\"url\":\"https:\\\/\\\/www.versiegelung24.com\\\/wp-content\\\/uploads\\\/2022\\\/02\\\/produkt-v24-sbvari1-schutzbrille.jpg\",\"contentUrl\":\"https:\\\/\\\/www.versiegelung24.com\\\/wp-content\\\/uploads\\\/2022\\\/02\\\/produkt-v24-sbvari1-schutzbrille.jpg\",\"width\":2000,\"height\":2000},{\"@type\":\"BreadcrumbList\",\"@id\":\"https:\\\/\\\/www.versiegelung24.com\\\/lt\\\/apsauginiai-akiniai-su-integruotais-soniniais-skydais-ir-reguliuojamais-remeliais.html#breadcrumb\",\"itemListElement\":[{\"@type\":\"ListItem\",\"position\":1,\"name\":\"Prad\u017eia\",\"item\":\"https:\\\/\\\/www.versiegelung24.com\\\/lt\\\/priekinis\\\/\"},{\"@type\":\"ListItem\",\"position\":2,\"name\":\"Parduotuv\u0117\",\"item\":\"https:\\\/\\\/www.versiegelung24.com\\\/lt\\\/parduotuve-2\\\/\"},{\"@type\":\"ListItem\",\"position\":3,\"name\":\"Apsauginiai akiniai su integruota \u0161onine apsauga ir reguliuojamomis antgaliais\"}]},{\"@type\":\"WebSite\",\"@id\":\"https:\\\/\\\/www.versiegelung24.com\\\/lt\\\/#website\",\"url\":\"https:\\\/\\\/www.versiegelung24.com\\\/lt\\\/\",\"name\":\"versiegelung24.com\",\"description\":\"Fl\u00fcssigglas-Versiegelung - Made in Germany\",\"publisher\":{\"@id\":\"https:\\\/\\\/www.versiegelung24.com\\\/lt\\\/#organization\"},\"potentialAction\":[{\"@type\":\"SearchAction\",\"target\":{\"@type\":\"EntryPoint\",\"urlTemplate\":\"https:\\\/\\\/www.versiegelung24.com\\\/lt\\\/?s={search_term_string}\"},\"query-input\":{\"@type\":\"PropertyValueSpecification\",\"valueRequired\":true,\"valueName\":\"search_term_string\"}}],\"inLanguage\":\"lt-LT\"},{\"@type\":\"Organization\",\"@id\":\"https:\\\/\\\/www.versiegelung24.com\\\/lt\\\/#organization\",\"name\":\"versiegelung24\",\"url\":\"https:\\\/\\\/www.versiegelung24.com\\\/lt\\\/\",\"logo\":{\"@type\":\"ImageObject\",\"inLanguage\":\"lt-LT\",\"@id\":\"https:\\\/\\\/www.versiegelung24.com\\\/lt\\\/#\\\/schema\\\/logo\\\/image\\\/\",\"url\":\"https:\\\/\\\/www.versiegelung24.com\\\/wp-content\\\/uploads\\\/2020\\\/04\\\/versiegelung24.png\",\"contentUrl\":\"https:\\\/\\\/www.versiegelung24.com\\\/wp-content\\\/uploads\\\/2020\\\/04\\\/versiegelung24.png\",\"width\":470,\"height\":102,\"caption\":\"versiegelung24\"},\"image\":{\"@id\":\"https:\\\/\\\/www.versiegelung24.com\\\/lt\\\/#\\\/schema\\\/logo\\\/image\\\/\"}}]}<\/script>\n<meta property=\"product:price:amount\" content=\"4.99\" \/>\n<meta property=\"product:price:currency\" content=\"EUR\" \/>\n<meta property=\"og:availability\" content=\"instock\" \/>\n<meta property=\"product:availability\" content=\"instock\" \/>\n<meta property=\"product:retailer_item_id\" content=\"V24-SBVARI1\" \/>\n<meta property=\"product:condition\" content=\"new\" \/>\n<!-- \/ Yoast SEO Premium plugin. -->","yoast_head_json":{"title":"Apsauginiai akiniai su integruota \u0161onine apsauga ir reguliuojamomis antgaliais - versiegelung24.com","robots":{"index":"index","follow":"follow","max-snippet":"max-snippet:-1","max-image-preview":"max-image-preview:large","max-video-preview":"max-video-preview:-1"},"canonical":"https:\/\/www.versiegelung24.com\/lt\/apsauginiai-akiniai-su-integruotais-soniniais-skydais-ir-reguliuojamais-remeliais.html","og_locale":"lt_LT","og_type":"article","og_title":"Apsauginiai akiniai su integruota \u0161onine apsauga ir reguliuojamomis antgaliais","og_description":"\u2713 Optimali apsauga nuo sm\u016bgi\u0173 ir atplai\u0161\u0173 \u2713 Reguliuojami dir\u017eeli\u0173 dyd\u017eiai \u2713 Priekin\u0117 ir \u0161onin\u0117 apsauga \u2713 Standartas: EN166","og_url":"https:\/\/www.versiegelung24.com\/lt\/apsauginiai-akiniai-su-integruotais-soniniais-skydais-ir-reguliuojamais-remeliais.html","og_site_name":"versiegelung24.com","article_modified_time":"2025-01-13T16:10:22+00:00","twitter_card":"summary_large_image","twitter_misc":{"Price":"4,99&euro;","Availability":"In stock"},"schema":{"@context":"https:\/\/schema.org","@graph":[{"@type":"WebPage","@id":"https:\/\/www.versiegelung24.com\/lt\/apsauginiai-akiniai-su-integruotais-soniniais-skydais-ir-reguliuojamais-remeliais.html","url":"https:\/\/www.versiegelung24.com\/lt\/apsauginiai-akiniai-su-integruotais-soniniais-skydais-ir-reguliuojamais-remeliais.html","name":"Apsauginiai akiniai su integruota \u0161onine apsauga ir reguliuojamomis antgaliais - versiegelung24.com","isPartOf":{"@id":"https:\/\/www.versiegelung24.com\/lt\/#website"},"primaryImageOfPage":{"@id":"https:\/\/www.versiegelung24.com\/lt\/apsauginiai-akiniai-su-integruotais-soniniais-skydais-ir-reguliuojamais-remeliais.html#primaryimage"},"image":{"@id":"https:\/\/www.versiegelung24.com\/lt\/apsauginiai-akiniai-su-integruotais-soniniais-skydais-ir-reguliuojamais-remeliais.html#primaryimage"},"thumbnailUrl":"https:\/\/www.versiegelung24.com\/wp-content\/uploads\/2022\/02\/produkt-v24-sbvari1-schutzbrille.jpg","datePublished":"2022-02-23T12:57:10+00:00","dateModified":"2025-01-13T16:10:22+00:00","breadcrumb":{"@id":"https:\/\/www.versiegelung24.com\/lt\/apsauginiai-akiniai-su-integruotais-soniniais-skydais-ir-reguliuojamais-remeliais.html#breadcrumb"},"inLanguage":"lt-LT","potentialAction":[{"@type":"ReadAction","target":["https:\/\/www.versiegelung24.com\/lt\/apsauginiai-akiniai-su-integruotais-soniniais-skydais-ir-reguliuojamais-remeliais.html"]}]},{"@type":"ImageObject","inLanguage":"lt-LT","@id":"https:\/\/www.versiegelung24.com\/lt\/apsauginiai-akiniai-su-integruotais-soniniais-skydais-ir-reguliuojamais-remeliais.html#primaryimage","url":"https:\/\/www.versiegelung24.com\/wp-content\/uploads\/2022\/02\/produkt-v24-sbvari1-schutzbrille.jpg","contentUrl":"https:\/\/www.versiegelung24.com\/wp-content\/uploads\/2022\/02\/produkt-v24-sbvari1-schutzbrille.jpg","width":2000,"height":2000},{"@type":"BreadcrumbList","@id":"https:\/\/www.versiegelung24.com\/lt\/apsauginiai-akiniai-su-integruotais-soniniais-skydais-ir-reguliuojamais-remeliais.html#breadcrumb","itemListElement":[{"@type":"ListItem","position":1,"name":"Prad\u017eia","item":"https:\/\/www.versiegelung24.com\/lt\/priekinis\/"},{"@type":"ListItem","position":2,"name":"Parduotuv\u0117","item":"https:\/\/www.versiegelung24.com\/lt\/parduotuve-2\/"},{"@type":"ListItem","position":3,"name":"Apsauginiai akiniai su integruota \u0161onine apsauga ir reguliuojamomis antgaliais"}]},{"@type":"WebSite","@id":"https:\/\/www.versiegelung24.com\/lt\/#website","url":"https:\/\/www.versiegelung24.com\/lt\/","name":"versiegelung24.com","description":"Fl\u00fcssigglas-Versiegelung - Made in Germany","publisher":{"@id":"https:\/\/www.versiegelung24.com\/lt\/#organization"},"potentialAction":[{"@type":"SearchAction","target":{"@type":"EntryPoint","urlTemplate":"https:\/\/www.versiegelung24.com\/lt\/?s={search_term_string}"},"query-input":{"@type":"PropertyValueSpecification","valueRequired":true,"valueName":"search_term_string"}}],"inLanguage":"lt-LT"},{"@type":"Organization","@id":"https:\/\/www.versiegelung24.com\/lt\/#organization","name":"versiegelung24","url":"https:\/\/www.versiegelung24.com\/lt\/","logo":{"@type":"ImageObject","inLanguage":"lt-LT","@id":"https:\/\/www.versiegelung24.com\/lt\/#\/schema\/logo\/image\/","url":"https:\/\/www.versiegelung24.com\/wp-content\/uploads\/2020\/04\/versiegelung24.png","contentUrl":"https:\/\/www.versiegelung24.com\/wp-content\/uploads\/2020\/04\/versiegelung24.png","width":470,"height":102,"caption":"versiegelung24"},"image":{"@id":"https:\/\/www.versiegelung24.com\/lt\/#\/schema\/logo\/image\/"}}]},"product_price_amount":"4.99","product_price_currency":"EUR","og_availability":"instock","product_availability":"instock","product_retailer_item_id":"V24-SBVARI1","product_condition":"new"},"_links":{"self":[{"href":"https:\/\/www.versiegelung24.com\/lt\/wp-json\/wp\/v2\/product\/82470","targetHints":{"allow":["GET"]}}],"collection":[{"href":"https:\/\/www.versiegelung24.com\/lt\/wp-json\/wp\/v2\/product"}],"about":[{"href":"https:\/\/www.versiegelung24.com\/lt\/wp-json\/wp\/v2\/types\/product"}],"version-history":[{"count":9,"href":"https:\/\/www.versiegelung24.com\/lt\/wp-json\/wp\/v2\/product\/82470\/revisions"}],"predecessor-version":[{"id":180781,"href":"https:\/\/www.versiegelung24.com\/lt\/wp-json\/wp\/v2\/product\/82470\/revisions\/180781"}],"wp:featuredmedia":[{"embeddable":true,"href":"https:\/\/www.versiegelung24.com\/lt\/wp-json\/wp\/v2\/media\/82526"}],"wp:attachment":[{"href":"https:\/\/www.versiegelung24.com\/lt\/wp-json\/wp\/v2\/media?parent=82470"}],"wp:term":[{"taxonomy":"product_brand","embeddable":true,"href":"https:\/\/www.versiegelung24.com\/lt\/wp-json\/wp\/v2\/product_brand?post=82470"},{"taxonomy":"product_cat","embeddable":true,"href":"https:\/\/www.versiegelung24.com\/lt\/wp-json\/wp\/v2\/product_cat?post=82470"},{"taxonomy":"product_tag","embeddable":true,"href":"https:\/\/www.versiegelung24.com\/lt\/wp-json\/wp\/v2\/product_tag?post=82470"}],"curies":[{"name":"wp","href":"https:\/\/api.w.org\/{rel}","templated":true}]}}