{"id":93751,"date":"2022-10-21T16:49:10","date_gmt":"2022-10-21T14:49:10","guid":{"rendered":"https:\/\/www.versiegelung24.com\/?post_type=product&#038;p=93751"},"modified":"2025-03-31T14:58:27","modified_gmt":"2025-03-31T12:58:27","slug":"taikymo-kempinele-95x40x23mm","status":"publish","type":"product","link":"https:\/\/www.versiegelung24.com\/lt\/mikropluosto-sluoste-40x40cm-pirminiam-valymui-arba-poliravimui-geltona-kopie.html","title":{"rendered":"Kempin\u0117 95x40x23 mm"},"content":{"rendered":"\n<p>Kempin\u0117l\u0117 aplikacijai  <\/p>\n\n<p>Idealiai tinka naudoti kartu su m\u016bs\u0173 <a href=\"https:\/\/www.versiegelung24.com\/applikationstuch-20x20cm.html\">mikropluo\u0161to \u0161luoste skystiems stiklo sandarikliams tepti<\/a>.<\/p>\n\n<p>Rekomenduojame naudoti atskir\u0105 mikropluo\u0161to \u0161luost\u0119 kiekvienam m\u016bs\u0173 pavir\u0161iaus sandarikli\u0173 ir impregnant\u0173 naudojimo etapui.<\/p>\n\n<p>Naudojant tepimo kempin\u0117l\u0119 kartu su m\u016bs\u0173 mikropluo\u0161to \u0161luost\u0117mis, galima dozuoti ir optimizuoti tepim\u0105 ar poliravim\u0105, atsi\u017evelgiant \u012f kempin\u0117l\u0117s pus\u0119, pavir\u0161iaus b\u016bkl\u0119 ir spaudim\u0105.<\/p>\n\n<hr \/>\n\n<h4 class=\"wp-block-heading\" id=\"properties\">Produkto savyb\u0117s<\/h4>\n\n<div class=\"wp-block-columns is-layout-flex wp-container-core-columns-is-layout-9d6595d7 wp-block-columns-is-layout-flex\">\n<div class=\"wp-block-column is-layout-flow wp-block-column-is-layout-flow\">\n<p>Kempin\u0117l\u0117 aplikacijai ir poliravimui Dydis: 95 x 40 x 23 mm  <\/p>\n<\/div>\n\n\n\n<div class=\"wp-block-column is-layout-flow wp-block-column-is-layout-flow\">\n<p>Vir\u0161utinis sluoksnis kietas 5 mm baltas XPE 3000-33 Vidurinis sluoksnis mink\u0161tas 18 mm S2145 m\u0117lynas<\/p>\n<\/div>\n<\/div>\n\n<hr \/>\n\n<h4 class=\"wp-block-heading\" id=\"application\">Parai\u0161ka<\/h4>\n\n<p>Norint tepti m\u016bs\u0173 sandariklius ant lygi\u0173 nesugerian\u010di\u0173 pavir\u0161i\u0173, rekomenduojame derinti su m\u016bs\u0173 <a href=\"https:\/\/www.versiegelung24.com\/applikationstuch-20x20cm.html\">mikropluo\u0161to \u0161luoste skystiems stiklo sandarikliams tepti<\/a>. Mikropluo\u0161to \u0161luost\u0119 pad\u0117kite ant baltos kietosios pus\u0117s, skirtos sandarikliui tepti, ir tepkite sandarikl\u012f pagal atitinkamas naudojimo instrukcijas.<\/p>\n\n<p>Jei norite atkurti blizges\u012f naudodami m\u016bs\u0173 <a href=\"https:\/\/www.versiegelung24.com\/lt\/mikropluosto-sluoste-30x30-cm-skirta-isankstiniam-valymui-ar-poliravimui.html\">mikropluo\u0161to \u0161luost\u0119 30&#215;30 cm, skirt\u0105 pirminiam valymui arba poliravimui<\/a>, taip pat u\u017ed\u0117kite \u0161luost\u0119 ant kempin\u0117s ir naudokite kiet\u0105j\u0105 arba mink\u0161t\u0105j\u0105 kempin\u0117s pus\u0119, priklausomai nuo pavir\u0161iaus b\u016bkl\u0117s ir poreikio, kad tolygiai prispaustum\u0117te padid\u0117jus\u012f pavir\u0161i\u0173.<\/p>\n","protected":false},"excerpt":{"rendered":"<p><strong>Kempin\u0117, skirta sandarikliams tepti<\/strong><\/p>\n<p>\u2713 Daugkartinio naudojimo<\/p>\n<p>\u2713 Draugi\u0161kas aplinkai<\/p>\n<p>\u2713 Patogus<\/p>\n<p>\u2713 Kietoji ir mink\u0161toji pus\u0117<\/p>\n<p>\u2713 95x40x23 mm<\/p>\n<p>&nbsp;<\/p>\n","protected":false},"featured_media":13264,"template":"","meta":{"_acf_changed":false,"neve_meta_sidebar":"","neve_meta_container":"","neve_meta_enable_content_width":"","neve_meta_content_width":0,"neve_meta_title_alignment":"","neve_meta_author_avatar":"","neve_post_elements_order":"","neve_meta_disable_header":"","neve_meta_disable_footer":"","neve_meta_disable_title":"","neve_meta_reading_time":"","_surfaces":[],"_ver_product_tabs":[],"footnotes":""},"product_brand":[],"product_cat":[2186,2217,2246,2480,2518,2615,3080],"product_tag":[],"class_list":{"0":"post-93751","1":"product","2":"type-product","3":"status-publish","4":"has-post-thumbnail","6":"product_cat-automobilio-sandarinimas","7":"product_cat-sandarinimas-stiklui-ir-keramikai","8":"product_cat-pavirsiaus-dezinfekavimo-priemones","9":"product_cat-universalus-sandariklis","10":"product_cat-metalinis-ir-plastikinis-sandarinimas","11":"product_cat-valymo-priemones","12":"product_cat-iranga","14":"first","15":"instock","16":"taxable","17":"shipping-taxable","18":"purchasable","19":"product-type-simple"},"acf":[],"yoast_head":"<!-- This site is optimized with the Yoast SEO Premium plugin v22.8 (Yoast SEO v27.5) - https:\/\/yoast.com\/product\/yoast-seo-premium-wordpress\/ -->\n<title>Kempin\u0117 95x40x23 mm - versiegelung24.com<\/title>\n<meta name=\"description\" content=\"Tepimo kempin\u0117l\u0117 - idealiai tinka m\u016bs\u0173 sandarikliams tepti. Tai universali priemon\u0117 kartu su m\u016bs\u0173 mikropluo\u0161to \u0161luost\u0117mis.\" \/>\n<meta name=\"robots\" content=\"index, follow, max-snippet:-1, max-image-preview:large, max-video-preview:-1\" \/>\n<link rel=\"canonical\" href=\"https:\/\/www.versiegelung24.com\/lt\/mikropluosto-sluoste-40x40cm-pirminiam-valymui-arba-poliravimui-geltona-kopie.html\" \/>\n<meta property=\"og:locale\" content=\"lt_LT\" \/>\n<meta property=\"og:type\" content=\"article\" \/>\n<meta property=\"og:title\" content=\"Kempin\u0117 95x40x23 mm\" \/>\n<meta property=\"og:description\" content=\"Tepimo kempin\u0117l\u0117 - idealiai tinka m\u016bs\u0173 sandarikliams tepti. Tai universali priemon\u0117 kartu su m\u016bs\u0173 mikropluo\u0161to \u0161luost\u0117mis.\" \/>\n<meta property=\"og:url\" content=\"https:\/\/www.versiegelung24.com\/lt\/mikropluosto-sluoste-40x40cm-pirminiam-valymui-arba-poliravimui-geltona-kopie.html\" \/>\n<meta property=\"og:site_name\" content=\"versiegelung24.com\" \/>\n<meta property=\"article:modified_time\" content=\"2025-03-31T12:58:27+00:00\" \/>\n<meta property=\"og:image\" content=\"https:\/\/www.versiegelung24.com\/wp-content\/uploads\/2020\/04\/mikrofasertuch.png\" \/>\n\t<meta property=\"og:image:width\" content=\"1000\" \/>\n\t<meta property=\"og:image:height\" content=\"1000\" \/>\n\t<meta property=\"og:image:type\" content=\"image\/png\" \/>\n<meta name=\"twitter:card\" content=\"summary_large_image\" \/>\n<meta name=\"twitter:label1\" content=\"Price\" \/>\n\t<meta name=\"twitter:data1\" content=\"1,99&euro;\" \/>\n\t<meta name=\"twitter:label2\" content=\"Availability\" \/>\n\t<meta name=\"twitter:data2\" content=\"In stock\" \/>\n<script type=\"application\/ld+json\" class=\"yoast-schema-graph\">{\"@context\":\"https:\\\/\\\/schema.org\",\"@graph\":[{\"@type\":\"WebPage\",\"@id\":\"https:\\\/\\\/www.versiegelung24.com\\\/lt\\\/mikropluosto-sluoste-40x40cm-pirminiam-valymui-arba-poliravimui-geltona-kopie.html\",\"url\":\"https:\\\/\\\/www.versiegelung24.com\\\/lt\\\/mikropluosto-sluoste-40x40cm-pirminiam-valymui-arba-poliravimui-geltona-kopie.html\",\"name\":\"Kempin\u0117 95x40x23 mm - versiegelung24.com\",\"isPartOf\":{\"@id\":\"https:\\\/\\\/www.versiegelung24.com\\\/lt\\\/#website\"},\"primaryImageOfPage\":{\"@id\":\"https:\\\/\\\/www.versiegelung24.com\\\/lt\\\/mikropluosto-sluoste-40x40cm-pirminiam-valymui-arba-poliravimui-geltona-kopie.html#primaryimage\"},\"image\":{\"@id\":\"https:\\\/\\\/www.versiegelung24.com\\\/lt\\\/mikropluosto-sluoste-40x40cm-pirminiam-valymui-arba-poliravimui-geltona-kopie.html#primaryimage\"},\"thumbnailUrl\":\"https:\\\/\\\/www.versiegelung24.com\\\/wp-content\\\/uploads\\\/2020\\\/04\\\/mikrofasertuch.png\",\"datePublished\":\"2022-10-21T14:49:10+00:00\",\"dateModified\":\"2025-03-31T12:58:27+00:00\",\"description\":\"Tepimo kempin\u0117l\u0117 - idealiai tinka m\u016bs\u0173 sandarikliams tepti. Tai universali priemon\u0117 kartu su m\u016bs\u0173 mikropluo\u0161to \u0161luost\u0117mis.\",\"breadcrumb\":{\"@id\":\"https:\\\/\\\/www.versiegelung24.com\\\/lt\\\/mikropluosto-sluoste-40x40cm-pirminiam-valymui-arba-poliravimui-geltona-kopie.html#breadcrumb\"},\"inLanguage\":\"lt-LT\",\"potentialAction\":[{\"@type\":\"ReadAction\",\"target\":[\"https:\\\/\\\/www.versiegelung24.com\\\/lt\\\/mikropluosto-sluoste-40x40cm-pirminiam-valymui-arba-poliravimui-geltona-kopie.html\"]}]},{\"@type\":\"ImageObject\",\"inLanguage\":\"lt-LT\",\"@id\":\"https:\\\/\\\/www.versiegelung24.com\\\/lt\\\/mikropluosto-sluoste-40x40cm-pirminiam-valymui-arba-poliravimui-geltona-kopie.html#primaryimage\",\"url\":\"https:\\\/\\\/www.versiegelung24.com\\\/wp-content\\\/uploads\\\/2020\\\/04\\\/mikrofasertuch.png\",\"contentUrl\":\"https:\\\/\\\/www.versiegelung24.com\\\/wp-content\\\/uploads\\\/2020\\\/04\\\/mikrofasertuch.png\",\"width\":1000,\"height\":1000},{\"@type\":\"BreadcrumbList\",\"@id\":\"https:\\\/\\\/www.versiegelung24.com\\\/lt\\\/mikropluosto-sluoste-40x40cm-pirminiam-valymui-arba-poliravimui-geltona-kopie.html#breadcrumb\",\"itemListElement\":[{\"@type\":\"ListItem\",\"position\":1,\"name\":\"Prad\u017eia\",\"item\":\"https:\\\/\\\/www.versiegelung24.com\\\/lt\\\/priekinis\\\/\"},{\"@type\":\"ListItem\",\"position\":2,\"name\":\"Parduotuv\u0117\",\"item\":\"https:\\\/\\\/www.versiegelung24.com\\\/lt\\\/parduotuve-2\\\/\"},{\"@type\":\"ListItem\",\"position\":3,\"name\":\"Kempin\u0117 95x40x23 mm\"}]},{\"@type\":\"WebSite\",\"@id\":\"https:\\\/\\\/www.versiegelung24.com\\\/lt\\\/#website\",\"url\":\"https:\\\/\\\/www.versiegelung24.com\\\/lt\\\/\",\"name\":\"versiegelung24.com\",\"description\":\"Fl\u00fcssigglas-Versiegelung - Made in Germany\",\"publisher\":{\"@id\":\"https:\\\/\\\/www.versiegelung24.com\\\/lt\\\/#organization\"},\"potentialAction\":[{\"@type\":\"SearchAction\",\"target\":{\"@type\":\"EntryPoint\",\"urlTemplate\":\"https:\\\/\\\/www.versiegelung24.com\\\/lt\\\/?s={search_term_string}\"},\"query-input\":{\"@type\":\"PropertyValueSpecification\",\"valueRequired\":true,\"valueName\":\"search_term_string\"}}],\"inLanguage\":\"lt-LT\"},{\"@type\":\"Organization\",\"@id\":\"https:\\\/\\\/www.versiegelung24.com\\\/lt\\\/#organization\",\"name\":\"versiegelung24\",\"url\":\"https:\\\/\\\/www.versiegelung24.com\\\/lt\\\/\",\"logo\":{\"@type\":\"ImageObject\",\"inLanguage\":\"lt-LT\",\"@id\":\"https:\\\/\\\/www.versiegelung24.com\\\/lt\\\/#\\\/schema\\\/logo\\\/image\\\/\",\"url\":\"https:\\\/\\\/www.versiegelung24.com\\\/wp-content\\\/uploads\\\/2020\\\/04\\\/versiegelung24.png\",\"contentUrl\":\"https:\\\/\\\/www.versiegelung24.com\\\/wp-content\\\/uploads\\\/2020\\\/04\\\/versiegelung24.png\",\"width\":470,\"height\":102,\"caption\":\"versiegelung24\"},\"image\":{\"@id\":\"https:\\\/\\\/www.versiegelung24.com\\\/lt\\\/#\\\/schema\\\/logo\\\/image\\\/\"}}]}<\/script>\n<meta property=\"product:price:amount\" content=\"1.99\" \/>\n<meta property=\"product:price:currency\" content=\"EUR\" \/>\n<meta property=\"og:availability\" content=\"instock\" \/>\n<meta property=\"product:availability\" content=\"instock\" \/>\n<meta property=\"product:retailer_item_id\" content=\"V24-9010-1\" \/>\n<meta property=\"product:condition\" content=\"new\" \/>\n<!-- \/ Yoast SEO Premium plugin. -->","yoast_head_json":{"title":"Kempin\u0117 95x40x23 mm - versiegelung24.com","description":"Tepimo kempin\u0117l\u0117 - idealiai tinka m\u016bs\u0173 sandarikliams tepti. Tai universali priemon\u0117 kartu su m\u016bs\u0173 mikropluo\u0161to \u0161luost\u0117mis.","robots":{"index":"index","follow":"follow","max-snippet":"max-snippet:-1","max-image-preview":"max-image-preview:large","max-video-preview":"max-video-preview:-1"},"canonical":"https:\/\/www.versiegelung24.com\/lt\/mikropluosto-sluoste-40x40cm-pirminiam-valymui-arba-poliravimui-geltona-kopie.html","og_locale":"lt_LT","og_type":"article","og_title":"Kempin\u0117 95x40x23 mm","og_description":"Tepimo kempin\u0117l\u0117 - idealiai tinka m\u016bs\u0173 sandarikliams tepti. Tai universali priemon\u0117 kartu su m\u016bs\u0173 mikropluo\u0161to \u0161luost\u0117mis.","og_url":"https:\/\/www.versiegelung24.com\/lt\/mikropluosto-sluoste-40x40cm-pirminiam-valymui-arba-poliravimui-geltona-kopie.html","og_site_name":"versiegelung24.com","article_modified_time":"2025-03-31T12:58:27+00:00","og_image":[{"width":1000,"height":1000,"url":"https:\/\/www.versiegelung24.com\/wp-content\/uploads\/2020\/04\/mikrofasertuch.png","type":"image\/png"}],"twitter_card":"summary_large_image","twitter_misc":{"Price":"1,99&euro;","Availability":"In stock"},"schema":{"@context":"https:\/\/schema.org","@graph":[{"@type":"WebPage","@id":"https:\/\/www.versiegelung24.com\/lt\/mikropluosto-sluoste-40x40cm-pirminiam-valymui-arba-poliravimui-geltona-kopie.html","url":"https:\/\/www.versiegelung24.com\/lt\/mikropluosto-sluoste-40x40cm-pirminiam-valymui-arba-poliravimui-geltona-kopie.html","name":"Kempin\u0117 95x40x23 mm - versiegelung24.com","isPartOf":{"@id":"https:\/\/www.versiegelung24.com\/lt\/#website"},"primaryImageOfPage":{"@id":"https:\/\/www.versiegelung24.com\/lt\/mikropluosto-sluoste-40x40cm-pirminiam-valymui-arba-poliravimui-geltona-kopie.html#primaryimage"},"image":{"@id":"https:\/\/www.versiegelung24.com\/lt\/mikropluosto-sluoste-40x40cm-pirminiam-valymui-arba-poliravimui-geltona-kopie.html#primaryimage"},"thumbnailUrl":"https:\/\/www.versiegelung24.com\/wp-content\/uploads\/2020\/04\/mikrofasertuch.png","datePublished":"2022-10-21T14:49:10+00:00","dateModified":"2025-03-31T12:58:27+00:00","description":"Tepimo kempin\u0117l\u0117 - idealiai tinka m\u016bs\u0173 sandarikliams tepti. Tai universali priemon\u0117 kartu su m\u016bs\u0173 mikropluo\u0161to \u0161luost\u0117mis.","breadcrumb":{"@id":"https:\/\/www.versiegelung24.com\/lt\/mikropluosto-sluoste-40x40cm-pirminiam-valymui-arba-poliravimui-geltona-kopie.html#breadcrumb"},"inLanguage":"lt-LT","potentialAction":[{"@type":"ReadAction","target":["https:\/\/www.versiegelung24.com\/lt\/mikropluosto-sluoste-40x40cm-pirminiam-valymui-arba-poliravimui-geltona-kopie.html"]}]},{"@type":"ImageObject","inLanguage":"lt-LT","@id":"https:\/\/www.versiegelung24.com\/lt\/mikropluosto-sluoste-40x40cm-pirminiam-valymui-arba-poliravimui-geltona-kopie.html#primaryimage","url":"https:\/\/www.versiegelung24.com\/wp-content\/uploads\/2020\/04\/mikrofasertuch.png","contentUrl":"https:\/\/www.versiegelung24.com\/wp-content\/uploads\/2020\/04\/mikrofasertuch.png","width":1000,"height":1000},{"@type":"BreadcrumbList","@id":"https:\/\/www.versiegelung24.com\/lt\/mikropluosto-sluoste-40x40cm-pirminiam-valymui-arba-poliravimui-geltona-kopie.html#breadcrumb","itemListElement":[{"@type":"ListItem","position":1,"name":"Prad\u017eia","item":"https:\/\/www.versiegelung24.com\/lt\/priekinis\/"},{"@type":"ListItem","position":2,"name":"Parduotuv\u0117","item":"https:\/\/www.versiegelung24.com\/lt\/parduotuve-2\/"},{"@type":"ListItem","position":3,"name":"Kempin\u0117 95x40x23 mm"}]},{"@type":"WebSite","@id":"https:\/\/www.versiegelung24.com\/lt\/#website","url":"https:\/\/www.versiegelung24.com\/lt\/","name":"versiegelung24.com","description":"Fl\u00fcssigglas-Versiegelung - Made in Germany","publisher":{"@id":"https:\/\/www.versiegelung24.com\/lt\/#organization"},"potentialAction":[{"@type":"SearchAction","target":{"@type":"EntryPoint","urlTemplate":"https:\/\/www.versiegelung24.com\/lt\/?s={search_term_string}"},"query-input":{"@type":"PropertyValueSpecification","valueRequired":true,"valueName":"search_term_string"}}],"inLanguage":"lt-LT"},{"@type":"Organization","@id":"https:\/\/www.versiegelung24.com\/lt\/#organization","name":"versiegelung24","url":"https:\/\/www.versiegelung24.com\/lt\/","logo":{"@type":"ImageObject","inLanguage":"lt-LT","@id":"https:\/\/www.versiegelung24.com\/lt\/#\/schema\/logo\/image\/","url":"https:\/\/www.versiegelung24.com\/wp-content\/uploads\/2020\/04\/versiegelung24.png","contentUrl":"https:\/\/www.versiegelung24.com\/wp-content\/uploads\/2020\/04\/versiegelung24.png","width":470,"height":102,"caption":"versiegelung24"},"image":{"@id":"https:\/\/www.versiegelung24.com\/lt\/#\/schema\/logo\/image\/"}}]},"product_price_amount":"1.99","product_price_currency":"EUR","og_availability":"instock","product_availability":"instock","product_retailer_item_id":"V24-9010-1","product_condition":"new"},"_links":{"self":[{"href":"https:\/\/www.versiegelung24.com\/lt\/wp-json\/wp\/v2\/product\/93751","targetHints":{"allow":["GET"]}}],"collection":[{"href":"https:\/\/www.versiegelung24.com\/lt\/wp-json\/wp\/v2\/product"}],"about":[{"href":"https:\/\/www.versiegelung24.com\/lt\/wp-json\/wp\/v2\/types\/product"}],"version-history":[{"count":11,"href":"https:\/\/www.versiegelung24.com\/lt\/wp-json\/wp\/v2\/product\/93751\/revisions"}],"predecessor-version":[{"id":180672,"href":"https:\/\/www.versiegelung24.com\/lt\/wp-json\/wp\/v2\/product\/93751\/revisions\/180672"}],"wp:featuredmedia":[{"embeddable":true,"href":"https:\/\/www.versiegelung24.com\/lt\/wp-json\/wp\/v2\/media\/13264"}],"wp:attachment":[{"href":"https:\/\/www.versiegelung24.com\/lt\/wp-json\/wp\/v2\/media?parent=93751"}],"wp:term":[{"taxonomy":"product_brand","embeddable":true,"href":"https:\/\/www.versiegelung24.com\/lt\/wp-json\/wp\/v2\/product_brand?post=93751"},{"taxonomy":"product_cat","embeddable":true,"href":"https:\/\/www.versiegelung24.com\/lt\/wp-json\/wp\/v2\/product_cat?post=93751"},{"taxonomy":"product_tag","embeddable":true,"href":"https:\/\/www.versiegelung24.com\/lt\/wp-json\/wp\/v2\/product_tag?post=93751"}],"curies":[{"name":"wp","href":"https:\/\/api.w.org\/{rel}","templated":true}]}}