{"id":94881,"date":"2022-11-29T14:50:43","date_gmt":"2022-11-29T13:50:47","guid":{"rendered":"https:\/\/www.versiegelung24.com\/?post_type=product&#038;p=94881"},"modified":"2025-01-05T17:42:25","modified_gmt":"2025-01-05T16:42:25","slug":"percent-c2-percent","status":"publish","type":"product","link":"https:\/\/www.versiegelung24.com\/lt\/percent-c2-percent.html","title":{"rendered":"TiOSEPT\u00ae SG-55 Ilgalaik\u0117 pavir\u0161iaus apsauga, 20 rinkini\u0173 po 1 m\u00b2"},"content":{"rendered":"\n<p><strong>Antimikrobinis skystas stiklo sandariklis,<\/strong> veikiantis <strong>iki 18 m\u0117nesi\u0173<\/strong> &#8211; 20 paruo\u0161t\u0173 naudoti paket\u0117li\u0173 rinkini\u0173 po 1 m\u00b2 pavir\u0161iaus.  <\/p>\n\n<p><strong>Ilgalaik\u0117 pavir\u0161iaus apsauga, tinkama lygiems pavir\u0161iams<\/strong>: Stiklas, ner\u016bdijantis plienas, aliuminis ir apdorota mediena<\/p>\n\n<hr\/>\n\n<h4 class=\"wp-block-heading\" id=\"properties\">Produkto savyb\u0117s<\/h4>\n\n<div class=\"wp-block-columns is-layout-flex wp-container-core-columns-is-layout-9d6595d7 wp-block-columns-is-layout-flex\">\n<div class=\"wp-block-column is-layout-flow wp-block-column-is-layout-flow\">\n<ul class=\"wp-block-list\">\n<li>Pa\u0161alina iki 99,99 % bakterij\u0173 (E. coli, S. aureus) ir virus\u0173 su apvalkalu (Corona, Ebola, Rota virusas).<\/li>\n\n\n\n<li>Saugo nuo mieli\u0173 ir pel\u0117sini\u0173 grybeli\u0173 kolonizacijos<\/li>\n\n\n\n<li>Dermatologi\u0161kai patikrinta &#8220;labai gera<\/li>\n\n\n\n<li>Pavir\u0161i\u0173 lengviau ir grei\u010diau valyti (&#8220;lengva valyti&#8221;).<\/li>\n\n\n\n<li>Skirtas vidaus ir lauko reikm\u0117ms<\/li>\n\n\n\n<li>Atsparus dilimui (padidintas atsparumas \u012fbr\u0117\u017eimams)<\/li>\n\n\n\n<li>Paprastas ir greitas taikymas<\/li>\n\n\n\n<li>Stiklo pavir\u0161iaus kietumas 9H (T\u00dcV bandymas pagal MSZ EN ISO 15184:2013)<\/li>\n\n\n\n<li>\u012ebr\u0117\u017eim\u0173 \u012f stikl\u0105 kietumas 10N (T\u00dcV bandymas pagal MSZ 9640\/41:1983)<\/li>\n\n\n\n<li>Kontaktinis kampas 95\u00b0 ant stiklo ir 91\u00b0 ant ner\u016bdijan\u010dio plieno, po 10 000 valymo cikl\u0173 92\u00b0 + 85\u00b0 (T\u00dcV bandyta su vandeniu)<\/li>\n<\/ul>\n<\/div>\n\n\n\n<div class=\"wp-block-column is-layout-flow wp-block-column-is-layout-flow\">\n<ul class=\"wp-block-list\">\n<li>Sluoksnio storis apie 20 nm (nanometr\u0173)<\/li>\n\n\n\n<li>\u0160iurk\u0161tumas: 6 nm pavir\u0161iuje<\/li>\n\n\n\n<li>paket\u0117liai (atskirai supakuotos dr\u0117gnos servet\u0117l\u0117s)<\/li>\n\n\n\n<li>1 paket\u0117lis: pirminio valymo \u0161luost\u0117, i\u0161mirkyta 99 % IPA (izopropanoliu).<\/li>\n\n\n\n<li>2 mai\u0161elis: sandarinimo \u0161luost\u0117, i\u0161mirkyta TiOSEPT\u00ae SG-55.<\/li>\n\n\n\n<li>Viskoz\u0117s vilna, be plastiko, 60 g\/m\u00b2<\/li>\n\n\n\n<li>Audinio dydis 100 x 140 mm<\/li>\n\n\n\n<li>Vieno skudur\u0117lio u\u017etenka ma\u017edaug 1 m\u00b2<\/li>\n\n\n\n<li>BAUA-Reg.Nr. N-104947<\/li>\n<\/ul>\n<\/div>\n<\/div>\n\n<hr\/>\n\n<h4 class=\"wp-block-heading\" id=\"application\">Parai\u0161ka<\/h4>\n\n<p><strong>TiOSEPT\u00ae SG-55 <\/strong>paruo\u0161tas naudoti paket\u0117li\u0173 rinkinys lygiems pavir\u0161iams &#8211; stiklui, ner\u016bdijan\u010diam plienui, plienui, aliumininiam plastikui ir apdorotai medienai<\/p>\n\n<h5 class=\"wp-block-heading\">I\u0161ankstinis valymas<\/h5>\n\n<p>Rekomenduojama m\u016bv\u0117ti vienkartines apsaugines pir\u0161tines. Naudojimo temperat\u016bra 5-35 \u00b0C.<\/p>\n\n<ol class=\"wp-block-list\">\n<li>Pavir\u0161i\u0173 ypa\u010d kruop\u0161\u010diai valykite prekyboje esan\u010diais valikliais. Kuo geriau i\u0161valysite, tuo ilgiau tarnaus sandariklis. Tada i\u0161d\u017eiovinkite pavir\u0161i\u0173.<\/li>\n\n\n\n<li>I\u0161imkite i\u0161 paket\u0117lio alkoholio valymo \u0161luost\u0119 ir kruop\u0161\u010diai nuvalykite pavir\u0161i\u0173.<\/li>\n\n\n\n<li>Pavir\u0161ius min. Leiskite i\u0161d\u017ei\u016bti 1 minut\u0119.<\/li>\n<\/ol>\n\n<h5 class=\"wp-block-heading\">Sandarinimas<\/h5>\n\n<p>Rekomenduojama m\u016bv\u0117ti vienkartines apsaugines pir\u0161tines. Naudojimo temperat\u016bra 5-35 \u00b0C.<\/p>\n\n<ol class=\"wp-block-list\">\n<li>I\u0161imkite sandarinimo audin\u012f i\u0161 mai\u0161elio ir nuvalykite pavir\u0161i\u0173 vien\u0105 kart\u0105 vertikaliai ir vien\u0105 kart\u0105 horizontaliai. \u0160luost\u0117s u\u017etenka ma\u017edaug 1 m\u00b2. Svarbu, kad dirbtum\u0117te greitai, nes audinys i\u0161d\u017ei\u016bsta ma\u017edaug po 90 sekund\u017ei\u0173.<\/li>\n\n\n\n<li>Leiskite pavir\u0161iui i\u0161d\u017ei\u016bti bent 2 minutes (\u017eemesn\u0117je nei 15 \u00b0C temperat\u016broje = 10 minu\u010di\u0173), 10 minu\u010di\u0173 jo nelieskite. Visi\u0161kai sukiet\u0117ja po 10 valand\u0173. Jei reikia, pakartokite naudojim\u0105. Jei yra \u0161iek tiek pilkos spalvos, j\u0105 galima atsargiai nupoliruoti mikropluo\u0161to \u0161luoste.<\/li>\n<\/ol>\n\n<p>Plastikiniai pavir\u0161iai tampa antimikrobiniai ir \u012fgauna didesn\u012f hidrofobi\u0161kum\u0105, atsparumas \u012fbr\u0117\u017eimams nepakinta. Nerekomenduojama naudoti ant polikarbonato ir Plexiglas\u00ae.<\/p>\n\n<h5 class=\"wp-block-heading\" id=\"gebrauch\">saugykla<\/h5>\n\n<p><strong>TiOSEPT\u00ae SG-55<\/strong> laikykite +5-25 \u00b0C temperat\u016broje. Saugoti nuo \u0161al\u010dio ir tiesiogini\u0173 saul\u0117s spinduli\u0173.<\/p>\n","protected":false},"excerpt":{"rendered":"<p><strong>Antimikrobin\u0117 ilgalaik\u0117 apsauga iki 18 m\u0117nesi\u0173<\/strong> <strong>lygiems pavir\u0161iams<\/strong><\/p>\n<p>\u2713 Skaidrus ir nematomas<\/p>\n<p>\u2713 Nepraleid\u017eia vandens<\/p>\n<p>I\u0161bandyta nepriklausom\u0173 bandym\u0173 institut\u0173<\/p>\n<p>\u2713 Paruo\u0161ti naudoti paket\u0117li\u0173 rinkiniai, skirti i\u0161ankstiniam valymui ir sandarinimui<\/p>\n","protected":false},"featured_media":94929,"template":"","meta":{"_acf_changed":false,"neve_meta_sidebar":"","neve_meta_container":"","neve_meta_enable_content_width":"","neve_meta_content_width":0,"neve_meta_title_alignment":"","neve_meta_author_avatar":"","neve_post_elements_order":"","neve_meta_disable_header":"","neve_meta_disable_footer":"","neve_meta_disable_title":"","neve_meta_reading_time":"","_surfaces":[],"_ver_product_tabs":[],"footnotes":""},"product_brand":[],"product_cat":[2245,2246,2480,2518,3021,2217],"product_tag":[],"class_list":{"0":"post-94881","1":"product","2":"type-product","3":"status-publish","4":"has-post-thumbnail","6":"product_cat-dezinfekavimo-priemones","7":"product_cat-pavirsiaus-dezinfekavimo-priemones","8":"product_cat-universalus-sandariklis","9":"product_cat-metalinis-ir-plastikinis-sandarinimas","10":"product_cat-mobiliuju-telefonu-dezinfekavimo-priemone","11":"product_cat-sandarinimas-stiklui-ir-keramikai","13":"first","14":"onbackorder","15":"taxable","16":"shipping-taxable","17":"purchasable","18":"product-type-simple"},"acf":[],"yoast_head":"<!-- This site is optimized with the Yoast SEO Premium plugin v22.8 (Yoast SEO v27.5) - https:\/\/yoast.com\/product\/yoast-seo-premium-wordpress\/ -->\n<title>TiOSEPT\u00ae SG-55 Ilgalaik\u0117 pavir\u0161iaus apsauga, 20 rinkini\u0173 po 1 m\u00b2 - versiegelung24.com<\/title>\n<meta name=\"robots\" content=\"index, follow, max-snippet:-1, max-image-preview:large, max-video-preview:-1\" \/>\n<link rel=\"canonical\" href=\"https:\/\/www.versiegelung24.com\/lt\/percent-c2-percent.html\" \/>\n<meta property=\"og:locale\" content=\"lt_LT\" \/>\n<meta property=\"og:type\" content=\"article\" \/>\n<meta property=\"og:title\" content=\"TiOSEPT\u00ae SG-55 Ilgalaik\u0117 pavir\u0161iaus apsauga, 20 rinkini\u0173 po 1 m\u00b2\" \/>\n<meta property=\"og:description\" content=\"Antimikrobin\u0117 ilgalaik\u0117 apsauga iki 18 m\u0117nesi\u0173 lygiems pavir\u0161iams \u2713 Skaidrus ir nematomas \u2713 Nepraleid\u017eia vandens I\u0161bandyta nepriklausom\u0173 bandym\u0173 institut\u0173 \u2713 Paruo\u0161ti naudoti paket\u0117li\u0173 rinkiniai, skirti i\u0161ankstiniam valymui ir sandarinimui\" \/>\n<meta property=\"og:url\" content=\"https:\/\/www.versiegelung24.com\/lt\/percent-c2-percent.html\" \/>\n<meta property=\"og:site_name\" content=\"versiegelung24.com\" \/>\n<meta property=\"article:modified_time\" content=\"2025-01-05T16:42:25+00:00\" \/>\n<meta property=\"og:image\" content=\"https:\/\/www.versiegelung24.com\/wp-content\/uploads\/2022\/11\/Tiosept-Schachtel-rechts.jpg\" \/>\n\t<meta property=\"og:image:width\" content=\"1668\" \/>\n\t<meta property=\"og:image:height\" content=\"1568\" \/>\n\t<meta property=\"og:image:type\" content=\"image\/jpeg\" \/>\n<meta name=\"twitter:card\" content=\"summary_large_image\" \/>\n<meta name=\"twitter:label1\" content=\"Price\" \/>\n\t<meta name=\"twitter:data1\" content=\"79,99&euro;\" \/>\n\t<meta name=\"twitter:label2\" content=\"Availability\" \/>\n\t<meta name=\"twitter:data2\" content=\"On backorder\" \/>\n<script type=\"application\/ld+json\" class=\"yoast-schema-graph\">{\"@context\":\"https:\\\/\\\/schema.org\",\"@graph\":[{\"@type\":\"WebPage\",\"@id\":\"https:\\\/\\\/www.versiegelung24.com\\\/lt\\\/percent-c2-percent.html\",\"url\":\"https:\\\/\\\/www.versiegelung24.com\\\/lt\\\/percent-c2-percent.html\",\"name\":\"TiOSEPT\u00ae SG-55 Ilgalaik\u0117 pavir\u0161iaus apsauga, 20 rinkini\u0173 po 1 m\u00b2 - versiegelung24.com\",\"isPartOf\":{\"@id\":\"https:\\\/\\\/www.versiegelung24.com\\\/lt\\\/#website\"},\"primaryImageOfPage\":{\"@id\":\"https:\\\/\\\/www.versiegelung24.com\\\/lt\\\/percent-c2-percent.html#primaryimage\"},\"image\":{\"@id\":\"https:\\\/\\\/www.versiegelung24.com\\\/lt\\\/percent-c2-percent.html#primaryimage\"},\"thumbnailUrl\":\"https:\\\/\\\/www.versiegelung24.com\\\/wp-content\\\/uploads\\\/2022\\\/11\\\/Tiosept-Schachtel-rechts.jpg\",\"datePublished\":\"2022-11-29T13:50:47+00:00\",\"dateModified\":\"2025-01-05T16:42:25+00:00\",\"breadcrumb\":{\"@id\":\"https:\\\/\\\/www.versiegelung24.com\\\/lt\\\/percent-c2-percent.html#breadcrumb\"},\"inLanguage\":\"lt-LT\",\"potentialAction\":[{\"@type\":\"ReadAction\",\"target\":[\"https:\\\/\\\/www.versiegelung24.com\\\/lt\\\/percent-c2-percent.html\"]}]},{\"@type\":\"ImageObject\",\"inLanguage\":\"lt-LT\",\"@id\":\"https:\\\/\\\/www.versiegelung24.com\\\/lt\\\/percent-c2-percent.html#primaryimage\",\"url\":\"https:\\\/\\\/www.versiegelung24.com\\\/wp-content\\\/uploads\\\/2022\\\/11\\\/Tiosept-Schachtel-rechts.jpg\",\"contentUrl\":\"https:\\\/\\\/www.versiegelung24.com\\\/wp-content\\\/uploads\\\/2022\\\/11\\\/Tiosept-Schachtel-rechts.jpg\",\"width\":1668,\"height\":1568},{\"@type\":\"BreadcrumbList\",\"@id\":\"https:\\\/\\\/www.versiegelung24.com\\\/lt\\\/percent-c2-percent.html#breadcrumb\",\"itemListElement\":[{\"@type\":\"ListItem\",\"position\":1,\"name\":\"Prad\u017eia\",\"item\":\"https:\\\/\\\/www.versiegelung24.com\\\/lt\\\/priekinis\\\/\"},{\"@type\":\"ListItem\",\"position\":2,\"name\":\"Parduotuv\u0117\",\"item\":\"https:\\\/\\\/www.versiegelung24.com\\\/lt\\\/parduotuve-2\\\/\"},{\"@type\":\"ListItem\",\"position\":3,\"name\":\"TiOSEPT\u00ae SG-55 Ilgalaik\u0117 pavir\u0161iaus apsauga, 20 rinkini\u0173 po 1 m\u00b2\"}]},{\"@type\":\"WebSite\",\"@id\":\"https:\\\/\\\/www.versiegelung24.com\\\/lt\\\/#website\",\"url\":\"https:\\\/\\\/www.versiegelung24.com\\\/lt\\\/\",\"name\":\"versiegelung24.com\",\"description\":\"Fl\u00fcssigglas-Versiegelung - Made in Germany\",\"publisher\":{\"@id\":\"https:\\\/\\\/www.versiegelung24.com\\\/lt\\\/#organization\"},\"potentialAction\":[{\"@type\":\"SearchAction\",\"target\":{\"@type\":\"EntryPoint\",\"urlTemplate\":\"https:\\\/\\\/www.versiegelung24.com\\\/lt\\\/?s={search_term_string}\"},\"query-input\":{\"@type\":\"PropertyValueSpecification\",\"valueRequired\":true,\"valueName\":\"search_term_string\"}}],\"inLanguage\":\"lt-LT\"},{\"@type\":\"Organization\",\"@id\":\"https:\\\/\\\/www.versiegelung24.com\\\/lt\\\/#organization\",\"name\":\"versiegelung24\",\"url\":\"https:\\\/\\\/www.versiegelung24.com\\\/lt\\\/\",\"logo\":{\"@type\":\"ImageObject\",\"inLanguage\":\"lt-LT\",\"@id\":\"https:\\\/\\\/www.versiegelung24.com\\\/lt\\\/#\\\/schema\\\/logo\\\/image\\\/\",\"url\":\"https:\\\/\\\/www.versiegelung24.com\\\/wp-content\\\/uploads\\\/2020\\\/04\\\/versiegelung24.png\",\"contentUrl\":\"https:\\\/\\\/www.versiegelung24.com\\\/wp-content\\\/uploads\\\/2020\\\/04\\\/versiegelung24.png\",\"width\":470,\"height\":102,\"caption\":\"versiegelung24\"},\"image\":{\"@id\":\"https:\\\/\\\/www.versiegelung24.com\\\/lt\\\/#\\\/schema\\\/logo\\\/image\\\/\"}}]}<\/script>\n<meta property=\"product:price:amount\" content=\"79.99\" \/>\n<meta property=\"product:price:currency\" content=\"EUR\" \/>\n<meta property=\"og:availability\" content=\"backorder\" \/>\n<meta property=\"product:availability\" content=\"available for order\" \/>\n<meta property=\"product:retailer_item_id\" content=\"TiOS-SG55-SA1-20\" \/>\n<meta property=\"product:condition\" content=\"new\" \/>\n<!-- \/ Yoast SEO Premium plugin. -->","yoast_head_json":{"title":"TiOSEPT\u00ae SG-55 Ilgalaik\u0117 pavir\u0161iaus apsauga, 20 rinkini\u0173 po 1 m\u00b2 - versiegelung24.com","robots":{"index":"index","follow":"follow","max-snippet":"max-snippet:-1","max-image-preview":"max-image-preview:large","max-video-preview":"max-video-preview:-1"},"canonical":"https:\/\/www.versiegelung24.com\/lt\/percent-c2-percent.html","og_locale":"lt_LT","og_type":"article","og_title":"TiOSEPT\u00ae SG-55 Ilgalaik\u0117 pavir\u0161iaus apsauga, 20 rinkini\u0173 po 1 m\u00b2","og_description":"Antimikrobin\u0117 ilgalaik\u0117 apsauga iki 18 m\u0117nesi\u0173 lygiems pavir\u0161iams \u2713 Skaidrus ir nematomas \u2713 Nepraleid\u017eia vandens I\u0161bandyta nepriklausom\u0173 bandym\u0173 institut\u0173 \u2713 Paruo\u0161ti naudoti paket\u0117li\u0173 rinkiniai, skirti i\u0161ankstiniam valymui ir sandarinimui","og_url":"https:\/\/www.versiegelung24.com\/lt\/percent-c2-percent.html","og_site_name":"versiegelung24.com","article_modified_time":"2025-01-05T16:42:25+00:00","og_image":[{"width":1668,"height":1568,"url":"https:\/\/www.versiegelung24.com\/wp-content\/uploads\/2022\/11\/Tiosept-Schachtel-rechts.jpg","type":"image\/jpeg"}],"twitter_card":"summary_large_image","twitter_misc":{"Price":"79,99&euro;","Availability":"On backorder"},"schema":{"@context":"https:\/\/schema.org","@graph":[{"@type":"WebPage","@id":"https:\/\/www.versiegelung24.com\/lt\/percent-c2-percent.html","url":"https:\/\/www.versiegelung24.com\/lt\/percent-c2-percent.html","name":"TiOSEPT\u00ae SG-55 Ilgalaik\u0117 pavir\u0161iaus apsauga, 20 rinkini\u0173 po 1 m\u00b2 - versiegelung24.com","isPartOf":{"@id":"https:\/\/www.versiegelung24.com\/lt\/#website"},"primaryImageOfPage":{"@id":"https:\/\/www.versiegelung24.com\/lt\/percent-c2-percent.html#primaryimage"},"image":{"@id":"https:\/\/www.versiegelung24.com\/lt\/percent-c2-percent.html#primaryimage"},"thumbnailUrl":"https:\/\/www.versiegelung24.com\/wp-content\/uploads\/2022\/11\/Tiosept-Schachtel-rechts.jpg","datePublished":"2022-11-29T13:50:47+00:00","dateModified":"2025-01-05T16:42:25+00:00","breadcrumb":{"@id":"https:\/\/www.versiegelung24.com\/lt\/percent-c2-percent.html#breadcrumb"},"inLanguage":"lt-LT","potentialAction":[{"@type":"ReadAction","target":["https:\/\/www.versiegelung24.com\/lt\/percent-c2-percent.html"]}]},{"@type":"ImageObject","inLanguage":"lt-LT","@id":"https:\/\/www.versiegelung24.com\/lt\/percent-c2-percent.html#primaryimage","url":"https:\/\/www.versiegelung24.com\/wp-content\/uploads\/2022\/11\/Tiosept-Schachtel-rechts.jpg","contentUrl":"https:\/\/www.versiegelung24.com\/wp-content\/uploads\/2022\/11\/Tiosept-Schachtel-rechts.jpg","width":1668,"height":1568},{"@type":"BreadcrumbList","@id":"https:\/\/www.versiegelung24.com\/lt\/percent-c2-percent.html#breadcrumb","itemListElement":[{"@type":"ListItem","position":1,"name":"Prad\u017eia","item":"https:\/\/www.versiegelung24.com\/lt\/priekinis\/"},{"@type":"ListItem","position":2,"name":"Parduotuv\u0117","item":"https:\/\/www.versiegelung24.com\/lt\/parduotuve-2\/"},{"@type":"ListItem","position":3,"name":"TiOSEPT\u00ae SG-55 Ilgalaik\u0117 pavir\u0161iaus apsauga, 20 rinkini\u0173 po 1 m\u00b2"}]},{"@type":"WebSite","@id":"https:\/\/www.versiegelung24.com\/lt\/#website","url":"https:\/\/www.versiegelung24.com\/lt\/","name":"versiegelung24.com","description":"Fl\u00fcssigglas-Versiegelung - Made in Germany","publisher":{"@id":"https:\/\/www.versiegelung24.com\/lt\/#organization"},"potentialAction":[{"@type":"SearchAction","target":{"@type":"EntryPoint","urlTemplate":"https:\/\/www.versiegelung24.com\/lt\/?s={search_term_string}"},"query-input":{"@type":"PropertyValueSpecification","valueRequired":true,"valueName":"search_term_string"}}],"inLanguage":"lt-LT"},{"@type":"Organization","@id":"https:\/\/www.versiegelung24.com\/lt\/#organization","name":"versiegelung24","url":"https:\/\/www.versiegelung24.com\/lt\/","logo":{"@type":"ImageObject","inLanguage":"lt-LT","@id":"https:\/\/www.versiegelung24.com\/lt\/#\/schema\/logo\/image\/","url":"https:\/\/www.versiegelung24.com\/wp-content\/uploads\/2020\/04\/versiegelung24.png","contentUrl":"https:\/\/www.versiegelung24.com\/wp-content\/uploads\/2020\/04\/versiegelung24.png","width":470,"height":102,"caption":"versiegelung24"},"image":{"@id":"https:\/\/www.versiegelung24.com\/lt\/#\/schema\/logo\/image\/"}}]},"product_price_amount":"79.99","product_price_currency":"EUR","og_availability":"backorder","product_availability":"available for order","product_retailer_item_id":"TiOS-SG55-SA1-20","product_condition":"new"},"_links":{"self":[{"href":"https:\/\/www.versiegelung24.com\/lt\/wp-json\/wp\/v2\/product\/94881","targetHints":{"allow":["GET"]}}],"collection":[{"href":"https:\/\/www.versiegelung24.com\/lt\/wp-json\/wp\/v2\/product"}],"about":[{"href":"https:\/\/www.versiegelung24.com\/lt\/wp-json\/wp\/v2\/types\/product"}],"version-history":[{"count":12,"href":"https:\/\/www.versiegelung24.com\/lt\/wp-json\/wp\/v2\/product\/94881\/revisions"}],"predecessor-version":[{"id":171378,"href":"https:\/\/www.versiegelung24.com\/lt\/wp-json\/wp\/v2\/product\/94881\/revisions\/171378"}],"wp:featuredmedia":[{"embeddable":true,"href":"https:\/\/www.versiegelung24.com\/lt\/wp-json\/wp\/v2\/media\/94929"}],"wp:attachment":[{"href":"https:\/\/www.versiegelung24.com\/lt\/wp-json\/wp\/v2\/media?parent=94881"}],"wp:term":[{"taxonomy":"product_brand","embeddable":true,"href":"https:\/\/www.versiegelung24.com\/lt\/wp-json\/wp\/v2\/product_brand?post=94881"},{"taxonomy":"product_cat","embeddable":true,"href":"https:\/\/www.versiegelung24.com\/lt\/wp-json\/wp\/v2\/product_cat?post=94881"},{"taxonomy":"product_tag","embeddable":true,"href":"https:\/\/www.versiegelung24.com\/lt\/wp-json\/wp\/v2\/product_tag?post=94881"}],"curies":[{"name":"wp","href":"https:\/\/api.w.org\/{rel}","templated":true}]}}