{"id":22084,"date":"2021-08-02T20:19:58","date_gmt":"2021-08-02T18:19:58","guid":{"rendered":"https:\/\/www.versiegelung24.com\/nospiedums"},"modified":"2024-05-05T11:01:00","modified_gmt":"2024-05-05T09:01:00","slug":"nospiedums","status":"publish","type":"page","link":"https:\/\/www.versiegelung24.com\/lv\/nospiedums\/","title":{"rendered":"nospiedums"},"content":{"rendered":"\n<p><strong>Pas\u016bt\u012bjumu un maks\u0101jumu apstr\u0101de<\/strong><\/p>\n\n<p>Holgers Kedings<br\/>Elmen\u0101 14<br\/>53773 Hennef<br\/>V\u0101cija<\/p>\n\n<p>T\u0101lr.: 02242-9695650<br\/>E -pasts: info@versiegelung24.com<br\/>P\u0101rdo\u0161anas nodok\u013ca identifik\u0101cijas numurs saska\u0146\u0101 ar 27. pantu un tirdzniec\u012bbas nodok\u013ca likumu: DE213785156<\/p>\n\n<p><strong>Konta inform\u0101cija<\/strong><\/p>\n\n<p>Sa\u0146\u0113m\u0113js: Holger K\u00e4ding<br\/>IBAN: DE30370502990011006269<br\/>BIC \/ SWIFT: COKSDE33<br\/>\u0136elnes Kreissparkasse<\/p>\n\n<p><strong>\u012apa\u0161nieks un atbild\u012bgs par saturu saska\u0146\u0101 ar MDStV 6. pantu:<\/strong><\/p>\n\n<p>Basti\u0101ns Valgers &#8211; digit\u0101lais m\u0101rketings<br\/>Agrippina ku\u0123u b\u016bv\u0113tava 6<br\/>50678 \u0136elne<\/p>\n\n<p>P\u0101rdo\u0161anas nodok\u013ca identifik\u0101cijas numurs saska\u0146\u0101 ar 27. pantu tirdzniec\u012bbas likum\u0101:<br\/>DE241077366<\/p>\n\n<p>ES Komisijas platforma str\u012bdu iz\u0161\u0137ir\u0161anai tie\u0161saist\u0113:<a href=\"https:\/\/ec.europa.eu\/consumers\/odr\" target=\"_blank\" rel=\"noreferrer noopener\"> www.ec.europa.eu\/consumers\/odr<\/a><\/p>\n\n<p>Mums nav ne pien\u0101kuma, ne v\u0113l\u0113\u0161an\u0101s piedal\u012bties str\u012bdu iz\u0161\u0137ir\u0161anas proced\u016br\u0101 pat\u0113r\u0113t\u0101ju \u0161\u0137\u012br\u0113jties\u0101.<\/p>\n\n<p><strong>Fotoatt\u0113lu kred\u012bti<\/strong><\/p>\n\n<p>Grafiti no\u0146em\u0161anas l\u012bdzeklis -&gt; istockphoto \/ schfer<br\/>Pretgrafiti aizsarg\u0101jo\u0161s p\u0101rkl\u0101jums -&gt; istockphoto \/ MachineHeadz<\/p>\n\n<p>Bykfa\/Depositphotos.com<br\/>iulal\/Depositphotos.com<br\/>hodim\/Depositphotos.com<br\/>sergiibaibak\/Depositphotos.com<br\/>HunterBliss\/Depositphotos.com<\/p>\n","protected":false},"excerpt":{"rendered":"<p>Pas\u016bt\u012bjumu un maks\u0101jumu apstr\u0101de Holgers KedingsElmen\u0101 1453773 HennefV\u0101cija T\u0101lr.: 02242-9695650E -pasts: info@versiegelung24.comP\u0101rdo\u0161anas nodok\u013ca identifik\u0101cijas numurs saska\u0146\u0101 ar 27. pantu un tirdzniec\u012bbas nodok\u013ca likumu: DE213785156 Konta inform\u0101cija Sa\u0146\u0113m\u0113js: Holger K\u00e4dingIBAN: DE30370502990011006269BIC \/ SWIFT: COKSDE33\u0136elnes Kreissparkasse \u012apa\u0161nieks un atbild\u012bgs par saturu saska\u0146\u0101 ar MDStV 6. pantu: Basti\u0101ns Valgers &#8211; digit\u0101lais m\u0101rketingsAgrippina ku\u0123u b\u016bv\u0113tava 650678 \u0136elne P\u0101rdo\u0161anas nodok\u013ca&hellip;&nbsp;<a href=\"https:\/\/www.versiegelung24.com\/lv\/nospiedums\/\" rel=\"bookmark\">Read More &raquo;<span class=\"screen-reader-text\">nospiedums<\/span><\/a><\/p>\n","protected":false},"author":932,"featured_media":70717,"parent":0,"menu_order":0,"comment_status":"closed","ping_status":"closed","template":"","meta":{"_acf_changed":false,"neve_meta_sidebar":"","neve_meta_container":"","neve_meta_enable_content_width":"","neve_meta_content_width":0,"neve_meta_title_alignment":"","neve_meta_author_avatar":"","neve_post_elements_order":"","neve_meta_disable_header":"","neve_meta_disable_footer":"","neve_meta_disable_title":"","neve_meta_reading_time":"","footnotes":""},"categories":[],"seiten_kategorie":[],"class_list":["post-22084","page","type-page","status-publish","has-post-thumbnail","hentry"],"acf":[],"yoast_head":"<!-- This site is optimized with the Yoast SEO Premium plugin v22.8 (Yoast SEO v27.5) - https:\/\/yoast.com\/product\/yoast-seo-premium-wordpress\/ -->\n<title>nospiedums - versiegelung24.com<\/title>\n<meta name=\"robots\" content=\"index, follow, max-snippet:-1, max-image-preview:large, max-video-preview:-1\" \/>\n<link rel=\"canonical\" href=\"https:\/\/www.versiegelung24.com\/lv\/nospiedums\/\" \/>\n<meta property=\"og:locale\" content=\"lv_LV\" \/>\n<meta property=\"og:type\" content=\"article\" \/>\n<meta property=\"og:title\" content=\"nospiedums\" \/>\n<meta property=\"og:description\" content=\"Pas\u016bt\u012bjumu un maks\u0101jumu apstr\u0101de Holgers KedingsElmen\u0101 1453773 HennefV\u0101cija T\u0101lr.: 02242-9695650E -pasts: info@versiegelung24.comP\u0101rdo\u0161anas nodok\u013ca identifik\u0101cijas numurs saska\u0146\u0101 ar 27. pantu un tirdzniec\u012bbas nodok\u013ca likumu: DE213785156 Konta inform\u0101cija Sa\u0146\u0113m\u0113js: Holger K\u00e4dingIBAN: DE30370502990011006269BIC \/ SWIFT: COKSDE33\u0136elnes Kreissparkasse \u012apa\u0161nieks un atbild\u012bgs par saturu saska\u0146\u0101 ar MDStV 6. pantu: Basti\u0101ns Valgers &#8211; digit\u0101lais m\u0101rketingsAgrippina ku\u0123u b\u016bv\u0113tava 650678 \u0136elne P\u0101rdo\u0161anas nodok\u013ca&hellip;&nbsp;Read More &raquo;nospiedums\" \/>\n<meta property=\"og:url\" content=\"https:\/\/www.versiegelung24.com\/lv\/nospiedums\/\" \/>\n<meta property=\"og:site_name\" content=\"versiegelung24.com\" \/>\n<meta property=\"article:modified_time\" content=\"2024-05-05T09:01:00+00:00\" \/>\n<meta property=\"og:image\" content=\"https:\/\/www.versiegelung24.com\/wp-content\/uploads\/2022\/02\/Impressum.png\" \/>\n\t<meta property=\"og:image:width\" content=\"2000\" \/>\n\t<meta property=\"og:image:height\" content=\"2000\" \/>\n\t<meta property=\"og:image:type\" content=\"image\/png\" \/>\n<meta name=\"twitter:card\" content=\"summary_large_image\" \/>\n<meta name=\"twitter:label1\" content=\"Est. reading time\" \/>\n\t<meta name=\"twitter:data1\" content=\"1 minute\" \/>\n<script type=\"application\/ld+json\" class=\"yoast-schema-graph\">{\"@context\":\"https:\\\/\\\/schema.org\",\"@graph\":[{\"@type\":\"WebPage\",\"@id\":\"https:\\\/\\\/www.versiegelung24.com\\\/lv\\\/nospiedums\\\/\",\"url\":\"https:\\\/\\\/www.versiegelung24.com\\\/lv\\\/nospiedums\\\/\",\"name\":\"nospiedums - versiegelung24.com\",\"isPartOf\":{\"@id\":\"https:\\\/\\\/www.versiegelung24.com\\\/lv\\\/#website\"},\"primaryImageOfPage\":{\"@id\":\"https:\\\/\\\/www.versiegelung24.com\\\/lv\\\/nospiedums\\\/#primaryimage\"},\"image\":{\"@id\":\"https:\\\/\\\/www.versiegelung24.com\\\/lv\\\/nospiedums\\\/#primaryimage\"},\"thumbnailUrl\":\"https:\\\/\\\/www.versiegelung24.com\\\/wp-content\\\/uploads\\\/2022\\\/02\\\/Impressum.png\",\"datePublished\":\"2021-08-02T18:19:58+00:00\",\"dateModified\":\"2024-05-05T09:01:00+00:00\",\"breadcrumb\":{\"@id\":\"https:\\\/\\\/www.versiegelung24.com\\\/lv\\\/nospiedums\\\/#breadcrumb\"},\"inLanguage\":\"lv-LV\",\"potentialAction\":[{\"@type\":\"ReadAction\",\"target\":[\"https:\\\/\\\/www.versiegelung24.com\\\/lv\\\/nospiedums\\\/\"]}]},{\"@type\":\"ImageObject\",\"inLanguage\":\"lv-LV\",\"@id\":\"https:\\\/\\\/www.versiegelung24.com\\\/lv\\\/nospiedums\\\/#primaryimage\",\"url\":\"https:\\\/\\\/www.versiegelung24.com\\\/wp-content\\\/uploads\\\/2022\\\/02\\\/Impressum.png\",\"contentUrl\":\"https:\\\/\\\/www.versiegelung24.com\\\/wp-content\\\/uploads\\\/2022\\\/02\\\/Impressum.png\",\"width\":2000,\"height\":2000},{\"@type\":\"BreadcrumbList\",\"@id\":\"https:\\\/\\\/www.versiegelung24.com\\\/lv\\\/nospiedums\\\/#breadcrumb\",\"itemListElement\":[{\"@type\":\"ListItem\",\"position\":1,\"name\":\"M\u0101jas lapa\",\"item\":\"https:\\\/\\\/www.versiegelung24.com\\\/lv\\\/prieksejais\\\/\"},{\"@type\":\"ListItem\",\"position\":2,\"name\":\"nospiedums\"}]},{\"@type\":\"WebSite\",\"@id\":\"https:\\\/\\\/www.versiegelung24.com\\\/lv\\\/#website\",\"url\":\"https:\\\/\\\/www.versiegelung24.com\\\/lv\\\/\",\"name\":\"versiegelung24.com\",\"description\":\"Fl\u00fcssigglas-Versiegelung - Made in Germany\",\"publisher\":{\"@id\":\"https:\\\/\\\/www.versiegelung24.com\\\/lv\\\/#organization\"},\"potentialAction\":[{\"@type\":\"SearchAction\",\"target\":{\"@type\":\"EntryPoint\",\"urlTemplate\":\"https:\\\/\\\/www.versiegelung24.com\\\/lv\\\/?s={search_term_string}\"},\"query-input\":{\"@type\":\"PropertyValueSpecification\",\"valueRequired\":true,\"valueName\":\"search_term_string\"}}],\"inLanguage\":\"lv-LV\"},{\"@type\":\"Organization\",\"@id\":\"https:\\\/\\\/www.versiegelung24.com\\\/lv\\\/#organization\",\"name\":\"versiegelung24\",\"url\":\"https:\\\/\\\/www.versiegelung24.com\\\/lv\\\/\",\"logo\":{\"@type\":\"ImageObject\",\"inLanguage\":\"lv-LV\",\"@id\":\"https:\\\/\\\/www.versiegelung24.com\\\/lv\\\/#\\\/schema\\\/logo\\\/image\\\/\",\"url\":\"https:\\\/\\\/www.versiegelung24.com\\\/wp-content\\\/uploads\\\/2020\\\/04\\\/versiegelung24.png\",\"contentUrl\":\"https:\\\/\\\/www.versiegelung24.com\\\/wp-content\\\/uploads\\\/2020\\\/04\\\/versiegelung24.png\",\"width\":470,\"height\":102,\"caption\":\"versiegelung24\"},\"image\":{\"@id\":\"https:\\\/\\\/www.versiegelung24.com\\\/lv\\\/#\\\/schema\\\/logo\\\/image\\\/\"}}]}<\/script>\n<!-- \/ Yoast SEO Premium plugin. -->","yoast_head_json":{"title":"nospiedums - versiegelung24.com","robots":{"index":"index","follow":"follow","max-snippet":"max-snippet:-1","max-image-preview":"max-image-preview:large","max-video-preview":"max-video-preview:-1"},"canonical":"https:\/\/www.versiegelung24.com\/lv\/nospiedums\/","og_locale":"lv_LV","og_type":"article","og_title":"nospiedums","og_description":"Pas\u016bt\u012bjumu un maks\u0101jumu apstr\u0101de Holgers KedingsElmen\u0101 1453773 HennefV\u0101cija T\u0101lr.: 02242-9695650E -pasts: info@versiegelung24.comP\u0101rdo\u0161anas nodok\u013ca identifik\u0101cijas numurs saska\u0146\u0101 ar 27. pantu un tirdzniec\u012bbas nodok\u013ca likumu: DE213785156 Konta inform\u0101cija Sa\u0146\u0113m\u0113js: Holger K\u00e4dingIBAN: DE30370502990011006269BIC \/ SWIFT: COKSDE33\u0136elnes Kreissparkasse \u012apa\u0161nieks un atbild\u012bgs par saturu saska\u0146\u0101 ar MDStV 6. pantu: Basti\u0101ns Valgers &#8211; digit\u0101lais m\u0101rketingsAgrippina ku\u0123u b\u016bv\u0113tava 650678 \u0136elne P\u0101rdo\u0161anas nodok\u013ca&hellip;&nbsp;Read More &raquo;nospiedums","og_url":"https:\/\/www.versiegelung24.com\/lv\/nospiedums\/","og_site_name":"versiegelung24.com","article_modified_time":"2024-05-05T09:01:00+00:00","og_image":[{"width":2000,"height":2000,"url":"https:\/\/www.versiegelung24.com\/wp-content\/uploads\/2022\/02\/Impressum.png","type":"image\/png"}],"twitter_card":"summary_large_image","twitter_misc":{"Est. reading time":"1 minute"},"schema":{"@context":"https:\/\/schema.org","@graph":[{"@type":"WebPage","@id":"https:\/\/www.versiegelung24.com\/lv\/nospiedums\/","url":"https:\/\/www.versiegelung24.com\/lv\/nospiedums\/","name":"nospiedums - versiegelung24.com","isPartOf":{"@id":"https:\/\/www.versiegelung24.com\/lv\/#website"},"primaryImageOfPage":{"@id":"https:\/\/www.versiegelung24.com\/lv\/nospiedums\/#primaryimage"},"image":{"@id":"https:\/\/www.versiegelung24.com\/lv\/nospiedums\/#primaryimage"},"thumbnailUrl":"https:\/\/www.versiegelung24.com\/wp-content\/uploads\/2022\/02\/Impressum.png","datePublished":"2021-08-02T18:19:58+00:00","dateModified":"2024-05-05T09:01:00+00:00","breadcrumb":{"@id":"https:\/\/www.versiegelung24.com\/lv\/nospiedums\/#breadcrumb"},"inLanguage":"lv-LV","potentialAction":[{"@type":"ReadAction","target":["https:\/\/www.versiegelung24.com\/lv\/nospiedums\/"]}]},{"@type":"ImageObject","inLanguage":"lv-LV","@id":"https:\/\/www.versiegelung24.com\/lv\/nospiedums\/#primaryimage","url":"https:\/\/www.versiegelung24.com\/wp-content\/uploads\/2022\/02\/Impressum.png","contentUrl":"https:\/\/www.versiegelung24.com\/wp-content\/uploads\/2022\/02\/Impressum.png","width":2000,"height":2000},{"@type":"BreadcrumbList","@id":"https:\/\/www.versiegelung24.com\/lv\/nospiedums\/#breadcrumb","itemListElement":[{"@type":"ListItem","position":1,"name":"M\u0101jas lapa","item":"https:\/\/www.versiegelung24.com\/lv\/prieksejais\/"},{"@type":"ListItem","position":2,"name":"nospiedums"}]},{"@type":"WebSite","@id":"https:\/\/www.versiegelung24.com\/lv\/#website","url":"https:\/\/www.versiegelung24.com\/lv\/","name":"versiegelung24.com","description":"Fl\u00fcssigglas-Versiegelung - Made in Germany","publisher":{"@id":"https:\/\/www.versiegelung24.com\/lv\/#organization"},"potentialAction":[{"@type":"SearchAction","target":{"@type":"EntryPoint","urlTemplate":"https:\/\/www.versiegelung24.com\/lv\/?s={search_term_string}"},"query-input":{"@type":"PropertyValueSpecification","valueRequired":true,"valueName":"search_term_string"}}],"inLanguage":"lv-LV"},{"@type":"Organization","@id":"https:\/\/www.versiegelung24.com\/lv\/#organization","name":"versiegelung24","url":"https:\/\/www.versiegelung24.com\/lv\/","logo":{"@type":"ImageObject","inLanguage":"lv-LV","@id":"https:\/\/www.versiegelung24.com\/lv\/#\/schema\/logo\/image\/","url":"https:\/\/www.versiegelung24.com\/wp-content\/uploads\/2020\/04\/versiegelung24.png","contentUrl":"https:\/\/www.versiegelung24.com\/wp-content\/uploads\/2020\/04\/versiegelung24.png","width":470,"height":102,"caption":"versiegelung24"},"image":{"@id":"https:\/\/www.versiegelung24.com\/lv\/#\/schema\/logo\/image\/"}}]}},"_links":{"self":[{"href":"https:\/\/www.versiegelung24.com\/lv\/wp-json\/wp\/v2\/pages\/22084","targetHints":{"allow":["GET"]}}],"collection":[{"href":"https:\/\/www.versiegelung24.com\/lv\/wp-json\/wp\/v2\/pages"}],"about":[{"href":"https:\/\/www.versiegelung24.com\/lv\/wp-json\/wp\/v2\/types\/page"}],"author":[{"embeddable":true,"href":"https:\/\/www.versiegelung24.com\/lv\/wp-json\/wp\/v2\/users\/932"}],"replies":[{"embeddable":true,"href":"https:\/\/www.versiegelung24.com\/lv\/wp-json\/wp\/v2\/comments?post=22084"}],"version-history":[{"count":6,"href":"https:\/\/www.versiegelung24.com\/lv\/wp-json\/wp\/v2\/pages\/22084\/revisions"}],"predecessor-version":[{"id":160705,"href":"https:\/\/www.versiegelung24.com\/lv\/wp-json\/wp\/v2\/pages\/22084\/revisions\/160705"}],"wp:featuredmedia":[{"embeddable":true,"href":"https:\/\/www.versiegelung24.com\/lv\/wp-json\/wp\/v2\/media\/70717"}],"wp:attachment":[{"href":"https:\/\/www.versiegelung24.com\/lv\/wp-json\/wp\/v2\/media?parent=22084"}],"wp:term":[{"taxonomy":"category","embeddable":true,"href":"https:\/\/www.versiegelung24.com\/lv\/wp-json\/wp\/v2\/categories?post=22084"},{"taxonomy":"seiten_kategorie","embeddable":true,"href":"https:\/\/www.versiegelung24.com\/lv\/wp-json\/wp\/v2\/seiten_kategorie?post=22084"}],"curies":[{"name":"wp","href":"https:\/\/api.w.org\/{rel}","templated":true}]}}