{"id":25537,"date":"2021-08-03T10:27:37","date_gmt":"2021-08-03T08:27:37","guid":{"rendered":"https:\/\/www.versiegelung24.com\/perciet-ccm-gmbh-produktus-tiessaistes-veikala"},"modified":"2024-06-25T20:51:36","modified_gmt":"2024-06-25T18:51:36","slug":"par-ccm-gmbh","status":"publish","type":"page","link":"https:\/\/www.versiegelung24.com\/lv\/perciet-ccm-gmbh-produktus-tiessaistes-veikala\/","title":{"rendered":"P\u0113rciet CCM GmbH produktus tie\u0161saistes veikal\u0101"},"content":{"rendered":"<h2><span style=\"color: var(--nv-text-color);font-family: Graphik,-apple-system,BlinkMacSystemFont,Segoe UI,var(--nv-fallback-ff);font-size: 2em;font-weight: 600;background-color: var(--nv-site-bg)\">P\u0113rciet CCM GmbH produktus no Overath \/ V\u0101cija tie\u0161saistes veikal\u0101<\/span><\/h2>\n<div class=\"std\">\n<div>\n<figure id=\"attachment_15238\" aria-describedby=\"caption-attachment-15238\" style=\"width: 300px\" class=\"wp-caption alignleft\"><a href=\"https:\/\/www.versiegelung24.com\/wp-content\/uploads\/2020\/05\/CCM_Gebaeude-300x203.jpg\"><img fetchpriority=\"high\" decoding=\"async\" class=\"wp-image-7780 size-medium\" src=\"https:\/\/www.versiegelung24.com\/wp-content\/uploads\/2020\/05\/CCM_Gebaeude-300x203.jpg\" alt=\"CCM Zentrale in Overath\" width=\"300\" height=\"203\" srcset=\"https:\/\/www.versiegelung24.com\/wp-content\/uploads\/2020\/05\/CCM_Gebaeude-300x203.jpg 300w, https:\/\/www.versiegelung24.com\/wp-content\/uploads\/2020\/05\/CCM_Gebaeude-16x12.jpg 16w, https:\/\/www.versiegelung24.com\/wp-content\/uploads\/2020\/05\/CCM_Gebaeude.jpg 400w\" sizes=\"(max-width: 300px) 100vw, 300px\" \/><\/a><figcaption id=\"caption-attachment-15238\" class=\"wp-caption-text\">CCM galven\u0101 m\u012btne Overat\u0101<\/figcaption><\/figure>\n<p>\u201cMade in Germany\u201d ir glob\u0101ls inov\u0101ciju un augst\u0101k\u0101s kvalit\u0101tes termins, un tas ir slavens, piem\u0113ram, automobi\u013cu, ma\u0161\u012bnb\u016bves un \u0137\u012bmijas jom\u0101. Papildus lieliem daudznacion\u0101liem uz\u0146\u0113mumiem V\u0101cij\u0101 galvenok\u0101rt ir simtiem t\u016bksto\u0161u novatorisku mazu un vid\u0113ju uz\u0146\u0113mumu kult\u016bra, kas ir \u013coti rado\u0161i un bie\u017ei vien pasaules tirgus l\u012bderi sav\u0101s mazaj\u0101s ni\u0161\u0101s (\u0161os uz\u0146\u0113mumus parasti d\u0113v\u0113 par \u201csl\u0113ptiem \u010dempioniem\u201d). ).<\/p>\n<\/div>\n<div>\n<p>CCM GmbH ra\u017eo un tirgo v\u0101cu izgudrot\u0101ju idejas, unik\u0101lus augst\u0101k\u0101s kvalit\u0101tes probl\u0113mu risin\u0101t\u0101jus. To 2007. gad\u0101 dibin\u0101ja abi r\u012bkot\u0101jdirektori Heiners P\u0113rks un Bernds Zimmermans, un tas ir unik\u0101ls inov\u0101ciju, ra\u017eo\u0161anas un glob\u0101l\u0101s p\u0101rdo\u0161anas t\u012bkls. Ra\u017eots V\u0101cij\u0101.<\/p>\n<p>CCM dz\u012bvo dzi\u013c\u0101 p\u0101rliec\u012bb\u0101, ka unik\u0101lus produktus var veiksm\u012bgi tirgot vis\u0101 pasaul\u0113 tikai tad, ja aiz vi\u0146iem k\u0101 partneri ir unik\u0101li cilv\u0113ki. CCM GmbH jau str\u0101d\u0101 ar \u0161\u0101diem cilv\u0113kiem vair\u0101k nek\u0101 40 valst\u012bs visos kontinentos.<\/p>\n<p>Visas darb\u012bbas tiek kontrol\u0113tas no uz\u0146\u0113muma galven\u0101s m\u012btnes Overat\u0101 pie \u0136elnes V\u0101cij\u0101.<\/p>\n<p>M\u016bsdienu tehnolo\u0123ijas un t\u012bklo\u0161ana \u013cauj par\u0101d\u012bties k\u0101 vien\u012bbai, un visiem darbiniekiem nav j\u0101str\u0101d\u0101 vien\u0101 viet\u0101.<\/p>\n<p>CCM GmbH \u201c\u0161\u0137idr\u0101 stikla\u201d plombas jau ir izvirz\u012btas da\u017e\u0101d\u0101m balv\u0101m.<\/p>\n<p>\u013baujiet sev iedvesmoties no CCM GmbH koncepcij\u0101m, idej\u0101m un pieredzes.<\/p>\n<\/div>\n<h2>P\u0113rciet CCM GmbH produktus tie\u0161saistes veikal\u0101:<\/h2>\n<div class=\"woocommerce columns-4\"><ul class=\"products columns-4\">\n<li class=\"product-category product first\">\n\t<a aria-label=\"Visit product category Akmens un betona bl\u012bv\u0113\u0161ana\" href=\"https:\/\/www.versiegelung24.com\/lv\/skidra-stikla-blivejums\/akmens-un-betona-blivejums\/\"><img decoding=\"async\" src=\"https:\/\/www.versiegelung24.com\/wp-content\/uploads\/2023\/06\/V24-steinkategorie-2306-400x400.webp\" alt=\"Akmens un betona bl\u012bv\u0113\u0161ana\" width=\"400\" height=\"400\" srcset=\"https:\/\/www.versiegelung24.com\/wp-content\/uploads\/2023\/06\/V24-steinkategorie-2306-400x400.webp 400w, https:\/\/www.versiegelung24.com\/wp-content\/uploads\/2023\/06\/V24-steinkategorie-2306-80x80.webp 80w, https:\/\/www.versiegelung24.com\/wp-content\/uploads\/2023\/06\/V24-steinkategorie-2306-70x70.webp 70w, https:\/\/www.versiegelung24.com\/wp-content\/uploads\/2023\/06\/V24-steinkategorie-2306-100x100.webp 100w\" sizes=\"(max-width: 400px) 100vw, 400px\" \/>\t\t<h2 class=\"woocommerce-loop-category__title\">\n\t\t\tAkmens un betona bl\u012bv\u0113\u0161ana <mark class=\"count\">(12)<\/mark>\t\t<\/h2>\n\t\t<\/a><\/li>\n<li class=\"product-category product\">\n\t<a aria-label=\"Visit product category Automa\u0161\u012bnu bl\u012bv\u0113\u0161ana\" href=\"https:\/\/www.versiegelung24.com\/lv\/skidra-stikla-blivejums\/automasinas-blivejums\/\"><img decoding=\"async\" src=\"https:\/\/www.versiegelung24.com\/wp-content\/uploads\/2022\/08\/Kategorie_Auto-400x400.jpg\" alt=\"Automa\u0161\u012bnu bl\u012bv\u0113\u0161ana\" width=\"400\" height=\"400\" srcset=\"https:\/\/www.versiegelung24.com\/wp-content\/uploads\/2022\/08\/Kategorie_Auto-400x400.jpg 400w, https:\/\/www.versiegelung24.com\/wp-content\/uploads\/2022\/08\/Kategorie_Auto-80x80.jpg 80w, https:\/\/www.versiegelung24.com\/wp-content\/uploads\/2022\/08\/Kategorie_Auto-70x70.jpg 70w, https:\/\/www.versiegelung24.com\/wp-content\/uploads\/2022\/08\/Kategorie_Auto-100x100.jpg 100w\" sizes=\"(max-width: 400px) 100vw, 400px\" \/>\t\t<h2 class=\"woocommerce-loop-category__title\">\n\t\t\tAutoma\u0161\u012bnu bl\u012bv\u0113\u0161ana <mark class=\"count\">(19)<\/mark>\t\t<\/h2>\n\t\t<\/a><\/li>\n<li class=\"product-category product\">\n\t<a aria-label=\"Visit product category Stikla un keramikas bl\u012bv\u0113\u0161ana\" href=\"https:\/\/www.versiegelung24.com\/lv\/skidra-stikla-blivejums\/stikla-un-keramikas-blivejums\/\"><img loading=\"lazy\" decoding=\"async\" src=\"https:\/\/www.versiegelung24.com\/wp-content\/uploads\/2022\/07\/Startseite_Banner-400x400.jpg\" alt=\"Stikla un keramikas bl\u012bv\u0113\u0161ana\" width=\"400\" height=\"400\" srcset=\"https:\/\/www.versiegelung24.com\/wp-content\/uploads\/2022\/07\/Startseite_Banner-400x400.jpg 400w, https:\/\/www.versiegelung24.com\/wp-content\/uploads\/2022\/07\/Startseite_Banner-80x80.jpg 80w, https:\/\/www.versiegelung24.com\/wp-content\/uploads\/2022\/07\/Startseite_Banner-70x70.jpg 70w, https:\/\/www.versiegelung24.com\/wp-content\/uploads\/2022\/07\/Startseite_Banner-100x100.jpg 100w\" sizes=\"(max-width: 400px) 100vw, 400px\" \/>\t\t<h2 class=\"woocommerce-loop-category__title\">\n\t\t\tStikla un keramikas bl\u012bv\u0113\u0161ana <mark class=\"count\">(18)<\/mark>\t\t<\/h2>\n\t\t<\/a><\/li>\n<li class=\"product-category product last\">\n\t<a aria-label=\"Visit product category Met\u0101la un plastmasas bl\u012bv\u0113jums\" href=\"https:\/\/www.versiegelung24.com\/lv\/skidra-stikla-blivejums\/metala-un-plastmasas-blivejums\/\"><img loading=\"lazy\" decoding=\"async\" src=\"https:\/\/www.versiegelung24.com\/wp-content\/uploads\/2022\/08\/Kategorie_Metall-400x400.jpg\" alt=\"Met\u0101la un plastmasas bl\u012bv\u0113jums\" width=\"400\" height=\"400\" srcset=\"https:\/\/www.versiegelung24.com\/wp-content\/uploads\/2022\/08\/Kategorie_Metall-400x400.jpg 400w, https:\/\/www.versiegelung24.com\/wp-content\/uploads\/2022\/08\/Kategorie_Metall-80x80.jpg 80w, https:\/\/www.versiegelung24.com\/wp-content\/uploads\/2022\/08\/Kategorie_Metall-70x70.jpg 70w, https:\/\/www.versiegelung24.com\/wp-content\/uploads\/2022\/08\/Kategorie_Metall-100x100.jpg 100w\" sizes=\"(max-width: 400px) 100vw, 400px\" \/>\t\t<h2 class=\"woocommerce-loop-category__title\">\n\t\t\tMet\u0101la un plastmasas bl\u012bv\u0113jums <mark class=\"count\">(16)<\/mark>\t\t<\/h2>\n\t\t<\/a><\/li>\n<li class=\"product-category product first\">\n\t<a aria-label=\"Visit product category T\u012br\u012b\u0161anas l\u012bdzek\u013ci\" href=\"https:\/\/www.versiegelung24.com\/lv\/tirisanas-piederumi\/\"><img loading=\"lazy\" decoding=\"async\" src=\"https:\/\/www.versiegelung24.com\/wp-content\/uploads\/2022\/08\/Kategorie_Bioreiniger-400x400.jpg\" alt=\"T\u012br\u012b\u0161anas l\u012bdzek\u013ci\" width=\"400\" height=\"400\" srcset=\"https:\/\/www.versiegelung24.com\/wp-content\/uploads\/2022\/08\/Kategorie_Bioreiniger-400x400.jpg 400w, https:\/\/www.versiegelung24.com\/wp-content\/uploads\/2022\/08\/Kategorie_Bioreiniger-80x80.jpg 80w, https:\/\/www.versiegelung24.com\/wp-content\/uploads\/2022\/08\/Kategorie_Bioreiniger-70x70.jpg 70w, https:\/\/www.versiegelung24.com\/wp-content\/uploads\/2022\/08\/Kategorie_Bioreiniger-100x100.jpg 100w\" sizes=\"(max-width: 400px) 100vw, 400px\" \/>\t\t<h2 class=\"woocommerce-loop-category__title\">\n\t\t\tT\u012br\u012b\u0161anas l\u012bdzek\u013ci <mark class=\"count\">(10)<\/mark>\t\t<\/h2>\n\t\t<\/a><\/li>\n<li class=\"product-category product\">\n\t<a aria-label=\"Visit product category \u0100das un tekstila bl\u012bv\u0113\u0161ana\" href=\"https:\/\/www.versiegelung24.com\/lv\/skidra-stikla-blivejums\/adas-un-tekstila-blivejums\/\"><img loading=\"lazy\" decoding=\"async\" src=\"https:\/\/www.versiegelung24.com\/wp-content\/uploads\/2023\/06\/waterpoof-jacket-in-detail-400x400.jpg\" alt=\"\u0100das un tekstila bl\u012bv\u0113\u0161ana\" width=\"400\" height=\"400\" srcset=\"https:\/\/www.versiegelung24.com\/wp-content\/uploads\/2023\/06\/waterpoof-jacket-in-detail-400x400.jpg 400w, https:\/\/www.versiegelung24.com\/wp-content\/uploads\/2023\/06\/waterpoof-jacket-in-detail-80x80.jpg 80w, https:\/\/www.versiegelung24.com\/wp-content\/uploads\/2023\/06\/waterpoof-jacket-in-detail-70x70.jpg 70w, https:\/\/www.versiegelung24.com\/wp-content\/uploads\/2023\/06\/waterpoof-jacket-in-detail-100x100.jpg 100w\" sizes=\"(max-width: 400px) 100vw, 400px\" \/>\t\t<h2 class=\"woocommerce-loop-category__title\">\n\t\t\t\u0100das un tekstila bl\u012bv\u0113\u0161ana <mark class=\"count\">(3)<\/mark>\t\t<\/h2>\n\t\t<\/a><\/li>\n<li class=\"product-category product\">\n\t<a aria-label=\"Visit product category Univers\u0101ls herm\u0113ti\u0137is\" href=\"https:\/\/www.versiegelung24.com\/lv\/skidra-stikla-blivejums\/universals-blivejums\/\"><img loading=\"lazy\" decoding=\"async\" src=\"https:\/\/www.versiegelung24.com\/wp-content\/uploads\/2022\/08\/Kategorie_Universal-400x400.jpg\" alt=\"Univers\u0101ls herm\u0113ti\u0137is\" width=\"400\" height=\"400\" srcset=\"https:\/\/www.versiegelung24.com\/wp-content\/uploads\/2022\/08\/Kategorie_Universal-400x400.jpg 400w, https:\/\/www.versiegelung24.com\/wp-content\/uploads\/2022\/08\/Kategorie_Universal-80x80.jpg 80w, https:\/\/www.versiegelung24.com\/wp-content\/uploads\/2022\/08\/Kategorie_Universal-70x70.jpg 70w, https:\/\/www.versiegelung24.com\/wp-content\/uploads\/2022\/08\/Kategorie_Universal-100x100.jpg 100w\" sizes=\"(max-width: 400px) 100vw, 400px\" \/>\t\t<h2 class=\"woocommerce-loop-category__title\">\n\t\t\tUnivers\u0101ls herm\u0113ti\u0137is <mark class=\"count\">(13)<\/mark>\t\t<\/h2>\n\t\t<\/a><\/li>\n<li class=\"product-category product last\">\n\t<a aria-label=\"Visit product category Koksnes bl\u012bv\u0113\u0161ana\" href=\"https:\/\/www.versiegelung24.com\/lv\/skidra-stikla-blivejums\/koka-blivejums\/\"><img loading=\"lazy\" decoding=\"async\" src=\"https:\/\/www.versiegelung24.com\/wp-content\/uploads\/2022\/08\/Kategorie_Holz-400x400.jpg\" alt=\"Koksnes bl\u012bv\u0113\u0161ana\" width=\"400\" height=\"400\" srcset=\"https:\/\/www.versiegelung24.com\/wp-content\/uploads\/2022\/08\/Kategorie_Holz-400x400.jpg 400w, https:\/\/www.versiegelung24.com\/wp-content\/uploads\/2022\/08\/Kategorie_Holz-80x80.jpg 80w, https:\/\/www.versiegelung24.com\/wp-content\/uploads\/2022\/08\/Kategorie_Holz-70x70.jpg 70w, https:\/\/www.versiegelung24.com\/wp-content\/uploads\/2022\/08\/Kategorie_Holz-100x100.jpg 100w\" sizes=\"(max-width: 400px) 100vw, 400px\" \/>\t\t<h2 class=\"woocommerce-loop-category__title\">\n\t\t\tKoksnes bl\u012bv\u0113\u0161ana <mark class=\"count\">(3)<\/mark>\t\t<\/h2>\n\t\t<\/a><\/li>\n<\/ul>\n<\/div>\n<\/div>\n","protected":false},"excerpt":{"rendered":"<p>P\u0113rciet CCM GmbH produktus no Overath \/ V\u0101cija tie\u0161saistes veikal\u0101 \u201cMade in Germany\u201d ir glob\u0101ls inov\u0101ciju un augst\u0101k\u0101s kvalit\u0101tes termins, un tas ir slavens, piem\u0113ram, automobi\u013cu, ma\u0161\u012bnb\u016bves un \u0137\u012bmijas jom\u0101. Papildus lieliem daudznacion\u0101liem uz\u0146\u0113mumiem V\u0101cij\u0101 galvenok\u0101rt ir simtiem t\u016bksto\u0161u novatorisku mazu un vid\u0113ju uz\u0146\u0113mumu kult\u016bra, kas ir \u013coti rado\u0161i un bie\u017ei vien pasaules tirgus l\u012bderi&hellip;&nbsp;<a href=\"https:\/\/www.versiegelung24.com\/lv\/perciet-ccm-gmbh-produktus-tiessaistes-veikala\/\" rel=\"bookmark\">Read More &raquo;<span class=\"screen-reader-text\">P\u0113rciet CCM GmbH produktus tie\u0161saistes veikal\u0101<\/span><\/a><\/p>\n","protected":false},"author":932,"featured_media":70226,"parent":0,"menu_order":0,"comment_status":"closed","ping_status":"closed","template":"","meta":{"_acf_changed":false,"neve_meta_sidebar":"","neve_meta_container":"","neve_meta_enable_content_width":"","neve_meta_content_width":0,"neve_meta_title_alignment":"","neve_meta_author_avatar":"","neve_post_elements_order":"","neve_meta_disable_header":"","neve_meta_disable_footer":"","neve_meta_disable_title":"","neve_meta_reading_time":"","footnotes":""},"categories":[],"seiten_kategorie":[],"class_list":["post-25537","page","type-page","status-publish","has-post-thumbnail","hentry"],"acf":[],"yoast_head":"<!-- This site is optimized with the Yoast SEO Premium plugin v22.8 (Yoast SEO v27.4) - https:\/\/yoast.com\/product\/yoast-seo-premium-wordpress\/ -->\n<title>P\u0113rciet CCM GmbH produktus tie\u0161saistes veikal\u0101<\/title>\n<meta name=\"description\" content=\"Ieg\u0101d\u0101jieties tie\u0161saist\u0113 \u0161\u0137idr\u0101 stikla nano bl\u012bv\u0113jumu, t\u012br\u012b\u0161anas l\u012bdzek\u013cus, dezinfekcijas l\u012bdzek\u013cus un citus produktus no uz\u0146\u0113muma CCM GmbH no Overath Germany.\" \/>\n<meta name=\"robots\" content=\"index, follow, max-snippet:-1, max-image-preview:large, max-video-preview:-1\" \/>\n<link rel=\"canonical\" href=\"https:\/\/www.versiegelung24.com\/lv\/perciet-ccm-gmbh-produktus-tiessaistes-veikala\/\" \/>\n<meta property=\"og:locale\" content=\"lv_LV\" \/>\n<meta property=\"og:type\" content=\"article\" \/>\n<meta property=\"og:title\" content=\"P\u0113rciet CCM GmbH produktus tie\u0161saistes veikal\u0101\" \/>\n<meta property=\"og:description\" content=\"Ieg\u0101d\u0101jieties tie\u0161saist\u0113 \u0161\u0137idr\u0101 stikla nano bl\u012bv\u0113jumu, t\u012br\u012b\u0161anas l\u012bdzek\u013cus, dezinfekcijas l\u012bdzek\u013cus un citus produktus no uz\u0146\u0113muma CCM GmbH no Overath Germany.\" \/>\n<meta property=\"og:url\" content=\"https:\/\/www.versiegelung24.com\/lv\/perciet-ccm-gmbh-produktus-tiessaistes-veikala\/\" \/>\n<meta property=\"og:site_name\" content=\"versiegelung24.com\" \/>\n<meta property=\"article:modified_time\" content=\"2024-06-25T18:51:36+00:00\" \/>\n<meta property=\"og:image\" content=\"https:\/\/www.versiegelung24.com\/wp-content\/uploads\/2022\/02\/Flasche.png\" \/>\n\t<meta property=\"og:image:width\" content=\"2560\" \/>\n\t<meta property=\"og:image:height\" content=\"2560\" \/>\n\t<meta property=\"og:image:type\" content=\"image\/png\" \/>\n<meta name=\"twitter:card\" content=\"summary_large_image\" \/>\n<meta name=\"twitter:label1\" content=\"Est. reading time\" \/>\n\t<meta name=\"twitter:data1\" content=\"1 minute\" \/>\n<script type=\"application\/ld+json\" class=\"yoast-schema-graph\">{\"@context\":\"https:\\\/\\\/schema.org\",\"@graph\":[{\"@type\":\"WebPage\",\"@id\":\"https:\\\/\\\/www.versiegelung24.com\\\/lv\\\/perciet-ccm-gmbh-produktus-tiessaistes-veikala\\\/\",\"url\":\"https:\\\/\\\/www.versiegelung24.com\\\/lv\\\/perciet-ccm-gmbh-produktus-tiessaistes-veikala\\\/\",\"name\":\"P\u0113rciet CCM GmbH produktus tie\u0161saistes veikal\u0101\",\"isPartOf\":{\"@id\":\"https:\\\/\\\/www.versiegelung24.com\\\/lv\\\/#website\"},\"primaryImageOfPage\":{\"@id\":\"https:\\\/\\\/www.versiegelung24.com\\\/lv\\\/perciet-ccm-gmbh-produktus-tiessaistes-veikala\\\/#primaryimage\"},\"image\":{\"@id\":\"https:\\\/\\\/www.versiegelung24.com\\\/lv\\\/perciet-ccm-gmbh-produktus-tiessaistes-veikala\\\/#primaryimage\"},\"thumbnailUrl\":\"https:\\\/\\\/www.versiegelung24.com\\\/wp-content\\\/uploads\\\/2022\\\/02\\\/Flasche.png\",\"datePublished\":\"2021-08-03T08:27:37+00:00\",\"dateModified\":\"2024-06-25T18:51:36+00:00\",\"description\":\"Ieg\u0101d\u0101jieties tie\u0161saist\u0113 \u0161\u0137idr\u0101 stikla nano bl\u012bv\u0113jumu, t\u012br\u012b\u0161anas l\u012bdzek\u013cus, dezinfekcijas l\u012bdzek\u013cus un citus produktus no uz\u0146\u0113muma CCM GmbH no Overath Germany.\",\"breadcrumb\":{\"@id\":\"https:\\\/\\\/www.versiegelung24.com\\\/lv\\\/perciet-ccm-gmbh-produktus-tiessaistes-veikala\\\/#breadcrumb\"},\"inLanguage\":\"lv-LV\",\"potentialAction\":[{\"@type\":\"ReadAction\",\"target\":[\"https:\\\/\\\/www.versiegelung24.com\\\/lv\\\/perciet-ccm-gmbh-produktus-tiessaistes-veikala\\\/\"]}]},{\"@type\":\"ImageObject\",\"inLanguage\":\"lv-LV\",\"@id\":\"https:\\\/\\\/www.versiegelung24.com\\\/lv\\\/perciet-ccm-gmbh-produktus-tiessaistes-veikala\\\/#primaryimage\",\"url\":\"https:\\\/\\\/www.versiegelung24.com\\\/wp-content\\\/uploads\\\/2022\\\/02\\\/Flasche.png\",\"contentUrl\":\"https:\\\/\\\/www.versiegelung24.com\\\/wp-content\\\/uploads\\\/2022\\\/02\\\/Flasche.png\",\"width\":2560,\"height\":2560},{\"@type\":\"BreadcrumbList\",\"@id\":\"https:\\\/\\\/www.versiegelung24.com\\\/lv\\\/perciet-ccm-gmbh-produktus-tiessaistes-veikala\\\/#breadcrumb\",\"itemListElement\":[{\"@type\":\"ListItem\",\"position\":1,\"name\":\"M\u0101jas lapa\",\"item\":\"https:\\\/\\\/www.versiegelung24.com\\\/lv\\\/prieksejais\\\/\"},{\"@type\":\"ListItem\",\"position\":2,\"name\":\"P\u0113rciet CCM GmbH produktus tie\u0161saistes veikal\u0101\"}]},{\"@type\":\"WebSite\",\"@id\":\"https:\\\/\\\/www.versiegelung24.com\\\/lv\\\/#website\",\"url\":\"https:\\\/\\\/www.versiegelung24.com\\\/lv\\\/\",\"name\":\"versiegelung24.com\",\"description\":\"Fl\u00fcssigglas-Versiegelung - Made in Germany\",\"publisher\":{\"@id\":\"https:\\\/\\\/www.versiegelung24.com\\\/lv\\\/#organization\"},\"potentialAction\":[{\"@type\":\"SearchAction\",\"target\":{\"@type\":\"EntryPoint\",\"urlTemplate\":\"https:\\\/\\\/www.versiegelung24.com\\\/lv\\\/?s={search_term_string}\"},\"query-input\":{\"@type\":\"PropertyValueSpecification\",\"valueRequired\":true,\"valueName\":\"search_term_string\"}}],\"inLanguage\":\"lv-LV\"},{\"@type\":\"Organization\",\"@id\":\"https:\\\/\\\/www.versiegelung24.com\\\/lv\\\/#organization\",\"name\":\"versiegelung24\",\"url\":\"https:\\\/\\\/www.versiegelung24.com\\\/lv\\\/\",\"logo\":{\"@type\":\"ImageObject\",\"inLanguage\":\"lv-LV\",\"@id\":\"https:\\\/\\\/www.versiegelung24.com\\\/lv\\\/#\\\/schema\\\/logo\\\/image\\\/\",\"url\":\"https:\\\/\\\/www.versiegelung24.com\\\/wp-content\\\/uploads\\\/2020\\\/04\\\/versiegelung24.png\",\"contentUrl\":\"https:\\\/\\\/www.versiegelung24.com\\\/wp-content\\\/uploads\\\/2020\\\/04\\\/versiegelung24.png\",\"width\":470,\"height\":102,\"caption\":\"versiegelung24\"},\"image\":{\"@id\":\"https:\\\/\\\/www.versiegelung24.com\\\/lv\\\/#\\\/schema\\\/logo\\\/image\\\/\"}}]}<\/script>\n<!-- \/ Yoast SEO Premium plugin. -->","yoast_head_json":{"title":"P\u0113rciet CCM GmbH produktus tie\u0161saistes veikal\u0101","description":"Ieg\u0101d\u0101jieties tie\u0161saist\u0113 \u0161\u0137idr\u0101 stikla nano bl\u012bv\u0113jumu, t\u012br\u012b\u0161anas l\u012bdzek\u013cus, dezinfekcijas l\u012bdzek\u013cus un citus produktus no uz\u0146\u0113muma CCM GmbH no Overath Germany.","robots":{"index":"index","follow":"follow","max-snippet":"max-snippet:-1","max-image-preview":"max-image-preview:large","max-video-preview":"max-video-preview:-1"},"canonical":"https:\/\/www.versiegelung24.com\/lv\/perciet-ccm-gmbh-produktus-tiessaistes-veikala\/","og_locale":"lv_LV","og_type":"article","og_title":"P\u0113rciet CCM GmbH produktus tie\u0161saistes veikal\u0101","og_description":"Ieg\u0101d\u0101jieties tie\u0161saist\u0113 \u0161\u0137idr\u0101 stikla nano bl\u012bv\u0113jumu, t\u012br\u012b\u0161anas l\u012bdzek\u013cus, dezinfekcijas l\u012bdzek\u013cus un citus produktus no uz\u0146\u0113muma CCM GmbH no Overath Germany.","og_url":"https:\/\/www.versiegelung24.com\/lv\/perciet-ccm-gmbh-produktus-tiessaistes-veikala\/","og_site_name":"versiegelung24.com","article_modified_time":"2024-06-25T18:51:36+00:00","og_image":[{"width":2560,"height":2560,"url":"https:\/\/www.versiegelung24.com\/wp-content\/uploads\/2022\/02\/Flasche.png","type":"image\/png"}],"twitter_card":"summary_large_image","twitter_misc":{"Est. reading time":"1 minute"},"schema":{"@context":"https:\/\/schema.org","@graph":[{"@type":"WebPage","@id":"https:\/\/www.versiegelung24.com\/lv\/perciet-ccm-gmbh-produktus-tiessaistes-veikala\/","url":"https:\/\/www.versiegelung24.com\/lv\/perciet-ccm-gmbh-produktus-tiessaistes-veikala\/","name":"P\u0113rciet CCM GmbH produktus tie\u0161saistes veikal\u0101","isPartOf":{"@id":"https:\/\/www.versiegelung24.com\/lv\/#website"},"primaryImageOfPage":{"@id":"https:\/\/www.versiegelung24.com\/lv\/perciet-ccm-gmbh-produktus-tiessaistes-veikala\/#primaryimage"},"image":{"@id":"https:\/\/www.versiegelung24.com\/lv\/perciet-ccm-gmbh-produktus-tiessaistes-veikala\/#primaryimage"},"thumbnailUrl":"https:\/\/www.versiegelung24.com\/wp-content\/uploads\/2022\/02\/Flasche.png","datePublished":"2021-08-03T08:27:37+00:00","dateModified":"2024-06-25T18:51:36+00:00","description":"Ieg\u0101d\u0101jieties tie\u0161saist\u0113 \u0161\u0137idr\u0101 stikla nano bl\u012bv\u0113jumu, t\u012br\u012b\u0161anas l\u012bdzek\u013cus, dezinfekcijas l\u012bdzek\u013cus un citus produktus no uz\u0146\u0113muma CCM GmbH no Overath Germany.","breadcrumb":{"@id":"https:\/\/www.versiegelung24.com\/lv\/perciet-ccm-gmbh-produktus-tiessaistes-veikala\/#breadcrumb"},"inLanguage":"lv-LV","potentialAction":[{"@type":"ReadAction","target":["https:\/\/www.versiegelung24.com\/lv\/perciet-ccm-gmbh-produktus-tiessaistes-veikala\/"]}]},{"@type":"ImageObject","inLanguage":"lv-LV","@id":"https:\/\/www.versiegelung24.com\/lv\/perciet-ccm-gmbh-produktus-tiessaistes-veikala\/#primaryimage","url":"https:\/\/www.versiegelung24.com\/wp-content\/uploads\/2022\/02\/Flasche.png","contentUrl":"https:\/\/www.versiegelung24.com\/wp-content\/uploads\/2022\/02\/Flasche.png","width":2560,"height":2560},{"@type":"BreadcrumbList","@id":"https:\/\/www.versiegelung24.com\/lv\/perciet-ccm-gmbh-produktus-tiessaistes-veikala\/#breadcrumb","itemListElement":[{"@type":"ListItem","position":1,"name":"M\u0101jas lapa","item":"https:\/\/www.versiegelung24.com\/lv\/prieksejais\/"},{"@type":"ListItem","position":2,"name":"P\u0113rciet CCM GmbH produktus tie\u0161saistes veikal\u0101"}]},{"@type":"WebSite","@id":"https:\/\/www.versiegelung24.com\/lv\/#website","url":"https:\/\/www.versiegelung24.com\/lv\/","name":"versiegelung24.com","description":"Fl\u00fcssigglas-Versiegelung - Made in Germany","publisher":{"@id":"https:\/\/www.versiegelung24.com\/lv\/#organization"},"potentialAction":[{"@type":"SearchAction","target":{"@type":"EntryPoint","urlTemplate":"https:\/\/www.versiegelung24.com\/lv\/?s={search_term_string}"},"query-input":{"@type":"PropertyValueSpecification","valueRequired":true,"valueName":"search_term_string"}}],"inLanguage":"lv-LV"},{"@type":"Organization","@id":"https:\/\/www.versiegelung24.com\/lv\/#organization","name":"versiegelung24","url":"https:\/\/www.versiegelung24.com\/lv\/","logo":{"@type":"ImageObject","inLanguage":"lv-LV","@id":"https:\/\/www.versiegelung24.com\/lv\/#\/schema\/logo\/image\/","url":"https:\/\/www.versiegelung24.com\/wp-content\/uploads\/2020\/04\/versiegelung24.png","contentUrl":"https:\/\/www.versiegelung24.com\/wp-content\/uploads\/2020\/04\/versiegelung24.png","width":470,"height":102,"caption":"versiegelung24"},"image":{"@id":"https:\/\/www.versiegelung24.com\/lv\/#\/schema\/logo\/image\/"}}]}},"_links":{"self":[{"href":"https:\/\/www.versiegelung24.com\/lv\/wp-json\/wp\/v2\/pages\/25537","targetHints":{"allow":["GET"]}}],"collection":[{"href":"https:\/\/www.versiegelung24.com\/lv\/wp-json\/wp\/v2\/pages"}],"about":[{"href":"https:\/\/www.versiegelung24.com\/lv\/wp-json\/wp\/v2\/types\/page"}],"author":[{"embeddable":true,"href":"https:\/\/www.versiegelung24.com\/lv\/wp-json\/wp\/v2\/users\/932"}],"replies":[{"embeddable":true,"href":"https:\/\/www.versiegelung24.com\/lv\/wp-json\/wp\/v2\/comments?post=25537"}],"version-history":[{"count":2,"href":"https:\/\/www.versiegelung24.com\/lv\/wp-json\/wp\/v2\/pages\/25537\/revisions"}],"predecessor-version":[{"id":167673,"href":"https:\/\/www.versiegelung24.com\/lv\/wp-json\/wp\/v2\/pages\/25537\/revisions\/167673"}],"wp:featuredmedia":[{"embeddable":true,"href":"https:\/\/www.versiegelung24.com\/lv\/wp-json\/wp\/v2\/media\/70226"}],"wp:attachment":[{"href":"https:\/\/www.versiegelung24.com\/lv\/wp-json\/wp\/v2\/media?parent=25537"}],"wp:term":[{"taxonomy":"category","embeddable":true,"href":"https:\/\/www.versiegelung24.com\/lv\/wp-json\/wp\/v2\/categories?post=25537"},{"taxonomy":"seiten_kategorie","embeddable":true,"href":"https:\/\/www.versiegelung24.com\/lv\/wp-json\/wp\/v2\/seiten_kategorie?post=25537"}],"curies":[{"name":"wp","href":"https:\/\/api.w.org\/{rel}","templated":true}]}}