{"id":25939,"date":"2021-08-03T12:04:46","date_gmt":"2021-08-03T10:04:46","guid":{"rendered":"https:\/\/www.versiegelung24.com\/atcelsanas-politika-un-atcelsanas-veidlapa"},"modified":"2024-06-25T20:51:08","modified_gmt":"2024-06-25T18:51:08","slug":"atcelsanas-politika","status":"publish","type":"page","link":"https:\/\/www.versiegelung24.com\/lv\/atcelsanas-politika\/","title":{"rendered":"Atcel\u0161anas politika un atcel\u0161anas veidlapa"},"content":{"rendered":"<div class=\"main-container col1-layout\">\n<div class=\"main container\">\n<div class=\"inner-container\">\n<div class=\"col-main\">\n<div class=\"std\">\n<p>Pat\u0113r\u0113t\u0101jiem ir ties\u012bbas uz atteikuma ties\u012bb\u0101m saska\u0146\u0101 ar \u0161\u0101diem noteikumiem, saska\u0146\u0101 ar kuriem pat\u0113r\u0113t\u0101js ir jebkura fiziska persona, kas nosl\u0113dz juridisku dar\u012bjumu nol\u016bk\u0101, kas galvenok\u0101rt nav ne komerci\u0101ls, ne pa\u0161nodarbin\u0101ts:<\/p>\n<p><strong>A. Atcel\u0161anas politika<\/strong><\/p>\n<p><strong>Atteikuma ties\u012bbas<br \/>\n<\/strong> Jums ir ties\u012bbas atk\u0101pties no \u0161\u012b l\u012bguma 14 dienu laik\u0101, nenor\u0101dot iemeslu.<\/p>\n<p>Atcel\u0161anas termi\u0146\u0161 ir 14 dienas no dienas, kad j\u016bs vai j\u016bsu nor\u0101d\u012bt\u0101 tre\u0161\u0101 persona, kas nav p\u0101rvad\u0101t\u0101js, ir p\u0101r\u0146\u0113musi p\u0113d\u0113j\u0101s preces.<\/p>\n<p>Lai izmantotu savas atteikuma ties\u012bbas, jums ir m\u016bs (Holger K\u00e4ding, An den Ellmen 14, 53773 Hennef, t\u0101lr.: 02242-9695650, e-pasts: info@versiegelung24.com) ar skaidru pazi\u0146ojumu (piem\u0113ram, pa pastu nos\u016bt\u012btu v\u0113stuli vai e-pastu) j\u0101inform\u0113 par savu l\u0113mumu atteikties no \u0161\u012b l\u012bguma. \u0160im nol\u016bkam varat izmantot pievienoto atteikuma veidlapas paraugu, ta\u010du tas nav oblig\u0101ti.<\/p>\n<p>Lai iev\u0113rotu atcel\u0161anas termi\u0146u, pietiek ar to, ka nos\u016bt\u0101t pazi\u0146ojumu par atteikuma ties\u012bbu izmanto\u0161anu pirms atcel\u0161anas termi\u0146a beig\u0101m.<\/p>\n<p><strong><br \/>\nAtteikuma sekas<\/strong>Ja j\u016bs atce\u013cat \u0161o l\u012bgumu, m\u0113s bez nepamatotas kav\u0113\u0161an\u0101s un jebkur\u0101 gad\u012bjum\u0101 ne v\u0113l\u0101k k\u0101 14 dienu laik\u0101 no dienas, kad m\u0113s esam inform\u0113ti par j\u016bsu l\u0113mumu atcelt \u0161o l\u012bgumu, atmaks\u0101jam jums visus no jums sa\u0146emtos maks\u0101jumus, tostarp pieg\u0101des izmaksas (iz\u0146emot papildu izmaksas, kas radu\u0161\u0101s, ja esat izv\u0113l\u0113jies pieg\u0101des veidu, kas nav m\u016bsu pied\u0101v\u0101tais l\u0113t\u0101kais standarta pieg\u0101des veids).<strong><\/strong> \u0160ai atmaksai m\u0113s izmantosim tos pa\u0161us maks\u0101\u0161anas l\u012bdzek\u013cus, kurus izmantoj\u0101t s\u0101kotn\u0113jam dar\u012bjumam, ja vien ar jums nav skaidri vienojusies par kaut ko citu; Nek\u0101d\u0101 gad\u012bjum\u0101 no jums netiks iekas\u0113ta maksa par \u0161o atmaksu. M\u0113s varam atteikt atmaksu, kam\u0113r neesam sa\u0146\u0113mu\u0161i preces atpaka\u013c vai kam\u0113r neesat iesniedzis pier\u0101d\u012bjumus, ka esat nos\u016bt\u012bjis preces atpaka\u013c, atkar\u012bb\u0101 no t\u0101, kas notiek agr\u0101k.<\/p>\n<p>Jums preces ir j\u0101atdod vai j\u0101nodod mums nekav\u0113joties un jebkur\u0101 gad\u012bjum\u0101 ne v\u0113l\u0101k k\u0101 \u010detrpadsmit dienu laik\u0101 no dienas, kad j\u016bs m\u016bs inform\u0113j\u0101t par \u0161\u012b l\u012bguma atcel\u0161anu. Termi\u0146\u0161 tiek iev\u0113rots, ja preces nos\u016bt\u0101t pirms \u010detrpadsmit dienu termi\u0146a beig\u0101m.<\/p>\n<p>J\u016bs sedzat tie\u0161\u0101s preces atgrie\u0161anas izmaksas.<\/p>\n<p>Jums ir j\u0101maks\u0101 par jebk\u0101diem pre\u010du v\u0113rt\u012bbas zudumiem, ja \u0161ie v\u0113rt\u012bbas zudumi ir saist\u012bti ar pre\u010du apstr\u0101di, kas nav nepiecie\u0161ama, lai p\u0101rbaud\u012btu pre\u010du veidu, \u012bpa\u0161\u012bbas un funkcionalit\u0101ti.<\/p>\n<p>Atteikuma ties\u012bbu izsl\u0113g\u0161ana vai priek\u0161laic\u012bga izbeig\u0161an\u0101s<\/p>\n<p>Atteikuma ties\u012bbas beidzas priek\u0161laic\u012bgi, ja tiek nosl\u0113gti l\u012bgumi par audio vai video ierakstu vai datorprogrammat\u016bras pieg\u0101di aizz\u012bmogot\u0101 iepakojum\u0101, ja z\u012bmogs ir no\u0146emts p\u0113c pieg\u0101des.<\/p>\n<p><strong>B. Izst\u0101\u0161an\u0101s veidlapa<\/strong><\/p>\n<p>Ja v\u0113laties atcelt l\u012bgumu, l\u016bdzu, aizpildiet \u0161o veidlapu un nos\u016btiet to atpaka\u013c.<\/p>\n<p>Iesl\u0113gts<\/p>\n<p>samstore.de<\/p>\n<p>Holgers Kedings<br \/>\nElmen\u0101 14<br \/>\n53773 Hennef<br \/>\nV\u0101cija<br \/>\nE -pasts: info@versiegelung24.com<\/p>\n<p>Ar \u0161o es \/ m\u0113s (*) atsaucam l\u012bgumu, ko nosl\u0113dzu es \/ m\u0113s (*) par \u0161\u0101du pre\u010du ieg\u0101di (*) \/ \u0161\u0101da pakalpojuma snieg\u0161anu (*)<\/p>\n<p>_______________________________________________________<\/p>\n<p>_______________________________________________________<\/p>\n<p>Pas\u016bt\u012bts (*) ____________ \/ sa\u0146emts (*) __________________<\/p>\n<p>________________________________________________________<\/p>\n<p>Pat\u0113r\u0113t\u0101ja (-u) v\u0101rds<\/p>\n<p>________________________________________________________<\/p>\n<p>Pat\u0113r\u0113t\u0101ja (-u) adrese<\/p>\n<p>________________________________________________________<\/p>\n<p>Pat\u0113r\u0113t\u0101ja (-u) paraksts (tikai tad, ja tas ir pazi\u0146ots uz pap\u012bra)<\/p>\n<p>_________________________<\/p>\n<p>datums<\/p>\n<p>(*) Sv\u012btrot, ja tas nav piem\u0113rojams<\/p>\n<\/div>\n<\/div>\n<div class=\"postscript\"><\/div>\n<\/div>\n<\/div>\n<div class=\"main-bottom-container\"><\/div>\n<\/div>\n<div class=\"footer-container\">\n<div class=\"footer-container2\">\n<div class=\"footer-container3\">\n<div class=\"footer-primary-container section-container\">\n<div class=\"footer-primary footer container\">\n<div class=\"inner-container\">\n<div class=\"clearer\">\n<div class=\"grid12-3\">\n<div class=\"std\">\n<div class=\"collapsible mobile-collapsible\"><\/div>\n<\/div>\n<\/div>\n<\/div>\n<\/div>\n<\/div>\n<\/div>\n<\/div>\n<\/div>\n<\/div>\n","protected":false},"excerpt":{"rendered":"<p>Pat\u0113r\u0113t\u0101jiem ir ties\u012bbas uz atteikuma ties\u012bb\u0101m saska\u0146\u0101 ar \u0161\u0101diem noteikumiem, saska\u0146\u0101 ar kuriem pat\u0113r\u0113t\u0101js ir jebkura fiziska persona, kas nosl\u0113dz juridisku dar\u012bjumu nol\u016bk\u0101, kas galvenok\u0101rt nav ne komerci\u0101ls, ne pa\u0161nodarbin\u0101ts: A. Atcel\u0161anas politika Atteikuma ties\u012bbas Jums ir ties\u012bbas atk\u0101pties no \u0161\u012b l\u012bguma 14 dienu laik\u0101, nenor\u0101dot iemeslu. Atcel\u0161anas termi\u0146\u0161 ir 14 dienas no dienas, kad&hellip;&nbsp;<a href=\"https:\/\/www.versiegelung24.com\/lv\/atcelsanas-politika\/\" rel=\"bookmark\">Read More &raquo;<span class=\"screen-reader-text\">Atcel\u0161anas politika un atcel\u0161anas veidlapa<\/span><\/a><\/p>\n","protected":false},"author":932,"featured_media":71027,"parent":0,"menu_order":0,"comment_status":"closed","ping_status":"closed","template":"","meta":{"_acf_changed":false,"neve_meta_sidebar":"","neve_meta_container":"","neve_meta_enable_content_width":"","neve_meta_content_width":0,"neve_meta_title_alignment":"","neve_meta_author_avatar":"","neve_post_elements_order":"","neve_meta_disable_header":"","neve_meta_disable_footer":"","neve_meta_disable_title":"","neve_meta_reading_time":"","footnotes":""},"categories":[],"seiten_kategorie":[],"class_list":["post-25939","page","type-page","status-publish","has-post-thumbnail","hentry"],"acf":[],"yoast_head":"<!-- This site is optimized with the Yoast SEO Premium plugin v22.8 (Yoast SEO v27.5) - https:\/\/yoast.com\/product\/yoast-seo-premium-wordpress\/ -->\n<title>Atcel\u0161anas politika un atcel\u0161anas veidlapa - versiegelung24.com<\/title>\n<meta name=\"robots\" content=\"index, follow, max-snippet:-1, max-image-preview:large, max-video-preview:-1\" \/>\n<link rel=\"canonical\" href=\"https:\/\/www.versiegelung24.com\/lv\/atcelsanas-politika\/\" \/>\n<meta property=\"og:locale\" content=\"lv_LV\" \/>\n<meta property=\"og:type\" content=\"article\" \/>\n<meta property=\"og:title\" content=\"Atcel\u0161anas politika un atcel\u0161anas veidlapa\" \/>\n<meta property=\"og:description\" content=\"Pat\u0113r\u0113t\u0101jiem ir ties\u012bbas uz atteikuma ties\u012bb\u0101m saska\u0146\u0101 ar \u0161\u0101diem noteikumiem, saska\u0146\u0101 ar kuriem pat\u0113r\u0113t\u0101js ir jebkura fiziska persona, kas nosl\u0113dz juridisku dar\u012bjumu nol\u016bk\u0101, kas galvenok\u0101rt nav ne komerci\u0101ls, ne pa\u0161nodarbin\u0101ts: A. Atcel\u0161anas politika Atteikuma ties\u012bbas Jums ir ties\u012bbas atk\u0101pties no \u0161\u012b l\u012bguma 14 dienu laik\u0101, nenor\u0101dot iemeslu. Atcel\u0161anas termi\u0146\u0161 ir 14 dienas no dienas, kad&hellip;&nbsp;Read More &raquo;Atcel\u0161anas politika un atcel\u0161anas veidlapa\" \/>\n<meta property=\"og:url\" content=\"https:\/\/www.versiegelung24.com\/lv\/atcelsanas-politika\/\" \/>\n<meta property=\"og:site_name\" content=\"versiegelung24.com\" \/>\n<meta property=\"article:modified_time\" content=\"2024-06-25T18:51:08+00:00\" \/>\n<meta property=\"og:image\" content=\"https:\/\/www.versiegelung24.com\/wp-content\/uploads\/2022\/02\/Widerruf.png\" \/>\n\t<meta property=\"og:image:width\" content=\"2000\" \/>\n\t<meta property=\"og:image:height\" content=\"2000\" \/>\n\t<meta property=\"og:image:type\" content=\"image\/png\" \/>\n<meta name=\"twitter:card\" content=\"summary_large_image\" \/>\n<meta name=\"twitter:label1\" content=\"Est. reading time\" \/>\n\t<meta name=\"twitter:data1\" content=\"3 minutes\" \/>\n<script type=\"application\/ld+json\" class=\"yoast-schema-graph\">{\"@context\":\"https:\\\/\\\/schema.org\",\"@graph\":[{\"@type\":\"WebPage\",\"@id\":\"https:\\\/\\\/www.versiegelung24.com\\\/lv\\\/atcelsanas-politika\\\/\",\"url\":\"https:\\\/\\\/www.versiegelung24.com\\\/lv\\\/atcelsanas-politika\\\/\",\"name\":\"Atcel\u0161anas politika un atcel\u0161anas veidlapa - versiegelung24.com\",\"isPartOf\":{\"@id\":\"https:\\\/\\\/www.versiegelung24.com\\\/lv\\\/#website\"},\"primaryImageOfPage\":{\"@id\":\"https:\\\/\\\/www.versiegelung24.com\\\/lv\\\/atcelsanas-politika\\\/#primaryimage\"},\"image\":{\"@id\":\"https:\\\/\\\/www.versiegelung24.com\\\/lv\\\/atcelsanas-politika\\\/#primaryimage\"},\"thumbnailUrl\":\"https:\\\/\\\/www.versiegelung24.com\\\/wp-content\\\/uploads\\\/2022\\\/02\\\/Widerruf.png\",\"datePublished\":\"2021-08-03T10:04:46+00:00\",\"dateModified\":\"2024-06-25T18:51:08+00:00\",\"breadcrumb\":{\"@id\":\"https:\\\/\\\/www.versiegelung24.com\\\/lv\\\/atcelsanas-politika\\\/#breadcrumb\"},\"inLanguage\":\"lv-LV\",\"potentialAction\":[{\"@type\":\"ReadAction\",\"target\":[\"https:\\\/\\\/www.versiegelung24.com\\\/lv\\\/atcelsanas-politika\\\/\"]}]},{\"@type\":\"ImageObject\",\"inLanguage\":\"lv-LV\",\"@id\":\"https:\\\/\\\/www.versiegelung24.com\\\/lv\\\/atcelsanas-politika\\\/#primaryimage\",\"url\":\"https:\\\/\\\/www.versiegelung24.com\\\/wp-content\\\/uploads\\\/2022\\\/02\\\/Widerruf.png\",\"contentUrl\":\"https:\\\/\\\/www.versiegelung24.com\\\/wp-content\\\/uploads\\\/2022\\\/02\\\/Widerruf.png\",\"width\":2000,\"height\":2000},{\"@type\":\"BreadcrumbList\",\"@id\":\"https:\\\/\\\/www.versiegelung24.com\\\/lv\\\/atcelsanas-politika\\\/#breadcrumb\",\"itemListElement\":[{\"@type\":\"ListItem\",\"position\":1,\"name\":\"M\u0101jas lapa\",\"item\":\"https:\\\/\\\/www.versiegelung24.com\\\/lv\\\/prieksejais\\\/\"},{\"@type\":\"ListItem\",\"position\":2,\"name\":\"Atcel\u0161anas politika un atcel\u0161anas veidlapa\"}]},{\"@type\":\"WebSite\",\"@id\":\"https:\\\/\\\/www.versiegelung24.com\\\/lv\\\/#website\",\"url\":\"https:\\\/\\\/www.versiegelung24.com\\\/lv\\\/\",\"name\":\"versiegelung24.com\",\"description\":\"Fl\u00fcssigglas-Versiegelung - Made in Germany\",\"publisher\":{\"@id\":\"https:\\\/\\\/www.versiegelung24.com\\\/lv\\\/#organization\"},\"potentialAction\":[{\"@type\":\"SearchAction\",\"target\":{\"@type\":\"EntryPoint\",\"urlTemplate\":\"https:\\\/\\\/www.versiegelung24.com\\\/lv\\\/?s={search_term_string}\"},\"query-input\":{\"@type\":\"PropertyValueSpecification\",\"valueRequired\":true,\"valueName\":\"search_term_string\"}}],\"inLanguage\":\"lv-LV\"},{\"@type\":\"Organization\",\"@id\":\"https:\\\/\\\/www.versiegelung24.com\\\/lv\\\/#organization\",\"name\":\"versiegelung24\",\"url\":\"https:\\\/\\\/www.versiegelung24.com\\\/lv\\\/\",\"logo\":{\"@type\":\"ImageObject\",\"inLanguage\":\"lv-LV\",\"@id\":\"https:\\\/\\\/www.versiegelung24.com\\\/lv\\\/#\\\/schema\\\/logo\\\/image\\\/\",\"url\":\"https:\\\/\\\/www.versiegelung24.com\\\/wp-content\\\/uploads\\\/2020\\\/04\\\/versiegelung24.png\",\"contentUrl\":\"https:\\\/\\\/www.versiegelung24.com\\\/wp-content\\\/uploads\\\/2020\\\/04\\\/versiegelung24.png\",\"width\":470,\"height\":102,\"caption\":\"versiegelung24\"},\"image\":{\"@id\":\"https:\\\/\\\/www.versiegelung24.com\\\/lv\\\/#\\\/schema\\\/logo\\\/image\\\/\"}}]}<\/script>\n<!-- \/ Yoast SEO Premium plugin. -->","yoast_head_json":{"title":"Atcel\u0161anas politika un atcel\u0161anas veidlapa - versiegelung24.com","robots":{"index":"index","follow":"follow","max-snippet":"max-snippet:-1","max-image-preview":"max-image-preview:large","max-video-preview":"max-video-preview:-1"},"canonical":"https:\/\/www.versiegelung24.com\/lv\/atcelsanas-politika\/","og_locale":"lv_LV","og_type":"article","og_title":"Atcel\u0161anas politika un atcel\u0161anas veidlapa","og_description":"Pat\u0113r\u0113t\u0101jiem ir ties\u012bbas uz atteikuma ties\u012bb\u0101m saska\u0146\u0101 ar \u0161\u0101diem noteikumiem, saska\u0146\u0101 ar kuriem pat\u0113r\u0113t\u0101js ir jebkura fiziska persona, kas nosl\u0113dz juridisku dar\u012bjumu nol\u016bk\u0101, kas galvenok\u0101rt nav ne komerci\u0101ls, ne pa\u0161nodarbin\u0101ts: A. Atcel\u0161anas politika Atteikuma ties\u012bbas Jums ir ties\u012bbas atk\u0101pties no \u0161\u012b l\u012bguma 14 dienu laik\u0101, nenor\u0101dot iemeslu. Atcel\u0161anas termi\u0146\u0161 ir 14 dienas no dienas, kad&hellip;&nbsp;Read More &raquo;Atcel\u0161anas politika un atcel\u0161anas veidlapa","og_url":"https:\/\/www.versiegelung24.com\/lv\/atcelsanas-politika\/","og_site_name":"versiegelung24.com","article_modified_time":"2024-06-25T18:51:08+00:00","og_image":[{"width":2000,"height":2000,"url":"https:\/\/www.versiegelung24.com\/wp-content\/uploads\/2022\/02\/Widerruf.png","type":"image\/png"}],"twitter_card":"summary_large_image","twitter_misc":{"Est. reading time":"3 minutes"},"schema":{"@context":"https:\/\/schema.org","@graph":[{"@type":"WebPage","@id":"https:\/\/www.versiegelung24.com\/lv\/atcelsanas-politika\/","url":"https:\/\/www.versiegelung24.com\/lv\/atcelsanas-politika\/","name":"Atcel\u0161anas politika un atcel\u0161anas veidlapa - versiegelung24.com","isPartOf":{"@id":"https:\/\/www.versiegelung24.com\/lv\/#website"},"primaryImageOfPage":{"@id":"https:\/\/www.versiegelung24.com\/lv\/atcelsanas-politika\/#primaryimage"},"image":{"@id":"https:\/\/www.versiegelung24.com\/lv\/atcelsanas-politika\/#primaryimage"},"thumbnailUrl":"https:\/\/www.versiegelung24.com\/wp-content\/uploads\/2022\/02\/Widerruf.png","datePublished":"2021-08-03T10:04:46+00:00","dateModified":"2024-06-25T18:51:08+00:00","breadcrumb":{"@id":"https:\/\/www.versiegelung24.com\/lv\/atcelsanas-politika\/#breadcrumb"},"inLanguage":"lv-LV","potentialAction":[{"@type":"ReadAction","target":["https:\/\/www.versiegelung24.com\/lv\/atcelsanas-politika\/"]}]},{"@type":"ImageObject","inLanguage":"lv-LV","@id":"https:\/\/www.versiegelung24.com\/lv\/atcelsanas-politika\/#primaryimage","url":"https:\/\/www.versiegelung24.com\/wp-content\/uploads\/2022\/02\/Widerruf.png","contentUrl":"https:\/\/www.versiegelung24.com\/wp-content\/uploads\/2022\/02\/Widerruf.png","width":2000,"height":2000},{"@type":"BreadcrumbList","@id":"https:\/\/www.versiegelung24.com\/lv\/atcelsanas-politika\/#breadcrumb","itemListElement":[{"@type":"ListItem","position":1,"name":"M\u0101jas lapa","item":"https:\/\/www.versiegelung24.com\/lv\/prieksejais\/"},{"@type":"ListItem","position":2,"name":"Atcel\u0161anas politika un atcel\u0161anas veidlapa"}]},{"@type":"WebSite","@id":"https:\/\/www.versiegelung24.com\/lv\/#website","url":"https:\/\/www.versiegelung24.com\/lv\/","name":"versiegelung24.com","description":"Fl\u00fcssigglas-Versiegelung - Made in Germany","publisher":{"@id":"https:\/\/www.versiegelung24.com\/lv\/#organization"},"potentialAction":[{"@type":"SearchAction","target":{"@type":"EntryPoint","urlTemplate":"https:\/\/www.versiegelung24.com\/lv\/?s={search_term_string}"},"query-input":{"@type":"PropertyValueSpecification","valueRequired":true,"valueName":"search_term_string"}}],"inLanguage":"lv-LV"},{"@type":"Organization","@id":"https:\/\/www.versiegelung24.com\/lv\/#organization","name":"versiegelung24","url":"https:\/\/www.versiegelung24.com\/lv\/","logo":{"@type":"ImageObject","inLanguage":"lv-LV","@id":"https:\/\/www.versiegelung24.com\/lv\/#\/schema\/logo\/image\/","url":"https:\/\/www.versiegelung24.com\/wp-content\/uploads\/2020\/04\/versiegelung24.png","contentUrl":"https:\/\/www.versiegelung24.com\/wp-content\/uploads\/2020\/04\/versiegelung24.png","width":470,"height":102,"caption":"versiegelung24"},"image":{"@id":"https:\/\/www.versiegelung24.com\/lv\/#\/schema\/logo\/image\/"}}]}},"_links":{"self":[{"href":"https:\/\/www.versiegelung24.com\/lv\/wp-json\/wp\/v2\/pages\/25939","targetHints":{"allow":["GET"]}}],"collection":[{"href":"https:\/\/www.versiegelung24.com\/lv\/wp-json\/wp\/v2\/pages"}],"about":[{"href":"https:\/\/www.versiegelung24.com\/lv\/wp-json\/wp\/v2\/types\/page"}],"author":[{"embeddable":true,"href":"https:\/\/www.versiegelung24.com\/lv\/wp-json\/wp\/v2\/users\/932"}],"replies":[{"embeddable":true,"href":"https:\/\/www.versiegelung24.com\/lv\/wp-json\/wp\/v2\/comments?post=25939"}],"version-history":[{"count":3,"href":"https:\/\/www.versiegelung24.com\/lv\/wp-json\/wp\/v2\/pages\/25939\/revisions"}],"predecessor-version":[{"id":167640,"href":"https:\/\/www.versiegelung24.com\/lv\/wp-json\/wp\/v2\/pages\/25939\/revisions\/167640"}],"wp:featuredmedia":[{"embeddable":true,"href":"https:\/\/www.versiegelung24.com\/lv\/wp-json\/wp\/v2\/media\/71027"}],"wp:attachment":[{"href":"https:\/\/www.versiegelung24.com\/lv\/wp-json\/wp\/v2\/media?parent=25939"}],"wp:term":[{"taxonomy":"category","embeddable":true,"href":"https:\/\/www.versiegelung24.com\/lv\/wp-json\/wp\/v2\/categories?post=25939"},{"taxonomy":"seiten_kategorie","embeddable":true,"href":"https:\/\/www.versiegelung24.com\/lv\/wp-json\/wp\/v2\/seiten_kategorie?post=25939"}],"curies":[{"name":"wp","href":"https:\/\/api.w.org\/{rel}","templated":true}]}}