{"id":25977,"date":"2021-08-03T12:06:48","date_gmt":"2021-08-03T10:06:48","guid":{"rendered":"https:\/\/www.versiegelung24.com\/maksajumu-veidi"},"modified":"2024-07-09T09:38:18","modified_gmt":"2024-07-09T07:38:18","slug":"maksasanas-metodes","status":"publish","type":"page","link":"https:\/\/www.versiegelung24.com\/lv\/maksasanas-metodes\/","title":{"rendered":"Maks\u0101jumu veidi"},"content":{"rendered":"\n<h1 class=\"wp-block-heading\" id=\"h-zahlungsarten\">Maks\u0101jumu veidi<\/h1>\n<p>M\u0113s pied\u0101v\u0101jam \u0161\u0101dus maks\u0101juma veidus j\u016bsu pas\u016bt\u012bjumam vietn\u0113 versiegelung24.com:<\/p>\n<p><img fetchpriority=\"high\" decoding=\"async\" class=\"alignnone wp-image-133349 \" src=\"https:\/\/www.versiegelung24.com\/wp-content\/uploads\/2023\/11\/v24-footer-zahlungsarten-1300x93.webp\" alt=\"\" width=\"780\" height=\"76\"><\/p>\n<h3>Paypal<\/h3>\n<p>Ja maks\u0101juma summa tiek apmaks\u0101ta, izmantojot PayPal, j\u016bsu pas\u016bt\u012bjums tiks nekav\u0113joties apstr\u0101d\u0101ts.<\/p>\n<h3>Priek\u0161apmaksa ar bankas p\u0101rskait\u012bjumu<\/h3>\n<p>P\u0113c maks\u0101juma sa\u0146em\u0161anas ar avansa p\u0101rskait\u012bjumu uz m\u016bsu bankas kontu j\u016bsu s\u016bt\u012bjums tiks nos\u016bt\u012bts.<\/p>\n<p>Sa\u0146\u0113m\u0113js: Holger K\u00e4ding<br \/>IBAN: DE30370502990011006269<br \/>BIC \/ SWIFT: COKSDE33<br \/>\u0136elnes Kreissparkasse<\/p>\n<h3>Pirkums uz r\u0113\u0137ina<\/h3>\n<p>Valsts iest\u0101d\u0113m un instit\u016bcij\u0101m p\u0113c piepras\u012bjuma pied\u0101v\u0101jam ar\u012b ieg\u0101di uz konta. <a href=\"https:\/\/www.versiegelung24.com\/lv\/kontakti\/\">L\u016bdzu, sazinieties ar mums par to<\/a> .<\/p>\n","protected":false},"excerpt":{"rendered":"<p>Maks\u0101jumu veidi M\u0113s pied\u0101v\u0101jam \u0161\u0101dus maks\u0101juma veidus j\u016bsu pas\u016bt\u012bjumam vietn\u0113 versiegelung24.com: Paypal Ja maks\u0101juma summa tiek apmaks\u0101ta, izmantojot PayPal, j\u016bsu pas\u016bt\u012bjums tiks nekav\u0113joties apstr\u0101d\u0101ts. Priek\u0161apmaksa ar bankas p\u0101rskait\u012bjumu P\u0113c maks\u0101juma sa\u0146em\u0161anas ar avansa p\u0101rskait\u012bjumu uz m\u016bsu bankas kontu j\u016bsu s\u016bt\u012bjums tiks nos\u016bt\u012bts. Sa\u0146\u0113m\u0113js: Holger K\u00e4dingIBAN: DE30370502990011006269BIC \/ SWIFT: COKSDE33\u0136elnes Kreissparkasse Pirkums uz r\u0113\u0137ina Valsts iest\u0101d\u0113m&hellip;&nbsp;<a href=\"https:\/\/www.versiegelung24.com\/lv\/maksasanas-metodes\/\" rel=\"bookmark\">Read More &raquo;<span class=\"screen-reader-text\">Maks\u0101jumu veidi<\/span><\/a><\/p>\n","protected":false},"author":932,"featured_media":70657,"parent":0,"menu_order":0,"comment_status":"closed","ping_status":"closed","template":"","meta":{"_acf_changed":false,"neve_meta_sidebar":"","neve_meta_container":"","neve_meta_enable_content_width":"","neve_meta_content_width":0,"neve_meta_title_alignment":"","neve_meta_author_avatar":"","neve_post_elements_order":"","neve_meta_disable_header":"","neve_meta_disable_footer":"","neve_meta_disable_title":"","neve_meta_reading_time":"","footnotes":""},"categories":[],"seiten_kategorie":[],"class_list":["post-25977","page","type-page","status-publish","has-post-thumbnail","hentry"],"acf":[],"yoast_head":"<!-- This site is optimized with the Yoast SEO Premium plugin v22.8 (Yoast SEO v27.5) - https:\/\/yoast.com\/product\/yoast-seo-premium-wordpress\/ -->\n<title>Maks\u0101jumu veidi - versiegelung24.com<\/title>\n<meta name=\"robots\" content=\"index, follow, max-snippet:-1, max-image-preview:large, max-video-preview:-1\" \/>\n<link rel=\"canonical\" href=\"https:\/\/www.versiegelung24.com\/lv\/maksasanas-metodes\/\" \/>\n<meta property=\"og:locale\" content=\"lv_LV\" \/>\n<meta property=\"og:type\" content=\"article\" \/>\n<meta property=\"og:title\" content=\"Maks\u0101jumu veidi\" \/>\n<meta property=\"og:description\" content=\"Maks\u0101jumu veidi M\u0113s pied\u0101v\u0101jam \u0161\u0101dus maks\u0101juma veidus j\u016bsu pas\u016bt\u012bjumam vietn\u0113 versiegelung24.com: Paypal Ja maks\u0101juma summa tiek apmaks\u0101ta, izmantojot PayPal, j\u016bsu pas\u016bt\u012bjums tiks nekav\u0113joties apstr\u0101d\u0101ts. Priek\u0161apmaksa ar bankas p\u0101rskait\u012bjumu P\u0113c maks\u0101juma sa\u0146em\u0161anas ar avansa p\u0101rskait\u012bjumu uz m\u016bsu bankas kontu j\u016bsu s\u016bt\u012bjums tiks nos\u016bt\u012bts. Sa\u0146\u0113m\u0113js: Holger K\u00e4dingIBAN: DE30370502990011006269BIC \/ SWIFT: COKSDE33\u0136elnes Kreissparkasse Pirkums uz r\u0113\u0137ina Valsts iest\u0101d\u0113m&hellip;&nbsp;Read More &raquo;Maks\u0101jumu veidi\" \/>\n<meta property=\"og:url\" content=\"https:\/\/www.versiegelung24.com\/lv\/maksasanas-metodes\/\" \/>\n<meta property=\"og:site_name\" content=\"versiegelung24.com\" \/>\n<meta property=\"article:modified_time\" content=\"2024-07-09T07:38:18+00:00\" \/>\n<meta property=\"og:image\" content=\"https:\/\/www.versiegelung24.com\/wp-content\/uploads\/2022\/02\/Payment.png\" \/>\n\t<meta property=\"og:image:width\" content=\"2000\" \/>\n\t<meta property=\"og:image:height\" content=\"2000\" \/>\n\t<meta property=\"og:image:type\" content=\"image\/png\" \/>\n<meta name=\"twitter:card\" content=\"summary_large_image\" \/>\n<meta name=\"twitter:label1\" content=\"Est. reading time\" \/>\n\t<meta name=\"twitter:data1\" content=\"1 minute\" \/>\n<script type=\"application\/ld+json\" class=\"yoast-schema-graph\">{\"@context\":\"https:\\\/\\\/schema.org\",\"@graph\":[{\"@type\":\"WebPage\",\"@id\":\"https:\\\/\\\/www.versiegelung24.com\\\/lv\\\/maksasanas-metodes\\\/\",\"url\":\"https:\\\/\\\/www.versiegelung24.com\\\/lv\\\/maksasanas-metodes\\\/\",\"name\":\"Maks\u0101jumu veidi - versiegelung24.com\",\"isPartOf\":{\"@id\":\"https:\\\/\\\/www.versiegelung24.com\\\/lv\\\/#website\"},\"primaryImageOfPage\":{\"@id\":\"https:\\\/\\\/www.versiegelung24.com\\\/lv\\\/maksasanas-metodes\\\/#primaryimage\"},\"image\":{\"@id\":\"https:\\\/\\\/www.versiegelung24.com\\\/lv\\\/maksasanas-metodes\\\/#primaryimage\"},\"thumbnailUrl\":\"https:\\\/\\\/www.versiegelung24.com\\\/wp-content\\\/uploads\\\/2022\\\/02\\\/Payment.png\",\"datePublished\":\"2021-08-03T10:06:48+00:00\",\"dateModified\":\"2024-07-09T07:38:18+00:00\",\"breadcrumb\":{\"@id\":\"https:\\\/\\\/www.versiegelung24.com\\\/lv\\\/maksasanas-metodes\\\/#breadcrumb\"},\"inLanguage\":\"lv-LV\",\"potentialAction\":[{\"@type\":\"ReadAction\",\"target\":[\"https:\\\/\\\/www.versiegelung24.com\\\/lv\\\/maksasanas-metodes\\\/\"]}]},{\"@type\":\"ImageObject\",\"inLanguage\":\"lv-LV\",\"@id\":\"https:\\\/\\\/www.versiegelung24.com\\\/lv\\\/maksasanas-metodes\\\/#primaryimage\",\"url\":\"https:\\\/\\\/www.versiegelung24.com\\\/wp-content\\\/uploads\\\/2022\\\/02\\\/Payment.png\",\"contentUrl\":\"https:\\\/\\\/www.versiegelung24.com\\\/wp-content\\\/uploads\\\/2022\\\/02\\\/Payment.png\",\"width\":2000,\"height\":2000},{\"@type\":\"BreadcrumbList\",\"@id\":\"https:\\\/\\\/www.versiegelung24.com\\\/lv\\\/maksasanas-metodes\\\/#breadcrumb\",\"itemListElement\":[{\"@type\":\"ListItem\",\"position\":1,\"name\":\"M\u0101jas lapa\",\"item\":\"https:\\\/\\\/www.versiegelung24.com\\\/lv\\\/prieksejais\\\/\"},{\"@type\":\"ListItem\",\"position\":2,\"name\":\"Maks\u0101jumu veidi\"}]},{\"@type\":\"WebSite\",\"@id\":\"https:\\\/\\\/www.versiegelung24.com\\\/lv\\\/#website\",\"url\":\"https:\\\/\\\/www.versiegelung24.com\\\/lv\\\/\",\"name\":\"versiegelung24.com\",\"description\":\"Fl\u00fcssigglas-Versiegelung - Made in Germany\",\"publisher\":{\"@id\":\"https:\\\/\\\/www.versiegelung24.com\\\/lv\\\/#organization\"},\"potentialAction\":[{\"@type\":\"SearchAction\",\"target\":{\"@type\":\"EntryPoint\",\"urlTemplate\":\"https:\\\/\\\/www.versiegelung24.com\\\/lv\\\/?s={search_term_string}\"},\"query-input\":{\"@type\":\"PropertyValueSpecification\",\"valueRequired\":true,\"valueName\":\"search_term_string\"}}],\"inLanguage\":\"lv-LV\"},{\"@type\":\"Organization\",\"@id\":\"https:\\\/\\\/www.versiegelung24.com\\\/lv\\\/#organization\",\"name\":\"versiegelung24\",\"url\":\"https:\\\/\\\/www.versiegelung24.com\\\/lv\\\/\",\"logo\":{\"@type\":\"ImageObject\",\"inLanguage\":\"lv-LV\",\"@id\":\"https:\\\/\\\/www.versiegelung24.com\\\/lv\\\/#\\\/schema\\\/logo\\\/image\\\/\",\"url\":\"https:\\\/\\\/www.versiegelung24.com\\\/wp-content\\\/uploads\\\/2020\\\/04\\\/versiegelung24.png\",\"contentUrl\":\"https:\\\/\\\/www.versiegelung24.com\\\/wp-content\\\/uploads\\\/2020\\\/04\\\/versiegelung24.png\",\"width\":470,\"height\":102,\"caption\":\"versiegelung24\"},\"image\":{\"@id\":\"https:\\\/\\\/www.versiegelung24.com\\\/lv\\\/#\\\/schema\\\/logo\\\/image\\\/\"}}]}<\/script>\n<!-- \/ Yoast SEO Premium plugin. -->","yoast_head_json":{"title":"Maks\u0101jumu veidi - versiegelung24.com","robots":{"index":"index","follow":"follow","max-snippet":"max-snippet:-1","max-image-preview":"max-image-preview:large","max-video-preview":"max-video-preview:-1"},"canonical":"https:\/\/www.versiegelung24.com\/lv\/maksasanas-metodes\/","og_locale":"lv_LV","og_type":"article","og_title":"Maks\u0101jumu veidi","og_description":"Maks\u0101jumu veidi M\u0113s pied\u0101v\u0101jam \u0161\u0101dus maks\u0101juma veidus j\u016bsu pas\u016bt\u012bjumam vietn\u0113 versiegelung24.com: Paypal Ja maks\u0101juma summa tiek apmaks\u0101ta, izmantojot PayPal, j\u016bsu pas\u016bt\u012bjums tiks nekav\u0113joties apstr\u0101d\u0101ts. Priek\u0161apmaksa ar bankas p\u0101rskait\u012bjumu P\u0113c maks\u0101juma sa\u0146em\u0161anas ar avansa p\u0101rskait\u012bjumu uz m\u016bsu bankas kontu j\u016bsu s\u016bt\u012bjums tiks nos\u016bt\u012bts. Sa\u0146\u0113m\u0113js: Holger K\u00e4dingIBAN: DE30370502990011006269BIC \/ SWIFT: COKSDE33\u0136elnes Kreissparkasse Pirkums uz r\u0113\u0137ina Valsts iest\u0101d\u0113m&hellip;&nbsp;Read More &raquo;Maks\u0101jumu veidi","og_url":"https:\/\/www.versiegelung24.com\/lv\/maksasanas-metodes\/","og_site_name":"versiegelung24.com","article_modified_time":"2024-07-09T07:38:18+00:00","og_image":[{"width":2000,"height":2000,"url":"https:\/\/www.versiegelung24.com\/wp-content\/uploads\/2022\/02\/Payment.png","type":"image\/png"}],"twitter_card":"summary_large_image","twitter_misc":{"Est. reading time":"1 minute"},"schema":{"@context":"https:\/\/schema.org","@graph":[{"@type":"WebPage","@id":"https:\/\/www.versiegelung24.com\/lv\/maksasanas-metodes\/","url":"https:\/\/www.versiegelung24.com\/lv\/maksasanas-metodes\/","name":"Maks\u0101jumu veidi - versiegelung24.com","isPartOf":{"@id":"https:\/\/www.versiegelung24.com\/lv\/#website"},"primaryImageOfPage":{"@id":"https:\/\/www.versiegelung24.com\/lv\/maksasanas-metodes\/#primaryimage"},"image":{"@id":"https:\/\/www.versiegelung24.com\/lv\/maksasanas-metodes\/#primaryimage"},"thumbnailUrl":"https:\/\/www.versiegelung24.com\/wp-content\/uploads\/2022\/02\/Payment.png","datePublished":"2021-08-03T10:06:48+00:00","dateModified":"2024-07-09T07:38:18+00:00","breadcrumb":{"@id":"https:\/\/www.versiegelung24.com\/lv\/maksasanas-metodes\/#breadcrumb"},"inLanguage":"lv-LV","potentialAction":[{"@type":"ReadAction","target":["https:\/\/www.versiegelung24.com\/lv\/maksasanas-metodes\/"]}]},{"@type":"ImageObject","inLanguage":"lv-LV","@id":"https:\/\/www.versiegelung24.com\/lv\/maksasanas-metodes\/#primaryimage","url":"https:\/\/www.versiegelung24.com\/wp-content\/uploads\/2022\/02\/Payment.png","contentUrl":"https:\/\/www.versiegelung24.com\/wp-content\/uploads\/2022\/02\/Payment.png","width":2000,"height":2000},{"@type":"BreadcrumbList","@id":"https:\/\/www.versiegelung24.com\/lv\/maksasanas-metodes\/#breadcrumb","itemListElement":[{"@type":"ListItem","position":1,"name":"M\u0101jas lapa","item":"https:\/\/www.versiegelung24.com\/lv\/prieksejais\/"},{"@type":"ListItem","position":2,"name":"Maks\u0101jumu veidi"}]},{"@type":"WebSite","@id":"https:\/\/www.versiegelung24.com\/lv\/#website","url":"https:\/\/www.versiegelung24.com\/lv\/","name":"versiegelung24.com","description":"Fl\u00fcssigglas-Versiegelung - Made in Germany","publisher":{"@id":"https:\/\/www.versiegelung24.com\/lv\/#organization"},"potentialAction":[{"@type":"SearchAction","target":{"@type":"EntryPoint","urlTemplate":"https:\/\/www.versiegelung24.com\/lv\/?s={search_term_string}"},"query-input":{"@type":"PropertyValueSpecification","valueRequired":true,"valueName":"search_term_string"}}],"inLanguage":"lv-LV"},{"@type":"Organization","@id":"https:\/\/www.versiegelung24.com\/lv\/#organization","name":"versiegelung24","url":"https:\/\/www.versiegelung24.com\/lv\/","logo":{"@type":"ImageObject","inLanguage":"lv-LV","@id":"https:\/\/www.versiegelung24.com\/lv\/#\/schema\/logo\/image\/","url":"https:\/\/www.versiegelung24.com\/wp-content\/uploads\/2020\/04\/versiegelung24.png","contentUrl":"https:\/\/www.versiegelung24.com\/wp-content\/uploads\/2020\/04\/versiegelung24.png","width":470,"height":102,"caption":"versiegelung24"},"image":{"@id":"https:\/\/www.versiegelung24.com\/lv\/#\/schema\/logo\/image\/"}}]}},"_links":{"self":[{"href":"https:\/\/www.versiegelung24.com\/lv\/wp-json\/wp\/v2\/pages\/25977","targetHints":{"allow":["GET"]}}],"collection":[{"href":"https:\/\/www.versiegelung24.com\/lv\/wp-json\/wp\/v2\/pages"}],"about":[{"href":"https:\/\/www.versiegelung24.com\/lv\/wp-json\/wp\/v2\/types\/page"}],"author":[{"embeddable":true,"href":"https:\/\/www.versiegelung24.com\/lv\/wp-json\/wp\/v2\/users\/932"}],"replies":[{"embeddable":true,"href":"https:\/\/www.versiegelung24.com\/lv\/wp-json\/wp\/v2\/comments?post=25977"}],"version-history":[{"count":8,"href":"https:\/\/www.versiegelung24.com\/lv\/wp-json\/wp\/v2\/pages\/25977\/revisions"}],"predecessor-version":[{"id":169416,"href":"https:\/\/www.versiegelung24.com\/lv\/wp-json\/wp\/v2\/pages\/25977\/revisions\/169416"}],"wp:featuredmedia":[{"embeddable":true,"href":"https:\/\/www.versiegelung24.com\/lv\/wp-json\/wp\/v2\/media\/70657"}],"wp:attachment":[{"href":"https:\/\/www.versiegelung24.com\/lv\/wp-json\/wp\/v2\/media?parent=25977"}],"wp:term":[{"taxonomy":"category","embeddable":true,"href":"https:\/\/www.versiegelung24.com\/lv\/wp-json\/wp\/v2\/categories?post=25977"},{"taxonomy":"seiten_kategorie","embeddable":true,"href":"https:\/\/www.versiegelung24.com\/lv\/wp-json\/wp\/v2\/seiten_kategorie?post=25977"}],"curies":[{"name":"wp","href":"https:\/\/api.w.org\/{rel}","templated":true}]}}