{"id":41052,"date":"2021-12-14T14:15:33","date_gmt":"2021-12-14T13:15:33","guid":{"rendered":"https:\/\/www.versiegelung24.com\/padomi-par-versiegelung24-produktiem\/zinasanas\/aizsardziba-pret-grafiti"},"modified":"2024-09-01T18:16:59","modified_gmt":"2024-09-01T16:16:59","slug":"grafiti-aizsardziba-ar-skidro-stiklu","status":"publish","type":"page","link":"https:\/\/www.versiegelung24.com\/lv\/padomi-par-versiegelung24-produktiem\/zinasanas\/grafiti-aizsardziba-ar-skidro-stiklu\/","title":{"rendered":"Fas\u0101des aizsardz\u012bba pret grafiti"},"content":{"rendered":"\n<h1 class=\"wp-block-heading\" id=\"h-graffiti-schutz-mit-flussigglas\">Grafiti aizsardz\u012bba ar \u0161\u0137idru stiklu<\/h1>\n\n<p>\u0160im video vajadz\u0113tu b\u016bt \u012bpa\u0161i interesantam pils\u0113t\u0101m un pa\u0161vald\u012bb\u0101m vai boj\u0101tu \u012bpa\u0161umu \u012bpa\u0161niekiem, kuriem jau ir bijusi pieredze ar pies\u0101r\u0146ojumu no grafiti izsmidzin\u0101t\u0101jiem. &#8220;M\u0101kslinieku&#8221; kr\u0101sas ir notur\u012bgas un, izsmidzinot, iek\u013c\u016bst beton\u0101 vai akmen\u012b. Rezult\u0101t\u0101 grafiti no\u0146em\u0161ana ir \u013coti d\u0101rga un laikietilp\u012bga lieta, kas parasti ir j\u0101dara profesion\u0101li.<\/p>\n\n<figure class=\"wp-block-embed aligncenter is-type-video is-provider-youtube wp-block-embed-youtube wp-embed-aspect-16-9 wp-has-aspect-ratio\"><div class=\"wp-block-embed__wrapper\"> \n<div class=\"nv-iframe-embed\"><iframe title=\"Graffiti Protection Pro 626 - How does it work?\" width=\"1200\" height=\"675\" src=\"https:\/\/www.youtube.com\/embed\/dP9jGmUvoek?feature=oembed\" frameborder=\"0\" allow=\"accelerometer; autoplay; clipboard-write; encrypted-media; gyroscope; picture-in-picture\" allowfullscreen><\/iframe><\/div>\n <\/div><\/figure>\n\n<div class=\"wp-block-columns is-layout-flex wp-container-core-columns-is-layout-9d6595d7 wp-block-columns-is-layout-flex\">\n<div class=\"wp-block-column is-layout-flow wp-block-column-is-layout-flow\" style=\"flex-basis:66.66%\">\n<p>Video par\u0101da sal\u012bdzin\u0101jumu ar diviem betona \u0137ie\u0123e\u013ciem:<\/p>\n\n\n\n<p><a href=\"https:\/\/www.versiegelung24.com\/lv\/pretgrafiti-aizsargparklajums-loti-efektivs-fasades-blivejums.html\">Viens akmens ir piln\u012bb\u0101 nosl\u0113gts ar \u0161\u0137idru stiklu<\/a> , otrs nav. Tagad k\u0101 kr\u0101su aerosola ekvivalents ar mar\u0137ieri ir uzkr\u0101sots krusts uz attiec\u012bg\u0101 akmens. Ar\u012b \u0161eit j\u016bs varat redz\u0113t uzreiz &#8211; neapstr\u0101d\u0101ta akmens gad\u012bjum\u0101 meln\u0101 kr\u0101sa tiek ievilkta uzreiz, krusts ir skaidri redzams. Kad akmens ir nosl\u0113gts, kr\u0101sa nevar iek\u013c\u016bt <a href=\"https:\/\/www.versiegelung24.com\/lv\/pretgrafiti-aizsargparklajums-loti-efektivs-fasades-blivejums.html\" target=\"_blank\" rel=\"noreferrer noopener\">\u0161\u0137idraj\u0101<\/a> stikl\u0101, kas noz\u012bm\u0113, ka nav sa\u0137eres. T\u0101p\u0113c krusts ir tikai v\u0101ji redzams, un to var no\u0146emt tikai ar \u016bdeni, neatst\u0101jot atlikumus. J\u016bs velt\u012bgi m\u0113\u0123in\u0101t to izdar\u012bt ar video neapstr\u0101d\u0101to \u0137ie\u0123eli. Daudzos gad\u012bjumos t\u012br\u012b\u0161anu var veikt tikai ar \u016bdeni, ta\u010du efektivit\u0101te var at\u0161\u0137irties atkar\u012bb\u0101 no grafiti veida.<\/p>\n\n\n\n<p>Virsmas aizsardz\u012bbai pret grafiti var izmantot \u0161\u0137idro stikla p\u0101rkl\u0101jumu.\nPareizi uzkl\u0101ts un labv\u0113l\u012bgos apst\u0101k\u013cos, aizsarg\u0101jo\u0161ais efekts var saglab\u0101ties l\u012bdz pat 20 gadiem. <\/p>\n\n\n\n<p>Noskatieties videoklipu, lai redz\u0113tu, cik viegli ir nosegt betonu: Pirms \u0161\u0137idr\u0101 stikla p\u0101rkl\u0101juma uzkl\u0101\u0161anas virsma ir r\u016bp\u012bgi j\u0101not\u012bra un j\u0101iz\u017e\u0101v\u0113, lai nodro\u0161in\u0101tu optim\u0101lu herm\u0113ti\u0137a pielip\u0161anu un vienm\u0113r\u012bgu izkliedi.<\/p>\n<\/div>\n\n\n\n<div class=\"wp-block-column is-layout-flow wp-block-column-is-layout-flow\" style=\"flex-basis:33.33%\"><div class=\"wp-block-image\">\n<figure class=\"alignright size-full is-resized\"><img fetchpriority=\"high\" decoding=\"async\" width=\"1000\" height=\"1000\" src=\"https:\/\/www.versiegelung24.com\/wp-content\/uploads\/2021\/12\/graf-1.jpg\" alt=\"\" class=\"wp-image-40868\" style=\"width:313px;height:313px\" srcset=\"https:\/\/www.versiegelung24.com\/wp-content\/uploads\/2021\/12\/graf-1.jpg 1000w, https:\/\/www.versiegelung24.com\/wp-content\/uploads\/2021\/12\/graf-1-400x400.jpg 400w, https:\/\/www.versiegelung24.com\/wp-content\/uploads\/2021\/12\/graf-1-100x100.jpg 100w, https:\/\/www.versiegelung24.com\/wp-content\/uploads\/2021\/12\/graf-1-600x600.jpg 600w, https:\/\/www.versiegelung24.com\/wp-content\/uploads\/2021\/12\/graf-1-300x300.jpg 300w, https:\/\/www.versiegelung24.com\/wp-content\/uploads\/2021\/12\/graf-1-80x80.jpg 80w, https:\/\/www.versiegelung24.com\/wp-content\/uploads\/2021\/12\/graf-1-768x768.jpg 768w\" sizes=\"(max-width: 1000px) 100vw, 1000px\" \/><\/figure>\n<\/div><\/div>\n<\/div>\n<div class=\"woocommerce columns-4 \"><ul class=\"products columns-4\">\n<li class=\"product type-product post-23936 status-publish first instock product_cat-akmens-un-betona-blivejums has-post-thumbnail taxable shipping-taxable purchasable product-type-variable has-default-attributes\">\n\t<div class=\"nv-card-content-wrapper\"><a href=\"https:\/\/www.versiegelung24.com\/lv\/pretgrafiti-aizsargparklajums-loti-efektivs-fasades-blivejums.html\" class=\"woocommerce-LoopProduct-link woocommerce-loop-product__link\"><div class=\"sp-product-image \"><div class=\"img-wrap\"><img decoding=\"async\" width=\"400\" height=\"400\" src=\"https:\/\/www.versiegelung24.com\/wp-content\/uploads\/2020\/04\/7626-anti-graffiti-400x400.webp\" class=\"attachment-woocommerce_thumbnail size-woocommerce_thumbnail\" alt=\"Grafiti aizsargp\u0101rkl\u0101jums - Antigrafiti p\u0101rkl\u0101jums\" srcset=\"https:\/\/www.versiegelung24.com\/wp-content\/uploads\/2020\/04\/7626-anti-graffiti-400x400.webp 400w, https:\/\/www.versiegelung24.com\/wp-content\/uploads\/2020\/04\/7626-anti-graffiti-300x300.webp 300w, https:\/\/www.versiegelung24.com\/wp-content\/uploads\/2020\/04\/7626-anti-graffiti-1300x1300.webp 1300w, https:\/\/www.versiegelung24.com\/wp-content\/uploads\/2020\/04\/7626-anti-graffiti-80x80.webp 80w, https:\/\/www.versiegelung24.com\/wp-content\/uploads\/2020\/04\/7626-anti-graffiti-768x768.webp 768w, https:\/\/www.versiegelung24.com\/wp-content\/uploads\/2020\/04\/7626-anti-graffiti-1536x1536.webp 1536w, https:\/\/www.versiegelung24.com\/wp-content\/uploads\/2020\/04\/7626-anti-graffiti-2048x2048.webp 2048w, https:\/\/www.versiegelung24.com\/wp-content\/uploads\/2020\/04\/7626-anti-graffiti-70x70.webp 70w, https:\/\/www.versiegelung24.com\/wp-content\/uploads\/2020\/04\/7626-anti-graffiti-600x600.webp 600w, https:\/\/www.versiegelung24.com\/wp-content\/uploads\/2020\/04\/7626-anti-graffiti-100x100.webp 100w\" sizes=\"(max-width: 400px) 100vw, 400px\" \/><\/div><\/div><h2 class=\"woocommerce-loop-product__title\">Grafiti aizsargp\u0101rkl\u0101jums &#8211; Antigrafiti p\u0101rkl\u0101jums<\/h2>\n\t<span class=\"price\"><span class=\"woocommerce-Price-amount amount\"><bdi>359,00<span class=\"woocommerce-Price-currencySymbol\">&euro;<\/span><\/bdi><\/span><\/span>\n\n\n\t<p class=\"price price-unit smaller wc-gzd-additional-info wc-gzd-additional-info-loop\">(<span class=\"woocommerce-Price-amount amount\">71,80<span class=\"woocommerce-Price-currencySymbol\">&euro;<\/span><\/span> \/ <span class=\"unit\">l<\/span>)<\/p>\n\n<\/a>\t\t<p class=\"artikelnummer wc-gzd-additional-info\">\n\t\t\tSKU: 9201-7626-5000\t\t<\/p>\n\t\t\n\t<p class=\"wc-gzd-additional-info wc-gzd-additional-info-loop product-units-wrapper product-units\">Saturs: 5 <span class=\"unit\">l<\/span><\/p>\n\t\t<p class=\"lagerbestand wc-gzd-additional-info\">\n\t\t\t<strong>\n\t\t\t\tInventory\t\t\t\t:\n\t\t\t<\/strong>\n\t\t\tIr noliktav\u0101\t\t<\/p>\n\t\t\n\t<p class=\"wc-gzd-additional-info delivery-time-info wc-gzd-additional-info-loop\"><span class=\"delivery-time-inner delivery-time-7-darba-dienas\">Pieg\u0101des laiks:  <span class=\"delivery-time-data\">7 darba dienas<\/span><\/span><\/p>\n\n\t<p class=\"wc-gzd-additional-info wc-gzd-additional-info-loop tax-info\">incl. VAT<\/p>\n\n\t<p class=\"wc-gzd-additional-info wc-gzd-additional-info-loop shipping-costs-info\">plus  <a href=\"https:\/\/www.versiegelung24.com\/lv\/padomi-par-versiegelung24-produktiem\/piegade\/\" target=\"_blank\">Pieg\u0101de<\/a><\/p>\n<a href=\"https:\/\/www.versiegelung24.com\/lv\/pretgrafiti-aizsargparklajums-loti-efektivs-fasades-blivejums.html\" aria-describedby=\"woocommerce_loop_add_to_cart_link_describedby_23936\" data-quantity=\"1\" class=\"button product_type_variable add_to_cart_button\" data-product_id=\"23936\" data-product_sku=\"9201-7626-5000\" aria-label=\"Select options for &ldquo;Grafiti aizsargp\u0101rkl\u0101jums - Antigrafiti p\u0101rkl\u0101jums&rdquo;\" rel=\"nofollow\">Select options<\/a>\t<span id=\"woocommerce_loop_add_to_cart_link_describedby_23936\" class=\"screen-reader-text\">\n\t\tThis product has multiple variants. The options may be chosen on the product page\t<\/span>\n<\/div><\/li>\n<\/ul>\n<\/div>\n\n","protected":false},"excerpt":{"rendered":"<p>Sludiniet karu grafiti &#8211; efekt\u012bva fas\u0101des aizsardz\u012bba ar \u0161\u0137idro stiklu.<\/p>\n","protected":false},"author":932,"featured_media":40883,"parent":34637,"menu_order":0,"comment_status":"closed","ping_status":"closed","template":"","meta":{"_acf_changed":false,"neve_meta_sidebar":"full-width","neve_meta_container":"","neve_meta_enable_content_width":"on","neve_meta_content_width":100,"neve_meta_title_alignment":"","neve_meta_author_avatar":"","neve_post_elements_order":"","neve_meta_disable_header":"","neve_meta_disable_footer":"","neve_meta_disable_title":"","neve_meta_reading_time":"","footnotes":""},"categories":[3574,3504],"seiten_kategorie":[3835],"class_list":["post-41052","page","type-page","status-publish","has-post-thumbnail","hentry","category-maja-un-darzs","category-padomu-raksts-zurnals"],"acf":[],"yoast_head":"<!-- This site is optimized with the Yoast SEO Premium plugin v22.8 (Yoast SEO v27.5) - https:\/\/yoast.com\/product\/yoast-seo-premium-wordpress\/ -->\n<title>versiegelung24.com gals herm\u0113ti\u0137is - Fas\u0101des aizsardz\u012bba pret grafiti -<\/title>\n<meta name=\"description\" content=\"\u0160\u0137idrs gals herm\u0113ti\u0137is k\u0101 aizsardz\u012bba pret grafiti. Uzziniet no mums, k\u0101 j\u016bs varat aizsarg\u0101t savas mantas.\" \/>\n<meta name=\"robots\" content=\"index, follow, max-snippet:-1, max-image-preview:large, max-video-preview:-1\" \/>\n<link rel=\"canonical\" href=\"https:\/\/www.versiegelung24.com\/lv\/padomi-par-versiegelung24-produktiem\/zinasanas\/grafiti-aizsardziba-ar-skidro-stiklu\/\" \/>\n<meta property=\"og:locale\" content=\"lv_LV\" \/>\n<meta property=\"og:type\" content=\"article\" \/>\n<meta property=\"og:title\" content=\"Fas\u0101des aizsardz\u012bba pret grafiti\" \/>\n<meta property=\"og:description\" content=\"\u0160\u0137idrs gals herm\u0113ti\u0137is k\u0101 aizsardz\u012bba pret grafiti. Uzziniet no mums, k\u0101 j\u016bs varat aizsarg\u0101t savas mantas.\" \/>\n<meta property=\"og:url\" content=\"https:\/\/www.versiegelung24.com\/lv\/padomi-par-versiegelung24-produktiem\/zinasanas\/grafiti-aizsardziba-ar-skidro-stiklu\/\" \/>\n<meta property=\"og:site_name\" content=\"versiegelung24.com\" \/>\n<meta property=\"article:modified_time\" content=\"2024-09-01T16:16:59+00:00\" \/>\n<meta property=\"og:image\" content=\"https:\/\/www.versiegelung24.com\/wp-content\/uploads\/2021\/12\/graf-1.jpg\" \/>\n\t<meta property=\"og:image:width\" content=\"1000\" \/>\n\t<meta property=\"og:image:height\" content=\"1000\" \/>\n\t<meta property=\"og:image:type\" content=\"image\/jpeg\" \/>\n<meta name=\"twitter:card\" content=\"summary_large_image\" \/>\n<meta name=\"twitter:label1\" content=\"Est. reading time\" \/>\n\t<meta name=\"twitter:data1\" content=\"2 minutes\" \/>\n<script type=\"application\/ld+json\" class=\"yoast-schema-graph\">{\"@context\":\"https:\\\/\\\/schema.org\",\"@graph\":[{\"@type\":\"WebPage\",\"@id\":\"https:\\\/\\\/www.versiegelung24.com\\\/lv\\\/padomi-par-versiegelung24-produktiem\\\/zinasanas\\\/grafiti-aizsardziba-ar-skidro-stiklu\\\/\",\"url\":\"https:\\\/\\\/www.versiegelung24.com\\\/lv\\\/padomi-par-versiegelung24-produktiem\\\/zinasanas\\\/grafiti-aizsardziba-ar-skidro-stiklu\\\/\",\"name\":\"versiegelung24.com gals herm\u0113ti\u0137is - Fas\u0101des aizsardz\u012bba pret grafiti -\",\"isPartOf\":{\"@id\":\"https:\\\/\\\/www.versiegelung24.com\\\/lv\\\/#website\"},\"primaryImageOfPage\":{\"@id\":\"https:\\\/\\\/www.versiegelung24.com\\\/lv\\\/padomi-par-versiegelung24-produktiem\\\/zinasanas\\\/grafiti-aizsardziba-ar-skidro-stiklu\\\/#primaryimage\"},\"image\":{\"@id\":\"https:\\\/\\\/www.versiegelung24.com\\\/lv\\\/padomi-par-versiegelung24-produktiem\\\/zinasanas\\\/grafiti-aizsardziba-ar-skidro-stiklu\\\/#primaryimage\"},\"thumbnailUrl\":\"https:\\\/\\\/www.versiegelung24.com\\\/wp-content\\\/uploads\\\/2021\\\/12\\\/graf-1.jpg\",\"datePublished\":\"2021-12-14T13:15:33+00:00\",\"dateModified\":\"2024-09-01T16:16:59+00:00\",\"description\":\"\u0160\u0137idrs gals herm\u0113ti\u0137is k\u0101 aizsardz\u012bba pret grafiti. Uzziniet no mums, k\u0101 j\u016bs varat aizsarg\u0101t savas mantas.\",\"breadcrumb\":{\"@id\":\"https:\\\/\\\/www.versiegelung24.com\\\/lv\\\/padomi-par-versiegelung24-produktiem\\\/zinasanas\\\/grafiti-aizsardziba-ar-skidro-stiklu\\\/#breadcrumb\"},\"inLanguage\":\"lv-LV\",\"potentialAction\":[{\"@type\":\"ReadAction\",\"target\":[\"https:\\\/\\\/www.versiegelung24.com\\\/lv\\\/padomi-par-versiegelung24-produktiem\\\/zinasanas\\\/grafiti-aizsardziba-ar-skidro-stiklu\\\/\"]}]},{\"@type\":\"ImageObject\",\"inLanguage\":\"lv-LV\",\"@id\":\"https:\\\/\\\/www.versiegelung24.com\\\/lv\\\/padomi-par-versiegelung24-produktiem\\\/zinasanas\\\/grafiti-aizsardziba-ar-skidro-stiklu\\\/#primaryimage\",\"url\":\"https:\\\/\\\/www.versiegelung24.com\\\/wp-content\\\/uploads\\\/2021\\\/12\\\/graf-1.jpg\",\"contentUrl\":\"https:\\\/\\\/www.versiegelung24.com\\\/wp-content\\\/uploads\\\/2021\\\/12\\\/graf-1.jpg\",\"width\":1000,\"height\":1000},{\"@type\":\"BreadcrumbList\",\"@id\":\"https:\\\/\\\/www.versiegelung24.com\\\/lv\\\/padomi-par-versiegelung24-produktiem\\\/zinasanas\\\/grafiti-aizsardziba-ar-skidro-stiklu\\\/#breadcrumb\",\"itemListElement\":[{\"@type\":\"ListItem\",\"position\":1,\"name\":\"M\u0101jas lapa\",\"item\":\"https:\\\/\\\/www.versiegelung24.com\\\/lv\\\/prieksejais\\\/\"},{\"@type\":\"ListItem\",\"position\":2,\"name\":\"Konsultants\",\"item\":\"https:\\\/\\\/www.versiegelung24.com\\\/lv\\\/ratgeber\\\/\"},{\"@type\":\"ListItem\",\"position\":3,\"name\":\"\u017eurn\u0101ls\",\"item\":\"https:\\\/\\\/www.versiegelung24.com\\\/lv\\\/ratgeber\\\/magazin\\\/\"},{\"@type\":\"ListItem\",\"position\":4,\"name\":\"Fas\u0101des aizsardz\u012bba pret grafiti\"}]},{\"@type\":\"WebSite\",\"@id\":\"https:\\\/\\\/www.versiegelung24.com\\\/lv\\\/#website\",\"url\":\"https:\\\/\\\/www.versiegelung24.com\\\/lv\\\/\",\"name\":\"versiegelung24.com\",\"description\":\"Fl\u00fcssigglas-Versiegelung - Made in Germany\",\"publisher\":{\"@id\":\"https:\\\/\\\/www.versiegelung24.com\\\/lv\\\/#organization\"},\"potentialAction\":[{\"@type\":\"SearchAction\",\"target\":{\"@type\":\"EntryPoint\",\"urlTemplate\":\"https:\\\/\\\/www.versiegelung24.com\\\/lv\\\/?s={search_term_string}\"},\"query-input\":{\"@type\":\"PropertyValueSpecification\",\"valueRequired\":true,\"valueName\":\"search_term_string\"}}],\"inLanguage\":\"lv-LV\"},{\"@type\":\"Organization\",\"@id\":\"https:\\\/\\\/www.versiegelung24.com\\\/lv\\\/#organization\",\"name\":\"versiegelung24\",\"url\":\"https:\\\/\\\/www.versiegelung24.com\\\/lv\\\/\",\"logo\":{\"@type\":\"ImageObject\",\"inLanguage\":\"lv-LV\",\"@id\":\"https:\\\/\\\/www.versiegelung24.com\\\/lv\\\/#\\\/schema\\\/logo\\\/image\\\/\",\"url\":\"https:\\\/\\\/www.versiegelung24.com\\\/wp-content\\\/uploads\\\/2020\\\/04\\\/versiegelung24.png\",\"contentUrl\":\"https:\\\/\\\/www.versiegelung24.com\\\/wp-content\\\/uploads\\\/2020\\\/04\\\/versiegelung24.png\",\"width\":470,\"height\":102,\"caption\":\"versiegelung24\"},\"image\":{\"@id\":\"https:\\\/\\\/www.versiegelung24.com\\\/lv\\\/#\\\/schema\\\/logo\\\/image\\\/\"}}]}<\/script>\n<!-- \/ Yoast SEO Premium plugin. -->","yoast_head_json":{"title":"versiegelung24.com gals herm\u0113ti\u0137is - Fas\u0101des aizsardz\u012bba pret grafiti -","description":"\u0160\u0137idrs gals herm\u0113ti\u0137is k\u0101 aizsardz\u012bba pret grafiti. Uzziniet no mums, k\u0101 j\u016bs varat aizsarg\u0101t savas mantas.","robots":{"index":"index","follow":"follow","max-snippet":"max-snippet:-1","max-image-preview":"max-image-preview:large","max-video-preview":"max-video-preview:-1"},"canonical":"https:\/\/www.versiegelung24.com\/lv\/padomi-par-versiegelung24-produktiem\/zinasanas\/grafiti-aizsardziba-ar-skidro-stiklu\/","og_locale":"lv_LV","og_type":"article","og_title":"Fas\u0101des aizsardz\u012bba pret grafiti","og_description":"\u0160\u0137idrs gals herm\u0113ti\u0137is k\u0101 aizsardz\u012bba pret grafiti. Uzziniet no mums, k\u0101 j\u016bs varat aizsarg\u0101t savas mantas.","og_url":"https:\/\/www.versiegelung24.com\/lv\/padomi-par-versiegelung24-produktiem\/zinasanas\/grafiti-aizsardziba-ar-skidro-stiklu\/","og_site_name":"versiegelung24.com","article_modified_time":"2024-09-01T16:16:59+00:00","og_image":[{"width":1000,"height":1000,"url":"https:\/\/www.versiegelung24.com\/wp-content\/uploads\/2021\/12\/graf-1.jpg","type":"image\/jpeg"}],"twitter_card":"summary_large_image","twitter_misc":{"Est. reading time":"2 minutes"},"schema":{"@context":"https:\/\/schema.org","@graph":[{"@type":"WebPage","@id":"https:\/\/www.versiegelung24.com\/lv\/padomi-par-versiegelung24-produktiem\/zinasanas\/grafiti-aizsardziba-ar-skidro-stiklu\/","url":"https:\/\/www.versiegelung24.com\/lv\/padomi-par-versiegelung24-produktiem\/zinasanas\/grafiti-aizsardziba-ar-skidro-stiklu\/","name":"versiegelung24.com gals herm\u0113ti\u0137is - Fas\u0101des aizsardz\u012bba pret grafiti -","isPartOf":{"@id":"https:\/\/www.versiegelung24.com\/lv\/#website"},"primaryImageOfPage":{"@id":"https:\/\/www.versiegelung24.com\/lv\/padomi-par-versiegelung24-produktiem\/zinasanas\/grafiti-aizsardziba-ar-skidro-stiklu\/#primaryimage"},"image":{"@id":"https:\/\/www.versiegelung24.com\/lv\/padomi-par-versiegelung24-produktiem\/zinasanas\/grafiti-aizsardziba-ar-skidro-stiklu\/#primaryimage"},"thumbnailUrl":"https:\/\/www.versiegelung24.com\/wp-content\/uploads\/2021\/12\/graf-1.jpg","datePublished":"2021-12-14T13:15:33+00:00","dateModified":"2024-09-01T16:16:59+00:00","description":"\u0160\u0137idrs gals herm\u0113ti\u0137is k\u0101 aizsardz\u012bba pret grafiti. Uzziniet no mums, k\u0101 j\u016bs varat aizsarg\u0101t savas mantas.","breadcrumb":{"@id":"https:\/\/www.versiegelung24.com\/lv\/padomi-par-versiegelung24-produktiem\/zinasanas\/grafiti-aizsardziba-ar-skidro-stiklu\/#breadcrumb"},"inLanguage":"lv-LV","potentialAction":[{"@type":"ReadAction","target":["https:\/\/www.versiegelung24.com\/lv\/padomi-par-versiegelung24-produktiem\/zinasanas\/grafiti-aizsardziba-ar-skidro-stiklu\/"]}]},{"@type":"ImageObject","inLanguage":"lv-LV","@id":"https:\/\/www.versiegelung24.com\/lv\/padomi-par-versiegelung24-produktiem\/zinasanas\/grafiti-aizsardziba-ar-skidro-stiklu\/#primaryimage","url":"https:\/\/www.versiegelung24.com\/wp-content\/uploads\/2021\/12\/graf-1.jpg","contentUrl":"https:\/\/www.versiegelung24.com\/wp-content\/uploads\/2021\/12\/graf-1.jpg","width":1000,"height":1000},{"@type":"BreadcrumbList","@id":"https:\/\/www.versiegelung24.com\/lv\/padomi-par-versiegelung24-produktiem\/zinasanas\/grafiti-aizsardziba-ar-skidro-stiklu\/#breadcrumb","itemListElement":[{"@type":"ListItem","position":1,"name":"M\u0101jas lapa","item":"https:\/\/www.versiegelung24.com\/lv\/prieksejais\/"},{"@type":"ListItem","position":2,"name":"Konsultants","item":"https:\/\/www.versiegelung24.com\/lv\/ratgeber\/"},{"@type":"ListItem","position":3,"name":"\u017eurn\u0101ls","item":"https:\/\/www.versiegelung24.com\/lv\/ratgeber\/magazin\/"},{"@type":"ListItem","position":4,"name":"Fas\u0101des aizsardz\u012bba pret grafiti"}]},{"@type":"WebSite","@id":"https:\/\/www.versiegelung24.com\/lv\/#website","url":"https:\/\/www.versiegelung24.com\/lv\/","name":"versiegelung24.com","description":"Fl\u00fcssigglas-Versiegelung - Made in Germany","publisher":{"@id":"https:\/\/www.versiegelung24.com\/lv\/#organization"},"potentialAction":[{"@type":"SearchAction","target":{"@type":"EntryPoint","urlTemplate":"https:\/\/www.versiegelung24.com\/lv\/?s={search_term_string}"},"query-input":{"@type":"PropertyValueSpecification","valueRequired":true,"valueName":"search_term_string"}}],"inLanguage":"lv-LV"},{"@type":"Organization","@id":"https:\/\/www.versiegelung24.com\/lv\/#organization","name":"versiegelung24","url":"https:\/\/www.versiegelung24.com\/lv\/","logo":{"@type":"ImageObject","inLanguage":"lv-LV","@id":"https:\/\/www.versiegelung24.com\/lv\/#\/schema\/logo\/image\/","url":"https:\/\/www.versiegelung24.com\/wp-content\/uploads\/2020\/04\/versiegelung24.png","contentUrl":"https:\/\/www.versiegelung24.com\/wp-content\/uploads\/2020\/04\/versiegelung24.png","width":470,"height":102,"caption":"versiegelung24"},"image":{"@id":"https:\/\/www.versiegelung24.com\/lv\/#\/schema\/logo\/image\/"}}]}},"_links":{"self":[{"href":"https:\/\/www.versiegelung24.com\/lv\/wp-json\/wp\/v2\/pages\/41052","targetHints":{"allow":["GET"]}}],"collection":[{"href":"https:\/\/www.versiegelung24.com\/lv\/wp-json\/wp\/v2\/pages"}],"about":[{"href":"https:\/\/www.versiegelung24.com\/lv\/wp-json\/wp\/v2\/types\/page"}],"author":[{"embeddable":true,"href":"https:\/\/www.versiegelung24.com\/lv\/wp-json\/wp\/v2\/users\/932"}],"replies":[{"embeddable":true,"href":"https:\/\/www.versiegelung24.com\/lv\/wp-json\/wp\/v2\/comments?post=41052"}],"version-history":[{"count":17,"href":"https:\/\/www.versiegelung24.com\/lv\/wp-json\/wp\/v2\/pages\/41052\/revisions"}],"predecessor-version":[{"id":172652,"href":"https:\/\/www.versiegelung24.com\/lv\/wp-json\/wp\/v2\/pages\/41052\/revisions\/172652"}],"up":[{"embeddable":true,"href":"https:\/\/www.versiegelung24.com\/lv\/wp-json\/wp\/v2\/pages\/34637"}],"wp:featuredmedia":[{"embeddable":true,"href":"https:\/\/www.versiegelung24.com\/lv\/wp-json\/wp\/v2\/media\/40883"}],"wp:attachment":[{"href":"https:\/\/www.versiegelung24.com\/lv\/wp-json\/wp\/v2\/media?parent=41052"}],"wp:term":[{"taxonomy":"category","embeddable":true,"href":"https:\/\/www.versiegelung24.com\/lv\/wp-json\/wp\/v2\/categories?post=41052"},{"taxonomy":"seiten_kategorie","embeddable":true,"href":"https:\/\/www.versiegelung24.com\/lv\/wp-json\/wp\/v2\/seiten_kategorie?post=41052"}],"curies":[{"name":"wp","href":"https:\/\/api.w.org\/{rel}","templated":true}]}}