{"id":41091,"date":"2021-12-14T14:15:46","date_gmt":"2021-12-14T13:15:46","guid":{"rendered":"https:\/\/www.versiegelung24.com\/padomi-par-versiegelung24-produktiem\/zinasanas\/viedtalrunis"},"modified":"2024-09-01T22:43:01","modified_gmt":"2024-09-01T20:43:01","slug":"viedtalrunu-skidruma-stikla-blivejums","status":"publish","type":"page","link":"https:\/\/www.versiegelung24.com\/lv\/padomi-par-versiegelung24-produktiem\/zinasanas\/viedtalrunu-skidruma-stikla-blivejums\/","title":{"rendered":"Viedt\u0101lru\u0146u un plan\u0161etdatoru \u0161\u0137idr\u0101 stikla herm\u0113ti\u0137is &#8211; aizsarg\u0101 displejus un palielina to ilgm\u016b\u017e\u012bbu"},"content":{"rendered":"\n<h1 class=\"wp-block-heading\" id=\"h-smartphone-flussigglas-versiegelung\">Viedt\u0101lru\u0146a \u0161\u0137idr\u0101 stikla bl\u012bv\u0113jums<\/h1>\n\n<p>M\u016bsdien\u0101s gandr\u012bz ikvienam pieder viedt\u0101lrunis. Diem\u017e\u0113l \u0161\u012bs maz\u0101s br\u012bnumma\u0161\u012bnas ir \u013coti delik\u0101tas. Lietojot katru dienu, displej\u0101 par\u0101d\u0101s nolietojuma paz\u012bmes, piem\u0113ram, skr\u0101p\u0113jumi vai pirkstu nospiedumi. \u0160aj\u0101 videoklip\u0101 ir apskat\u012bta \u0161\u012b probl\u0113ma un par\u0101d\u012bts, k\u0101 nov\u0113rst \u0161\u012bs lieto\u0161anas paz\u012bmes. <\/p>\n\n<figure class=\"wp-block-embed aligncenter is-type-video is-provider-youtube wp-block-embed-youtube wp-embed-aspect-16-9 wp-has-aspect-ratio\"><div class=\"wp-block-embed__wrapper\"> \n<div class=\"nv-iframe-embed\"><iframe title=\"901 LiquiGlas Mobile Phone Coating   Preparation + application process\" width=\"1200\" height=\"675\" src=\"https:\/\/www.youtube.com\/embed\/8JLSZ1KA-yU?feature=oembed\" frameborder=\"0\" allow=\"accelerometer; autoplay; clipboard-write; encrypted-media; gyroscope; picture-in-picture\" allowfullscreen><\/iframe><\/div>\n <\/div><\/figure>\n\n<br\/>\n<br\/>\n\n<div class=\"wp-block-columns is-layout-flex wp-container-core-columns-is-layout-9d6595d7 wp-block-columns-is-layout-flex\">\n<div class=\"wp-block-column is-layout-flow wp-block-column-is-layout-flow\" style=\"flex-basis:33.33%\">\n<h2 class=\"wp-block-heading\" id=\"h-anleitung-smartphone-display-einfach-versiegeln\">Instrukcijas &#8211; Vienk\u0101r\u0161i aizz\u012bmogo viedt\u0101lru\u0146a displeju<\/h2>\n\n\n\n<ul class=\"wp-block-list\">\n<li>Jau video s\u0101kum\u0101 var redz\u0113t, ka viss nepiecie\u0161amais <a href=\"https:\/\/www.versiegelung24.com\/lv\/skidruma-stikla-mobila-telefona-blivejuma-skidruma-ekrana-aizsardziba.html\" target=\"_blank\" rel=\"noreferrer noopener\">mobil\u0101 telefona<\/a> aizz\u012bmogo\u0161anai ir salikts praktisk\u0101 komplekt\u0101. Tas iek\u013cauj:<\/li>\n\n\n\n<li><strong>Cimds<\/strong> , lai izvair\u012btos no pirkstu nospiedumiem<\/li>\n\n\n\n<li><strong><a href=\"https:\/\/www.versiegelung24.com\/reinigung\/bioethanol\/\">Etanol\u0101 samitrin\u0101ta<\/a> t\u012br\u012b\u0161anas dr\u0101ni\u0146a<\/strong><\/li>\n\n\n\n<li><strong>Pul\u0113\u0161anas audums<\/strong><\/li>\n\n\n\n<li>A <strong><a href=\"https:\/\/www.versiegelung24.com\/lv\/mikroskiedras-audums-10x10cm-profesionalai-skidra-stikla-lietosanai.html\" target=\"_blank\" rel=\"noreferrer noopener\">\u0161\u0137idr\u0101 stikla audums<\/a><\/strong> bl\u012bv\u0113\u0161anai<\/li>\n<\/ul>\n\n\n\n<p><\/p>\n\n\n\n<p>Lieto\u0161anas laik\u0101 viedt\u0101lruni tur tikai roka, uz kuras atrodas cimds, lai izvair\u012btos no jauniem pirkstu nospiedumiem &#8211; tie ir biez\u0101ki par \u0161\u0137idr\u0101 stikla p\u0101rkl\u0101jumu un nov\u0113rstu pareizu bl\u012bv\u0113jumu.<\/p>\n<\/div>\n\n\n\n<div class=\"wp-block-column is-layout-flow wp-block-column-is-layout-flow\" style=\"flex-basis:66.66%\">\n<figure class=\"wp-block-image size-large\"><img fetchpriority=\"high\" decoding=\"async\" width=\"1300\" height=\"867\" src=\"https:\/\/www.versiegelung24.com\/wp-content\/uploads\/2021\/12\/smart_liq-1300x867.jpg\" alt=\"\" class=\"wp-image-40898\" srcset=\"https:\/\/www.versiegelung24.com\/wp-content\/uploads\/2021\/12\/smart_liq-1300x867.jpg 1300w, https:\/\/www.versiegelung24.com\/wp-content\/uploads\/2021\/12\/smart_liq-scaled-600x400.jpg 600w, https:\/\/www.versiegelung24.com\/wp-content\/uploads\/2021\/12\/smart_liq-300x200.jpg 300w, https:\/\/www.versiegelung24.com\/wp-content\/uploads\/2021\/12\/smart_liq-768x512.jpg 768w, https:\/\/www.versiegelung24.com\/wp-content\/uploads\/2021\/12\/smart_liq-1536x1024.jpg 1536w, https:\/\/www.versiegelung24.com\/wp-content\/uploads\/2021\/12\/smart_liq-2048x1366.jpg 2048w, https:\/\/www.versiegelung24.com\/wp-content\/uploads\/2021\/12\/smart_liq-930x620.jpg 930w\" sizes=\"(max-width: 1300px) 100vw, 1300px\" \/><\/figure>\n<\/div>\n<\/div>\n\n<p>P\u0113c iepriek\u0161\u0113jas t\u012br\u012b\u0161anas displejs tiek noberzts un t\u0101d\u0101 veid\u0101 tiek no\u0146emtas izdrukas vai tauki. <strong>\u0160eit j\u0101izmanto tikai viena mikro\u0161\u0137iedras auduma<\/strong> puse \u2013 <strong>otra puse b\u016bs nepiecie\u0161ama v\u0113l\u0101k<\/strong> , lai nospodrin\u0101tu herm\u0113ti\u0137i. N\u0101kamaj\u0101 sol\u012b \u0161\u0137idr\u0101 stikl\u0101 sam\u0113rc\u0113t\u0101 dr\u0101ni\u0146a tiek izpakota un \u2013 t\u0101pat k\u0101 ar iepriek\u0161\u0113ju t\u012br\u012b\u0161anu \u2013 ar to tiek noberzts viss viedt\u0101lrunis. To var nosl\u0113gt visapk\u0101rt ar \u0161\u0137idru stiklu. M\u016bsdien\u0101s mobilo t\u0101lru\u0146u aizmugures bie\u017ei ir izgatavotas no stikla.<\/p>\n\n<p>P\u0113c vismaz Viedt\u0101lru\u0146a virsma ir pul\u0113ta 30 min\u016btes &#8211; bl\u012bv\u0113jums tiek veikts. Videoklip\u0101 var redz\u0113t padomu, ka ir izdev\u012bgi \u013caut \u0161\u0137idrajam stiklam saciet\u0113t uz nakti &#8211; iev\u0113rojiet \u0161o ieteikumu, jo p\u0113c tam aizsargk\u0101rta ir iztur\u012bg\u0101ka. Ieteicams regul\u0101ri atk\u0101rtoti uzkl\u0101t herm\u0113ti\u0137i, lai saglab\u0101tu aizsardz\u012bbu.<\/p>\n\n","protected":false},"excerpt":{"rendered":"<p>Maksim\u0101la viedt\u0101lru\u0146a aizsardz\u012bba ar inovat\u012bvu \u0161\u0137idr\u0101 stikla bl\u012bv\u0113jumu.<\/p>\n","protected":false},"author":932,"featured_media":41496,"parent":34637,"menu_order":0,"comment_status":"closed","ping_status":"closed","template":"","meta":{"_acf_changed":false,"neve_meta_sidebar":"full-width","neve_meta_container":"","neve_meta_enable_content_width":"on","neve_meta_content_width":100,"neve_meta_title_alignment":"","neve_meta_author_avatar":"","neve_post_elements_order":"","neve_meta_disable_header":"","neve_meta_disable_footer":"","neve_meta_disable_title":"","neve_meta_reading_time":"","footnotes":""},"categories":[3624,3504],"seiten_kategorie":[3835],"class_list":["post-41091","page","type-page","status-publish","has-post-thumbnail","hentry","category-dzivesveids","category-padomu-raksts-zurnals"],"acf":[],"yoast_head":"<!-- This site is optimized with the Yoast SEO Premium plugin v22.8 (Yoast SEO v27.5) - https:\/\/yoast.com\/product\/yoast-seo-premium-wordpress\/ -->\n<title>Aizsarg\u0101jiet savu viedt\u0101lruni un plan\u0161etdatoru ar \u0161\u0137idro stikla herm\u0113ti\u0137i!<\/title>\n<meta name=\"description\" content=\"Aizsarg\u0101jiet savu viedt\u0101lruni un plan\u0161etdatoru ar m\u016bsu herm\u0113ti\u0137i! \u0160\u0137idrais stikla herm\u0113ti\u0137is optim\u0101lai viedt\u0101lru\u0146a displeja aizsardz\u012bbai!\" \/>\n<meta name=\"robots\" content=\"index, follow, max-snippet:-1, max-image-preview:large, max-video-preview:-1\" \/>\n<link rel=\"canonical\" href=\"https:\/\/www.versiegelung24.com\/lv\/padomi-par-versiegelung24-produktiem\/zinasanas\/viedtalrunu-skidruma-stikla-blivejums\/\" \/>\n<meta property=\"og:locale\" content=\"lv_LV\" \/>\n<meta property=\"og:type\" content=\"article\" \/>\n<meta property=\"og:title\" content=\"Viedt\u0101lru\u0146u un plan\u0161etdatoru \u0161\u0137idr\u0101 stikla herm\u0113ti\u0137is - aizsarg\u0101 displejus un palielina to ilgm\u016b\u017e\u012bbu\" \/>\n<meta property=\"og:description\" content=\"Aizsarg\u0101jiet savu viedt\u0101lruni un plan\u0161etdatoru ar m\u016bsu herm\u0113ti\u0137i! \u0160\u0137idrais stikla herm\u0113ti\u0137is optim\u0101lai viedt\u0101lru\u0146a displeja aizsardz\u012bbai!\" \/>\n<meta property=\"og:url\" content=\"https:\/\/www.versiegelung24.com\/lv\/padomi-par-versiegelung24-produktiem\/zinasanas\/viedtalrunu-skidruma-stikla-blivejums\/\" \/>\n<meta property=\"og:site_name\" content=\"versiegelung24.com\" \/>\n<meta property=\"article:modified_time\" content=\"2024-09-01T20:43:01+00:00\" \/>\n<meta property=\"og:image\" content=\"https:\/\/www.versiegelung24.com\/wp-content\/uploads\/2021\/12\/smart_liq-1-scaled.jpg\" \/>\n\t<meta property=\"og:image:width\" content=\"2560\" \/>\n\t<meta property=\"og:image:height\" content=\"2560\" \/>\n\t<meta property=\"og:image:type\" content=\"image\/jpeg\" \/>\n<meta name=\"twitter:card\" content=\"summary_large_image\" \/>\n<meta name=\"twitter:label1\" content=\"Est. reading time\" \/>\n\t<meta name=\"twitter:data1\" content=\"2 minutes\" \/>\n<script type=\"application\/ld+json\" class=\"yoast-schema-graph\">{\"@context\":\"https:\\\/\\\/schema.org\",\"@graph\":[{\"@type\":\"WebPage\",\"@id\":\"https:\\\/\\\/www.versiegelung24.com\\\/lv\\\/padomi-par-versiegelung24-produktiem\\\/zinasanas\\\/viedtalrunu-skidruma-stikla-blivejums\\\/\",\"url\":\"https:\\\/\\\/www.versiegelung24.com\\\/lv\\\/padomi-par-versiegelung24-produktiem\\\/zinasanas\\\/viedtalrunu-skidruma-stikla-blivejums\\\/\",\"name\":\"Aizsarg\u0101jiet savu viedt\u0101lruni un plan\u0161etdatoru ar \u0161\u0137idro stikla herm\u0113ti\u0137i!\",\"isPartOf\":{\"@id\":\"https:\\\/\\\/www.versiegelung24.com\\\/lv\\\/#website\"},\"primaryImageOfPage\":{\"@id\":\"https:\\\/\\\/www.versiegelung24.com\\\/lv\\\/padomi-par-versiegelung24-produktiem\\\/zinasanas\\\/viedtalrunu-skidruma-stikla-blivejums\\\/#primaryimage\"},\"image\":{\"@id\":\"https:\\\/\\\/www.versiegelung24.com\\\/lv\\\/padomi-par-versiegelung24-produktiem\\\/zinasanas\\\/viedtalrunu-skidruma-stikla-blivejums\\\/#primaryimage\"},\"thumbnailUrl\":\"https:\\\/\\\/www.versiegelung24.com\\\/wp-content\\\/uploads\\\/2021\\\/12\\\/smart_liq-1-scaled.jpg\",\"datePublished\":\"2021-12-14T13:15:46+00:00\",\"dateModified\":\"2024-09-01T20:43:01+00:00\",\"description\":\"Aizsarg\u0101jiet savu viedt\u0101lruni un plan\u0161etdatoru ar m\u016bsu herm\u0113ti\u0137i! \u0160\u0137idrais stikla herm\u0113ti\u0137is optim\u0101lai viedt\u0101lru\u0146a displeja aizsardz\u012bbai!\",\"breadcrumb\":{\"@id\":\"https:\\\/\\\/www.versiegelung24.com\\\/lv\\\/padomi-par-versiegelung24-produktiem\\\/zinasanas\\\/viedtalrunu-skidruma-stikla-blivejums\\\/#breadcrumb\"},\"inLanguage\":\"lv-LV\",\"potentialAction\":[{\"@type\":\"ReadAction\",\"target\":[\"https:\\\/\\\/www.versiegelung24.com\\\/lv\\\/padomi-par-versiegelung24-produktiem\\\/zinasanas\\\/viedtalrunu-skidruma-stikla-blivejums\\\/\"]}]},{\"@type\":\"ImageObject\",\"inLanguage\":\"lv-LV\",\"@id\":\"https:\\\/\\\/www.versiegelung24.com\\\/lv\\\/padomi-par-versiegelung24-produktiem\\\/zinasanas\\\/viedtalrunu-skidruma-stikla-blivejums\\\/#primaryimage\",\"url\":\"https:\\\/\\\/www.versiegelung24.com\\\/wp-content\\\/uploads\\\/2021\\\/12\\\/smart_liq-1-scaled.jpg\",\"contentUrl\":\"https:\\\/\\\/www.versiegelung24.com\\\/wp-content\\\/uploads\\\/2021\\\/12\\\/smart_liq-1-scaled.jpg\",\"width\":2560,\"height\":2560},{\"@type\":\"BreadcrumbList\",\"@id\":\"https:\\\/\\\/www.versiegelung24.com\\\/lv\\\/padomi-par-versiegelung24-produktiem\\\/zinasanas\\\/viedtalrunu-skidruma-stikla-blivejums\\\/#breadcrumb\",\"itemListElement\":[{\"@type\":\"ListItem\",\"position\":1,\"name\":\"M\u0101jas lapa\",\"item\":\"https:\\\/\\\/www.versiegelung24.com\\\/lv\\\/prieksejais\\\/\"},{\"@type\":\"ListItem\",\"position\":2,\"name\":\"Konsultants\",\"item\":\"https:\\\/\\\/www.versiegelung24.com\\\/lv\\\/ratgeber\\\/\"},{\"@type\":\"ListItem\",\"position\":3,\"name\":\"\u017eurn\u0101ls\",\"item\":\"https:\\\/\\\/www.versiegelung24.com\\\/lv\\\/ratgeber\\\/magazin\\\/\"},{\"@type\":\"ListItem\",\"position\":4,\"name\":\"Viedt\u0101lru\u0146u un plan\u0161etdatoru \u0161\u0137idr\u0101 stikla herm\u0113ti\u0137is &#8211; aizsarg\u0101 displejus un palielina to ilgm\u016b\u017e\u012bbu\"}]},{\"@type\":\"WebSite\",\"@id\":\"https:\\\/\\\/www.versiegelung24.com\\\/lv\\\/#website\",\"url\":\"https:\\\/\\\/www.versiegelung24.com\\\/lv\\\/\",\"name\":\"versiegelung24.com\",\"description\":\"Fl\u00fcssigglas-Versiegelung - Made in Germany\",\"publisher\":{\"@id\":\"https:\\\/\\\/www.versiegelung24.com\\\/lv\\\/#organization\"},\"potentialAction\":[{\"@type\":\"SearchAction\",\"target\":{\"@type\":\"EntryPoint\",\"urlTemplate\":\"https:\\\/\\\/www.versiegelung24.com\\\/lv\\\/?s={search_term_string}\"},\"query-input\":{\"@type\":\"PropertyValueSpecification\",\"valueRequired\":true,\"valueName\":\"search_term_string\"}}],\"inLanguage\":\"lv-LV\"},{\"@type\":\"Organization\",\"@id\":\"https:\\\/\\\/www.versiegelung24.com\\\/lv\\\/#organization\",\"name\":\"versiegelung24\",\"url\":\"https:\\\/\\\/www.versiegelung24.com\\\/lv\\\/\",\"logo\":{\"@type\":\"ImageObject\",\"inLanguage\":\"lv-LV\",\"@id\":\"https:\\\/\\\/www.versiegelung24.com\\\/lv\\\/#\\\/schema\\\/logo\\\/image\\\/\",\"url\":\"https:\\\/\\\/www.versiegelung24.com\\\/wp-content\\\/uploads\\\/2020\\\/04\\\/versiegelung24.png\",\"contentUrl\":\"https:\\\/\\\/www.versiegelung24.com\\\/wp-content\\\/uploads\\\/2020\\\/04\\\/versiegelung24.png\",\"width\":470,\"height\":102,\"caption\":\"versiegelung24\"},\"image\":{\"@id\":\"https:\\\/\\\/www.versiegelung24.com\\\/lv\\\/#\\\/schema\\\/logo\\\/image\\\/\"}}]}<\/script>\n<!-- \/ Yoast SEO Premium plugin. -->","yoast_head_json":{"title":"Aizsarg\u0101jiet savu viedt\u0101lruni un plan\u0161etdatoru ar \u0161\u0137idro stikla herm\u0113ti\u0137i!","description":"Aizsarg\u0101jiet savu viedt\u0101lruni un plan\u0161etdatoru ar m\u016bsu herm\u0113ti\u0137i! \u0160\u0137idrais stikla herm\u0113ti\u0137is optim\u0101lai viedt\u0101lru\u0146a displeja aizsardz\u012bbai!","robots":{"index":"index","follow":"follow","max-snippet":"max-snippet:-1","max-image-preview":"max-image-preview:large","max-video-preview":"max-video-preview:-1"},"canonical":"https:\/\/www.versiegelung24.com\/lv\/padomi-par-versiegelung24-produktiem\/zinasanas\/viedtalrunu-skidruma-stikla-blivejums\/","og_locale":"lv_LV","og_type":"article","og_title":"Viedt\u0101lru\u0146u un plan\u0161etdatoru \u0161\u0137idr\u0101 stikla herm\u0113ti\u0137is - aizsarg\u0101 displejus un palielina to ilgm\u016b\u017e\u012bbu","og_description":"Aizsarg\u0101jiet savu viedt\u0101lruni un plan\u0161etdatoru ar m\u016bsu herm\u0113ti\u0137i! \u0160\u0137idrais stikla herm\u0113ti\u0137is optim\u0101lai viedt\u0101lru\u0146a displeja aizsardz\u012bbai!","og_url":"https:\/\/www.versiegelung24.com\/lv\/padomi-par-versiegelung24-produktiem\/zinasanas\/viedtalrunu-skidruma-stikla-blivejums\/","og_site_name":"versiegelung24.com","article_modified_time":"2024-09-01T20:43:01+00:00","og_image":[{"width":2560,"height":2560,"url":"https:\/\/www.versiegelung24.com\/wp-content\/uploads\/2021\/12\/smart_liq-1-scaled.jpg","type":"image\/jpeg"}],"twitter_card":"summary_large_image","twitter_misc":{"Est. reading time":"2 minutes"},"schema":{"@context":"https:\/\/schema.org","@graph":[{"@type":"WebPage","@id":"https:\/\/www.versiegelung24.com\/lv\/padomi-par-versiegelung24-produktiem\/zinasanas\/viedtalrunu-skidruma-stikla-blivejums\/","url":"https:\/\/www.versiegelung24.com\/lv\/padomi-par-versiegelung24-produktiem\/zinasanas\/viedtalrunu-skidruma-stikla-blivejums\/","name":"Aizsarg\u0101jiet savu viedt\u0101lruni un plan\u0161etdatoru ar \u0161\u0137idro stikla herm\u0113ti\u0137i!","isPartOf":{"@id":"https:\/\/www.versiegelung24.com\/lv\/#website"},"primaryImageOfPage":{"@id":"https:\/\/www.versiegelung24.com\/lv\/padomi-par-versiegelung24-produktiem\/zinasanas\/viedtalrunu-skidruma-stikla-blivejums\/#primaryimage"},"image":{"@id":"https:\/\/www.versiegelung24.com\/lv\/padomi-par-versiegelung24-produktiem\/zinasanas\/viedtalrunu-skidruma-stikla-blivejums\/#primaryimage"},"thumbnailUrl":"https:\/\/www.versiegelung24.com\/wp-content\/uploads\/2021\/12\/smart_liq-1-scaled.jpg","datePublished":"2021-12-14T13:15:46+00:00","dateModified":"2024-09-01T20:43:01+00:00","description":"Aizsarg\u0101jiet savu viedt\u0101lruni un plan\u0161etdatoru ar m\u016bsu herm\u0113ti\u0137i! \u0160\u0137idrais stikla herm\u0113ti\u0137is optim\u0101lai viedt\u0101lru\u0146a displeja aizsardz\u012bbai!","breadcrumb":{"@id":"https:\/\/www.versiegelung24.com\/lv\/padomi-par-versiegelung24-produktiem\/zinasanas\/viedtalrunu-skidruma-stikla-blivejums\/#breadcrumb"},"inLanguage":"lv-LV","potentialAction":[{"@type":"ReadAction","target":["https:\/\/www.versiegelung24.com\/lv\/padomi-par-versiegelung24-produktiem\/zinasanas\/viedtalrunu-skidruma-stikla-blivejums\/"]}]},{"@type":"ImageObject","inLanguage":"lv-LV","@id":"https:\/\/www.versiegelung24.com\/lv\/padomi-par-versiegelung24-produktiem\/zinasanas\/viedtalrunu-skidruma-stikla-blivejums\/#primaryimage","url":"https:\/\/www.versiegelung24.com\/wp-content\/uploads\/2021\/12\/smart_liq-1-scaled.jpg","contentUrl":"https:\/\/www.versiegelung24.com\/wp-content\/uploads\/2021\/12\/smart_liq-1-scaled.jpg","width":2560,"height":2560},{"@type":"BreadcrumbList","@id":"https:\/\/www.versiegelung24.com\/lv\/padomi-par-versiegelung24-produktiem\/zinasanas\/viedtalrunu-skidruma-stikla-blivejums\/#breadcrumb","itemListElement":[{"@type":"ListItem","position":1,"name":"M\u0101jas lapa","item":"https:\/\/www.versiegelung24.com\/lv\/prieksejais\/"},{"@type":"ListItem","position":2,"name":"Konsultants","item":"https:\/\/www.versiegelung24.com\/lv\/ratgeber\/"},{"@type":"ListItem","position":3,"name":"\u017eurn\u0101ls","item":"https:\/\/www.versiegelung24.com\/lv\/ratgeber\/magazin\/"},{"@type":"ListItem","position":4,"name":"Viedt\u0101lru\u0146u un plan\u0161etdatoru \u0161\u0137idr\u0101 stikla herm\u0113ti\u0137is &#8211; aizsarg\u0101 displejus un palielina to ilgm\u016b\u017e\u012bbu"}]},{"@type":"WebSite","@id":"https:\/\/www.versiegelung24.com\/lv\/#website","url":"https:\/\/www.versiegelung24.com\/lv\/","name":"versiegelung24.com","description":"Fl\u00fcssigglas-Versiegelung - Made in Germany","publisher":{"@id":"https:\/\/www.versiegelung24.com\/lv\/#organization"},"potentialAction":[{"@type":"SearchAction","target":{"@type":"EntryPoint","urlTemplate":"https:\/\/www.versiegelung24.com\/lv\/?s={search_term_string}"},"query-input":{"@type":"PropertyValueSpecification","valueRequired":true,"valueName":"search_term_string"}}],"inLanguage":"lv-LV"},{"@type":"Organization","@id":"https:\/\/www.versiegelung24.com\/lv\/#organization","name":"versiegelung24","url":"https:\/\/www.versiegelung24.com\/lv\/","logo":{"@type":"ImageObject","inLanguage":"lv-LV","@id":"https:\/\/www.versiegelung24.com\/lv\/#\/schema\/logo\/image\/","url":"https:\/\/www.versiegelung24.com\/wp-content\/uploads\/2020\/04\/versiegelung24.png","contentUrl":"https:\/\/www.versiegelung24.com\/wp-content\/uploads\/2020\/04\/versiegelung24.png","width":470,"height":102,"caption":"versiegelung24"},"image":{"@id":"https:\/\/www.versiegelung24.com\/lv\/#\/schema\/logo\/image\/"}}]}},"_links":{"self":[{"href":"https:\/\/www.versiegelung24.com\/lv\/wp-json\/wp\/v2\/pages\/41091","targetHints":{"allow":["GET"]}}],"collection":[{"href":"https:\/\/www.versiegelung24.com\/lv\/wp-json\/wp\/v2\/pages"}],"about":[{"href":"https:\/\/www.versiegelung24.com\/lv\/wp-json\/wp\/v2\/types\/page"}],"author":[{"embeddable":true,"href":"https:\/\/www.versiegelung24.com\/lv\/wp-json\/wp\/v2\/users\/932"}],"replies":[{"embeddable":true,"href":"https:\/\/www.versiegelung24.com\/lv\/wp-json\/wp\/v2\/comments?post=41091"}],"version-history":[{"count":15,"href":"https:\/\/www.versiegelung24.com\/lv\/wp-json\/wp\/v2\/pages\/41091\/revisions"}],"predecessor-version":[{"id":173410,"href":"https:\/\/www.versiegelung24.com\/lv\/wp-json\/wp\/v2\/pages\/41091\/revisions\/173410"}],"up":[{"embeddable":true,"href":"https:\/\/www.versiegelung24.com\/lv\/wp-json\/wp\/v2\/pages\/34637"}],"wp:featuredmedia":[{"embeddable":true,"href":"https:\/\/www.versiegelung24.com\/lv\/wp-json\/wp\/v2\/media\/41496"}],"wp:attachment":[{"href":"https:\/\/www.versiegelung24.com\/lv\/wp-json\/wp\/v2\/media?parent=41091"}],"wp:term":[{"taxonomy":"category","embeddable":true,"href":"https:\/\/www.versiegelung24.com\/lv\/wp-json\/wp\/v2\/categories?post=41091"},{"taxonomy":"seiten_kategorie","embeddable":true,"href":"https:\/\/www.versiegelung24.com\/lv\/wp-json\/wp\/v2\/seiten_kategorie?post=41091"}],"curies":[{"name":"wp","href":"https:\/\/api.w.org\/{rel}","templated":true}]}}