{"id":123969,"date":"2023-07-31T16:45:30","date_gmt":"2023-07-31T14:45:30","guid":{"rendered":"https:\/\/www.versiegelung24.com\/?post_type=product&#038;p=123969"},"modified":"2025-01-05T17:36:17","modified_gmt":"2025-01-05T16:36:17","slug":"modelis-pastaviga-aizsardziba-640","status":"publish","type":"product","link":"https:\/\/www.versiegelung24.com\/lv\/modelis-pastaviga-aizsardziba-640.html","title":{"rendered":"Paraugs: Past\u0101v\u012bgais aizsargs 640 HIGH PERFORMANCE INDUSTRY &#8211; 9H keramiskais herm\u0113ti\u0137is"},"content":{"rendered":"\n<p>M\u016bsu <a href=\"https:\/\/www.versiegelung24.com\/lv\/7650-permanent-protector-pro-easy-on-9h-keramiskais-hermetikis-auto-krasai.html\">Permanent Protector 640 HIGH PERFORMANCE INDUSTRY &#8211; 9H keramikas herm\u0113ti\u0137a<\/a> paraugs testa uzkl\u0101\u0161anai vai maz\u0101ku laukumu bl\u012bv\u0113\u0161anai.<\/p>\n","protected":false},"excerpt":{"rendered":"<p>\u2713 Der\u012bguma termi\u0146\u0161 l\u012bdz 25 gadiem<\/p>\n<p>\u2713 augstas kvalit\u0101tes aizsardz\u012bba pret koroziju<\/p>\n<p>\u013boti iztur\u012bgs pret nodilumu<\/p>\n<p>\u2713 Augsta triecieniztur\u012bba<\/p>\n","protected":false},"featured_media":14613,"template":"","meta":{"_acf_changed":false,"neve_meta_sidebar":"","neve_meta_container":"","neve_meta_enable_content_width":"","neve_meta_content_width":0,"neve_meta_title_alignment":"","neve_meta_author_avatar":"","neve_post_elements_order":"","neve_meta_disable_header":"","neve_meta_disable_footer":"","neve_meta_disable_title":"","neve_meta_reading_time":"","_surfaces":[],"_ver_product_tabs":[],"footnotes":""},"product_brand":[],"product_cat":[2657],"product_tag":[],"class_list":{"0":"post-123969","1":"product","2":"type-product","3":"status-publish","4":"has-post-thumbnail","6":"product_cat-veidne","7":"pa_gebinde-5-ml-pudele","9":"first","10":"instock","11":"sold-individually","12":"taxable","13":"shipping-taxable","14":"purchasable","15":"product-type-variable","16":"has-default-attributes"},"acf":[],"yoast_head":"<!-- This site is optimized with the Yoast SEO Premium plugin v22.8 (Yoast SEO v27.3) - https:\/\/yoast.com\/product\/yoast-seo-premium-wordpress\/ -->\n<title>Paraugs: Past\u0101v\u012bgais aizsargs 640 HIGH PERFORMANCE INDUSTRY - 9H keramiskais herm\u0113ti\u0137is - versiegelung24.com<\/title>\n<meta name=\"robots\" content=\"index, follow, max-snippet:-1, max-image-preview:large, max-video-preview:-1\" \/>\n<link rel=\"canonical\" href=\"https:\/\/www.versiegelung24.com\/lv\/modelis-pastaviga-aizsardziba-640.html\" \/>\n<meta property=\"og:locale\" content=\"lv_LV\" \/>\n<meta property=\"og:type\" content=\"article\" \/>\n<meta property=\"og:title\" content=\"Paraugs: Past\u0101v\u012bgais aizsargs 640 HIGH PERFORMANCE INDUSTRY - 9H keramiskais herm\u0113ti\u0137is\" \/>\n<meta property=\"og:description\" content=\"\u2713 Der\u012bguma termi\u0146\u0161 l\u012bdz 25 gadiem \u2713 augstas kvalit\u0101tes aizsardz\u012bba pret koroziju \u013boti iztur\u012bgs pret nodilumu \u2713 Augsta triecieniztur\u012bba\" \/>\n<meta property=\"og:url\" content=\"https:\/\/www.versiegelung24.com\/lv\/modelis-pastaviga-aizsardziba-640.html\" \/>\n<meta property=\"og:site_name\" content=\"versiegelung24.com\" \/>\n<meta property=\"article:modified_time\" content=\"2025-01-05T16:36:17+00:00\" \/>\n<meta property=\"og:image\" content=\"https:\/\/www.versiegelung24.com\/wp-content\/uploads\/2020\/04\/versiegelung-muster.png\" \/>\n\t<meta property=\"og:image:width\" content=\"1000\" \/>\n\t<meta property=\"og:image:height\" content=\"1000\" \/>\n\t<meta property=\"og:image:type\" content=\"image\/png\" \/>\n<meta name=\"twitter:card\" content=\"summary_large_image\" \/>\n<meta name=\"twitter:label1\" content=\"Availability\" \/>\n\t<meta name=\"twitter:data1\" content=\"In stock\" \/>\n<script type=\"application\/ld+json\" class=\"yoast-schema-graph\">{\"@context\":\"https:\\\/\\\/schema.org\",\"@graph\":[{\"@type\":\"WebPage\",\"@id\":\"https:\\\/\\\/www.versiegelung24.com\\\/lv\\\/modelis-pastaviga-aizsardziba-640.html\",\"url\":\"https:\\\/\\\/www.versiegelung24.com\\\/lv\\\/modelis-pastaviga-aizsardziba-640.html\",\"name\":\"Paraugs: Past\u0101v\u012bgais aizsargs 640 HIGH PERFORMANCE INDUSTRY - 9H keramiskais herm\u0113ti\u0137is - versiegelung24.com\",\"isPartOf\":{\"@id\":\"https:\\\/\\\/www.versiegelung24.com\\\/lv\\\/#website\"},\"primaryImageOfPage\":{\"@id\":\"https:\\\/\\\/www.versiegelung24.com\\\/lv\\\/modelis-pastaviga-aizsardziba-640.html#primaryimage\"},\"image\":{\"@id\":\"https:\\\/\\\/www.versiegelung24.com\\\/lv\\\/modelis-pastaviga-aizsardziba-640.html#primaryimage\"},\"thumbnailUrl\":\"https:\\\/\\\/www.versiegelung24.com\\\/wp-content\\\/uploads\\\/2020\\\/04\\\/versiegelung-muster.png\",\"datePublished\":\"2023-07-31T14:45:30+00:00\",\"dateModified\":\"2025-01-05T16:36:17+00:00\",\"breadcrumb\":{\"@id\":\"https:\\\/\\\/www.versiegelung24.com\\\/lv\\\/modelis-pastaviga-aizsardziba-640.html#breadcrumb\"},\"inLanguage\":\"lv-LV\",\"potentialAction\":[{\"@type\":\"ReadAction\",\"target\":[\"https:\\\/\\\/www.versiegelung24.com\\\/lv\\\/modelis-pastaviga-aizsardziba-640.html\"]}]},{\"@type\":\"ImageObject\",\"inLanguage\":\"lv-LV\",\"@id\":\"https:\\\/\\\/www.versiegelung24.com\\\/lv\\\/modelis-pastaviga-aizsardziba-640.html#primaryimage\",\"url\":\"https:\\\/\\\/www.versiegelung24.com\\\/wp-content\\\/uploads\\\/2020\\\/04\\\/versiegelung-muster.png\",\"contentUrl\":\"https:\\\/\\\/www.versiegelung24.com\\\/wp-content\\\/uploads\\\/2020\\\/04\\\/versiegelung-muster.png\",\"width\":1000,\"height\":1000},{\"@type\":\"BreadcrumbList\",\"@id\":\"https:\\\/\\\/www.versiegelung24.com\\\/lv\\\/modelis-pastaviga-aizsardziba-640.html#breadcrumb\",\"itemListElement\":[{\"@type\":\"ListItem\",\"position\":1,\"name\":\"M\u0101jas lapa\",\"item\":\"https:\\\/\\\/www.versiegelung24.com\\\/lv\\\/prieksejais\\\/\"},{\"@type\":\"ListItem\",\"position\":2,\"name\":\"Veikals\",\"item\":\"https:\\\/\\\/www.versiegelung24.com\\\/lv\\\/veikals\\\/\"},{\"@type\":\"ListItem\",\"position\":3,\"name\":\"Paraugs: Past\u0101v\u012bgais aizsargs 640 HIGH PERFORMANCE INDUSTRY &#8211; 9H keramiskais herm\u0113ti\u0137is\"}]},{\"@type\":\"WebSite\",\"@id\":\"https:\\\/\\\/www.versiegelung24.com\\\/lv\\\/#website\",\"url\":\"https:\\\/\\\/www.versiegelung24.com\\\/lv\\\/\",\"name\":\"versiegelung24.com\",\"description\":\"Fl\u00fcssigglas-Versiegelung - Made in Germany\",\"publisher\":{\"@id\":\"https:\\\/\\\/www.versiegelung24.com\\\/lv\\\/#organization\"},\"potentialAction\":[{\"@type\":\"SearchAction\",\"target\":{\"@type\":\"EntryPoint\",\"urlTemplate\":\"https:\\\/\\\/www.versiegelung24.com\\\/lv\\\/?s={search_term_string}\"},\"query-input\":{\"@type\":\"PropertyValueSpecification\",\"valueRequired\":true,\"valueName\":\"search_term_string\"}}],\"inLanguage\":\"lv-LV\"},{\"@type\":\"Organization\",\"@id\":\"https:\\\/\\\/www.versiegelung24.com\\\/lv\\\/#organization\",\"name\":\"versiegelung24\",\"url\":\"https:\\\/\\\/www.versiegelung24.com\\\/lv\\\/\",\"logo\":{\"@type\":\"ImageObject\",\"inLanguage\":\"lv-LV\",\"@id\":\"https:\\\/\\\/www.versiegelung24.com\\\/lv\\\/#\\\/schema\\\/logo\\\/image\\\/\",\"url\":\"https:\\\/\\\/www.versiegelung24.com\\\/wp-content\\\/uploads\\\/2020\\\/04\\\/versiegelung24.png\",\"contentUrl\":\"https:\\\/\\\/www.versiegelung24.com\\\/wp-content\\\/uploads\\\/2020\\\/04\\\/versiegelung24.png\",\"width\":470,\"height\":102,\"caption\":\"versiegelung24\"},\"image\":{\"@id\":\"https:\\\/\\\/www.versiegelung24.com\\\/lv\\\/#\\\/schema\\\/logo\\\/image\\\/\"}}]}<\/script>\n<meta property=\"og:availability\" content=\"instock\" \/>\n<meta property=\"product:availability\" content=\"instock\" \/>\n<meta property=\"product:retailer_item_id\" content=\"8040-640-muster\" \/>\n<meta property=\"product:condition\" content=\"new\" \/>\n<!-- \/ Yoast SEO Premium plugin. -->","yoast_head_json":{"title":"Paraugs: Past\u0101v\u012bgais aizsargs 640 HIGH PERFORMANCE INDUSTRY - 9H keramiskais herm\u0113ti\u0137is - versiegelung24.com","robots":{"index":"index","follow":"follow","max-snippet":"max-snippet:-1","max-image-preview":"max-image-preview:large","max-video-preview":"max-video-preview:-1"},"canonical":"https:\/\/www.versiegelung24.com\/lv\/modelis-pastaviga-aizsardziba-640.html","og_locale":"lv_LV","og_type":"article","og_title":"Paraugs: Past\u0101v\u012bgais aizsargs 640 HIGH PERFORMANCE INDUSTRY - 9H keramiskais herm\u0113ti\u0137is","og_description":"\u2713 Der\u012bguma termi\u0146\u0161 l\u012bdz 25 gadiem \u2713 augstas kvalit\u0101tes aizsardz\u012bba pret koroziju \u013boti iztur\u012bgs pret nodilumu \u2713 Augsta triecieniztur\u012bba","og_url":"https:\/\/www.versiegelung24.com\/lv\/modelis-pastaviga-aizsardziba-640.html","og_site_name":"versiegelung24.com","article_modified_time":"2025-01-05T16:36:17+00:00","og_image":[{"width":1000,"height":1000,"url":"https:\/\/www.versiegelung24.com\/wp-content\/uploads\/2020\/04\/versiegelung-muster.png","type":"image\/png"}],"twitter_card":"summary_large_image","twitter_misc":{"Availability":"In stock"},"schema":{"@context":"https:\/\/schema.org","@graph":[{"@type":"WebPage","@id":"https:\/\/www.versiegelung24.com\/lv\/modelis-pastaviga-aizsardziba-640.html","url":"https:\/\/www.versiegelung24.com\/lv\/modelis-pastaviga-aizsardziba-640.html","name":"Paraugs: Past\u0101v\u012bgais aizsargs 640 HIGH PERFORMANCE INDUSTRY - 9H keramiskais herm\u0113ti\u0137is - versiegelung24.com","isPartOf":{"@id":"https:\/\/www.versiegelung24.com\/lv\/#website"},"primaryImageOfPage":{"@id":"https:\/\/www.versiegelung24.com\/lv\/modelis-pastaviga-aizsardziba-640.html#primaryimage"},"image":{"@id":"https:\/\/www.versiegelung24.com\/lv\/modelis-pastaviga-aizsardziba-640.html#primaryimage"},"thumbnailUrl":"https:\/\/www.versiegelung24.com\/wp-content\/uploads\/2020\/04\/versiegelung-muster.png","datePublished":"2023-07-31T14:45:30+00:00","dateModified":"2025-01-05T16:36:17+00:00","breadcrumb":{"@id":"https:\/\/www.versiegelung24.com\/lv\/modelis-pastaviga-aizsardziba-640.html#breadcrumb"},"inLanguage":"lv-LV","potentialAction":[{"@type":"ReadAction","target":["https:\/\/www.versiegelung24.com\/lv\/modelis-pastaviga-aizsardziba-640.html"]}]},{"@type":"ImageObject","inLanguage":"lv-LV","@id":"https:\/\/www.versiegelung24.com\/lv\/modelis-pastaviga-aizsardziba-640.html#primaryimage","url":"https:\/\/www.versiegelung24.com\/wp-content\/uploads\/2020\/04\/versiegelung-muster.png","contentUrl":"https:\/\/www.versiegelung24.com\/wp-content\/uploads\/2020\/04\/versiegelung-muster.png","width":1000,"height":1000},{"@type":"BreadcrumbList","@id":"https:\/\/www.versiegelung24.com\/lv\/modelis-pastaviga-aizsardziba-640.html#breadcrumb","itemListElement":[{"@type":"ListItem","position":1,"name":"M\u0101jas lapa","item":"https:\/\/www.versiegelung24.com\/lv\/prieksejais\/"},{"@type":"ListItem","position":2,"name":"Veikals","item":"https:\/\/www.versiegelung24.com\/lv\/veikals\/"},{"@type":"ListItem","position":3,"name":"Paraugs: Past\u0101v\u012bgais aizsargs 640 HIGH PERFORMANCE INDUSTRY &#8211; 9H keramiskais herm\u0113ti\u0137is"}]},{"@type":"WebSite","@id":"https:\/\/www.versiegelung24.com\/lv\/#website","url":"https:\/\/www.versiegelung24.com\/lv\/","name":"versiegelung24.com","description":"Fl\u00fcssigglas-Versiegelung - Made in Germany","publisher":{"@id":"https:\/\/www.versiegelung24.com\/lv\/#organization"},"potentialAction":[{"@type":"SearchAction","target":{"@type":"EntryPoint","urlTemplate":"https:\/\/www.versiegelung24.com\/lv\/?s={search_term_string}"},"query-input":{"@type":"PropertyValueSpecification","valueRequired":true,"valueName":"search_term_string"}}],"inLanguage":"lv-LV"},{"@type":"Organization","@id":"https:\/\/www.versiegelung24.com\/lv\/#organization","name":"versiegelung24","url":"https:\/\/www.versiegelung24.com\/lv\/","logo":{"@type":"ImageObject","inLanguage":"lv-LV","@id":"https:\/\/www.versiegelung24.com\/lv\/#\/schema\/logo\/image\/","url":"https:\/\/www.versiegelung24.com\/wp-content\/uploads\/2020\/04\/versiegelung24.png","contentUrl":"https:\/\/www.versiegelung24.com\/wp-content\/uploads\/2020\/04\/versiegelung24.png","width":470,"height":102,"caption":"versiegelung24"},"image":{"@id":"https:\/\/www.versiegelung24.com\/lv\/#\/schema\/logo\/image\/"}}]},"og_availability":"instock","product_availability":"instock","product_retailer_item_id":"8040-640-muster","product_condition":"new"},"_links":{"self":[{"href":"https:\/\/www.versiegelung24.com\/lv\/wp-json\/wp\/v2\/product\/123969","targetHints":{"allow":["GET"]}}],"collection":[{"href":"https:\/\/www.versiegelung24.com\/lv\/wp-json\/wp\/v2\/product"}],"about":[{"href":"https:\/\/www.versiegelung24.com\/lv\/wp-json\/wp\/v2\/types\/product"}],"version-history":[{"count":3,"href":"https:\/\/www.versiegelung24.com\/lv\/wp-json\/wp\/v2\/product\/123969\/revisions"}],"predecessor-version":[{"id":124129,"href":"https:\/\/www.versiegelung24.com\/lv\/wp-json\/wp\/v2\/product\/123969\/revisions\/124129"}],"wp:featuredmedia":[{"embeddable":true,"href":"https:\/\/www.versiegelung24.com\/lv\/wp-json\/wp\/v2\/media\/14613"}],"wp:attachment":[{"href":"https:\/\/www.versiegelung24.com\/lv\/wp-json\/wp\/v2\/media?parent=123969"}],"wp:term":[{"taxonomy":"product_brand","embeddable":true,"href":"https:\/\/www.versiegelung24.com\/lv\/wp-json\/wp\/v2\/product_brand?post=123969"},{"taxonomy":"product_cat","embeddable":true,"href":"https:\/\/www.versiegelung24.com\/lv\/wp-json\/wp\/v2\/product_cat?post=123969"},{"taxonomy":"product_tag","embeddable":true,"href":"https:\/\/www.versiegelung24.com\/lv\/wp-json\/wp\/v2\/product_tag?post=123969"}],"curies":[{"name":"wp","href":"https:\/\/api.w.org\/{rel}","templated":true}]}}