{"id":126058,"date":"2023-09-01T15:04:03","date_gmt":"2023-09-01T13:04:30","guid":{"rendered":"https:\/\/www.versiegelung24.com\/product\/vejstikla-hermetikis-406\/"},"modified":"2025-01-05T17:35:46","modified_gmt":"2025-01-05T16:35:46","slug":"vejstikla-blivetajs-406","status":"publish","type":"product","link":"https:\/\/www.versiegelung24.com\/lv\/vejstikla-blivetajs-406.html","title":{"rendered":"V\u0113jstikla bl\u012bv\u0113jums"},"content":{"rendered":"\n<p><strong>Ieejiet jaun\u0101 brauk\u0161anas dro\u0161\u012bbas un komforta laikmet\u0101 ar m\u016bsu T\u00dcV apstiprin\u0101to v\u0113jstikla herm\u0113ti\u0137i<\/strong>. M\u016bsu uzlabot\u0101 formula ir ne tikai neticami iztur\u012bga, bet ar\u012b univers\u0101la &#8211; no vieglaj\u0101m automa\u0161\u012bn\u0101m l\u012bdz kravas automa\u0161\u012bn\u0101m, laiv\u0101m un treileriem. Izbaudiet l\u012bdz pat 20 000 km bezr\u016bp\u012bgas brauk\u0161anas, izmantojot tikai vienu l\u012bdzekli. Vienk\u0101r\u0161i lietojiet ik p\u0113c se\u0161iem m\u0113ne\u0161iem, un j\u016bs veselu gadu var\u0113siet baud\u012bt nep\u0101rsp\u0113jamu redzi.<\/p>\n\n<p>Ta\u010du tas v\u0113l nav viss. M\u016bsu herm\u0113ti\u0137is nodro\u0161ina, ka \u016bdens vienk\u0101r\u0161i notek, braucot ar \u0101trumu, kas p\u0101rsniedz 60 km\/h, t\u0101p\u0113c j\u016bsu v\u0113jstikla t\u012br\u012bt\u0101ji ir saudz\u0113ti un pat sliktos laikapst\u0101k\u013cos saglab\u0101jas skaidrs skats. Vai bie\u017ei vad\u0101t automa\u0161\u012bnu nakt\u012b? M\u016bsu herm\u0113ti\u0137is samazina atsp\u012bdumu un gaismas izkrop\u013cojumus, lai uz ce\u013ca b\u016btu dro\u0161s un p\u0101rliecin\u0101ts.<\/p>\n\n<h2 class=\"wp-block-heading\" id=\"video\">Video<\/h2>\n\n<figure class=\"wp-block-embed is-type-video is-provider-youtube wp-block-embed-youtube wp-embed-aspect-16-9 wp-has-aspect-ratio\"><div class=\"wp-block-embed__wrapper\">\n<div class=\"nv-iframe-embed\"><iframe title=\"Windschutzscheiben Versiegelung - Versiegelung24.com\" width=\"1200\" height=\"675\" src=\"https:\/\/www.youtube.com\/embed\/5cu8smLIMD0?feature=oembed\" frameborder=\"0\" allow=\"accelerometer; autoplay; clipboard-write; encrypted-media; gyroscope; picture-in-picture; web-share\" allowfullscreen><\/iframe><\/div>\n<\/div><\/figure>\n\n<hr class=\"wp-block-separator has-alpha-channel-opacity\"\/>\n\n<h2 class=\"wp-block-heading\" id=\"properties\">\u012bpa\u0161\u012bbas<\/h2>\n\n<p><\/p>\n\n<p>Sast\u0101vs: 2 priek\u0161t\u012br\u012b\u0161anas lupati\u0146as, 2 bl\u012bv\u0113\u0161anas lupati\u0146as (katra 2m\u00b2), 1 mikro\u0161\u0137iedras lupati\u0146a, 2 vienreizlietojamie cimdi.<\/p>\n\n<ul class=\"wp-block-list\">\n<li>Ilgs kalpo\u0161anas laiks &#8211; l\u012bdz 20 000 km<\/li>\n\n\n\n<li>Samazina atsp\u012bdumu un gaismas izkrop\u013cojumus nakt\u012b<\/li>\n\n\n\n<li>\u016adens l\u0101ses (60+ km\/h), t. i., skaidra redzam\u012bba pat bez v\u0113jstikla t\u012br\u012bt\u0101jiem.<\/li>\n\n\n\n<li>Aizsarg\u0101 v\u0113jstikla t\u012br\u012bt\u0101ji<\/li>\n\n\n\n<li>Vienk\u0101r\u0161a pielieto\u0161ana<\/li>\n\n\n\n<li>Sp\u0113c\u012bgas pretsalipes \u012bpa\u0161\u012bbas un maz\u0101ka kukai\u0146u pielip\u0161ana<\/li>\n\n\n\n<li>Samazina mikro skr\u0101p\u0113jumus<\/li>\n\n\n\n<li>Viegl\u0101k t\u012br\u0101ms logs un viegl\u0101k no\u0146emams ledus<\/li>\n\n\n\n<li>Neredzams aizsargsl\u0101nis &#8211; 500 x pl\u0101n\u0101ks par cilv\u0113ka matiem<\/li>\n\n\n\n<li>UV-stabils ar augstu nodilumiztur\u012bbu<\/li>\n\n\n\n<li>Iztur\u012bba pret temperat\u016bras sv\u0101rst\u012bb\u0101m<\/li>\n\n\n\n<li>\u0136\u012bmiski iztur\u012bgs (ph 2 l\u012bdz 13)<\/li>\n\n\n\n<li>Ve\u013cas ma\u0161\u012bnu un augstspiediena t\u012br\u012b\u0161anas l\u012bdzek\u013cu iztur\u012bba<\/li>\n\n\n\n<li>Priek\u0161\u0113jiem un s\u0101nu logiem automa\u0161\u012bn\u0101m, furgoniem, kravas automa\u0161\u012bn\u0101m, laiv\u0101m un treileriem.<\/li>\n\n\n\n<li>Uzkl\u0101jiet uz v\u0113jstikla un atk\u0101rtojiet p\u0113c 6 m\u0113ne\u0161iem = ilgst l\u012bdz 1 gadam.<\/li>\n\n\n\n<li>T\u00dcV test\u0113ts<\/li>\n<\/ul>\n","protected":false},"excerpt":{"rendered":"<p>\u2713 Ilgs kalpo\u0161anas laiks &#8211; l\u012bdz 20 000 km<\/p>\n<p>\u2713 \u016adens l\u0101ses (60+ km\/h), t. i., skaidra redzam\u012bba pat bez priek\u0161\u0113j\u0101 stikla t\u012br\u012bt\u0101jiem<\/p>\n<p>\u2713 Sp\u0113c\u012bgas pretadhez\u012bv\u0101s \u012bpa\u0161\u012bbas un maz\u0101ka kukai\u0146u pielip\u0161ana<\/p>\n","protected":false},"featured_media":132064,"template":"","meta":{"_acf_changed":false,"neve_meta_sidebar":"","neve_meta_container":"","neve_meta_enable_content_width":"","neve_meta_content_width":0,"neve_meta_title_alignment":"","neve_meta_author_avatar":"","neve_post_elements_order":"","neve_meta_disable_header":"","neve_meta_disable_footer":"","neve_meta_disable_title":"","neve_meta_reading_time":"","_surfaces":[],"_ver_product_tabs":[],"footnotes":""},"product_brand":[],"product_cat":[2196,2306,2990],"product_tag":[],"class_list":{"0":"post-126058","1":"product","2":"type-product","3":"status-publish","4":"has-post-thumbnail","6":"product_cat-automasinas-blivejums","7":"product_cat-stikla-un-keramikas-blivejums","8":"product_cat-skidra-stikla-blivejums","10":"first","11":"instock","12":"taxable","13":"shipping-taxable","14":"purchasable","15":"product-type-simple"},"acf":[],"yoast_head":"<!-- This site is optimized with the Yoast SEO Premium plugin v22.8 (Yoast SEO v27.5) - https:\/\/yoast.com\/product\/yoast-seo-premium-wordpress\/ -->\n<title>V\u0113jstikla bl\u012bv\u0113jums - versiegelung24.com<\/title>\n<meta name=\"robots\" content=\"index, follow, max-snippet:-1, max-image-preview:large, max-video-preview:-1\" \/>\n<link rel=\"canonical\" href=\"https:\/\/www.versiegelung24.com\/lv\/vejstikla-blivetajs-406.html\" \/>\n<meta property=\"og:locale\" content=\"lv_LV\" \/>\n<meta property=\"og:type\" content=\"article\" \/>\n<meta property=\"og:title\" content=\"V\u0113jstikla bl\u012bv\u0113jums\" \/>\n<meta property=\"og:description\" content=\"\u2713 Ilgs kalpo\u0161anas laiks - l\u012bdz 20 000 km \u2713 \u016adens l\u0101ses (60+ km\/h), t. i., skaidra redzam\u012bba pat bez priek\u0161\u0113j\u0101 stikla t\u012br\u012bt\u0101jiem \u2713 Sp\u0113c\u012bgas pretadhez\u012bv\u0101s \u012bpa\u0161\u012bbas un maz\u0101ka kukai\u0146u pielip\u0161ana\" \/>\n<meta property=\"og:url\" content=\"https:\/\/www.versiegelung24.com\/lv\/vejstikla-blivetajs-406.html\" \/>\n<meta property=\"og:site_name\" content=\"versiegelung24.com\" \/>\n<meta property=\"article:modified_time\" content=\"2025-01-05T16:35:46+00:00\" \/>\n<meta property=\"og:image\" content=\"https:\/\/www.versiegelung24.com\/wp-content\/uploads\/2023\/09\/windschutz-1-1.webp\" \/>\n\t<meta property=\"og:image:width\" content=\"2560\" \/>\n\t<meta property=\"og:image:height\" content=\"2560\" \/>\n\t<meta property=\"og:image:type\" content=\"image\/webp\" \/>\n<meta name=\"twitter:card\" content=\"summary_large_image\" \/>\n<meta name=\"twitter:label1\" content=\"Price\" \/>\n\t<meta name=\"twitter:data1\" content=\"17,99&euro;\" \/>\n\t<meta name=\"twitter:label2\" content=\"Availability\" \/>\n\t<meta name=\"twitter:data2\" content=\"In stock\" \/>\n<script type=\"application\/ld+json\" class=\"yoast-schema-graph\">{\"@context\":\"https:\\\/\\\/schema.org\",\"@graph\":[{\"@type\":\"WebPage\",\"@id\":\"https:\\\/\\\/www.versiegelung24.com\\\/lv\\\/vejstikla-blivetajs-406.html\",\"url\":\"https:\\\/\\\/www.versiegelung24.com\\\/lv\\\/vejstikla-blivetajs-406.html\",\"name\":\"V\u0113jstikla bl\u012bv\u0113jums - versiegelung24.com\",\"isPartOf\":{\"@id\":\"https:\\\/\\\/www.versiegelung24.com\\\/lv\\\/#website\"},\"primaryImageOfPage\":{\"@id\":\"https:\\\/\\\/www.versiegelung24.com\\\/lv\\\/vejstikla-blivetajs-406.html#primaryimage\"},\"image\":{\"@id\":\"https:\\\/\\\/www.versiegelung24.com\\\/lv\\\/vejstikla-blivetajs-406.html#primaryimage\"},\"thumbnailUrl\":\"https:\\\/\\\/www.versiegelung24.com\\\/wp-content\\\/uploads\\\/2023\\\/09\\\/windschutz-1-1.webp\",\"datePublished\":\"2023-09-01T13:04:30+00:00\",\"dateModified\":\"2025-01-05T16:35:46+00:00\",\"breadcrumb\":{\"@id\":\"https:\\\/\\\/www.versiegelung24.com\\\/lv\\\/vejstikla-blivetajs-406.html#breadcrumb\"},\"inLanguage\":\"lv-LV\",\"potentialAction\":[{\"@type\":\"ReadAction\",\"target\":[\"https:\\\/\\\/www.versiegelung24.com\\\/lv\\\/vejstikla-blivetajs-406.html\"]}]},{\"@type\":\"ImageObject\",\"inLanguage\":\"lv-LV\",\"@id\":\"https:\\\/\\\/www.versiegelung24.com\\\/lv\\\/vejstikla-blivetajs-406.html#primaryimage\",\"url\":\"https:\\\/\\\/www.versiegelung24.com\\\/wp-content\\\/uploads\\\/2023\\\/09\\\/windschutz-1-1.webp\",\"contentUrl\":\"https:\\\/\\\/www.versiegelung24.com\\\/wp-content\\\/uploads\\\/2023\\\/09\\\/windschutz-1-1.webp\",\"width\":2560,\"height\":2560},{\"@type\":\"BreadcrumbList\",\"@id\":\"https:\\\/\\\/www.versiegelung24.com\\\/lv\\\/vejstikla-blivetajs-406.html#breadcrumb\",\"itemListElement\":[{\"@type\":\"ListItem\",\"position\":1,\"name\":\"M\u0101jas lapa\",\"item\":\"https:\\\/\\\/www.versiegelung24.com\\\/lv\\\/prieksejais\\\/\"},{\"@type\":\"ListItem\",\"position\":2,\"name\":\"Veikals\",\"item\":\"https:\\\/\\\/www.versiegelung24.com\\\/lv\\\/veikals\\\/\"},{\"@type\":\"ListItem\",\"position\":3,\"name\":\"V\u0113jstikla bl\u012bv\u0113jums\"}]},{\"@type\":\"WebSite\",\"@id\":\"https:\\\/\\\/www.versiegelung24.com\\\/lv\\\/#website\",\"url\":\"https:\\\/\\\/www.versiegelung24.com\\\/lv\\\/\",\"name\":\"versiegelung24.com\",\"description\":\"Fl\u00fcssigglas-Versiegelung - Made in Germany\",\"publisher\":{\"@id\":\"https:\\\/\\\/www.versiegelung24.com\\\/lv\\\/#organization\"},\"potentialAction\":[{\"@type\":\"SearchAction\",\"target\":{\"@type\":\"EntryPoint\",\"urlTemplate\":\"https:\\\/\\\/www.versiegelung24.com\\\/lv\\\/?s={search_term_string}\"},\"query-input\":{\"@type\":\"PropertyValueSpecification\",\"valueRequired\":true,\"valueName\":\"search_term_string\"}}],\"inLanguage\":\"lv-LV\"},{\"@type\":\"Organization\",\"@id\":\"https:\\\/\\\/www.versiegelung24.com\\\/lv\\\/#organization\",\"name\":\"versiegelung24\",\"url\":\"https:\\\/\\\/www.versiegelung24.com\\\/lv\\\/\",\"logo\":{\"@type\":\"ImageObject\",\"inLanguage\":\"lv-LV\",\"@id\":\"https:\\\/\\\/www.versiegelung24.com\\\/lv\\\/#\\\/schema\\\/logo\\\/image\\\/\",\"url\":\"https:\\\/\\\/www.versiegelung24.com\\\/wp-content\\\/uploads\\\/2020\\\/04\\\/versiegelung24.png\",\"contentUrl\":\"https:\\\/\\\/www.versiegelung24.com\\\/wp-content\\\/uploads\\\/2020\\\/04\\\/versiegelung24.png\",\"width\":470,\"height\":102,\"caption\":\"versiegelung24\"},\"image\":{\"@id\":\"https:\\\/\\\/www.versiegelung24.com\\\/lv\\\/#\\\/schema\\\/logo\\\/image\\\/\"}}]}<\/script>\n<meta property=\"product:price:amount\" content=\"17.99\" \/>\n<meta property=\"product:price:currency\" content=\"EUR\" \/>\n<meta property=\"og:availability\" content=\"instock\" \/>\n<meta property=\"product:availability\" content=\"instock\" \/>\n<meta property=\"product:retailer_item_id\" content=\"4040-406\" \/>\n<meta property=\"product:condition\" content=\"new\" \/>\n<!-- \/ Yoast SEO Premium plugin. -->","yoast_head_json":{"title":"V\u0113jstikla bl\u012bv\u0113jums - versiegelung24.com","robots":{"index":"index","follow":"follow","max-snippet":"max-snippet:-1","max-image-preview":"max-image-preview:large","max-video-preview":"max-video-preview:-1"},"canonical":"https:\/\/www.versiegelung24.com\/lv\/vejstikla-blivetajs-406.html","og_locale":"lv_LV","og_type":"article","og_title":"V\u0113jstikla bl\u012bv\u0113jums","og_description":"\u2713 Ilgs kalpo\u0161anas laiks - l\u012bdz 20 000 km \u2713 \u016adens l\u0101ses (60+ km\/h), t. i., skaidra redzam\u012bba pat bez priek\u0161\u0113j\u0101 stikla t\u012br\u012bt\u0101jiem \u2713 Sp\u0113c\u012bgas pretadhez\u012bv\u0101s \u012bpa\u0161\u012bbas un maz\u0101ka kukai\u0146u pielip\u0161ana","og_url":"https:\/\/www.versiegelung24.com\/lv\/vejstikla-blivetajs-406.html","og_site_name":"versiegelung24.com","article_modified_time":"2025-01-05T16:35:46+00:00","og_image":[{"width":2560,"height":2560,"url":"https:\/\/www.versiegelung24.com\/wp-content\/uploads\/2023\/09\/windschutz-1-1.webp","type":"image\/webp"}],"twitter_card":"summary_large_image","twitter_misc":{"Price":"17,99&euro;","Availability":"In stock"},"schema":{"@context":"https:\/\/schema.org","@graph":[{"@type":"WebPage","@id":"https:\/\/www.versiegelung24.com\/lv\/vejstikla-blivetajs-406.html","url":"https:\/\/www.versiegelung24.com\/lv\/vejstikla-blivetajs-406.html","name":"V\u0113jstikla bl\u012bv\u0113jums - versiegelung24.com","isPartOf":{"@id":"https:\/\/www.versiegelung24.com\/lv\/#website"},"primaryImageOfPage":{"@id":"https:\/\/www.versiegelung24.com\/lv\/vejstikla-blivetajs-406.html#primaryimage"},"image":{"@id":"https:\/\/www.versiegelung24.com\/lv\/vejstikla-blivetajs-406.html#primaryimage"},"thumbnailUrl":"https:\/\/www.versiegelung24.com\/wp-content\/uploads\/2023\/09\/windschutz-1-1.webp","datePublished":"2023-09-01T13:04:30+00:00","dateModified":"2025-01-05T16:35:46+00:00","breadcrumb":{"@id":"https:\/\/www.versiegelung24.com\/lv\/vejstikla-blivetajs-406.html#breadcrumb"},"inLanguage":"lv-LV","potentialAction":[{"@type":"ReadAction","target":["https:\/\/www.versiegelung24.com\/lv\/vejstikla-blivetajs-406.html"]}]},{"@type":"ImageObject","inLanguage":"lv-LV","@id":"https:\/\/www.versiegelung24.com\/lv\/vejstikla-blivetajs-406.html#primaryimage","url":"https:\/\/www.versiegelung24.com\/wp-content\/uploads\/2023\/09\/windschutz-1-1.webp","contentUrl":"https:\/\/www.versiegelung24.com\/wp-content\/uploads\/2023\/09\/windschutz-1-1.webp","width":2560,"height":2560},{"@type":"BreadcrumbList","@id":"https:\/\/www.versiegelung24.com\/lv\/vejstikla-blivetajs-406.html#breadcrumb","itemListElement":[{"@type":"ListItem","position":1,"name":"M\u0101jas lapa","item":"https:\/\/www.versiegelung24.com\/lv\/prieksejais\/"},{"@type":"ListItem","position":2,"name":"Veikals","item":"https:\/\/www.versiegelung24.com\/lv\/veikals\/"},{"@type":"ListItem","position":3,"name":"V\u0113jstikla bl\u012bv\u0113jums"}]},{"@type":"WebSite","@id":"https:\/\/www.versiegelung24.com\/lv\/#website","url":"https:\/\/www.versiegelung24.com\/lv\/","name":"versiegelung24.com","description":"Fl\u00fcssigglas-Versiegelung - Made in Germany","publisher":{"@id":"https:\/\/www.versiegelung24.com\/lv\/#organization"},"potentialAction":[{"@type":"SearchAction","target":{"@type":"EntryPoint","urlTemplate":"https:\/\/www.versiegelung24.com\/lv\/?s={search_term_string}"},"query-input":{"@type":"PropertyValueSpecification","valueRequired":true,"valueName":"search_term_string"}}],"inLanguage":"lv-LV"},{"@type":"Organization","@id":"https:\/\/www.versiegelung24.com\/lv\/#organization","name":"versiegelung24","url":"https:\/\/www.versiegelung24.com\/lv\/","logo":{"@type":"ImageObject","inLanguage":"lv-LV","@id":"https:\/\/www.versiegelung24.com\/lv\/#\/schema\/logo\/image\/","url":"https:\/\/www.versiegelung24.com\/wp-content\/uploads\/2020\/04\/versiegelung24.png","contentUrl":"https:\/\/www.versiegelung24.com\/wp-content\/uploads\/2020\/04\/versiegelung24.png","width":470,"height":102,"caption":"versiegelung24"},"image":{"@id":"https:\/\/www.versiegelung24.com\/lv\/#\/schema\/logo\/image\/"}}]},"product_price_amount":"17.99","product_price_currency":"EUR","og_availability":"instock","product_availability":"instock","product_retailer_item_id":"4040-406","product_condition":"new"},"_links":{"self":[{"href":"https:\/\/www.versiegelung24.com\/lv\/wp-json\/wp\/v2\/product\/126058","targetHints":{"allow":["GET"]}}],"collection":[{"href":"https:\/\/www.versiegelung24.com\/lv\/wp-json\/wp\/v2\/product"}],"about":[{"href":"https:\/\/www.versiegelung24.com\/lv\/wp-json\/wp\/v2\/types\/product"}],"version-history":[{"count":8,"href":"https:\/\/www.versiegelung24.com\/lv\/wp-json\/wp\/v2\/product\/126058\/revisions"}],"predecessor-version":[{"id":178331,"href":"https:\/\/www.versiegelung24.com\/lv\/wp-json\/wp\/v2\/product\/126058\/revisions\/178331"}],"wp:featuredmedia":[{"embeddable":true,"href":"https:\/\/www.versiegelung24.com\/lv\/wp-json\/wp\/v2\/media\/132064"}],"wp:attachment":[{"href":"https:\/\/www.versiegelung24.com\/lv\/wp-json\/wp\/v2\/media?parent=126058"}],"wp:term":[{"taxonomy":"product_brand","embeddable":true,"href":"https:\/\/www.versiegelung24.com\/lv\/wp-json\/wp\/v2\/product_brand?post=126058"},{"taxonomy":"product_cat","embeddable":true,"href":"https:\/\/www.versiegelung24.com\/lv\/wp-json\/wp\/v2\/product_cat?post=126058"},{"taxonomy":"product_tag","embeddable":true,"href":"https:\/\/www.versiegelung24.com\/lv\/wp-json\/wp\/v2\/product_tag?post=126058"}],"curies":[{"name":"wp","href":"https:\/\/api.w.org\/{rel}","templated":true}]}}