{"id":145303,"date":"2024-01-07T15:15:48","date_gmt":"2024-01-13T10:22:08","guid":{"rendered":"https:\/\/www.versiegelung24.com\/product\/v24-netirumu-dzesgumija-100x70x30mm\/"},"modified":"2025-01-05T15:44:59","modified_gmt":"2025-01-05T14:44:59","slug":"v24-schmutzradierer-100x70x30mm","status":"publish","type":"product","link":"https:\/\/www.versiegelung24.com\/lv\/product\/v24-schmutzradierer-100x70x30mm\/","title":{"rendered":"V24 Net\u012brumu dz\u0113\u0161gumija 100x70x30mm"},"content":{"rendered":"\n<h1 class=\"wp-block-heading\" id=\"h-v24-schmutzradierer-gegen-hartnackige-flecken-online-kaufen\">Nopirkt V24 traipu dz\u0113\u0161gumiju pret notur\u012bgiem traipiem tie\u0161saist\u0113<\/h1>\n\n<h2 class=\"wp-block-heading\" id=\"h-muhelos-hartnackige-flecken-beseitigen-mit-dem-versiegelung24-com-schmutzradierer\">Bez piep\u016bles no\u0146emiet notur\u012bgus traipus ar Versiegelung24.com traipu dz\u0113\u0161gumiju.<\/h2>\n\n<p>Ar m\u016bsu <a href=\"https:\/\/www.versiegelung24.com\/fluessigglas-versiegelung\/\">herm\u0113ti\u0137iem<\/a> var aizz\u012bmogot tikai t\u012bras virsmas, t\u0101p\u0113c ir svar\u012bgi no\u0146emt vieglus un notur\u012bgus traipus. M\u016bsu net\u012brumu dz\u0113\u0161gumija ir augsto tehnolo\u0123iju melam\u012bna s\u016bklis, kas ir lieliski piem\u0113rots virsmu t\u012br\u012b\u0161anai. \u012apa\u0161i notur\u012bgu traipu gad\u012bjum\u0101 m\u0113s iesak\u0101m papildus izmantot m\u016bsu 100% biolo\u0123iski no\u0101rd\u0101mo organisko t\u012br\u012b\u0161anas l\u012bdzekli <a href=\"https:\/\/www.versiegelung24.com\/lv\/biosativa-biologiskais-pirmtiritajs.html\">BIOSATIVA\u00ae<\/a>, ta\u010du \u0137\u012bmiskie t\u012br\u012b\u0161anas l\u012bdzek\u013ci nav nepiecie\u0161ami.<\/p>\n\n<div class=\"wp-block-columns is-layout-flex wp-container-core-columns-is-layout-9d6595d7 wp-block-columns-is-layout-flex\">\n<div class=\"wp-block-column is-layout-flow wp-block-column-is-layout-flow\">\n<h2 class=\"wp-block-heading\" id=\"properties\">Produkta \u012bpa\u0161\u012bbas<\/h2>\n\n\n\n<ul class=\"wp-block-list\">\n<li>Augsto tehnolo\u0123iju melam\u012bna s\u016bklis<\/li>\n\n\n\n<li>Izm\u0113ri: 100x70x30 mm<\/li>\n\n\n\n<li>bez \u0137\u012bmisk\u0101m sast\u0101vda\u013c\u0101m<\/li>\n\n\n\n<li>netoksisks<\/li>\n<\/ul>\n\n\n\n<h2 class=\"wp-block-heading\" id=\"application\">K\u0101 dro\u0161i no\u0146emt net\u012brumus ar m\u016bsu gumijas s\u016bkli<\/h2>\n\n\n\n<ol class=\"wp-block-list\">\n<li>Samitriniet un izspiediet s\u016bkli.<\/li>\n\n\n\n<li>Ar vieglu spiedienu not\u012briet net\u012brumus<\/li>\n\n\n\n<li>P\u0113c tam izskalojiet s\u016bkli un izmantojiet to v\u0113lreiz.<\/li>\n<\/ol>\n<\/div>\n\n\n\n<div class=\"wp-block-column is-layout-flow wp-block-column-is-layout-flow\">\n<figure class=\"wp-block-image size-full\"><img fetchpriority=\"high\" decoding=\"async\" width=\"1105\" height=\"1105\" src=\"https:\/\/www.versiegelung24.com\/wp-content\/uploads\/2024\/01\/v24-9020-content-1.webp\" alt=\"\" class=\"wp-image-138069\" srcset=\"https:\/\/www.versiegelung24.com\/wp-content\/uploads\/2024\/01\/v24-9020-content-1.webp 1105w, https:\/\/www.versiegelung24.com\/wp-content\/uploads\/2024\/01\/v24-9020-content-1-300x300.webp 300w, https:\/\/www.versiegelung24.com\/wp-content\/uploads\/2024\/01\/v24-9020-content-1-80x80.webp 80w, https:\/\/www.versiegelung24.com\/wp-content\/uploads\/2024\/01\/v24-9020-content-1-768x768.webp 768w, https:\/\/www.versiegelung24.com\/wp-content\/uploads\/2024\/01\/v24-9020-content-1-70x70.webp 70w, https:\/\/www.versiegelung24.com\/wp-content\/uploads\/2024\/01\/v24-9020-content-1-400x400.webp 400w, https:\/\/www.versiegelung24.com\/wp-content\/uploads\/2024\/01\/v24-9020-content-1-600x600.webp 600w, https:\/\/www.versiegelung24.com\/wp-content\/uploads\/2024\/01\/v24-9020-content-1-100x100.webp 100w\" sizes=\"(max-width: 1105px) 100vw, 1105px\" \/><\/figure>\n<\/div>\n<\/div>\n\n<h2 class=\"wp-block-heading\" id=\"h-vielfaltige-einsatzmoglichkeiten-des-schmutzradierers\"><strong>Pla\u0161s dz\u0113\u0161gumijas pielietojuma kl\u0101sts<\/strong><\/h2>\n\n<p>Versiegelung24.com net\u012brumu dz\u0113\u0161gumija ir \u012bsts univers\u0101ls l\u012bdzeklis, kad runa ir par notur\u012bgu traipu un net\u012brumu no\u0146em\u0161anu. T\u0101 pla\u0161ais izmanto\u0161anas spektrs padara to par neaizst\u0101jamu pal\u012bgu m\u0101jsaimniec\u012bb\u0101. \u0160eit ir da\u017ei piem\u0113ri, kam varat izmantot m\u016bsu dz\u0113\u0161gumiju:<\/p>\n\n<ol class=\"wp-block-list\">\n<li><strong>Not\u012briet sienu traipus:<\/strong> Ide\u0101li piem\u0113rots z\u012bmju un traipu, piem\u0113ram, pirkstu nospiedumu vai net\u012brumu sv\u012btru, no\u0146em\u0161anai no sien\u0101m.<\/li>\n\n\n\n<li><strong>Virtuves ier\u012b\u010du t\u012br\u012b\u0161ana:<\/strong> efekt\u012bvi no\u0146em taukus un \u0113diena atliekas no virtuves virsm\u0101m, pl\u012bt\u012bm un cepe\u0161kr\u0101sn\u012bm.<\/li>\n\n\n\n<li><strong>Vannas istabas t\u012br\u012b\u0161ana:<\/strong> Atbr\u012bvojas no ka\u013c\u0137akmens un \u016bdens traipiem uz armat\u016bras, fl\u012bz\u0113m un du\u0161as kab\u012bn\u0113m.<\/li>\n\n\n\n<li><strong>Apavu t\u012br\u012b\u0161anas l\u012bdzeklis:<\/strong> no\u0146em notur\u012bgus traipus un nodilumus uz treni\u0146biks\u0113m un citiem apavu materi\u0101liem.<\/li>\n\n\n\n<li><strong>M\u0113be\u013cu kop\u0161ana:<\/strong> ide\u0101li piem\u0113rots plastmasas vai koka m\u0113be\u013cu virsmu t\u012br\u012b\u0161anai, no\u0146em pirkstu nospiedumus un traipus.<\/li>\n\n\n\n<li><strong>Traipi uz tekstilizstr\u0101d\u0101jumiem:<\/strong> dro\u0161i no\u0146em traipus no d\u012bv\u0101niem, kr\u0113sliem vai cit\u0101m auduma virsm\u0101m.<\/li>\n\n\n\n<li><strong>Automa\u0161\u012bnas salona t\u012br\u012b\u0161ana:<\/strong> Lieliski piem\u0113rots instrumentu pane\u013cu, durvju pane\u013cu un citu plastmasas deta\u013cu t\u012br\u012b\u0161anai automa\u0161\u012bn\u0101.<\/li>\n\n\n\n<li><strong>Datori un elektronika:<\/strong> dro\u0161s tastat\u016bru un citu jut\u012bgu elektronisko ier\u012b\u010du t\u012br\u012b\u0161anai.<\/li>\n\n\n\n<li><strong>Rota\u013clietu t\u012br\u012b\u0161anas l\u012bdzeklis:<\/strong> No\u0146em net\u012brumus un traipus no plastmasas rota\u013cliet\u0101m bez kait\u012bg\u0101m \u0137imik\u0101lij\u0101m.<\/li>\n\n\n\n<li><strong>Durvis un rokturi:<\/strong> efekt\u012bvi no\u0146em pirkstu nospiedumus un net\u012brumus no durvju rokturiem un r\u0101mjiem.<\/li>\n<\/ol>\n\n<h2 class=\"wp-block-heading\" id=\"h-was-sie-vor-dem-kauf-des-radierschwamms-beachten-sollten\">Kas jums b\u016btu j\u0101\u0146em v\u0113r\u0101 pirms dz\u0113\u0161gumijas s\u016bk\u013ca ieg\u0101des<\/h2>\n\n<h3 class=\"wp-block-heading\" id=\"h-geeignete-oberflachen-fur-den-wunderschwamm\">Br\u012bnumu s\u016bklim piem\u0113rotas virsmas<\/h3>\n\n<p>Br\u012bnumainais s\u016bklis ir univers\u0101ls t\u012br\u012b\u0161anas l\u012bdzeklis, ko var izmantot uz da\u017e\u0101d\u0101m virsm\u0101m. Br\u012bnumu s\u016bklim piem\u0113rotas virsmas ir <strong>plastmasa, ner\u016bs\u0113jo\u0161ais t\u0113rauds, stikls, keramika, tapetes, fl\u012bzes un daudz kas cits<\/strong>. Ar \u0161o s\u016bkli var efekt\u012bvi not\u012br\u012bt net\u012brumus, taukus un atlikumus no \u0161iem materi\u0101liem. Br\u012bnumainais s\u016bklis ir piem\u0113rots ar\u012b jut\u012bg\u0101m virsm\u0101m, piem\u0113ram, kokam, jo tas nesaskr\u0101p\u0113 un neatst\u0101j negl\u012btu p\u0113das. To var izmantot, lai maigi not\u012br\u012btu virsmas, t\u0101s neboj\u0101jot.  <\/p>\n\n<p><\/p><h3>Uz ko v\u0113rst uzman\u012bbu<\/h3>Lai sasniegtu \u012bpa\u0161i gr\u016bti aizsniedzamas vietas, s\u016bkli var sagriezt atbilsto\u0161i izm\u0113ram.  <strong>Ieteicams iev\u0113rot piesardz\u012bbu attiec\u012bb\u0101 uz \u012bpa\u0161i jut\u012bg\u0101m<\/strong>, <strong>sp\u012bd\u012bg\u0101m,<\/strong> <strong>kr\u0101sot\u0101m<\/strong> un <strong>pul\u0113t\u0101m<\/strong> <strong>virsm\u0101m<\/strong>! Ieteicams pirms tam veikt p\u0101rbaudi uz neuzkr\u012bto\u0161as vietas un iev\u0113rot, ka l\u012bdzeklis nodilst, jo \u012bpa\u0161i uz nel\u012bdzen\u0101m virsm\u0101m. P\u0113c uzkl\u0101\u0161anas virsmas j\u0101not\u012bra ar t\u012bru \u016bdeni, lai no\u0146emtu jebk\u0101das atliekas.\n","protected":false},"excerpt":{"rendered":"<p class=\"MsoNormal\"><strong>Melam\u012bna s\u016bklis virsmu iepriek\u0161\u0113jai t\u012br\u012b\u0161anai<\/strong><\/p>\n<p>\u2713 Atk\u0101rtoti lietojams<\/p>\n<p>\u2713 Videi draudz\u012bgs<\/p>\n<p>\u2713 \u0112rts<\/p>\n<p>\u2713 Univers\u0101li piem\u0113rojams<\/p>\n<p>\u2713 100x70x30 mm<\/p>\n<p>&nbsp;<\/p>\n","protected":false},"featured_media":138040,"template":"","meta":{"_acf_changed":false,"neve_meta_sidebar":"","neve_meta_container":"","neve_meta_enable_content_width":"","neve_meta_content_width":0,"neve_meta_title_alignment":"","neve_meta_author_avatar":"","neve_post_elements_order":"","neve_meta_disable_header":"","neve_meta_disable_footer":"","neve_meta_disable_title":"","neve_meta_reading_time":"","_surfaces":[],"_ver_product_tabs":[],"footnotes":""},"product_brand":[],"product_cat":[2196,2306,2310,2318,2475,3079],"product_tag":[],"class_list":{"0":"post-145303","1":"product","2":"type-product","3":"status-publish","4":"has-post-thumbnail","6":"product_cat-automasinas-blivejums","7":"product_cat-stikla-un-keramikas-blivejums","8":"product_cat-metala-un-plastmasas-blivejums","9":"product_cat-tirisanas-piederumi","10":"product_cat-universals-blivejums","11":"product_cat-iekartas","13":"first","14":"instock","15":"taxable","16":"shipping-taxable","17":"purchasable","18":"product-type-simple"},"acf":[],"yoast_head":"<!-- This site is optimized with the Yoast SEO Premium plugin v22.8 (Yoast SEO v27.5) - https:\/\/yoast.com\/product\/yoast-seo-premium-wordpress\/ -->\n<title>Pirkt net\u012brumu dz\u0113\u0161gumijas l\u0113ti tie\u0161saist\u0113 - Versiegelung24.com<\/title>\n<meta name=\"description\" content=\"Ieg\u0101d\u0101jieties net\u012brumu dz\u0113\u0161gumiju l\u0113ti tie\u0161saist\u0113 Versiegelung24.com un bez piep\u016bles no\u0146emiet notur\u012bgus net\u012brumus no da\u017e\u0101d\u0101m virsm\u0101m.\" \/>\n<meta name=\"robots\" content=\"index, follow, max-snippet:-1, max-image-preview:large, max-video-preview:-1\" \/>\n<link rel=\"canonical\" href=\"https:\/\/www.versiegelung24.com\/lv\/product\/v24-schmutzradierer-100x70x30mm\/\" \/>\n<meta property=\"og:locale\" content=\"lv_LV\" \/>\n<meta property=\"og:type\" content=\"article\" \/>\n<meta property=\"og:title\" content=\"V24 Net\u012brumu dz\u0113\u0161gumija 100x70x30mm\" \/>\n<meta property=\"og:description\" content=\"Ieg\u0101d\u0101jieties net\u012brumu dz\u0113\u0161gumiju l\u0113ti tie\u0161saist\u0113 Versiegelung24.com un bez piep\u016bles no\u0146emiet notur\u012bgus net\u012brumus no da\u017e\u0101d\u0101m virsm\u0101m.\" \/>\n<meta property=\"og:url\" content=\"https:\/\/www.versiegelung24.com\/lv\/product\/v24-schmutzradierer-100x70x30mm\/\" \/>\n<meta property=\"og:site_name\" content=\"versiegelung24.com\" \/>\n<meta property=\"article:modified_time\" content=\"2025-01-05T14:44:59+00:00\" \/>\n<meta property=\"og:image\" content=\"https:\/\/www.versiegelung24.com\/wp-content\/uploads\/2024\/01\/V24-9020-3.webp\" \/>\n\t<meta property=\"og:image:width\" content=\"600\" \/>\n\t<meta property=\"og:image:height\" content=\"600\" \/>\n\t<meta property=\"og:image:type\" content=\"image\/webp\" \/>\n<meta name=\"twitter:card\" content=\"summary_large_image\" \/>\n<meta name=\"twitter:label1\" content=\"Price\" \/>\n\t<meta name=\"twitter:data1\" content=\"0,99&euro;\" \/>\n\t<meta name=\"twitter:label2\" content=\"Availability\" \/>\n\t<meta name=\"twitter:data2\" content=\"In stock\" \/>\n<script type=\"application\/ld+json\" class=\"yoast-schema-graph\">{\"@context\":\"https:\\\/\\\/schema.org\",\"@graph\":[{\"@type\":\"WebPage\",\"@id\":\"https:\\\/\\\/www.versiegelung24.com\\\/lv\\\/product\\\/v24-schmutzradierer-100x70x30mm\\\/\",\"url\":\"https:\\\/\\\/www.versiegelung24.com\\\/lv\\\/product\\\/v24-schmutzradierer-100x70x30mm\\\/\",\"name\":\"Pirkt net\u012brumu dz\u0113\u0161gumijas l\u0113ti tie\u0161saist\u0113 - Versiegelung24.com\",\"isPartOf\":{\"@id\":\"https:\\\/\\\/www.versiegelung24.com\\\/lv\\\/#website\"},\"primaryImageOfPage\":{\"@id\":\"https:\\\/\\\/www.versiegelung24.com\\\/lv\\\/product\\\/v24-schmutzradierer-100x70x30mm\\\/#primaryimage\"},\"image\":{\"@id\":\"https:\\\/\\\/www.versiegelung24.com\\\/lv\\\/product\\\/v24-schmutzradierer-100x70x30mm\\\/#primaryimage\"},\"thumbnailUrl\":\"https:\\\/\\\/www.versiegelung24.com\\\/wp-content\\\/uploads\\\/2024\\\/01\\\/V24-9020-3.webp\",\"datePublished\":\"2024-01-13T10:22:08+00:00\",\"dateModified\":\"2025-01-05T14:44:59+00:00\",\"description\":\"Ieg\u0101d\u0101jieties net\u012brumu dz\u0113\u0161gumiju l\u0113ti tie\u0161saist\u0113 Versiegelung24.com un bez piep\u016bles no\u0146emiet notur\u012bgus net\u012brumus no da\u017e\u0101d\u0101m virsm\u0101m.\",\"breadcrumb\":{\"@id\":\"https:\\\/\\\/www.versiegelung24.com\\\/lv\\\/product\\\/v24-schmutzradierer-100x70x30mm\\\/#breadcrumb\"},\"inLanguage\":\"lv-LV\",\"potentialAction\":[{\"@type\":\"ReadAction\",\"target\":[\"https:\\\/\\\/www.versiegelung24.com\\\/lv\\\/product\\\/v24-schmutzradierer-100x70x30mm\\\/\"]}]},{\"@type\":\"ImageObject\",\"inLanguage\":\"lv-LV\",\"@id\":\"https:\\\/\\\/www.versiegelung24.com\\\/lv\\\/product\\\/v24-schmutzradierer-100x70x30mm\\\/#primaryimage\",\"url\":\"https:\\\/\\\/www.versiegelung24.com\\\/wp-content\\\/uploads\\\/2024\\\/01\\\/V24-9020-3.webp\",\"contentUrl\":\"https:\\\/\\\/www.versiegelung24.com\\\/wp-content\\\/uploads\\\/2024\\\/01\\\/V24-9020-3.webp\",\"width\":600,\"height\":600},{\"@type\":\"BreadcrumbList\",\"@id\":\"https:\\\/\\\/www.versiegelung24.com\\\/lv\\\/product\\\/v24-schmutzradierer-100x70x30mm\\\/#breadcrumb\",\"itemListElement\":[{\"@type\":\"ListItem\",\"position\":1,\"name\":\"M\u0101jas lapa\",\"item\":\"https:\\\/\\\/www.versiegelung24.com\\\/lv\\\/prieksejais\\\/\"},{\"@type\":\"ListItem\",\"position\":2,\"name\":\"Veikals\",\"item\":\"https:\\\/\\\/www.versiegelung24.com\\\/lv\\\/veikals\\\/\"},{\"@type\":\"ListItem\",\"position\":3,\"name\":\"V24 Net\u012brumu dz\u0113\u0161gumija 100x70x30mm\"}]},{\"@type\":\"WebSite\",\"@id\":\"https:\\\/\\\/www.versiegelung24.com\\\/lv\\\/#website\",\"url\":\"https:\\\/\\\/www.versiegelung24.com\\\/lv\\\/\",\"name\":\"versiegelung24.com\",\"description\":\"Fl\u00fcssigglas-Versiegelung - Made in Germany\",\"publisher\":{\"@id\":\"https:\\\/\\\/www.versiegelung24.com\\\/lv\\\/#organization\"},\"potentialAction\":[{\"@type\":\"SearchAction\",\"target\":{\"@type\":\"EntryPoint\",\"urlTemplate\":\"https:\\\/\\\/www.versiegelung24.com\\\/lv\\\/?s={search_term_string}\"},\"query-input\":{\"@type\":\"PropertyValueSpecification\",\"valueRequired\":true,\"valueName\":\"search_term_string\"}}],\"inLanguage\":\"lv-LV\"},{\"@type\":\"Organization\",\"@id\":\"https:\\\/\\\/www.versiegelung24.com\\\/lv\\\/#organization\",\"name\":\"versiegelung24\",\"url\":\"https:\\\/\\\/www.versiegelung24.com\\\/lv\\\/\",\"logo\":{\"@type\":\"ImageObject\",\"inLanguage\":\"lv-LV\",\"@id\":\"https:\\\/\\\/www.versiegelung24.com\\\/lv\\\/#\\\/schema\\\/logo\\\/image\\\/\",\"url\":\"https:\\\/\\\/www.versiegelung24.com\\\/wp-content\\\/uploads\\\/2020\\\/04\\\/versiegelung24.png\",\"contentUrl\":\"https:\\\/\\\/www.versiegelung24.com\\\/wp-content\\\/uploads\\\/2020\\\/04\\\/versiegelung24.png\",\"width\":470,\"height\":102,\"caption\":\"versiegelung24\"},\"image\":{\"@id\":\"https:\\\/\\\/www.versiegelung24.com\\\/lv\\\/#\\\/schema\\\/logo\\\/image\\\/\"}}]}<\/script>\n<meta property=\"product:price:amount\" content=\"0.99\" \/>\n<meta property=\"product:price:currency\" content=\"EUR\" \/>\n<meta property=\"og:availability\" content=\"instock\" \/>\n<meta property=\"product:availability\" content=\"instock\" \/>\n<meta property=\"product:retailer_item_id\" content=\"V24-9020-1\" \/>\n<meta property=\"product:condition\" content=\"new\" \/>\n<!-- \/ Yoast SEO Premium plugin. -->","yoast_head_json":{"title":"Pirkt net\u012brumu dz\u0113\u0161gumijas l\u0113ti tie\u0161saist\u0113 - Versiegelung24.com","description":"Ieg\u0101d\u0101jieties net\u012brumu dz\u0113\u0161gumiju l\u0113ti tie\u0161saist\u0113 Versiegelung24.com un bez piep\u016bles no\u0146emiet notur\u012bgus net\u012brumus no da\u017e\u0101d\u0101m virsm\u0101m.","robots":{"index":"index","follow":"follow","max-snippet":"max-snippet:-1","max-image-preview":"max-image-preview:large","max-video-preview":"max-video-preview:-1"},"canonical":"https:\/\/www.versiegelung24.com\/lv\/product\/v24-schmutzradierer-100x70x30mm\/","og_locale":"lv_LV","og_type":"article","og_title":"V24 Net\u012brumu dz\u0113\u0161gumija 100x70x30mm","og_description":"Ieg\u0101d\u0101jieties net\u012brumu dz\u0113\u0161gumiju l\u0113ti tie\u0161saist\u0113 Versiegelung24.com un bez piep\u016bles no\u0146emiet notur\u012bgus net\u012brumus no da\u017e\u0101d\u0101m virsm\u0101m.","og_url":"https:\/\/www.versiegelung24.com\/lv\/product\/v24-schmutzradierer-100x70x30mm\/","og_site_name":"versiegelung24.com","article_modified_time":"2025-01-05T14:44:59+00:00","og_image":[{"width":600,"height":600,"url":"https:\/\/www.versiegelung24.com\/wp-content\/uploads\/2024\/01\/V24-9020-3.webp","type":"image\/webp"}],"twitter_card":"summary_large_image","twitter_misc":{"Price":"0,99&euro;","Availability":"In stock"},"schema":{"@context":"https:\/\/schema.org","@graph":[{"@type":"WebPage","@id":"https:\/\/www.versiegelung24.com\/lv\/product\/v24-schmutzradierer-100x70x30mm\/","url":"https:\/\/www.versiegelung24.com\/lv\/product\/v24-schmutzradierer-100x70x30mm\/","name":"Pirkt net\u012brumu dz\u0113\u0161gumijas l\u0113ti tie\u0161saist\u0113 - Versiegelung24.com","isPartOf":{"@id":"https:\/\/www.versiegelung24.com\/lv\/#website"},"primaryImageOfPage":{"@id":"https:\/\/www.versiegelung24.com\/lv\/product\/v24-schmutzradierer-100x70x30mm\/#primaryimage"},"image":{"@id":"https:\/\/www.versiegelung24.com\/lv\/product\/v24-schmutzradierer-100x70x30mm\/#primaryimage"},"thumbnailUrl":"https:\/\/www.versiegelung24.com\/wp-content\/uploads\/2024\/01\/V24-9020-3.webp","datePublished":"2024-01-13T10:22:08+00:00","dateModified":"2025-01-05T14:44:59+00:00","description":"Ieg\u0101d\u0101jieties net\u012brumu dz\u0113\u0161gumiju l\u0113ti tie\u0161saist\u0113 Versiegelung24.com un bez piep\u016bles no\u0146emiet notur\u012bgus net\u012brumus no da\u017e\u0101d\u0101m virsm\u0101m.","breadcrumb":{"@id":"https:\/\/www.versiegelung24.com\/lv\/product\/v24-schmutzradierer-100x70x30mm\/#breadcrumb"},"inLanguage":"lv-LV","potentialAction":[{"@type":"ReadAction","target":["https:\/\/www.versiegelung24.com\/lv\/product\/v24-schmutzradierer-100x70x30mm\/"]}]},{"@type":"ImageObject","inLanguage":"lv-LV","@id":"https:\/\/www.versiegelung24.com\/lv\/product\/v24-schmutzradierer-100x70x30mm\/#primaryimage","url":"https:\/\/www.versiegelung24.com\/wp-content\/uploads\/2024\/01\/V24-9020-3.webp","contentUrl":"https:\/\/www.versiegelung24.com\/wp-content\/uploads\/2024\/01\/V24-9020-3.webp","width":600,"height":600},{"@type":"BreadcrumbList","@id":"https:\/\/www.versiegelung24.com\/lv\/product\/v24-schmutzradierer-100x70x30mm\/#breadcrumb","itemListElement":[{"@type":"ListItem","position":1,"name":"M\u0101jas lapa","item":"https:\/\/www.versiegelung24.com\/lv\/prieksejais\/"},{"@type":"ListItem","position":2,"name":"Veikals","item":"https:\/\/www.versiegelung24.com\/lv\/veikals\/"},{"@type":"ListItem","position":3,"name":"V24 Net\u012brumu dz\u0113\u0161gumija 100x70x30mm"}]},{"@type":"WebSite","@id":"https:\/\/www.versiegelung24.com\/lv\/#website","url":"https:\/\/www.versiegelung24.com\/lv\/","name":"versiegelung24.com","description":"Fl\u00fcssigglas-Versiegelung - Made in Germany","publisher":{"@id":"https:\/\/www.versiegelung24.com\/lv\/#organization"},"potentialAction":[{"@type":"SearchAction","target":{"@type":"EntryPoint","urlTemplate":"https:\/\/www.versiegelung24.com\/lv\/?s={search_term_string}"},"query-input":{"@type":"PropertyValueSpecification","valueRequired":true,"valueName":"search_term_string"}}],"inLanguage":"lv-LV"},{"@type":"Organization","@id":"https:\/\/www.versiegelung24.com\/lv\/#organization","name":"versiegelung24","url":"https:\/\/www.versiegelung24.com\/lv\/","logo":{"@type":"ImageObject","inLanguage":"lv-LV","@id":"https:\/\/www.versiegelung24.com\/lv\/#\/schema\/logo\/image\/","url":"https:\/\/www.versiegelung24.com\/wp-content\/uploads\/2020\/04\/versiegelung24.png","contentUrl":"https:\/\/www.versiegelung24.com\/wp-content\/uploads\/2020\/04\/versiegelung24.png","width":470,"height":102,"caption":"versiegelung24"},"image":{"@id":"https:\/\/www.versiegelung24.com\/lv\/#\/schema\/logo\/image\/"}}]},"product_price_amount":"0.99","product_price_currency":"EUR","og_availability":"instock","product_availability":"instock","product_retailer_item_id":"V24-9020-1","product_condition":"new"},"_links":{"self":[{"href":"https:\/\/www.versiegelung24.com\/lv\/wp-json\/wp\/v2\/product\/145303","targetHints":{"allow":["GET"]}}],"collection":[{"href":"https:\/\/www.versiegelung24.com\/lv\/wp-json\/wp\/v2\/product"}],"about":[{"href":"https:\/\/www.versiegelung24.com\/lv\/wp-json\/wp\/v2\/types\/product"}],"version-history":[{"count":1,"href":"https:\/\/www.versiegelung24.com\/lv\/wp-json\/wp\/v2\/product\/145303\/revisions"}],"predecessor-version":[{"id":145309,"href":"https:\/\/www.versiegelung24.com\/lv\/wp-json\/wp\/v2\/product\/145303\/revisions\/145309"}],"wp:featuredmedia":[{"embeddable":true,"href":"https:\/\/www.versiegelung24.com\/lv\/wp-json\/wp\/v2\/media\/138040"}],"wp:attachment":[{"href":"https:\/\/www.versiegelung24.com\/lv\/wp-json\/wp\/v2\/media?parent=145303"}],"wp:term":[{"taxonomy":"product_brand","embeddable":true,"href":"https:\/\/www.versiegelung24.com\/lv\/wp-json\/wp\/v2\/product_brand?post=145303"},{"taxonomy":"product_cat","embeddable":true,"href":"https:\/\/www.versiegelung24.com\/lv\/wp-json\/wp\/v2\/product_cat?post=145303"},{"taxonomy":"product_tag","embeddable":true,"href":"https:\/\/www.versiegelung24.com\/lv\/wp-json\/wp\/v2\/product_tag?post=145303"}],"curies":[{"name":"wp","href":"https:\/\/api.w.org\/{rel}","templated":true}]}}