{"id":149465,"date":"2022-02-11T08:49:15","date_gmt":"2024-01-29T19:42:11","guid":{"rendered":"https:\/\/www.versiegelung24.com\/product\/mikroskiedras-dranina-40x40-cm-prieksattirisanai-vai-pulesanai-dzeltena-krasa\/"},"modified":"2025-01-05T15:32:37","modified_gmt":"2025-01-05T14:32:37","slug":"mikroskiedras-lupatina-40x40cm-ieprieksejai-tirisanai-vai-pulesanai-dzeltena","status":"publish","type":"product","link":"https:\/\/www.versiegelung24.com\/lv\/mikroskiedras-dranina-40x40-cm-prieksattirisanai-vai-pulesanai-dzeltena-krasa.html","title":{"rendered":"Mikro\u0161\u0137iedras dr\u0101ni\u0146a 40&#215;40 cm priek\u0161att\u012br\u012b\u0161anai vai pul\u0113\u0161anai dzeltena kr\u0101s\u0101"},"content":{"rendered":"\n<p>Mikro\u0161\u0137iedras dr\u0101ni\u0146a priek\u0161att\u012br\u012b\u0161anai vai gal\u012bgajai pul\u0113\u0161anai.<\/p>\n\n<p>Liel\u0101s absorbcijas sp\u0113jas d\u0113\u013c m\u0113s iesak\u0101m izmantot ar\u012b <a href=\"https:\/\/www.versiegelung24.com\/applikationstuch-20x20cm.html\">mikro\u0161\u0137iedras dr\u0101nu m\u016bsu \u0161\u0137idro stikla herm\u0113ti\u0137u uzkl\u0101\u0161anai<\/a>.<\/p>\n\n<p>M\u0113s iesak\u0101m izmantot atsevi\u0161\u0137u mikro\u0161\u0137iedras dr\u0101nu katram m\u016bsu virsmas herm\u0113ti\u0137u un impregn\u0113\u0161anas l\u012bdzek\u013cu uzkl\u0101\u0161anas posmam.<\/p>\n\n<p>Ja p\u0113c t\u012br\u012b\u0161anas uz dr\u0101nas paliek net\u012brumi, virsma v\u0113l nav piln\u012bb\u0101 un optim\u0101li not\u012br\u012bta. Labu bl\u012bv\u0113\u0161anas efektu var pan\u0101kt tikai tad, ja uz virsmas vairs nav net\u012brumu.<\/p>\n\n<hr\/>\n\n<h4 class=\"wp-block-heading\" id=\"properties\">Produkta \u012bpa\u0161\u012bbas<\/h4>\n\n<div class=\"wp-block-columns is-layout-flex wp-container-core-columns-is-layout-9d6595d7 wp-block-columns-is-layout-flex\">\n<div class=\"wp-block-column is-layout-flow wp-block-column-is-layout-flow\">\n<p><br\/>Sast\u0101vs: 80% poliesters, 20% poliam\u012bds Izm\u0113rs: 40x40cm<\/p>\n<\/div>\n\n\n\n<div class=\"wp-block-column is-layout-flow wp-block-column-is-layout-flow\">\n<p>Augsta kvalit\u0101te, sausais svars ir 280 g\/m2.<\/p>\n<\/div>\n<\/div>\n\n<hr\/>\n\n<h4 class=\"wp-block-heading\" id=\"application\">Pieteikums<\/h4>\n\n<p>Var izmantot gan telp\u0101s, gan \u0101r\u0101. Ide\u0101ls izm\u0113rs stikla, keramikas, laivu, automa\u0161\u012bnu un dz\u012bvojamo m\u0101ju t\u012br\u012b\u0161anai.<\/p>\n\n<p>Neputojo\u0161a, nesaskr\u0101p\u0113jo\u0161a un \u0101tri \u017e\u016bsto\u0161a t\u012br\u012b\u0161ana. Net\u012brumi un putek\u013cu da\u013ci\u0146as tiek absorb\u0113tas praktiski bez atlikumiem.<\/p>\n\n<p>Materi\u0101ls ir atk\u0101rtoti lietojams, t\u0101p\u0113c ir videi \u013coti draudz\u012bgs. Viegli mazg\u0101jams ve\u013cas mazg\u0101jamaj\u0101 ma\u0161\u012bn\u0101 bez mazg\u0101\u0161anas l\u012bdzek\u013ca.<\/p>\n","protected":false},"excerpt":{"rendered":"<p><strong>Mikro\u0161\u0137iedras dr\u0101ni\u0146a priek\u0161att\u012br\u012b\u0161anai vai gal\u012bgajai pul\u0113\u0161anai:<\/strong><\/p>\n<p>\u2713 Atk\u0101rtoti lietojams<\/p>\n<p>\u2713 Videi draudz\u012bgs<\/p>\n<p>\u2713 \u013boti absorb\u0113jo\u0161s<\/p>\n<p>\u2713 \u0100tri \u017e\u0101v\u0113jo\u0161s<\/p>\n<p>\u2713 Bez \u0161\u0137iedras<\/p>\n<p>\u2713 Bez skr\u0101p\u0113jumiem<\/p>\n<p>\u2713 80% poliesters \/ 20% poliam\u012bds<\/p>\n<p>\u2713 Sausais svars 280 g\/m2<\/p>\n","protected":false},"featured_media":64791,"template":"","meta":{"_acf_changed":false,"neve_meta_sidebar":"","neve_meta_container":"","neve_meta_enable_content_width":"","neve_meta_content_width":0,"neve_meta_title_alignment":"","neve_meta_author_avatar":"","neve_post_elements_order":"","neve_meta_disable_header":"","neve_meta_disable_footer":"","neve_meta_disable_title":"","neve_meta_reading_time":"","_surfaces":[],"_ver_product_tabs":[],"footnotes":""},"product_brand":[],"product_cat":[3079,2196,2352,2355,2310,2740,2306,2318,2475,2353],"product_tag":[],"class_list":{"0":"post-149465","1":"product","2":"type-product","3":"status-publish","4":"has-post-thumbnail","6":"product_cat-iekartas","7":"product_cat-automasinas-blivejums","8":"product_cat-dezinfekcijas-lidzekli","9":"product_cat-dezinfekcijas-koncentrati","10":"product_cat-metala-un-plastmasas-blivejums","11":"product_cat-roku-dezinfekcijas-lidzeklis","12":"product_cat-stikla-un-keramikas-blivejums","13":"product_cat-tirisanas-piederumi","14":"product_cat-universals-blivejums","15":"product_cat-virsmas-dezinfekcijas-lidzekli","16":"pa_farbe-balts","17":"pa_farbe-zils","19":"first","20":"instock","21":"taxable","22":"shipping-taxable","23":"purchasable","24":"product-type-simple"},"acf":[],"yoast_head":"<!-- This site is optimized with the Yoast SEO Premium plugin v22.8 (Yoast SEO v27.3) - https:\/\/yoast.com\/product\/yoast-seo-premium-wordpress\/ -->\n<title>Mikro\u0161\u0137iedras dr\u0101ni\u0146a 40x40 cm priek\u0161att\u012br\u012b\u0161anai vai pul\u0113\u0161anai dzeltena kr\u0101s\u0101 - versiegelung24.com<\/title>\n<meta name=\"description\" content=\"Mikro\u0161\u0137iedras audums &quot; \u013boti labi uzs\u016bco\u0161s &quot; \u0100tri \u017e\u016bsto\u0161s &quot; Nesv\u012bst &quot; Nesaskr\u0101p\u0113 &quot; 80 % poliestera \/ 20 % poliam\u012bda &quot; Sausais svars 280 g\/mqm\" \/>\n<meta name=\"robots\" content=\"index, follow, max-snippet:-1, max-image-preview:large, max-video-preview:-1\" \/>\n<link rel=\"canonical\" href=\"https:\/\/www.versiegelung24.com\/lv\/mikroskiedras-dranina-40x40-cm-prieksattirisanai-vai-pulesanai-dzeltena-krasa.html\" \/>\n<meta property=\"og:locale\" content=\"lv_LV\" \/>\n<meta property=\"og:type\" content=\"article\" \/>\n<meta property=\"og:title\" content=\"Mikro\u0161\u0137iedras dr\u0101ni\u0146a 40x40 cm priek\u0161att\u012br\u012b\u0161anai vai pul\u0113\u0161anai dzeltena kr\u0101s\u0101\" \/>\n<meta property=\"og:description\" content=\"Mikro\u0161\u0137iedras audums &quot; \u013boti labi uzs\u016bco\u0161s &quot; \u0100tri \u017e\u016bsto\u0161s &quot; Nesv\u012bst &quot; Nesaskr\u0101p\u0113 &quot; 80 % poliestera \/ 20 % poliam\u012bda &quot; Sausais svars 280 g\/mqm\" \/>\n<meta property=\"og:url\" content=\"https:\/\/www.versiegelung24.com\/lv\/mikroskiedras-dranina-40x40-cm-prieksattirisanai-vai-pulesanai-dzeltena-krasa.html\" \/>\n<meta property=\"og:site_name\" content=\"versiegelung24.com\" \/>\n<meta property=\"article:modified_time\" content=\"2025-01-05T14:32:37+00:00\" \/>\n<meta property=\"og:image\" content=\"https:\/\/www.versiegelung24.com\/wp-content\/uploads\/2022\/02\/V24-9004-1-Mikrofaser-gelb-40x40cm-Custom.jpg\" \/>\n\t<meta property=\"og:image:width\" content=\"1024\" \/>\n\t<meta property=\"og:image:height\" content=\"1024\" \/>\n\t<meta property=\"og:image:type\" content=\"image\/jpeg\" \/>\n<meta name=\"twitter:card\" content=\"summary_large_image\" \/>\n<meta name=\"twitter:label1\" content=\"Price\" \/>\n\t<meta name=\"twitter:data1\" content=\"1,25&euro;\" \/>\n\t<meta name=\"twitter:label2\" content=\"Availability\" \/>\n\t<meta name=\"twitter:data2\" content=\"In stock\" \/>\n<script type=\"application\/ld+json\" class=\"yoast-schema-graph\">{\"@context\":\"https:\\\/\\\/schema.org\",\"@graph\":[{\"@type\":\"WebPage\",\"@id\":\"https:\\\/\\\/www.versiegelung24.com\\\/lv\\\/mikroskiedras-dranina-40x40-cm-prieksattirisanai-vai-pulesanai-dzeltena-krasa.html\",\"url\":\"https:\\\/\\\/www.versiegelung24.com\\\/lv\\\/mikroskiedras-dranina-40x40-cm-prieksattirisanai-vai-pulesanai-dzeltena-krasa.html\",\"name\":\"Mikro\u0161\u0137iedras dr\u0101ni\u0146a 40x40 cm priek\u0161att\u012br\u012b\u0161anai vai pul\u0113\u0161anai dzeltena kr\u0101s\u0101 - versiegelung24.com\",\"isPartOf\":{\"@id\":\"https:\\\/\\\/www.versiegelung24.com\\\/lv\\\/#website\"},\"primaryImageOfPage\":{\"@id\":\"https:\\\/\\\/www.versiegelung24.com\\\/lv\\\/mikroskiedras-dranina-40x40-cm-prieksattirisanai-vai-pulesanai-dzeltena-krasa.html#primaryimage\"},\"image\":{\"@id\":\"https:\\\/\\\/www.versiegelung24.com\\\/lv\\\/mikroskiedras-dranina-40x40-cm-prieksattirisanai-vai-pulesanai-dzeltena-krasa.html#primaryimage\"},\"thumbnailUrl\":\"https:\\\/\\\/www.versiegelung24.com\\\/wp-content\\\/uploads\\\/2022\\\/02\\\/V24-9004-1-Mikrofaser-gelb-40x40cm-Custom.jpg\",\"datePublished\":\"2024-01-29T19:42:11+00:00\",\"dateModified\":\"2025-01-05T14:32:37+00:00\",\"description\":\"Mikro\u0161\u0137iedras audums \\\" \u013boti labi uzs\u016bco\u0161s \\\" \u0100tri \u017e\u016bsto\u0161s \\\" Nesv\u012bst \\\" Nesaskr\u0101p\u0113 \\\" 80 % poliestera \\\/ 20 % poliam\u012bda \\\" Sausais svars 280 g\\\/mqm\",\"breadcrumb\":{\"@id\":\"https:\\\/\\\/www.versiegelung24.com\\\/lv\\\/mikroskiedras-dranina-40x40-cm-prieksattirisanai-vai-pulesanai-dzeltena-krasa.html#breadcrumb\"},\"inLanguage\":\"lv-LV\",\"potentialAction\":[{\"@type\":\"ReadAction\",\"target\":[\"https:\\\/\\\/www.versiegelung24.com\\\/lv\\\/mikroskiedras-dranina-40x40-cm-prieksattirisanai-vai-pulesanai-dzeltena-krasa.html\"]}]},{\"@type\":\"ImageObject\",\"inLanguage\":\"lv-LV\",\"@id\":\"https:\\\/\\\/www.versiegelung24.com\\\/lv\\\/mikroskiedras-dranina-40x40-cm-prieksattirisanai-vai-pulesanai-dzeltena-krasa.html#primaryimage\",\"url\":\"https:\\\/\\\/www.versiegelung24.com\\\/wp-content\\\/uploads\\\/2022\\\/02\\\/V24-9004-1-Mikrofaser-gelb-40x40cm-Custom.jpg\",\"contentUrl\":\"https:\\\/\\\/www.versiegelung24.com\\\/wp-content\\\/uploads\\\/2022\\\/02\\\/V24-9004-1-Mikrofaser-gelb-40x40cm-Custom.jpg\",\"width\":1024,\"height\":1024},{\"@type\":\"BreadcrumbList\",\"@id\":\"https:\\\/\\\/www.versiegelung24.com\\\/lv\\\/mikroskiedras-dranina-40x40-cm-prieksattirisanai-vai-pulesanai-dzeltena-krasa.html#breadcrumb\",\"itemListElement\":[{\"@type\":\"ListItem\",\"position\":1,\"name\":\"M\u0101jas lapa\",\"item\":\"https:\\\/\\\/www.versiegelung24.com\\\/lv\\\/prieksejais\\\/\"},{\"@type\":\"ListItem\",\"position\":2,\"name\":\"Veikals\",\"item\":\"https:\\\/\\\/www.versiegelung24.com\\\/lv\\\/veikals\\\/\"},{\"@type\":\"ListItem\",\"position\":3,\"name\":\"Mikro\u0161\u0137iedras dr\u0101ni\u0146a 40&#215;40 cm priek\u0161att\u012br\u012b\u0161anai vai pul\u0113\u0161anai dzeltena kr\u0101s\u0101\"}]},{\"@type\":\"WebSite\",\"@id\":\"https:\\\/\\\/www.versiegelung24.com\\\/lv\\\/#website\",\"url\":\"https:\\\/\\\/www.versiegelung24.com\\\/lv\\\/\",\"name\":\"versiegelung24.com\",\"description\":\"Fl\u00fcssigglas-Versiegelung - Made in Germany\",\"publisher\":{\"@id\":\"https:\\\/\\\/www.versiegelung24.com\\\/lv\\\/#organization\"},\"potentialAction\":[{\"@type\":\"SearchAction\",\"target\":{\"@type\":\"EntryPoint\",\"urlTemplate\":\"https:\\\/\\\/www.versiegelung24.com\\\/lv\\\/?s={search_term_string}\"},\"query-input\":{\"@type\":\"PropertyValueSpecification\",\"valueRequired\":true,\"valueName\":\"search_term_string\"}}],\"inLanguage\":\"lv-LV\"},{\"@type\":\"Organization\",\"@id\":\"https:\\\/\\\/www.versiegelung24.com\\\/lv\\\/#organization\",\"name\":\"versiegelung24\",\"url\":\"https:\\\/\\\/www.versiegelung24.com\\\/lv\\\/\",\"logo\":{\"@type\":\"ImageObject\",\"inLanguage\":\"lv-LV\",\"@id\":\"https:\\\/\\\/www.versiegelung24.com\\\/lv\\\/#\\\/schema\\\/logo\\\/image\\\/\",\"url\":\"https:\\\/\\\/www.versiegelung24.com\\\/wp-content\\\/uploads\\\/2020\\\/04\\\/versiegelung24.png\",\"contentUrl\":\"https:\\\/\\\/www.versiegelung24.com\\\/wp-content\\\/uploads\\\/2020\\\/04\\\/versiegelung24.png\",\"width\":470,\"height\":102,\"caption\":\"versiegelung24\"},\"image\":{\"@id\":\"https:\\\/\\\/www.versiegelung24.com\\\/lv\\\/#\\\/schema\\\/logo\\\/image\\\/\"}}]}<\/script>\n<meta property=\"product:price:amount\" content=\"1.25\" \/>\n<meta property=\"product:price:currency\" content=\"EUR\" \/>\n<meta property=\"og:availability\" content=\"instock\" \/>\n<meta property=\"product:availability\" content=\"instock\" \/>\n<meta property=\"product:retailer_item_id\" content=\"V24-9004\" \/>\n<meta property=\"product:condition\" content=\"new\" \/>\n<!-- \/ Yoast SEO Premium plugin. -->","yoast_head_json":{"title":"Mikro\u0161\u0137iedras dr\u0101ni\u0146a 40x40 cm priek\u0161att\u012br\u012b\u0161anai vai pul\u0113\u0161anai dzeltena kr\u0101s\u0101 - versiegelung24.com","description":"Mikro\u0161\u0137iedras audums \" \u013boti labi uzs\u016bco\u0161s \" \u0100tri \u017e\u016bsto\u0161s \" Nesv\u012bst \" Nesaskr\u0101p\u0113 \" 80 % poliestera \/ 20 % poliam\u012bda \" Sausais svars 280 g\/mqm","robots":{"index":"index","follow":"follow","max-snippet":"max-snippet:-1","max-image-preview":"max-image-preview:large","max-video-preview":"max-video-preview:-1"},"canonical":"https:\/\/www.versiegelung24.com\/lv\/mikroskiedras-dranina-40x40-cm-prieksattirisanai-vai-pulesanai-dzeltena-krasa.html","og_locale":"lv_LV","og_type":"article","og_title":"Mikro\u0161\u0137iedras dr\u0101ni\u0146a 40x40 cm priek\u0161att\u012br\u012b\u0161anai vai pul\u0113\u0161anai dzeltena kr\u0101s\u0101","og_description":"Mikro\u0161\u0137iedras audums \" \u013boti labi uzs\u016bco\u0161s \" \u0100tri \u017e\u016bsto\u0161s \" Nesv\u012bst \" Nesaskr\u0101p\u0113 \" 80 % poliestera \/ 20 % poliam\u012bda \" Sausais svars 280 g\/mqm","og_url":"https:\/\/www.versiegelung24.com\/lv\/mikroskiedras-dranina-40x40-cm-prieksattirisanai-vai-pulesanai-dzeltena-krasa.html","og_site_name":"versiegelung24.com","article_modified_time":"2025-01-05T14:32:37+00:00","og_image":[{"width":1024,"height":1024,"url":"https:\/\/www.versiegelung24.com\/wp-content\/uploads\/2022\/02\/V24-9004-1-Mikrofaser-gelb-40x40cm-Custom.jpg","type":"image\/jpeg"}],"twitter_card":"summary_large_image","twitter_misc":{"Price":"1,25&euro;","Availability":"In stock"},"schema":{"@context":"https:\/\/schema.org","@graph":[{"@type":"WebPage","@id":"https:\/\/www.versiegelung24.com\/lv\/mikroskiedras-dranina-40x40-cm-prieksattirisanai-vai-pulesanai-dzeltena-krasa.html","url":"https:\/\/www.versiegelung24.com\/lv\/mikroskiedras-dranina-40x40-cm-prieksattirisanai-vai-pulesanai-dzeltena-krasa.html","name":"Mikro\u0161\u0137iedras dr\u0101ni\u0146a 40x40 cm priek\u0161att\u012br\u012b\u0161anai vai pul\u0113\u0161anai dzeltena kr\u0101s\u0101 - versiegelung24.com","isPartOf":{"@id":"https:\/\/www.versiegelung24.com\/lv\/#website"},"primaryImageOfPage":{"@id":"https:\/\/www.versiegelung24.com\/lv\/mikroskiedras-dranina-40x40-cm-prieksattirisanai-vai-pulesanai-dzeltena-krasa.html#primaryimage"},"image":{"@id":"https:\/\/www.versiegelung24.com\/lv\/mikroskiedras-dranina-40x40-cm-prieksattirisanai-vai-pulesanai-dzeltena-krasa.html#primaryimage"},"thumbnailUrl":"https:\/\/www.versiegelung24.com\/wp-content\/uploads\/2022\/02\/V24-9004-1-Mikrofaser-gelb-40x40cm-Custom.jpg","datePublished":"2024-01-29T19:42:11+00:00","dateModified":"2025-01-05T14:32:37+00:00","description":"Mikro\u0161\u0137iedras audums \" \u013boti labi uzs\u016bco\u0161s \" \u0100tri \u017e\u016bsto\u0161s \" Nesv\u012bst \" Nesaskr\u0101p\u0113 \" 80 % poliestera \/ 20 % poliam\u012bda \" Sausais svars 280 g\/mqm","breadcrumb":{"@id":"https:\/\/www.versiegelung24.com\/lv\/mikroskiedras-dranina-40x40-cm-prieksattirisanai-vai-pulesanai-dzeltena-krasa.html#breadcrumb"},"inLanguage":"lv-LV","potentialAction":[{"@type":"ReadAction","target":["https:\/\/www.versiegelung24.com\/lv\/mikroskiedras-dranina-40x40-cm-prieksattirisanai-vai-pulesanai-dzeltena-krasa.html"]}]},{"@type":"ImageObject","inLanguage":"lv-LV","@id":"https:\/\/www.versiegelung24.com\/lv\/mikroskiedras-dranina-40x40-cm-prieksattirisanai-vai-pulesanai-dzeltena-krasa.html#primaryimage","url":"https:\/\/www.versiegelung24.com\/wp-content\/uploads\/2022\/02\/V24-9004-1-Mikrofaser-gelb-40x40cm-Custom.jpg","contentUrl":"https:\/\/www.versiegelung24.com\/wp-content\/uploads\/2022\/02\/V24-9004-1-Mikrofaser-gelb-40x40cm-Custom.jpg","width":1024,"height":1024},{"@type":"BreadcrumbList","@id":"https:\/\/www.versiegelung24.com\/lv\/mikroskiedras-dranina-40x40-cm-prieksattirisanai-vai-pulesanai-dzeltena-krasa.html#breadcrumb","itemListElement":[{"@type":"ListItem","position":1,"name":"M\u0101jas lapa","item":"https:\/\/www.versiegelung24.com\/lv\/prieksejais\/"},{"@type":"ListItem","position":2,"name":"Veikals","item":"https:\/\/www.versiegelung24.com\/lv\/veikals\/"},{"@type":"ListItem","position":3,"name":"Mikro\u0161\u0137iedras dr\u0101ni\u0146a 40&#215;40 cm priek\u0161att\u012br\u012b\u0161anai vai pul\u0113\u0161anai dzeltena kr\u0101s\u0101"}]},{"@type":"WebSite","@id":"https:\/\/www.versiegelung24.com\/lv\/#website","url":"https:\/\/www.versiegelung24.com\/lv\/","name":"versiegelung24.com","description":"Fl\u00fcssigglas-Versiegelung - Made in Germany","publisher":{"@id":"https:\/\/www.versiegelung24.com\/lv\/#organization"},"potentialAction":[{"@type":"SearchAction","target":{"@type":"EntryPoint","urlTemplate":"https:\/\/www.versiegelung24.com\/lv\/?s={search_term_string}"},"query-input":{"@type":"PropertyValueSpecification","valueRequired":true,"valueName":"search_term_string"}}],"inLanguage":"lv-LV"},{"@type":"Organization","@id":"https:\/\/www.versiegelung24.com\/lv\/#organization","name":"versiegelung24","url":"https:\/\/www.versiegelung24.com\/lv\/","logo":{"@type":"ImageObject","inLanguage":"lv-LV","@id":"https:\/\/www.versiegelung24.com\/lv\/#\/schema\/logo\/image\/","url":"https:\/\/www.versiegelung24.com\/wp-content\/uploads\/2020\/04\/versiegelung24.png","contentUrl":"https:\/\/www.versiegelung24.com\/wp-content\/uploads\/2020\/04\/versiegelung24.png","width":470,"height":102,"caption":"versiegelung24"},"image":{"@id":"https:\/\/www.versiegelung24.com\/lv\/#\/schema\/logo\/image\/"}}]},"product_price_amount":"1.25","product_price_currency":"EUR","og_availability":"instock","product_availability":"instock","product_retailer_item_id":"V24-9004","product_condition":"new"},"_links":{"self":[{"href":"https:\/\/www.versiegelung24.com\/lv\/wp-json\/wp\/v2\/product\/149465","targetHints":{"allow":["GET"]}}],"collection":[{"href":"https:\/\/www.versiegelung24.com\/lv\/wp-json\/wp\/v2\/product"}],"about":[{"href":"https:\/\/www.versiegelung24.com\/lv\/wp-json\/wp\/v2\/types\/product"}],"version-history":[{"count":5,"href":"https:\/\/www.versiegelung24.com\/lv\/wp-json\/wp\/v2\/product\/149465\/revisions"}],"predecessor-version":[{"id":178227,"href":"https:\/\/www.versiegelung24.com\/lv\/wp-json\/wp\/v2\/product\/149465\/revisions\/178227"}],"wp:featuredmedia":[{"embeddable":true,"href":"https:\/\/www.versiegelung24.com\/lv\/wp-json\/wp\/v2\/media\/64791"}],"wp:attachment":[{"href":"https:\/\/www.versiegelung24.com\/lv\/wp-json\/wp\/v2\/media?parent=149465"}],"wp:term":[{"taxonomy":"product_brand","embeddable":true,"href":"https:\/\/www.versiegelung24.com\/lv\/wp-json\/wp\/v2\/product_brand?post=149465"},{"taxonomy":"product_cat","embeddable":true,"href":"https:\/\/www.versiegelung24.com\/lv\/wp-json\/wp\/v2\/product_cat?post=149465"},{"taxonomy":"product_tag","embeddable":true,"href":"https:\/\/www.versiegelung24.com\/lv\/wp-json\/wp\/v2\/product_tag?post=149465"}],"curies":[{"name":"wp","href":"https:\/\/api.w.org\/{rel}","templated":true}]}}