{"id":160935,"date":"2024-05-06T17:28:31","date_gmt":"2024-05-06T15:28:33","guid":{"rendered":"https:\/\/www.versiegelung24.com\/?post_type=product&#038;p=160935"},"modified":"2025-01-13T17:08:36","modified_gmt":"2025-01-13T16:08:36","slug":"arbeitshandschuhe-nylon-schwarz-groesse-9","status":"publish","type":"product","link":"https:\/\/www.versiegelung24.com\/lv\/arbeitshandschuhe-nylon-schwarz-groesse-9.html","title":{"rendered":"Darba cimdi neilona melni 9 izm\u0113rs"},"content":{"rendered":"\n<h4 class=\"wp-block-heading\" id=\"h-beschreibung\">Apraksts<\/h4>\n\n<p>Univers\u0101li lietojami neilona cimdi ar \u012bpa\u0161u sl\u012bd\u0113\u0161anas un nodilumiztur\u012bbu. Neilona cimdi ir bez\u0161uvju ad\u012bjumi bez kairino\u0161\u0101m \u0161uv\u0113m, t\u0101d\u0113j\u0101di nov\u0113r\u0161ot \u0101das kairin\u0101jumu. Pateicoties ide\u0101lam piegriezumam, t\u0101s nodro\u0161ina \u012bpa\u0161i augstu komforta l\u012bmeni. Cimdi ir mazg\u0101jami un atk\u0101rtoti lietojami, un tie ir \u012bpa\u0161i piem\u0113roti autob\u016bves nozarei, d\u0101rzkop\u012bbai, d\u0101rza darbiem, DIY u.c. darbiem.<\/p>\n\n<hr \/>\n\n<h4 class=\"wp-block-heading\" id=\"properties\">Produkta \u012bpa\u0161\u012bbas<\/h4>\n\n<div class=\"wp-block-columns is-layout-flex wp-container-core-columns-is-layout-9d6595d7 wp-block-columns-is-layout-flex\">\n<div class=\"wp-block-column is-layout-flow wp-block-column-is-layout-flow\">\n<p>\u2713 Pirm\u0161\u0137ir\u012bgs, pl\u0101ns poliuret\u0101na p\u0101rkl\u0101jums uz plaukstas un pirkstiem<\/p>\n\n\n\n<p>\u2713 Bez\u0161uvju ad\u012bjums bez kairino\u0161\u0101m \u0161uv\u0113m, lai nov\u0113rstu \u0101das kairin\u0101jumu<\/p>\n\n\n\n<p>\u2713 \u012apa\u0161i \u0113rts, pateicoties ide\u0101lajam piegulumam<\/p>\n\n\n\n<p>\u2713 Izgatavots saska\u0146\u0101 ar EN 388<\/p>\n\n\n\n<p>\u2713 Ide\u0101li piem\u0113rots gandr\u012bz visiem mont\u0101\u017eas darbiem prec\u012bz\u0101s meh\u0101nikas jom\u0101 un visur, kur nepiecie\u0161ama precizit\u0101te.<\/p>\n\n\n\n<p>\u2713 Nav roku noguruma, ko rada cimdu valk\u0101\u0161ana<\/p>\n\n\n\n<p>\u2713 Rokas aizmugure ir bez p\u0101rkl\u0101juma un \u013coti labi elpojo\u0161a<\/p>\n\n\n\n<p>\u2713 Mazg\u0101jams<\/p>\n\n\n\n<p>\u2713 Izm\u0113rs: 9<\/p>\n<\/div>\n<\/div>\n","protected":false},"excerpt":{"rendered":"<div class=\"product_text_extra\">\n<p>\u2713 \u012apa\u0161i iztur\u012bgs pret sl\u012bd\u0113\u0161anu un nodilumu<\/p>\n<p>\u2713 Rokas aizmugure ir bez p\u0101rkl\u0101juma un \u013coti elpojo\u0161a<\/p>\n<p>\u2713 \u012apa\u0161i \u0113rts, pateicoties ide\u0101lajam piegulumam<\/p>\n<p>\u2713 Mazg\u0101jams un atk\u0101rtoti lietojams<\/p>\n<p>\u2713 Izgatavots saska\u0146\u0101 ar EN388<\/p>\n<\/div>\n","protected":false},"featured_media":161005,"template":"","meta":{"_acf_changed":false,"neve_meta_sidebar":"","neve_meta_container":"","neve_meta_enable_content_width":"","neve_meta_content_width":0,"neve_meta_title_alignment":"","neve_meta_author_avatar":"","neve_post_elements_order":"","neve_meta_disable_header":"","neve_meta_disable_footer":"","neve_meta_disable_title":"","neve_meta_reading_time":"","_surfaces":[],"_ver_product_tabs":[],"footnotes":""},"product_brand":[],"product_cat":[3079],"product_tag":[],"class_list":{"0":"post-160935","1":"product","2":"type-product","3":"status-publish","4":"has-post-thumbnail","6":"product_cat-iekartas","8":"first","9":"instock","10":"taxable","11":"shipping-taxable","12":"purchasable","13":"product-type-simple"},"acf":[],"yoast_head":"<!-- This site is optimized with the Yoast SEO Premium plugin v22.8 (Yoast SEO v27.6) - https:\/\/yoast.com\/product\/yoast-seo-premium-wordpress\/ -->\n<title>Darba cimdi neilona melni 9 izm\u0113rs - versiegelung24.com<\/title>\n<meta name=\"robots\" content=\"index, follow, max-snippet:-1, max-image-preview:large, max-video-preview:-1\" \/>\n<link rel=\"canonical\" href=\"https:\/\/www.versiegelung24.com\/lv\/arbeitshandschuhe-nylon-schwarz-groesse-9.html\" \/>\n<meta property=\"og:locale\" content=\"lv_LV\" \/>\n<meta property=\"og:type\" content=\"article\" \/>\n<meta property=\"og:title\" content=\"Darba cimdi neilona melni 9 izm\u0113rs\" \/>\n<meta property=\"og:description\" content=\"\u2713 \u012apa\u0161i iztur\u012bgs pret sl\u012bd\u0113\u0161anu un nodilumu \u2713 Rokas aizmugure ir bez p\u0101rkl\u0101juma un \u013coti elpojo\u0161a \u2713 \u012apa\u0161i \u0113rts, pateicoties ide\u0101lajam piegulumam \u2713 Mazg\u0101jams un atk\u0101rtoti lietojams \u2713 Izgatavots saska\u0146\u0101 ar EN388\" \/>\n<meta property=\"og:url\" content=\"https:\/\/www.versiegelung24.com\/lv\/arbeitshandschuhe-nylon-schwarz-groesse-9.html\" \/>\n<meta property=\"og:site_name\" content=\"versiegelung24.com\" \/>\n<meta property=\"article:modified_time\" content=\"2025-01-13T16:08:36+00:00\" \/>\n<meta name=\"twitter:card\" content=\"summary_large_image\" \/>\n<meta name=\"twitter:label1\" content=\"Price\" \/>\n\t<meta name=\"twitter:data1\" content=\"2,49&euro;\" \/>\n\t<meta name=\"twitter:label2\" content=\"Availability\" \/>\n\t<meta name=\"twitter:data2\" content=\"In stock\" \/>\n<script type=\"application\/ld+json\" class=\"yoast-schema-graph\">{\"@context\":\"https:\\\/\\\/schema.org\",\"@graph\":[{\"@type\":\"WebPage\",\"@id\":\"https:\\\/\\\/www.versiegelung24.com\\\/lv\\\/arbeitshandschuhe-nylon-schwarz-groesse-9.html\",\"url\":\"https:\\\/\\\/www.versiegelung24.com\\\/lv\\\/arbeitshandschuhe-nylon-schwarz-groesse-9.html\",\"name\":\"Darba cimdi neilona melni 9 izm\u0113rs - versiegelung24.com\",\"isPartOf\":{\"@id\":\"https:\\\/\\\/www.versiegelung24.com\\\/lv\\\/#website\"},\"primaryImageOfPage\":{\"@id\":\"https:\\\/\\\/www.versiegelung24.com\\\/lv\\\/arbeitshandschuhe-nylon-schwarz-groesse-9.html#primaryimage\"},\"image\":{\"@id\":\"https:\\\/\\\/www.versiegelung24.com\\\/lv\\\/arbeitshandschuhe-nylon-schwarz-groesse-9.html#primaryimage\"},\"thumbnailUrl\":\"https:\\\/\\\/www.versiegelung24.com\\\/wp-content\\\/uploads\\\/2024\\\/05\\\/nitril-oben.webp\",\"datePublished\":\"2024-05-06T15:28:33+00:00\",\"dateModified\":\"2025-01-13T16:08:36+00:00\",\"breadcrumb\":{\"@id\":\"https:\\\/\\\/www.versiegelung24.com\\\/lv\\\/arbeitshandschuhe-nylon-schwarz-groesse-9.html#breadcrumb\"},\"inLanguage\":\"lv-LV\",\"potentialAction\":[{\"@type\":\"ReadAction\",\"target\":[\"https:\\\/\\\/www.versiegelung24.com\\\/lv\\\/arbeitshandschuhe-nylon-schwarz-groesse-9.html\"]}]},{\"@type\":\"ImageObject\",\"inLanguage\":\"lv-LV\",\"@id\":\"https:\\\/\\\/www.versiegelung24.com\\\/lv\\\/arbeitshandschuhe-nylon-schwarz-groesse-9.html#primaryimage\",\"url\":\"https:\\\/\\\/www.versiegelung24.com\\\/wp-content\\\/uploads\\\/2024\\\/05\\\/nitril-oben.webp\",\"contentUrl\":\"https:\\\/\\\/www.versiegelung24.com\\\/wp-content\\\/uploads\\\/2024\\\/05\\\/nitril-oben.webp\",\"width\":2000,\"height\":2000},{\"@type\":\"BreadcrumbList\",\"@id\":\"https:\\\/\\\/www.versiegelung24.com\\\/lv\\\/arbeitshandschuhe-nylon-schwarz-groesse-9.html#breadcrumb\",\"itemListElement\":[{\"@type\":\"ListItem\",\"position\":1,\"name\":\"M\u0101jas lapa\",\"item\":\"https:\\\/\\\/www.versiegelung24.com\\\/lv\\\/prieksejais\\\/\"},{\"@type\":\"ListItem\",\"position\":2,\"name\":\"Veikals\",\"item\":\"https:\\\/\\\/www.versiegelung24.com\\\/lv\\\/veikals\\\/\"},{\"@type\":\"ListItem\",\"position\":3,\"name\":\"Darba cimdi neilona melni 9 izm\u0113rs\"}]},{\"@type\":\"WebSite\",\"@id\":\"https:\\\/\\\/www.versiegelung24.com\\\/lv\\\/#website\",\"url\":\"https:\\\/\\\/www.versiegelung24.com\\\/lv\\\/\",\"name\":\"versiegelung24.com\",\"description\":\"Fl\u00fcssigglas-Versiegelung - Made in Germany\",\"publisher\":{\"@id\":\"https:\\\/\\\/www.versiegelung24.com\\\/lv\\\/#organization\"},\"potentialAction\":[{\"@type\":\"SearchAction\",\"target\":{\"@type\":\"EntryPoint\",\"urlTemplate\":\"https:\\\/\\\/www.versiegelung24.com\\\/lv\\\/?s={search_term_string}\"},\"query-input\":{\"@type\":\"PropertyValueSpecification\",\"valueRequired\":true,\"valueName\":\"search_term_string\"}}],\"inLanguage\":\"lv-LV\"},{\"@type\":\"Organization\",\"@id\":\"https:\\\/\\\/www.versiegelung24.com\\\/lv\\\/#organization\",\"name\":\"versiegelung24\",\"url\":\"https:\\\/\\\/www.versiegelung24.com\\\/lv\\\/\",\"logo\":{\"@type\":\"ImageObject\",\"inLanguage\":\"lv-LV\",\"@id\":\"https:\\\/\\\/www.versiegelung24.com\\\/lv\\\/#\\\/schema\\\/logo\\\/image\\\/\",\"url\":\"https:\\\/\\\/www.versiegelung24.com\\\/wp-content\\\/uploads\\\/2020\\\/04\\\/versiegelung24.png\",\"contentUrl\":\"https:\\\/\\\/www.versiegelung24.com\\\/wp-content\\\/uploads\\\/2020\\\/04\\\/versiegelung24.png\",\"width\":470,\"height\":102,\"caption\":\"versiegelung24\"},\"image\":{\"@id\":\"https:\\\/\\\/www.versiegelung24.com\\\/lv\\\/#\\\/schema\\\/logo\\\/image\\\/\"}}]}<\/script>\n<meta property=\"product:price:amount\" content=\"2.49\" \/>\n<meta property=\"product:price:currency\" content=\"EUR\" \/>\n<meta property=\"og:availability\" content=\"instock\" \/>\n<meta property=\"product:availability\" content=\"instock\" \/>\n<meta property=\"product:retailer_item_id\" content=\"V24-SB340-9\" \/>\n<meta property=\"product:condition\" content=\"new\" \/>\n<!-- \/ Yoast SEO Premium plugin. -->","yoast_head_json":{"title":"Darba cimdi neilona melni 9 izm\u0113rs - versiegelung24.com","robots":{"index":"index","follow":"follow","max-snippet":"max-snippet:-1","max-image-preview":"max-image-preview:large","max-video-preview":"max-video-preview:-1"},"canonical":"https:\/\/www.versiegelung24.com\/lv\/arbeitshandschuhe-nylon-schwarz-groesse-9.html","og_locale":"lv_LV","og_type":"article","og_title":"Darba cimdi neilona melni 9 izm\u0113rs","og_description":"\u2713 \u012apa\u0161i iztur\u012bgs pret sl\u012bd\u0113\u0161anu un nodilumu \u2713 Rokas aizmugure ir bez p\u0101rkl\u0101juma un \u013coti elpojo\u0161a \u2713 \u012apa\u0161i \u0113rts, pateicoties ide\u0101lajam piegulumam \u2713 Mazg\u0101jams un atk\u0101rtoti lietojams \u2713 Izgatavots saska\u0146\u0101 ar EN388","og_url":"https:\/\/www.versiegelung24.com\/lv\/arbeitshandschuhe-nylon-schwarz-groesse-9.html","og_site_name":"versiegelung24.com","article_modified_time":"2025-01-13T16:08:36+00:00","twitter_card":"summary_large_image","twitter_misc":{"Price":"2,49&euro;","Availability":"In stock"},"schema":{"@context":"https:\/\/schema.org","@graph":[{"@type":"WebPage","@id":"https:\/\/www.versiegelung24.com\/lv\/arbeitshandschuhe-nylon-schwarz-groesse-9.html","url":"https:\/\/www.versiegelung24.com\/lv\/arbeitshandschuhe-nylon-schwarz-groesse-9.html","name":"Darba cimdi neilona melni 9 izm\u0113rs - versiegelung24.com","isPartOf":{"@id":"https:\/\/www.versiegelung24.com\/lv\/#website"},"primaryImageOfPage":{"@id":"https:\/\/www.versiegelung24.com\/lv\/arbeitshandschuhe-nylon-schwarz-groesse-9.html#primaryimage"},"image":{"@id":"https:\/\/www.versiegelung24.com\/lv\/arbeitshandschuhe-nylon-schwarz-groesse-9.html#primaryimage"},"thumbnailUrl":"https:\/\/www.versiegelung24.com\/wp-content\/uploads\/2024\/05\/nitril-oben.webp","datePublished":"2024-05-06T15:28:33+00:00","dateModified":"2025-01-13T16:08:36+00:00","breadcrumb":{"@id":"https:\/\/www.versiegelung24.com\/lv\/arbeitshandschuhe-nylon-schwarz-groesse-9.html#breadcrumb"},"inLanguage":"lv-LV","potentialAction":[{"@type":"ReadAction","target":["https:\/\/www.versiegelung24.com\/lv\/arbeitshandschuhe-nylon-schwarz-groesse-9.html"]}]},{"@type":"ImageObject","inLanguage":"lv-LV","@id":"https:\/\/www.versiegelung24.com\/lv\/arbeitshandschuhe-nylon-schwarz-groesse-9.html#primaryimage","url":"https:\/\/www.versiegelung24.com\/wp-content\/uploads\/2024\/05\/nitril-oben.webp","contentUrl":"https:\/\/www.versiegelung24.com\/wp-content\/uploads\/2024\/05\/nitril-oben.webp","width":2000,"height":2000},{"@type":"BreadcrumbList","@id":"https:\/\/www.versiegelung24.com\/lv\/arbeitshandschuhe-nylon-schwarz-groesse-9.html#breadcrumb","itemListElement":[{"@type":"ListItem","position":1,"name":"M\u0101jas lapa","item":"https:\/\/www.versiegelung24.com\/lv\/prieksejais\/"},{"@type":"ListItem","position":2,"name":"Veikals","item":"https:\/\/www.versiegelung24.com\/lv\/veikals\/"},{"@type":"ListItem","position":3,"name":"Darba cimdi neilona melni 9 izm\u0113rs"}]},{"@type":"WebSite","@id":"https:\/\/www.versiegelung24.com\/lv\/#website","url":"https:\/\/www.versiegelung24.com\/lv\/","name":"versiegelung24.com","description":"Fl\u00fcssigglas-Versiegelung - Made in Germany","publisher":{"@id":"https:\/\/www.versiegelung24.com\/lv\/#organization"},"potentialAction":[{"@type":"SearchAction","target":{"@type":"EntryPoint","urlTemplate":"https:\/\/www.versiegelung24.com\/lv\/?s={search_term_string}"},"query-input":{"@type":"PropertyValueSpecification","valueRequired":true,"valueName":"search_term_string"}}],"inLanguage":"lv-LV"},{"@type":"Organization","@id":"https:\/\/www.versiegelung24.com\/lv\/#organization","name":"versiegelung24","url":"https:\/\/www.versiegelung24.com\/lv\/","logo":{"@type":"ImageObject","inLanguage":"lv-LV","@id":"https:\/\/www.versiegelung24.com\/lv\/#\/schema\/logo\/image\/","url":"https:\/\/www.versiegelung24.com\/wp-content\/uploads\/2020\/04\/versiegelung24.png","contentUrl":"https:\/\/www.versiegelung24.com\/wp-content\/uploads\/2020\/04\/versiegelung24.png","width":470,"height":102,"caption":"versiegelung24"},"image":{"@id":"https:\/\/www.versiegelung24.com\/lv\/#\/schema\/logo\/image\/"}}]},"product_price_amount":"2.49","product_price_currency":"EUR","og_availability":"instock","product_availability":"instock","product_retailer_item_id":"V24-SB340-9","product_condition":"new"},"_links":{"self":[{"href":"https:\/\/www.versiegelung24.com\/lv\/wp-json\/wp\/v2\/product\/160935","targetHints":{"allow":["GET"]}}],"collection":[{"href":"https:\/\/www.versiegelung24.com\/lv\/wp-json\/wp\/v2\/product"}],"about":[{"href":"https:\/\/www.versiegelung24.com\/lv\/wp-json\/wp\/v2\/types\/product"}],"version-history":[{"count":4,"href":"https:\/\/www.versiegelung24.com\/lv\/wp-json\/wp\/v2\/product\/160935\/revisions"}],"predecessor-version":[{"id":180728,"href":"https:\/\/www.versiegelung24.com\/lv\/wp-json\/wp\/v2\/product\/160935\/revisions\/180728"}],"wp:featuredmedia":[{"embeddable":true,"href":"https:\/\/www.versiegelung24.com\/lv\/wp-json\/wp\/v2\/media\/161005"}],"wp:attachment":[{"href":"https:\/\/www.versiegelung24.com\/lv\/wp-json\/wp\/v2\/media?parent=160935"}],"wp:term":[{"taxonomy":"product_brand","embeddable":true,"href":"https:\/\/www.versiegelung24.com\/lv\/wp-json\/wp\/v2\/product_brand?post=160935"},{"taxonomy":"product_cat","embeddable":true,"href":"https:\/\/www.versiegelung24.com\/lv\/wp-json\/wp\/v2\/product_cat?post=160935"},{"taxonomy":"product_tag","embeddable":true,"href":"https:\/\/www.versiegelung24.com\/lv\/wp-json\/wp\/v2\/product_tag?post=160935"}],"curies":[{"name":"wp","href":"https:\/\/api.w.org\/{rel}","templated":true}]}}